

{"id":134311,"date":"2022-06-08T17:49:40","date_gmt":"2022-06-08T22:49:40","guid":{"rendered":"https:\/\/attra.ncat.org\/conectar\/"},"modified":"2024-07-10T12:54:21","modified_gmt":"2024-07-10T17:54:21","slug":"conectar","status":"publish","type":"page","link":"https:\/\/attra.ncat.org\/es\/conectar\/","title":{"rendered":"Con\u00e9ctate"},"content":{"rendered":"<div  class='flex_column av-pm06jqx-027d8e4215d5ff687c882bd0db8186cc av_one_full  avia-builder-el-0  el_before_av_section  avia-builder-el-no-sibling  first flex_column_div  '     ><style type=\"text\/css\" data-created_by=\"avia_inline_auto\" id=\"style-css-av-l466cnzj-78c87b141b519a7a78916399da670f32\">\n#top .av-special-heading.av-l466cnzj-78c87b141b519a7a78916399da670f32{\npadding-bottom:10px;\n}\nbody .av-special-heading.av-l466cnzj-78c87b141b519a7a78916399da670f32 .av-special-heading-tag .heading-char{\nfont-size:25px;\n}\n.av-special-heading.av-l466cnzj-78c87b141b519a7a78916399da670f32 .av-subheading{\nfont-size:15px;\n}\n<\/style>\n<div  class='av-special-heading av-l466cnzj-78c87b141b519a7a78916399da670f32 av-special-heading-h1 blockquote modern-quote  avia-builder-el-1  avia-builder-el-no-sibling  av-thin-font'><h1 class='av-special-heading-tag '  itemprop=\"headline\"  ><strong>Con\u00e9ctate<\/strong> con nosotros<\/h1><div class=\"special-heading-border\"><div class=\"special-heading-inner-border\"><\/div><\/div><\/div><\/div>\n<\/div><\/div><\/div><!-- close content main div --><\/div><\/div>\n<style type=\"text\/css\" data-created_by=\"avia_inline_auto\" id=\"style-css-av-w0p2115-35da4943db6d14df1bcc128f3fb489cb\">\n.avia-section.av-w0p2115-35da4943db6d14df1bcc128f3fb489cb{\nbackground-repeat:no-repeat;\nbackground-image:url(https:\/\/attra.ncat.org\/wp-content\/uploads\/2022\/06\/Untitled-design-2.png);\nbackground-position:50% 0%;\nbackground-attachment:scroll;\n}\n<\/style>\n<div id='av_section_1'  class='avia-section av-w0p2115-35da4943db6d14df1bcc128f3fb489cb main_color avia-section-default avia-no-border-styling  avia-builder-el-2  el_after_av_one_full  el_before_av_one_half  avia-bg-style-scroll container_wrap fullsize'  data-section-bg-repeat='no-repeat'><div class='container av-section-cont-open' ><div class='template-page content  av-content-full alpha units'><div class='post-entry post-entry-type-page post-entry-134311'><div class='entry-content-wrapper clearfix'>\n<div  class='flex_column av-ewbgkzd-b25da20b43d20a62532789cee19c0688 av_one_fourth  avia-builder-el-3  el_before_av_one_fourth  avia-builder-el-first  first flex_column_div  '     ><article  class='iconbox iconbox_top av-l4n1de5z-6cd1cbfacf50c564641d5e9a45c99203  avia-builder-el-4  avia-builder-el-no-sibling  main_color'  itemscope=\"itemscope\" itemtype=\"https:\/\/schema.org\/CreativeWork\" ><div class=\"iconbox_content\"><header class=\"entry-content-header\" aria-label=\"Icon: Eventos\"><a href='https:\/\/attra.ncat.org\/es\/eventos\/' title='Eventos' aria-label='Eventos'  class='iconbox_icon heading-color avia-iconfont avia-font-entypo-fontello' data-av_icon='\ue8d2' data-av_iconfont='entypo-fontello' title=\"Eventos\" desc=\"Eventos\" ><\/a><h3 class='iconbox_content_title '  itemprop=\"headline\" ><a href='https:\/\/attra.ncat.org\/es\/eventos\/' title='Eventos' >Eventos<\/a><\/h3><\/header><div class='iconbox_content_container '  itemprop=\"text\" ><p>\u00danete a un taller pr\u00e1ctico gratuito, a un seminario virtual, a una visita a una granja o a un evento de un socio. Guarde nuestro Calendario de Eventos para encontrar un pr\u00f3ximo evento sobre agricultura o energ\u00eda sostenible cerca de usted.<\/p>\n<\/div><\/div><footer class=\"entry-footer\"><\/footer><\/article><\/div><div  class='flex_column av-r50e9rt-dad09753db751fbce8ec7b86fd038834 av_one_fourth  avia-builder-el-5  el_after_av_one_fourth  el_before_av_one_fourth  flex_column_div  '     ><article  class='iconbox iconbox_top av-l4n14rxa-1e8f74a55c35c14dab2dc8a2f60fc1ad  avia-builder-el-6  avia-builder-el-no-sibling  main_color'  itemscope=\"itemscope\" itemtype=\"https:\/\/schema.org\/CreativeWork\" ><div class=\"iconbox_content\"><header class=\"entry-content-header\" aria-label=\"Icon: Pregunte a un experto en agricultura\"><a href='#askanag' title='Pregunte a un experto en agricultura' aria-label='Pregunte a un experto en agricultura'  class='iconbox_icon heading-color avia-iconfont avia-font-entypo-fontello' data-av_icon='\ue81c' data-av_iconfont='entypo-fontello' title=\"Pregunte a un experto en agricultura\" desc=\"Pregunte a un experto en agricultura\" ><\/a><h3 class='iconbox_content_title '  itemprop=\"headline\" ><a href='#askanag' title='Pregunte a un experto en agricultura' >Pregunte a un experto en agricultura<\/a><\/h3><\/header><div class='iconbox_content_container '  itemprop=\"text\" ><p>Nuestros expertos en agricultura sostenible est\u00e1n preparados para responder a sus preguntas, comentarios o preocupaciones. Obtenga asistencia t\u00e9cnica personalizada gratuita en el 1-800-346-9140, utilice la funci\u00f3n de chat o <a href=\"#askanag\">env\u00edenos un correo electr\u00f3nico<\/a>.<\/p>\n<\/div><\/div><footer class=\"entry-footer\"><\/footer><\/article><\/div><div  class='flex_column av-lz6rsop-4054e5f70694227c192353abe3ccb16c av_one_fourth  avia-builder-el-7  el_after_av_one_fourth  el_before_av_one_fourth  flex_column_div  '     ><article  class='iconbox iconbox_top av-l4n19xbi-801f321314e0ef0594ab197ba7c37e23  avia-builder-el-8  avia-builder-el-no-sibling  main_color'  itemscope=\"itemscope\" itemtype=\"https:\/\/schema.org\/CreativeWork\" ><div class=\"iconbox_content\"><header class=\"entry-content-header\" aria-label=\"Icon: Chat en el Foro\"><a href='https:\/\/attra.ncat.org\/forum\/' title='Chat en el Foro' aria-label='Chat en el Foro'  class='iconbox_icon heading-color avia-iconfont avia-font-entypo-fontello' data-av_icon='\ue80b' data-av_iconfont='entypo-fontello' title=\"Chat en el Foro\" desc=\"Chat en el Foro\" ><\/a><h3 class='iconbox_content_title '  itemprop=\"headline\" ><a href='https:\/\/attra.ncat.org\/forum\/' title='Chat en el Foro' >Chat en el Foro<\/a><\/h3><\/header><div class='iconbox_content_container '  itemprop=\"text\" ><p>Con\u00e9ctese con otros agricultores, ganaderos, administradores de tierras y expertos en agricultura sostenible de NCAT en el Foro. Encuentre respuestas a sus preguntas, obtenga nuevas ideas y comparta las mejores pr\u00e1cticas.<\/p>\n<\/div><\/div><footer class=\"entry-footer\"><\/footer><\/article><\/div><div  class='flex_column av-4c24xl-f6732ad23161e54579835ef6845762a7 av_one_fourth  avia-builder-el-9  el_after_av_one_fourth  avia-builder-el-last  flex_column_div  '     ><article  class='iconbox iconbox_top av-l4n1ft5o-5c2bce84acb4db6081161274bb0476a5  avia-builder-el-10  avia-builder-el-no-sibling  main_color'  itemscope=\"itemscope\" itemtype=\"https:\/\/schema.org\/CreativeWork\" ><div class=\"iconbox_content\"><header class=\"entry-content-header\" aria-label=\"Icon: Bolet\u00edn de noticias\"><a href='https:\/\/www3.thedatabank.com\/dpg\/427\/personal2.asp?formid=NCAT_ALL&#038;c=20220929120247231884' title='Bolet\u00edn de noticias' aria-label='Bolet\u00edn de noticias'  target=\"_blank\"  rel=\"noopener noreferrer\" class='iconbox_icon heading-color avia-iconfont avia-font-entypo-fontello' data-av_icon='\ue805' data-av_iconfont='entypo-fontello' title=\"Bolet\u00edn de noticias\" desc=\"Bolet\u00edn de noticias\" ><\/a><h3 class='iconbox_content_title '  itemprop=\"headline\" ><a href='https:\/\/www3.thedatabank.com\/dpg\/427\/personal2.asp?formid=NCAT_ALL&#038;c=20220929120247231884' title='Bolet\u00edn de noticias'  target=\"_blank\"  rel=\"noopener noreferrer\">Bolet\u00edn de noticias<\/a><\/h3><\/header><div class='iconbox_content_container '  itemprop=\"text\" ><p>Suscr\u00edbase <a href=\"https:\/\/www3.thedatabank.com\/dpg\/427\/personal2.asp?formid=NCAT_ALL&amp;c=20220929120247231884\" target=\"_blank\" rel=\"noopener\">al bolet\u00edn de Cosecha Mensual<\/a> para recibir las noticias m\u00e1s recientes sobre agricultura sostenible, eventos y oportunidades de financiaci\u00f3n directamente en su bandeja de entrada.<\/p>\n<\/div><\/div><footer class=\"entry-footer\"><\/footer><\/article><\/div>\n<\/div><\/div><\/div><!-- close content main div --><\/div><\/div><div id='after_section_1'  class='main_color av_default_container_wrap container_wrap fullsize'  ><div class='container av-section-cont-open' ><div class='template-page content  av-content-full alpha units'><div class='post-entry post-entry-type-page post-entry-134311'><div class='entry-content-wrapper clearfix'>\n<div  class='flex_column av-ku4ghmh-56251fcea48069d5574deedce67f5b3f av_one_half  avia-builder-el-11  el_after_av_section  el_before_av_one_half  avia-builder-el-first  first flex_column_div  '     ><p><div  class='av-social-sharing-box av-fks0oop-d4b6a33026de181fa8754da1884ebbba av-social-sharing-box-buttons  avia-builder-el-12  el_before_av_hr  avia-builder-el-first  av-social-sharing-box-color-bg av-social-sharing-box-fullwidth'><div class=\"av-share-box\"><ul class=\"av-share-box-list noLightbox\"><li class='av-share-link av-social-link-facebook avia_social_iconfont' ><a target=\"_blank\" aria-label=\"Link to Facebook\" href='https:\/\/www.facebook.com\/ATTRASustainableAg%20' data-av_icon='\ue8f3' data-av_iconfont='entypo-fontello'  title='' data-avia-related-tooltip='Link to Facebook'><span class='avia_hidden_link_text'>Link to Facebook<\/span><\/a><\/li><li class='av-share-link av-social-link-linkedin avia_social_iconfont' ><a target=\"_blank\" aria-label=\"Link to LinkedIn\" href='https:\/\/www.linkedin.com\/company\/national-center-for-appropriate-technology\/' data-av_icon='\ue8fc' data-av_iconfont='entypo-fontello'  title='' data-avia-related-tooltip='Link to LinkedIn'><span class='avia_hidden_link_text'>Link to LinkedIn<\/span><\/a><\/li><li class='av-share-link av-social-link-instagram avia_social_iconfont' ><a target=\"_blank\" aria-label=\"Link to Instagram\" href='https:\/\/www.instagram.com\/ncat_org' data-av_icon='\uf16d' data-av_iconfont='entypo-fontello'  title='' data-avia-related-tooltip='Link to Instagram'><span class='avia_hidden_link_text'>Link to Instagram<\/span><\/a><\/li><li class='av-share-link av-social-link-youtube avia_social_iconfont' ><a target=\"_blank\" aria-label=\"Link to Youtube\" href='https:\/\/www.youtube.com\/user\/NCATATTRA' data-av_icon='\uf16a' data-av_iconfont='entypo-fontello'  title='' data-avia-related-tooltip='Link to Youtube'><span class='avia_hidden_link_text'>Link to Youtube<\/span><\/a><\/li><\/ul><\/div><\/div><br \/>\n<div  class='hr av-dpzawc9-bd577a3dafcf6df1e17fb3bac78a5aa7 hr-default  avia-builder-el-13  el_after_av_social_share  el_before_av_heading '><span class='hr-inner '><span class=\"hr-inner-style\"><\/span><\/span><\/div><br \/>\n\n<style type=\"text\/css\" data-created_by=\"avia_inline_auto\" id=\"style-css-av-l466fjgv-8170731ece12354b9ea672e02b690cf7\">\n#top .av-special-heading.av-l466fjgv-8170731ece12354b9ea672e02b690cf7{\npadding-bottom:10px;\n}\nbody .av-special-heading.av-l466fjgv-8170731ece12354b9ea672e02b690cf7 .av-special-heading-tag .heading-char{\nfont-size:25px;\n}\n.av-special-heading.av-l466fjgv-8170731ece12354b9ea672e02b690cf7 .av-subheading{\nfont-size:15px;\n}\n<\/style>\n<div  class='av-special-heading av-l466fjgv-8170731ece12354b9ea672e02b690cf7 av-special-heading-h1 blockquote modern-quote  avia-builder-el-14  el_after_av_hr  el_before_av_codeblock  av-thin-font'><h1 class='av-special-heading-tag '  itemprop=\"headline\"  >Ap\u00fantate a la <strong>Cosecha Mensual<\/strong><\/h1><div class='av-subheading av-subheading_below'><p>Recibe las noticias <b>m\u00e1s recientes <\/b>, informaci\u00f3n sobre eventos y oportunidades de financiaci\u00f3n directamente en su bandeja de entrada cada mes.<\/p>\n<\/div><div class=\"special-heading-border\"><div class=\"special-heading-inner-border\"><\/div><\/div><\/div><br \/>\n<\/p><\/div><div  class='flex_column av-7gdsxdl-64b6387348fc9babe4b949aa01c7fead av_one_half  avia-builder-el-16  el_after_av_one_half  el_before_av_one_half  flex_column_div  '     ><style type=\"text\/css\" data-created_by=\"avia_inline_auto\" id=\"style-css-av-l466k6o7-c760da4a06c46193711498fcc77cabb4\">\n.avia-image-container.av-l466k6o7-c760da4a06c46193711498fcc77cabb4 img.avia_image{\nbox-shadow:none;\n}\n.avia-image-container.av-l466k6o7-c760da4a06c46193711498fcc77cabb4 .av-image-caption-overlay-center{\ncolor:#ffffff;\n}\n<\/style>\n<div  class='avia-image-container av-l466k6o7-c760da4a06c46193711498fcc77cabb4 av-styling- avia-align-center  avia-builder-el-17  avia-builder-el-no-sibling '   itemprop=\"image\" itemscope=\"itemscope\" itemtype=\"https:\/\/schema.org\/ImageObject\" ><div class=\"avia-image-container-inner\"><div class=\"avia-image-overlay-wrap\"><img decoding=\"async\" fetchpriority=\"high\" class='wp-image-123554 avia-img-lazy-loading-not-123554 avia_image ' src=\"https:\/\/attra.ncat.org\/wp-content\/uploads\/2022\/06\/Armed-to-Farm-Texas-Studebaker-Orchard-837x1030.png\" alt='' title='Armed to Farm Texas Studebaker Orchard'  height=\"1030\" width=\"837\"  itemprop=\"thumbnailUrl\" srcset=\"https:\/\/attra.ncat.org\/wp-content\/uploads\/2022\/06\/Armed-to-Farm-Texas-Studebaker-Orchard-837x1030.png 837w, https:\/\/attra.ncat.org\/wp-content\/uploads\/2022\/06\/Armed-to-Farm-Texas-Studebaker-Orchard-285x350.png 285w, https:\/\/attra.ncat.org\/wp-content\/uploads\/2022\/06\/Armed-to-Farm-Texas-Studebaker-Orchard-768x945.png 768w, https:\/\/attra.ncat.org\/wp-content\/uploads\/2022\/06\/Armed-to-Farm-Texas-Studebaker-Orchard-573x705.png 573w, https:\/\/attra.ncat.org\/wp-content\/uploads\/2022\/06\/Armed-to-Farm-Texas-Studebaker-Orchard.png 1125w\" sizes=\"(max-width: 837px) 100vw, 837px\" \/><\/div><\/div><\/div><\/div><\/p>\n<div  class='flex_column av-plw0iih-807fdb3d6dc2a988bc3732accf4af297 av_one_half  avia-builder-el-18  el_after_av_one_half  el_before_av_one_half  first flex_column_div  column-top-margin'     ><p>\n<style type=\"text\/css\" data-created_by=\"avia_inline_auto\" id=\"style-css-av-l4n4vtae-708fe4bc5d51d7ce9c696ed20944ed9f\">\n#top .av-special-heading.av-l4n4vtae-708fe4bc5d51d7ce9c696ed20944ed9f{\npadding-bottom:10px;\n}\nbody .av-special-heading.av-l4n4vtae-708fe4bc5d51d7ce9c696ed20944ed9f .av-special-heading-tag .heading-char{\nfont-size:25px;\n}\n.av-special-heading.av-l4n4vtae-708fe4bc5d51d7ce9c696ed20944ed9f .av-subheading{\nfont-size:15px;\n}\n<\/style>\n<div  id=\"askanag\"  class='av-special-heading av-l4n4vtae-708fe4bc5d51d7ce9c696ed20944ed9f av-special-heading-h1 blockquote modern-quote  avia-builder-el-19  el_before_av_contact  avia-builder-el-first '><h1 class='av-special-heading-tag '  itemprop=\"headline\"  >Pregunte a un <b>experto en agricultura<\/b><\/h1><div class='av-subheading av-subheading_below'><p>Tenga en cuenta que este formulario es para preguntas espec\u00edficas sobre agricultura sostenible. Estamos aqu\u00ed para ayudar y podemos ofrecer asistencia t\u00e9cnica personalizada sobre una amplia variedad de temas. No responderemos a las solicitudes de los medios de comunicaci\u00f3n.<\/p>\n<\/div><div class=\"special-heading-border\"><div class=\"special-heading-inner-border\"><\/div><\/div><\/div><br \/>\n<form action=\"https:\/\/attra.ncat.org\/es\/conectar\/\" method=\"post\" data-fields-with-error=\"Found errors in the following field(s):\" class=\"avia_ajax_form av-form-labels-visible   avia-builder-el-20  el_after_av_heading  avia-builder-el-last   \" data-avia-form-id=\"1\" data-avia-redirect='' ><h3 class=''>Obtenga asistencia t\u00e9cnica personalizada<\/h3><fieldset><p class='  first_form  form_element form_fullwidth' id='element_avia_1_1'><label for=\"avia_1_1\">Nombre <abbr class=\"required\" title=\"required\">*<\/abbr><\/label> <input name=\"avia_1_1\" class=\"text_input is_empty\" type=\"text\" id=\"avia_1_1\" value=\"\" \/><\/p><p class='  first_form  form_element form_fullwidth' id='element_avia_2_1'><label for=\"avia_2_1\">Apellido <abbr class=\"required\" title=\"required\">*<\/abbr><\/label> <input name=\"avia_2_1\" class=\"text_input is_empty\" type=\"text\" id=\"avia_2_1\" value=\"\" \/><\/p><p class='  first_form  form_element form_fullwidth' id='element_avia_3_1'><label for=\"avia_3_1\">Correo electr\u00f3nico <abbr class=\"required\" title=\"required\">*<\/abbr><\/label> <input name=\"avia_3_1\" class=\"text_input is_email\" type=\"text\" id=\"avia_3_1\" value=\"\" \/><\/p><p class='  first_form  form_element form_fullwidth' id='element_avia_4_1'><label for=\"avia_4_1\">Estado o territorio: <abbr class=\"required\" title=\"required\">*<\/abbr><\/label> <input name=\"avia_4_1\" class=\"text_input is_empty\" type=\"text\" id=\"avia_4_1\" value=\"\" \/><\/p><p class='  first_form  form_element form_fullwidth' id='element_avia_5_1'><label for=\"avia_5_1\">C\u00f3digo postal: <abbr class=\"required\" title=\"required\">*<\/abbr><\/label> <input name=\"avia_5_1\" class=\"text_input is_empty\" type=\"text\" id=\"avia_5_1\" value=\"\" \/><\/p><div id='avia_6_1' class='av-form-text'><p>\n<strong>\u00bfC\u00f3mo podemos ayudarte?<\/strong><\/p>\n<\/div><p class='  first_form  form_element form_fullwidth' id='element_avia_7_1'><label for=\"avia_7_1\" class=\"textare_label hidden textare_label_avia_7_1\">Mensaje: <abbr class=\"required\" title=\"required\">*<\/abbr><\/label><textarea  name=\"avia_7_1\" class=\"text_area is_empty\" cols=\"40\" rows=\"7\" id=\"avia_7_1\" ><\/textarea><\/p><p class=\"hidden\"><input type=\"text\" name=\"avia_8_1\" class=\"hidden \" id=\"avia_8_1\" value=\"\" \/><\/p><div id='avia_9_1' class='av-recaptcha-area  first_form  form_element form_fullwidth '  data-container_class=\"\" data-custom_class=\"\" data-context=\"av_contact_form\" data-token_input=\"av_recaptcha_token\" data-version=\"avia_recaptcha_v3\" data-theme=\"light\" data-size=\"normal\" data-score=\"0.5\" data-text_to_preview=\"\" data-value=\"\"><div class=\"av-google-badge-message hidden\">This site is protected by reCAPTCHA and the Google <a href=\"https:\/\/policies.google.com\/privacy\" target=\"_blank\" rel=\"noopener noreferrer\">Privacy Policy<\/a> and <a href=\"https:\/\/policies.google.com\/terms\" target=\"_blank\" rel=\"noopener noreferrer\">Terms of Service<\/a> apply.<\/div><\/div><p class=\"form_element \"><input type=\"hidden\" value=\"1\" name=\"avia_generated_form1\" \/><input type=\"submit\" value=\"Obtenga ayuda\" class=\"button\"  data-sending-label=\"Sending\"\/><\/p><\/fieldset><div class=\"avia-disabled-form\">This contact form is deactivated because you refused to accept Google reCaptcha service which is necessary to validate any messages sent by the form.<\/div><\/form><div id=\"ajaxresponse_1\" class=\"ajaxresponse ajaxresponse_1 hidden\"><\/div><\/p><\/div>\n<div  class='flex_column av-7exes55-2b738a85b390f59246e5a27721131be3 av_one_half  avia-builder-el-21  el_after_av_one_half  avia-builder-el-last  flex_column_div  column-top-margin'     ><style type=\"text\/css\" data-created_by=\"avia_inline_auto\" id=\"style-css-av-l4n8n008-e70b12c93c202f11a4f169d11e883399\">\n.avia-image-container.av-l4n8n008-e70b12c93c202f11a4f169d11e883399 img.avia_image{\nbox-shadow:none;\n}\n.avia-image-container.av-l4n8n008-e70b12c93c202f11a4f169d11e883399 .av-image-caption-overlay-center{\ncolor:#ffffff;\n}\n<\/style>\n<div  class='avia-image-container av-l4n8n008-e70b12c93c202f11a4f169d11e883399 av-styling- avia-align-center  avia-builder-el-22  avia-builder-el-no-sibling '   itemprop=\"image\" itemscope=\"itemscope\" itemtype=\"https:\/\/schema.org\/ImageObject\" ><div class=\"avia-image-container-inner\"><div class=\"avia-image-overlay-wrap\"><img decoding=\"async\" fetchpriority=\"high\" class='wp-image-123555 avia-img-lazy-loading-not-123555 avia_image ' src=\"https:\/\/attra.ncat.org\/wp-content\/uploads\/2022\/06\/Justin-Duncan-two-farmers-Armed-to-Farm-845x684.jpg\" alt='' title='Justin Duncan, two farmers, Armed to Farm'  height=\"684\" width=\"845\"  itemprop=\"thumbnailUrl\" srcset=\"https:\/\/attra.ncat.org\/wp-content\/uploads\/2022\/06\/Justin-Duncan-two-farmers-Armed-to-Farm-845x684.jpg 845w, https:\/\/attra.ncat.org\/wp-content\/uploads\/2022\/06\/Justin-Duncan-two-farmers-Armed-to-Farm-495x400.jpg 495w\" sizes=\"(max-width: 845px) 100vw, 845px\" \/><\/div><\/div><\/div><\/div>\n","protected":false},"excerpt":{"rendered":"","protected":false},"author":1,"featured_media":123555,"parent":0,"menu_order":0,"comment_status":"closed","ping_status":"closed","template":"","meta":{"_acf_changed":false,"_price":"","_stock":"","_tribe_ticket_header":"","_tribe_default_ticket_provider":"","_tribe_ticket_capacity":"0","_ticket_start_date":"","_ticket_end_date":"","_tribe_ticket_show_description":"","_tribe_ticket_show_not_going":false,"_tribe_ticket_use_global_stock":"","_tribe_ticket_global_stock_level":"","_global_stock_mode":"","_global_stock_cap":"","_tribe_rsvp_for_event":"","_tribe_ticket_going_count":"","_tribe_ticket_not_going_count":"","_tribe_tickets_list":"[]","_tribe_ticket_has_attendee_info_fields":false,"footnotes":"","beyondwords_generate_audio":"0","beyondwords_integration_method":"","beyondwords_project_id":"","beyondwords_content_id":"","beyondwords_preview_token":"","beyondwords_player_content":"","beyondwords_player_style":"","beyondwords_language_code":"","beyondwords_language_id":"","beyondwords_title_voice_id":"","beyondwords_body_voice_id":"","beyondwords_summary_voice_id":"","beyondwords_error_message":"","beyondwords_disabled":"","beyondwords_delete_content":"","beyondwords_podcast_id":"","beyondwords_hash":"","publish_post_to_speechkit":"","speechkit_hash":"","speechkit_generate_audio":"","speechkit_project_id":"","speechkit_podcast_id":"","speechkit_error_message":"","speechkit_disabled":"","speechkit_access_key":"","speechkit_error":"","speechkit_info":"","speechkit_response":"","speechkit_retries":"","speechkit_status":"","speechkit_updated_at":"","_speechkit_link":"","_speechkit_text":"","_tec_slr_enabled":"","_tec_slr_layout":""},"categories":[],"tags":[],"class_list":["post-134311","page","type-page","status-publish","has-post-thumbnail","hentry"],"acf":[],"publishpress_future_workflow_manual_trigger":{"enabledWorkflows":[]},"distributor_meta":false,"distributor_terms":false,"distributor_media":false,"distributor_original_site_name":"ATTRA - Agricultura Sustentable","distributor_original_site_url":"https:\/\/attra.ncat.org\/es\/","push-errors":false,"ticketed":false,"_links":{"self":[{"href":"https:\/\/attra.ncat.org\/es\/wp-json\/wp\/v2\/pages\/134311","targetHints":{"allow":["GET"]}}],"collection":[{"href":"https:\/\/attra.ncat.org\/es\/wp-json\/wp\/v2\/pages"}],"about":[{"href":"https:\/\/attra.ncat.org\/es\/wp-json\/wp\/v2\/types\/page"}],"author":[{"embeddable":true,"href":"https:\/\/attra.ncat.org\/es\/wp-json\/wp\/v2\/users\/1"}],"replies":[{"embeddable":true,"href":"https:\/\/attra.ncat.org\/es\/wp-json\/wp\/v2\/comments?post=134311"}],"version-history":[{"count":28,"href":"https:\/\/attra.ncat.org\/es\/wp-json\/wp\/v2\/pages\/134311\/revisions"}],"predecessor-version":[{"id":166824,"href":"https:\/\/attra.ncat.org\/es\/wp-json\/wp\/v2\/pages\/134311\/revisions\/166824"}],"wp:featuredmedia":[{"embeddable":true,"href":"https:\/\/attra.ncat.org\/es\/wp-json\/wp\/v2\/media\/123555"}],"wp:attachment":[{"href":"https:\/\/attra.ncat.org\/es\/wp-json\/wp\/v2\/media?parent=134311"}],"wp:term":[{"taxonomy":"category","embeddable":true,"href":"https:\/\/attra.ncat.org\/es\/wp-json\/wp\/v2\/categories?post=134311"},{"taxonomy":"post_tag","embeddable":true,"href":"https:\/\/attra.ncat.org\/es\/wp-json\/wp\/v2\/tags?post=134311"}],"curies":[{"name":"wp","href":"https:\/\/api.w.org\/{rel}","templated":true}]}}