

{"id":134350,"date":"2021-07-21T22:15:20","date_gmt":"2021-07-22T03:15:20","guid":{"rendered":"https:\/\/attra.ncat.org\/donar\/"},"modified":"2023-11-06T14:49:15","modified_gmt":"2023-11-06T20:49:15","slug":"donar","status":"publish","type":"page","link":"https:\/\/attra.ncat.org\/es\/donar\/","title":{"rendered":"Donar"},"content":{"rendered":"<div  class='flex_column av-uhux-a5ab8feeebb931eea6975aa3db7acfff av_one_full  avia-builder-el-0  el_before_av_three_fifth  avia-builder-el-first  first flex_column_div  '     ><style type=\"text\/css\" data-created_by=\"avia_inline_auto\" id=\"style-css-av-kredmucy-1fe9cc69278d5790faef3e30ba5ee881\">\n.av-horizontal-gallery.av-kredmucy-1fe9cc69278d5790faef3e30ba5ee881 .av-horizontal-gallery-inner{\npadding-bottom:25%;\n}\n<\/style>\n<div  class='av-horizontal-gallery av-kredmucy-1fe9cc69278d5790faef3e30ba5ee881 av-horizontal-gallery-1px-gap av-horizontal-gallery--effect  avia-builder-el-1  avia-builder-el-no-sibling  av-slideshow-ui av-control-hidden av-no-slider-navigation av-hide-nav-arrows av-slideshow-manual av-loop-once av-loop-manual-endless av-horizontal-gallery-1' data-slideshow-data=\"{&quot;animation&quot;:&quot;slide&quot;,&quot;autoplay&quot;:false,&quot;loop_autoplay&quot;:&quot;once&quot;,&quot;interval&quot;:5,&quot;loop_manual&quot;:&quot;manual-endless&quot;,&quot;autoplay_stopper&quot;:false,&quot;noNavigation&quot;:true,&quot;bg_slider&quot;:false,&quot;keep_padding&quot;:&quot;&quot;,&quot;hoverpause&quot;:false,&quot;show_slide_delay&quot;:0}\"  itemprop=\"image\" itemscope=\"itemscope\" itemtype=\"https:\/\/schema.org\/ImageObject\" ><div class='avia-slideshow-arrows avia-slideshow-controls' ><a href='#prev' class='prev-slide av-horizontal-gallery-prev avia-svg-icon avia-font-svg_entypo-fontello' data-av_svg_icon='left-open-big' data-av_iconset='svg_entypo-fontello' tabindex='-1' title=\"Previous\"><svg version=\"1.1\" xmlns=\"http:\/\/www.w3.org\/2000\/svg\" width=\"15\" height=\"32\" viewBox=\"0 0 15 32\" preserveAspectRatio=\"xMidYMid meet\" aria-labelledby='av-svg-title-1' aria-describedby='av-svg-desc-1' role=\"graphics-symbol\" aria-hidden=\"true\">\n<title id='av-svg-title-1'>Previous<\/title>\n<desc id='av-svg-desc-1'>Previous<\/desc>\n<path d=\"M14.464 27.84q0.832 0.832 0 1.536-0.832 0.832-1.536 0l-12.544-12.608q-0.768-0.768 0-1.6l12.544-12.608q0.704-0.832 1.536 0 0.832 0.704 0 1.536l-11.456 11.904z\"><\/path>\n<\/svg><span class='avia_hidden_link_text'>Previous<\/span><\/a><a href='#next' class='next-slide av-horizontal-gallery-next avia-svg-icon avia-font-svg_entypo-fontello' data-av_svg_icon='right-open-big' data-av_iconset='svg_entypo-fontello' tabindex='-1' title=\"Next\"><svg version=\"1.1\" xmlns=\"http:\/\/www.w3.org\/2000\/svg\" width=\"15\" height=\"32\" viewBox=\"0 0 15 32\" preserveAspectRatio=\"xMidYMid meet\" aria-labelledby='av-svg-title-2' aria-describedby='av-svg-desc-2' role=\"graphics-symbol\" aria-hidden=\"true\">\n<title id='av-svg-title-2'>Next<\/title>\n<desc id='av-svg-desc-2'>Next<\/desc>\n<path d=\"M0.416 27.84l11.456-11.84-11.456-11.904q-0.832-0.832 0-1.536 0.832-0.832 1.536 0l12.544 12.608q0.768 0.832 0 1.6l-12.544 12.608q-0.704 0.832-1.536 0-0.832-0.704 0-1.536z\"><\/path>\n<\/svg><span class='avia_hidden_link_text'>Next<\/span><\/a><\/div><div class='avia-slideshow-dots avia-slideshow-controls av-horizontal-gallery-dots fade-in'><a href='#1' class='goto-slide active' >1<\/a><a href='#2' class='goto-slide ' >2<\/a><a href='#3' class='goto-slide ' >3<\/a><\/div><div class='av-horizontal-gallery-inner' data-av-height='25'><div class=\"av-horizontal-gallery-slider\"><div class=\"av-horizontal-gallery-wrap noHover\"><img decoding=\"async\" fetchpriority=\"high\" class='wp-image-124664 avia-img-lazy-loading-not-124664 av-horizontal-gallery-img' width=\"495\" height=\"400\" src=\"https:\/\/attra.ncat.org\/wp-content\/uploads\/2022\/07\/50516782063_a3bdc8d274_k-495x400.jpg\" title='50516782063_a3bdc8d274_k' alt='Young child digging in the soil of his family&#039;s farm' srcset=\"https:\/\/attra.ncat.org\/wp-content\/uploads\/2022\/07\/50516782063_a3bdc8d274_k-495x400.jpg 495w, https:\/\/attra.ncat.org\/wp-content\/uploads\/2022\/07\/50516782063_a3bdc8d274_k-845x684.jpg 845w\" sizes=\"(max-width: 495px) 100vw, 495px\" \/><a href=\"https:\/\/attra.ncat.org\/wp-content\/uploads\/2022\/07\/50516782063_a3bdc8d274_k-1030x687.jpg\" data-srcset=\"https:\/\/attra.ncat.org\/wp-content\/uploads\/2022\/07\/50516782063_a3bdc8d274_k-1030x687.jpg 1030w, https:\/\/attra.ncat.org\/wp-content\/uploads\/2022\/07\/50516782063_a3bdc8d274_k-350x233.jpg 350w, https:\/\/attra.ncat.org\/wp-content\/uploads\/2022\/07\/50516782063_a3bdc8d274_k-768x512.jpg 768w, https:\/\/attra.ncat.org\/wp-content\/uploads\/2022\/07\/50516782063_a3bdc8d274_k-1536x1025.jpg 1536w, https:\/\/attra.ncat.org\/wp-content\/uploads\/2022\/07\/50516782063_a3bdc8d274_k-1500x1000.jpg 1500w, https:\/\/attra.ncat.org\/wp-content\/uploads\/2022\/07\/50516782063_a3bdc8d274_k-705x470.jpg 705w, https:\/\/attra.ncat.org\/wp-content\/uploads\/2022\/07\/50516782063_a3bdc8d274_k.jpg 2048w\" data-sizes=\"(max-width: 1030px) 100vw, 1030px\" class='av-horizontal-gallery-link avia-svg-icon avia-font-svg_entypo-fontello' data-av_svg_icon='resize-full' data-av_iconset='svg_entypo-fontello' title='50516782063_a3bdc8d274_k' alt='Young child digging in the soil of his family&#039;s farm' aria-label='Open image in lightbox: 50516782063_a3bdc8d274_k'><svg version=\"1.1\" xmlns=\"http:\/\/www.w3.org\/2000\/svg\" width=\"25\" height=\"32\" viewBox=\"0 0 25 32\" preserveAspectRatio=\"xMidYMid meet\" aria-labelledby='av-svg-title-3' aria-describedby='av-svg-desc-3' role=\"graphics-symbol\" aria-hidden=\"true\">\n<title id='av-svg-title-3'>Open image in lightbox: 50516782063_a3bdc8d274_k<\/title>\n<desc id='av-svg-desc-3'>Open image in lightbox: 50516782063_a3bdc8d274_k<\/desc>\n<path d=\"M15.232 3.328h10.112v10.112l-3.2-3.968-4.672 4.864-3.2-3.2 4.864-4.672zM7.872 17.536l3.2 3.2-4.864 4.672 3.904 3.2h-10.112v-10.112l3.2 3.904z\"><\/path>\n<\/svg><\/a><\/div><div class=\"av-horizontal-gallery-wrap noHover\"><img decoding=\"async\" fetchpriority=\"high\" class='wp-image-124668 avia-img-lazy-loading-not-124668 av-horizontal-gallery-img' width=\"495\" height=\"400\" src=\"https:\/\/attra.ncat.org\/wp-content\/uploads\/2022\/07\/asha-with-goat-cropped-495x400.jpg\" title='asha-with-goat-cropped' alt='NCAT Specialist Asha Tillman with a goat' srcset=\"https:\/\/attra.ncat.org\/wp-content\/uploads\/2022\/07\/asha-with-goat-cropped-495x400.jpg 495w, https:\/\/attra.ncat.org\/wp-content\/uploads\/2022\/07\/asha-with-goat-cropped-845x684.jpg 845w\" sizes=\"(max-width: 495px) 100vw, 495px\" \/><a href=\"https:\/\/attra.ncat.org\/wp-content\/uploads\/2022\/07\/asha-with-goat-cropped-843x1030.jpg\" data-srcset=\"https:\/\/attra.ncat.org\/wp-content\/uploads\/2022\/07\/asha-with-goat-cropped-843x1030.jpg 843w, https:\/\/attra.ncat.org\/wp-content\/uploads\/2022\/07\/asha-with-goat-cropped-287x350.jpg 287w, https:\/\/attra.ncat.org\/wp-content\/uploads\/2022\/07\/asha-with-goat-cropped-768x938.jpg 768w, https:\/\/attra.ncat.org\/wp-content\/uploads\/2022\/07\/asha-with-goat-cropped-1258x1536.jpg 1258w, https:\/\/attra.ncat.org\/wp-content\/uploads\/2022\/07\/asha-with-goat-cropped-1677x2048.jpg 1677w, https:\/\/attra.ncat.org\/wp-content\/uploads\/2022\/07\/asha-with-goat-cropped-1228x1500.jpg 1228w, https:\/\/attra.ncat.org\/wp-content\/uploads\/2022\/07\/asha-with-goat-cropped-577x705.jpg 577w, https:\/\/attra.ncat.org\/wp-content\/uploads\/2022\/07\/asha-with-goat-cropped.jpg 1686w\" data-sizes=\"(max-width: 843px) 100vw, 843px\" class='av-horizontal-gallery-link avia-svg-icon avia-font-svg_entypo-fontello' data-av_svg_icon='resize-full' data-av_iconset='svg_entypo-fontello' title='asha-with-goat-cropped' alt='NCAT Specialist Asha Tillman with a goat' aria-label='Open image in lightbox: asha-with-goat-cropped'><svg version=\"1.1\" xmlns=\"http:\/\/www.w3.org\/2000\/svg\" width=\"25\" height=\"32\" viewBox=\"0 0 25 32\" preserveAspectRatio=\"xMidYMid meet\" aria-labelledby='av-svg-title-4' aria-describedby='av-svg-desc-4' role=\"graphics-symbol\" aria-hidden=\"true\">\n<title id='av-svg-title-4'>Open image in lightbox: asha-with-goat-cropped<\/title>\n<desc id='av-svg-desc-4'>Open image in lightbox: asha-with-goat-cropped<\/desc>\n<path d=\"M15.232 3.328h10.112v10.112l-3.2-3.968-4.672 4.864-3.2-3.2 4.864-4.672zM7.872 17.536l3.2 3.2-4.864 4.672 3.904 3.2h-10.112v-10.112l3.2 3.904z\"><\/path>\n<\/svg><\/a><\/div><div class=\"av-horizontal-gallery-wrap noHover\"><img decoding=\"async\" fetchpriority=\"high\" class='wp-image-124666 avia-img-lazy-loading-not-124666 av-horizontal-gallery-img' width=\"495\" height=\"400\" src=\"https:\/\/attra.ncat.org\/wp-content\/uploads\/2022\/07\/sheep-in-cradle-Lauren-holding-hoof-wide-shot-495x400.jpg\" title='sheep-in-cradle---Lauren-holding-hoof-wide-shot' alt='A rancher holds a sheep in a cradle during a women and livestock training by NCAT' srcset=\"https:\/\/attra.ncat.org\/wp-content\/uploads\/2022\/07\/sheep-in-cradle-Lauren-holding-hoof-wide-shot-495x400.jpg 495w, https:\/\/attra.ncat.org\/wp-content\/uploads\/2022\/07\/sheep-in-cradle-Lauren-holding-hoof-wide-shot-845x684.jpg 845w\" sizes=\"(max-width: 495px) 100vw, 495px\" \/><a href=\"https:\/\/attra.ncat.org\/wp-content\/uploads\/2022\/07\/sheep-in-cradle-Lauren-holding-hoof-wide-shot-1030x687.jpg\" data-srcset=\"https:\/\/attra.ncat.org\/wp-content\/uploads\/2022\/07\/sheep-in-cradle-Lauren-holding-hoof-wide-shot-1030x687.jpg 1030w, https:\/\/attra.ncat.org\/wp-content\/uploads\/2022\/07\/sheep-in-cradle-Lauren-holding-hoof-wide-shot-350x233.jpg 350w, https:\/\/attra.ncat.org\/wp-content\/uploads\/2022\/07\/sheep-in-cradle-Lauren-holding-hoof-wide-shot-768x512.jpg 768w, https:\/\/attra.ncat.org\/wp-content\/uploads\/2022\/07\/sheep-in-cradle-Lauren-holding-hoof-wide-shot-1536x1024.jpg 1536w, https:\/\/attra.ncat.org\/wp-content\/uploads\/2022\/07\/sheep-in-cradle-Lauren-holding-hoof-wide-shot-2048x1365.jpg 2048w, https:\/\/attra.ncat.org\/wp-content\/uploads\/2022\/07\/sheep-in-cradle-Lauren-holding-hoof-wide-shot-1500x1000.jpg 1500w, https:\/\/attra.ncat.org\/wp-content\/uploads\/2022\/07\/sheep-in-cradle-Lauren-holding-hoof-wide-shot-705x470.jpg 705w\" data-sizes=\"(max-width: 1030px) 100vw, 1030px\" class='av-horizontal-gallery-link avia-svg-icon avia-font-svg_entypo-fontello' data-av_svg_icon='resize-full' data-av_iconset='svg_entypo-fontello' title='sheep-in-cradle---Lauren-holding-hoof-wide-shot' alt='A rancher holds a sheep in a cradle during a women and livestock training by NCAT' aria-label='Open image in lightbox: sheep-in-cradle---Lauren-holding-hoof-wide-shot'><svg version=\"1.1\" xmlns=\"http:\/\/www.w3.org\/2000\/svg\" width=\"25\" height=\"32\" viewBox=\"0 0 25 32\" preserveAspectRatio=\"xMidYMid meet\" aria-labelledby='av-svg-title-5' aria-describedby='av-svg-desc-5' role=\"graphics-symbol\" aria-hidden=\"true\">\n<title id='av-svg-title-5'>Open image in lightbox: sheep-in-cradle---Lauren-holding-hoof-wide-shot<\/title>\n<desc id='av-svg-desc-5'>Open image in lightbox: sheep-in-cradle---Lauren-holding-hoof-wide-shot<\/desc>\n<path d=\"M15.232 3.328h10.112v10.112l-3.2-3.968-4.672 4.864-3.2-3.2 4.864-4.672zM7.872 17.536l3.2 3.2-4.864 4.672 3.904 3.2h-10.112v-10.112l3.2 3.904z\"><\/path>\n<\/svg><\/a><\/div><\/div><\/div><\/div><\/div>\n\n<style type=\"text\/css\" data-created_by=\"avia_inline_auto\" id=\"style-css-av-81ti9-f590226954a032a23b2cf74f561924a8\">\n.flex_column.av-81ti9-f590226954a032a23b2cf74f561924a8{\nborder-radius:0px 0px 0px 0px;\npadding:0px 0px 0px 0px;\n}\n<\/style>\n<div  class='flex_column av-81ti9-f590226954a032a23b2cf74f561924a8 av_three_fifth  avia-builder-el-2  el_after_av_one_full  el_before_av_two_fifth  first flex_column_div av-zero-column-padding  column-top-margin'     ><p>\n<style type=\"text\/css\" data-created_by=\"avia_inline_auto\" id=\"style-css-av-krecdey3-0c2b56df9302cf05d330042182f19df0\">\n#top .av-special-heading.av-krecdey3-0c2b56df9302cf05d330042182f19df0{\npadding-bottom:10px;\n}\nbody .av-special-heading.av-krecdey3-0c2b56df9302cf05d330042182f19df0 .av-special-heading-tag .heading-char{\nfont-size:25px;\n}\n.av-special-heading.av-krecdey3-0c2b56df9302cf05d330042182f19df0 .av-subheading{\nfont-size:15px;\n}\n<\/style>\n<div  class='av-special-heading av-krecdey3-0c2b56df9302cf05d330042182f19df0 av-special-heading-h1 blockquote modern-quote  avia-builder-el-3  el_before_av_textblock  avia-builder-el-first  av-thin-font'><h1 class='av-special-heading-tag '  itemprop=\"headline\"  ><strong>Apoye a<\/strong> ATTRA<\/h1><div class=\"special-heading-border\"><div class=\"special-heading-inner-border\"><\/div><\/div><\/div><br \/>\n<section  class='av_textblock_section av-krecbz0c-0f6460449263e3dd1e14d6183e7cd170 '   itemscope=\"itemscope\" itemtype=\"https:\/\/schema.org\/CreativeWork\" ><div class='avia_textblock'  itemprop=\"text\" ><p>Su donaci\u00f3n al Centro Nacional de Tecnolog\u00eda Apropiada (NCAT) apoya directamente nuestro trabajo como conector pr\u00e1ctico y de confianza para individuos, empresas y agencias que trabajan para dejar nuestro mundo mejor de lo que lo encontramos. Gracias por unirse a nosotros en esta labor fundamental.<\/p>\n<p>A trav\u00e9s de su donaci\u00f3n deducible de impuestos, usted est\u00e1 ayudando a las personas a construir comunidades resistentes a trav\u00e9s de soluciones locales y sostenibles que reducen la pobreza, fortalecen la autosuficiencia y protegen los recursos naturales.<\/p>\n<p>Las donaciones no restringidas se utilizan para ampliar cualquiera de nuestros programas, y como tales son especialmente importantes para NCAT. Tambi\u00e9n puede elegir restringir su donaci\u00f3n a un programa espec\u00edfico como <a href=\"https:\/\/attra.ncat.org\/es\/\">ATTRA Agricultura Sostenible<\/a>, <a href=\"https:\/\/www.agrisolarclearinghouse.org\/\">AgriSolar Clearinghouse<\/a>, <a href=\"https:\/\/www.armedtofarm.org\/\">De Militar a Cultivar<\/a>, <a href=\"https:\/\/soilforwater.org\/\">Suelo para Agua<\/a>, o cualquier otro programa espec\u00edfico que ofrezca NCAT.<\/p>\n<p>Puede hacer un regalo en l\u00ednea hoy mismo, elegir que ese regalo sea recurrente a trav\u00e9s de nuestro formulario en l\u00ednea, o enviar un regalo directamente a:<\/p>\n<blockquote>\n<p>Centro Nacional de Tecnolog\u00eda Apropiada<br \/>\n3040 Continental Drive<br \/>\nApartado de correos 3838<br \/>\nButte, MT 59702<\/p>\n<\/blockquote>\n<p>No olvides que tu empresa o la empresa de la que te has jubilado pueden igualar tu donaci\u00f3n. Puede informarse sobre el programa de donaciones de contrapartida de su empresa visitando <a href=\"https:\/\/www.charitynavigator.org\/index.cfm?bay=content.view&amp;cpid=1799\">Charity Navigator<\/a> o preguntando a su departamento de recursos humanos.<\/p>\n<p>Adem\u00e1s de las donaciones anuales y las asociaciones, usted puede ayudar a apoyar a NCAT a trav\u00e9s de una donaci\u00f3n libre de impuestos de su IRA, acciones, propiedades donadas o una donaci\u00f3n de patrimonio. Para m\u00e1s informaci\u00f3n, p\u00f3ngase en contacto con Elizabeth Young, Directora de Desarrollo, en <a href=\"mailto:elizabethy@ncat.org\">elizabethy@ncat.org<\/a> o en el 870-918-1740, o visite nuestra <a href=\"https:\/\/ncat.plannedgiving.org\/\">p\u00e1gina de donaciones planificadas<\/a>.<\/p>\n<p><em>El Centro Nacional de Tecnolog\u00eda Apropiada (NCAT) es una organizaci\u00f3n sin fines de lucro de categor\u00eda 501(c)(3). Nuestro EIN es 81-0361047.<\/em><\/p>\n<\/div><\/section><\/p><\/div>\n<style type=\"text\/css\" data-created_by=\"avia_inline_auto\" id=\"style-css-av-d32yx-1923bad64d5640e5060bd656dbbaf0cd\">\n.flex_column.av-d32yx-1923bad64d5640e5060bd656dbbaf0cd{\nborder-radius:0px 0px 0px 0px;\npadding:0px 0px 0px 0px;\n}\n<\/style>\n<div  class='flex_column av-d32yx-1923bad64d5640e5060bd656dbbaf0cd av_two_fifth  avia-builder-el-5  el_after_av_three_fifth  el_before_av_hr  flex_column_div av-zero-column-padding  column-top-margin'     ><\/div><\/p>\n<div  class='hr av-9nmix-ad0c082369537a023d25e592a858f18e hr-default  avia-builder-el-7  el_after_av_two_fifth  el_before_av_one_full '><span class='hr-inner '><span class=\"hr-inner-style\"><\/span><\/span><\/div>\n<div  class='flex_column av-2mtg1-34d785c524f823b498502627cb74c38e av_one_full  avia-builder-el-8  el_after_av_hr  el_before_av_one_third  first flex_column_div  '     ><style type=\"text\/css\" data-created_by=\"avia_inline_auto\" id=\"style-css-av-l63s0t3x-86bb1f0dcf3c5eb0cd25793177bd20e0\">\n#top .av-special-heading.av-l63s0t3x-86bb1f0dcf3c5eb0cd25793177bd20e0{\npadding-bottom:10px;\n}\nbody .av-special-heading.av-l63s0t3x-86bb1f0dcf3c5eb0cd25793177bd20e0 .av-special-heading-tag .heading-char{\nfont-size:25px;\n}\n.av-special-heading.av-l63s0t3x-86bb1f0dcf3c5eb0cd25793177bd20e0 .av-subheading{\nfont-size:15px;\n}\n<\/style>\n<div  class='av-special-heading av-l63s0t3x-86bb1f0dcf3c5eb0cd25793177bd20e0 av-special-heading-h2 blockquote modern-quote  avia-builder-el-9  avia-builder-el-no-sibling  av-thin-font'><h2 class='av-special-heading-tag '  itemprop=\"headline\"  >Descubra los beneficios de <strong>dar con sabidur\u00eda<\/strong><\/h2><div class=\"special-heading-border\"><div class=\"special-heading-inner-border\"><\/div><\/div><\/div><\/div>\n<div  class='flex_column av-jbg4p-9614dff7c2f482111fde1e1057f0b626 av_one_third  avia-builder-el-10  el_after_av_one_full  el_before_av_one_third  first flex_column_div  column-top-margin'     ><article  class='iconbox iconbox_top av-l63s5jrb-4709c8d4e1920f437e2fbd24683a06f1  avia-builder-el-11  avia-builder-el-no-sibling  main_color'  itemscope=\"itemscope\" itemtype=\"https:\/\/schema.org\/CreativeWork\" ><div class=\"iconbox_content\"><header class=\"entry-content-header\" aria-label=\"Icon: Donaciones planificadas\"><a href='https:\/\/ncat.plannedgiving.org\/' title='Donaciones planificadas' aria-label='Donaciones planificadas'  class='iconbox_icon heading-color avia-iconfont avia-font-entypo-fontello' data-av_icon='\ue866' data-av_iconfont='entypo-fontello' title=\"Donaciones planificadas\" desc=\"Donaciones planificadas\" ><\/a><h3 class='iconbox_content_title '  itemprop=\"headline\" ><a href='https:\/\/ncat.plannedgiving.org\/' title='Donaciones planificadas' >Donaciones planificadas<\/a><\/h3><\/header><div class='iconbox_content_container '  itemprop=\"text\" ><p>Una donaci\u00f3n planificada es una inversi\u00f3n que le sobrevive y crea un impacto duradero para NCAT y todos aquellos a los que servimos.<\/p>\n<\/div><\/div><footer class=\"entry-footer\"><\/footer><\/article><\/div>\n<div  class='flex_column av-hs6xl-49ccac77e217adfe65a889965fc83a74 av_one_third  avia-builder-el-12  el_after_av_one_third  el_before_av_one_third  flex_column_div  column-top-margin'     ><article  class='iconbox iconbox_top av-l63s6g87-f9c585d3aec9893cc0dd36113428f053  avia-builder-el-13  avia-builder-el-no-sibling  main_color'  itemscope=\"itemscope\" itemtype=\"https:\/\/schema.org\/CreativeWork\" ><div class=\"iconbox_content\"><header class=\"entry-content-header\" aria-label=\"Icon: Legados\"><a href='https:\/\/ncat.plannedgiving.org\/ncat\/articles\/6.html' title='Legados' aria-label='Legados'  class='iconbox_icon heading-color avia-iconfont avia-font-entypo-fontello' data-av_icon='\ue866' data-av_iconfont='entypo-fontello' title=\"Legados\" desc=\"Legados\" ><\/a><h3 class='iconbox_content_title '  itemprop=\"headline\" ><a href='https:\/\/ncat.plannedgiving.org\/ncat\/articles\/6.html' title='Legados' >Legados<\/a><\/h3><\/header><div class='iconbox_content_container '  itemprop=\"text\" ><p>Haznos parte de tu familia. Una donaci\u00f3n a trav\u00e9s de su testamento o patrimonio es el regalo m\u00e1s f\u00e1cil que puede hacer hoy.<\/p>\n<\/div><\/div><footer class=\"entry-footer\"><\/footer><\/article><\/div>\n<div  class='flex_column av-aubk9-da2f610aaa3f015f4d20270272cbb1b3 av_one_third  avia-builder-el-14  el_after_av_one_third  avia-builder-el-last  flex_column_div  column-top-margin'     ><article  class='iconbox iconbox_top av-l63s78v9-a6fc3ce694c25c76558bcfd43c23bf53  avia-builder-el-15  avia-builder-el-no-sibling  main_color'  itemscope=\"itemscope\" itemtype=\"https:\/\/schema.org\/CreativeWork\" ><div class=\"iconbox_content\"><header class=\"entry-content-header\" aria-label=\"Icon: Seguro de vida\"><a href='https:\/\/ncat.plannedgiving.org\/ncat\/articles\/242.html' title='Seguro de vida' aria-label='Seguro de vida'  class='iconbox_icon heading-color avia-iconfont avia-font-entypo-fontello' data-av_icon='\ue866' data-av_iconfont='entypo-fontello' title=\"Seguro de vida\" desc=\"Seguro de vida\" ><\/a><h3 class='iconbox_content_title '  itemprop=\"headline\" ><a href='https:\/\/ncat.plannedgiving.org\/ncat\/articles\/242.html' title='Seguro de vida' >Seguro de vida<\/a><\/h3><\/header><div class='iconbox_content_container '  itemprop=\"text\" ><p>Haz una donaci\u00f3n con un bien que t\u00fa y tu familia ya no necesit\u00e1is.<\/p>\n<\/div><\/div><footer class=\"entry-footer\"><\/footer><\/article><\/div>\n","protected":false},"excerpt":{"rendered":"<p>Apoye el principal programa de formaci\u00f3n en agricultura sostenible para veteranos militares con una donaci\u00f3n que proporcionar\u00e1 formaci\u00f3n pr\u00e1ctica a los veteranos agricultores.<\/p>\n","protected":false},"author":1,"featured_media":124666,"parent":0,"menu_order":0,"comment_status":"closed","ping_status":"closed","template":"","meta":{"_acf_changed":false,"_price":"","_stock":"","_tribe_ticket_header":"","_tribe_default_ticket_provider":"","_tribe_ticket_capacity":"0","_ticket_start_date":"","_ticket_end_date":"","_tribe_ticket_show_description":"","_tribe_ticket_show_not_going":false,"_tribe_ticket_use_global_stock":"","_tribe_ticket_global_stock_level":"","_global_stock_mode":"","_global_stock_cap":"","_tribe_rsvp_for_event":"","_tribe_ticket_going_count":"","_tribe_ticket_not_going_count":"","_tribe_tickets_list":"[]","_tribe_ticket_has_attendee_info_fields":false,"footnotes":"","beyondwords_generate_audio":"0","beyondwords_integration_method":"","beyondwords_project_id":"","beyondwords_content_id":"","beyondwords_preview_token":"","beyondwords_player_content":"","beyondwords_player_style":"","beyondwords_language_code":"","beyondwords_language_id":"","beyondwords_title_voice_id":"","beyondwords_body_voice_id":"","beyondwords_summary_voice_id":"","beyondwords_error_message":"","beyondwords_disabled":"","beyondwords_delete_content":"","beyondwords_podcast_id":"","beyondwords_hash":"","publish_post_to_speechkit":"","speechkit_hash":"","speechkit_generate_audio":"","speechkit_project_id":"","speechkit_podcast_id":"","speechkit_error_message":"","speechkit_disabled":"","speechkit_access_key":"","speechkit_error":"","speechkit_info":"","speechkit_response":"","speechkit_retries":"","speechkit_status":"","speechkit_updated_at":"","_speechkit_link":"","_speechkit_text":"","_tec_slr_enabled":"","_tec_slr_layout":""},"categories":[],"tags":[],"class_list":["post-134350","page","type-page","status-publish","has-post-thumbnail","hentry"],"acf":[],"publishpress_future_workflow_manual_trigger":{"enabledWorkflows":[]},"distributor_meta":false,"distributor_terms":false,"distributor_media":false,"distributor_original_site_name":"ATTRA - Agricultura Sustentable","distributor_original_site_url":"https:\/\/attra.ncat.org\/es\/","push-errors":false,"ticketed":false,"_links":{"self":[{"href":"https:\/\/attra.ncat.org\/es\/wp-json\/wp\/v2\/pages\/134350","targetHints":{"allow":["GET"]}}],"collection":[{"href":"https:\/\/attra.ncat.org\/es\/wp-json\/wp\/v2\/pages"}],"about":[{"href":"https:\/\/attra.ncat.org\/es\/wp-json\/wp\/v2\/types\/page"}],"author":[{"embeddable":true,"href":"https:\/\/attra.ncat.org\/es\/wp-json\/wp\/v2\/users\/1"}],"replies":[{"embeddable":true,"href":"https:\/\/attra.ncat.org\/es\/wp-json\/wp\/v2\/comments?post=134350"}],"version-history":[{"count":10,"href":"https:\/\/attra.ncat.org\/es\/wp-json\/wp\/v2\/pages\/134350\/revisions"}],"predecessor-version":[{"id":155799,"href":"https:\/\/attra.ncat.org\/es\/wp-json\/wp\/v2\/pages\/134350\/revisions\/155799"}],"wp:featuredmedia":[{"embeddable":true,"href":"https:\/\/attra.ncat.org\/es\/wp-json\/wp\/v2\/media\/124666"}],"wp:attachment":[{"href":"https:\/\/attra.ncat.org\/es\/wp-json\/wp\/v2\/media?parent=134350"}],"wp:term":[{"taxonomy":"category","embeddable":true,"href":"https:\/\/attra.ncat.org\/es\/wp-json\/wp\/v2\/categories?post=134350"},{"taxonomy":"post_tag","embeddable":true,"href":"https:\/\/attra.ncat.org\/es\/wp-json\/wp\/v2\/tags?post=134350"}],"curies":[{"name":"wp","href":"https:\/\/api.w.org\/{rel}","templated":true}]}}