

{"id":134353,"date":"2018-09-26T20:15:14","date_gmt":"2018-09-27T01:15:14","guid":{"rendered":"https:\/\/attra.ncat.org\/equipo\/"},"modified":"2025-10-01T13:02:21","modified_gmt":"2025-10-01T18:02:21","slug":"equipo","status":"publish","type":"page","link":"https:\/\/attra.ncat.org\/es\/equipo\/","title":{"rendered":"Maquinaria"},"content":{"rendered":"<div  class='flex_column av-2i1mrtgd-1a27ae78567205498282df22ceb4983b av_three_fifth  avia-builder-el-0  el_before_av_two_fifth  avia-builder-el-first  first flex_column_div  '     ><p>\n<style type=\"text\/css\" data-created_by=\"avia_inline_auto\" id=\"style-css-av-gecjuzh-b5ada7810714868665e8288bf6af57fb\">\n#top .av-special-heading.av-gecjuzh-b5ada7810714868665e8288bf6af57fb{\npadding-bottom:10px;\n}\nbody .av-special-heading.av-gecjuzh-b5ada7810714868665e8288bf6af57fb .av-special-heading-tag .heading-char{\nfont-size:25px;\n}\n.av-special-heading.av-gecjuzh-b5ada7810714868665e8288bf6af57fb .av-subheading{\nfont-size:15px;\n}\n<\/style>\n<div  class='av-special-heading av-gecjuzh-b5ada7810714868665e8288bf6af57fb av-special-heading-h1 blockquote modern-quote  avia-builder-el-1  el_before_av_textblock  avia-builder-el-first '><h1 class='av-special-heading-tag '  itemprop=\"headline\"  >Maquinaria<\/h1><div class=\"special-heading-border\"><div class=\"special-heading-inner-border\"><\/div><\/div><\/div><br \/>\n<section  class='av_textblock_section av-9u3mqfx-cbc03fbb0f41e8dfbfb36badde4d0f30 '   itemscope=\"itemscope\" itemtype=\"https:\/\/schema.org\/CreativeWork\" ><div class='avia_textblock'  itemprop=\"text\" ><p><span data-contrast=\"auto\">La maquinaria agr\u00edcola es necesaria para todos los aspectos de una operaci\u00f3n agr\u00edcola. La maquinaria se utilizan en la producci\u00f3n, la cosecha, el almacenamiento y la distribuci\u00f3n de los productos agr\u00edcolas y en la oferta de servicios empresariales agr\u00edcolas. <\/span><\/p>\n<p><span data-contrast=\"auto\">La inversi\u00f3n en maquinaria agr\u00edcola puede tener un impacto significante en los resultados de una granja y tiene en cuenta el costo de la compra, el mantenimiento y los costos de operaci\u00f3n. A la hora de seleccionar la maquinaria adecuada para el trabajo, tanto las herramientas manuales como los equipos mecanizados pueden tener un impacto significativo en la eficiencia y los costos laborales. <\/span><\/p>\n<p><span data-contrast=\"auto\">Esta secci\u00f3n ofrece recursos pr\u00e1cticos de ATTRA sobre herramientas y equipos de escala adecuada que est\u00e1n dise\u00f1ados para capacitar a los agricultores y administradores de la tierra principiantes y expertos, en el manejo y mantenimiento seguro de la maquinaria agr\u00edcolas. Ofrece recursos para ayudar a tomar decisiones sobre herramientas y maquinaria, as\u00ed como listas de proveedores de herramientas y maquinaria. <\/span><\/p>\n<\/div><\/section><\/p><\/div>\n<div  class='flex_column av-30sqjkw4-9c6ca809af7910c42b5dbb608b233b3f av_two_fifth  avia-builder-el-3  el_after_av_three_fifth  el_before_av_hr  flex_column_div  '     ><p>\n<style type=\"text\/css\" data-created_by=\"avia_inline_auto\" id=\"style-css-av-l8bt33ca-2f0235be2579dbc5dec7e7bf557c34d6\">\n#top .av-special-heading.av-l8bt33ca-2f0235be2579dbc5dec7e7bf557c34d6{\npadding-bottom:10px;\n}\nbody .av-special-heading.av-l8bt33ca-2f0235be2579dbc5dec7e7bf557c34d6 .av-special-heading-tag .heading-char{\nfont-size:25px;\n}\n.av-special-heading.av-l8bt33ca-2f0235be2579dbc5dec7e7bf557c34d6 .av-subheading{\nfont-size:15px;\n}\n<\/style>\n<div  class='av-special-heading av-l8bt33ca-2f0235be2579dbc5dec7e7bf557c34d6 av-special-heading-h2 blockquote modern-quote  avia-builder-el-4  el_before_av_iconlist  avia-builder-el-first '><h2 class='av-special-heading-tag '  itemprop=\"headline\"  >No te pierdas<\/h2><div class=\"special-heading-border\"><div class=\"special-heading-inner-border\"><\/div><\/div><\/div><br \/>\n\n<style type=\"text\/css\" data-created_by=\"avia_inline_auto\" id=\"style-css-av-l8btapg9-f10dbcb0793a74f0822acfb5c41422dd\">\n#top .avia-icon-list-container.av-l8btapg9-f10dbcb0793a74f0822acfb5c41422dd .iconlist_icon{\nbackground-color:#378c00;\n}\n<\/style>\n<div  class='avia-icon-list-container av-l8btapg9-f10dbcb0793a74f0822acfb5c41422dd  avia-builder-el-5  el_after_av_heading  el_before_av_image '><ul class='avia-icon-list avia_animate_when_almost_visible avia-icon-list-left av-iconlist-big av-l8btapg9-f10dbcb0793a74f0822acfb5c41422dd avia-iconlist-animate'>\n<li><a href='https:\/\/attra.ncat.org\/?post_type=attrapub&p=120128' title='Maquinaria y herramientas para la producci\u00f3n de cultivos intensivos a peque\u00f1a escala'  class='iconlist_icon av-l8bt52a4-4856b88f0f66634e3310629500605fdd avia-font-entypo-fontello avia-iconfont avia-font-entypo-fontello'><span class='av-icon-char' data-av_icon='\ue8b8' data-av_iconfont='entypo-fontello' aria-hidden=\"true\"><\/span><\/a><article class=\"article-icon-entry av-iconlist-empty\"  itemscope=\"itemscope\" itemtype=\"https:\/\/schema.org\/CreativeWork\" ><div class=\"iconlist_content_wrap\"><header class=\"entry-content-header\" aria-label=\"Icon: &lt;a href=&#039;https:\/\/attra.ncat.org\/?post_type=attrapub&amp;p=120128&#039; title=&#039;Maquinaria y herramientas para la producci\u00f3n de cultivos intensivos a peque\u00f1a escala&#039;&gt;Maquinaria y herramientas para la producci\u00f3n de cultivos intensivos a peque\u00f1a escala&lt;\/a&gt;\"><h4 class='av_iconlist_title iconlist_title  '  itemprop=\"headline\" ><a href='https:\/\/attra.ncat.org\/?post_type=attrapub&p=120128' title='Maquinaria y herramientas para la producci\u00f3n de cultivos intensivos a peque\u00f1a escala'>Maquinaria y herramientas para la producci\u00f3n de cultivos intensivos a peque\u00f1a escala<\/a><\/h4><\/header><div class='iconlist_content '  itemprop=\"text\" ><\/div><\/div><footer class=\"entry-footer\"><\/footer><\/article><div class=\"iconlist-timeline\"><\/div><\/li>\n<li><a href='https:\/\/youtube.com\/playlist?list=PLDu0ElBiEy9wHftDiaZ-5NEQtekFLdptp' title='Serie de v\u00eddeos: Mantenimiento de su tractor'  target=\"_blank\"  rel=\"noopener noreferrer\" class='iconlist_icon av-l8bt6f61-61cb6dc46ec3b645c5d7debc222a995a avia-font-entypo-fontello avia-iconfont avia-font-entypo-fontello'><span class='av-icon-char' data-av_icon='\ue856' data-av_iconfont='entypo-fontello' aria-hidden=\"true\"><\/span><\/a><article class=\"article-icon-entry av-iconlist-empty\"  itemscope=\"itemscope\" itemtype=\"https:\/\/schema.org\/CreativeWork\" ><div class=\"iconlist_content_wrap\"><header class=\"entry-content-header\" aria-label=\"Icon: &lt;a href=&#039;https:\/\/youtube.com\/playlist?list=PLDu0ElBiEy9wHftDiaZ-5NEQtekFLdptp&#039; title=&#039;Serie de v\u00eddeos: Mantenimiento de su tractor&#039; target=&quot;_blank&quot;  rel=&quot;noopener noreferrer&quot;&gt;Serie de v\u00eddeos: Mantenimiento de su tractor&lt;\/a&gt;\"><h4 class='av_iconlist_title iconlist_title  '  itemprop=\"headline\" ><a href='https:\/\/youtube.com\/playlist?list=PLDu0ElBiEy9wHftDiaZ-5NEQtekFLdptp' title='Serie de v\u00eddeos: Mantenimiento de su tractor' target=\"_blank\"  rel=\"noopener noreferrer\">Serie de v\u00eddeos: Mantenimiento de su tractor<\/a><\/h4><\/header><div class='iconlist_content '  itemprop=\"text\" ><\/div><\/div><footer class=\"entry-footer\"><\/footer><\/article><div class=\"iconlist-timeline\"><\/div><\/li>\n<\/ul><\/div><br \/>\n\n<style type=\"text\/css\" data-created_by=\"avia_inline_auto\" id=\"style-css-av-l8bt0hhu-01dc174a78092bf7cb19fa2ddc023bfa\">\n.avia-image-container.av-l8bt0hhu-01dc174a78092bf7cb19fa2ddc023bfa img.avia_image{\nbox-shadow:none;\n}\n.avia-image-container.av-l8bt0hhu-01dc174a78092bf7cb19fa2ddc023bfa .av-image-caption-overlay-center{\ncolor:#ffffff;\n}\n<\/style>\n<div  class='avia-image-container av-l8bt0hhu-01dc174a78092bf7cb19fa2ddc023bfa av-styling- avia-align-center  avia-builder-el-6  el_after_av_iconlist  avia-builder-el-last '   itemprop=\"image\" itemscope=\"itemscope\" itemtype=\"https:\/\/schema.org\/ImageObject\" ><div class=\"avia-image-container-inner\"><div class=\"avia-image-overlay-wrap\"><img decoding=\"async\" fetchpriority=\"high\" class='wp-image-130241 avia-img-lazy-loading-not-130241 avia_image ' src=\"https:\/\/attra.ncat.org\/wp-content\/uploads\/2022\/09\/Alicia-on-tractor-350x280.jpg\" alt='Armed to Farm participant on a tractor' title='Alicia-on-tractor'  height=\"280\" width=\"350\"  itemprop=\"thumbnailUrl\" srcset=\"https:\/\/attra.ncat.org\/wp-content\/uploads\/2022\/09\/Alicia-on-tractor-350x280.jpg 350w, https:\/\/attra.ncat.org\/wp-content\/uploads\/2022\/09\/Alicia-on-tractor-1030x824.jpg 1030w, https:\/\/attra.ncat.org\/wp-content\/uploads\/2022\/09\/Alicia-on-tractor-768x614.jpg 768w, https:\/\/attra.ncat.org\/wp-content\/uploads\/2022\/09\/Alicia-on-tractor-705x564.jpg 705w, https:\/\/attra.ncat.org\/wp-content\/uploads\/2022\/09\/Alicia-on-tractor.jpg 1200w\" sizes=\"(max-width: 350px) 100vw, 350px\" \/><\/div><\/div><\/div><\/p><\/div>\n<div  class='hr av-5v9zacr-a50fae6b6fdd935797c883d4a0280982 hr-default  avia-builder-el-7  el_after_av_two_fifth  el_before_av_one_full '><span class='hr-inner '><span class=\"hr-inner-style\"><\/span><\/span><\/div>\n<div  class='flex_column av-8d5u719-a81943bb08193070651d3daf83d56951 av_one_full  avia-builder-el-8  el_after_av_hr  avia-builder-el-last  first flex_column_div  '     ><p>\n<style type=\"text\/css\" data-created_by=\"avia_inline_auto\" id=\"style-css-av-l71196bx-67267d17a96c1dc24db51b478d9041b2\">\n#top .av-special-heading.av-l71196bx-67267d17a96c1dc24db51b478d9041b2{\npadding-bottom:10px;\n}\nbody .av-special-heading.av-l71196bx-67267d17a96c1dc24db51b478d9041b2 .av-special-heading-tag .heading-char{\nfont-size:25px;\n}\n.av-special-heading.av-l71196bx-67267d17a96c1dc24db51b478d9041b2 .av-subheading{\nfont-size:15px;\n}\n<\/style>\n<div  class='av-special-heading av-l71196bx-67267d17a96c1dc24db51b478d9041b2 av-special-heading-h1 blockquote modern-quote  avia-builder-el-9  el_before_av_blog  avia-builder-el-first '><h1 class='av-special-heading-tag '  itemprop=\"headline\"  >Recursos de maquinaria de ATTRA<\/h1><div class=\"special-heading-border\"><div class=\"special-heading-inner-border\"><\/div><\/div><\/div><br \/>\n<div  data-slideshow-options=\"{&quot;animation&quot;:&quot;fade&quot;,&quot;autoplay&quot;:false,&quot;loop_autoplay&quot;:&quot;once&quot;,&quot;interval&quot;:5,&quot;loop_manual&quot;:&quot;manual-endless&quot;,&quot;autoplay_stopper&quot;:false,&quot;noNavigation&quot;:false,&quot;show_slide_delay&quot;:90}\" class='avia-content-slider avia-content-grid-active avia-content-slider1 avia-content-slider-even  avia-builder-el-10  el_after_av_heading  avia-builder-el-last  av-slideshow-ui av-control-default   av-no-slider-navigation av-slideshow-manual av-loop-once av-loop-manual-endless '  itemscope=\"itemscope\" itemtype=\"https:\/\/schema.org\/Blog\" ><div class=\"avia-content-slider-inner\"><div class=\"slide-entry-wrap\"><article class='slide-entry flex_column  post-entry post-entry-183000 slide-entry-overview slide-loop-1 slide-parity-odd  av_one_fourth first real-thumbnail posttype-post post-format-standard'  itemscope=\"itemscope\" itemtype=\"https:\/\/schema.org\/CreativeWork\" ><a href='https:\/\/attra.ncat.org\/es\/lecciones-sobre-tractores-sobre-ser-principiante\/' data-rel='slide-1' class='slide-image' title='Lecciones sobre tractores: Sobre ser principiante'><img decoding=\"async\" fetchpriority=\"high\" width=\"260\" height=\"185\" src=\"https:\/\/attra.ncat.org\/wp-content\/uploads\/2026\/03\/tractor-blog--260x185.jpg\" class=\"wp-image-182998 avia-img-lazy-loading-not-182998 attachment-portfolio_small size-portfolio_small wp-post-image\" alt=\"\" \/><\/a><div class=\"slide-content\"><header class=\"entry-content-header\" aria-label=\"Slide: Lecciones sobre tractores: Sobre ser principiante\"><h3 class='slide-entry-title entry-title '  itemprop=\"headline\" ><a href='https:\/\/attra.ncat.org\/es\/lecciones-sobre-tractores-sobre-ser-principiante\/' title='Lecciones sobre tractores: Sobre ser principiante'>Lecciones sobre tractores: Sobre ser principiante<\/a><\/h3><span class=\"av-vertical-delimiter\"><\/span><\/header><\/div><footer class=\"entry-footer\"><\/footer><span class='hidden'>\n\t\t\t\t<span class='av-structured-data'  itemprop=\"image\" itemscope=\"itemscope\" itemtype=\"https:\/\/schema.org\/ImageObject\" >\n\t\t\t\t\t\t<span itemprop='url'>https:\/\/attra.ncat.org\/wp-content\/uploads\/2026\/03\/tractor-blog--scaled.jpg<\/span>\n\t\t\t\t\t\t<span itemprop='height'>2560<\/span>\n\t\t\t\t\t\t<span itemprop='width'>1920<\/span>\n\t\t\t\t<\/span>\n\t\t\t\t<span class='av-structured-data'  itemprop=\"publisher\" itemtype=\"https:\/\/schema.org\/Organization\" itemscope=\"itemscope\" >\n\t\t\t\t\t\t<span itemprop='name'>Nina Prater<\/span>\n\t\t\t\t\t\t<span itemprop='logo' itemscope itemtype='https:\/\/schema.org\/ImageObject'>\n\t\t\t\t\t\t\t<span itemprop='url'>\/wp-content\/uploads\/2022\/12\/ATTRAlogo-RGB-espanol-lg.png<\/span>\n\t\t\t\t\t\t<\/span>\n\t\t\t\t<\/span><span class='av-structured-data'  itemprop=\"author\" itemscope=\"itemscope\" itemtype=\"https:\/\/schema.org\/Person\" ><span itemprop='name'>Nina Prater<\/span><\/span><span class='av-structured-data'  itemprop=\"datePublished\" datetime=\"2018-09-26T20:15:14-05:00\" >2026-03-20 08:53:15<\/span><span class='av-structured-data'  itemprop=\"dateModified\" itemtype=\"https:\/\/schema.org\/dateModified\" >2026-03-20 08:53:15<\/span><span class='av-structured-data'  itemprop=\"mainEntityOfPage\" itemtype=\"https:\/\/schema.org\/mainEntityOfPage\" ><span itemprop='name'>Lecciones sobre tractores: Sobre ser principiante<\/span><\/span><\/span><\/article><article class='slide-entry flex_column  post-entry post-entry-164373 slide-entry-overview slide-loop-2 slide-parity-even  av_one_fourth  real-thumbnail posttype-post post-format-standard'  itemscope=\"itemscope\" itemtype=\"https:\/\/schema.org\/CreativeWork\" ><a href='https:\/\/attra.ncat.org\/es\/senescencia-natural\/' data-rel='slide-1' class='slide-image' title='Senescencia natural'><img decoding=\"async\" fetchpriority=\"high\" width=\"260\" height=\"185\" src=\"https:\/\/attra.ncat.org\/wp-content\/uploads\/2023\/05\/52407870997_21279cdb4f_c-260x185.jpg\" class=\"wp-image-147828 avia-img-lazy-loading-not-147828 attachment-portfolio_small size-portfolio_small wp-post-image\" alt=\"two people&#039;s hands and a shovel, harvesting carrots\" \/><\/a><div class=\"slide-content\"><header class=\"entry-content-header\" aria-label=\"Slide: Senescencia natural\"><h3 class='slide-entry-title entry-title '  itemprop=\"headline\" ><a href='https:\/\/attra.ncat.org\/es\/senescencia-natural\/' title='Senescencia natural'>Senescencia natural<\/a><\/h3><span class=\"av-vertical-delimiter\"><\/span><\/header><\/div><footer class=\"entry-footer\"><\/footer><span class='hidden'>\n\t\t\t\t<span class='av-structured-data'  itemprop=\"image\" itemscope=\"itemscope\" itemtype=\"https:\/\/schema.org\/ImageObject\" >\n\t\t\t\t\t\t<span itemprop='url'>https:\/\/attra.ncat.org\/wp-content\/uploads\/2023\/05\/52407870997_21279cdb4f_c.jpg<\/span>\n\t\t\t\t\t\t<span itemprop='height'>534<\/span>\n\t\t\t\t\t\t<span itemprop='width'>800<\/span>\n\t\t\t\t<\/span>\n\t\t\t\t<span class='av-structured-data'  itemprop=\"publisher\" itemtype=\"https:\/\/schema.org\/Organization\" itemscope=\"itemscope\" >\n\t\t\t\t\t\t<span itemprop='name'>NCAT IT<\/span>\n\t\t\t\t\t\t<span itemprop='logo' itemscope itemtype='https:\/\/schema.org\/ImageObject'>\n\t\t\t\t\t\t\t<span itemprop='url'>\/wp-content\/uploads\/2022\/12\/ATTRAlogo-RGB-espanol-lg.png<\/span>\n\t\t\t\t\t\t<\/span>\n\t\t\t\t<\/span><span class='av-structured-data'  itemprop=\"author\" itemscope=\"itemscope\" itemtype=\"https:\/\/schema.org\/Person\" ><span itemprop='name'>NCAT IT<\/span><\/span><span class='av-structured-data'  itemprop=\"datePublished\" datetime=\"2018-09-26T20:15:14-05:00\" >2024-04-09 07:40:26<\/span><span class='av-structured-data'  itemprop=\"dateModified\" itemtype=\"https:\/\/schema.org\/dateModified\" >2024-04-09 07:40:26<\/span><span class='av-structured-data'  itemprop=\"mainEntityOfPage\" itemtype=\"https:\/\/schema.org\/mainEntityOfPage\" ><span itemprop='name'>Senescencia natural<\/span><\/span><\/span><\/article><article class='slide-entry flex_column  post-entry post-entry-146898 slide-entry-overview slide-loop-3 slide-parity-odd  post-entry-last  av_one_fourth  real-thumbnail posttype-attrapub post-format-standard'  itemscope=\"itemscope\" itemtype=\"https:\/\/schema.org\/CreativeWork\" ><a href='https:\/\/attra.ncat.org\/es\/publication\/equipos-y-herramientas-para-la-produccion-de-cultivos-intensivos-a-pequena-escala\/' data-rel='slide-1' class='slide-image' title='Maquinaria y herramientas para la producci\u00f3n de cultivos intensivos a peque\u00f1a escala'><img decoding=\"async\" fetchpriority=\"high\" width=\"260\" height=\"185\" src=\"https:\/\/attra.ncat.org\/wp-content\/uploads\/2023\/04\/earthway-seeder-260x185.jpg\" class=\"wp-image-146696 avia-img-lazy-loading-not-146696 attachment-portfolio_small size-portfolio_small wp-post-image\" alt=\"SPIN farmer Wally Satzewich of Wally\u2019s Urban Market\nGarden in Saskatoon, Saskatchewan, using an Earthway\nseeder\" \/><\/a><div class=\"slide-content\"><header class=\"entry-content-header\" aria-label=\"Slide: Maquinaria y herramientas para la producci\u00f3n de cultivos intensivos a peque\u00f1a escala\"><h3 class='slide-entry-title entry-title '  itemprop=\"headline\" ><a href='https:\/\/attra.ncat.org\/es\/publication\/equipos-y-herramientas-para-la-produccion-de-cultivos-intensivos-a-pequena-escala\/' title='Maquinaria y herramientas para la producci\u00f3n de cultivos intensivos a peque\u00f1a escala'>Maquinaria y herramientas para la producci\u00f3n de cultivos intensivos a peque\u00f1a escala<\/a><\/h3><span class=\"av-vertical-delimiter\"><\/span><\/header><\/div><footer class=\"entry-footer\"><\/footer><span class='hidden'>\n\t\t\t\t<span class='av-structured-data'  itemprop=\"image\" itemscope=\"itemscope\" itemtype=\"https:\/\/schema.org\/ImageObject\" >\n\t\t\t\t\t\t<span itemprop='url'>https:\/\/attra.ncat.org\/wp-content\/uploads\/2023\/04\/earthway-seeder.jpg<\/span>\n\t\t\t\t\t\t<span itemprop='height'>428<\/span>\n\t\t\t\t\t\t<span itemprop='width'>381<\/span>\n\t\t\t\t<\/span>\n\t\t\t\t<span class='av-structured-data'  itemprop=\"publisher\" itemtype=\"https:\/\/schema.org\/Organization\" itemscope=\"itemscope\" >\n\t\t\t\t\t\t<span itemprop='name'>NCAT IT<\/span>\n\t\t\t\t\t\t<span itemprop='logo' itemscope itemtype='https:\/\/schema.org\/ImageObject'>\n\t\t\t\t\t\t\t<span itemprop='url'>\/wp-content\/uploads\/2022\/12\/ATTRAlogo-RGB-espanol-lg.png<\/span>\n\t\t\t\t\t\t<\/span>\n\t\t\t\t<\/span><span class='av-structured-data'  itemprop=\"author\" itemscope=\"itemscope\" itemtype=\"https:\/\/schema.org\/Person\" ><span itemprop='name'>NCAT IT<\/span><\/span><span class='av-structured-data'  itemprop=\"datePublished\" datetime=\"2018-09-26T20:15:14-05:00\" >2023-04-05 16:45:27<\/span><span class='av-structured-data'  itemprop=\"dateModified\" itemtype=\"https:\/\/schema.org\/dateModified\" >2023-12-11 10:19:40<\/span><span class='av-structured-data'  itemprop=\"mainEntityOfPage\" itemtype=\"https:\/\/schema.org\/mainEntityOfPage\" ><span itemprop='name'>Maquinaria y herramientas para la producci\u00f3n de cultivos intensivos a peque\u00f1a escala<\/span><\/span><\/span><\/article><\/div><\/div><\/div><\/p><\/div>\n","protected":false},"excerpt":{"rendered":"","protected":false},"author":1,"featured_media":130241,"parent":0,"menu_order":0,"comment_status":"closed","ping_status":"closed","template":"","meta":{"_acf_changed":false,"_price":"","_stock":"","_tribe_ticket_header":"","_tribe_default_ticket_provider":"","_tribe_ticket_capacity":"0","_ticket_start_date":"","_ticket_end_date":"","_tribe_ticket_show_description":"","_tribe_ticket_show_not_going":false,"_tribe_ticket_use_global_stock":"","_tribe_ticket_global_stock_level":"","_global_stock_mode":"","_global_stock_cap":"","_tribe_rsvp_for_event":"","_tribe_ticket_going_count":"","_tribe_ticket_not_going_count":"","_tribe_tickets_list":"[]","_tribe_ticket_has_attendee_info_fields":false,"footnotes":"","beyondwords_generate_audio":"0","beyondwords_integration_method":"","beyondwords_project_id":"","beyondwords_content_id":"","beyondwords_preview_token":"","beyondwords_player_content":"","beyondwords_player_style":"standard","beyondwords_language_code":"en_US","beyondwords_language_id":"","beyondwords_title_voice_id":"776","beyondwords_body_voice_id":"776","beyondwords_summary_voice_id":"776","beyondwords_error_message":"","beyondwords_disabled":"","beyondwords_delete_content":"","beyondwords_podcast_id":"","beyondwords_hash":"","publish_post_to_speechkit":"","speechkit_hash":"","speechkit_generate_audio":"","speechkit_project_id":"","speechkit_podcast_id":"","speechkit_error_message":"","speechkit_disabled":"","speechkit_access_key":"","speechkit_error":"","speechkit_info":"","speechkit_response":"","speechkit_retries":"","speechkit_status":"","speechkit_updated_at":"","_speechkit_link":"","_speechkit_text":"","_tec_slr_enabled":"","_tec_slr_layout":""},"categories":[],"tags":[183,1355,1356],"class_list":["post-134353","page","type-page","status-publish","has-post-thumbnail","hentry","tag-technology","tag-tools","tag-tractors"],"acf":[],"publishpress_future_workflow_manual_trigger":{"enabledWorkflows":[]},"distributor_meta":false,"distributor_terms":false,"distributor_media":false,"distributor_original_site_name":"ATTRA - Agricultura Sustentable","distributor_original_site_url":"https:\/\/attra.ncat.org\/es\/","push-errors":false,"ticketed":false,"_links":{"self":[{"href":"https:\/\/attra.ncat.org\/es\/wp-json\/wp\/v2\/pages\/134353","targetHints":{"allow":["GET"]}}],"collection":[{"href":"https:\/\/attra.ncat.org\/es\/wp-json\/wp\/v2\/pages"}],"about":[{"href":"https:\/\/attra.ncat.org\/es\/wp-json\/wp\/v2\/types\/page"}],"author":[{"embeddable":true,"href":"https:\/\/attra.ncat.org\/es\/wp-json\/wp\/v2\/users\/1"}],"replies":[{"embeddable":true,"href":"https:\/\/attra.ncat.org\/es\/wp-json\/wp\/v2\/comments?post=134353"}],"version-history":[{"count":17,"href":"https:\/\/attra.ncat.org\/es\/wp-json\/wp\/v2\/pages\/134353\/revisions"}],"predecessor-version":[{"id":178281,"href":"https:\/\/attra.ncat.org\/es\/wp-json\/wp\/v2\/pages\/134353\/revisions\/178281"}],"wp:featuredmedia":[{"embeddable":true,"href":"https:\/\/attra.ncat.org\/es\/wp-json\/wp\/v2\/media\/130241"}],"wp:attachment":[{"href":"https:\/\/attra.ncat.org\/es\/wp-json\/wp\/v2\/media?parent=134353"}],"wp:term":[{"taxonomy":"category","embeddable":true,"href":"https:\/\/attra.ncat.org\/es\/wp-json\/wp\/v2\/categories?post=134353"},{"taxonomy":"post_tag","embeddable":true,"href":"https:\/\/attra.ncat.org\/es\/wp-json\/wp\/v2\/tags?post=134353"}],"curies":[{"name":"wp","href":"https:\/\/api.w.org\/{rel}","templated":true}]}}