

{"id":134359,"date":"2021-07-14T14:00:57","date_gmt":"2021-07-14T19:00:57","guid":{"rendered":"https:\/\/attra.ncat.org\/eventos\/"},"modified":"2022-12-12T10:07:30","modified_gmt":"2022-12-12T16:07:30","slug":"eventos","status":"publish","type":"page","link":"https:\/\/attra.ncat.org\/es\/eventos\/","title":{"rendered":"Eventos"},"content":{"rendered":"\n<style type=\"text\/css\" data-created_by=\"avia_inline_auto\" id=\"style-css-av-xq2q-5eb7736b23d93f121223afb1e78b0c87\">\n.flex_column.av-xq2q-5eb7736b23d93f121223afb1e78b0c87{\nheight:auto;\nmin-height:None;\n}\n<\/style>\n<div  class='flex_column av-xq2q-5eb7736b23d93f121223afb1e78b0c87 av_one_full  avia-builder-el-0  el_before_av_one_full  avia-builder-el-first  first flex_column_div  '     ><p>\n<style type=\"text\/css\" data-created_by=\"avia_inline_auto\" id=\"style-css-av-l4n9bg6g-f199d1784f317a10282aa4fc57f17453\">\n#top .av-special-heading.av-l4n9bg6g-f199d1784f317a10282aa4fc57f17453{\npadding-bottom:10px;\n}\nbody .av-special-heading.av-l4n9bg6g-f199d1784f317a10282aa4fc57f17453 .av-special-heading-tag .heading-char{\nfont-size:25px;\n}\n.av-special-heading.av-l4n9bg6g-f199d1784f317a10282aa4fc57f17453 .av-subheading{\nfont-size:15px;\n}\n<\/style>\n<div  class='av-special-heading av-l4n9bg6g-f199d1784f317a10282aa4fc57f17453 av-special-heading-h1 blockquote modern-quote  avia-builder-el-1  el_before_av_textblock  avia-builder-el-first '><h1 class='av-special-heading-tag '  itemprop=\"headline\"  ><b>Talleres<\/b> NCAT<\/h1><div class=\"special-heading-border\"><div class=\"special-heading-inner-border\"><\/div><\/div><\/div><br \/>\n<section  class='av_textblock_section av-l465voit-86282bce5430e19e9b0820c12a86043a '   itemscope=\"itemscope\" itemtype=\"https:\/\/schema.org\/CreativeWork\" ><div class='avia_textblock'  itemprop=\"text\" ><p>El Centro Nacional de Tecnolog\u00eda Apropiada (NCAT) y su programa de Agricultura Sostenible ATTRA organizan cada a\u00f1o oportunidades de aprendizaje presenciales y virtuales sobre temas de agricultura y energ\u00eda, desde la gesti\u00f3n de riesgos y los cultivos hasta el pastoreo regenerativo y el emparejamiento de la energ\u00eda solar con la agricultura.<\/p>\n<p>Consulte la lista de talleres gratuitos organizados por NCAT en su zona buscando en la agenda que aparece a continuaci\u00f3n. Para ver una lista de todos los eventos que creemos que debe estar al tanto, busque la lista completa de Pr\u00f3ximos Eventos m\u00e1s abajo en la p\u00e1gina.<\/p>\n<\/div><\/section><br \/>\n<\/p><\/div>\n<style type=\"text\/css\" data-created_by=\"avia_inline_auto\" id=\"style-css-av-7dkiy-34b02517d595f8143b7b2b83c8f37ac0\">\n.flex_column.av-7dkiy-34b02517d595f8143b7b2b83c8f37ac0{\nborder-radius:0px 0px 0px 0px;\npadding:0px 0px 0px 0px;\n}\n<\/style>\n<div  class='flex_column av-7dkiy-34b02517d595f8143b7b2b83c8f37ac0 av_one_full  avia-builder-el-4  el_after_av_one_full  avia-builder-el-last  first flex_column_div av-zero-column-padding  column-top-margin'     ><p>\n<style type=\"text\/css\" data-created_by=\"avia_inline_auto\" id=\"style-css-av-l465wg0l-56c5c0015df6dbb23396f5db7a84e052\">\n#top .av-special-heading.av-l465wg0l-56c5c0015df6dbb23396f5db7a84e052{\npadding-bottom:10px;\n}\nbody .av-special-heading.av-l465wg0l-56c5c0015df6dbb23396f5db7a84e052 .av-special-heading-tag .heading-char{\nfont-size:25px;\n}\n.av-special-heading.av-l465wg0l-56c5c0015df6dbb23396f5db7a84e052 .av-subheading{\nfont-size:15px;\n}\n<\/style>\n<div  class='av-special-heading av-l465wg0l-56c5c0015df6dbb23396f5db7a84e052 av-special-heading-h1 blockquote modern-quote  avia-builder-el-5  el_before_av_codeblock  avia-builder-el-first  av-thin-font'><h1 class='av-special-heading-tag '  itemprop=\"headline\"  >Pr\u00f3ximos <strong>eventos<\/strong><\/h1><div class='av-subheading av-subheading_below'><p>Busque los eventos sobre agricultura sostenible por ubicaci\u00f3n, organizaci\u00f3n, fecha o tema utilizando los siguientes filtros.<\/p>\n<\/div><div class=\"special-heading-border\"><div class=\"special-heading-inner-border\"><\/div><\/div><\/div><br \/>\n<\/p><\/div><\/p>\n","protected":false},"excerpt":{"rendered":"","protected":false},"author":1,"featured_media":0,"parent":0,"menu_order":0,"comment_status":"closed","ping_status":"closed","template":"","meta":{"_acf_changed":false,"_price":"","_stock":"","_tribe_ticket_header":"","_tribe_default_ticket_provider":"","_tribe_ticket_capacity":"0","_ticket_start_date":"","_ticket_end_date":"","_tribe_ticket_show_description":"","_tribe_ticket_show_not_going":false,"_tribe_ticket_use_global_stock":"","_tribe_ticket_global_stock_level":"","_global_stock_mode":"","_global_stock_cap":"","_tribe_rsvp_for_event":"","_tribe_ticket_going_count":"","_tribe_ticket_not_going_count":"","_tribe_tickets_list":"[]","_tribe_ticket_has_attendee_info_fields":false,"footnotes":"","beyondwords_generate_audio":"","beyondwords_integration_method":"","beyondwords_project_id":"","beyondwords_content_id":"","beyondwords_preview_token":"","beyondwords_player_content":"","beyondwords_player_style":"","beyondwords_language_code":"","beyondwords_language_id":"","beyondwords_title_voice_id":"","beyondwords_body_voice_id":"","beyondwords_summary_voice_id":"","beyondwords_error_message":"","beyondwords_disabled":"","beyondwords_delete_content":"","beyondwords_podcast_id":"","beyondwords_hash":"","publish_post_to_speechkit":"","speechkit_hash":"","speechkit_generate_audio":"","speechkit_project_id":"","speechkit_podcast_id":"","speechkit_error_message":"","speechkit_disabled":"","speechkit_access_key":"","speechkit_error":"","speechkit_info":"","speechkit_response":"","speechkit_retries":"","speechkit_status":"","speechkit_updated_at":"","_speechkit_link":"","_speechkit_text":"","_tec_slr_enabled":"","_tec_slr_layout":""},"categories":[],"tags":[],"class_list":["post-134359","page","type-page","status-publish","hentry"],"acf":[],"publishpress_future_workflow_manual_trigger":{"enabledWorkflows":[]},"distributor_meta":false,"distributor_terms":false,"distributor_media":false,"distributor_original_site_name":"ATTRA - Agricultura Sustentable","distributor_original_site_url":"https:\/\/attra.ncat.org\/es\/","push-errors":false,"ticketed":false,"_links":{"self":[{"href":"https:\/\/attra.ncat.org\/es\/wp-json\/wp\/v2\/pages\/134359","targetHints":{"allow":["GET"]}}],"collection":[{"href":"https:\/\/attra.ncat.org\/es\/wp-json\/wp\/v2\/pages"}],"about":[{"href":"https:\/\/attra.ncat.org\/es\/wp-json\/wp\/v2\/types\/page"}],"author":[{"embeddable":true,"href":"https:\/\/attra.ncat.org\/es\/wp-json\/wp\/v2\/users\/1"}],"replies":[{"embeddable":true,"href":"https:\/\/attra.ncat.org\/es\/wp-json\/wp\/v2\/comments?post=134359"}],"version-history":[{"count":9,"href":"https:\/\/attra.ncat.org\/es\/wp-json\/wp\/v2\/pages\/134359\/revisions"}],"predecessor-version":[{"id":139537,"href":"https:\/\/attra.ncat.org\/es\/wp-json\/wp\/v2\/pages\/134359\/revisions\/139537"}],"wp:attachment":[{"href":"https:\/\/attra.ncat.org\/es\/wp-json\/wp\/v2\/media?parent=134359"}],"wp:term":[{"taxonomy":"category","embeddable":true,"href":"https:\/\/attra.ncat.org\/es\/wp-json\/wp\/v2\/categories?post=134359"},{"taxonomy":"post_tag","embeddable":true,"href":"https:\/\/attra.ncat.org\/es\/wp-json\/wp\/v2\/tags?post=134359"}],"curies":[{"name":"wp","href":"https:\/\/api.w.org\/{rel}","templated":true}]}}