

{"id":134364,"date":"2022-06-23T17:43:10","date_gmt":"2022-06-23T22:43:10","guid":{"rendered":"https:\/\/attra.ncat.org\/temas\/"},"modified":"2022-11-16T12:09:09","modified_gmt":"2022-11-16T18:09:09","slug":"temas","status":"publish","type":"page","link":"https:\/\/attra.ncat.org\/es\/temas\/","title":{"rendered":"Temas"},"content":{"rendered":"<div  class='flex_column av-59re7s3-717df77835656c79d788429f9c9806a6 av_three_fourth  avia-builder-el-0  el_before_av_one_third  avia-builder-el-first  first flex_column_div  '     ><style type=\"text\/css\" data-created_by=\"avia_inline_auto\" id=\"style-css-av-l8u9oblx-3bccc217a20d53c1d3d36a626e4b347c\">\n.iconbox.av-l8u9oblx-3bccc217a20d53c1d3d36a626e4b347c .iconbox_icon{\ncolor:#001489;\n}\n.iconbox.av-l8u9oblx-3bccc217a20d53c1d3d36a626e4b347c .iconbox_icon.avia-svg-icon svg:first-child{\nfill:#001489;\nstroke:#001489;\n}\n#top #wrap_all .iconbox.av-l8u9oblx-3bccc217a20d53c1d3d36a626e4b347c .iconbox_content_title{\ncolor:#001489;\n}\n.iconbox.av-l8u9oblx-3bccc217a20d53c1d3d36a626e4b347c .iconbox_content_container{\ncolor:#001489;\n}\n<\/style>\n<article  class='iconbox iconbox_left av-l8u9oblx-3bccc217a20d53c1d3d36a626e4b347c  avia-builder-el-1  avia-builder-el-no-sibling '  itemscope=\"itemscope\" itemtype=\"https:\/\/schema.org\/CreativeWork\" ><div class=\"iconbox_content\"><header class=\"entry-content-header\" aria-label=\"Icon: \u00cdndice de temas\"><div class='iconbox_icon heading-color avia-iconfont avia-font-entypo-fontello' data-av_icon='\ue84c' data-av_iconfont='entypo-fontello'  ><\/div><h3 class='iconbox_content_title '  itemprop=\"headline\" >\u00cdndice de temas<\/h3><\/header><div class='iconbox_content_container av_inherit_color'  itemprop=\"text\" ><p><a href=\"https:\/\/attra.ncat.org\/es\/indice-de-temas-de-attra\/\">Haga clic aqu\u00ed para ver una lista completa de las p\u00e1ginas tem\u00e1ticas de ATTRA.<\/a><\/p>\n<\/div><\/div><footer class=\"entry-footer\"><\/footer><\/article><\/div>\n<div  class='flex_column av-c13qaub-01ebff596e9536ade6aa99ca7b726473 av_one_third  avia-builder-el-2  el_after_av_three_fourth  el_before_av_one_third  first flex_column_div  column-top-margin'     ><article  class='iconbox iconbox_top av-l6406vb2-96578ab0a45e88dca92410a2363c26db  avia-builder-el-3  avia-builder-el-no-sibling  main_color'  itemscope=\"itemscope\" itemtype=\"https:\/\/schema.org\/CreativeWork\" ><div class=\"iconbox_content\"><header class=\"entry-content-header\" aria-label=\"Icon: Negocios y Marketing\"><a href='https:\/\/attra.ncat.org\/es\/negocios-y-marketing\/' title='Negocios y Marketing' aria-label='Negocios y Marketing'  class='iconbox_icon heading-color avia-iconfont avia-font-entypo-fontello' data-av_icon='\ue80b' data-av_iconfont='entypo-fontello' title=\"Negocios y Marketing\" desc=\"Negocios y Marketing\" ><\/a><h3 class='iconbox_content_title '  itemprop=\"headline\" ><a href='https:\/\/attra.ncat.org\/es\/negocios-y-marketing\/' title='Negocios y Marketing' >Negocios y Marketing<\/a><\/h3><\/header><div class='iconbox_content_container '  itemprop=\"text\" ><p><a href=\"https:\/\/attra.ncat.org\/es\/negocios-y-marketing\/\"><img loading=\"lazy\" decoding=\"async\" class=\"alignnone size-portfolio wp-image-124819\" src=\"https:\/\/attradev.ncat.org\/wp-content\/uploads\/2022\/07\/cindy-ayers-1024x683-1-495x400.jpg\" alt=\"Cindy Ayers vendiendo productos en un mercado local\" width=\"495\" height=\"400\" srcset=\"https:\/\/attra.ncat.org\/wp-content\/uploads\/2022\/07\/cindy-ayers-1024x683-1-495x400.jpg 495w, https:\/\/attra.ncat.org\/wp-content\/uploads\/2022\/07\/cindy-ayers-1024x683-1-845x683.jpg 845w\" sizes=\"auto, (max-width: 495px) 100vw, 495px\" \/><\/a><\/p>\n<\/div><\/div><footer class=\"entry-footer\"><\/footer><\/article><\/div>\n<div  class='flex_column av-7zy4qar-5a587c0fcb992acbc3c503e09145bed7 av_one_third  avia-builder-el-4  el_after_av_one_third  el_before_av_one_third  flex_column_div  column-top-margin'     ><article  class='iconbox iconbox_top av-l8nkf4d0-85cf633da58dc6e27330bb228925615d  avia-builder-el-5  avia-builder-el-no-sibling  main_color'  itemscope=\"itemscope\" itemtype=\"https:\/\/schema.org\/CreativeWork\" ><div class=\"iconbox_content\"><header class=\"entry-content-header\" aria-label=\"Icon: Soluciones clim\u00e1ticas\"><a href='https:\/\/attra.ncat.org\/es\/soluciones-climaticas\/' title='Soluciones clim\u00e1ticas' aria-label='Soluciones clim\u00e1ticas'  class='iconbox_icon heading-color avia-iconfont avia-font-entypo-fontello' data-av_icon='\ue8b1' data-av_iconfont='entypo-fontello' title=\"Soluciones clim\u00e1ticas\" desc=\"Soluciones clim\u00e1ticas\" ><\/a><h3 class='iconbox_content_title '  itemprop=\"headline\" ><a href='https:\/\/attra.ncat.org\/es\/soluciones-climaticas\/' title='Soluciones clim\u00e1ticas' >Soluciones clim\u00e1ticas<\/a><\/h3><\/header><div class='iconbox_content_container '  itemprop=\"text\" ><p><a href=\"https:\/\/attra.ncat.org\/es\/soluciones-climaticas\/\"><img loading=\"lazy\" decoding=\"async\" class=\"aligncenter wp-image-131368 size-portfolio\" src=\"https:\/\/attradev.ncat.org\/wp-content\/uploads\/2022\/09\/50727153536_c1adb15177_5k-495x400.jpg\" alt=\"Vista a\u00e9rea del lecho de un arroyo de Montana\" width=\"495\" height=\"400\" srcset=\"https:\/\/attra.ncat.org\/wp-content\/uploads\/2022\/09\/50727153536_c1adb15177_5k-495x400.jpg 495w, https:\/\/attra.ncat.org\/wp-content\/uploads\/2022\/09\/50727153536_c1adb15177_5k-845x684.jpg 845w\" sizes=\"auto, (max-width: 495px) 100vw, 495px\" \/><\/a><\/p>\n<\/div><\/div><footer class=\"entry-footer\"><\/footer><\/article><\/div>\n<div  class='flex_column av-u54cvj7-20f5515151c086a3c664d4980c3edf81 av_one_third  avia-builder-el-6  el_after_av_one_third  el_before_av_one_third  flex_column_div  column-top-margin'     ><article  class='iconbox iconbox_top av-l640f9yg-4fa16588c6bdf6eea3f710e1c1056407  avia-builder-el-7  avia-builder-el-no-sibling  main_color'  itemscope=\"itemscope\" itemtype=\"https:\/\/schema.org\/CreativeWork\" ><div class=\"iconbox_content\"><header class=\"entry-content-header\" aria-label=\"Icon: Cultivos\"><a href='https:\/\/attra.ncat.org\/es\/cultivos\/' title='Cultivos' aria-label='Cultivos'  class='iconbox_icon heading-color avia-iconfont avia-font-entypo-fontello' data-av_icon='\ue8b8' data-av_iconfont='entypo-fontello' title=\"Cultivos\" desc=\"Cultivos\" ><\/a><h3 class='iconbox_content_title '  itemprop=\"headline\" ><a href='https:\/\/attra.ncat.org\/es\/cultivos\/' title='Cultivos' >Cultivos<\/a><\/h3><\/header><div class='iconbox_content_container '  itemprop=\"text\" ><p><a href=\"https:\/\/attra.ncat.org\/es\/cultivos\/\"><img loading=\"lazy\" decoding=\"async\" class=\"alignnone wp-image-124407 size-portfolio\" src=\"https:\/\/attradev.ncat.org\/wp-content\/uploads\/2022\/07\/48727489208_942a2a9e20_k-495x400.jpg\" alt=\"Un agricultor sostiene r\u00e1banos reci\u00e9n arrancados\" width=\"495\" height=\"400\" srcset=\"https:\/\/attra.ncat.org\/wp-content\/uploads\/2022\/07\/48727489208_942a2a9e20_k-495x400.jpg 495w, https:\/\/attra.ncat.org\/wp-content\/uploads\/2022\/07\/48727489208_942a2a9e20_k-845x684.jpg 845w\" sizes=\"auto, (max-width: 495px) 100vw, 495px\" \/><\/a><\/p>\n<\/div><\/div><footer class=\"entry-footer\"><\/footer><\/article><\/div>\n<div  class='flex_column av-88gqyub-2bf59920e5fc6ba805a0c843870abe7a av_one_third  avia-builder-el-8  el_after_av_one_third  el_before_av_one_third  first flex_column_div  column-top-margin'     ><article  class='iconbox iconbox_top av-l8uq810q-220b24c9dd7cd721ff863a455f4f7f9f  avia-builder-el-9  avia-builder-el-no-sibling  main_color'  itemscope=\"itemscope\" itemtype=\"https:\/\/schema.org\/CreativeWork\" ><div class=\"iconbox_content\"><header class=\"entry-content-header\" aria-label=\"Icon: Maquinaria\"><a href='https:\/\/attra.ncat.org\/es\/equipo\/' title='Maquinaria' aria-label='Maquinaria'  class='iconbox_icon heading-color avia-iconfont avia-font-entypo-fontello' data-av_icon='\ue856' data-av_iconfont='entypo-fontello' title=\"Maquinaria\" desc=\"Maquinaria\" ><\/a><h3 class='iconbox_content_title '  itemprop=\"headline\" ><a href='https:\/\/attra.ncat.org\/es\/equipo\/' title='Maquinaria' >Maquinaria<\/a><\/h3><\/header><div class='iconbox_content_container '  itemprop=\"text\" ><p><a href=\"https:\/\/attra.ncat.org\/es\/equipo\/\"><img loading=\"lazy\" decoding=\"async\" class=\"alignright size-portfolio wp-image-130240\" src=\"https:\/\/attra.ncat.org\/wp-content\/uploads\/2022\/09\/Alicia-on-tractor-495x400.jpg\" alt=\"Participante de Militar a Cultivar en un tractor\" width=\"495\" height=\"400\" srcset=\"https:\/\/attra.ncat.org\/wp-content\/uploads\/2022\/09\/Alicia-on-tractor-495x400.jpg 495w, https:\/\/attra.ncat.org\/wp-content\/uploads\/2022\/09\/Alicia-on-tractor-845x684.jpg 845w\" sizes=\"auto, (max-width: 495px) 100vw, 495px\" \/><\/a><\/p>\n<\/div><\/div><footer class=\"entry-footer\"><\/footer><\/article><\/div><div  class='flex_column av-6k7su1v-66eaa0bacd7e68d11e15ab9c316fada6 av_one_third  avia-builder-el-10  el_after_av_one_third  el_before_av_one_third  flex_column_div  column-top-margin'     ><article  class='iconbox iconbox_top av-l645kuvy-913ef767233471d9c2eda198ed9c88b3  avia-builder-el-11  avia-builder-el-no-sibling  main_color'  itemscope=\"itemscope\" itemtype=\"https:\/\/schema.org\/CreativeWork\" ><div class=\"iconbox_content\"><header class=\"entry-content-header\" aria-label=\"Icon: Energ\u00eda agr\u00edcola\"><a href='https:\/\/attra.ncat.org\/es\/energia-agricola\/' title='Energ\u00eda agr\u00edcola' aria-label='Energ\u00eda agr\u00edcola'  class='iconbox_icon heading-color avia-iconfont avia-font-entypo-fontello' data-av_icon='\ue866' data-av_iconfont='entypo-fontello' title=\"Energ\u00eda agr\u00edcola\" desc=\"Energ\u00eda agr\u00edcola\" ><\/a><h3 class='iconbox_content_title '  itemprop=\"headline\" ><a href='https:\/\/attra.ncat.org\/es\/energia-agricola\/' title='Energ\u00eda agr\u00edcola' >Energ\u00eda agr\u00edcola<\/a><\/h3><\/header><div class='iconbox_content_container '  itemprop=\"text\" ><p><img loading=\"lazy\" decoding=\"async\" class=\"alignnone size-portfolio wp-image-124868\" src=\"https:\/\/attradev.ncat.org\/wp-content\/uploads\/2022\/07\/Solar-Sheep-5-Heidi-KU-495x400.jpg\" alt=\"Una oveja bajo un panel solar\" width=\"495\" height=\"400\" srcset=\"https:\/\/attra.ncat.org\/wp-content\/uploads\/2022\/07\/Solar-Sheep-5-Heidi-KU-495x400.jpg 495w, https:\/\/attra.ncat.org\/wp-content\/uploads\/2022\/07\/Solar-Sheep-5-Heidi-KU-845x684.jpg 845w\" sizes=\"auto, (max-width: 495px) 100vw, 495px\" \/><\/p>\n<\/div><\/div><footer class=\"entry-footer\"><\/footer><\/article><\/div><\/p>\n<div  class='flex_column av-r0fh7hf-fbd2ea881a557cb909c5d4b33ce284f1 av_one_third  avia-builder-el-12  el_after_av_one_third  el_before_av_one_third  flex_column_div  column-top-margin'     ><article  class='iconbox iconbox_top av-l640sytm-f46fccad06f6e7de5e1de460fb056b13  avia-builder-el-13  avia-builder-el-no-sibling  main_color'  itemscope=\"itemscope\" itemtype=\"https:\/\/schema.org\/CreativeWork\" ><div class=\"iconbox_content\"><header class=\"entry-content-header\" aria-label=\"Icon: Start-Up Agr\u00edcola\"><a href='https:\/\/attra.ncat.org\/es\/acerca-de\/' title='Start-Up Agr\u00edcola' aria-label='Start-Up Agr\u00edcola'  class='iconbox_icon heading-color avia-iconfont avia-font-entypo-fontello' data-av_icon='\ue843' data-av_iconfont='entypo-fontello' title=\"Start-Up Agr\u00edcola\" desc=\"Start-Up Agr\u00edcola\" ><\/a><h3 class='iconbox_content_title '  itemprop=\"headline\" ><a href='https:\/\/attra.ncat.org\/es\/acerca-de\/' title='Start-Up Agr\u00edcola' >Start-Up Agr\u00edcola<\/a><\/h3><\/header><div class='iconbox_content_container '  itemprop=\"text\" ><p><a href=\"https:\/\/attra.ncat.org\/es\/puesta-en-marcha-de-la-granja\/\"><img loading=\"lazy\" decoding=\"async\" class=\"alignnone size-portfolio wp-image-124849\" src=\"https:\/\/attradev.ncat.org\/wp-content\/uploads\/2022\/07\/Farmer-in-an-Orchard-495x400.png\" alt=\"Agricultor de pie en un huerto\" width=\"495\" height=\"400\" srcset=\"https:\/\/attra.ncat.org\/wp-content\/uploads\/2022\/07\/Farmer-in-an-Orchard-495x400.png 495w, https:\/\/attra.ncat.org\/wp-content\/uploads\/2022\/07\/Farmer-in-an-Orchard-845x684.png 845w\" sizes=\"auto, (max-width: 495px) 100vw, 495px\" \/><\/a><\/p>\n<\/div><\/div><footer class=\"entry-footer\"><\/footer><\/article><\/div>\n<div  class='flex_column av-lkte49v-0a9ef9199933d6858e9e10ca6751d719 av_one_third  avia-builder-el-14  el_after_av_one_third  el_before_av_one_third  first flex_column_div  column-top-margin'     ><article  class='iconbox iconbox_top av-l640wgs6-ddcf81663a3fbed39303c1b7ac64f6f9  avia-builder-el-15  avia-builder-el-no-sibling  main_color'  itemscope=\"itemscope\" itemtype=\"https:\/\/schema.org\/CreativeWork\" ><div class=\"iconbox_content\"><header class=\"entry-content-header\" aria-label=\"Icon: Bienestar del agricultor\"><a href='https:\/\/attra.ncat.org\/es\/bienestar-del-agricultor\/' title='Bienestar del agricultor' aria-label='Bienestar del agricultor'  class='iconbox_icon heading-color avia-iconfont avia-font-entypo-fontello' data-av_icon='\ue806' data-av_iconfont='entypo-fontello' title=\"Bienestar del agricultor\" desc=\"Bienestar del agricultor\" ><\/a><h3 class='iconbox_content_title '  itemprop=\"headline\" ><a href='https:\/\/attra.ncat.org\/es\/bienestar-del-agricultor\/' title='Bienestar del agricultor' >Bienestar del agricultor<\/a><\/h3><\/header><div class='iconbox_content_container '  itemprop=\"text\" ><p><a href=\"https:\/\/attra.ncat.org\/es\/bienestar-del-agricultor\/\"><img loading=\"lazy\" decoding=\"async\" class=\"alignnone wp-image-124828 size-portfolio\" src=\"https:\/\/attradev.ncat.org\/wp-content\/uploads\/2022\/07\/RS5995_20170613_NCAT_ArmedToFarm_0149-scaled-e1658951744163-495x400.jpg\" alt=\"El agricultor veterano de Militar a Cultivar durante una formaci\u00f3n en su granja\" width=\"495\" height=\"400\" srcset=\"https:\/\/attra.ncat.org\/wp-content\/uploads\/2022\/07\/RS5995_20170613_NCAT_ArmedToFarm_0149-scaled-e1658951744163-495x400.jpg 495w, https:\/\/attra.ncat.org\/wp-content\/uploads\/2022\/07\/RS5995_20170613_NCAT_ArmedToFarm_0149-scaled-e1658951744163-845x684.jpg 845w\" sizes=\"auto, (max-width: 495px) 100vw, 495px\" \/><\/a><\/p>\n<\/div><\/div><footer class=\"entry-footer\"><\/footer><\/article><\/div>\n<div  class='flex_column av-fl0y71f-1b997a2749db68951ae3057464a3eb18 av_one_third  avia-builder-el-16  el_after_av_one_third  el_before_av_one_third  flex_column_div  column-top-margin'     ><article  class='iconbox iconbox_top av-l6413g3z-13f04e20a465b2e268b27ea836e0e79a  avia-builder-el-17  avia-builder-el-no-sibling  main_color'  itemscope=\"itemscope\" itemtype=\"https:\/\/schema.org\/CreativeWork\" ><div class=\"iconbox_content\"><header class=\"entry-content-header\" aria-label=\"Icon: Ganado\"><a href='https:\/\/attra.ncat.org\/es\/ganado\/' title='Ganado' aria-label='Ganado'  class='iconbox_icon heading-color avia-iconfont avia-font-entypo-fontello' data-av_icon='\ue821' data-av_iconfont='entypo-fontello' title=\"Ganado\" desc=\"Ganado\" ><\/a><h3 class='iconbox_content_title '  itemprop=\"headline\" ><a href='https:\/\/attra.ncat.org\/es\/ganado\/' title='Ganado' >Ganado<\/a><\/h3><\/header><div class='iconbox_content_container '  itemprop=\"text\" ><p><a href=\"https:\/\/attra.ncat.org\/es\/ganado\/\"><img loading=\"lazy\" decoding=\"async\" class=\"alignnone size-portfolio wp-image-124824\" src=\"https:\/\/attradev.ncat.org\/wp-content\/uploads\/2022\/07\/IMG_3283-495x400.jpeg\" alt=\"Cerdo de pie en un campo de Texas\" width=\"495\" height=\"400\" srcset=\"https:\/\/attra.ncat.org\/wp-content\/uploads\/2022\/07\/IMG_3283-495x400.jpeg 495w, https:\/\/attra.ncat.org\/wp-content\/uploads\/2022\/07\/IMG_3283-845x684.jpeg 845w\" sizes=\"auto, (max-width: 495px) 100vw, 495px\" \/><\/a><\/p>\n<\/div><\/div><footer class=\"entry-footer\"><\/footer><\/article><\/div>\n<div  class='flex_column av-ahaxrs3-edd132ba906de96b80d03faf4f9677de av_one_third  avia-builder-el-18  el_after_av_one_third  el_before_av_one_third  flex_column_div  column-top-margin'     ><article  class='iconbox iconbox_top av-69y2ndv-ebe91d8ffc3ddc0df3236c0d67e9f3a6  avia-builder-el-19  avia-builder-el-no-sibling  main_color'  itemscope=\"itemscope\" itemtype=\"https:\/\/schema.org\/CreativeWork\" ><div class=\"iconbox_content\"><header class=\"entry-content-header\" aria-label=\"Icon: Sistemas agroalimentarios locales\"><a href='https:\/\/attra.ncat.org\/es\/category\/sistemas-alimentarios-locales\/' title='Sistemas agroalimentarios locales' aria-label='Sistemas agroalimentarios locales'  class='iconbox_icon heading-color avia-iconfont avia-font-entypo-fontello' data-av_icon='\ue859' data-av_iconfont='entypo-fontello' title=\"Sistemas agroalimentarios locales\" desc=\"Sistemas agroalimentarios locales\" ><\/a><h3 class='iconbox_content_title '  itemprop=\"headline\" ><a href='https:\/\/attra.ncat.org\/es\/category\/sistemas-alimentarios-locales\/' title='Sistemas agroalimentarios locales' >Sistemas agroalimentarios locales<\/a><\/h3><\/header><div class='iconbox_content_container '  itemprop=\"text\" ><p><a href=\"https:\/\/attra.ncat.org\/es\/sistemas-alimentarios-locales\/\"><img loading=\"lazy\" decoding=\"async\" class=\"alignnone size-portfolio wp-image-124864\" src=\"https:\/\/attradev.ncat.org\/wp-content\/uploads\/2022\/07\/willowwood_farm-1-495x400.jpg\" alt=\"Un ni\u00f1o y sus padres pasean por el mercado de Willowwood Farm\" width=\"495\" height=\"400\" srcset=\"https:\/\/attra.ncat.org\/wp-content\/uploads\/2022\/07\/willowwood_farm-1-495x400.jpg 495w, https:\/\/attra.ncat.org\/wp-content\/uploads\/2022\/07\/willowwood_farm-1-845x684.jpg 845w\" sizes=\"auto, (max-width: 495px) 100vw, 495px\" \/><\/a><\/p>\n<\/div><\/div><footer class=\"entry-footer\"><\/footer><\/article><\/div>\n<div  class='flex_column av-gen9jhf-8830607884ec79105ce98ab414a84106 av_one_third  avia-builder-el-20  el_after_av_one_third  el_before_av_one_third  first flex_column_div  column-top-margin'     ><article  class='iconbox iconbox_top av-l6452f6c-df3719d27822c6d32933ceb29783993a  avia-builder-el-21  avia-builder-el-no-sibling  main_color'  itemscope=\"itemscope\" itemtype=\"https:\/\/schema.org\/CreativeWork\" ><div class=\"iconbox_content\"><header class=\"entry-content-header\" aria-label=\"Icon: Agricultura org\u00e1nica\"><a href='https:\/\/attra.ncat.org\/es\/agricultura-organica\/' title='Agricultura org\u00e1nica' aria-label='Agricultura org\u00e1nica'  class='iconbox_icon heading-color avia-iconfont avia-font-entypo-fontello' data-av_icon='\ue891' data-av_iconfont='entypo-fontello' title=\"Agricultura org\u00e1nica\" desc=\"Agricultura org\u00e1nica\" ><\/a><h3 class='iconbox_content_title '  itemprop=\"headline\" ><a href='https:\/\/attra.ncat.org\/es\/agricultura-organica\/' title='Agricultura org\u00e1nica' >Agricultura org\u00e1nica<\/a><\/h3><\/header><div class='iconbox_content_container '  itemprop=\"text\" ><p><a href=\"https:\/\/attra.ncat.org\/es\/agricultura-organica\/\"><img loading=\"lazy\" decoding=\"async\" class=\"alignnone size-portfolio wp-image-117731\" src=\"https:\/\/attradev.ncat.org\/wp-content\/uploads\/2022\/04\/S4W-Film-Farmer-in-Field-1-495x400.jpg\" alt=\"Un agricultor camina por su campo\" width=\"495\" height=\"400\"><\/a><\/p>\n<\/div><\/div><footer class=\"entry-footer\"><\/footer><\/article><\/div>\n<div  class='flex_column av-aq7ueub-5541bf331960a78c14437a5e034c0c95 av_one_third  avia-builder-el-22  el_after_av_one_third  el_before_av_one_third  flex_column_div  column-top-margin'     ><article  class='iconbox iconbox_top av-l6458yeu-2d2ce8a75f44793ff575b38d8dd3bc99  avia-builder-el-23  avia-builder-el-no-sibling  main_color'  itemscope=\"itemscope\" itemtype=\"https:\/\/schema.org\/CreativeWork\" ><div class=\"iconbox_content\"><header class=\"entry-content-header\" aria-label=\"Icon: Manejo de plagas\"><a href='https:\/\/attra.ncat.org\/es\/gestion-de-plagas\/' title='Manejo de plagas' aria-label='Manejo de plagas'  class='iconbox_icon heading-color avia-iconfont avia-font-entypo-fontello' data-av_icon='\ue812' data-av_iconfont='entypo-fontello' title=\"Manejo de plagas\" desc=\"Manejo de plagas\" ><\/a><h3 class='iconbox_content_title '  itemprop=\"headline\" ><a href='https:\/\/attra.ncat.org\/es\/gestion-de-plagas\/' title='Manejo de plagas' >Manejo de plagas<\/a><\/h3><\/header><div class='iconbox_content_container '  itemprop=\"text\" ><p><a href=\"https:\/\/attra.ncat.org\/es\/gestion-de-plagas\/\"><img loading=\"lazy\" decoding=\"async\" class=\"size-portfolio wp-image-91291\" src=\"https:\/\/attradev.ncat.org\/wp-content\/uploads\/2021\/05\/Lygus-bug-usda-ars-scaled-1-495x400.jpg\" alt=\"El bicho Lygus se sienta en una hoja verde\" width=\"495\" height=\"400\" srcset=\"https:\/\/attra.ncat.org\/wp-content\/uploads\/2021\/05\/Lygus-bug-usda-ars-scaled-1-495x400.jpg 495w, https:\/\/attra.ncat.org\/wp-content\/uploads\/2021\/05\/Lygus-bug-usda-ars-scaled-1-845x684.jpg 845w\" sizes=\"auto, (max-width: 495px) 100vw, 495px\" \/><\/a><\/p>\n<\/div><\/div><footer class=\"entry-footer\"><\/footer><\/article><\/div>\n<div  class='flex_column av-55x9nfn-74971955e8e6fd68beb76cd3b1bccb51 av_one_third  avia-builder-el-24  el_after_av_one_third  avia-builder-el-last  flex_column_div  column-top-margin'     ><article  class='iconbox iconbox_top av-l645bhfz-864f39c86406309d798c0be849f0c2e1  avia-builder-el-25  avia-builder-el-no-sibling  main_color'  itemscope=\"itemscope\" itemtype=\"https:\/\/schema.org\/CreativeWork\" ><div class=\"iconbox_content\"><header class=\"entry-content-header\" aria-label=\"Icon: Suelo\"><a href='https:\/\/attra.ncat.org\/es\/suelo\/' title='Suelo' aria-label='Suelo'  class='iconbox_icon heading-color avia-iconfont avia-font-entypo-fontello' data-av_icon='\ue8ce' data-av_iconfont='entypo-fontello' title=\"Suelo\" desc=\"Suelo\" ><\/a><h3 class='iconbox_content_title '  itemprop=\"headline\" ><a href='https:\/\/attra.ncat.org\/es\/suelo\/' title='Suelo' >Suelo<\/a><\/h3><\/header><div class='iconbox_content_container '  itemprop=\"text\" ><p><a href=\"https:\/\/attra.ncat.org\/es\/suelo\/\"><img loading=\"lazy\" decoding=\"async\" class=\"alignnone size-portfolio wp-image-124862\" src=\"https:\/\/attradev.ncat.org\/wp-content\/uploads\/2022\/07\/Ellie-Fleshman-of-Fleshman-Farms-in-Teton-County-Montana-USDA-NRCS-Flickr-CC-495x400.jpg\" alt=\"Ellie Fleshman de Fleshman Farms en Teton County Montana \" width=\"495\" height=\"400\" srcset=\"https:\/\/attra.ncat.org\/wp-content\/uploads\/2022\/07\/Ellie-Fleshman-of-Fleshman-Farms-in-Teton-County-Montana-USDA-NRCS-Flickr-CC-495x400.jpg 495w, https:\/\/attra.ncat.org\/wp-content\/uploads\/2022\/07\/Ellie-Fleshman-of-Fleshman-Farms-in-Teton-County-Montana-USDA-NRCS-Flickr-CC-845x684.jpg 845w\" sizes=\"auto, (max-width: 495px) 100vw, 495px\" \/><\/a><\/p>\n<\/div><\/div><footer class=\"entry-footer\"><\/footer><\/article><\/div>\n","protected":false},"excerpt":{"rendered":"","protected":false},"author":1,"featured_media":124850,"parent":0,"menu_order":0,"comment_status":"closed","ping_status":"closed","template":"","meta":{"_acf_changed":false,"_price":"","_stock":"","_tribe_ticket_header":"","_tribe_default_ticket_provider":"","_tribe_ticket_capacity":"0","_ticket_start_date":"","_ticket_end_date":"","_tribe_ticket_show_description":"","_tribe_ticket_show_not_going":false,"_tribe_ticket_use_global_stock":"","_tribe_ticket_global_stock_level":"","_global_stock_mode":"","_global_stock_cap":"","_tribe_rsvp_for_event":"","_tribe_ticket_going_count":"","_tribe_ticket_not_going_count":"","_tribe_tickets_list":"[]","_tribe_ticket_has_attendee_info_fields":false,"footnotes":"","beyondwords_generate_audio":"","beyondwords_integration_method":"","beyondwords_project_id":"","beyondwords_content_id":"","beyondwords_preview_token":"","beyondwords_player_content":"","beyondwords_player_style":"","beyondwords_language_code":"","beyondwords_language_id":"","beyondwords_title_voice_id":"","beyondwords_body_voice_id":"","beyondwords_summary_voice_id":"","beyondwords_error_message":"","beyondwords_disabled":"","beyondwords_delete_content":"","beyondwords_podcast_id":"","beyondwords_hash":"","publish_post_to_speechkit":"","speechkit_hash":"","speechkit_generate_audio":"","speechkit_project_id":"","speechkit_podcast_id":"","speechkit_error_message":"","speechkit_disabled":"","speechkit_access_key":"","speechkit_error":"","speechkit_info":"","speechkit_response":"","speechkit_retries":"","speechkit_status":"","speechkit_updated_at":"","_speechkit_link":"","_speechkit_text":"","_tec_slr_enabled":"","_tec_slr_layout":""},"categories":[],"tags":[],"class_list":["post-134364","page","type-page","status-publish","has-post-thumbnail","hentry"],"acf":[],"publishpress_future_workflow_manual_trigger":{"enabledWorkflows":[]},"distributor_meta":false,"distributor_terms":false,"distributor_media":false,"distributor_original_site_name":"ATTRA - Agricultura Sustentable","distributor_original_site_url":"https:\/\/attra.ncat.org\/es\/","push-errors":false,"ticketed":false,"_links":{"self":[{"href":"https:\/\/attra.ncat.org\/es\/wp-json\/wp\/v2\/pages\/134364","targetHints":{"allow":["GET"]}}],"collection":[{"href":"https:\/\/attra.ncat.org\/es\/wp-json\/wp\/v2\/pages"}],"about":[{"href":"https:\/\/attra.ncat.org\/es\/wp-json\/wp\/v2\/types\/page"}],"author":[{"embeddable":true,"href":"https:\/\/attra.ncat.org\/es\/wp-json\/wp\/v2\/users\/1"}],"replies":[{"embeddable":true,"href":"https:\/\/attra.ncat.org\/es\/wp-json\/wp\/v2\/comments?post=134364"}],"version-history":[{"count":16,"href":"https:\/\/attra.ncat.org\/es\/wp-json\/wp\/v2\/pages\/134364\/revisions"}],"predecessor-version":[{"id":137723,"href":"https:\/\/attra.ncat.org\/es\/wp-json\/wp\/v2\/pages\/134364\/revisions\/137723"}],"wp:featuredmedia":[{"embeddable":true,"href":"https:\/\/attra.ncat.org\/es\/wp-json\/wp\/v2\/media\/124850"}],"wp:attachment":[{"href":"https:\/\/attra.ncat.org\/es\/wp-json\/wp\/v2\/media?parent=134364"}],"wp:term":[{"taxonomy":"category","embeddable":true,"href":"https:\/\/attra.ncat.org\/es\/wp-json\/wp\/v2\/categories?post=134364"},{"taxonomy":"post_tag","embeddable":true,"href":"https:\/\/attra.ncat.org\/es\/wp-json\/wp\/v2\/tags?post=134364"}],"curies":[{"name":"wp","href":"https:\/\/api.w.org\/{rel}","templated":true}]}}