

{"id":134392,"date":"2022-06-20T17:41:39","date_gmt":"2022-06-20T22:41:39","guid":{"rendered":"https:\/\/attra.ncat.org\/centro-de-practicas\/"},"modified":"2023-05-17T14:03:23","modified_gmt":"2023-05-17T19:03:23","slug":"centro-de-practicas","status":"publish","type":"page","link":"https:\/\/attra.ncat.org\/es\/centro-de-practicas\/","title":{"rendered":"Red de Pasant\u00edas"},"content":{"rendered":"\n<style type=\"text\/css\" data-created_by=\"avia_inline_auto\" id=\"style-css-av-l66v4751-784e4636f3c8552dc49fac982cbde6ca\">\n#top .av-special-heading.av-l66v4751-784e4636f3c8552dc49fac982cbde6ca{\npadding-bottom:10px;\n}\nbody .av-special-heading.av-l66v4751-784e4636f3c8552dc49fac982cbde6ca .av-special-heading-tag .heading-char{\nfont-size:25px;\n}\n.av-special-heading.av-l66v4751-784e4636f3c8552dc49fac982cbde6ca .av-subheading{\nfont-size:15px;\n}\n<\/style>\n<div  class='av-special-heading av-l66v4751-784e4636f3c8552dc49fac982cbde6ca av-special-heading-h1 blockquote modern-quote  avia-builder-el-0  el_before_av_one_half  avia-builder-el-first  av-thin-font'><h1 class='av-special-heading-tag '  itemprop=\"headline\"  ><strong>Pasant\u00edas de ATTRA<\/strong><\/h1><div class=\"special-heading-border\"><div class=\"special-heading-inner-border\"><\/div><\/div><\/div>\n<div  class='flex_column av-8qveeyr-720e769d40a3bf76bfefc7c4f7817445 av_one_half  avia-builder-el-1  el_after_av_heading  el_before_av_one_half  first flex_column_div  '     ><article  class='iconbox iconbox_top av-l6mro362-ec75e97097c4798b0298e84ff30e97e5  avia-builder-el-2  avia-builder-el-no-sibling  main_color'  itemscope=\"itemscope\" itemtype=\"https:\/\/schema.org\/CreativeWork\" ><div class=\"iconbox_content\"><header class=\"entry-content-header\" aria-label=\"Icon: Buscar una pasant\u00eda\"><div class='iconbox_icon heading-color avia-iconfont avia-font-entypo-fontello' data-av_icon='\ue83c' data-av_iconfont='entypo-fontello'  ><\/div><h3 class='iconbox_content_title '  itemprop=\"headline\" >Buscar una pasant\u00eda<\/h3><\/header><div class='iconbox_content_container '  itemprop=\"text\" ><p>Navegue por el siguiente mapa para encontrar una oportunidad de pasant\u00edas, o utilice <a href=\"..\/internship-list\/\">la b\u00fasqueda avanzada<\/a> para acortar a\u00fan m\u00e1s los resultados.<br \/>\n<strong><a href=\"https:\/\/attra.ncat.org\/es\/lista-de-pasantias\/\">Ir \u2192<\/a><\/strong><\/p>\n<\/div><\/div><footer class=\"entry-footer\"><\/footer><\/article><\/div>\n<div  class='flex_column av-bax941v-e93ce95da95deec5540459f5955e6139 av_one_half  avia-builder-el-3  el_after_av_one_half  el_before_av_hr  flex_column_div  '     ><article  class='iconbox iconbox_top av-l6mrmvf0-ec7b9d02f7ce9ec8c84b0a893823f2cf  avia-builder-el-4  avia-builder-el-no-sibling  main_color'  itemscope=\"itemscope\" itemtype=\"https:\/\/schema.org\/CreativeWork\" ><div class=\"iconbox_content\"><header class=\"entry-content-header\" aria-label=\"Icon: Contratar a un becario\"><div class='iconbox_icon heading-color avia-iconfont avia-font-entypo-fontello' data-av_icon='\ue80c' data-av_iconfont='entypo-fontello'  ><\/div><h3 class='iconbox_content_title '  itemprop=\"headline\" >Contratar a un becario<\/h3><\/header><div class='iconbox_content_container '  itemprop=\"text\" ><p>\u00bfEs usted un agricultor que desea publicar una pasant\u00eda en el mapa interactivo que aparece a continuaci\u00f3n?<br \/>\n<strong><a href=\"https:\/\/attra.ncat.org\/es\/publicar-una-pasantia\/\">Por favor, s\u00edganme \u2192<\/a><\/strong><\/p>\n<\/div><\/div><footer class=\"entry-footer\"><\/footer><\/article><\/div>\n<div  class='hr av-auqz6f7-e75a1f4b7e3267e5f4f17509fd8d9b87 hr-default  avia-builder-el-5  el_after_av_one_half  el_before_av_codeblock '><span class='hr-inner '><span class=\"hr-inner-style\"><\/span><\/span><\/div>\n\n<div  class='hr av-68ivd6r-c80285ebaba3fa2b42faaef54348ceb2 hr-default  avia-builder-el-7  el_after_av_codeblock  el_before_av_one_half '><span class='hr-inner '><span class=\"hr-inner-style\"><\/span><\/span><\/div>\n<div  class='flex_column av-xe0gn2b-aaadcfff7c0517224460f73b772c6e6c av_one_half  avia-builder-el-8  el_after_av_hr  el_before_av_one_half  first flex_column_div  '     ><p>\n<style type=\"text\/css\" data-created_by=\"avia_inline_auto\" id=\"style-css-av-l670ar6h-c99446282f02fc97bba71344e0a8eb9a\">\n#top .av-special-heading.av-l670ar6h-c99446282f02fc97bba71344e0a8eb9a{\npadding-bottom:10px;\n}\nbody .av-special-heading.av-l670ar6h-c99446282f02fc97bba71344e0a8eb9a .av-special-heading-tag .heading-char{\nfont-size:25px;\n}\n.av-special-heading.av-l670ar6h-c99446282f02fc97bba71344e0a8eb9a .av-subheading{\nfont-size:15px;\n}\n<\/style>\n<div  class='av-special-heading av-l670ar6h-c99446282f02fc97bba71344e0a8eb9a av-special-heading-h2 blockquote modern-quote  avia-builder-el-9  el_before_av_toggle_container  avia-builder-el-first '><h2 class='av-special-heading-tag '  itemprop=\"headline\"  >Preguntas frecuentes<\/h2><div class=\"special-heading-border\"><div class=\"special-heading-inner-border\"><\/div><\/div><\/div><br \/>\n<div  class='togglecontainer av-l66xe529-9ffcd09ce2ebe174a6070e8dc36f651a  avia-builder-el-10  el_after_av_heading  avia-builder-el-last  toggle_close_all' >\n<section class='av_toggle_section av-kqvrj5v-81e7828f525d26892dc4cdd6959f7817'  itemscope=\"itemscope\" itemtype=\"https:\/\/schema.org\/CreativeWork\" ><div role=\"tablist\" class=\"single_toggle\" data-tags=\"{All} \"  ><p id='toggle-toggle-id-1' data-fake-id='#toggle-id-1' class='toggler  av-title-above '  itemprop=\"headline\"  role='tab' tabindex='0' aria-controls='toggle-id-1' data-slide-speed=\"200\" data-title=\"\u00bfC\u00f3mo puedo crear una nueva lista de pasant\u00edas?\" data-title-open=\"\" data-aria_collapsed=\"Click to expand: \u00bfC\u00f3mo puedo crear una nueva lista de pasant\u00edas?\" data-aria_expanded=\"Click to collapse: \u00bfC\u00f3mo puedo crear una nueva lista de pasant\u00edas?\">\u00bfC\u00f3mo puedo crear una nueva lista de pasant\u00edas?<span class=\"toggle_icon\"><span class=\"vert_icon\"><\/span><span class=\"hor_icon\"><\/span><\/span><\/p><div id='toggle-id-1' aria-labelledby='toggle-toggle-id-1' role='region' class='toggle_wrap  av-title-above'  ><div class='toggle_content invers-color '  itemprop=\"text\" ><p>Para crear un nuevo listado de pasant\u00eda, vaya a la p\u00e1gina de P<a href=\"https:\/\/attra.ncat.org\/es\/publicar-una-pasantia\/\">ublicaci\u00f3n de pasant\u00edas<\/a>.<\/p>\n<\/div><\/div><\/div><\/section>\n<section class='av_toggle_section av-auwc2v7-064879f61831c0fdd794387ee9345ef9'  itemscope=\"itemscope\" itemtype=\"https:\/\/schema.org\/CreativeWork\" ><div role=\"tablist\" class=\"single_toggle\" data-tags=\"{All} \"  ><p id='toggle-toggle-id-2' data-fake-id='#toggle-id-2' class='toggler  av-title-above '  itemprop=\"headline\"  role='tab' tabindex='0' aria-controls='toggle-id-2' data-slide-speed=\"200\" data-title=\"\u00bfC\u00f3mo puedo editar mis pasant\u00edas existentes?\" data-title-open=\"\" data-aria_collapsed=\"Click to expand: \u00bfC\u00f3mo puedo editar mis pasant\u00edas existentes?\" data-aria_expanded=\"Click to collapse: \u00bfC\u00f3mo puedo editar mis pasant\u00edas existentes?\">\u00bfC\u00f3mo puedo editar mis pasant\u00edas existentes?<span class=\"toggle_icon\"><span class=\"vert_icon\"><\/span><span class=\"hor_icon\"><\/span><\/span><\/p><div id='toggle-id-2' aria-labelledby='toggle-toggle-id-2' role='region' class='toggle_wrap  av-title-above'  ><div class='toggle_content invers-color '  itemprop=\"text\" ><p>Para editar su lista de pasant\u00edas, <a href=\"\/login\/\">inicie sesi\u00f3n en su cuenta<\/a> y siga el enlace <a href=\"https:\/\/attra.ncat.org\/es\/mis-practicas\/\">&#8220;Mis pasant\u00edas<\/a> &#8221; en su panel de control. Haga clic en el icono del l\u00e1piz de la derecha.<\/p>\n<p><strong>Nota:<\/strong><\/p>\n<ul>\n<li>El icono de la cadena lleva a su listado, ya que los solicitantes de pr\u00e1cticas lo ver\u00e1n<\/li>\n<li>El icono del l\u00e1piz le permite editar su lista<\/li>\n<li>El icono de basura borra su lista. <strong>Util\u00edcelo con precauci\u00f3n, ya que es permanente.<\/strong><\/li>\n<\/ul>\n<\/div><\/div><\/div><\/section>\n<section class='av_toggle_section av-ul2aqir-a1e9196a1b22874a14166e53c7d0935f'  itemscope=\"itemscope\" itemtype=\"https:\/\/schema.org\/CreativeWork\" ><div role=\"tablist\" class=\"single_toggle\" data-tags=\"{All} \"  ><p id='toggle-toggle-id-3' data-fake-id='#toggle-id-3' class='toggler  av-title-above '  itemprop=\"headline\"  role='tab' tabindex='0' aria-controls='toggle-id-3' data-slide-speed=\"200\" data-title=\"\u00bfC\u00f3mo me conecto? Mi cuenta ya no funciona.\" data-title-open=\"\" data-aria_collapsed=\"Click to expand: \u00bfC\u00f3mo me conecto? Mi cuenta ya no funciona.\" data-aria_expanded=\"Click to collapse: \u00bfC\u00f3mo me conecto? Mi cuenta ya no funciona.\">\u00bfC\u00f3mo me conecto? Mi cuenta ya no funciona.<span class=\"toggle_icon\"><span class=\"vert_icon\"><\/span><span class=\"hor_icon\"><\/span><\/span><\/p><div id='toggle-id-3' aria-labelledby='toggle-toggle-id-3' role='region' class='toggle_wrap  av-title-above'  ><div class='toggle_content invers-color '  itemprop=\"text\" ><p>Esto probablemente significa que no has creado una cuenta. Para ello, siga estos pasos:<\/p>\n<ul>\n<li>En primer lugar, vaya a <a href=\"\/wp-login.php?action=register\">la p\u00e1gina de registro<\/a> e introduzca su email.<\/li>\n<li>Introduzca su nombre de usuario y su correo electr\u00f3nico<\/li>\n<li>Siga las instrucciones que le enviamos a su correo electr\u00f3nico<\/li>\n<\/ul>\n<\/div><\/div><\/div><\/section>\n<section class='av_toggle_section av-pmf2dz7-125b496daa0b5ec4f17b25a01d6360ec'  itemscope=\"itemscope\" itemtype=\"https:\/\/schema.org\/CreativeWork\" ><div role=\"tablist\" class=\"single_toggle\" data-tags=\"{All} \"  ><p id='toggle-toggle-id-4' data-fake-id='#toggle-id-4' class='toggler  av-title-above '  itemprop=\"headline\"  role='tab' tabindex='0' aria-controls='toggle-id-4' data-slide-speed=\"200\" data-title=\"Mi lista de pasant\u00edas ha desaparecido. \u00bfC\u00f3mo lo encuentro?\" data-title-open=\"\" data-aria_collapsed=\"Click to expand: Mi lista de pasant\u00edas ha desaparecido. \u00bfC\u00f3mo lo encuentro?\" data-aria_expanded=\"Click to collapse: Mi lista de pasant\u00edas ha desaparecido. \u00bfC\u00f3mo lo encuentro?\">Mi lista de pasant\u00edas ha desaparecido. \u00bfC\u00f3mo lo encuentro?<span class=\"toggle_icon\"><span class=\"vert_icon\"><\/span><span class=\"hor_icon\"><\/span><\/span><\/p><div id='toggle-id-4' aria-labelledby='toggle-toggle-id-4' role='region' class='toggle_wrap  av-title-above'  ><div class='toggle_content invers-color '  itemprop=\"text\" ><p>Hemos eliminado muchos listados de pr\u00e1cticas duplicados y antiguos. Si no encuentras el tuyo y quieres renovarlo, <a href=\"\/wp-login.php?checkemail=registered\"> crea una cuenta<\/a> (si a\u00fan no lo has hecho) y ponte en <a href=\"#\">contacto con nuestro equipo de asistencia<\/a>. Para un servicio m\u00e1s r\u00e1pido, incluya su nombre de usuario y el nombre de su granja en el correo electr\u00f3nico.<\/p>\n<\/div><\/div><\/div><\/section>\n<section class='av_toggle_section av-hz4gu6b-d962b1f52864f79cbc5e93cff25b9b8f'  itemscope=\"itemscope\" itemtype=\"https:\/\/schema.org\/CreativeWork\" ><div role=\"tablist\" class=\"single_toggle\" data-tags=\"{All} \"  ><p id='toggle-toggle-id-5' data-fake-id='#toggle-id-5' class='toggler  av-title-above '  itemprop=\"headline\"  role='tab' tabindex='0' aria-controls='toggle-id-5' data-slide-speed=\"200\" data-title=\"Necesito alejarme del la computadora, pero no he terminado de crear mi lista. \u00bfQu\u00e9 debo hacer?\" data-title-open=\"\" data-aria_collapsed=\"Click to expand: Necesito alejarme del la computadora, pero no he terminado de crear mi lista. \u00bfQu\u00e9 debo hacer?\" data-aria_expanded=\"Click to collapse: Necesito alejarme del la computadora, pero no he terminado de crear mi lista. \u00bfQu\u00e9 debo hacer?\">Necesito alejarme del la computadora, pero no he terminado de crear mi lista. \u00bfQu\u00e9 debo hacer?<span class=\"toggle_icon\"><span class=\"vert_icon\"><\/span><span class=\"hor_icon\"><\/span><\/span><\/p><div id='toggle-id-5' aria-labelledby='toggle-toggle-id-5' role='region' class='toggle_wrap  av-title-above'  ><div class='toggle_content invers-color '  itemprop=\"text\" ><p>Para guardar el listado preliminar al crear o editarlo, haga clic en el bot\u00f3n Guardar listado preliminar en la parte inferior del formulario. Cuando vuelva para continuar editando el listado preliminar, <a href=\"\/login\/\">inicie sesi\u00f3n<\/a> y siga el enlace <a href=\"https:\/\/attra.ncat.org\/es\/mis-practicas\/\">Mis pr\u00e1cticas<\/a> en su tablero, luego seleccione la pesta\u00f1a listado preliminar y haga clic en el icono del l\u00e1piz.<\/p>\n<\/div><\/div><\/div><\/section>\n<section class='av_toggle_section av-hz4gu6b-1-86c7e8bebf18a384053d5e55fa2b1ae8'  itemscope=\"itemscope\" itemtype=\"https:\/\/schema.org\/CreativeWork\" ><div role=\"tablist\" class=\"single_toggle\" data-tags=\"{All} \"  ><p id='toggle-toggle-id-6' data-fake-id='#toggle-id-6' class='toggler  av-title-above '  itemprop=\"headline\"  role='tab' tabindex='0' aria-controls='toggle-id-6' data-slide-speed=\"200\" data-title=\"Una vez que mi lista de pasant\u00edas se ha llenado, \u00bfc\u00f3mo puedo eliminar la lista?\" data-title-open=\"\" data-aria_collapsed=\"Click to expand: Una vez que mi lista de pasant\u00edas se ha llenado, \u00bfc\u00f3mo puedo eliminar la lista?\" data-aria_expanded=\"Click to collapse: Una vez que mi lista de pasant\u00edas se ha llenado, \u00bfc\u00f3mo puedo eliminar la lista?\">Una vez que mi lista de pasant\u00edas se ha llenado, \u00bfc\u00f3mo puedo eliminar la lista?<span class=\"toggle_icon\"><span class=\"vert_icon\"><\/span><span class=\"hor_icon\"><\/span><\/span><\/p><div id='toggle-id-6' aria-labelledby='toggle-toggle-id-6' role='region' class='toggle_wrap  av-title-above'  ><div class='toggle_content invers-color '  itemprop=\"text\" ><p>Hay dos maneras de eliminar su anuncio de las \u00e1reas activas, una que es permanente y otra que le permitir\u00e1 reutilizar el anuncio m\u00e1s adelante. Para eliminar permanentemente el listado, <a href=\"\/login\/\">inicie sesi\u00f3n<\/a> y vaya a la p\u00e1gina <a href=\"https:\/\/attra.ncat.org\/es\/mis-practicas\/\">Mis pr\u00e1cticas<\/a> y luego haga clic en el icono de basura. Si su puesto se ha cubierto para la temporada, pero quiere conservarlo para el a\u00f1o que viene, simplemente haga clic en el icono del l\u00e1piz y busque el bot\u00f3n Guardar borrador. Cuando quiera actualizar, publicar o habilitar su lista en el sitio, inicie sesi\u00f3n y vaya a la pesta\u00f1a de borrador en la p\u00e1gina <a href=\"https:\/\/attra.ncat.org\/es\/mis-practicas\/\">Mis pasant\u00edas<\/a> y haga clic en el icono del l\u00e1piz.<\/p>\n<\/div><\/div><\/div><\/section>\n<\/div><\/p><\/div>\n<div  class='flex_column av-8qccjlv-a6fb3eadaf2a05bf750ff456b900afb1 av_one_half  avia-builder-el-11  el_after_av_one_half  el_before_av_one_full  flex_column_div  '     ><p>\n<style type=\"text\/css\" data-created_by=\"avia_inline_auto\" id=\"style-css-av-l670jhfl-ab4444c8c0772bae6faaaf74a54c7715\">\n#top .av-special-heading.av-l670jhfl-ab4444c8c0772bae6faaaf74a54c7715{\npadding-bottom:10px;\n}\nbody .av-special-heading.av-l670jhfl-ab4444c8c0772bae6faaaf74a54c7715 .av-special-heading-tag .heading-char{\nfont-size:25px;\n}\n.av-special-heading.av-l670jhfl-ab4444c8c0772bae6faaaf74a54c7715 .av-subheading{\nfont-size:15px;\n}\n<\/style>\n<div  class='av-special-heading av-l670jhfl-ab4444c8c0772bae6faaaf74a54c7715 av-special-heading-h2 blockquote modern-quote  avia-builder-el-12  el_before_av_hr  avia-builder-el-first  av-thin-font'><h2 class='av-special-heading-tag '  itemprop=\"headline\"  >Publique su <strong>oportunidad de pasant\u00edas<\/strong><\/h2><div class=\"special-heading-border\"><div class=\"special-heading-inner-border\"><\/div><\/div><\/div><br \/>\n\n<style type=\"text\/css\" data-created_by=\"avia_inline_auto\" id=\"style-css-av-l671u0kq-b83219fa0399cb2a3838f8f88e0bb111\">\n#top .hr.hr-invisible.av-l671u0kq-b83219fa0399cb2a3838f8f88e0bb111{\nheight:30px;\n}\n<\/style>\n<div  class='hr av-l671u0kq-b83219fa0399cb2a3838f8f88e0bb111 hr-invisible  avia-builder-el-13  el_after_av_heading  el_before_av_icon_box '><span class='hr-inner '><span class=\"hr-inner-style\"><\/span><\/span><\/div><br \/>\n<article  class='iconbox iconbox_left_content av-l671dell-60cede2859126fd40787bf88aa94098a av-icon-style-no-border  avia-builder-el-14  el_after_av_hr  el_before_av_icon_box '  itemscope=\"itemscope\" itemtype=\"https:\/\/schema.org\/CreativeWork\" ><a href='https:\/\/attra.ncat.org\/es\/mis-practicas\/' title='A\u00f1ade tus pasant\u00edas' aria-label='A\u00f1ade tus pasant\u00edas'  class='iconbox_icon heading-color avia-iconfont avia-font-entypo-fontello' data-av_icon='\ue816' data-av_iconfont='entypo-fontello' title=\"A\u00f1ade tus pasant\u00edas\" desc=\"A\u00f1ade tus pasant\u00edas\" ><\/a><div class=\"iconbox_content\"><header class=\"entry-content-header\" aria-label=\"Icon: A\u00f1ade tus pasant\u00edas\"><h3 class='iconbox_content_title '  itemprop=\"headline\" ><a href='https:\/\/attra.ncat.org\/es\/mis-practicas\/' title='A\u00f1ade tus pasant\u00edas' >A\u00f1ade tus pasant\u00edas<\/a><\/h3><\/header><div class='iconbox_content_container '  itemprop=\"text\" ><p>Encuentra ayuda &#8211; <a href=\"https:\/\/attra.ncat.org\/es\/publicar-una-pasantia\/\">Crea un nuevo listado de pasant\u00edas<\/a>.<\/p>\n<\/div><\/div><footer class=\"entry-footer\"><\/footer><\/article><br \/>\n<article  class='iconbox iconbox_left_content av-88naqbn-4691685c01ebe9743f92e34721c7b45b av-icon-style-no-border  avia-builder-el-15  el_after_av_icon_box  el_before_av_textblock '  itemscope=\"itemscope\" itemtype=\"https:\/\/schema.org\/CreativeWork\" ><a href='\/login\/' title='Editar las pasant\u00edas' aria-label='Editar las pasant\u00edas'  class='iconbox_icon heading-color avia-iconfont avia-font-entypo-fontello' data-av_icon='\ue836' data-av_iconfont='entypo-fontello' title=\"Editar las pasant\u00edas\" desc=\"Editar las pasant\u00edas\" ><\/a><div class=\"iconbox_content\"><header class=\"entry-content-header\" aria-label=\"Icon: Editar las pasant\u00edas\"><h3 class='iconbox_content_title '  itemprop=\"headline\" ><a href='\/login\/' title='Editar las pasant\u00edas' >Editar las pasant\u00edas<\/a><\/h3><\/header><div class='iconbox_content_container '  itemprop=\"text\" ><p>Para editar su lista de pasantias, <a href=\"\/login\/\">inicie sesi\u00f3n en su cuenta<\/a> y siga el enlace <a href=\"https:\/\/attra.ncat.org\/es\/mis-practicas\/\">&#8220;Mis pasantias<\/a> &#8221; en su panel de control.<\/p>\n<\/div><\/div><footer class=\"entry-footer\"><\/footer><\/article><br \/>\n<section  class='av_textblock_section av-l670p2sq-0221e8dc4142fff31f9112193e54a548 '   itemscope=\"itemscope\" itemtype=\"https:\/\/schema.org\/CreativeWork\" ><div class='avia_textblock'  itemprop=\"text\" ><p><strong style=\"color: red;\">NOTA:<\/strong> <em>Todas las propuestas de pasant\u00edas se revisan antes de ser publicadas en el sitio web. Esto garantiza la claridad y la buena experiencia del usuario. Publicamos nuevos puestos de trabajo en pr\u00e1cticas todos los d\u00edas de la semana por la ma\u00f1ana. Si publica durante el fin de semana, se a\u00f1adir\u00e1 el lunes. Gracias por su paciencia y por utilizar nuestro servicio.<\/em><\/p>\n<\/div><\/section><\/p><\/div><div  class='flex_column av-8nhxzk3-aa3e538ca3b6d678a05a0365078cf856 av_one_full  avia-builder-el-17  el_after_av_one_half  avia-builder-el-last  first flex_column_div  column-top-margin'     ><section  class='av_textblock_section av-l6717cv8-b1606569a820759dc181a6da1a2e7c77 '   itemscope=\"itemscope\" itemtype=\"https:\/\/schema.org\/CreativeWork\" ><div class='avia_textblock'  itemprop=\"text\" ><p><small>El Centro Nacional de Tecnolog\u00eda Apropiada (NCAT) proporciona estos listados s\u00f3lo como un servicio p\u00fablico a la comunidad de la agricultura sostenible y ninguna recomendaci\u00f3n de una organizaci\u00f3n que publique un puesto en este sitio (aparte de los propios anuncios del NCAT) es expresada o impl\u00edcita por el NCAT o su Proyecto de Agricultura Sostenible. Todos los listados de este sitio son publicados por granjas, organizaciones sin \u00e1nimo de lucro y otras organizaciones que ofrecen pr\u00e1cticas al p\u00fablico. NCAT no hace ninguna afirmaci\u00f3n sobre el contenido, la exactitud, la idoneidad, la intenci\u00f3n, la exhaustividad o la disponibilidad de los puestos publicados. Es responsabilidad del futuro becario tomar todas las precauciones necesarias al entrevistarse o aceptar un puesto. La NCAT anima a todos los posibles becarios a obtener toda la informaci\u00f3n posible sobre la granja u organizaci\u00f3n que ofrece las pr\u00e1cticas antes de aceptar cualquier oferta de pr\u00e1cticas o aprendizaje. NCAT no es responsable de la seguridad, los salarios, las condiciones de trabajo u otros aspectos de los puestos ofrecidos en este sitio web. Es responsabilidad de la granja u organizaci\u00f3n que ofrece las pr\u00e1cticas estar al tanto de las leyes laborales federales y estatales relacionadas con dichos puestos, y cualquier queja relativa a estos asuntos debe dirigirse a la autoridad estatal o federal apropiada o a una instituci\u00f3n educativa patrocinadora, si procede.<\/small><\/p>\n<\/div><\/section><\/div><\/p>\n","protected":false},"excerpt":{"rendered":"","protected":false},"author":1,"featured_media":0,"parent":0,"menu_order":0,"comment_status":"closed","ping_status":"closed","template":"","meta":{"_acf_changed":false,"_price":"","_stock":"","_tribe_ticket_header":"","_tribe_default_ticket_provider":"","_tribe_ticket_capacity":"0","_ticket_start_date":"","_ticket_end_date":"","_tribe_ticket_show_description":"","_tribe_ticket_show_not_going":false,"_tribe_ticket_use_global_stock":"","_tribe_ticket_global_stock_level":"","_global_stock_mode":"","_global_stock_cap":"","_tribe_rsvp_for_event":"","_tribe_ticket_going_count":"","_tribe_ticket_not_going_count":"","_tribe_tickets_list":"[]","_tribe_ticket_has_attendee_info_fields":false,"footnotes":"","beyondwords_generate_audio":"0","beyondwords_integration_method":"","beyondwords_project_id":"","beyondwords_content_id":"","beyondwords_preview_token":"","beyondwords_player_content":"","beyondwords_player_style":"","beyondwords_language_code":"","beyondwords_language_id":"","beyondwords_title_voice_id":"","beyondwords_body_voice_id":"","beyondwords_summary_voice_id":"","beyondwords_error_message":"","beyondwords_disabled":"","beyondwords_delete_content":"","beyondwords_podcast_id":"","beyondwords_hash":"","publish_post_to_speechkit":"","speechkit_hash":"","speechkit_generate_audio":"","speechkit_project_id":"","speechkit_podcast_id":"","speechkit_error_message":"","speechkit_disabled":"","speechkit_access_key":"","speechkit_error":"","speechkit_info":"","speechkit_response":"","speechkit_retries":"","speechkit_status":"","speechkit_updated_at":"","_speechkit_link":"","_speechkit_text":"","_tec_slr_enabled":"","_tec_slr_layout":""},"categories":[],"tags":[],"class_list":["post-134392","page","type-page","status-publish","hentry"],"acf":[],"publishpress_future_workflow_manual_trigger":{"enabledWorkflows":[]},"distributor_meta":false,"distributor_terms":false,"distributor_media":false,"distributor_original_site_name":"ATTRA - Agricultura Sustentable","distributor_original_site_url":"https:\/\/attra.ncat.org\/es\/","push-errors":false,"ticketed":false,"_links":{"self":[{"href":"https:\/\/attra.ncat.org\/es\/wp-json\/wp\/v2\/pages\/134392","targetHints":{"allow":["GET"]}}],"collection":[{"href":"https:\/\/attra.ncat.org\/es\/wp-json\/wp\/v2\/pages"}],"about":[{"href":"https:\/\/attra.ncat.org\/es\/wp-json\/wp\/v2\/types\/page"}],"author":[{"embeddable":true,"href":"https:\/\/attra.ncat.org\/es\/wp-json\/wp\/v2\/users\/1"}],"replies":[{"embeddable":true,"href":"https:\/\/attra.ncat.org\/es\/wp-json\/wp\/v2\/comments?post=134392"}],"version-history":[{"count":21,"href":"https:\/\/attra.ncat.org\/es\/wp-json\/wp\/v2\/pages\/134392\/revisions"}],"predecessor-version":[{"id":148047,"href":"https:\/\/attra.ncat.org\/es\/wp-json\/wp\/v2\/pages\/134392\/revisions\/148047"}],"wp:attachment":[{"href":"https:\/\/attra.ncat.org\/es\/wp-json\/wp\/v2\/media?parent=134392"}],"wp:term":[{"taxonomy":"category","embeddable":true,"href":"https:\/\/attra.ncat.org\/es\/wp-json\/wp\/v2\/categories?post=134392"},{"taxonomy":"post_tag","embeddable":true,"href":"https:\/\/attra.ncat.org\/es\/wp-json\/wp\/v2\/tags?post=134392"}],"curies":[{"name":"wp","href":"https:\/\/api.w.org\/{rel}","templated":true}]}}