

{"id":134954,"date":"2018-09-15T16:42:22","date_gmt":"2018-09-15T21:42:22","guid":{"rendered":"https:\/\/attra.ncat.org\/temas\/agrosilvicultura\/"},"modified":"2023-05-10T15:16:10","modified_gmt":"2023-05-10T20:16:10","slug":"agrosilvicultura","status":"publish","type":"page","link":"https:\/\/attra.ncat.org\/es\/temas\/agrosilvicultura\/","title":{"rendered":"Agroforester\u00eda"},"content":{"rendered":"<div  class='flex_column av-1bfdwqy4-e6e7ba9dc7dde5e3766e346eace54df0 av_three_fourth  avia-builder-el-0  el_before_av_one_fourth  avia-builder-el-first  first flex_column_div  '     ><p>\n<style type=\"text\/css\" data-created_by=\"avia_inline_auto\" id=\"style-css-av-l6cj6l1g-bc29831182fa82b7658c102f9c489bc6\">\n#top .av-special-heading.av-l6cj6l1g-bc29831182fa82b7658c102f9c489bc6{\npadding-bottom:10px;\n}\nbody .av-special-heading.av-l6cj6l1g-bc29831182fa82b7658c102f9c489bc6 .av-special-heading-tag .heading-char{\nfont-size:25px;\n}\n.av-special-heading.av-l6cj6l1g-bc29831182fa82b7658c102f9c489bc6 .av-subheading{\nfont-size:15px;\n}\n<\/style>\n<div  class='av-special-heading av-l6cj6l1g-bc29831182fa82b7658c102f9c489bc6 av-special-heading-h1 blockquote modern-quote  avia-builder-el-1  el_before_av_textblock  avia-builder-el-first '><h1 class='av-special-heading-tag '  itemprop=\"headline\"  >Agroforester\u00eda<\/h1><div class=\"special-heading-border\"><div class=\"special-heading-inner-border\"><\/div><\/div><\/div><br \/>\n<section  class='av_textblock_section av-l6cjdb0z-1057b185fab54c52be0ca1a2759e9fa9 '   itemscope=\"itemscope\" itemtype=\"https:\/\/schema.org\/CreativeWork\" ><div class='avia_textblock'  itemprop=\"text\" ><p><span data-contrast=\"none\"><img loading=\"lazy\" decoding=\"async\" class=\"size-medium wp-image-128462 alignright\" src=\"https:\/\/attradev.ncat.org\/wp-content\/uploads\/2022\/09\/Untitled-design-1-350x350.png\" alt=\"Agroforester\u00eda\" width=\"350\" height=\"350\" srcset=\"https:\/\/attra.ncat.org\/wp-content\/uploads\/2022\/09\/Untitled-design-1-350x350.png 350w, https:\/\/attra.ncat.org\/wp-content\/uploads\/2022\/09\/Untitled-design-1-1030x1030.png 1030w, https:\/\/attra.ncat.org\/wp-content\/uploads\/2022\/09\/Untitled-design-1-80x80.png 80w, https:\/\/attra.ncat.org\/wp-content\/uploads\/2022\/09\/Untitled-design-1-768x768.png 768w, https:\/\/attra.ncat.org\/wp-content\/uploads\/2022\/09\/Untitled-design-1-36x36.png 36w, https:\/\/attra.ncat.org\/wp-content\/uploads\/2022\/09\/Untitled-design-1-180x180.png 180w, https:\/\/attra.ncat.org\/wp-content\/uploads\/2022\/09\/Untitled-design-1-705x705.png 705w, https:\/\/attra.ncat.org\/wp-content\/uploads\/2022\/09\/Untitled-design-1.png 1080w\" sizes=\"auto, (max-width: 350px) 100vw, 350px\" \/>La agroforester\u00eda es la integraci\u00f3n de \u00e1rboles en los sistemas de cultivos y\/o ganader\u00eda para aumentar la productividad agr\u00edcola, la resiliencia econ\u00f3mica y los servicios ecosist\u00e9micos. Los sistemas agroforestales pueden &#8220;sobreproducir&#8221; al producir m\u00faltiples productos dentro del mismo sistema, al mismo tiempo que proporcionan beneficios a la granja y al ecosistema en general al crear un h\u00e1bitat para la vida silvestre, secuestrar di\u00f3xido de carbono de la atm\u00f3sfera, aumentar las poblaciones de insectos beneficiosos, mejorar la capacidad de retenci\u00f3n de agua del suelo, controlar la erosi\u00f3n del suelo, reducir la lixiviaci\u00f3n y la escorrent\u00eda, y mejorar la fertilidad del suelo. En climas templados como los Estados Unidos, hay seis tipos principales de pr\u00e1cticas agroforestales:<\/span><\/p>\n<ul>\n<li data-leveltext=\"\uf0b7\" data-font=\"Symbol\" data-listid=\"2\" data-list-defn-props=\"{\" aria-setsize=\"-1\" data-aria-posinset=\"1\" data-aria-level=\"1\"><i><span data-contrast=\"none\">El cultivo en callejones<\/span><\/i><span data-contrast=\"none\"> es la pr\u00e1ctica de plantar cultivos de sotobosque entre hileras de \u00e1rboles de sotobosque. <\/span><\/li>\n<li data-leveltext=\"\uf0b7\" data-font=\"Symbol\" data-listid=\"2\" data-list-defn-props=\"{\" aria-setsize=\"-1\" data-aria-posinset=\"1\" data-aria-level=\"1\"><i><span data-contrast=\"none\">Silvopastura<\/span><\/i><span data-contrast=\"none\">es la pr\u00e1ctica de incorporar \u00e1rboles, pastos y ganado en un solo sistema.<\/span><\/li>\n<li data-leveltext=\"\uf0b7\" data-font=\"Symbol\" data-listid=\"2\" data-list-defn-props=\"{\" aria-setsize=\"-1\" data-aria-posinset=\"1\" data-aria-level=\"1\"><i><span data-contrast=\"none\">Los cortavientos<\/span><\/i><span data-contrast=\"none\"> son hileras de \u00e1rboles plantados en los bordes de los campos o en lugares estrat\u00e9gicos para disminuir el flujo del viento y ayudar a distribuir las nevadas de manera uniforme.<\/span><\/li>\n<li data-leveltext=\"\uf0b7\" data-font=\"Symbol\" data-listid=\"2\" data-list-defn-props=\"{\" aria-setsize=\"-1\" data-aria-posinset=\"1\" data-aria-level=\"1\"><i><span data-contrast=\"none\">El cultivo de varios pisos<\/span><\/i> o <i><span data-contrast=\"none\">la agricultura forestal<\/span><\/i><span data-contrast=\"none\"> implican plantar cultivos de sotobosque de alto valor debajo de rodales de sotobosque existentes o plantados. <\/span><\/li>\n<li data-leveltext=\"\uf0b7\" data-font=\"Symbol\" data-listid=\"2\" data-list-defn-props=\"{\" aria-setsize=\"-1\" data-aria-posinset=\"1\" data-aria-level=\"1\"><i><span data-contrast=\"none\">Los amortiguadores agroforestales <\/span><\/i><span data-contrast=\"none\">son bandas de \u00e1rboles, arbustos, hierbas y pastos plantados junto a las orillas de los arroyos para filtrar sedimentos y contaminantes, reducir la erosi\u00f3n y mejorar el h\u00e1bitat de la vida silvestre. <\/span><\/li>\n<li data-leveltext=\"\uf0b7\" data-font=\"Symbol\" data-listid=\"2\" data-list-defn-props=\"{\" aria-setsize=\"-1\" data-aria-posinset=\"1\" data-aria-level=\"1\"><i><span data-contrast=\"none\">Los jardines forestales<\/span><\/i><span data-contrast=\"none\"> o <\/span> bosques de <i><span data-contrast=\"none\">alimentos<\/span><\/i><span data-contrast=\"none\"> imitan la estructura y composici\u00f3n de los bosques y generalmente se componen de hasta siete capas verticales de plantas y hongos comestibles, medicinales, ornamentales u otras plantas y hongos \u00fatiles.<\/span><\/li>\n<\/ul>\n<p><span data-contrast=\"none\">Adem\u00e1s de estas seis pr\u00e1cticas, hay muchas otras formas de integrar los \u00e1rboles en los sistemas de producci\u00f3n agr\u00edcola. No importa qu\u00e9 tipo de pr\u00e1ctica agroforestal tenga, es importante dise\u00f1arla con intenci\u00f3n y manejarla intensivamente, reconociendo que los componentes de \u00e1rboles y cultivos tendr\u00e1n interacciones complejas que deben manejarse de manera estrat\u00e9gica. Nuestros recursos pr\u00e1cticos de ATTRA pueden ayudarle a empezar. <\/span><\/p>\n<\/div><\/section><br \/>\n<div  data-slideshow-options=\"{&quot;animation&quot;:&quot;fade&quot;,&quot;autoplay&quot;:false,&quot;loop_autoplay&quot;:&quot;once&quot;,&quot;interval&quot;:5,&quot;loop_manual&quot;:&quot;manual-endless&quot;,&quot;autoplay_stopper&quot;:false,&quot;noNavigation&quot;:false,&quot;show_slide_delay&quot;:90}\" class='avia-content-slider avia-content-grid-active avia-content-slider1 avia-content-slider-even  avia-builder-el-3  el_after_av_textblock  avia-builder-el-last  av-slideshow-ui av-control-default   av-no-slider-navigation av-slideshow-manual av-loop-once av-loop-manual-endless '  itemscope=\"itemscope\" itemtype=\"https:\/\/schema.org\/Blog\" ><div class=\"avia-content-slider-inner\"><div class=\"slide-entry-wrap\"><article class='slide-entry flex_column  post-entry post-entry-147869 slide-entry-overview slide-loop-1 slide-parity-odd  post-entry-last  av_one_fourth first real-thumbnail posttype-post post-format-video'  itemscope=\"itemscope\" itemtype=\"https:\/\/schema.org\/CreativeWork\" ><a href='https:\/\/attra.ncat.org\/es\/que-carambas-es-la-agricultura-regenerativa\/' data-rel='slide-1' class='slide-image' title='Que Carambas es la Agricultura Regenerativa'><img decoding=\"async\" fetchpriority=\"high\" width=\"260\" height=\"185\" src=\"https:\/\/attra.ncat.org\/wp-content\/uploads\/2023\/05\/agroforesteria-video-260x185.jpg\" class=\"wp-image-147886 avia-img-lazy-loading-not-147886 attachment-portfolio_small size-portfolio_small wp-post-image\" alt=\"0:00 \/ 44:51 Que Carambas es la Agricultura Regenerativa Video\" \/><\/a><div class=\"slide-content\"><header class=\"entry-content-header\" aria-label=\"Slide: Que Carambas es la Agricultura Regenerativa\"><h3 class='slide-entry-title entry-title '  itemprop=\"headline\" ><a href='https:\/\/attra.ncat.org\/es\/que-carambas-es-la-agricultura-regenerativa\/' title='Que Carambas es la Agricultura Regenerativa'>Que Carambas es la Agricultura Regenerativa<\/a><\/h3><span class=\"av-vertical-delimiter\"><\/span><\/header><div class=\"slide-meta\"><time class='slide-meta-time updated'  itemprop=\"datePublished\" datetime=\"2023-05-10T13:14:07-05:00\" >10 mayo, 2023<\/time><\/div><div class='slide-entry-excerpt entry-content'  itemprop=\"text\" ><div class=\"read-more-link\"><a href=\"https:\/\/attra.ncat.org\/es\/que-carambas-es-la-agricultura-regenerativa\/\" class=\"more-link\">Leer m\u00e1s<span class='more-link-arrow avia-svg-icon avia-font-svg_entypo-fontello' data-av_svg_icon='right-open-big' data-av_iconset='svg_entypo-fontello'><svg version=\"1.1\" xmlns=\"http:\/\/www.w3.org\/2000\/svg\" width=\"15\" height=\"32\" viewBox=\"0 0 15 32\" preserveAspectRatio=\"xMidYMid meet\" role=\"graphics-symbol\" aria-hidden=\"true\">\n<path d=\"M0.416 27.84l11.456-11.84-11.456-11.904q-0.832-0.832 0-1.536 0.832-0.832 1.536 0l12.544 12.608q0.768 0.832 0 1.6l-12.544 12.608q-0.704 0.832-1.536 0-0.832-0.704 0-1.536z\"><\/path>\n<\/svg><\/span><\/a><\/div><\/div><\/div><footer class=\"entry-footer\"><\/footer><span class='hidden'>\n\t\t\t\t<span class='av-structured-data'  itemprop=\"image\" itemscope=\"itemscope\" itemtype=\"https:\/\/schema.org\/ImageObject\" >\n\t\t\t\t\t\t<span itemprop='url'>https:\/\/attra.ncat.org\/wp-content\/uploads\/2023\/05\/agroforesteria-video.jpg<\/span>\n\t\t\t\t\t\t<span itemprop='height'>668<\/span>\n\t\t\t\t\t\t<span itemprop='width'>1259<\/span>\n\t\t\t\t<\/span>\n\t\t\t\t<span class='av-structured-data'  itemprop=\"publisher\" itemtype=\"https:\/\/schema.org\/Organization\" itemscope=\"itemscope\" >\n\t\t\t\t\t\t<span itemprop='name'>NCAT IT<\/span>\n\t\t\t\t\t\t<span itemprop='logo' itemscope itemtype='https:\/\/schema.org\/ImageObject'>\n\t\t\t\t\t\t\t<span itemprop='url'>\/wp-content\/uploads\/2022\/12\/ATTRAlogo-RGB-espanol-lg.png<\/span>\n\t\t\t\t\t\t<\/span>\n\t\t\t\t<\/span><span class='av-structured-data'  itemprop=\"author\" itemscope=\"itemscope\" itemtype=\"https:\/\/schema.org\/Person\" ><span itemprop='name'>NCAT IT<\/span><\/span><span class='av-structured-data'  itemprop=\"datePublished\" datetime=\"2018-09-15T16:42:22-05:00\" >2023-05-10 13:14:07<\/span><span class='av-structured-data'  itemprop=\"dateModified\" itemtype=\"https:\/\/schema.org\/dateModified\" >2023-05-10 15:14:32<\/span><span class='av-structured-data'  itemprop=\"mainEntityOfPage\" itemtype=\"https:\/\/schema.org\/mainEntityOfPage\" ><span itemprop='name'>Que Carambas es la Agricultura Regenerativa<\/span><\/span><\/span><\/article><\/div><\/div><\/div><\/p><\/div><div  class='flex_column av-178zkrn0-99fad0b5e0f6abab1be0476249ce31f0 av_one_fourth  avia-builder-el-4  el_after_av_three_fourth  avia-builder-el-last  flex_column_div  '     ><p>\n<style type=\"text\/css\" data-created_by=\"avia_inline_auto\" id=\"style-css-av-l6cj7mj6-420c37c3d9ced9ba0aac15936e913f62\">\n#top .av-special-heading.av-l6cj7mj6-420c37c3d9ced9ba0aac15936e913f62{\npadding-bottom:10px;\n}\nbody .av-special-heading.av-l6cj7mj6-420c37c3d9ced9ba0aac15936e913f62 .av-special-heading-tag .heading-char{\nfont-size:25px;\n}\n.av-special-heading.av-l6cj7mj6-420c37c3d9ced9ba0aac15936e913f62 .av-subheading{\nfont-size:15px;\n}\n<\/style>\n<div  class='av-special-heading av-l6cj7mj6-420c37c3d9ced9ba0aac15936e913f62 av-special-heading-h2 blockquote modern-quote  avia-builder-el-5  el_before_av_image  avia-builder-el-first '><h2 class='av-special-heading-tag '  itemprop=\"headline\"  >Temas relacionados<\/h2><div class=\"special-heading-border\"><div class=\"special-heading-inner-border\"><\/div><\/div><\/div><br \/>\n\n<style type=\"text\/css\" data-created_by=\"avia_inline_auto\" id=\"style-css-av-l75aaps3-e82cdcbc098622bfc6290311713c88db\">\n.avia-image-container.av-l75aaps3-e82cdcbc098622bfc6290311713c88db img.avia_image{\nbox-shadow:none;\n}\n.avia-image-container.av-l75aaps3-e82cdcbc098622bfc6290311713c88db .av-caption-image-overlay-bg{\nopacity:0.1;\nbackground-color:#000000;\n}\n.avia-image-container.av-l75aaps3-e82cdcbc098622bfc6290311713c88db .av-image-caption-overlay-center{\ncolor:#ffffff;\nfont-size:25px;\n}\n<\/style>\n<div  class='avia-image-container av-l75aaps3-e82cdcbc098622bfc6290311713c88db av-styling- av-img-linked avia-align-center  avia-builder-el-6  el_after_av_heading  el_before_av_image  noHover av-overlay-hover-deactivate'   itemprop=\"image\" itemscope=\"itemscope\" itemtype=\"https:\/\/schema.org\/ImageObject\" ><div class=\"avia-image-container-inner\"><div class=\"avia-image-overlay-wrap\"><a href=\"https:\/\/attra.ncat.org\/es\/bienestar-del-agricultor\/\" class='avia_image '  aria-label='New farmer Leonardo Aguila checks his orchard of avocado trees on his 6.3-acre farm in Fallbrook, CA, on Nov. 11, 2018. USDA'><div class=\"av-image-caption-overlay\"><div class=\"av-caption-image-overlay-bg\"><\/div><div class=\"av-image-caption-overlay-position\"><div class=\"av-image-caption-overlay-center\"><p>CULTIVOS<\/p>\n<\/div><\/div><\/div><img decoding=\"async\" fetchpriority=\"high\" class='wp-image-128466 avia-img-lazy-loading-not-128466 avia_image ' src=\"https:\/\/attra.ncat.org\/wp-content\/uploads\/2022\/09\/New-farmer-Leonardo-Aguila-checks-his-orchard-of-avocado-trees-on-his-6.3-acre-farm-in-Fallbrook-CA-on-Nov.-11-2018.-USDA-.jpg\" alt='New farmer Leonardo Aguila checks his orchard of avocado trees on his 6.3-acre farm in Fallbrook, CA, on Nov. 11, 2018. USDA' title='New farmer Leonardo Aguila checks his orchard of avocado trees on his 6.3-acre farm in Fallbrook, CA, on Nov. 11, 2018. USDA'  height=\"1365\" width=\"2047\"  itemprop=\"thumbnailUrl\" srcset=\"https:\/\/attra.ncat.org\/wp-content\/uploads\/2022\/09\/New-farmer-Leonardo-Aguila-checks-his-orchard-of-avocado-trees-on-his-6.3-acre-farm-in-Fallbrook-CA-on-Nov.-11-2018.-USDA-.jpg 2047w, https:\/\/attra.ncat.org\/wp-content\/uploads\/2022\/09\/New-farmer-Leonardo-Aguila-checks-his-orchard-of-avocado-trees-on-his-6.3-acre-farm-in-Fallbrook-CA-on-Nov.-11-2018.-USDA--350x233.jpg 350w, https:\/\/attra.ncat.org\/wp-content\/uploads\/2022\/09\/New-farmer-Leonardo-Aguila-checks-his-orchard-of-avocado-trees-on-his-6.3-acre-farm-in-Fallbrook-CA-on-Nov.-11-2018.-USDA--1030x687.jpg 1030w, https:\/\/attra.ncat.org\/wp-content\/uploads\/2022\/09\/New-farmer-Leonardo-Aguila-checks-his-orchard-of-avocado-trees-on-his-6.3-acre-farm-in-Fallbrook-CA-on-Nov.-11-2018.-USDA--768x512.jpg 768w, https:\/\/attra.ncat.org\/wp-content\/uploads\/2022\/09\/New-farmer-Leonardo-Aguila-checks-his-orchard-of-avocado-trees-on-his-6.3-acre-farm-in-Fallbrook-CA-on-Nov.-11-2018.-USDA--1536x1024.jpg 1536w, https:\/\/attra.ncat.org\/wp-content\/uploads\/2022\/09\/New-farmer-Leonardo-Aguila-checks-his-orchard-of-avocado-trees-on-his-6.3-acre-farm-in-Fallbrook-CA-on-Nov.-11-2018.-USDA--1500x1000.jpg 1500w, https:\/\/attra.ncat.org\/wp-content\/uploads\/2022\/09\/New-farmer-Leonardo-Aguila-checks-his-orchard-of-avocado-trees-on-his-6.3-acre-farm-in-Fallbrook-CA-on-Nov.-11-2018.-USDA--705x470.jpg 705w\" sizes=\"(max-width: 2047px) 100vw, 2047px\" \/><\/a><\/div><\/div><\/div><br \/>\n\n<style type=\"text\/css\" data-created_by=\"avia_inline_auto\" id=\"style-css-av-l83kuqmx-3cdb6476a964157a8381985af652539d\">\n.avia-image-container.av-l83kuqmx-3cdb6476a964157a8381985af652539d img.avia_image{\nbox-shadow:none;\n}\n.avia-image-container.av-l83kuqmx-3cdb6476a964157a8381985af652539d .av-caption-image-overlay-bg{\nopacity:0.1;\nbackground-color:#000000;\n}\n.avia-image-container.av-l83kuqmx-3cdb6476a964157a8381985af652539d .av-image-caption-overlay-center{\ncolor:#ffffff;\nfont-size:25px;\n}\n<\/style>\n<div  class='avia-image-container av-l83kuqmx-3cdb6476a964157a8381985af652539d av-styling- av-img-linked avia-align-center  avia-builder-el-7  el_after_av_image  el_before_av_heading  noHover av-overlay-hover-deactivate'   itemprop=\"image\" itemscope=\"itemscope\" itemtype=\"https:\/\/schema.org\/ImageObject\" ><div class=\"avia-image-container-inner\"><div class=\"avia-image-overlay-wrap\"><a href=\"https:\/\/attra.ncat.org\/es\/bienestar-del-agricultor\/\" class='avia_image '  aria-label='RS6019_20170614_NCAT_ArmedToFarm_0052'><div class=\"av-image-caption-overlay\"><div class=\"av-caption-image-overlay-bg\"><\/div><div class=\"av-image-caption-overlay-position\"><div class=\"av-image-caption-overlay-center\"><p>GANADO<\/p>\n<\/div><\/div><\/div><img decoding=\"async\" fetchpriority=\"high\" class='wp-image-128468 avia-img-lazy-loading-not-128468 avia_image ' src=\"https:\/\/attra.ncat.org\/wp-content\/uploads\/2022\/09\/RS6019_20170614_NCAT_ArmedToFarm_0052-scaled.jpg\" alt='A goat eats a plant' title='RS6019_20170614_NCAT_ArmedToFarm_0052'  height=\"1746\" width=\"2560\"  itemprop=\"thumbnailUrl\" srcset=\"https:\/\/attra.ncat.org\/wp-content\/uploads\/2022\/09\/RS6019_20170614_NCAT_ArmedToFarm_0052-scaled.jpg 2560w, https:\/\/attra.ncat.org\/wp-content\/uploads\/2022\/09\/RS6019_20170614_NCAT_ArmedToFarm_0052-350x239.jpg 350w, https:\/\/attra.ncat.org\/wp-content\/uploads\/2022\/09\/RS6019_20170614_NCAT_ArmedToFarm_0052-1030x703.jpg 1030w, https:\/\/attra.ncat.org\/wp-content\/uploads\/2022\/09\/RS6019_20170614_NCAT_ArmedToFarm_0052-768x524.jpg 768w, https:\/\/attra.ncat.org\/wp-content\/uploads\/2022\/09\/RS6019_20170614_NCAT_ArmedToFarm_0052-1536x1048.jpg 1536w, https:\/\/attra.ncat.org\/wp-content\/uploads\/2022\/09\/RS6019_20170614_NCAT_ArmedToFarm_0052-2048x1397.jpg 2048w, https:\/\/attra.ncat.org\/wp-content\/uploads\/2022\/09\/RS6019_20170614_NCAT_ArmedToFarm_0052-1500x1023.jpg 1500w, https:\/\/attra.ncat.org\/wp-content\/uploads\/2022\/09\/RS6019_20170614_NCAT_ArmedToFarm_0052-705x481.jpg 705w\" sizes=\"(max-width: 2560px) 100vw, 2560px\" \/><\/a><\/div><\/div><\/div><br \/>\n\n<style type=\"text\/css\" data-created_by=\"avia_inline_auto\" id=\"style-css-av-5jfoxrc-ed5f92e85907eb08ee0247ae62f0ac76\">\n#top .av-special-heading.av-5jfoxrc-ed5f92e85907eb08ee0247ae62f0ac76{\npadding-bottom:10px;\n}\nbody .av-special-heading.av-5jfoxrc-ed5f92e85907eb08ee0247ae62f0ac76 .av-special-heading-tag .heading-char{\nfont-size:25px;\n}\n.av-special-heading.av-5jfoxrc-ed5f92e85907eb08ee0247ae62f0ac76 .av-subheading{\nfont-size:15px;\n}\n<\/style>\n<div  class='av-special-heading av-5jfoxrc-ed5f92e85907eb08ee0247ae62f0ac76 av-special-heading-h2 blockquote modern-quote  avia-builder-el-8  el_after_av_image  el_before_av_team_member '><h2 class='av-special-heading-tag '  itemprop=\"headline\"  >Personal Experto<\/h2><div class=\"special-heading-border\"><div class=\"special-heading-inner-border\"><\/div><\/div><\/div><br \/>\n<section  class='avia-team-member av-l83km1ye-1845c19ad908c8c0a7c21c93b1fbe0ba  avia-builder-el-9  el_after_av_heading  avia-builder-el-last '  itemscope=\"itemscope\" itemtype=\"https:\/\/schema.org\/Person\" ><div class=\"team-img-container\"><img decoding=\"async\" fetchpriority=\"high\" class='wp-image-121825 avia-img-lazy-loading-not-121825 avia_image avia_image_team' src=\"https:\/\/attra.ncat.org\/wp-content\/uploads\/2021\/05\/favor_katherine.png\" alt='Katherine Favor'  itemprop=\"image\"   height=\"500\" width=\"500\" srcset=\"https:\/\/attra.ncat.org\/wp-content\/uploads\/2021\/05\/favor_katherine.png 500w, https:\/\/attra.ncat.org\/wp-content\/uploads\/2021\/05\/favor_katherine-350x350.png 350w, https:\/\/attra.ncat.org\/wp-content\/uploads\/2021\/05\/favor_katherine-90x90.png 90w, https:\/\/attra.ncat.org\/wp-content\/uploads\/2021\/05\/favor_katherine-36x36.png 36w, https:\/\/attra.ncat.org\/wp-content\/uploads\/2021\/05\/favor_katherine-180x180.png 180w\" sizes=\"(max-width: 500px) 100vw, 500px\" \/><div class=\"team-social\"><div class=\"team-social-inner\"><span class='hidden av_member_url_markup '  itemprop=\"url\" >https:\/\/attra.ncat.org\/katherine-favor\/<\/span><a href='https:\/\/attra.ncat.org\/katherine-favor\/' class='avia-team-icon av-l83kl2pd-656491af478b6535bdba095dd2b748d6 avia-iconfont avia-font-entypo-fontello' rel='v:url' data-avia-tooltip=\"Con\u00e9ctate con Katherine\"  data-av_icon='\ue840' data-av_iconfont='entypo-fontello' ><\/a><\/div><\/div><\/div><h3 class='team-member-name '  itemprop=\"name\" >Katherine Favor<\/h3><span class='hidden team-member-affiliation'  itemprop=\"affiliation\" >ATTRA - Agricultura Sustentable<\/span><\/section><\/p><\/div><\/p>\n","protected":false},"excerpt":{"rendered":"","protected":false},"author":1,"featured_media":128463,"parent":134364,"menu_order":0,"comment_status":"closed","ping_status":"closed","template":"","meta":{"_acf_changed":false,"_price":"","_stock":"","_tribe_ticket_header":"","_tribe_default_ticket_provider":"","_tribe_ticket_capacity":"0","_ticket_start_date":"","_ticket_end_date":"","_tribe_ticket_show_description":"","_tribe_ticket_show_not_going":false,"_tribe_ticket_use_global_stock":"","_tribe_ticket_global_stock_level":"","_global_stock_mode":"","_global_stock_cap":"","_tribe_rsvp_for_event":"","_tribe_ticket_going_count":"","_tribe_ticket_not_going_count":"","_tribe_tickets_list":"[]","_tribe_ticket_has_attendee_info_fields":false,"footnotes":"","beyondwords_generate_audio":"0","beyondwords_integration_method":"","beyondwords_project_id":"","beyondwords_content_id":"","beyondwords_preview_token":"","beyondwords_player_content":"","beyondwords_player_style":"","beyondwords_language_code":"","beyondwords_language_id":"","beyondwords_title_voice_id":"","beyondwords_body_voice_id":"","beyondwords_summary_voice_id":"","beyondwords_error_message":"","beyondwords_disabled":"","beyondwords_delete_content":"","beyondwords_podcast_id":"","beyondwords_hash":"","publish_post_to_speechkit":"","speechkit_hash":"","speechkit_generate_audio":"","speechkit_project_id":"","speechkit_podcast_id":"","speechkit_error_message":"","speechkit_disabled":"","speechkit_access_key":"","speechkit_error":"","speechkit_info":"","speechkit_response":"","speechkit_retries":"","speechkit_status":"","speechkit_updated_at":"","_speechkit_link":"","_speechkit_text":"","_tec_slr_enabled":"","_tec_slr_layout":""},"categories":[58],"tags":[1602],"class_list":["post-134954","page","type-page","status-publish","has-post-thumbnail","hentry","category-crops","tag-agrosilvicultura-es"],"acf":[],"publishpress_future_workflow_manual_trigger":{"enabledWorkflows":[]},"distributor_meta":false,"distributor_terms":false,"distributor_media":false,"distributor_original_site_name":"ATTRA - Agricultura Sustentable","distributor_original_site_url":"https:\/\/attra.ncat.org\/es\/","push-errors":false,"ticketed":false,"_links":{"self":[{"href":"https:\/\/attra.ncat.org\/es\/wp-json\/wp\/v2\/pages\/134954","targetHints":{"allow":["GET"]}}],"collection":[{"href":"https:\/\/attra.ncat.org\/es\/wp-json\/wp\/v2\/pages"}],"about":[{"href":"https:\/\/attra.ncat.org\/es\/wp-json\/wp\/v2\/types\/page"}],"author":[{"embeddable":true,"href":"https:\/\/attra.ncat.org\/es\/wp-json\/wp\/v2\/users\/1"}],"replies":[{"embeddable":true,"href":"https:\/\/attra.ncat.org\/es\/wp-json\/wp\/v2\/comments?post=134954"}],"version-history":[{"count":32,"href":"https:\/\/attra.ncat.org\/es\/wp-json\/wp\/v2\/pages\/134954\/revisions"}],"predecessor-version":[{"id":147894,"href":"https:\/\/attra.ncat.org\/es\/wp-json\/wp\/v2\/pages\/134954\/revisions\/147894"}],"up":[{"embeddable":true,"href":"https:\/\/attra.ncat.org\/es\/wp-json\/wp\/v2\/pages\/134364"}],"wp:featuredmedia":[{"embeddable":true,"href":"https:\/\/attra.ncat.org\/es\/wp-json\/wp\/v2\/media\/128463"}],"wp:attachment":[{"href":"https:\/\/attra.ncat.org\/es\/wp-json\/wp\/v2\/media?parent=134954"}],"wp:term":[{"taxonomy":"category","embeddable":true,"href":"https:\/\/attra.ncat.org\/es\/wp-json\/wp\/v2\/categories?post=134954"},{"taxonomy":"post_tag","embeddable":true,"href":"https:\/\/attra.ncat.org\/es\/wp-json\/wp\/v2\/tags?post=134954"}],"curies":[{"name":"wp","href":"https:\/\/api.w.org\/{rel}","templated":true}]}}