

{"id":134967,"date":"2022-07-29T17:11:58","date_gmt":"2022-07-29T22:11:58","guid":{"rendered":"https:\/\/attra.ncat.org\/tutorial-eficiencia-energetica-agricola\/"},"modified":"2022-12-12T09:27:28","modified_gmt":"2022-12-12T15:27:28","slug":"tutorial-eficiencia-energetica-agricola","status":"publish","type":"page","link":"https:\/\/attra.ncat.org\/es\/tutorial-eficiencia-energetica-agricola\/","title":{"rendered":"Tutorial: Eficiencia energ\u00e9tica agr\u00edcola"},"content":{"rendered":"\n<style type=\"text\/css\" data-created_by=\"avia_inline_auto\" id=\"style-css-av-jix9dbu-d7b903c8170e8cfb80999a3b07261a69\">\n#top .av-special-heading.av-jix9dbu-d7b903c8170e8cfb80999a3b07261a69{\npadding-bottom:10px;\n}\nbody .av-special-heading.av-jix9dbu-d7b903c8170e8cfb80999a3b07261a69 .av-special-heading-tag .heading-char{\nfont-size:25px;\n}\n.av-special-heading.av-jix9dbu-d7b903c8170e8cfb80999a3b07261a69 .av-subheading{\nfont-size:15px;\n}\n<\/style>\n<div  class='av-special-heading av-jix9dbu-d7b903c8170e8cfb80999a3b07261a69 av-special-heading-h1 blockquote modern-quote  avia-builder-el-0  el_before_av_three_fifth  avia-builder-el-first '><h1 class='av-special-heading-tag '  itemprop=\"headline\"  >Eficiencia energ\u00e9tica agr\u00edcola<\/h1><div class=\"special-heading-border\"><div class=\"special-heading-inner-border\"><\/div><\/div><\/div>\n<div  class='flex_column av-g054dve-78db000e21528ffe491c8710c46a2074 av_three_fifth  avia-builder-el-1  el_after_av_heading  el_before_av_two_fifth  first flex_column_div  '     ><section  class='av_textblock_section av-l4rha2l0-9117a3b21374c3bf5bb843fc0f0e160d '   itemscope=\"itemscope\" itemtype=\"https:\/\/schema.org\/CreativeWork\" ><div class='avia_textblock'  itemprop=\"text\" ><p>Esta serie de lecciones est\u00e1 dise\u00f1ada para agricultores que deseen aumentar la eficiencia energ\u00e9tica de su granja y procesos.<\/p>\n<p>Cuenta con tutoriales sobre eficiencia de construcci\u00f3n agr\u00edcola, iluminaci\u00f3n exterior, eficiencia de riego, energ\u00eda solar, energ\u00eda e\u00f3lica a peque\u00f1a escala y biodiesel.<\/p>\n<p>Este tutorial incluye las siguientes lecciones:<\/p>\n<\/div><\/section><\/div><div  class='flex_column av-dioqqre-508d50ac6022ae7e5db64b027168a003 av_two_fifth  avia-builder-el-3  el_after_av_three_fifth  el_before_av_hr  flex_column_div  '     ><style type=\"text\/css\" data-created_by=\"avia_inline_auto\" id=\"style-css-av-l4rhm34t-23ff21635a1c0665b912f27fc05d35c2\">\n.avia-image-container.av-l4rhm34t-23ff21635a1c0665b912f27fc05d35c2 img.avia_image{\nbox-shadow:none;\n}\n.avia-image-container.av-l4rhm34t-23ff21635a1c0665b912f27fc05d35c2 .av-image-caption-overlay-center{\ncolor:#ffffff;\n}\n<\/style>\n<div  class='avia-image-container av-l4rhm34t-23ff21635a1c0665b912f27fc05d35c2 av-styling- avia-align-center  avia-builder-el-4  avia-builder-el-no-sibling '   itemprop=\"image\" itemscope=\"itemscope\" itemtype=\"https:\/\/schema.org\/ImageObject\" ><div class=\"avia-image-container-inner\"><div class=\"avia-image-overlay-wrap\"><img decoding=\"async\" fetchpriority=\"high\" class='wp-image-123480 avia-img-lazy-loading-not-123480 avia_image ' src=\"https:\/\/attra.ncat.org\/wp-content\/uploads\/2022\/05\/20211003_SunCommon_Commerical_Solar_Dairy_Farm_Choiniere_Vermont_254A1536-1-scaled-1-495x400.jpg\" alt='' title='20211003_SunCommon_Commerical_Solar_Dairy_Farm_Choiniere_Vermont_254A1536 (1)'  height=\"400\" width=\"495\"  itemprop=\"thumbnailUrl\" srcset=\"https:\/\/attra.ncat.org\/wp-content\/uploads\/2022\/05\/20211003_SunCommon_Commerical_Solar_Dairy_Farm_Choiniere_Vermont_254A1536-1-scaled-1-495x400.jpg 495w, https:\/\/attra.ncat.org\/wp-content\/uploads\/2022\/05\/20211003_SunCommon_Commerical_Solar_Dairy_Farm_Choiniere_Vermont_254A1536-1-scaled-1-845x684.jpg 845w\" sizes=\"(max-width: 495px) 100vw, 495px\" \/><\/div><\/div><\/div><\/div><div  class='hr av-6vwqanu-b56bd893883ce4eb8a926b42f2fa5121 hr-default  avia-builder-el-5  el_after_av_two_fifth  el_before_av_one_fourth '><span class='hr-inner '><span class=\"hr-inner-style\"><\/span><\/span><\/div><\/p>\n<div  class='flex_column av-6l7iu9m-fa218a753d17d7e7e436214ab4e582d2 av_one_fourth  avia-builder-el-6  el_after_av_hr  el_before_av_one_fourth  first flex_column_div  '     ><article  class='iconbox iconbox_top av-l4rknspw-a21516045d471cdd0d5ad18e87e352f7  avia-builder-el-7  avia-builder-el-no-sibling  main_color'  itemscope=\"itemscope\" itemtype=\"https:\/\/schema.org\/CreativeWork\" ><div class=\"iconbox_content\"><header class=\"entry-content-header\" aria-label=\"Icon: Introducci\u00f3n\"><a href='https:\/\/attra.ncat.org\/wp-content\/uploads\/tutorials\/farm-energy\/introduction\/' title='Introducci\u00f3n' aria-label='Introducci\u00f3n'  target=\"_blank\"  rel=\"noopener noreferrer\" class='iconbox_icon heading-color avia-iconfont avia-font-entypo-fontello' data-av_icon='\ue80d' data-av_iconfont='entypo-fontello' title=\"Introducci\u00f3n\" desc=\"Introducci\u00f3n\" ><\/a><h3 class='iconbox_content_title '  itemprop=\"headline\" ><a href='https:\/\/attra.ncat.org\/wp-content\/uploads\/tutorials\/farm-energy\/introduction\/' title='Introducci\u00f3n'  target=\"_blank\"  rel=\"noopener noreferrer\">Introducci\u00f3n<\/a><\/h3><\/header><div class='iconbox_content_container '  itemprop=\"text\" ><p><img loading=\"lazy\" decoding=\"async\" class=\"alignnone size-portfolio wp-image-125070\" src=\"https:\/\/attradev.ncat.org\/wp-content\/uploads\/2022\/07\/Intro-Farm-Energy-495x400.png\" alt=\"\" width=\"495\" height=\"400\" srcset=\"https:\/\/attra.ncat.org\/wp-content\/uploads\/2022\/07\/Intro-Farm-Energy-495x400.png 495w, https:\/\/attra.ncat.org\/wp-content\/uploads\/2022\/07\/Intro-Farm-Energy-845x684.png 845w\" sizes=\"auto, (max-width: 495px) 100vw, 495px\" \/><\/p>\n<\/div><\/div><footer class=\"entry-footer\"><\/footer><\/article><\/div><div  class='flex_column av-bza8m7u-e85504f820265a75d4cd27b88e7806dd av_one_fourth  avia-builder-el-8  el_after_av_one_fourth  el_before_av_one_fourth  flex_column_div  '     ><article  class='iconbox iconbox_top av-l4rkqk51-7c04fccfb3dac8ba6f827ef743a5a593  avia-builder-el-9  avia-builder-el-no-sibling  main_color'  itemscope=\"itemscope\" itemtype=\"https:\/\/schema.org\/CreativeWork\" ><div class=\"iconbox_content\"><header class=\"entry-content-header\" aria-label=\"Icon: Eficiencia en la construcci\u00f3n de granjas\"><a href='https:\/\/attra.ncat.org\/wp-content\/uploads\/tutorials\/farm-energy\/buildings\/' title='Eficiencia en la construcci\u00f3n de granjas' aria-label='Eficiencia en la construcci\u00f3n de granjas'  target=\"_blank\"  rel=\"noopener noreferrer\" class='iconbox_icon heading-color avia-iconfont avia-font-entypo-fontello' data-av_icon='\ue80d' data-av_iconfont='entypo-fontello' title=\"Eficiencia en la construcci\u00f3n de granjas\" desc=\"Eficiencia en la construcci\u00f3n de granjas\" ><\/a><h3 class='iconbox_content_title '  itemprop=\"headline\" ><a href='https:\/\/attra.ncat.org\/wp-content\/uploads\/tutorials\/farm-energy\/buildings\/' title='Eficiencia en la construcci\u00f3n de granjas'  target=\"_blank\"  rel=\"noopener noreferrer\">Eficiencia en la construcci\u00f3n de granjas<\/a><\/h3><\/header><div class='iconbox_content_container '  itemprop=\"text\" ><p><img loading=\"lazy\" decoding=\"async\" class=\"alignnone size-portfolio wp-image-125074\" src=\"https:\/\/attradev.ncat.org\/wp-content\/uploads\/2022\/07\/Farm-Building-Efficiency-495x400.png\" alt=\"\" width=\"495\" height=\"400\" srcset=\"https:\/\/attra.ncat.org\/wp-content\/uploads\/2022\/07\/Farm-Building-Efficiency-495x400.png 495w, https:\/\/attra.ncat.org\/wp-content\/uploads\/2022\/07\/Farm-Building-Efficiency-845x684.png 845w\" sizes=\"auto, (max-width: 495px) 100vw, 495px\" \/><\/p>\n<\/div><\/div><footer class=\"entry-footer\"><\/footer><\/article><\/div><div  class='flex_column av-5pb1oca-a47fc18e11db274ef63040a366a67376 av_one_fourth  avia-builder-el-10  el_after_av_one_fourth  el_before_av_one_fourth  flex_column_div  '     ><article  class='iconbox iconbox_top av-l4rksmyc-28a30fb8f8515e26336a06b795b0f653  avia-builder-el-11  avia-builder-el-no-sibling  main_color'  itemscope=\"itemscope\" itemtype=\"https:\/\/schema.org\/CreativeWork\" ><div class=\"iconbox_content\"><header class=\"entry-content-header\" aria-label=\"Icon: Iluminaci\u00f3n exterior\"><a href='https:\/\/attra.ncat.org\/wp-content\/uploads\/tutorials\/farm-energy\/outdoor-lighting\/' title='Iluminaci\u00f3n exterior' aria-label='Iluminaci\u00f3n exterior'  target=\"_blank\"  rel=\"noopener noreferrer\" class='iconbox_icon heading-color avia-iconfont avia-font-entypo-fontello' data-av_icon='\ue80d' data-av_iconfont='entypo-fontello' title=\"Iluminaci\u00f3n exterior\" desc=\"Iluminaci\u00f3n exterior\" ><\/a><h3 class='iconbox_content_title '  itemprop=\"headline\" ><a href='https:\/\/attra.ncat.org\/wp-content\/uploads\/tutorials\/farm-energy\/outdoor-lighting\/' title='Iluminaci\u00f3n exterior'  target=\"_blank\"  rel=\"noopener noreferrer\">Iluminaci\u00f3n exterior<\/a><\/h3><\/header><div class='iconbox_content_container '  itemprop=\"text\" ><p><img loading=\"lazy\" decoding=\"async\" class=\"alignnone size-portfolio wp-image-125072\" src=\"https:\/\/attradev.ncat.org\/wp-content\/uploads\/2022\/07\/Outdoor-Lighting-495x400.png\" alt=\"\" width=\"495\" height=\"400\" srcset=\"https:\/\/attra.ncat.org\/wp-content\/uploads\/2022\/07\/Outdoor-Lighting-495x400.png 495w, https:\/\/attra.ncat.org\/wp-content\/uploads\/2022\/07\/Outdoor-Lighting-845x684.png 845w\" sizes=\"auto, (max-width: 495px) 100vw, 495px\" \/><\/p>\n<\/div><\/div><footer class=\"entry-footer\"><\/footer><\/article><\/div><div  class='flex_column av-mn91lsc-09b37f809ae0008a122b5002fd6eceee av_one_fourth  avia-builder-el-12  el_after_av_one_fourth  el_before_av_one_fourth  flex_column_div  '     ><article  class='iconbox iconbox_top av-l4rku1u8-dfd7a0118fe7d3aa7982bc292347f854  avia-builder-el-13  avia-builder-el-no-sibling  main_color'  itemscope=\"itemscope\" itemtype=\"https:\/\/schema.org\/CreativeWork\" ><div class=\"iconbox_content\"><header class=\"entry-content-header\" aria-label=\"Icon: Eficiencia de riego\"><a href='https:\/\/attra.ncat.org\/wp-content\/uploads\/tutorials\/farm-energy\/irrigation\/' title='Eficiencia de riego' aria-label='Eficiencia de riego'  target=\"_blank\"  rel=\"noopener noreferrer\" class='iconbox_icon heading-color avia-iconfont avia-font-entypo-fontello' data-av_icon='\ue80d' data-av_iconfont='entypo-fontello' title=\"Eficiencia de riego\" desc=\"Eficiencia de riego\" ><\/a><h3 class='iconbox_content_title '  itemprop=\"headline\" ><a href='https:\/\/attra.ncat.org\/wp-content\/uploads\/tutorials\/farm-energy\/irrigation\/' title='Eficiencia de riego'  target=\"_blank\"  rel=\"noopener noreferrer\">Eficiencia de riego<\/a><\/h3><\/header><div class='iconbox_content_container '  itemprop=\"text\" ><p><img loading=\"lazy\" decoding=\"async\" class=\"alignnone size-portfolio wp-image-125078\" src=\"https:\/\/attradev.ncat.org\/wp-content\/uploads\/2022\/07\/Irrigation-495x400.png\" alt=\"\" width=\"495\" height=\"400\" srcset=\"https:\/\/attra.ncat.org\/wp-content\/uploads\/2022\/07\/Irrigation-495x400.png 495w, https:\/\/attra.ncat.org\/wp-content\/uploads\/2022\/07\/Irrigation-845x684.png 845w\" sizes=\"auto, (max-width: 495px) 100vw, 495px\" \/><\/p>\n<\/div><\/div><footer class=\"entry-footer\"><\/footer><\/article><\/div><div  class='flex_column av-h1mu5zg-a81e3e931e317430535dfc9756564d90 av_one_fourth  avia-builder-el-14  el_after_av_one_fourth  el_before_av_one_fourth  first flex_column_div  column-top-margin'     ><article  class='iconbox iconbox_top av-l670mt2p-62bc7c120b106ddfe2a1fb3cb079370f  avia-builder-el-15  avia-builder-el-no-sibling  main_color'  itemscope=\"itemscope\" itemtype=\"https:\/\/schema.org\/CreativeWork\" ><div class=\"iconbox_content\"><header class=\"entry-content-header\" aria-label=\"Icon: Electricidad Solar\"><a href='https:\/\/attra.ncat.org\/wp-content\/uploads\/tutorials\/farm-energy\/solar-electricity\/' title='Electricidad Solar' aria-label='Electricidad Solar'  target=\"_blank\"  rel=\"noopener noreferrer\" class='iconbox_icon heading-color avia-iconfont avia-font-entypo-fontello' data-av_icon='\ue80d' data-av_iconfont='entypo-fontello' title=\"Electricidad Solar\" desc=\"Electricidad Solar\" ><\/a><h3 class='iconbox_content_title '  itemprop=\"headline\" ><a href='https:\/\/attra.ncat.org\/wp-content\/uploads\/tutorials\/farm-energy\/solar-electricity\/' title='Electricidad Solar'  target=\"_blank\"  rel=\"noopener noreferrer\">Electricidad Solar<\/a><\/h3><\/header><div class='iconbox_content_container '  itemprop=\"text\" ><p><img loading=\"lazy\" decoding=\"async\" class=\"alignnone size-portfolio wp-image-125076\" src=\"https:\/\/attradev.ncat.org\/wp-content\/uploads\/2022\/07\/Solar-Electricity-495x400.png\" alt=\"\" width=\"495\" height=\"400\" srcset=\"https:\/\/attra.ncat.org\/wp-content\/uploads\/2022\/07\/Solar-Electricity-495x400.png 495w, https:\/\/attra.ncat.org\/wp-content\/uploads\/2022\/07\/Solar-Electricity-845x684.png 845w\" sizes=\"auto, (max-width: 495px) 100vw, 495px\" \/><\/p>\n<\/div><\/div><footer class=\"entry-footer\"><\/footer><\/article><\/div><div  class='flex_column av-a14nxsc-71d86f655e28ec95222a76c7f271fead av_one_fourth  avia-builder-el-16  el_after_av_one_fourth  el_before_av_one_fourth  flex_column_div  column-top-margin'     ><article  class='iconbox iconbox_top av-l670ok6v-faba3d3eb45ec56398bbe8d59c7237d4  avia-builder-el-17  avia-builder-el-no-sibling  main_color'  itemscope=\"itemscope\" itemtype=\"https:\/\/schema.org\/CreativeWork\" ><div class=\"iconbox_content\"><header class=\"entry-content-header\" aria-label=\"Icon: Viento a peque\u00f1a escala\"><a href='https:\/\/attra.ncat.org\/wp-content\/uploads\/tutorials\/farm-energy\/wind\/' title='Viento a peque\u00f1a escala' aria-label='Viento a peque\u00f1a escala'  target=\"_blank\"  rel=\"noopener noreferrer\" class='iconbox_icon heading-color avia-iconfont avia-font-entypo-fontello' data-av_icon='\ue80d' data-av_iconfont='entypo-fontello' title=\"Viento a peque\u00f1a escala\" desc=\"Viento a peque\u00f1a escala\" ><\/a><h3 class='iconbox_content_title '  itemprop=\"headline\" ><a href='https:\/\/attra.ncat.org\/wp-content\/uploads\/tutorials\/farm-energy\/wind\/' title='Viento a peque\u00f1a escala'  target=\"_blank\"  rel=\"noopener noreferrer\">Viento a peque\u00f1a escala<\/a><\/h3><\/header><div class='iconbox_content_container '  itemprop=\"text\" ><p><img loading=\"lazy\" decoding=\"async\" class=\"alignnone size-portfolio wp-image-125080\" src=\"https:\/\/attradev.ncat.org\/wp-content\/uploads\/2022\/07\/Wind-495x400.png\" alt=\"\" width=\"495\" height=\"400\" srcset=\"https:\/\/attra.ncat.org\/wp-content\/uploads\/2022\/07\/Wind-495x400.png 495w, https:\/\/attra.ncat.org\/wp-content\/uploads\/2022\/07\/Wind-845x684.png 845w\" sizes=\"auto, (max-width: 495px) 100vw, 495px\" \/><\/p>\n<\/div><\/div><footer class=\"entry-footer\"><\/footer><\/article><\/div><div  class='flex_column av-77qfbws-5c60d4e4d742d3e0b12f322d721bd00a av_one_fourth  avia-builder-el-18  el_after_av_one_fourth  avia-builder-el-last  flex_column_div  column-top-margin'     ><article  class='iconbox iconbox_top av-l670q7go-401c5b6deadd59a5c4b1f21b7e543ee5  avia-builder-el-19  avia-builder-el-no-sibling  main_color'  itemscope=\"itemscope\" itemtype=\"https:\/\/schema.org\/CreativeWork\" ><div class=\"iconbox_content\"><header class=\"entry-content-header\" aria-label=\"Icon: Biodi\u00e9sel\"><a href='https:\/\/attra.ncat.org\/wp-content\/uploads\/tutorials\/farm-energy\/biodiesel\/' title='Biodi\u00e9sel' aria-label='Biodi\u00e9sel'  target=\"_blank\"  rel=\"noopener noreferrer\" class='iconbox_icon heading-color avia-iconfont avia-font-entypo-fontello' data-av_icon='\ue80d' data-av_iconfont='entypo-fontello' title=\"Biodi\u00e9sel\" desc=\"Biodi\u00e9sel\" ><\/a><h3 class='iconbox_content_title '  itemprop=\"headline\" ><a href='https:\/\/attra.ncat.org\/wp-content\/uploads\/tutorials\/farm-energy\/biodiesel\/' title='Biodi\u00e9sel'  target=\"_blank\"  rel=\"noopener noreferrer\">Biodi\u00e9sel<\/a><\/h3><\/header><div class='iconbox_content_container '  itemprop=\"text\" ><p><img loading=\"lazy\" decoding=\"async\" class=\"alignnone size-portfolio wp-image-125082\" src=\"https:\/\/attradev.ncat.org\/wp-content\/uploads\/2022\/07\/Biodiesel-495x400.png\" alt=\"\" width=\"495\" height=\"400\" srcset=\"https:\/\/attra.ncat.org\/wp-content\/uploads\/2022\/07\/Biodiesel-495x400.png 495w, https:\/\/attra.ncat.org\/wp-content\/uploads\/2022\/07\/Biodiesel-845x684.png 845w\" sizes=\"auto, (max-width: 495px) 100vw, 495px\" \/><\/p>\n<\/div><\/div><footer class=\"entry-footer\"><\/footer><\/article><\/div><\/p>\n","protected":false},"excerpt":{"rendered":"","protected":false},"author":1,"featured_media":123480,"parent":0,"menu_order":0,"comment_status":"closed","ping_status":"closed","template":"","meta":{"_acf_changed":false,"_price":"","_stock":"","_tribe_ticket_header":"","_tribe_default_ticket_provider":"","_tribe_ticket_capacity":"0","_ticket_start_date":"","_ticket_end_date":"","_tribe_ticket_show_description":"","_tribe_ticket_show_not_going":false,"_tribe_ticket_use_global_stock":"","_tribe_ticket_global_stock_level":"","_global_stock_mode":"","_global_stock_cap":"","_tribe_rsvp_for_event":"","_tribe_ticket_going_count":"","_tribe_ticket_not_going_count":"","_tribe_tickets_list":"[]","_tribe_ticket_has_attendee_info_fields":false,"footnotes":"","beyondwords_generate_audio":"","beyondwords_integration_method":"","beyondwords_project_id":"","beyondwords_content_id":"","beyondwords_preview_token":"","beyondwords_player_content":"","beyondwords_player_style":"","beyondwords_language_code":"","beyondwords_language_id":"","beyondwords_title_voice_id":"","beyondwords_body_voice_id":"","beyondwords_summary_voice_id":"","beyondwords_error_message":"","beyondwords_disabled":"","beyondwords_delete_content":"","beyondwords_podcast_id":"","beyondwords_hash":"","publish_post_to_speechkit":"","speechkit_hash":"","speechkit_generate_audio":"","speechkit_project_id":"","speechkit_podcast_id":"","speechkit_error_message":"","speechkit_disabled":"","speechkit_access_key":"","speechkit_error":"","speechkit_info":"","speechkit_response":"","speechkit_retries":"","speechkit_status":"","speechkit_updated_at":"","_speechkit_link":"","_speechkit_text":"","_tec_slr_enabled":"","_tec_slr_layout":""},"categories":[55,54],"tags":[1341,1342,175],"class_list":["post-134967","page","type-page","status-publish","has-post-thumbnail","hentry","category-energy","category-tutorial","tag-farm-energy","tag-renewable-energy","tag-training"],"acf":[],"publishpress_future_workflow_manual_trigger":{"enabledWorkflows":[]},"distributor_meta":false,"distributor_terms":false,"distributor_media":false,"distributor_original_site_name":"ATTRA - Agricultura Sustentable","distributor_original_site_url":"https:\/\/attra.ncat.org\/es\/","push-errors":false,"ticketed":false,"_links":{"self":[{"href":"https:\/\/attra.ncat.org\/es\/wp-json\/wp\/v2\/pages\/134967","targetHints":{"allow":["GET"]}}],"collection":[{"href":"https:\/\/attra.ncat.org\/es\/wp-json\/wp\/v2\/pages"}],"about":[{"href":"https:\/\/attra.ncat.org\/es\/wp-json\/wp\/v2\/types\/page"}],"author":[{"embeddable":true,"href":"https:\/\/attra.ncat.org\/es\/wp-json\/wp\/v2\/users\/1"}],"replies":[{"embeddable":true,"href":"https:\/\/attra.ncat.org\/es\/wp-json\/wp\/v2\/comments?post=134967"}],"version-history":[{"count":8,"href":"https:\/\/attra.ncat.org\/es\/wp-json\/wp\/v2\/pages\/134967\/revisions"}],"predecessor-version":[{"id":139500,"href":"https:\/\/attra.ncat.org\/es\/wp-json\/wp\/v2\/pages\/134967\/revisions\/139500"}],"wp:featuredmedia":[{"embeddable":true,"href":"https:\/\/attra.ncat.org\/es\/wp-json\/wp\/v2\/media\/123480"}],"wp:attachment":[{"href":"https:\/\/attra.ncat.org\/es\/wp-json\/wp\/v2\/media?parent=134967"}],"wp:term":[{"taxonomy":"category","embeddable":true,"href":"https:\/\/attra.ncat.org\/es\/wp-json\/wp\/v2\/categories?post=134967"},{"taxonomy":"post_tag","embeddable":true,"href":"https:\/\/attra.ncat.org\/es\/wp-json\/wp\/v2\/tags?post=134967"}],"curies":[{"name":"wp","href":"https:\/\/api.w.org\/{rel}","templated":true}]}}