

{"id":134968,"date":"2022-09-26T17:02:42","date_gmt":"2022-09-26T22:02:42","guid":{"rendered":"https:\/\/attra.ncat.org\/tutorial-riego-sostenible-una-guia-para-principiantes\/"},"modified":"2022-10-20T14:36:10","modified_gmt":"2022-10-20T19:36:10","slug":"tutorial-riego-sostenible-una-guia-para-principiantes","status":"publish","type":"page","link":"https:\/\/attra.ncat.org\/es\/tutorial-riego-sostenible-una-guia-para-principiantes\/","title":{"rendered":"Tutorial: Riego sostenible, una gu\u00eda para principiantes"},"content":{"rendered":"\n<style type=\"text\/css\" data-created_by=\"avia_inline_auto\" id=\"style-css-av-jix9dbu-dc7424c0317d9354ed34a60a80b22c08\">\n#top .av-special-heading.av-jix9dbu-dc7424c0317d9354ed34a60a80b22c08{\npadding-bottom:10px;\n}\nbody .av-special-heading.av-jix9dbu-dc7424c0317d9354ed34a60a80b22c08 .av-special-heading-tag .heading-char{\nfont-size:25px;\n}\n.av-special-heading.av-jix9dbu-dc7424c0317d9354ed34a60a80b22c08 .av-subheading{\nfont-size:15px;\n}\n<\/style>\n<div  class='av-special-heading av-jix9dbu-dc7424c0317d9354ed34a60a80b22c08 av-special-heading-h1 blockquote modern-quote  avia-builder-el-0  el_before_av_three_fifth  avia-builder-el-first '><h1 class='av-special-heading-tag '  itemprop=\"headline\"  >Riego sostenible: una gu\u00eda para principiantes<\/h1><div class=\"special-heading-border\"><div class=\"special-heading-inner-border\"><\/div><\/div><\/div>\n<div  class='flex_column av-g054dve-78db000e21528ffe491c8710c46a2074 av_three_fifth  avia-builder-el-1  el_after_av_heading  el_before_av_two_fifth  first flex_column_div  '     ><section  class='av_textblock_section av-l4rha2l0-9117a3b21374c3bf5bb843fc0f0e160d '   itemscope=\"itemscope\" itemtype=\"https:\/\/schema.org\/CreativeWork\" ><div class='avia_textblock'  itemprop=\"text\" ><p>Cuando el riego es apropiado para su ubicaci\u00f3n y circunstancias, puede ser un elemento esencial de la sostenibilidad de la granja. El riego sostenible incluye cuidar bien el suelo y la fuente de agua, mejorar constantemente la salud del suelo, ser eficiente en el uso del agua y la energ\u00eda, tratar a los vecinos y otros usuarios del agua de manera justa y mantener los costos bajos para que pueda ser rentable y permanecer en la agricultura a largo plazo.<\/p>\n<p>Dirigido a agricultores principiantes con poca o ninguna experiencia, este curso comienza desde el punto de partida y desmitifica el proceso de riego: proporciona una introducci\u00f3n amigable al equipo, la terminolog\u00eda y las precauciones de seguridad. A diferencia de otros cursos de riego que adoptan un enfoque m\u00e1s industrial o de ingenier\u00eda, este mantiene un fuerte enfoque en la sostenibilidad en todo momento.<\/p>\n<\/div><\/section><\/div><div  class='flex_column av-dioqqre-508d50ac6022ae7e5db64b027168a003 av_two_fifth  avia-builder-el-3  el_after_av_three_fifth  el_before_av_hr  flex_column_div  '     ><style type=\"text\/css\" data-created_by=\"avia_inline_auto\" id=\"style-css-av-l4rhm34t-1d23eee0b366a8f2f8f5bd8534272ebe\">\n.avia-image-container.av-l4rhm34t-1d23eee0b366a8f2f8f5bd8534272ebe img.avia_image{\nbox-shadow:none;\n}\n.avia-image-container.av-l4rhm34t-1d23eee0b366a8f2f8f5bd8534272ebe .av-image-caption-overlay-center{\ncolor:#ffffff;\n}\n<\/style>\n<div  class='avia-image-container av-l4rhm34t-1d23eee0b366a8f2f8f5bd8534272ebe av-styling- avia-align-center  avia-builder-el-4  avia-builder-el-no-sibling '   itemprop=\"image\" itemscope=\"itemscope\" itemtype=\"https:\/\/schema.org\/ImageObject\" ><div class=\"avia-image-container-inner\"><div class=\"avia-image-overlay-wrap\"><img decoding=\"async\" fetchpriority=\"high\" class='wp-image-126845 avia-img-lazy-loading-not-126845 avia_image ' src=\"https:\/\/attra.ncat.org\/wp-content\/uploads\/2022\/08\/Irrigation-350x350.png\" alt='A field of crops being irrigated' title='Irrigation'  height=\"350\" width=\"350\"  itemprop=\"thumbnailUrl\" srcset=\"https:\/\/attra.ncat.org\/wp-content\/uploads\/2022\/08\/Irrigation.png 350w, https:\/\/attra.ncat.org\/wp-content\/uploads\/2022\/08\/Irrigation-80x80.png 80w, https:\/\/attra.ncat.org\/wp-content\/uploads\/2022\/08\/Irrigation-36x36.png 36w, https:\/\/attra.ncat.org\/wp-content\/uploads\/2022\/08\/Irrigation-180x180.png 180w\" sizes=\"(max-width: 350px) 100vw, 350px\" \/><\/div><\/div><\/div><\/div><div  class='hr av-6vwqanu-b56bd893883ce4eb8a926b42f2fa5121 hr-default  avia-builder-el-5  el_after_av_two_fifth  el_before_av_one_fourth '><span class='hr-inner '><span class=\"hr-inner-style\"><\/span><\/span><\/div><\/p>\n<div  class='flex_column av-6l7iu9m-fa218a753d17d7e7e436214ab4e582d2 av_one_fourth  avia-builder-el-6  el_after_av_hr  el_before_av_hr  first flex_column_div  '     ><article  class='iconbox iconbox_top av-l4rknspw-94bf5878f9885d721c6816d1be714ddc  avia-builder-el-7  avia-builder-el-no-sibling  main_color'  itemscope=\"itemscope\" itemtype=\"https:\/\/schema.org\/CreativeWork\" ><div class=\"iconbox_content\"><header class=\"entry-content-header\" aria-label=\"Icon: Lecci\u00f3n 1: Riego sostenible, una gu\u00eda para principiantes\"><a href='\/wp-content\/uploads\/tutorials\/scaling-up\/introduction\/' title='Lecci\u00f3n 1: Riego sostenible, una gu\u00eda para principiantes' aria-label='Lecci\u00f3n 1: Riego sostenible, una gu\u00eda para principiantes'  target=\"_blank\"  rel=\"noopener noreferrer\" class='iconbox_icon heading-color avia-iconfont avia-font-entypo-fontello' data-av_icon='\ue80d' data-av_iconfont='entypo-fontello' title=\"Lecci\u00f3n 1: Riego sostenible, una gu\u00eda para principiantes\" desc=\"Lecci\u00f3n 1: Riego sostenible, una gu\u00eda para principiantes\" ><\/a><h3 class='iconbox_content_title '  itemprop=\"headline\" ><a href='\/wp-content\/uploads\/tutorials\/scaling-up\/introduction\/' title='Lecci\u00f3n 1: Riego sostenible, una gu\u00eda para principiantes'  target=\"_blank\"  rel=\"noopener noreferrer\">Lecci\u00f3n 1: Riego sostenible, una gu\u00eda para principiantes<\/a><\/h3><\/header><div class='iconbox_content_container '  itemprop=\"text\" ><p><img loading=\"lazy\" decoding=\"async\" class=\"alignnone size-medium wp-image-127929\" src=\"https:\/\/attradev.ncat.org\/wp-content\/uploads\/2022\/09\/sustainable-irrigation-350x222.png\" alt=\"\" width=\"350\" height=\"222\" srcset=\"https:\/\/attra.ncat.org\/wp-content\/uploads\/2022\/09\/sustainable-irrigation-350x222.png 350w, https:\/\/attra.ncat.org\/wp-content\/uploads\/2022\/09\/sustainable-irrigation-1030x654.png 1030w, https:\/\/attra.ncat.org\/wp-content\/uploads\/2022\/09\/sustainable-irrigation-768x488.png 768w, https:\/\/attra.ncat.org\/wp-content\/uploads\/2022\/09\/sustainable-irrigation-705x448.png 705w, https:\/\/attra.ncat.org\/wp-content\/uploads\/2022\/09\/sustainable-irrigation.png 1350w\" sizes=\"auto, (max-width: 350px) 100vw, 350px\" \/><\/p>\n<\/div><\/div><footer class=\"entry-footer\"><\/footer><\/article><\/div>\n<div  class='hr av-icxuwf-b3f8459a94cb037b992cf89567178375 hr-default  avia-builder-el-8  el_after_av_one_fourth  avia-builder-el-last '><span class='hr-inner '><span class=\"hr-inner-style\"><\/span><\/span><\/div>\n","protected":false},"excerpt":{"rendered":"","protected":false},"author":1,"featured_media":126845,"parent":0,"menu_order":0,"comment_status":"closed","ping_status":"closed","template":"","meta":{"_acf_changed":false,"_price":"","_stock":"","_tribe_ticket_header":"","_tribe_default_ticket_provider":"","_tribe_ticket_capacity":"0","_ticket_start_date":"","_ticket_end_date":"","_tribe_ticket_show_description":"","_tribe_ticket_show_not_going":false,"_tribe_ticket_use_global_stock":"","_tribe_ticket_global_stock_level":"","_global_stock_mode":"","_global_stock_cap":"","_tribe_rsvp_for_event":"","_tribe_ticket_going_count":"","_tribe_ticket_not_going_count":"","_tribe_tickets_list":"[]","_tribe_ticket_has_attendee_info_fields":false,"footnotes":"","beyondwords_generate_audio":"","beyondwords_integration_method":"","beyondwords_project_id":"","beyondwords_content_id":"","beyondwords_preview_token":"","beyondwords_player_content":"","beyondwords_player_style":"","beyondwords_language_code":"","beyondwords_language_id":"","beyondwords_title_voice_id":"","beyondwords_body_voice_id":"","beyondwords_summary_voice_id":"","beyondwords_error_message":"","beyondwords_disabled":"","beyondwords_delete_content":"","beyondwords_podcast_id":"","beyondwords_hash":"","publish_post_to_speechkit":"","speechkit_hash":"","speechkit_generate_audio":"","speechkit_project_id":"","speechkit_podcast_id":"","speechkit_error_message":"","speechkit_disabled":"","speechkit_access_key":"","speechkit_error":"","speechkit_info":"","speechkit_response":"","speechkit_retries":"","speechkit_status":"","speechkit_updated_at":"","_speechkit_link":"","_speechkit_text":"","_tec_slr_enabled":"","_tec_slr_layout":""},"categories":[118,54],"tags":[1495,1529],"class_list":["post-134968","page","type-page","status-publish","has-post-thumbnail","hentry","category-soil","category-tutorial","tag-agua","tag-suelo"],"acf":[],"publishpress_future_workflow_manual_trigger":{"enabledWorkflows":[]},"distributor_meta":false,"distributor_terms":false,"distributor_media":false,"distributor_original_site_name":"ATTRA - Agricultura Sustentable","distributor_original_site_url":"https:\/\/attra.ncat.org\/es\/","push-errors":false,"ticketed":false,"_links":{"self":[{"href":"https:\/\/attra.ncat.org\/es\/wp-json\/wp\/v2\/pages\/134968","targetHints":{"allow":["GET"]}}],"collection":[{"href":"https:\/\/attra.ncat.org\/es\/wp-json\/wp\/v2\/pages"}],"about":[{"href":"https:\/\/attra.ncat.org\/es\/wp-json\/wp\/v2\/types\/page"}],"author":[{"embeddable":true,"href":"https:\/\/attra.ncat.org\/es\/wp-json\/wp\/v2\/users\/1"}],"replies":[{"embeddable":true,"href":"https:\/\/attra.ncat.org\/es\/wp-json\/wp\/v2\/comments?post=134968"}],"version-history":[{"count":8,"href":"https:\/\/attra.ncat.org\/es\/wp-json\/wp\/v2\/pages\/134968\/revisions"}],"predecessor-version":[{"id":135330,"href":"https:\/\/attra.ncat.org\/es\/wp-json\/wp\/v2\/pages\/134968\/revisions\/135330"}],"wp:featuredmedia":[{"embeddable":true,"href":"https:\/\/attra.ncat.org\/es\/wp-json\/wp\/v2\/media\/126845"}],"wp:attachment":[{"href":"https:\/\/attra.ncat.org\/es\/wp-json\/wp\/v2\/media?parent=134968"}],"wp:term":[{"taxonomy":"category","embeddable":true,"href":"https:\/\/attra.ncat.org\/es\/wp-json\/wp\/v2\/categories?post=134968"},{"taxonomy":"post_tag","embeddable":true,"href":"https:\/\/attra.ncat.org\/es\/wp-json\/wp\/v2\/tags?post=134968"}],"curies":[{"name":"wp","href":"https:\/\/api.w.org\/{rel}","templated":true}]}}