

{"id":134969,"date":"2022-08-19T14:22:27","date_gmt":"2022-08-19T19:22:27","guid":{"rendered":"https:\/\/attra.ncat.org\/tutorial-formacion-para-agricultores-principiantes\/"},"modified":"2022-12-12T09:26:35","modified_gmt":"2022-12-12T15:26:35","slug":"tutorial-formacion-para-agricultores-principiantes","status":"publish","type":"page","link":"https:\/\/attra.ncat.org\/es\/tutorial-formacion-para-agricultores-principiantes\/","title":{"rendered":"Tutorial: Capacitaci\u00f3n para agricultores principiantes"},"content":{"rendered":"\n<style type=\"text\/css\" data-created_by=\"avia_inline_auto\" id=\"style-css-av-jix9dbu-d6991fbbce078ca823dc8fe4b9653b24\">\n#top .av-special-heading.av-jix9dbu-d6991fbbce078ca823dc8fe4b9653b24{\npadding-bottom:10px;\n}\nbody .av-special-heading.av-jix9dbu-d6991fbbce078ca823dc8fe4b9653b24 .av-special-heading-tag .heading-char{\nfont-size:25px;\n}\n.av-special-heading.av-jix9dbu-d6991fbbce078ca823dc8fe4b9653b24 .av-subheading{\nfont-size:15px;\n}\n<\/style>\n<div  class='av-special-heading av-jix9dbu-d6991fbbce078ca823dc8fe4b9653b24 av-special-heading-h1 blockquote modern-quote  avia-builder-el-0  el_before_av_three_fifth  avia-builder-el-first '><h1 class='av-special-heading-tag '  itemprop=\"headline\"  >Tutoriales de agricultores principiantes<\/h1><div class=\"special-heading-border\"><div class=\"special-heading-inner-border\"><\/div><\/div><\/div>\n<div  class='flex_column av-g054dve-78db000e21528ffe491c8710c46a2074 av_three_fifth  avia-builder-el-1  el_after_av_heading  el_before_av_two_fifth  first flex_column_div  '     ><section  class='av_textblock_section av-l4rha2l0-9117a3b21374c3bf5bb843fc0f0e160d '   itemscope=\"itemscope\" itemtype=\"https:\/\/schema.org\/CreativeWork\" ><div class='avia_textblock'  itemprop=\"text\" ><p>\u00bfEs usted un agricultor o ganadero principiante que ha estado cultivando algunos a\u00f1os? \u00bfTiene un gran conocimiento de las t\u00e9cnicas de producci\u00f3n sostenibles, pero necesita desarrollar habilidades de gesti\u00f3n empresarial m\u00e1s avanzadas? Si es as\u00ed, este curso es para ti.<\/p>\n<p>Este curso de seis partes lo equipar\u00e1 con las habilidades de gesti\u00f3n necesarias para operar un negocio agr\u00edcola exitoso y sostenible a largo plazo. Recibir\u00e1 capacitaci\u00f3n sobre planificaci\u00f3n de toda la granja, desarrollo de planes de negocios, administraci\u00f3n financiera, acceso a capital, mantenimiento de registros y desarrollo de mercado. Establecer\u00e1 metas significativas para su negocio agr\u00edcola y recibir\u00e1 las herramientas informativas, los recursos y el apoyo para avanzar hacia esas metas.<\/p>\n<p><em>El apoyo financiero para este curso proviene de una subvenci\u00f3n de Southern SARE Education (LS18-292). El apoyo adicional para este tutorial fue financiado por el programa de Alcance y Asistencia a Agricultores y Ganaderos Socialmente Desfavorecidos (OASDFR) del USDA (Proyecto # 2009-00705), parte del Instituto Nacional de Alimentos y Agricultura.<\/em><\/p>\n<\/div><\/section><\/div>\n<div  class='flex_column av-dioqqre-508d50ac6022ae7e5db64b027168a003 av_two_fifth  avia-builder-el-3  el_after_av_three_fifth  el_before_av_hr  flex_column_div  '     ><style type=\"text\/css\" data-created_by=\"avia_inline_auto\" id=\"style-css-av-l4rhm34t-d34b45b3967c9ea7f04abd9f7c60f8bb\">\n.avia-image-container.av-l4rhm34t-d34b45b3967c9ea7f04abd9f7c60f8bb img.avia_image{\nbox-shadow:none;\n}\n.avia-image-container.av-l4rhm34t-d34b45b3967c9ea7f04abd9f7c60f8bb .av-image-caption-overlay-center{\ncolor:#ffffff;\n}\n<\/style>\n<div  class='avia-image-container av-l4rhm34t-d34b45b3967c9ea7f04abd9f7c60f8bb av-styling- avia-align-center  avia-builder-el-4  avia-builder-el-no-sibling '   itemprop=\"image\" itemscope=\"itemscope\" itemtype=\"https:\/\/schema.org\/ImageObject\" ><div class=\"avia-image-container-inner\"><div class=\"avia-image-overlay-wrap\"><img decoding=\"async\" fetchpriority=\"high\" class='wp-image-125091 avia-img-lazy-loading-not-125091 avia_image ' src=\"https:\/\/attra.ncat.org\/wp-content\/uploads\/2022\/07\/Man-working-in-soil-495x400.png\" alt='A man working in the soil' title='Man working in soil'  height=\"400\" width=\"495\"  itemprop=\"thumbnailUrl\" srcset=\"https:\/\/attra.ncat.org\/wp-content\/uploads\/2022\/07\/Man-working-in-soil-495x400.png 495w, https:\/\/attra.ncat.org\/wp-content\/uploads\/2022\/07\/Man-working-in-soil-845x684.png 845w\" sizes=\"(max-width: 495px) 100vw, 495px\" \/><\/div><\/div><\/div><\/div>\n<div  class='hr av-6vwqanu-b56bd893883ce4eb8a926b42f2fa5121 hr-default  avia-builder-el-5  el_after_av_two_fifth  el_before_av_one_half '><span class='hr-inner '><span class=\"hr-inner-style\"><\/span><\/span><\/div>\n<div  class='flex_column av-6l7iu9m-fa218a753d17d7e7e436214ab4e582d2 av_one_half  avia-builder-el-6  el_after_av_hr  el_before_av_one_half  first flex_column_div  '     ><article  class='iconbox iconbox_top av-l4rknspw-022e0b6ed24fd624002d3a5113609322  avia-builder-el-7  avia-builder-el-no-sibling  main_color'  itemscope=\"itemscope\" itemtype=\"https:\/\/schema.org\/CreativeWork\" ><div class=\"iconbox_content\"><header class=\"entry-content-header\" aria-label=\"Icon: Llevando su granja al siguiente nivel\"><a href='https:\/\/canvas.instructure.com\/courses\/1696296' title='Llevando su granja al siguiente nivel' aria-label='Llevando su granja al siguiente nivel'  target=\"_blank\"  rel=\"noopener noreferrer\" class='iconbox_icon heading-color avia-iconfont avia-font-entypo-fontello' data-av_icon='\ue80d' data-av_iconfont='entypo-fontello' title=\"Llevando su granja al siguiente nivel\" desc=\"Llevando su granja al siguiente nivel\" ><\/a><h3 class='iconbox_content_title '  itemprop=\"headline\" ><a href='https:\/\/canvas.instructure.com\/courses\/1696296' title='Llevando su granja al siguiente nivel'  target=\"_blank\"  rel=\"noopener noreferrer\">Llevando su granja al siguiente nivel<\/a><\/h3><\/header><div class='iconbox_content_container '  itemprop=\"text\" ><p><img loading=\"lazy\" decoding=\"async\" class=\"alignnone size-portfolio wp-image-125092\" src=\"https:\/\/attradev.ncat.org\/wp-content\/uploads\/2022\/07\/Beginning-Farmer-1-495x391.png\" alt=\"\" width=\"495\" height=\"391\"><\/p>\n<\/div><\/div><footer class=\"entry-footer\"><\/footer><\/article><\/div>\n<div  class='flex_column av-5pb1oca-a47fc18e11db274ef63040a366a67376 av_one_half  avia-builder-el-8  el_after_av_one_half  el_before_av_one_full  flex_column_div  '     ><article  class='iconbox iconbox_top av-l4rksmyc-c98ac6330f9d0a49c5f1cbc502010a48  avia-builder-el-9  avia-builder-el-no-sibling  main_color'  itemscope=\"itemscope\" itemtype=\"https:\/\/schema.org\/CreativeWork\" ><div class=\"iconbox_content\"><header class=\"entry-content-header\" aria-label=\"Icon: Introducci\u00f3n a la agricultura: Una introducci\u00f3n a la planificaci\u00f3n de negocios agr\u00edcolas\"><a href='https:\/\/northcarolina.ncat.org\/' title='Introducci\u00f3n a la agricultura: Una introducci\u00f3n a la planificaci\u00f3n de negocios agr\u00edcolas' aria-label='Introducci\u00f3n a la agricultura: Una introducci\u00f3n a la planificaci\u00f3n de negocios agr\u00edcolas'  target=\"_blank\"  rel=\"noopener noreferrer\" class='iconbox_icon heading-color avia-iconfont avia-font-entypo-fontello' data-av_icon='\ue80d' data-av_iconfont='entypo-fontello' title=\"Introducci\u00f3n a la agricultura: Una introducci\u00f3n a la planificaci\u00f3n de negocios agr\u00edcolas\" desc=\"Introducci\u00f3n a la agricultura: Una introducci\u00f3n a la planificaci\u00f3n de negocios agr\u00edcolas\" ><\/a><h3 class='iconbox_content_title '  itemprop=\"headline\" ><a href='https:\/\/northcarolina.ncat.org\/' title='Introducci\u00f3n a la agricultura: Una introducci\u00f3n a la planificaci\u00f3n de negocios agr\u00edcolas'  target=\"_blank\"  rel=\"noopener noreferrer\">Introducci\u00f3n a la agricultura: Una introducci\u00f3n a la planificaci\u00f3n de negocios agr\u00edcolas<\/a><\/h3><\/header><div class='iconbox_content_container '  itemprop=\"text\" ><p><img loading=\"lazy\" decoding=\"async\" class=\"alignnone size-full wp-image-125745\" src=\"https:\/\/attradev.ncat.org\/wp-content\/uploads\/2022\/08\/Getting-Started-in-Farming-tutorial.png\" alt=\"\" width=\"803\" height=\"409\" srcset=\"https:\/\/attra.ncat.org\/wp-content\/uploads\/2022\/08\/Getting-Started-in-Farming-tutorial.png 803w, https:\/\/attra.ncat.org\/wp-content\/uploads\/2022\/08\/Getting-Started-in-Farming-tutorial-350x178.png 350w, https:\/\/attra.ncat.org\/wp-content\/uploads\/2022\/08\/Getting-Started-in-Farming-tutorial-768x391.png 768w, https:\/\/attra.ncat.org\/wp-content\/uploads\/2022\/08\/Getting-Started-in-Farming-tutorial-705x359.png 705w\" sizes=\"auto, (max-width: 803px) 100vw, 803px\" \/><\/p>\n<\/div><\/div><footer class=\"entry-footer\"><\/footer><\/article><\/div>\n<div  class='flex_column av-57aoqg0-18c5bbb4b9682e4c255a73db0d48fb20 av_one_full  avia-builder-el-10  el_after_av_one_half  avia-builder-el-last  first flex_column_div  column-top-margin'     ><p>\n<style type=\"text\/css\" data-created_by=\"avia_inline_auto\" id=\"style-css-av-l8jhvqw0-45e390c1a76183cb96983d7d53e09360\">\n#top .av-special-heading.av-l8jhvqw0-45e390c1a76183cb96983d7d53e09360{\npadding-bottom:10px;\n}\nbody .av-special-heading.av-l8jhvqw0-45e390c1a76183cb96983d7d53e09360 .av-special-heading-tag .heading-char{\nfont-size:25px;\n}\n.av-special-heading.av-l8jhvqw0-45e390c1a76183cb96983d7d53e09360 .av-subheading{\nfont-size:15px;\n}\n<\/style>\n<div  class='av-special-heading av-l8jhvqw0-45e390c1a76183cb96983d7d53e09360 av-special-heading-h1 blockquote modern-quote  avia-builder-el-11  el_before_av_icongrid  avia-builder-el-first '><h1 class='av-special-heading-tag '  itemprop=\"headline\"  >Recursos para agricultores principiantes<\/h1><div class=\"special-heading-border\"><div class=\"special-heading-inner-border\"><\/div><\/div><\/div><br \/>\n\n<style type=\"text\/css\" data-created_by=\"avia_inline_auto\" id=\"style-css-av-l8jd014w-2a18199b106593b4e3823f237d2a3306\">\n.avia-icon-grid-container.av-l8jd014w-2a18199b106593b4e3823f237d2a3306 .avia-icongrid{\njustify-content:space-between;\n}\n.avia-icon-grid-container.av-l8jd014w-2a18199b106593b4e3823f237d2a3306 .avia-icongrid-wrapper .avia-icongrid-icon{\ncolor:#378c00;\n}\n.avia-icon-grid-container.av-l8jd014w-2a18199b106593b4e3823f237d2a3306 .avia-icongrid-wrapper .avia-icongrid-icon .icongrid-char.avia-svg-icon svg:first-child{\nfill:#378c00;\nstroke:#378c00;\n}\n.avia-icon-grid-container.av-l8jd014w-2a18199b106593b4e3823f237d2a3306 .avia-icongrid-wrapper .icongrid_title{\nfont-size:16px;\n}\n<\/style>\n<div  class='avia-icon-grid-container av-l8jd014w-2a18199b106593b4e3823f237d2a3306  avia-builder-el-12  el_after_av_heading  avia-builder-el-last ' ><ul id='avia-icongrid-69e9eaf5dd86d' class='avia-icongrid clearfix avia_animate_when_almost_visible avia-icongrid-flipbox avia-icongrid-numrow-4 avia-cell-space-between av-flex-cells av-break-767 av-can-break-50'>\n<li class='av-icon-cell-item av-row-with-4-cells av-row-nr-1 av-cell-1 av-first-cell-row av-first-cell-item'><a href='https:\/\/attra.ncat.org\/wp-content\/uploads\/2022\/09\/why_do_you_want_to_farm_wksheet.pdf' title='Worksheet: Why Do You Want to Farm?'  class='avia-icongrid-wrapper av-l8jcq7a2-c930848d6561a14f45f81c5817ac8730'><article class='article-icon-entry '  itemscope=\"itemscope\" itemtype=\"https:\/\/schema.org\/CreativeWork\" ><div class='avia-icongrid-front '><div class=\"avia-icongrid-inner\"><div class='avia-icongrid-icon'><span class='icongrid-char avia-iconfont avia-font-entypo-fontello' data-av_icon='\ue84d' data-av_iconfont='entypo-fontello' ><\/span><\/div><header class=\"entry-content-header\" aria-label=\"Icon: Worksheet: Why Do You Want to Farm?\"><h4 class='av_icongrid_title icongrid_title '  itemprop=\"headline\" >Worksheet: Why Do You Want to Farm?<\/h4><\/header><\/div><\/div><div class='avia-icongrid-flipback '><div class=\"avia-icongrid-inner\"><div class='avia-icongrid-text'  itemprop=\"text\" ><p>Click to Read<\/p>\n<\/div><\/div><\/div><\/article><\/a><\/li>\n<li class='av-icon-cell-item av-row-with-4-cells av-row-nr-1 av-cell-2 av-first-cell-row av-inner-cell-item'><a href='https:\/\/attra.ncat.org\/wp-content\/uploads\/2022\/09\/Business_Planning-tipsheet.pdf' title='Tipsheet: Business Planning'  class='avia-icongrid-wrapper av-l8jcs1qu-edeb50362fe713c858c3f7db04b4c1fc'><article class='article-icon-entry '  itemscope=\"itemscope\" itemtype=\"https:\/\/schema.org\/CreativeWork\" ><div class='avia-icongrid-front '><div class=\"avia-icongrid-inner\"><div class='avia-icongrid-icon'><span class='icongrid-char avia-iconfont avia-font-entypo-fontello' data-av_icon='\ue84d' data-av_iconfont='entypo-fontello' ><\/span><\/div><header class=\"entry-content-header\" aria-label=\"Icon: Tipsheet: Business Planning\"><h4 class='av_icongrid_title icongrid_title '  itemprop=\"headline\" >Tipsheet: Business Planning<\/h4><\/header><\/div><\/div><div class='avia-icongrid-flipback '><div class=\"avia-icongrid-inner\"><div class='avia-icongrid-text'  itemprop=\"text\" ><p>Click Here<\/p>\n<\/div><\/div><\/div><\/article><\/a><\/li>\n<li class='av-icon-cell-item av-row-with-4-cells av-row-nr-1 av-cell-3 av-first-cell-row av-inner-cell-item'><a href='https:\/\/attra.ncat.org\/wp-content\/uploads\/2022\/09\/determining_yours_skills_wksheet.pdf' title='Worksheet: Determining Your Skills'  class='avia-icongrid-wrapper av-l8jcsxta-5f6abd798517fad9df471bd7c578b43b'><article class='article-icon-entry '  itemscope=\"itemscope\" itemtype=\"https:\/\/schema.org\/CreativeWork\" ><div class='avia-icongrid-front '><div class=\"avia-icongrid-inner\"><div class='avia-icongrid-icon'><span class='icongrid-char avia-iconfont avia-font-entypo-fontello' data-av_icon='\ue84d' data-av_iconfont='entypo-fontello' ><\/span><\/div><header class=\"entry-content-header\" aria-label=\"Icon: Worksheet: Determining Your Skills\"><h4 class='av_icongrid_title icongrid_title '  itemprop=\"headline\" >Worksheet: Determining Your Skills<\/h4><\/header><\/div><\/div><div class='avia-icongrid-flipback '><div class=\"avia-icongrid-inner\"><div class='avia-icongrid-text'  itemprop=\"text\" ><p>Click Here<\/p>\n<\/div><\/div><\/div><\/article><\/a><\/li>\n<li class='av-icon-cell-item av-row-with-4-cells av-row-nr-1 av-cell-4 av-first-cell-row av-last-cell-item'><a href='https:\/\/attra.ncat.org\/wp-content\/uploads\/2022\/09\/marketing_plan_wksheet.pdf' title='Worksheet: Marketing Plan'  class='avia-icongrid-wrapper av-l8jcsxta-8-d22c3ff497c66b4b3c719c8353a8a73a'><article class='article-icon-entry '  itemscope=\"itemscope\" itemtype=\"https:\/\/schema.org\/CreativeWork\" ><div class='avia-icongrid-front '><div class=\"avia-icongrid-inner\"><div class='avia-icongrid-icon'><span class='icongrid-char avia-iconfont avia-font-entypo-fontello' data-av_icon='\ue84d' data-av_iconfont='entypo-fontello' ><\/span><\/div><header class=\"entry-content-header\" aria-label=\"Icon: Worksheet: Marketing Plan\"><h4 class='av_icongrid_title icongrid_title '  itemprop=\"headline\" >Worksheet: Marketing Plan<\/h4><\/header><\/div><\/div><div class='avia-icongrid-flipback '><div class=\"avia-icongrid-inner\"><div class='avia-icongrid-text'  itemprop=\"text\" ><p>Click Here<\/p>\n<\/div><\/div><\/div><\/article><\/a><\/li>\n<li class='av-icon-cell-item av-row-with-4-cells av-row-nr-2 av-cell-1 av-next-cell-row av-first-cell-item'><a href='https:\/\/attra.ncat.org\/wp-content\/uploads\/2022\/09\/marketing-resources.pdf' title='Marketing Resources'  class='avia-icongrid-wrapper av-l8jcsxta-7-f2f46b131109968df2511e1444d96068'><article class='article-icon-entry '  itemscope=\"itemscope\" itemtype=\"https:\/\/schema.org\/CreativeWork\" ><div class='avia-icongrid-front '><div class=\"avia-icongrid-inner\"><div class='avia-icongrid-icon'><span class='icongrid-char avia-iconfont avia-font-entypo-fontello' data-av_icon='\ue84d' data-av_iconfont='entypo-fontello' ><\/span><\/div><header class=\"entry-content-header\" aria-label=\"Icon: Marketing Resources\"><h4 class='av_icongrid_title icongrid_title '  itemprop=\"headline\" >Marketing Resources<\/h4><\/header><\/div><\/div><div class='avia-icongrid-flipback '><div class=\"avia-icongrid-inner\"><div class='avia-icongrid-text'  itemprop=\"text\" ><p>Click Here<\/p>\n<\/div><\/div><\/div><\/article><\/a><\/li>\n<li class='av-icon-cell-item av-row-with-4-cells av-row-nr-2 av-cell-2 av-next-cell-row av-inner-cell-item'><a href='https:\/\/attra.ncat.org\/wp-content\/uploads\/2022\/09\/NCAT_Financial_Record_Templates.xlsx' title='Financial Record Template'  class='avia-icongrid-wrapper av-l8jcsxta-6-c20c9dacf65c29c4ff55f0ba559ae76a'><article class='article-icon-entry '  itemscope=\"itemscope\" itemtype=\"https:\/\/schema.org\/CreativeWork\" ><div class='avia-icongrid-front '><div class=\"avia-icongrid-inner\"><div class='avia-icongrid-icon'><span class='icongrid-char avia-iconfont avia-font-entypo-fontello' data-av_icon='\ue84d' data-av_iconfont='entypo-fontello' ><\/span><\/div><header class=\"entry-content-header\" aria-label=\"Icon: Financial Record Template\"><h4 class='av_icongrid_title icongrid_title '  itemprop=\"headline\" >Financial Record Template<\/h4><\/header><\/div><\/div><div class='avia-icongrid-flipback '><div class=\"avia-icongrid-inner\"><div class='avia-icongrid-text'  itemprop=\"text\" ><p>Click Here<\/p>\n<\/div><\/div><\/div><\/article><\/a><\/li>\n<li class='av-icon-cell-item av-row-with-4-cells av-row-nr-2 av-cell-3 av-next-cell-row av-inner-cell-item'><a href='https:\/\/attra.ncat.org\/wp-content\/uploads\/2022\/09\/next_steps_wksheet.pdf' title='Worksheet: Next Steps'  class='avia-icongrid-wrapper av-l8jcsxta-5-3c76749239009324093acca9a978431a'><article class='article-icon-entry '  itemscope=\"itemscope\" itemtype=\"https:\/\/schema.org\/CreativeWork\" ><div class='avia-icongrid-front '><div class=\"avia-icongrid-inner\"><div class='avia-icongrid-icon'><span class='icongrid-char avia-iconfont avia-font-entypo-fontello' data-av_icon='\ue84d' data-av_iconfont='entypo-fontello' ><\/span><\/div><header class=\"entry-content-header\" aria-label=\"Icon: Worksheet: Next Steps\"><h4 class='av_icongrid_title icongrid_title '  itemprop=\"headline\" >Worksheet: Next Steps<\/h4><\/header><\/div><\/div><div class='avia-icongrid-flipback '><div class=\"avia-icongrid-inner\"><div class='avia-icongrid-text'  itemprop=\"text\" ><p>Click Here<\/p>\n<\/div><\/div><\/div><\/article><\/a><\/li>\n<li class='av-icon-cell-item av-row-with-4-cells av-row-nr-2 av-cell-4 av-next-cell-row av-last-cell-item'><a href='https:\/\/attra.ncat.org\/wp-content\/uploads\/2022\/09\/tying-it-all-together.pdf' title='Tying it All Together'  class='avia-icongrid-wrapper av-l8jcsxta-4-0211c6d0ac5f8617b93bc403dc8b7691'><article class='article-icon-entry '  itemscope=\"itemscope\" itemtype=\"https:\/\/schema.org\/CreativeWork\" ><div class='avia-icongrid-front '><div class=\"avia-icongrid-inner\"><div class='avia-icongrid-icon'><span class='icongrid-char avia-iconfont avia-font-entypo-fontello' data-av_icon='\ue84d' data-av_iconfont='entypo-fontello' ><\/span><\/div><header class=\"entry-content-header\" aria-label=\"Icon: Tying it All Together\"><h4 class='av_icongrid_title icongrid_title '  itemprop=\"headline\" >Tying it All Together<\/h4><\/header><\/div><\/div><div class='avia-icongrid-flipback '><div class=\"avia-icongrid-inner\"><div class='avia-icongrid-text'  itemprop=\"text\" ><p>Click Here<\/p>\n<\/div><\/div><\/div><\/article><\/a><\/li>\n<\/ul><\/div><\/p><\/div>\n","protected":false},"excerpt":{"rendered":"","protected":false},"author":1,"featured_media":125091,"parent":0,"menu_order":0,"comment_status":"closed","ping_status":"closed","template":"","meta":{"_acf_changed":false,"_price":"","_stock":"","_tribe_ticket_header":"","_tribe_default_ticket_provider":"","_tribe_ticket_capacity":"0","_ticket_start_date":"","_ticket_end_date":"","_tribe_ticket_show_description":"","_tribe_ticket_show_not_going":false,"_tribe_ticket_use_global_stock":"","_tribe_ticket_global_stock_level":"","_global_stock_mode":"","_global_stock_cap":"","_tribe_rsvp_for_event":"","_tribe_ticket_going_count":"","_tribe_ticket_not_going_count":"","_tribe_tickets_list":"[]","_tribe_ticket_has_attendee_info_fields":false,"footnotes":"","beyondwords_generate_audio":"","beyondwords_integration_method":"","beyondwords_project_id":"","beyondwords_content_id":"","beyondwords_preview_token":"","beyondwords_player_content":"","beyondwords_player_style":"","beyondwords_language_code":"","beyondwords_language_id":"","beyondwords_title_voice_id":"","beyondwords_body_voice_id":"","beyondwords_summary_voice_id":"","beyondwords_error_message":"","beyondwords_disabled":"","beyondwords_delete_content":"","beyondwords_podcast_id":"","beyondwords_hash":"","publish_post_to_speechkit":"","speechkit_hash":"","speechkit_generate_audio":"","speechkit_project_id":"","speechkit_podcast_id":"","speechkit_error_message":"","speechkit_disabled":"","speechkit_access_key":"","speechkit_error":"","speechkit_info":"","speechkit_response":"","speechkit_retries":"","speechkit_status":"","speechkit_updated_at":"","_speechkit_link":"","_speechkit_text":"","_tec_slr_enabled":"","_tec_slr_layout":""},"categories":[1467,1539],"tags":[],"class_list":["post-134969","page","type-page","status-publish","has-post-thumbnail","hentry","category-puesta-en-marcha-de-la-granja","category-tutorial-es"],"acf":[],"publishpress_future_workflow_manual_trigger":{"enabledWorkflows":[]},"distributor_meta":false,"distributor_terms":false,"distributor_media":false,"distributor_original_site_name":"ATTRA - Agricultura Sustentable","distributor_original_site_url":"https:\/\/attra.ncat.org\/es\/","push-errors":false,"ticketed":false,"_links":{"self":[{"href":"https:\/\/attra.ncat.org\/es\/wp-json\/wp\/v2\/pages\/134969","targetHints":{"allow":["GET"]}}],"collection":[{"href":"https:\/\/attra.ncat.org\/es\/wp-json\/wp\/v2\/pages"}],"about":[{"href":"https:\/\/attra.ncat.org\/es\/wp-json\/wp\/v2\/types\/page"}],"author":[{"embeddable":true,"href":"https:\/\/attra.ncat.org\/es\/wp-json\/wp\/v2\/users\/1"}],"replies":[{"embeddable":true,"href":"https:\/\/attra.ncat.org\/es\/wp-json\/wp\/v2\/comments?post=134969"}],"version-history":[{"count":11,"href":"https:\/\/attra.ncat.org\/es\/wp-json\/wp\/v2\/pages\/134969\/revisions"}],"predecessor-version":[{"id":139491,"href":"https:\/\/attra.ncat.org\/es\/wp-json\/wp\/v2\/pages\/134969\/revisions\/139491"}],"wp:featuredmedia":[{"embeddable":true,"href":"https:\/\/attra.ncat.org\/es\/wp-json\/wp\/v2\/media\/125091"}],"wp:attachment":[{"href":"https:\/\/attra.ncat.org\/es\/wp-json\/wp\/v2\/media?parent=134969"}],"wp:term":[{"taxonomy":"category","embeddable":true,"href":"https:\/\/attra.ncat.org\/es\/wp-json\/wp\/v2\/categories?post=134969"},{"taxonomy":"post_tag","embeddable":true,"href":"https:\/\/attra.ncat.org\/es\/wp-json\/wp\/v2\/tags?post=134969"}],"curies":[{"name":"wp","href":"https:\/\/api.w.org\/{rel}","templated":true}]}}