

{"id":134970,"date":"2022-08-11T10:28:45","date_gmt":"2022-08-11T15:28:45","guid":{"rendered":"https:\/\/attra.ncat.org\/tutorial-salud-del-suelo\/"},"modified":"2022-12-12T09:26:55","modified_gmt":"2022-12-12T15:26:55","slug":"tutorial-salud-del-suelo","status":"publish","type":"page","link":"https:\/\/attra.ncat.org\/es\/tutorial-salud-del-suelo\/","title":{"rendered":"Tutorial: Salud del suelo"},"content":{"rendered":"\n<style type=\"text\/css\" data-created_by=\"avia_inline_auto\" id=\"style-css-av-jix9dbu-17627236cf9047888ce8081c84dfb396\">\n#top .av-special-heading.av-jix9dbu-17627236cf9047888ce8081c84dfb396{\npadding-bottom:10px;\n}\nbody .av-special-heading.av-jix9dbu-17627236cf9047888ce8081c84dfb396 .av-special-heading-tag .heading-char{\nfont-size:25px;\n}\n.av-special-heading.av-jix9dbu-17627236cf9047888ce8081c84dfb396 .av-subheading{\nfont-size:15px;\n}\n<\/style>\n<div  class='av-special-heading av-jix9dbu-17627236cf9047888ce8081c84dfb396 av-special-heading-h1 blockquote modern-quote  avia-builder-el-0  el_before_av_three_fifth  avia-builder-el-first '><h1 class='av-special-heading-tag '  itemprop=\"headline\"  >Salud del suelo<\/h1><div class=\"special-heading-border\"><div class=\"special-heading-inner-border\"><\/div><\/div><\/div>\n<div  class='flex_column av-g054dve-78db000e21528ffe491c8710c46a2074 av_three_fifth  avia-builder-el-1  el_after_av_heading  el_before_av_two_fifth  first flex_column_div  '     ><section  class='av_textblock_section av-l4rha2l0-9117a3b21374c3bf5bb843fc0f0e160d '   itemscope=\"itemscope\" itemtype=\"https:\/\/schema.org\/CreativeWork\" ><div class='avia_textblock'  itemprop=\"text\" ><p>La salud del suelo es fundamental para la sostenibilidad y rentabilidad de todas las granjas y ranchos. Este tutorial brindar\u00e1 a los productores las herramientas que necesitan para evaluar la salud de su suelo, comprender los principios detr\u00e1s del manejo de la salud del suelo y aprender pr\u00e1cticas que pueden usar para devolver los suelos a un estado saludable. Hay cinco principios para el manejo sostenible del suelo que se discutir\u00e1n a lo largo de estas lecciones: mantener el suelo cubierto, mantener ra\u00edces vivas, incluida una diversidad de plantas, limitar la perturbaci\u00f3n del suelo e incluir el ganado cuando sea posible. Si los agricultores son capaces de modelar sus operaciones en los procesos de formaci\u00f3n del suelo que se ven en el entorno natural, sus suelos pueden regenerarse y permanecer ricos, productivos y resistentes durante generaciones. Este tutorial les dar\u00e1 a los agricultores las herramientas necesarias para comprender c\u00f3mo invertir en sus suelos sabiamente.<\/p>\n<\/div><\/section><\/div>\n<div  class='flex_column av-dioqqre-508d50ac6022ae7e5db64b027168a003 av_two_fifth  avia-builder-el-3  el_after_av_three_fifth  el_before_av_hr  flex_column_div  '     ><style type=\"text\/css\" data-created_by=\"avia_inline_auto\" id=\"style-css-av-l4rhm34t-74c11711d5b1ed3bbf3c4b159e49a714\">\n.avia-image-container.av-l4rhm34t-74c11711d5b1ed3bbf3c4b159e49a714 img.avia_image{\nbox-shadow:none;\n}\n.avia-image-container.av-l4rhm34t-74c11711d5b1ed3bbf3c4b159e49a714 .av-image-caption-overlay-center{\ncolor:#ffffff;\n}\n<\/style>\n<div  class='avia-image-container av-l4rhm34t-74c11711d5b1ed3bbf3c4b159e49a714 av-styling- avia-align-center  avia-builder-el-4  avia-builder-el-no-sibling '   itemprop=\"image\" itemscope=\"itemscope\" itemtype=\"https:\/\/schema.org\/ImageObject\" ><div class=\"avia-image-container-inner\"><div class=\"avia-image-overlay-wrap\"><img decoding=\"async\" fetchpriority=\"high\" class='wp-image-125734 avia-img-lazy-loading-not-125734 avia_image ' src=\"https:\/\/attra.ncat.org\/wp-content\/uploads\/2022\/08\/healthy-soil-300x218-1.jpg\" alt='' title='healthy-soil-300x218'  height=\"218\" width=\"300\"  itemprop=\"thumbnailUrl\"  \/><\/div><\/div><\/div><\/div>\n<div  class='hr av-6vwqanu-b56bd893883ce4eb8a926b42f2fa5121 hr-default  avia-builder-el-5  el_after_av_two_fifth  el_before_av_one_fourth '><span class='hr-inner '><span class=\"hr-inner-style\"><\/span><\/span><\/div>\n<div  class='flex_column av-6l7iu9m-fa218a753d17d7e7e436214ab4e582d2 av_one_fourth  avia-builder-el-6  el_after_av_hr  el_before_av_one_fourth  first flex_column_div  '     ><article  class='iconbox iconbox_top av-l4rknspw-cc7657900ed73976f276ed66fa824b74  avia-builder-el-7  avia-builder-el-no-sibling  main_color'  itemscope=\"itemscope\" itemtype=\"https:\/\/schema.org\/CreativeWork\" ><div class=\"iconbox_content\"><header class=\"entry-content-header\" aria-label=\"Icon: Introducci\u00f3n a los suelos\"><a href='http:\/\/wp-content\/uploads\/tutorials\/soil-health\/introduction\/' title='Introducci\u00f3n a los suelos' aria-label='Introducci\u00f3n a los suelos'  target=\"_blank\"  rel=\"noopener noreferrer\" class='iconbox_icon heading-color avia-iconfont avia-font-entypo-fontello' data-av_icon='\ue80d' data-av_iconfont='entypo-fontello' title=\"Introducci\u00f3n a los suelos\" desc=\"Introducci\u00f3n a los suelos\" ><\/a><h3 class='iconbox_content_title '  itemprop=\"headline\" ><a href='http:\/\/wp-content\/uploads\/tutorials\/soil-health\/introduction\/' title='Introducci\u00f3n a los suelos'  target=\"_blank\"  rel=\"noopener noreferrer\">Introducci\u00f3n a los suelos<\/a><\/h3><\/header><div class='iconbox_content_container '  itemprop=\"text\" ><p><img loading=\"lazy\" decoding=\"async\" class=\"alignnone size-medium wp-image-125739\" src=\"https:\/\/attradev.ncat.org\/wp-content\/uploads\/2022\/08\/soil-health-introduction-350x219.jpg\" alt=\"\" width=\"350\" height=\"219\" srcset=\"https:\/\/attra.ncat.org\/wp-content\/uploads\/2022\/08\/soil-health-introduction-350x219.jpg 350w, https:\/\/attra.ncat.org\/wp-content\/uploads\/2022\/08\/soil-health-introduction-1030x644.jpg 1030w, https:\/\/attra.ncat.org\/wp-content\/uploads\/2022\/08\/soil-health-introduction-768x480.jpg 768w, https:\/\/attra.ncat.org\/wp-content\/uploads\/2022\/08\/soil-health-introduction-705x441.jpg 705w, https:\/\/attra.ncat.org\/wp-content\/uploads\/2022\/08\/soil-health-introduction.jpg 1267w\" sizes=\"auto, (max-width: 350px) 100vw, 350px\" \/><\/p>\n<\/div><\/div><footer class=\"entry-footer\"><\/footer><\/article><\/div>\n<div  class='flex_column av-bza8m7u-e85504f820265a75d4cd27b88e7806dd av_one_fourth  avia-builder-el-8  el_after_av_one_fourth  avia-builder-el-last  flex_column_div  '     ><article  class='iconbox iconbox_top av-l4rkqk51-ca668d1034f751d4887a9fa46f4a484e  avia-builder-el-9  avia-builder-el-no-sibling  main_color'  itemscope=\"itemscope\" itemtype=\"https:\/\/schema.org\/CreativeWork\" ><div class=\"iconbox_content\"><header class=\"entry-content-header\" aria-label=\"Icon: Lecci\u00f3n de evaluaci\u00f3n de la salud del suelo agr\u00edcola\"><a href='\/wp-content\/uploads\/tutorials\/soil-health\/soil-assessment\/' title='Lecci\u00f3n de evaluaci\u00f3n de la salud del suelo agr\u00edcola' aria-label='Lecci\u00f3n de evaluaci\u00f3n de la salud del suelo agr\u00edcola'  target=\"_blank\"  rel=\"noopener noreferrer\" class='iconbox_icon heading-color avia-iconfont avia-font-entypo-fontello' data-av_icon='\ue80d' data-av_iconfont='entypo-fontello' title=\"Lecci\u00f3n de evaluaci\u00f3n de la salud del suelo agr\u00edcola\" desc=\"Lecci\u00f3n de evaluaci\u00f3n de la salud del suelo agr\u00edcola\" ><\/a><h3 class='iconbox_content_title '  itemprop=\"headline\" ><a href='\/wp-content\/uploads\/tutorials\/soil-health\/soil-assessment\/' title='Lecci\u00f3n de evaluaci\u00f3n de la salud del suelo agr\u00edcola'  target=\"_blank\"  rel=\"noopener noreferrer\">Lecci\u00f3n de evaluaci\u00f3n de la salud del suelo agr\u00edcola<\/a><\/h3><\/header><div class='iconbox_content_container '  itemprop=\"text\" ><p><img loading=\"lazy\" decoding=\"async\" class=\"alignnone size-medium wp-image-125748\" src=\"https:\/\/attradev.ncat.org\/wp-content\/uploads\/2022\/08\/soil-assessment-350x220.jpg\" alt=\"\" width=\"350\" height=\"220\" srcset=\"https:\/\/attra.ncat.org\/wp-content\/uploads\/2022\/08\/soil-assessment-350x220.jpg 350w, https:\/\/attra.ncat.org\/wp-content\/uploads\/2022\/08\/soil-assessment-1030x646.jpg 1030w, https:\/\/attra.ncat.org\/wp-content\/uploads\/2022\/08\/soil-assessment-768x482.jpg 768w, https:\/\/attra.ncat.org\/wp-content\/uploads\/2022\/08\/soil-assessment-705x442.jpg 705w, https:\/\/attra.ncat.org\/wp-content\/uploads\/2022\/08\/soil-assessment.jpg 1270w\" sizes=\"auto, (max-width: 350px) 100vw, 350px\" \/><\/p>\n<\/div><\/div><footer class=\"entry-footer\"><\/footer><\/article><\/div>\n","protected":false},"excerpt":{"rendered":"","protected":false},"author":1,"featured_media":125734,"parent":0,"menu_order":0,"comment_status":"closed","ping_status":"closed","template":"","meta":{"_acf_changed":false,"_price":"","_stock":"","_tribe_ticket_header":"","_tribe_default_ticket_provider":"","_tribe_ticket_capacity":"0","_ticket_start_date":"","_ticket_end_date":"","_tribe_ticket_show_description":"","_tribe_ticket_show_not_going":false,"_tribe_ticket_use_global_stock":"","_tribe_ticket_global_stock_level":"","_global_stock_mode":"","_global_stock_cap":"","_tribe_rsvp_for_event":"","_tribe_ticket_going_count":"","_tribe_ticket_not_going_count":"","_tribe_tickets_list":"[]","_tribe_ticket_has_attendee_info_fields":false,"footnotes":"","beyondwords_generate_audio":"","beyondwords_integration_method":"","beyondwords_project_id":"","beyondwords_content_id":"","beyondwords_preview_token":"","beyondwords_player_content":"","beyondwords_player_style":"","beyondwords_language_code":"","beyondwords_language_id":"","beyondwords_title_voice_id":"","beyondwords_body_voice_id":"","beyondwords_summary_voice_id":"","beyondwords_error_message":"","beyondwords_disabled":"","beyondwords_delete_content":"","beyondwords_podcast_id":"","beyondwords_hash":"","publish_post_to_speechkit":"","speechkit_hash":"","speechkit_generate_audio":"","speechkit_project_id":"","speechkit_podcast_id":"","speechkit_error_message":"","speechkit_disabled":"","speechkit_access_key":"","speechkit_error":"","speechkit_info":"","speechkit_response":"","speechkit_retries":"","speechkit_status":"","speechkit_updated_at":"","_speechkit_link":"","_speechkit_text":"","_tec_slr_enabled":"","_tec_slr_layout":""},"categories":[118,54],"tags":[1529,1494],"class_list":["post-134970","page","type-page","status-publish","has-post-thumbnail","hentry","category-soil","category-tutorial","tag-suelo","tag-suelo-para-el-agua"],"acf":[],"publishpress_future_workflow_manual_trigger":{"enabledWorkflows":[]},"distributor_meta":false,"distributor_terms":false,"distributor_media":false,"distributor_original_site_name":"ATTRA - Agricultura Sustentable","distributor_original_site_url":"https:\/\/attra.ncat.org\/es\/","push-errors":false,"ticketed":false,"_links":{"self":[{"href":"https:\/\/attra.ncat.org\/es\/wp-json\/wp\/v2\/pages\/134970","targetHints":{"allow":["GET"]}}],"collection":[{"href":"https:\/\/attra.ncat.org\/es\/wp-json\/wp\/v2\/pages"}],"about":[{"href":"https:\/\/attra.ncat.org\/es\/wp-json\/wp\/v2\/types\/page"}],"author":[{"embeddable":true,"href":"https:\/\/attra.ncat.org\/es\/wp-json\/wp\/v2\/users\/1"}],"replies":[{"embeddable":true,"href":"https:\/\/attra.ncat.org\/es\/wp-json\/wp\/v2\/comments?post=134970"}],"version-history":[{"count":8,"href":"https:\/\/attra.ncat.org\/es\/wp-json\/wp\/v2\/pages\/134970\/revisions"}],"predecessor-version":[{"id":139496,"href":"https:\/\/attra.ncat.org\/es\/wp-json\/wp\/v2\/pages\/134970\/revisions\/139496"}],"wp:featuredmedia":[{"embeddable":true,"href":"https:\/\/attra.ncat.org\/es\/wp-json\/wp\/v2\/media\/125734"}],"wp:attachment":[{"href":"https:\/\/attra.ncat.org\/es\/wp-json\/wp\/v2\/media?parent=134970"}],"wp:term":[{"taxonomy":"category","embeddable":true,"href":"https:\/\/attra.ncat.org\/es\/wp-json\/wp\/v2\/categories?post=134970"},{"taxonomy":"post_tag","embeddable":true,"href":"https:\/\/attra.ncat.org\/es\/wp-json\/wp\/v2\/tags?post=134970"}],"curies":[{"name":"wp","href":"https:\/\/api.w.org\/{rel}","templated":true}]}}