

{"id":134972,"date":"2022-08-09T17:27:55","date_gmt":"2022-08-09T22:27:55","guid":{"rendered":"https:\/\/attra.ncat.org\/tutorial-manejo-ecologico-de-plagas\/"},"modified":"2022-12-12T09:03:36","modified_gmt":"2022-12-12T15:03:36","slug":"tutorial-manejo-ecologico-de-plagas","status":"publish","type":"page","link":"https:\/\/attra.ncat.org\/es\/tutorial-manejo-ecologico-de-plagas\/","title":{"rendered":"Tutorial: Manejo Ecol\u00f3gico de Plagas"},"content":{"rendered":"\n<style type=\"text\/css\" data-created_by=\"avia_inline_auto\" id=\"style-css-av-jix9dbu-710ca9d49ad8d54d7f57535f1dbfef01\">\n#top .av-special-heading.av-jix9dbu-710ca9d49ad8d54d7f57535f1dbfef01{\npadding-bottom:10px;\n}\nbody .av-special-heading.av-jix9dbu-710ca9d49ad8d54d7f57535f1dbfef01 .av-special-heading-tag .heading-char{\nfont-size:25px;\n}\n.av-special-heading.av-jix9dbu-710ca9d49ad8d54d7f57535f1dbfef01 .av-subheading{\nfont-size:15px;\n}\n<\/style>\n<div  class='av-special-heading av-jix9dbu-710ca9d49ad8d54d7f57535f1dbfef01 av-special-heading-h1 blockquote modern-quote  avia-builder-el-0  el_before_av_three_fifth  avia-builder-el-first '><h1 class='av-special-heading-tag '  itemprop=\"headline\"  >Manejo Ecol\u00f3gico de Plagas<\/h1><div class=\"special-heading-border\"><div class=\"special-heading-inner-border\"><\/div><\/div><\/div>\n<div  class='flex_column av-g054dve-78db000e21528ffe491c8710c46a2074 av_three_fifth  avia-builder-el-1  el_after_av_heading  el_before_av_two_fifth  first flex_column_div  '     ><section  class='av_textblock_section av-l4rha2l0-9117a3b21374c3bf5bb843fc0f0e160d '   itemscope=\"itemscope\" itemtype=\"https:\/\/schema.org\/CreativeWork\" ><div class='avia_textblock'  itemprop=\"text\" ><p>Este tutorial se centra en brindarle herramientas para implementar estrategias de manejo de plagas ecol\u00f3gicas.<\/p>\n<p>Las cinco lecciones de este tutorial proporcionan informaci\u00f3n sobre qu\u00e9 es el manejo ecol\u00f3gico de plagas, c\u00f3mo comenzar, c\u00f3mo implementar estrategias preventivas, controles biol\u00f3gicos y c\u00f3mo usar los recursos NCAT y ATTRA.<\/p>\n<p>Tambi\u00e9n hay recursos para ayudarlo a desarrollar su propia estrategia ecol\u00f3gica de manejo de plagas para su granja.<\/p>\n<\/div><\/section><\/div><div  class='flex_column av-dioqqre-508d50ac6022ae7e5db64b027168a003 av_two_fifth  avia-builder-el-3  el_after_av_three_fifth  el_before_av_hr  flex_column_div  '     ><style type=\"text\/css\" data-created_by=\"avia_inline_auto\" id=\"style-css-av-l4rhm34t-3adebef311975f50e8d8c853b9fa42e4\">\n.avia-image-container.av-l4rhm34t-3adebef311975f50e8d8c853b9fa42e4 img.avia_image{\nbox-shadow:none;\n}\n.avia-image-container.av-l4rhm34t-3adebef311975f50e8d8c853b9fa42e4 .av-image-caption-overlay-center{\ncolor:#ffffff;\n}\n<\/style>\n<div  class='avia-image-container av-l4rhm34t-3adebef311975f50e8d8c853b9fa42e4 av-styling- avia-align-center  avia-builder-el-4  avia-builder-el-no-sibling '   itemprop=\"image\" itemscope=\"itemscope\" itemtype=\"https:\/\/schema.org\/ImageObject\" ><div class=\"avia-image-container-inner\"><div class=\"avia-image-overlay-wrap\"><img decoding=\"async\" fetchpriority=\"high\" class='wp-image-125718 avia-img-lazy-loading-not-125718 avia_image ' src=\"https:\/\/attra.ncat.org\/wp-content\/uploads\/2022\/08\/grasshopper-495x400.png\" alt='Green grasshopper sits on a leaf' title='grasshopper'  height=\"400\" width=\"495\"  itemprop=\"thumbnailUrl\" srcset=\"https:\/\/attra.ncat.org\/wp-content\/uploads\/2022\/08\/grasshopper-495x400.png 495w, https:\/\/attra.ncat.org\/wp-content\/uploads\/2022\/08\/grasshopper-845x684.png 845w\" sizes=\"(max-width: 495px) 100vw, 495px\" \/><\/div><\/div><\/div><\/div><div  class='hr av-6vwqanu-b56bd893883ce4eb8a926b42f2fa5121 hr-default  avia-builder-el-5  el_after_av_two_fifth  el_before_av_one_fourth '><span class='hr-inner '><span class=\"hr-inner-style\"><\/span><\/span><\/div><\/p>\n<div  class='flex_column av-6l7iu9m-fa218a753d17d7e7e436214ab4e582d2 av_one_fourth  avia-builder-el-6  el_after_av_hr  el_before_av_one_fourth  first flex_column_div  '     ><article  class='iconbox iconbox_top av-l4rknspw-e28b9f68b3dfb99f06623f5807ff6527  avia-builder-el-7  avia-builder-el-no-sibling  main_color'  itemscope=\"itemscope\" itemtype=\"https:\/\/schema.org\/CreativeWork\" ><div class=\"iconbox_content\"><header class=\"entry-content-header\" aria-label=\"Icon: Primeros pasos con el manejo ecol\u00f3gico de plagas\"><a href='https:\/\/attra.ncat.org\/wp-content\/uploads\/tutorials\/epm\/getting-started\/' title='Primeros pasos con el manejo ecol\u00f3gico de plagas' aria-label='Primeros pasos con el manejo ecol\u00f3gico de plagas'  target=\"_blank\"  rel=\"noopener noreferrer\" class='iconbox_icon heading-color avia-iconfont avia-font-entypo-fontello' data-av_icon='\ue80d' data-av_iconfont='entypo-fontello' title=\"Primeros pasos con el manejo ecol\u00f3gico de plagas\" desc=\"Primeros pasos con el manejo ecol\u00f3gico de plagas\" ><\/a><h3 class='iconbox_content_title '  itemprop=\"headline\" ><a href='https:\/\/attra.ncat.org\/wp-content\/uploads\/tutorials\/epm\/getting-started\/' title='Primeros pasos con el manejo ecol\u00f3gico de plagas'  target=\"_blank\"  rel=\"noopener noreferrer\">Primeros pasos con el manejo ecol\u00f3gico de plagas<\/a><\/h3><\/header><div class='iconbox_content_container '  itemprop=\"text\" ><p><img loading=\"lazy\" decoding=\"async\" class=\"alignnone wp-image-125709 size-full\" src=\"https:\/\/attradev.ncat.org\/wp-content\/uploads\/2022\/08\/Pest-Management-Getting-Started.png\" alt=\"\" width=\"1271\" height=\"797\" srcset=\"https:\/\/attra.ncat.org\/wp-content\/uploads\/2022\/08\/Pest-Management-Getting-Started.png 1271w, https:\/\/attra.ncat.org\/wp-content\/uploads\/2022\/08\/Pest-Management-Getting-Started-350x219.png 350w, https:\/\/attra.ncat.org\/wp-content\/uploads\/2022\/08\/Pest-Management-Getting-Started-1030x646.png 1030w, https:\/\/attra.ncat.org\/wp-content\/uploads\/2022\/08\/Pest-Management-Getting-Started-768x482.png 768w, https:\/\/attra.ncat.org\/wp-content\/uploads\/2022\/08\/Pest-Management-Getting-Started-705x442.png 705w\" sizes=\"auto, (max-width: 1271px) 100vw, 1271px\" \/><\/p>\n<\/div><\/div><footer class=\"entry-footer\"><\/footer><\/article><\/div><div  class='flex_column av-bza8m7u-e85504f820265a75d4cd27b88e7806dd av_one_fourth  avia-builder-el-8  el_after_av_one_fourth  el_before_av_one_fourth  flex_column_div  '     ><article  class='iconbox iconbox_top av-l4rkqk51-204a7098bbec7d4da752323353de843b  avia-builder-el-9  avia-builder-el-no-sibling  main_color'  itemscope=\"itemscope\" itemtype=\"https:\/\/schema.org\/CreativeWork\" ><div class=\"iconbox_content\"><header class=\"entry-content-header\" aria-label=\"Icon: Estrategias de prevenci\u00f3n del manejo de plagas\"><a href='https:\/\/attra.ncat.org\/wp-content\/uploads\/tutorials\/epm\/preventative-strategies\/' title='Estrategias de prevenci\u00f3n del manejo de plagas' aria-label='Estrategias de prevenci\u00f3n del manejo de plagas'  target=\"_blank\"  rel=\"noopener noreferrer\" class='iconbox_icon heading-color avia-iconfont avia-font-entypo-fontello' data-av_icon='\ue80d' data-av_iconfont='entypo-fontello' title=\"Estrategias de prevenci\u00f3n del manejo de plagas\" desc=\"Estrategias de prevenci\u00f3n del manejo de plagas\" ><\/a><h3 class='iconbox_content_title '  itemprop=\"headline\" ><a href='https:\/\/attra.ncat.org\/wp-content\/uploads\/tutorials\/epm\/preventative-strategies\/' title='Estrategias de prevenci\u00f3n del manejo de plagas'  target=\"_blank\"  rel=\"noopener noreferrer\">Estrategias de prevenci\u00f3n del manejo de plagas<\/a><\/h3><\/header><div class='iconbox_content_container '  itemprop=\"text\" ><p><img loading=\"lazy\" decoding=\"async\" class=\"alignnone wp-image-125711 size-full\" src=\"https:\/\/attradev.ncat.org\/wp-content\/uploads\/2022\/08\/Pest-Mgmt-Prevention.png\" alt=\"\" width=\"1268\" height=\"799\" srcset=\"https:\/\/attra.ncat.org\/wp-content\/uploads\/2022\/08\/Pest-Mgmt-Prevention.png 1268w, https:\/\/attra.ncat.org\/wp-content\/uploads\/2022\/08\/Pest-Mgmt-Prevention-350x221.png 350w, https:\/\/attra.ncat.org\/wp-content\/uploads\/2022\/08\/Pest-Mgmt-Prevention-1030x649.png 1030w, https:\/\/attra.ncat.org\/wp-content\/uploads\/2022\/08\/Pest-Mgmt-Prevention-768x484.png 768w, https:\/\/attra.ncat.org\/wp-content\/uploads\/2022\/08\/Pest-Mgmt-Prevention-705x444.png 705w\" sizes=\"auto, (max-width: 1268px) 100vw, 1268px\" \/><\/p>\n<\/div><\/div><footer class=\"entry-footer\"><\/footer><\/article><\/div><div  class='flex_column av-5pb1oca-a47fc18e11db274ef63040a366a67376 av_one_fourth  avia-builder-el-10  el_after_av_one_fourth  el_before_av_one_fourth  flex_column_div  '     ><article  class='iconbox iconbox_top av-l4rksmyc-3802ef048c8839ed4584e351f385a48c  avia-builder-el-11  avia-builder-el-no-sibling  main_color'  itemscope=\"itemscope\" itemtype=\"https:\/\/schema.org\/CreativeWork\" ><div class=\"iconbox_content\"><header class=\"entry-content-header\" aria-label=\"Icon: Control biol\u00f3gico\"><a href='https:\/\/attra.ncat.org\/wp-content\/uploads\/tutorials\/epm\/biological-controls\/' title='Control biol\u00f3gico' aria-label='Control biol\u00f3gico'  target=\"_blank\"  rel=\"noopener noreferrer\" class='iconbox_icon heading-color avia-iconfont avia-font-entypo-fontello' data-av_icon='\ue80d' data-av_iconfont='entypo-fontello' title=\"Control biol\u00f3gico\" desc=\"Control biol\u00f3gico\" ><\/a><h3 class='iconbox_content_title '  itemprop=\"headline\" ><a href='https:\/\/attra.ncat.org\/wp-content\/uploads\/tutorials\/epm\/biological-controls\/' title='Control biol\u00f3gico'  target=\"_blank\"  rel=\"noopener noreferrer\">Control biol\u00f3gico<\/a><\/h3><\/header><div class='iconbox_content_container '  itemprop=\"text\" ><p><img loading=\"lazy\" decoding=\"async\" class=\"alignnone size-full wp-image-125713\" src=\"https:\/\/attradev.ncat.org\/wp-content\/uploads\/2022\/08\/Pest-Mgmt-Biological-Control.png\" alt=\"\" width=\"1267\" height=\"796\" srcset=\"https:\/\/attra.ncat.org\/wp-content\/uploads\/2022\/08\/Pest-Mgmt-Biological-Control.png 1267w, https:\/\/attra.ncat.org\/wp-content\/uploads\/2022\/08\/Pest-Mgmt-Biological-Control-350x220.png 350w, https:\/\/attra.ncat.org\/wp-content\/uploads\/2022\/08\/Pest-Mgmt-Biological-Control-1030x647.png 1030w, https:\/\/attra.ncat.org\/wp-content\/uploads\/2022\/08\/Pest-Mgmt-Biological-Control-768x483.png 768w, https:\/\/attra.ncat.org\/wp-content\/uploads\/2022\/08\/Pest-Mgmt-Biological-Control-705x443.png 705w\" sizes=\"auto, (max-width: 1267px) 100vw, 1267px\" \/><\/p>\n<\/div><\/div><footer class=\"entry-footer\"><\/footer><\/article><\/div><div  class='flex_column av-av_one_fourth-e38f08a368d22f46ed35f78008f927bf av_one_fourth  avia-builder-el-12  el_after_av_one_fourth  avia-builder-el-last  flex_column_div  '     ><article  class='iconbox iconbox_top av-l4rku1u8-d7d54428b4dadb638faa4eae39506772  avia-builder-el-13  avia-builder-el-no-sibling  main_color'  itemscope=\"itemscope\" itemtype=\"https:\/\/schema.org\/CreativeWork\" ><div class=\"iconbox_content\"><header class=\"entry-content-header\" aria-label=\"Icon: Recursos para el manejo ecol\u00f3gico de plagas\"><a href='https:\/\/attra.ncat.org\/wp-content\/uploads\/tutorials\/epm\/epm-resources\/' title='Recursos para el manejo ecol\u00f3gico de plagas' aria-label='Recursos para el manejo ecol\u00f3gico de plagas'  target=\"_blank\"  rel=\"noopener noreferrer\" class='iconbox_icon heading-color avia-iconfont avia-font-entypo-fontello' data-av_icon='\ue80d' data-av_iconfont='entypo-fontello' title=\"Recursos para el manejo ecol\u00f3gico de plagas\" desc=\"Recursos para el manejo ecol\u00f3gico de plagas\" ><\/a><h3 class='iconbox_content_title '  itemprop=\"headline\" ><a href='https:\/\/attra.ncat.org\/wp-content\/uploads\/tutorials\/epm\/epm-resources\/' title='Recursos para el manejo ecol\u00f3gico de plagas'  target=\"_blank\"  rel=\"noopener noreferrer\">Recursos para el manejo ecol\u00f3gico de plagas<\/a><\/h3><\/header><div class='iconbox_content_container '  itemprop=\"text\" ><p><img loading=\"lazy\" decoding=\"async\" class=\"alignnone size-full wp-image-125715\" src=\"https:\/\/attradev.ncat.org\/wp-content\/uploads\/2022\/08\/Pest-Mgmt-resources.png\" alt=\"\" width=\"1267\" height=\"797\" srcset=\"https:\/\/attra.ncat.org\/wp-content\/uploads\/2022\/08\/Pest-Mgmt-resources.png 1267w, https:\/\/attra.ncat.org\/wp-content\/uploads\/2022\/08\/Pest-Mgmt-resources-350x220.png 350w, https:\/\/attra.ncat.org\/wp-content\/uploads\/2022\/08\/Pest-Mgmt-resources-1030x648.png 1030w, https:\/\/attra.ncat.org\/wp-content\/uploads\/2022\/08\/Pest-Mgmt-resources-768x483.png 768w, https:\/\/attra.ncat.org\/wp-content\/uploads\/2022\/08\/Pest-Mgmt-resources-705x443.png 705w\" sizes=\"auto, (max-width: 1267px) 100vw, 1267px\" \/><\/p>\n<\/div><\/div><footer class=\"entry-footer\"><\/footer><\/article><\/div><\/p>\n","protected":false},"excerpt":{"rendered":"","protected":false},"author":1,"featured_media":125718,"parent":0,"menu_order":0,"comment_status":"closed","ping_status":"closed","template":"","meta":{"_acf_changed":false,"_price":"","_stock":"","_tribe_ticket_header":"","_tribe_default_ticket_provider":"","_tribe_ticket_capacity":"0","_ticket_start_date":"","_ticket_end_date":"","_tribe_ticket_show_description":"","_tribe_ticket_show_not_going":false,"_tribe_ticket_use_global_stock":"","_tribe_ticket_global_stock_level":"","_global_stock_mode":"","_global_stock_cap":"","_tribe_rsvp_for_event":"","_tribe_ticket_going_count":"","_tribe_ticket_not_going_count":"","_tribe_tickets_list":"[]","_tribe_ticket_has_attendee_info_fields":false,"footnotes":"","beyondwords_generate_audio":"","beyondwords_integration_method":"","beyondwords_project_id":"","beyondwords_content_id":"","beyondwords_preview_token":"","beyondwords_player_content":"","beyondwords_player_style":"","beyondwords_language_code":"","beyondwords_language_id":"","beyondwords_title_voice_id":"","beyondwords_body_voice_id":"","beyondwords_summary_voice_id":"","beyondwords_error_message":"","beyondwords_disabled":"","beyondwords_delete_content":"","beyondwords_podcast_id":"","beyondwords_hash":"","publish_post_to_speechkit":"","speechkit_hash":"","speechkit_generate_audio":"","speechkit_project_id":"","speechkit_podcast_id":"","speechkit_error_message":"","speechkit_disabled":"","speechkit_access_key":"","speechkit_error":"","speechkit_info":"","speechkit_response":"","speechkit_retries":"","speechkit_status":"","speechkit_updated_at":"","_speechkit_link":"","_speechkit_text":"","_tec_slr_enabled":"","_tec_slr_layout":""},"categories":[119],"tags":[169,168,1340],"class_list":["post-134972","page","type-page","status-publish","has-post-thumbnail","hentry","category-pest-management","tag-predator-control","tag-weed-control","tag-insects"],"acf":[],"publishpress_future_workflow_manual_trigger":{"enabledWorkflows":[]},"distributor_meta":false,"distributor_terms":false,"distributor_media":false,"distributor_original_site_name":"ATTRA - Agricultura Sustentable","distributor_original_site_url":"https:\/\/attra.ncat.org\/es\/","push-errors":false,"ticketed":false,"_links":{"self":[{"href":"https:\/\/attra.ncat.org\/es\/wp-json\/wp\/v2\/pages\/134972","targetHints":{"allow":["GET"]}}],"collection":[{"href":"https:\/\/attra.ncat.org\/es\/wp-json\/wp\/v2\/pages"}],"about":[{"href":"https:\/\/attra.ncat.org\/es\/wp-json\/wp\/v2\/types\/page"}],"author":[{"embeddable":true,"href":"https:\/\/attra.ncat.org\/es\/wp-json\/wp\/v2\/users\/1"}],"replies":[{"embeddable":true,"href":"https:\/\/attra.ncat.org\/es\/wp-json\/wp\/v2\/comments?post=134972"}],"version-history":[{"count":8,"href":"https:\/\/attra.ncat.org\/es\/wp-json\/wp\/v2\/pages\/134972\/revisions"}],"predecessor-version":[{"id":139479,"href":"https:\/\/attra.ncat.org\/es\/wp-json\/wp\/v2\/pages\/134972\/revisions\/139479"}],"wp:featuredmedia":[{"embeddable":true,"href":"https:\/\/attra.ncat.org\/es\/wp-json\/wp\/v2\/media\/125718"}],"wp:attachment":[{"href":"https:\/\/attra.ncat.org\/es\/wp-json\/wp\/v2\/media?parent=134972"}],"wp:term":[{"taxonomy":"category","embeddable":true,"href":"https:\/\/attra.ncat.org\/es\/wp-json\/wp\/v2\/categories?post=134972"},{"taxonomy":"post_tag","embeddable":true,"href":"https:\/\/attra.ncat.org\/es\/wp-json\/wp\/v2\/tags?post=134972"}],"curies":[{"name":"wp","href":"https:\/\/api.w.org\/{rel}","templated":true}]}}