

{"id":134973,"date":"2022-06-23T17:34:55","date_gmt":"2022-06-23T22:34:55","guid":{"rendered":"https:\/\/attra.ncat.org\/tutorial-seguridad-de-los-productos-agricolas\/"},"modified":"2022-12-12T09:27:42","modified_gmt":"2022-12-12T15:27:42","slug":"tutorial-seguridad-de-los-productos-agricolas","status":"publish","type":"page","link":"https:\/\/attra.ncat.org\/es\/tutorial-seguridad-de-los-productos-agricolas\/","title":{"rendered":"Tutorial: Seguridad de los productos agr\u00edcolas"},"content":{"rendered":"\n<style type=\"text\/css\" data-created_by=\"avia_inline_auto\" id=\"style-css-av-jix9dbu-742b8d972828dfe130822962d3ddba41\">\n#top .av-special-heading.av-jix9dbu-742b8d972828dfe130822962d3ddba41{\npadding-bottom:10px;\n}\nbody .av-special-heading.av-jix9dbu-742b8d972828dfe130822962d3ddba41 .av-special-heading-tag .heading-char{\nfont-size:25px;\n}\n.av-special-heading.av-jix9dbu-742b8d972828dfe130822962d3ddba41 .av-subheading{\nfont-size:15px;\n}\n<\/style>\n<div  class='av-special-heading av-jix9dbu-742b8d972828dfe130822962d3ddba41 av-special-heading-h1 blockquote modern-quote  avia-builder-el-0  el_before_av_three_fifth  avia-builder-el-first '><h1 class='av-special-heading-tag '  itemprop=\"headline\"  >Seguridad de los productos<\/h1><div class=\"special-heading-border\"><div class=\"special-heading-inner-border\"><\/div><\/div><\/div>\n<div  class='flex_column av-g054dve-78db000e21528ffe491c8710c46a2074 av_three_fifth  avia-builder-el-1  el_after_av_heading  el_before_av_two_fifth  first flex_column_div  '     ><section  class='av_textblock_section av-l4rha2l0-9117a3b21374c3bf5bb843fc0f0e160d '   itemscope=\"itemscope\" itemtype=\"https:\/\/schema.org\/CreativeWork\" ><div class='avia_textblock'  itemprop=\"text\" ><p>Este tutorial sirve como una introducci\u00f3n a los temas de seguridad alimentaria para los productores de productos agr\u00edcolas, con informaci\u00f3n sobre las reglas de FSMA, la certificaci\u00f3n GAP y la redacci\u00f3n de un plan de seguridad alimentaria agr\u00edcola.<\/p>\n<p>Las consideraciones de seguridad alimentaria son cr\u00edticas para el \u00e9xito a largo plazo de su operaci\u00f3n agr\u00edcola y este tutorial lo equipar\u00e1 con las herramientas y recursos para comenzar a implementar pr\u00e1cticas de seguridad alimentaria en su propia granja.<\/p>\n<p>Las lecciones de este tutorial incluyen una introducci\u00f3n a la seguridad de los productos agr\u00edcolas en la granja, las reglas para la seguridad de los productos agr\u00edcolas bajo la Ley de Modernizaci\u00f3n de la Seguridad Alimentaria (FSMA), el proceso de certificaci\u00f3n y auditor\u00eda de GAP, y el desarrollo de su propio plan de seguridad alimentaria agr\u00edcola. Ya sea que desee obtener la certificaci\u00f3n GAP, obtener m\u00e1s informaci\u00f3n sobre c\u00f3mo la Regla de seguridad de productos agr\u00edcolas de FSMA afecta a su granja o simplemente educarse mejor en temas de seguridad alimentaria, este tutorial lo ayudar\u00e1 a estar mejor informado para reducir los riesgos de seguridad alimentaria en su granja y garantizar el \u00e9xito a largo plazo de su operaci\u00f3n.<\/p>\n<\/div><\/section><\/div><div  class='flex_column av-dioqqre-508d50ac6022ae7e5db64b027168a003 av_two_fifth  avia-builder-el-3  el_after_av_three_fifth  el_before_av_hr  flex_column_div  '     ><style type=\"text\/css\" data-created_by=\"avia_inline_auto\" id=\"style-css-av-l4rhm34t-fecdf2804da1dec453ce954e6ca6fa6f\">\n.avia-image-container.av-l4rhm34t-fecdf2804da1dec453ce954e6ca6fa6f img.avia_image{\nbox-shadow:none;\n}\n.avia-image-container.av-l4rhm34t-fecdf2804da1dec453ce954e6ca6fa6f .av-image-caption-overlay-center{\ncolor:#ffffff;\n}\n<\/style>\n<div  class='avia-image-container av-l4rhm34t-fecdf2804da1dec453ce954e6ca6fa6f av-styling- avia-align-center  avia-builder-el-4  avia-builder-el-no-sibling '   itemprop=\"image\" itemscope=\"itemscope\" itemtype=\"https:\/\/schema.org\/ImageObject\" ><div class=\"avia-image-container-inner\"><div class=\"avia-image-overlay-wrap\"><img decoding=\"async\" fetchpriority=\"high\" class='wp-image- avia-img-lazy-loading-not- avia_image ' src=\"https:\/\/attradev.ncat.org\/wp-content\/uploads\/2021\/09\/CoronaFarmersMarket-QueensNewYork-USDAFlickrCC-495x400.jpg\" alt='' title=''   itemprop=\"thumbnailUrl\"  \/><\/div><\/div><\/div><\/div><div  class='hr av-6vwqanu-b56bd893883ce4eb8a926b42f2fa5121 hr-default  avia-builder-el-5  el_after_av_two_fifth  el_before_av_one_fourth '><span class='hr-inner '><span class=\"hr-inner-style\"><\/span><\/span><\/div><\/p>\n<div  class='flex_column av-6l7iu9m-fa218a753d17d7e7e436214ab4e582d2 av_one_fourth  avia-builder-el-6  el_after_av_hr  el_before_av_one_fourth  first flex_column_div  '     ><article  class='iconbox iconbox_top av-l4rknspw-a20813f3e972a2331286f4efa9566b7c  avia-builder-el-7  avia-builder-el-no-sibling  main_color'  itemscope=\"itemscope\" itemtype=\"https:\/\/schema.org\/CreativeWork\" ><div class=\"iconbox_content\"><header class=\"entry-content-header\" aria-label=\"Icon: Introducci\u00f3n a la seguridad alimentaria en la granja\"><a href='http:\/\/wp-content\/uploads\/tutorials\/produce-safety\/introduction\/' title='Introducci\u00f3n a la seguridad alimentaria en la granja' aria-label='Introducci\u00f3n a la seguridad alimentaria en la granja'  target=\"_blank\"  rel=\"noopener noreferrer\" class='iconbox_icon heading-color avia-iconfont avia-font-entypo-fontello' data-av_icon='\ue80d' data-av_iconfont='entypo-fontello' title=\"Introducci\u00f3n a la seguridad alimentaria en la granja\" desc=\"Introducci\u00f3n a la seguridad alimentaria en la granja\" ><\/a><h3 class='iconbox_content_title '  itemprop=\"headline\" ><a href='http:\/\/wp-content\/uploads\/tutorials\/produce-safety\/introduction\/' title='Introducci\u00f3n a la seguridad alimentaria en la granja'  target=\"_blank\"  rel=\"noopener noreferrer\">Introducci\u00f3n a la seguridad alimentaria en la granja<\/a><\/h3><\/header><div class='iconbox_content_container '  itemprop=\"text\" ><p><img loading=\"lazy\" decoding=\"async\" class=\"alignnone size-medium wp-image-120150\" src=\"https:\/\/attradev.ncat.org\/wp-content\/uploads\/2022\/06\/Produce-Safety-Intro-350x221.png\" alt=\"Introducci\u00f3n a la seguridad de los productos\" width=\"350\" height=\"221\" srcset=\"https:\/\/attra.ncat.org\/wp-content\/uploads\/2022\/06\/Produce-Safety-Intro-350x221.png 350w, https:\/\/attra.ncat.org\/wp-content\/uploads\/2022\/06\/Produce-Safety-Intro-1030x649.png 1030w, https:\/\/attra.ncat.org\/wp-content\/uploads\/2022\/06\/Produce-Safety-Intro-768x484.png 768w, https:\/\/attra.ncat.org\/wp-content\/uploads\/2022\/06\/Produce-Safety-Intro-705x444.png 705w, https:\/\/attra.ncat.org\/wp-content\/uploads\/2022\/06\/Produce-Safety-Intro.png 1266w\" sizes=\"auto, (max-width: 350px) 100vw, 350px\" \/><\/p>\n<\/div><\/div><footer class=\"entry-footer\"><\/footer><\/article><\/div><div  class='flex_column av-bza8m7u-e85504f820265a75d4cd27b88e7806dd av_one_fourth  avia-builder-el-8  el_after_av_one_fourth  el_before_av_one_fourth  flex_column_div  '     ><article  class='iconbox iconbox_top av-l4rkqk51-05d8b76debb77cca86a7d2b6b07a2fae  avia-builder-el-9  avia-builder-el-no-sibling  main_color'  itemscope=\"itemscope\" itemtype=\"https:\/\/schema.org\/CreativeWork\" ><div class=\"iconbox_content\"><header class=\"entry-content-header\" aria-label=\"Icon: Programas de certificaci\u00f3n de seguridad alimentaria\"><a href='\/wp-content\/uploads\/tutorials\/produce-safety\/certification-programs\/' title='Programas de certificaci\u00f3n de seguridad alimentaria' aria-label='Programas de certificaci\u00f3n de seguridad alimentaria'  target=\"_blank\"  rel=\"noopener noreferrer\" class='iconbox_icon heading-color avia-iconfont avia-font-entypo-fontello' data-av_icon='\ue80d' data-av_iconfont='entypo-fontello' title=\"Programas de certificaci\u00f3n de seguridad alimentaria\" desc=\"Programas de certificaci\u00f3n de seguridad alimentaria\" ><\/a><h3 class='iconbox_content_title '  itemprop=\"headline\" ><a href='\/wp-content\/uploads\/tutorials\/produce-safety\/certification-programs\/' title='Programas de certificaci\u00f3n de seguridad alimentaria'  target=\"_blank\"  rel=\"noopener noreferrer\">Programas de certificaci\u00f3n de seguridad alimentaria<\/a><\/h3><\/header><div class='iconbox_content_container '  itemprop=\"text\" ><p><img loading=\"lazy\" decoding=\"async\" class=\"alignnone size-medium wp-image-120153\" src=\"https:\/\/attradev.ncat.org\/wp-content\/uploads\/2022\/06\/Food-Safety-Certification-350x222.png\" alt=\"Certificaci\u00f3n de Seguridad Alimentaria\" width=\"350\" height=\"222\" srcset=\"https:\/\/attra.ncat.org\/wp-content\/uploads\/2022\/06\/Food-Safety-Certification-350x222.png 350w, https:\/\/attra.ncat.org\/wp-content\/uploads\/2022\/06\/Food-Safety-Certification-1030x653.png 1030w, https:\/\/attra.ncat.org\/wp-content\/uploads\/2022\/06\/Food-Safety-Certification-768x487.png 768w, https:\/\/attra.ncat.org\/wp-content\/uploads\/2022\/06\/Food-Safety-Certification-705x447.png 705w, https:\/\/attra.ncat.org\/wp-content\/uploads\/2022\/06\/Food-Safety-Certification.png 1260w\" sizes=\"auto, (max-width: 350px) 100vw, 350px\" \/><\/p>\n<\/div><\/div><footer class=\"entry-footer\"><\/footer><\/article><\/div><div  class='flex_column av-5pb1oca-a47fc18e11db274ef63040a366a67376 av_one_fourth  avia-builder-el-10  el_after_av_one_fourth  el_before_av_one_fourth  flex_column_div  '     ><article  class='iconbox iconbox_top av-l4rksmyc-099d29cc72c093ec84e69d4cc616ca89  avia-builder-el-11  avia-builder-el-no-sibling  main_color'  itemscope=\"itemscope\" itemtype=\"https:\/\/schema.org\/CreativeWork\" ><div class=\"iconbox_content\"><header class=\"entry-content-header\" aria-label=\"Icon: Regla de seguridad alimentaria de la FSMA\"><a href='\/wp-content\/uploads\/tutorials\/produce-safety\/fsma-produce-safety-rule\/' title='Regla de seguridad alimentaria de la FSMA' aria-label='Regla de seguridad alimentaria de la FSMA'  target=\"_blank\"  rel=\"noopener noreferrer\" class='iconbox_icon heading-color avia-iconfont avia-font-entypo-fontello' data-av_icon='\ue80d' data-av_iconfont='entypo-fontello' title=\"Regla de seguridad alimentaria de la FSMA\" desc=\"Regla de seguridad alimentaria de la FSMA\" ><\/a><h3 class='iconbox_content_title '  itemprop=\"headline\" ><a href='\/wp-content\/uploads\/tutorials\/produce-safety\/fsma-produce-safety-rule\/' title='Regla de seguridad alimentaria de la FSMA'  target=\"_blank\"  rel=\"noopener noreferrer\">Regla de seguridad alimentaria de la FSMA<\/a><\/h3><\/header><div class='iconbox_content_container '  itemprop=\"text\" ><p><img loading=\"lazy\" decoding=\"async\" class=\"alignnone size-medium wp-image-120151\" src=\"https:\/\/attradev.ncat.org\/wp-content\/uploads\/2022\/06\/FSMA-Food-Safety-350x220.png\" alt=\"\" width=\"350\" height=\"220\" srcset=\"https:\/\/attra.ncat.org\/wp-content\/uploads\/2022\/06\/FSMA-Food-Safety-350x220.png 350w, https:\/\/attra.ncat.org\/wp-content\/uploads\/2022\/06\/FSMA-Food-Safety-1030x646.png 1030w, https:\/\/attra.ncat.org\/wp-content\/uploads\/2022\/06\/FSMA-Food-Safety-768x482.png 768w, https:\/\/attra.ncat.org\/wp-content\/uploads\/2022\/06\/FSMA-Food-Safety-705x442.png 705w, https:\/\/attra.ncat.org\/wp-content\/uploads\/2022\/06\/FSMA-Food-Safety.png 1267w\" sizes=\"auto, (max-width: 350px) 100vw, 350px\" \/><\/p>\n<\/div><\/div><footer class=\"entry-footer\"><\/footer><\/article><\/div><div  class='flex_column av-8cms77e-939c2e4565344147f381199f7ebc0991 av_one_fourth  avia-builder-el-12  el_after_av_one_fourth  avia-builder-el-last  flex_column_div  '     ><article  class='iconbox iconbox_top av-l4rku1u8-bc1348bc1ad2bd40eb5e4fce6645df91  avia-builder-el-13  avia-builder-el-no-sibling  main_color'  itemscope=\"itemscope\" itemtype=\"https:\/\/schema.org\/CreativeWork\" ><div class=\"iconbox_content\"><header class=\"entry-content-header\" aria-label=\"Icon: Desarrollo de un plan de seguridad alimentaria agr\u00edcola\"><a href='\/wp-content\/uploads\/tutorials\/produce-safety\/developing-a-plan\/' title='Desarrollo de un plan de seguridad alimentaria agr\u00edcola' aria-label='Desarrollo de un plan de seguridad alimentaria agr\u00edcola'  target=\"_blank\"  rel=\"noopener noreferrer\" class='iconbox_icon heading-color avia-iconfont avia-font-entypo-fontello' data-av_icon='\ue80d' data-av_iconfont='entypo-fontello' title=\"Desarrollo de un plan de seguridad alimentaria agr\u00edcola\" desc=\"Desarrollo de un plan de seguridad alimentaria agr\u00edcola\" ><\/a><h3 class='iconbox_content_title '  itemprop=\"headline\" ><a href='\/wp-content\/uploads\/tutorials\/produce-safety\/developing-a-plan\/' title='Desarrollo de un plan de seguridad alimentaria agr\u00edcola'  target=\"_blank\"  rel=\"noopener noreferrer\">Desarrollo de un plan de seguridad alimentaria agr\u00edcola<\/a><\/h3><\/header><div class='iconbox_content_container '  itemprop=\"text\" ><p><img loading=\"lazy\" decoding=\"async\" class=\"alignnone size-medium wp-image-120155\" src=\"https:\/\/attradev.ncat.org\/wp-content\/uploads\/2022\/06\/Food-Safety-Plan-350x220.png\" alt=\"\" width=\"350\" height=\"220\" srcset=\"https:\/\/attra.ncat.org\/wp-content\/uploads\/2022\/06\/Food-Safety-Plan-350x220.png 350w, https:\/\/attra.ncat.org\/wp-content\/uploads\/2022\/06\/Food-Safety-Plan-1030x647.png 1030w, https:\/\/attra.ncat.org\/wp-content\/uploads\/2022\/06\/Food-Safety-Plan-768x482.png 768w, https:\/\/attra.ncat.org\/wp-content\/uploads\/2022\/06\/Food-Safety-Plan-705x443.png 705w, https:\/\/attra.ncat.org\/wp-content\/uploads\/2022\/06\/Food-Safety-Plan.png 1263w\" sizes=\"auto, (max-width: 350px) 100vw, 350px\" \/><\/p>\n<\/div><\/div><footer class=\"entry-footer\"><\/footer><\/article><\/div><\/p>\n","protected":false},"excerpt":{"rendered":"","protected":false},"author":1,"featured_media":122085,"parent":0,"menu_order":0,"comment_status":"closed","ping_status":"closed","template":"","meta":{"_acf_changed":false,"_price":"","_stock":"","_tribe_ticket_header":"","_tribe_default_ticket_provider":"","_tribe_ticket_capacity":"0","_ticket_start_date":"","_ticket_end_date":"","_tribe_ticket_show_description":"","_tribe_ticket_show_not_going":false,"_tribe_ticket_use_global_stock":"","_tribe_ticket_global_stock_level":"","_global_stock_mode":"","_global_stock_cap":"","_tribe_rsvp_for_event":"","_tribe_ticket_going_count":"","_tribe_ticket_not_going_count":"","_tribe_tickets_list":"[]","_tribe_ticket_has_attendee_info_fields":false,"footnotes":"","beyondwords_generate_audio":"","beyondwords_integration_method":"","beyondwords_project_id":"","beyondwords_content_id":"","beyondwords_preview_token":"","beyondwords_player_content":"","beyondwords_player_style":"","beyondwords_language_code":"","beyondwords_language_id":"","beyondwords_title_voice_id":"","beyondwords_body_voice_id":"","beyondwords_summary_voice_id":"","beyondwords_error_message":"","beyondwords_disabled":"","beyondwords_delete_content":"","beyondwords_podcast_id":"","beyondwords_hash":"","publish_post_to_speechkit":"","speechkit_hash":"","speechkit_generate_audio":"","speechkit_project_id":"","speechkit_podcast_id":"","speechkit_error_message":"","speechkit_disabled":"","speechkit_access_key":"","speechkit_error":"","speechkit_info":"","speechkit_response":"","speechkit_retries":"","speechkit_status":"","speechkit_updated_at":"","_speechkit_link":"","_speechkit_text":"","_tec_slr_enabled":"","_tec_slr_layout":""},"categories":[58,54],"tags":[202,1452],"class_list":["post-134973","page","type-page","status-publish","has-post-thumbnail","hentry","category-crops","category-tutorial","tag-food-safety","tag-vegetales"],"acf":[],"publishpress_future_workflow_manual_trigger":{"enabledWorkflows":[]},"distributor_meta":false,"distributor_terms":false,"distributor_media":false,"distributor_original_site_name":"ATTRA - Agricultura Sustentable","distributor_original_site_url":"https:\/\/attra.ncat.org\/es\/","push-errors":false,"ticketed":false,"_links":{"self":[{"href":"https:\/\/attra.ncat.org\/es\/wp-json\/wp\/v2\/pages\/134973","targetHints":{"allow":["GET"]}}],"collection":[{"href":"https:\/\/attra.ncat.org\/es\/wp-json\/wp\/v2\/pages"}],"about":[{"href":"https:\/\/attra.ncat.org\/es\/wp-json\/wp\/v2\/types\/page"}],"author":[{"embeddable":true,"href":"https:\/\/attra.ncat.org\/es\/wp-json\/wp\/v2\/users\/1"}],"replies":[{"embeddable":true,"href":"https:\/\/attra.ncat.org\/es\/wp-json\/wp\/v2\/comments?post=134973"}],"version-history":[{"count":8,"href":"https:\/\/attra.ncat.org\/es\/wp-json\/wp\/v2\/pages\/134973\/revisions"}],"predecessor-version":[{"id":139504,"href":"https:\/\/attra.ncat.org\/es\/wp-json\/wp\/v2\/pages\/134973\/revisions\/139504"}],"wp:featuredmedia":[{"embeddable":true,"href":"https:\/\/attra.ncat.org\/es\/wp-json\/wp\/v2\/media\/122085"}],"wp:attachment":[{"href":"https:\/\/attra.ncat.org\/es\/wp-json\/wp\/v2\/media?parent=134973"}],"wp:term":[{"taxonomy":"category","embeddable":true,"href":"https:\/\/attra.ncat.org\/es\/wp-json\/wp\/v2\/categories?post=134973"},{"taxonomy":"post_tag","embeddable":true,"href":"https:\/\/attra.ncat.org\/es\/wp-json\/wp\/v2\/tags?post=134973"}],"curies":[{"name":"wp","href":"https:\/\/api.w.org\/{rel}","templated":true}]}}