

{"id":134975,"date":"2022-08-15T11:56:52","date_gmt":"2022-08-15T16:56:52","guid":{"rendered":"https:\/\/attra.ncat.org\/tutorial-pastoreo-gestionado\/"},"modified":"2022-12-12T09:03:12","modified_gmt":"2022-12-12T15:03:12","slug":"tutorial-pastoreo-gestionado","status":"publish","type":"page","link":"https:\/\/attra.ncat.org\/es\/tutorial-pastoreo-gestionado\/","title":{"rendered":"Tutorial: Pastoreo gestionado"},"content":{"rendered":"\n<style type=\"text\/css\" data-created_by=\"avia_inline_auto\" id=\"style-css-av-jix9dbu-dcf6e15c8d8c3fc55f387c1076849bab\">\n#top .av-special-heading.av-jix9dbu-dcf6e15c8d8c3fc55f387c1076849bab{\npadding-bottom:10px;\n}\nbody .av-special-heading.av-jix9dbu-dcf6e15c8d8c3fc55f387c1076849bab .av-special-heading-tag .heading-char{\nfont-size:25px;\n}\n.av-special-heading.av-jix9dbu-dcf6e15c8d8c3fc55f387c1076849bab .av-subheading{\nfont-size:15px;\n}\n<\/style>\n<div  class='av-special-heading av-jix9dbu-dcf6e15c8d8c3fc55f387c1076849bab av-special-heading-h1 blockquote modern-quote  avia-builder-el-0  el_before_av_three_fifth  avia-builder-el-first '><h1 class='av-special-heading-tag '  itemprop=\"headline\"  >Pastoreo gestionado<\/h1><div class=\"special-heading-border\"><div class=\"special-heading-inner-border\"><\/div><\/div><\/div>\n<div  class='flex_column av-g054dve-78db000e21528ffe491c8710c46a2074 av_three_fifth  avia-builder-el-1  el_after_av_heading  el_before_av_two_fifth  first flex_column_div  '     ><section  class='av_textblock_section av-l4rha2l0-9117a3b21374c3bf5bb843fc0f0e160d '   itemscope=\"itemscope\" itemtype=\"https:\/\/schema.org\/CreativeWork\" ><div class='avia_textblock'  itemprop=\"text\" ><p>\u00bfHas escuchado que cambiar la forma en que manejas a tus animales de pastoreo puede cambiar la condici\u00f3n de tu tierra y tus finanzas para mejor? \u00bfLe interesa saber m\u00e1s sobre c\u00f3mo el manejo de su ganado puede mejorar la salud de su suelo, la condici\u00f3n de su pasto y sus resultados?<\/p>\n<p>Este tutorial presenta sesiones impartidas por especialistas del Centro Nacional de Tecnolog\u00eda Apropiada que tambi\u00e9n son productores ganaderos. Comparten a\u00f1os de experiencia en el manejo de sus propios pastos para inspirarlo a comenzar donde quiera que est\u00e9 y construir o refinar sus propios sistemas de pastoreo administrado. Presentaciones detalladas y ejemplos del mundo real lo pondr\u00e1n en el camino hacia el pastoreo manejado.<\/p>\n<p>Esta lecci\u00f3n incluye:<\/p>\n<\/div><\/section><\/div><div  class='flex_column av-dioqqre-508d50ac6022ae7e5db64b027168a003 av_two_fifth  avia-builder-el-3  el_after_av_three_fifth  el_before_av_hr  flex_column_div  '     ><style type=\"text\/css\" data-created_by=\"avia_inline_auto\" id=\"style-css-av-l4rhm34t-98b94463244c44c8881aabf47c32659f\">\n.avia-image-container.av-l4rhm34t-98b94463244c44c8881aabf47c32659f img.avia_image{\nbox-shadow:none;\n}\n.avia-image-container.av-l4rhm34t-98b94463244c44c8881aabf47c32659f .av-image-caption-overlay-center{\ncolor:#ffffff;\n}\n<\/style>\n<div  class='avia-image-container av-l4rhm34t-98b94463244c44c8881aabf47c32659f av-styling- avia-align-center  avia-builder-el-4  avia-builder-el-no-sibling '   itemprop=\"image\" itemscope=\"itemscope\" itemtype=\"https:\/\/schema.org\/ImageObject\" ><div class=\"avia-image-container-inner\"><div class=\"avia-image-overlay-wrap\"><img decoding=\"async\" fetchpriority=\"high\" class='wp-image-125756 avia-img-lazy-loading-not-125756 avia_image ' src=\"https:\/\/attra.ncat.org\/wp-content\/uploads\/2022\/08\/managed-grazing-300x214-1.jpg\" alt='' title='managed-grazing-300x214 (1)'  height=\"214\" width=\"300\"  itemprop=\"thumbnailUrl\" srcset=\"https:\/\/attra.ncat.org\/wp-content\/uploads\/2022\/08\/managed-grazing-300x214-1.jpg 300w, https:\/\/attra.ncat.org\/wp-content\/uploads\/2022\/08\/managed-grazing-300x214-1-260x185.jpg 260w\" sizes=\"(max-width: 300px) 100vw, 300px\" \/><\/div><\/div><\/div><\/div><\/p>\n<div  class='hr av-6vwqanu-b56bd893883ce4eb8a926b42f2fa5121 hr-default  avia-builder-el-5  el_after_av_two_fifth  el_before_av_one_fourth '><span class='hr-inner '><span class=\"hr-inner-style\"><\/span><\/span><\/div>\n<div  class='flex_column av-6l7iu9m-fa218a753d17d7e7e436214ab4e582d2 av_one_fourth  avia-builder-el-6  el_after_av_hr  el_before_av_one_fourth  first flex_column_div  '     ><article  class='iconbox iconbox_top av-l4rknspw-332a6546aa6066539325c7576a7e06d6  avia-builder-el-7  avia-builder-el-no-sibling  main_color'  itemscope=\"itemscope\" itemtype=\"https:\/\/schema.org\/CreativeWork\" ><div class=\"iconbox_content\"><header class=\"entry-content-header\" aria-label=\"Icon: Introducci\u00f3n al pastoreo gestionado\"><a href='http:\/\/wp-content\/uploads\/tutorials\/soil-health\/introduction\/' title='Introducci\u00f3n al pastoreo gestionado' aria-label='Introducci\u00f3n al pastoreo gestionado'  target=\"_blank\"  rel=\"noopener noreferrer\" class='iconbox_icon heading-color avia-iconfont avia-font-entypo-fontello' data-av_icon='\ue80d' data-av_iconfont='entypo-fontello' title=\"Introducci\u00f3n al pastoreo gestionado\" desc=\"Introducci\u00f3n al pastoreo gestionado\" ><\/a><h3 class='iconbox_content_title '  itemprop=\"headline\" ><a href='http:\/\/wp-content\/uploads\/tutorials\/soil-health\/introduction\/' title='Introducci\u00f3n al pastoreo gestionado'  target=\"_blank\"  rel=\"noopener noreferrer\">Introducci\u00f3n al pastoreo gestionado<\/a><\/h3><\/header><div class='iconbox_content_container '  itemprop=\"text\" ><p><img loading=\"lazy\" decoding=\"async\" src=\"https:\/\/attradev.ncat.org\/wp-content\/uploads\/2022\/08\/intro-to-managed-grazing-350x219.jpg\" alt=\"\" width=\"350\" height=\"219\" class=\"alignnone size-medium wp-image-125759\" srcset=\"https:\/\/attra.ncat.org\/wp-content\/uploads\/2022\/08\/intro-to-managed-grazing-350x219.jpg 350w, https:\/\/attra.ncat.org\/wp-content\/uploads\/2022\/08\/intro-to-managed-grazing-1030x645.jpg 1030w, https:\/\/attra.ncat.org\/wp-content\/uploads\/2022\/08\/intro-to-managed-grazing-768x481.jpg 768w, https:\/\/attra.ncat.org\/wp-content\/uploads\/2022\/08\/intro-to-managed-grazing-705x441.jpg 705w, https:\/\/attra.ncat.org\/wp-content\/uploads\/2022\/08\/intro-to-managed-grazing.jpg 1265w\" sizes=\"auto, (max-width: 350px) 100vw, 350px\" \/><\/p>\n<\/div><\/div><footer class=\"entry-footer\"><\/footer><\/article><\/div>\n<div  class='flex_column av-bza8m7u-e85504f820265a75d4cd27b88e7806dd av_one_fourth  avia-builder-el-8  el_after_av_one_fourth  el_before_av_one_fourth  flex_column_div  '     ><article  class='iconbox iconbox_top av-l4rkqk51-ab9b7cd50c65aa5f07f31d65344bb694  avia-builder-el-9  avia-builder-el-no-sibling  main_color'  itemscope=\"itemscope\" itemtype=\"https:\/\/schema.org\/CreativeWork\" ><div class=\"iconbox_content\"><header class=\"entry-content-header\" aria-label=\"Icon: Manejo del pastoreo: inventario\"><a href='\/wp-content\/uploads\/tutorials\/managed-grazing\/inventory\/' title='Manejo del pastoreo: inventario' aria-label='Manejo del pastoreo: inventario'  target=\"_blank\"  rel=\"noopener noreferrer\" class='iconbox_icon heading-color avia-iconfont avia-font-entypo-fontello' data-av_icon='\ue80d' data-av_iconfont='entypo-fontello' title=\"Manejo del pastoreo: inventario\" desc=\"Manejo del pastoreo: inventario\" ><\/a><h3 class='iconbox_content_title '  itemprop=\"headline\" ><a href='\/wp-content\/uploads\/tutorials\/managed-grazing\/inventory\/' title='Manejo del pastoreo: inventario'  target=\"_blank\"  rel=\"noopener noreferrer\">Manejo del pastoreo: inventario<\/a><\/h3><\/header><div class='iconbox_content_container '  itemprop=\"text\" ><p><img loading=\"lazy\" decoding=\"async\" src=\"https:\/\/attradev.ncat.org\/wp-content\/uploads\/2022\/08\/grazing-management-inventory-350x219.png\" alt=\"\" width=\"350\" height=\"219\" class=\"alignnone size-medium wp-image-125772\" srcset=\"https:\/\/attra.ncat.org\/wp-content\/uploads\/2022\/08\/grazing-management-inventory-350x219.png 350w, https:\/\/attra.ncat.org\/wp-content\/uploads\/2022\/08\/grazing-management-inventory-1030x645.png 1030w, https:\/\/attra.ncat.org\/wp-content\/uploads\/2022\/08\/grazing-management-inventory-768x481.png 768w, https:\/\/attra.ncat.org\/wp-content\/uploads\/2022\/08\/grazing-management-inventory-705x442.png 705w, https:\/\/attra.ncat.org\/wp-content\/uploads\/2022\/08\/grazing-management-inventory.png 1266w\" sizes=\"auto, (max-width: 350px) 100vw, 350px\" \/><\/p>\n<\/div><\/div><footer class=\"entry-footer\"><\/footer><\/article><\/div>\n<div  class='flex_column av-lmtoag-7b902e7bbf30664ca1250e2432dac099 av_one_fourth  avia-builder-el-10  el_after_av_one_fourth  el_before_av_one_fourth  flex_column_div  '     ><article  class='iconbox iconbox_top av-l6uymaym-cfee9470a947e8ef760a2bc58dae980d  avia-builder-el-11  avia-builder-el-no-sibling  main_color'  itemscope=\"itemscope\" itemtype=\"https:\/\/schema.org\/CreativeWork\" ><div class=\"iconbox_content\"><header class=\"entry-content-header\" aria-label=\"Icon: Infraestructura de pastoreo gestionado\"><a href='\/wp-content\/uploads\/tutorials\/managed-grazing\/infrastructure\/' title='Infraestructura de pastoreo gestionado' aria-label='Infraestructura de pastoreo gestionado'  target=\"_blank\"  rel=\"noopener noreferrer\" class='iconbox_icon heading-color avia-iconfont avia-font-entypo-fontello' data-av_icon='\ue80d' data-av_iconfont='entypo-fontello' title=\"Infraestructura de pastoreo gestionado\" desc=\"Infraestructura de pastoreo gestionado\" ><\/a><h3 class='iconbox_content_title '  itemprop=\"headline\" ><a href='\/wp-content\/uploads\/tutorials\/managed-grazing\/infrastructure\/' title='Infraestructura de pastoreo gestionado'  target=\"_blank\"  rel=\"noopener noreferrer\">Infraestructura de pastoreo gestionado<\/a><\/h3><\/header><div class='iconbox_content_container '  itemprop=\"text\" ><p><img loading=\"lazy\" decoding=\"async\" class=\"alignnone size-medium wp-image-125779\" src=\"https:\/\/attradev.ncat.org\/wp-content\/uploads\/2022\/08\/managed-grazing-infrastructure-350x220.png\" alt=\"\" width=\"350\" height=\"220\" srcset=\"https:\/\/attra.ncat.org\/wp-content\/uploads\/2022\/08\/managed-grazing-infrastructure-350x220.png 350w, https:\/\/attra.ncat.org\/wp-content\/uploads\/2022\/08\/managed-grazing-infrastructure-1030x647.png 1030w, https:\/\/attra.ncat.org\/wp-content\/uploads\/2022\/08\/managed-grazing-infrastructure-768x482.png 768w, https:\/\/attra.ncat.org\/wp-content\/uploads\/2022\/08\/managed-grazing-infrastructure-705x443.png 705w, https:\/\/attra.ncat.org\/wp-content\/uploads\/2022\/08\/managed-grazing-infrastructure.png 1263w\" sizes=\"auto, (max-width: 350px) 100vw, 350px\" \/><\/p>\n<\/div><\/div><footer class=\"entry-footer\"><\/footer><\/article><\/div>\n<div  class='flex_column av-mvh6ns-ae8615ab06b0549c89f200d00b9b8513 av_one_fourth  avia-builder-el-12  el_after_av_one_fourth  el_before_av_one_fourth  flex_column_div  '     ><article  class='iconbox iconbox_top av-l6uyqd5h-195619011697cef490253836e69dd15e  avia-builder-el-13  avia-builder-el-no-sibling  main_color'  itemscope=\"itemscope\" itemtype=\"https:\/\/schema.org\/CreativeWork\" ><div class=\"iconbox_content\"><header class=\"entry-content-header\" aria-label=\"Icon: Gesti\u00f3n del rodal maduro\"><a href='\/wp-content\/uploads\/tutorials\/managed-grazing\/mature-stand\/' title='Gesti\u00f3n del rodal maduro' aria-label='Gesti\u00f3n del rodal maduro'  target=\"_blank\"  rel=\"noopener noreferrer\" class='iconbox_icon heading-color avia-iconfont avia-font-entypo-fontello' data-av_icon='\ue80d' data-av_iconfont='entypo-fontello' title=\"Gesti\u00f3n del rodal maduro\" desc=\"Gesti\u00f3n del rodal maduro\" ><\/a><h3 class='iconbox_content_title '  itemprop=\"headline\" ><a href='\/wp-content\/uploads\/tutorials\/managed-grazing\/mature-stand\/' title='Gesti\u00f3n del rodal maduro'  target=\"_blank\"  rel=\"noopener noreferrer\">Gesti\u00f3n del rodal maduro<\/a><\/h3><\/header><div class='iconbox_content_container '  itemprop=\"text\" ><p><img loading=\"lazy\" decoding=\"async\" src=\"https:\/\/attradev.ncat.org\/wp-content\/uploads\/2022\/08\/managed-grazing-mature-stand-350x221.png\" alt=\"\" width=\"350\" height=\"221\" class=\"alignnone size-medium wp-image-125782\" srcset=\"https:\/\/attra.ncat.org\/wp-content\/uploads\/2022\/08\/managed-grazing-mature-stand-350x221.png 350w, https:\/\/attra.ncat.org\/wp-content\/uploads\/2022\/08\/managed-grazing-mature-stand-1030x650.png 1030w, https:\/\/attra.ncat.org\/wp-content\/uploads\/2022\/08\/managed-grazing-mature-stand-768x484.png 768w, https:\/\/attra.ncat.org\/wp-content\/uploads\/2022\/08\/managed-grazing-mature-stand-705x445.png 705w, https:\/\/attra.ncat.org\/wp-content\/uploads\/2022\/08\/managed-grazing-mature-stand.png 1262w\" sizes=\"auto, (max-width: 350px) 100vw, 350px\" \/><\/p>\n<\/div><\/div><footer class=\"entry-footer\"><\/footer><\/article><\/div>\n<div  class='flex_column av-12o4vxx4-f2abde5c3ef6898e86228f68e5712cbd av_one_fourth  avia-builder-el-14  el_after_av_one_fourth  el_before_av_one_fourth  first flex_column_div  column-top-margin'     ><article  class='iconbox iconbox_top av-y2upu60-9c6ac97efd6b49438a07149dabc94d82  avia-builder-el-15  avia-builder-el-no-sibling  main_color'  itemscope=\"itemscope\" itemtype=\"https:\/\/schema.org\/CreativeWork\" ><div class=\"iconbox_content\"><header class=\"entry-content-header\" aria-label=\"Icon: Intensificaci\u00f3n del pastoreo gestionado\"><a href='\/wp-content\/uploads\/tutorials\/managed-grazing\/intensifying\/' title='Intensificaci\u00f3n del pastoreo gestionado' aria-label='Intensificaci\u00f3n del pastoreo gestionado'  target=\"_blank\"  rel=\"noopener noreferrer\" class='iconbox_icon heading-color avia-iconfont avia-font-entypo-fontello' data-av_icon='\ue80d' data-av_iconfont='entypo-fontello' title=\"Intensificaci\u00f3n del pastoreo gestionado\" desc=\"Intensificaci\u00f3n del pastoreo gestionado\" ><\/a><h3 class='iconbox_content_title '  itemprop=\"headline\" ><a href='\/wp-content\/uploads\/tutorials\/managed-grazing\/intensifying\/' title='Intensificaci\u00f3n del pastoreo gestionado'  target=\"_blank\"  rel=\"noopener noreferrer\">Intensificaci\u00f3n del pastoreo gestionado<\/a><\/h3><\/header><div class='iconbox_content_container '  itemprop=\"text\" ><p><img loading=\"lazy\" decoding=\"async\" src=\"https:\/\/attradev.ncat.org\/wp-content\/uploads\/2022\/08\/managed-grazing-intensifying-350x220.png\" alt=\"\" width=\"350\" height=\"220\" class=\"alignnone size-medium wp-image-125786\" srcset=\"https:\/\/attra.ncat.org\/wp-content\/uploads\/2022\/08\/managed-grazing-intensifying-350x220.png 350w, https:\/\/attra.ncat.org\/wp-content\/uploads\/2022\/08\/managed-grazing-intensifying-1030x646.png 1030w, https:\/\/attra.ncat.org\/wp-content\/uploads\/2022\/08\/managed-grazing-intensifying-768x482.png 768w, https:\/\/attra.ncat.org\/wp-content\/uploads\/2022\/08\/managed-grazing-intensifying-705x442.png 705w, https:\/\/attra.ncat.org\/wp-content\/uploads\/2022\/08\/managed-grazing-intensifying.png 1267w\" sizes=\"auto, (max-width: 350px) 100vw, 350px\" \/><\/p>\n<\/div><\/div><footer class=\"entry-footer\"><\/footer><\/article><\/div>\n<div  class='flex_column av-s774a60-9e469ea9c494df6a6ea3884b5bf1a573 av_one_fourth  avia-builder-el-16  el_after_av_one_fourth  el_before_av_one_fourth  flex_column_div  column-top-margin'     ><article  class='iconbox iconbox_top av-nhbfo8o-f69d9638e51db46bd82a9ffa09102f90  avia-builder-el-17  avia-builder-el-no-sibling  main_color'  itemscope=\"itemscope\" itemtype=\"https:\/\/schema.org\/CreativeWork\" ><div class=\"iconbox_content\"><header class=\"entry-content-header\" aria-label=\"Icon: Almacenamiento de pasto\"><a href='\/wp-content\/uploads\/tutorials\/managed-grazing\/stockpiled\/' title='Almacenamiento de pasto' aria-label='Almacenamiento de pasto'  target=\"_blank\"  rel=\"noopener noreferrer\" class='iconbox_icon heading-color avia-iconfont avia-font-entypo-fontello' data-av_icon='\ue80d' data-av_iconfont='entypo-fontello' title=\"Almacenamiento de pasto\" desc=\"Almacenamiento de pasto\" ><\/a><h3 class='iconbox_content_title '  itemprop=\"headline\" ><a href='\/wp-content\/uploads\/tutorials\/managed-grazing\/stockpiled\/' title='Almacenamiento de pasto'  target=\"_blank\"  rel=\"noopener noreferrer\">Almacenamiento de pasto<\/a><\/h3><\/header><div class='iconbox_content_container '  itemprop=\"text\" ><p><img loading=\"lazy\" decoding=\"async\" src=\"https:\/\/attradev.ncat.org\/wp-content\/uploads\/2022\/08\/managed-grazing-stockpiled-350x219.png\" alt=\"\" width=\"350\" height=\"219\" class=\"alignnone size-medium wp-image-125792\" srcset=\"https:\/\/attra.ncat.org\/wp-content\/uploads\/2022\/08\/managed-grazing-stockpiled-350x219.png 350w, https:\/\/attra.ncat.org\/wp-content\/uploads\/2022\/08\/managed-grazing-stockpiled-1030x645.png 1030w, https:\/\/attra.ncat.org\/wp-content\/uploads\/2022\/08\/managed-grazing-stockpiled-768x481.png 768w, https:\/\/attra.ncat.org\/wp-content\/uploads\/2022\/08\/managed-grazing-stockpiled-705x442.png 705w, https:\/\/attra.ncat.org\/wp-content\/uploads\/2022\/08\/managed-grazing-stockpiled.png 1266w\" sizes=\"auto, (max-width: 350px) 100vw, 350px\" \/><\/p>\n<\/div><\/div><footer class=\"entry-footer\"><\/footer><\/article><\/div>\n<div  class='flex_column av-j2neygo-a38699e6a32b0e41ca391c62fcef38e3 av_one_fourth  avia-builder-el-18  el_after_av_one_fourth  el_before_av_one_fourth  flex_column_div  column-top-margin'     ><article  class='iconbox iconbox_top av-h47pt14-ad6d030a394144cac96d50992946cd08  avia-builder-el-19  avia-builder-el-no-sibling  main_color'  itemscope=\"itemscope\" itemtype=\"https:\/\/schema.org\/CreativeWork\" ><div class=\"iconbox_content\"><header class=\"entry-content-header\" aria-label=\"Icon: Fertilidad: Construcci\u00f3n de suelos de pastoreo saludables\"><a href='\/wp-content\/uploads\/tutorials\/managed-grazing\/fertility\/' title='Fertilidad: Construcci\u00f3n de suelos de pastoreo saludables' aria-label='Fertilidad: Construcci\u00f3n de suelos de pastoreo saludables'  target=\"_blank\"  rel=\"noopener noreferrer\" class='iconbox_icon heading-color avia-iconfont avia-font-entypo-fontello' data-av_icon='\ue80d' data-av_iconfont='entypo-fontello' title=\"Fertilidad: Construcci\u00f3n de suelos de pastoreo saludables\" desc=\"Fertilidad: Construcci\u00f3n de suelos de pastoreo saludables\" ><\/a><h3 class='iconbox_content_title '  itemprop=\"headline\" ><a href='\/wp-content\/uploads\/tutorials\/managed-grazing\/fertility\/' title='Fertilidad: Construcci\u00f3n de suelos de pastoreo saludables'  target=\"_blank\"  rel=\"noopener noreferrer\">Fertilidad: Construcci\u00f3n de suelos de pastoreo saludables<\/a><\/h3><\/header><div class='iconbox_content_container '  itemprop=\"text\" ><p><img loading=\"lazy\" decoding=\"async\" class=\"alignnone size-medium wp-image-125795\" src=\"https:\/\/attradev.ncat.org\/wp-content\/uploads\/2022\/08\/managed-grazing-fertility-350x220.png\" alt=\"\" width=\"350\" height=\"220\" srcset=\"https:\/\/attra.ncat.org\/wp-content\/uploads\/2022\/08\/managed-grazing-fertility-350x220.png 350w, https:\/\/attra.ncat.org\/wp-content\/uploads\/2022\/08\/managed-grazing-fertility-1030x649.png 1030w, https:\/\/attra.ncat.org\/wp-content\/uploads\/2022\/08\/managed-grazing-fertility-768x484.png 768w, https:\/\/attra.ncat.org\/wp-content\/uploads\/2022\/08\/managed-grazing-fertility-705x444.png 705w, https:\/\/attra.ncat.org\/wp-content\/uploads\/2022\/08\/managed-grazing-fertility.png 1262w\" sizes=\"auto, (max-width: 350px) 100vw, 350px\" \/><\/p>\n<\/div><\/div><footer class=\"entry-footer\"><\/footer><\/article><\/div>\n<div  class='flex_column av-cdmfk3c-4b69992c225b4906b7c3e337fcc6ce73 av_one_fourth  avia-builder-el-20  el_after_av_one_fourth  avia-builder-el-last  flex_column_div  column-top-margin'     ><article  class='iconbox iconbox_top av-7wiaos8-21d9f2c7a0acf5cbfad88845d01d4991  avia-builder-el-21  avia-builder-el-no-sibling  main_color'  itemscope=\"itemscope\" itemtype=\"https:\/\/schema.org\/CreativeWork\" ><div class=\"iconbox_content\"><header class=\"entry-content-header\" aria-label=\"Icon: Monitoreo de su pasto\"><a href='\/wp-content\/uploads\/tutorials\/managed-grazing\/monitoring\/' title='Monitoreo de su pasto' aria-label='Monitoreo de su pasto'  target=\"_blank\"  rel=\"noopener noreferrer\" class='iconbox_icon heading-color avia-iconfont avia-font-entypo-fontello' data-av_icon='\ue80d' data-av_iconfont='entypo-fontello' title=\"Monitoreo de su pasto\" desc=\"Monitoreo de su pasto\" ><\/a><h3 class='iconbox_content_title '  itemprop=\"headline\" ><a href='\/wp-content\/uploads\/tutorials\/managed-grazing\/monitoring\/' title='Monitoreo de su pasto'  target=\"_blank\"  rel=\"noopener noreferrer\">Monitoreo de su pasto<\/a><\/h3><\/header><div class='iconbox_content_container '  itemprop=\"text\" ><p><img loading=\"lazy\" decoding=\"async\" class=\"alignnone size-medium wp-image-125800\" src=\"https:\/\/attradev.ncat.org\/wp-content\/uploads\/2022\/08\/managed-grazing-monitoring-350x219.png\" alt=\"\" width=\"350\" height=\"219\" srcset=\"https:\/\/attra.ncat.org\/wp-content\/uploads\/2022\/08\/managed-grazing-monitoring-350x219.png 350w, https:\/\/attra.ncat.org\/wp-content\/uploads\/2022\/08\/managed-grazing-monitoring-1030x646.png 1030w, https:\/\/attra.ncat.org\/wp-content\/uploads\/2022\/08\/managed-grazing-monitoring-768x481.png 768w, https:\/\/attra.ncat.org\/wp-content\/uploads\/2022\/08\/managed-grazing-monitoring-705x442.png 705w, https:\/\/attra.ncat.org\/wp-content\/uploads\/2022\/08\/managed-grazing-monitoring.png 1265w\" sizes=\"auto, (max-width: 350px) 100vw, 350px\" \/><\/p>\n<\/div><\/div><footer class=\"entry-footer\"><\/footer><\/article><\/div>\n","protected":false},"excerpt":{"rendered":"","protected":false},"author":1,"featured_media":125756,"parent":0,"menu_order":0,"comment_status":"closed","ping_status":"closed","template":"","meta":{"_acf_changed":false,"_price":"","_stock":"","_tribe_ticket_header":"","_tribe_default_ticket_provider":"","_tribe_ticket_capacity":"0","_ticket_start_date":"","_ticket_end_date":"","_tribe_ticket_show_description":"","_tribe_ticket_show_not_going":false,"_tribe_ticket_use_global_stock":"","_tribe_ticket_global_stock_level":"","_global_stock_mode":"","_global_stock_cap":"","_tribe_rsvp_for_event":"","_tribe_ticket_going_count":"","_tribe_ticket_not_going_count":"","_tribe_tickets_list":"[]","_tribe_ticket_has_attendee_info_fields":false,"footnotes":"","beyondwords_generate_audio":"","beyondwords_integration_method":"","beyondwords_project_id":"","beyondwords_content_id":"","beyondwords_preview_token":"","beyondwords_player_content":"","beyondwords_player_style":"","beyondwords_language_code":"","beyondwords_language_id":"","beyondwords_title_voice_id":"","beyondwords_body_voice_id":"","beyondwords_summary_voice_id":"","beyondwords_error_message":"","beyondwords_disabled":"","beyondwords_delete_content":"","beyondwords_podcast_id":"","beyondwords_hash":"","publish_post_to_speechkit":"","speechkit_hash":"","speechkit_generate_audio":"","speechkit_project_id":"","speechkit_podcast_id":"","speechkit_error_message":"","speechkit_disabled":"","speechkit_access_key":"","speechkit_error":"","speechkit_info":"","speechkit_response":"","speechkit_retries":"","speechkit_status":"","speechkit_updated_at":"","_speechkit_link":"","_speechkit_text":"","_tec_slr_enabled":"","_tec_slr_layout":""},"categories":[57,54],"tags":[1522,160,1529],"class_list":["post-134975","page","type-page","status-publish","has-post-thumbnail","hentry","category-livestock","category-tutorial","tag-ganado-es","tag-grazing","tag-suelo"],"acf":[],"publishpress_future_workflow_manual_trigger":{"enabledWorkflows":[]},"distributor_meta":false,"distributor_terms":false,"distributor_media":false,"distributor_original_site_name":"ATTRA - Agricultura Sustentable","distributor_original_site_url":"https:\/\/attra.ncat.org\/es\/","push-errors":false,"ticketed":false,"_links":{"self":[{"href":"https:\/\/attra.ncat.org\/es\/wp-json\/wp\/v2\/pages\/134975","targetHints":{"allow":["GET"]}}],"collection":[{"href":"https:\/\/attra.ncat.org\/es\/wp-json\/wp\/v2\/pages"}],"about":[{"href":"https:\/\/attra.ncat.org\/es\/wp-json\/wp\/v2\/types\/page"}],"author":[{"embeddable":true,"href":"https:\/\/attra.ncat.org\/es\/wp-json\/wp\/v2\/users\/1"}],"replies":[{"embeddable":true,"href":"https:\/\/attra.ncat.org\/es\/wp-json\/wp\/v2\/comments?post=134975"}],"version-history":[{"count":8,"href":"https:\/\/attra.ncat.org\/es\/wp-json\/wp\/v2\/pages\/134975\/revisions"}],"predecessor-version":[{"id":139476,"href":"https:\/\/attra.ncat.org\/es\/wp-json\/wp\/v2\/pages\/134975\/revisions\/139476"}],"wp:featuredmedia":[{"embeddable":true,"href":"https:\/\/attra.ncat.org\/es\/wp-json\/wp\/v2\/media\/125756"}],"wp:attachment":[{"href":"https:\/\/attra.ncat.org\/es\/wp-json\/wp\/v2\/media?parent=134975"}],"wp:term":[{"taxonomy":"category","embeddable":true,"href":"https:\/\/attra.ncat.org\/es\/wp-json\/wp\/v2\/categories?post=134975"},{"taxonomy":"post_tag","embeddable":true,"href":"https:\/\/attra.ncat.org\/es\/wp-json\/wp\/v2\/tags?post=134975"}],"curies":[{"name":"wp","href":"https:\/\/api.w.org\/{rel}","templated":true}]}}