

{"id":134997,"date":"2018-09-27T15:37:18","date_gmt":"2018-09-27T20:37:18","guid":{"rendered":"https:\/\/attra.ncat.org\/temas\/erosion\/"},"modified":"2022-11-07T12:25:11","modified_gmt":"2022-11-07T18:25:11","slug":"erosion","status":"publish","type":"page","link":"https:\/\/attra.ncat.org\/es\/temas\/erosion\/","title":{"rendered":"Erosi\u00f3n"},"content":{"rendered":"<div  class='flex_column av-1bfdwqy4-e6e7ba9dc7dde5e3766e346eace54df0 av_three_fourth  avia-builder-el-0  el_before_av_one_fourth  avia-builder-el-first  first flex_column_div  '     ><p>\n<style type=\"text\/css\" data-created_by=\"avia_inline_auto\" id=\"style-css-av-l6cj6l1g-f0f67d8bb9c74162306c245a2e4f521e\">\n#top .av-special-heading.av-l6cj6l1g-f0f67d8bb9c74162306c245a2e4f521e{\npadding-bottom:10px;\n}\nbody .av-special-heading.av-l6cj6l1g-f0f67d8bb9c74162306c245a2e4f521e .av-special-heading-tag .heading-char{\nfont-size:25px;\n}\n.av-special-heading.av-l6cj6l1g-f0f67d8bb9c74162306c245a2e4f521e .av-subheading{\nfont-size:15px;\n}\n<\/style>\n<div  class='av-special-heading av-l6cj6l1g-f0f67d8bb9c74162306c245a2e4f521e av-special-heading-h1 blockquote modern-quote  avia-builder-el-1  el_before_av_textblock  avia-builder-el-first '><h1 class='av-special-heading-tag '  itemprop=\"headline\"  >Erosi\u00f3n<\/h1><div class=\"special-heading-border\"><div class=\"special-heading-inner-border\"><\/div><\/div><\/div><br \/>\n<section  class='av_textblock_section av-l6cjdb0z-1057b185fab54c52be0ca1a2759e9fa9 '   itemscope=\"itemscope\" itemtype=\"https:\/\/schema.org\/CreativeWork\" ><div class='avia_textblock'  itemprop=\"text\" ><p><span class=\"TextRun SCXW121552477 BCX0\" lang=\"EN-US\" data-contrast=\"auto\" xml:lang=\"EN-US\"><span class=\"NormalTextRun SCXW121552477 BCX0\" data-ccp-charstyle=\"eop\" data-ccp-charstyle-defn=\"{\"ObjectId\":\"72b5104c-dcd1-4cfc-bd6d-f9bb4322a057|17\",\"ClassId\":1073872969,\"Properties\":&#091;469775450,\"eop\",201340122,\"1\",134233614,\"true\",469778129,\"eop\",335572020,\"1\",469778324,\"Default Paragraph Font\"&#093;}\">La erosi\u00f3n e\u00f3lica e h\u00eddrica puede da\u00f1ar gravemente el recurso m\u00e1s importante de los agricultores y ganaderos: el suelo. La erosi\u00f3n puede ocurrir gradualmente durante muchos a\u00f1os o catastr\u00f3ficamente en un solo evento de inundaci\u00f3n, pero en cualquier caso, hay muchos pasos que los agricultores pueden tomar para evitar la p\u00e9rdida de suelo.  <\/span><\/span><\/p>\n<p><span class=\"TextRun SCXW121552477 BCX0\" lang=\"EN-US\" data-contrast=\"auto\" xml:lang=\"EN-US\"><span class=\"NormalTextRun SCXW121552477 BCX0\" data-ccp-charstyle=\"eop\" data-ccp-charstyle-defn=\"{\"ObjectId\":\"72b5104c-dcd1-4cfc-bd6d-f9bb4322a057|17\",\"ClassId\":1073872969,\"Properties\":&#091;469775450,\"eop\",201340122,\"1\",134233614,\"true\",469778129,\"eop\",335572020,\"1\",469778324,\"Default Paragraph Font\"&#093;}\">Los cinco principios de salud del suelo son tambi\u00e9n principios de prevenci\u00f3n de la erosi\u00f3n que se pueden adaptar a cualquier operaci\u00f3n. Encuentre recursos pr\u00e1cticos de ATTRA aqu\u00ed para ayudar a prevenir la erosi\u00f3n del suelo y desarrollar la salud del suelo.  <\/span><\/span><span class=\"EOP SCXW121552477 BCX0\" data-ccp-props=\"{\"134233117\":false,\"134233118\":false,\"201341983\":0,\"335559738\":0,\"335559739\":0,\"335559740\":240}\"> <\/span><\/p>\n<\/div><\/section><\/p><\/div><div  class='flex_column av-178zkrn0-99fad0b5e0f6abab1be0476249ce31f0 av_one_fourth  avia-builder-el-3  el_after_av_three_fourth  el_before_av_one_full  flex_column_div  '     ><p>\n<style type=\"text\/css\" data-created_by=\"avia_inline_auto\" id=\"style-css-av-l6cj7mj6-420c37c3d9ced9ba0aac15936e913f62\">\n#top .av-special-heading.av-l6cj7mj6-420c37c3d9ced9ba0aac15936e913f62{\npadding-bottom:10px;\n}\nbody .av-special-heading.av-l6cj7mj6-420c37c3d9ced9ba0aac15936e913f62 .av-special-heading-tag .heading-char{\nfont-size:25px;\n}\n.av-special-heading.av-l6cj7mj6-420c37c3d9ced9ba0aac15936e913f62 .av-subheading{\nfont-size:15px;\n}\n<\/style>\n<div  class='av-special-heading av-l6cj7mj6-420c37c3d9ced9ba0aac15936e913f62 av-special-heading-h2 blockquote modern-quote  avia-builder-el-4  el_before_av_image  avia-builder-el-first '><h2 class='av-special-heading-tag '  itemprop=\"headline\"  >Temas relacionados<\/h2><div class=\"special-heading-border\"><div class=\"special-heading-inner-border\"><\/div><\/div><\/div><br \/>\n\n<style type=\"text\/css\" data-created_by=\"avia_inline_auto\" id=\"style-css-av-l75aaps3-43f37b934b7f06fc8f9f746827ae481c\">\n.avia-image-container.av-l75aaps3-43f37b934b7f06fc8f9f746827ae481c img.avia_image{\nbox-shadow:none;\n}\n.avia-image-container.av-l75aaps3-43f37b934b7f06fc8f9f746827ae481c .av-caption-image-overlay-bg{\nopacity:0.1;\nbackground-color:#000000;\n}\n.avia-image-container.av-l75aaps3-43f37b934b7f06fc8f9f746827ae481c .av-image-caption-overlay-center{\ncolor:#ffffff;\nfont-size:25px;\n}\n<\/style>\n<div  class='avia-image-container av-l75aaps3-43f37b934b7f06fc8f9f746827ae481c av-styling- av-img-linked avia-align-center  avia-builder-el-5  el_after_av_heading  el_before_av_heading  noHover av-overlay-hover-deactivate'   itemprop=\"image\" itemscope=\"itemscope\" itemtype=\"https:\/\/schema.org\/ImageObject\" ><div class=\"avia-image-container-inner\"><div class=\"avia-image-overlay-wrap\"><a href=\"https:\/\/attra.ncat.org\/es\/suelo\/\" class='avia_image '  aria-label='Healthy soil and hands, USDA Flickr'><div class=\"av-image-caption-overlay\"><div class=\"av-caption-image-overlay-bg\"><\/div><div class=\"av-image-caption-overlay-position\"><div class=\"av-image-caption-overlay-center\"><p>SUELO<\/p>\n<\/div><\/div><\/div><img decoding=\"async\" fetchpriority=\"high\" class='wp-image-123278 avia-img-lazy-loading-not-123278 avia_image ' src=\"https:\/\/attra.ncat.org\/wp-content\/uploads\/2022\/04\/48935484668_b4391f79b5_k-350x233.jpg\" alt='' title='Healthy soil and hands, USDA Flickr'  height=\"233\" width=\"350\"  itemprop=\"thumbnailUrl\" srcset=\"https:\/\/attra.ncat.org\/wp-content\/uploads\/2022\/04\/48935484668_b4391f79b5_k-350x233.jpg 350w, https:\/\/attra.ncat.org\/wp-content\/uploads\/2022\/04\/48935484668_b4391f79b5_k-1030x686.jpg 1030w, https:\/\/attra.ncat.org\/wp-content\/uploads\/2022\/04\/48935484668_b4391f79b5_k-768x512.jpg 768w, https:\/\/attra.ncat.org\/wp-content\/uploads\/2022\/04\/48935484668_b4391f79b5_k-1536x1024.jpg 1536w, https:\/\/attra.ncat.org\/wp-content\/uploads\/2022\/04\/48935484668_b4391f79b5_k-1500x1000.jpg 1500w, https:\/\/attra.ncat.org\/wp-content\/uploads\/2022\/04\/48935484668_b4391f79b5_k-705x470.jpg 705w, https:\/\/attra.ncat.org\/wp-content\/uploads\/2022\/04\/48935484668_b4391f79b5_k.jpg 2048w\" sizes=\"(max-width: 350px) 100vw, 350px\" \/><\/a><\/div><\/div><\/div><br \/>\n\n<style type=\"text\/css\" data-created_by=\"avia_inline_auto\" id=\"style-css-av-5jfoxrc-657c4786b53f216a4bde1843fc50dd3b\">\n#top .av-special-heading.av-5jfoxrc-657c4786b53f216a4bde1843fc50dd3b{\npadding-bottom:10px;\n}\nbody .av-special-heading.av-5jfoxrc-657c4786b53f216a4bde1843fc50dd3b .av-special-heading-tag .heading-char{\nfont-size:25px;\n}\n.av-special-heading.av-5jfoxrc-657c4786b53f216a4bde1843fc50dd3b .av-subheading{\nfont-size:15px;\n}\n<\/style>\n<div  class='av-special-heading av-5jfoxrc-657c4786b53f216a4bde1843fc50dd3b av-special-heading-h2 blockquote modern-quote  avia-builder-el-6  el_after_av_image  el_before_av_team_member '><h2 class='av-special-heading-tag '  itemprop=\"headline\"  >Personal Expertos<\/h2><div class=\"special-heading-border\"><div class=\"special-heading-inner-border\"><\/div><\/div><\/div><br \/>\n<section  class='avia-team-member av-l83lo2v5-caa318d6fda73ffd00fda81815a5b728  avia-builder-el-7  el_after_av_heading  avia-builder-el-last '  itemscope=\"itemscope\" itemtype=\"https:\/\/schema.org\/Person\" ><div class=\"team-img-container\"><img decoding=\"async\" fetchpriority=\"high\" class='wp-image-121821 avia-img-lazy-loading-not-121821 avia_image avia_image_team' src=\"https:\/\/attra.ncat.org\/wp-content\/uploads\/2020\/06\/prater_nina.png\" alt='Nina Prater'  itemprop=\"image\"   height=\"500\" width=\"500\" srcset=\"https:\/\/attra.ncat.org\/wp-content\/uploads\/2020\/06\/prater_nina.png 500w, https:\/\/attra.ncat.org\/wp-content\/uploads\/2020\/06\/prater_nina-350x350.png 350w, https:\/\/attra.ncat.org\/wp-content\/uploads\/2020\/06\/prater_nina-90x90.png 90w, https:\/\/attra.ncat.org\/wp-content\/uploads\/2020\/06\/prater_nina-36x36.png 36w, https:\/\/attra.ncat.org\/wp-content\/uploads\/2020\/06\/prater_nina-180x180.png 180w\" sizes=\"(max-width: 500px) 100vw, 500px\" \/><div class=\"team-social\"><div class=\"team-social-inner\"><span class='hidden av_member_url_markup '  itemprop=\"url\" >http:\/\/attra.ncat.org\/nina-prater<\/span><a href='http:\/\/attra.ncat.org\/nina-prater' class='avia-team-icon av-l83lo1iv-067b859d72afd2cab9b5ef35beb5d07f avia-iconfont avia-font-entypo-fontello' rel='v:url' data-avia-tooltip=\"Con\u00e9ctate con Nina\"  data-av_icon='\ue840' data-av_iconfont='entypo-fontello' ><\/a><\/div><\/div><\/div><h3 class='team-member-name '  itemprop=\"name\" >Nina Prater<\/h3><span class='hidden team-member-affiliation'  itemprop=\"affiliation\" >ATTRA - Agricultura Sustentable<\/span><\/section><\/p><\/div><div  class='flex_column av-ecje9rg-d0c95aaa013c2c934e638bbe6f10584e av_one_full  avia-builder-el-8  el_after_av_one_fourth  avia-builder-el-last  first flex_column_div  column-top-margin'     ><div  data-slideshow-options=\"{&quot;animation&quot;:&quot;fade&quot;,&quot;autoplay&quot;:false,&quot;loop_autoplay&quot;:&quot;once&quot;,&quot;interval&quot;:5,&quot;loop_manual&quot;:&quot;manual-endless&quot;,&quot;autoplay_stopper&quot;:false,&quot;noNavigation&quot;:false,&quot;show_slide_delay&quot;:90}\" class='avia-content-slider avia-content-grid-active avia-content-slider1 avia-content-slider-even  avia-builder-el-9  avia-builder-el-no-sibling  av-slideshow-ui av-control-default   av-no-slider-navigation av-slideshow-manual av-loop-once av-loop-manual-endless '  itemscope=\"itemscope\" itemtype=\"https:\/\/schema.org\/Blog\" ><div class=\"avia-content-slider-inner\"><div class=\"slide-entry-wrap\"><article class='slide-entry flex_column  post-entry post-entry-134441 slide-entry-overview slide-loop-1 slide-parity-odd  post-entry-last  av_one_fourth first real-thumbnail posttype-page post-format-standard'  itemscope=\"itemscope\" itemtype=\"https:\/\/schema.org\/CreativeWork\" ><a href='https:\/\/attra.ncat.org\/es\/suelo\/' data-rel='slide-1' class='slide-image' title='Suelo'><img decoding=\"async\" fetchpriority=\"high\" width=\"260\" height=\"185\" src=\"https:\/\/attra.ncat.org\/wp-content\/uploads\/2022\/08\/Ellie-Fleshman-of-Fleshman-Farms-in-Teton-County-Montana-USDA-NRCS-Flickr-CC-260x185.jpg\" class=\"wp-image-126465 avia-img-lazy-loading-not-126465 attachment-portfolio_small size-portfolio_small wp-post-image\" alt=\"Ellie Fleshman of Fleshman Farms in Teton County Montana USDA NRCS Flickr CC\" \/><\/a><div class=\"slide-content\"><header class=\"entry-content-header\" aria-label=\"Slide: Suelo\"><h3 class='slide-entry-title entry-title '  itemprop=\"headline\" ><a href='https:\/\/attra.ncat.org\/es\/suelo\/' title='Suelo'>Suelo<\/a><\/h3><span class=\"av-vertical-delimiter\"><\/span><\/header><div class='slide-entry-excerpt entry-content'  itemprop=\"text\" ><div class=\"read-more-link\"><a href=\"https:\/\/attra.ncat.org\/es\/suelo\/\" class=\"more-link\">Leer m\u00e1s<span class='more-link-arrow avia-svg-icon avia-font-svg_entypo-fontello' data-av_svg_icon='right-open-big' data-av_iconset='svg_entypo-fontello'><svg version=\"1.1\" xmlns=\"http:\/\/www.w3.org\/2000\/svg\" width=\"15\" height=\"32\" viewBox=\"0 0 15 32\" preserveAspectRatio=\"xMidYMid meet\" role=\"graphics-symbol\" aria-hidden=\"true\">\n<path d=\"M0.416 27.84l11.456-11.84-11.456-11.904q-0.832-0.832 0-1.536 0.832-0.832 1.536 0l12.544 12.608q0.768 0.832 0 1.6l-12.544 12.608q-0.704 0.832-1.536 0-0.832-0.704 0-1.536z\"><\/path>\n<\/svg><\/span><\/a><\/div><\/div><\/div><footer class=\"entry-footer\"><\/footer><span class='hidden'>\n\t\t\t\t<span class='av-structured-data'  itemprop=\"image\" itemscope=\"itemscope\" itemtype=\"https:\/\/schema.org\/ImageObject\" >\n\t\t\t\t\t\t<span itemprop='url'>https:\/\/attra.ncat.org\/wp-content\/uploads\/2022\/08\/Ellie-Fleshman-of-Fleshman-Farms-in-Teton-County-Montana-USDA-NRCS-Flickr-CC.jpg<\/span>\n\t\t\t\t\t\t<span itemprop='height'>1366<\/span>\n\t\t\t\t\t\t<span itemprop='width'>2048<\/span>\n\t\t\t\t<\/span>\n\t\t\t\t<span class='av-structured-data'  itemprop=\"publisher\" itemtype=\"https:\/\/schema.org\/Organization\" itemscope=\"itemscope\" >\n\t\t\t\t\t\t<span itemprop='name'>NCAT IT<\/span>\n\t\t\t\t\t\t<span itemprop='logo' itemscope itemtype='https:\/\/schema.org\/ImageObject'>\n\t\t\t\t\t\t\t<span itemprop='url'>\/wp-content\/uploads\/2022\/12\/ATTRAlogo-RGB-espanol-lg.png<\/span>\n\t\t\t\t\t\t<\/span>\n\t\t\t\t<\/span><span class='av-structured-data'  itemprop=\"author\" itemscope=\"itemscope\" itemtype=\"https:\/\/schema.org\/Person\" ><span itemprop='name'>NCAT IT<\/span><\/span><span class='av-structured-data'  itemprop=\"datePublished\" datetime=\"2018-09-27T15:37:18-05:00\" >2018-08-16 18:48:45<\/span><span class='av-structured-data'  itemprop=\"dateModified\" itemtype=\"https:\/\/schema.org\/dateModified\" >2022-11-15 13:37:27<\/span><span class='av-structured-data'  itemprop=\"mainEntityOfPage\" itemtype=\"https:\/\/schema.org\/mainEntityOfPage\" ><span itemprop='name'>Suelo<\/span><\/span><\/span><\/article><\/div><\/div><\/div><\/div><\/p>\n","protected":false},"excerpt":{"rendered":"","protected":false},"author":1,"featured_media":126841,"parent":134364,"menu_order":0,"comment_status":"closed","ping_status":"closed","template":"","meta":{"_acf_changed":false,"_price":"","_stock":"","_tribe_ticket_header":"","_tribe_default_ticket_provider":"","_tribe_ticket_capacity":"0","_ticket_start_date":"","_ticket_end_date":"","_tribe_ticket_show_description":"","_tribe_ticket_show_not_going":false,"_tribe_ticket_use_global_stock":"","_tribe_ticket_global_stock_level":"","_global_stock_mode":"","_global_stock_cap":"","_tribe_rsvp_for_event":"","_tribe_ticket_going_count":"","_tribe_ticket_not_going_count":"","_tribe_tickets_list":"[]","_tribe_ticket_has_attendee_info_fields":false,"footnotes":"","beyondwords_generate_audio":"","beyondwords_integration_method":"","beyondwords_project_id":"","beyondwords_content_id":"","beyondwords_preview_token":"","beyondwords_player_content":"","beyondwords_player_style":"","beyondwords_language_code":"","beyondwords_language_id":"","beyondwords_title_voice_id":"","beyondwords_body_voice_id":"","beyondwords_summary_voice_id":"","beyondwords_error_message":"","beyondwords_disabled":"","beyondwords_delete_content":"","beyondwords_podcast_id":"","beyondwords_hash":"","publish_post_to_speechkit":"","speechkit_hash":"","speechkit_generate_audio":"","speechkit_project_id":"","speechkit_podcast_id":"","speechkit_error_message":"","speechkit_disabled":"","speechkit_access_key":"","speechkit_error":"","speechkit_info":"","speechkit_response":"","speechkit_retries":"","speechkit_status":"","speechkit_updated_at":"","_speechkit_link":"","_speechkit_text":"","_tec_slr_enabled":"","_tec_slr_layout":""},"categories":[118],"tags":[1495,603,1529],"class_list":["post-134997","page","type-page","status-publish","has-post-thumbnail","hentry","category-soil","tag-agua","tag-erosion","tag-suelo"],"acf":[],"publishpress_future_workflow_manual_trigger":{"enabledWorkflows":[]},"distributor_meta":false,"distributor_terms":false,"distributor_media":false,"distributor_original_site_name":"ATTRA - Agricultura Sustentable","distributor_original_site_url":"https:\/\/attra.ncat.org\/es\/","push-errors":false,"ticketed":false,"_links":{"self":[{"href":"https:\/\/attra.ncat.org\/es\/wp-json\/wp\/v2\/pages\/134997","targetHints":{"allow":["GET"]}}],"collection":[{"href":"https:\/\/attra.ncat.org\/es\/wp-json\/wp\/v2\/pages"}],"about":[{"href":"https:\/\/attra.ncat.org\/es\/wp-json\/wp\/v2\/types\/page"}],"author":[{"embeddable":true,"href":"https:\/\/attra.ncat.org\/es\/wp-json\/wp\/v2\/users\/1"}],"replies":[{"embeddable":true,"href":"https:\/\/attra.ncat.org\/es\/wp-json\/wp\/v2\/comments?post=134997"}],"version-history":[{"count":12,"href":"https:\/\/attra.ncat.org\/es\/wp-json\/wp\/v2\/pages\/134997\/revisions"}],"predecessor-version":[{"id":136793,"href":"https:\/\/attra.ncat.org\/es\/wp-json\/wp\/v2\/pages\/134997\/revisions\/136793"}],"up":[{"embeddable":true,"href":"https:\/\/attra.ncat.org\/es\/wp-json\/wp\/v2\/pages\/134364"}],"wp:featuredmedia":[{"embeddable":true,"href":"https:\/\/attra.ncat.org\/es\/wp-json\/wp\/v2\/media\/126841"}],"wp:attachment":[{"href":"https:\/\/attra.ncat.org\/es\/wp-json\/wp\/v2\/media?parent=134997"}],"wp:term":[{"taxonomy":"category","embeddable":true,"href":"https:\/\/attra.ncat.org\/es\/wp-json\/wp\/v2\/categories?post=134997"},{"taxonomy":"post_tag","embeddable":true,"href":"https:\/\/attra.ncat.org\/es\/wp-json\/wp\/v2\/tags?post=134997"}],"curies":[{"name":"wp","href":"https:\/\/api.w.org\/{rel}","templated":true}]}}