

{"id":134999,"date":"2018-09-27T15:44:30","date_gmt":"2018-09-27T20:44:30","guid":{"rendered":"https:\/\/attra.ncat.org\/temas\/agua\/"},"modified":"2025-10-01T11:59:14","modified_gmt":"2025-10-01T16:59:14","slug":"agua","status":"publish","type":"page","link":"https:\/\/attra.ncat.org\/es\/temas\/agua\/","title":{"rendered":"Agua"},"content":{"rendered":"<div  class='flex_column av-1bfdwqy4-e6e7ba9dc7dde5e3766e346eace54df0 av_three_fourth  avia-builder-el-0  el_before_av_one_fourth  avia-builder-el-first  first flex_column_div  '     ><p>\n<style type=\"text\/css\" data-created_by=\"avia_inline_auto\" id=\"style-css-av-l6cj6l1g-82a4a9a0415b0a4c79a927a0a6b8004c\">\n#top .av-special-heading.av-l6cj6l1g-82a4a9a0415b0a4c79a927a0a6b8004c{\npadding-bottom:10px;\n}\nbody .av-special-heading.av-l6cj6l1g-82a4a9a0415b0a4c79a927a0a6b8004c .av-special-heading-tag .heading-char{\nfont-size:25px;\n}\n.av-special-heading.av-l6cj6l1g-82a4a9a0415b0a4c79a927a0a6b8004c .av-subheading{\nfont-size:15px;\n}\n<\/style>\n<div  class='av-special-heading av-l6cj6l1g-82a4a9a0415b0a4c79a927a0a6b8004c av-special-heading-h1 blockquote modern-quote  avia-builder-el-1  el_before_av_image  avia-builder-el-first '><h1 class='av-special-heading-tag '  itemprop=\"headline\"  >Agua<\/h1><div class=\"special-heading-border\"><div class=\"special-heading-inner-border\"><\/div><\/div><\/div><br \/>\n\n<style type=\"text\/css\" data-created_by=\"avia_inline_auto\" id=\"style-css-av-l8ko8hv3-cb437921ebfabe68b8bed97f36e2beec\">\n.avia-image-container.av-l8ko8hv3-cb437921ebfabe68b8bed97f36e2beec img.avia_image{\nbox-shadow:none;\n}\n.avia-image-container.av-l8ko8hv3-cb437921ebfabe68b8bed97f36e2beec .av-image-caption-overlay-center{\ncolor:#ffffff;\n}\n<\/style>\n<div  class='avia-image-container av-l8ko8hv3-cb437921ebfabe68b8bed97f36e2beec av-styling- avia-align-center  avia-builder-el-2  el_after_av_heading  el_before_av_textblock '   itemprop=\"image\" itemscope=\"itemscope\" itemtype=\"https:\/\/schema.org\/ImageObject\" ><div class=\"avia-image-container-inner\"><div class=\"avia-image-overlay-wrap\"><img decoding=\"async\" fetchpriority=\"high\" class='wp-image-130485 avia-img-lazy-loading-not-130485 avia_image ' src=\"https:\/\/attra.ncat.org\/wp-content\/uploads\/2022\/09\/S4W-Film-Montana-Green-1269x430.jpg\" alt='A stream runs through a Montana field' title='S4W Film Montana Green'  height=\"430\" width=\"1269\"  itemprop=\"thumbnailUrl\"  \/><\/div><\/div><\/div><br \/>\n<section  class='av_textblock_section av-l6cjdb0z-1057b185fab54c52be0ca1a2759e9fa9 '   itemscope=\"itemscope\" itemtype=\"https:\/\/schema.org\/CreativeWork\" ><div class='avia_textblock'  itemprop=\"text\" ><p><span data-contrast=\"auto\">La agricultura nutre la vida, y todo ser vivo necesita agua. Las granjas y ranchos sostenibles usan el agua de manera inteligente y responsable: no desperdici\u00e1ndola ni contamin\u00e1ndola, recicl\u00e1ndola, preparando los suelos para recibirla y mantenerla sin erosi\u00f3n ni escorrent\u00eda, escalando las operaciones de cultivos y ganado a los suministros de agua disponibles, compartiendo agua con los vecinos y la vida silvestre, no agotando o degradando arroyos y acu\u00edferos, y construyendo resiliencia a las sequ\u00edas e inundaciones. <\/span><\/p>\n<p><span data-contrast=\"auto\">En primer lugar, las granjas y ranchos sostenibles cuidan su suelo, llevando la &#8220;esponja del suelo&#8221; a su m\u00e1ximo potencial para absorber agua. Un suelo sano, bien estructurado y rico en materia org\u00e1nica, resiste la erosi\u00f3n y puede atrapar y retener cientos de miles de galones de agua por acre, mucho m\u00e1s que el suelo da\u00f1ado o insalubre.<\/span><\/p>\n<p><span data-contrast=\"auto\">Los recursos pr\u00e1cticos de ATTRA en esta secci\u00f3n cubren todos los aspectos del uso responsable del agua: crear suelos eficientes en cuanto a la humedad, gestionar el suelo para obtener agua, monitorear los niveles de humedad del suelo, proteger la calidad del agua, crear humedales, satisfacer las necesidades de agua del ganado, regar de manera eficiente, reducir las p\u00e9rdidas de agua debido a la evaporaci\u00f3n, proteger las \u00e1reas ribere\u00f1as, prevenir la escorrent\u00eda y la erosi\u00f3n del suelo, y planificar cultivos y pastos tolerantes a la sequ\u00eda. <\/span><\/p>\n<\/div><\/section><\/p><\/div>\n<div  class='flex_column av-178zkrn0-99fad0b5e0f6abab1be0476249ce31f0 av_one_fourth  avia-builder-el-4  el_after_av_three_fourth  el_before_av_one_full  flex_column_div  '     ><p>\n<style type=\"text\/css\" data-created_by=\"avia_inline_auto\" id=\"style-css-av-l6cj7mj6-420c37c3d9ced9ba0aac15936e913f62\">\n#top .av-special-heading.av-l6cj7mj6-420c37c3d9ced9ba0aac15936e913f62{\npadding-bottom:10px;\n}\nbody .av-special-heading.av-l6cj7mj6-420c37c3d9ced9ba0aac15936e913f62 .av-special-heading-tag .heading-char{\nfont-size:25px;\n}\n.av-special-heading.av-l6cj7mj6-420c37c3d9ced9ba0aac15936e913f62 .av-subheading{\nfont-size:15px;\n}\n<\/style>\n<div  class='av-special-heading av-l6cj7mj6-420c37c3d9ced9ba0aac15936e913f62 av-special-heading-h2 blockquote modern-quote  avia-builder-el-5  el_before_av_image  avia-builder-el-first '><h2 class='av-special-heading-tag '  itemprop=\"headline\"  >Temas relacionados<\/h2><div class=\"special-heading-border\"><div class=\"special-heading-inner-border\"><\/div><\/div><\/div><br \/>\n\n<style type=\"text\/css\" data-created_by=\"avia_inline_auto\" id=\"style-css-av-l75aaps3-43f37b934b7f06fc8f9f746827ae481c\">\n.avia-image-container.av-l75aaps3-43f37b934b7f06fc8f9f746827ae481c img.avia_image{\nbox-shadow:none;\n}\n.avia-image-container.av-l75aaps3-43f37b934b7f06fc8f9f746827ae481c .av-caption-image-overlay-bg{\nopacity:0.1;\nbackground-color:#000000;\n}\n.avia-image-container.av-l75aaps3-43f37b934b7f06fc8f9f746827ae481c .av-image-caption-overlay-center{\ncolor:#ffffff;\nfont-size:25px;\n}\n<\/style>\n<div  class='avia-image-container av-l75aaps3-43f37b934b7f06fc8f9f746827ae481c av-styling- av-img-linked avia-align-center  avia-builder-el-6  el_after_av_heading  avia-builder-el-last  noHover av-overlay-hover-deactivate'   itemprop=\"image\" itemscope=\"itemscope\" itemtype=\"https:\/\/schema.org\/ImageObject\" ><div class=\"avia-image-container-inner\"><div class=\"avia-image-overlay-wrap\"><a href=\"https:\/\/attra.ncat.org\/es\/suelo\/\" class='avia_image '  aria-label='Healthy soil and hands, USDA Flickr'><div class=\"av-image-caption-overlay\"><div class=\"av-caption-image-overlay-bg\"><\/div><div class=\"av-image-caption-overlay-position\"><div class=\"av-image-caption-overlay-center\"><p>SUELO<\/p>\n<\/div><\/div><\/div><img decoding=\"async\" fetchpriority=\"high\" class='wp-image-123278 avia-img-lazy-loading-not-123278 avia_image ' src=\"https:\/\/attra.ncat.org\/wp-content\/uploads\/2022\/04\/48935484668_b4391f79b5_k-350x233.jpg\" alt='' title='Healthy soil and hands, USDA Flickr'  height=\"233\" width=\"350\"  itemprop=\"thumbnailUrl\" srcset=\"https:\/\/attra.ncat.org\/wp-content\/uploads\/2022\/04\/48935484668_b4391f79b5_k-350x233.jpg 350w, https:\/\/attra.ncat.org\/wp-content\/uploads\/2022\/04\/48935484668_b4391f79b5_k-1030x686.jpg 1030w, https:\/\/attra.ncat.org\/wp-content\/uploads\/2022\/04\/48935484668_b4391f79b5_k-768x512.jpg 768w, https:\/\/attra.ncat.org\/wp-content\/uploads\/2022\/04\/48935484668_b4391f79b5_k-1536x1024.jpg 1536w, https:\/\/attra.ncat.org\/wp-content\/uploads\/2022\/04\/48935484668_b4391f79b5_k-1500x1000.jpg 1500w, https:\/\/attra.ncat.org\/wp-content\/uploads\/2022\/04\/48935484668_b4391f79b5_k-705x470.jpg 705w, https:\/\/attra.ncat.org\/wp-content\/uploads\/2022\/04\/48935484668_b4391f79b5_k.jpg 2048w\" sizes=\"(max-width: 350px) 100vw, 350px\" \/><\/a><\/div><\/div><\/div><\/p><\/div><div  class='flex_column av-ecje9rg-d0c95aaa013c2c934e638bbe6f10584e av_one_full  avia-builder-el-7  el_after_av_one_fourth  avia-builder-el-last  first flex_column_div  column-top-margin'     ><div  data-slideshow-options=\"{&quot;animation&quot;:&quot;fade&quot;,&quot;autoplay&quot;:false,&quot;loop_autoplay&quot;:&quot;once&quot;,&quot;interval&quot;:5,&quot;loop_manual&quot;:&quot;manual-endless&quot;,&quot;autoplay_stopper&quot;:false,&quot;noNavigation&quot;:false,&quot;show_slide_delay&quot;:90}\" class='avia-content-slider avia-content-grid-active avia-content-slider1 avia-content-slider-even  avia-builder-el-8  avia-builder-el-no-sibling  av-slideshow-ui av-control-default   av-no-slider-navigation av-slideshow-manual av-loop-once av-loop-manual-endless '  itemscope=\"itemscope\" itemtype=\"https:\/\/schema.org\/Blog\" ><div class=\"avia-content-slider-inner\"><div class=\"slide-entry-wrap\"><article class='slide-entry flex_column  post-entry post-entry-134999 slide-entry-overview slide-loop-1 slide-parity-odd  post-entry-last  av_one_fourth first real-thumbnail posttype-page post-format-standard'  itemscope=\"itemscope\" itemtype=\"https:\/\/schema.org\/CreativeWork\" ><a href='https:\/\/attra.ncat.org\/es\/temas\/agua\/' data-rel='slide-1' class='slide-image' title='Agua'><img decoding=\"async\" fetchpriority=\"high\" width=\"260\" height=\"185\" src=\"https:\/\/attra.ncat.org\/wp-content\/uploads\/2022\/08\/Drought-260x185.png\" class=\"wp-image-126841 avia-img-lazy-loading-not-126841 attachment-portfolio_small size-portfolio_small wp-post-image\" alt=\"Dry, cracked earth\" \/><\/a><div class=\"slide-content\"><header class=\"entry-content-header\" aria-label=\"Slide: Agua\"><h3 class='slide-entry-title entry-title '  itemprop=\"headline\" ><a href='https:\/\/attra.ncat.org\/es\/temas\/agua\/' title='Agua'>Agua<\/a><\/h3><span class=\"av-vertical-delimiter\"><\/span><\/header><div class='slide-entry-excerpt entry-content'  itemprop=\"text\" ><div class=\"read-more-link\"><a href=\"https:\/\/attra.ncat.org\/es\/temas\/agua\/\" class=\"more-link\">Leer m\u00e1s<span class='more-link-arrow avia-svg-icon avia-font-svg_entypo-fontello' data-av_svg_icon='right-open-big' data-av_iconset='svg_entypo-fontello'><svg version=\"1.1\" xmlns=\"http:\/\/www.w3.org\/2000\/svg\" width=\"15\" height=\"32\" viewBox=\"0 0 15 32\" preserveAspectRatio=\"xMidYMid meet\" role=\"graphics-symbol\" aria-hidden=\"true\">\n<path d=\"M0.416 27.84l11.456-11.84-11.456-11.904q-0.832-0.832 0-1.536 0.832-0.832 1.536 0l12.544 12.608q0.768 0.832 0 1.6l-12.544 12.608q-0.704 0.832-1.536 0-0.832-0.704 0-1.536z\"><\/path>\n<\/svg><\/span><\/a><\/div><\/div><\/div><footer class=\"entry-footer\"><\/footer><span class='hidden'>\n\t\t\t\t<span class='av-structured-data'  itemprop=\"image\" itemscope=\"itemscope\" itemtype=\"https:\/\/schema.org\/ImageObject\" >\n\t\t\t\t\t\t<span itemprop='url'>https:\/\/attra.ncat.org\/wp-content\/uploads\/2022\/08\/Drought.png<\/span>\n\t\t\t\t\t\t<span itemprop='height'>350<\/span>\n\t\t\t\t\t\t<span itemprop='width'>350<\/span>\n\t\t\t\t<\/span>\n\t\t\t\t<span class='av-structured-data'  itemprop=\"publisher\" itemtype=\"https:\/\/schema.org\/Organization\" itemscope=\"itemscope\" >\n\t\t\t\t\t\t<span itemprop='name'>NCAT IT<\/span>\n\t\t\t\t\t\t<span itemprop='logo' itemscope itemtype='https:\/\/schema.org\/ImageObject'>\n\t\t\t\t\t\t\t<span itemprop='url'>\/wp-content\/uploads\/2022\/12\/ATTRAlogo-RGB-espanol-lg.png<\/span>\n\t\t\t\t\t\t<\/span>\n\t\t\t\t<\/span><span class='av-structured-data'  itemprop=\"author\" itemscope=\"itemscope\" itemtype=\"https:\/\/schema.org\/Person\" ><span itemprop='name'>NCAT IT<\/span><\/span><span class='av-structured-data'  itemprop=\"datePublished\" datetime=\"2018-09-27T15:44:30-05:00\" >2018-09-27 15:44:30<\/span><span class='av-structured-data'  itemprop=\"dateModified\" itemtype=\"https:\/\/schema.org\/dateModified\" >2025-10-01 11:59:14<\/span><span class='av-structured-data'  itemprop=\"mainEntityOfPage\" itemtype=\"https:\/\/schema.org\/mainEntityOfPage\" ><span itemprop='name'>Agua<\/span><\/span><\/span><\/article><\/div><\/div><\/div><\/div><\/p>\n","protected":false},"excerpt":{"rendered":"","protected":false},"author":1,"featured_media":126841,"parent":134364,"menu_order":0,"comment_status":"closed","ping_status":"closed","template":"","meta":{"_acf_changed":false,"_price":"","_stock":"","_tribe_ticket_header":"","_tribe_default_ticket_provider":"","_tribe_ticket_capacity":"0","_ticket_start_date":"","_ticket_end_date":"","_tribe_ticket_show_description":"","_tribe_ticket_show_not_going":false,"_tribe_ticket_use_global_stock":"","_tribe_ticket_global_stock_level":"","_global_stock_mode":"","_global_stock_cap":"","_tribe_rsvp_for_event":"","_tribe_ticket_going_count":"","_tribe_ticket_not_going_count":"","_tribe_tickets_list":"[]","_tribe_ticket_has_attendee_info_fields":false,"footnotes":"","beyondwords_generate_audio":"0","beyondwords_integration_method":"","beyondwords_project_id":"","beyondwords_content_id":"","beyondwords_preview_token":"","beyondwords_player_content":"","beyondwords_player_style":"standard","beyondwords_language_code":"en_US","beyondwords_language_id":"","beyondwords_title_voice_id":"776","beyondwords_body_voice_id":"776","beyondwords_summary_voice_id":"776","beyondwords_error_message":"","beyondwords_disabled":"","beyondwords_delete_content":"","beyondwords_podcast_id":"","beyondwords_hash":"","publish_post_to_speechkit":"","speechkit_hash":"","speechkit_generate_audio":"","speechkit_project_id":"","speechkit_podcast_id":"","speechkit_error_message":"","speechkit_disabled":"","speechkit_access_key":"","speechkit_error":"","speechkit_info":"","speechkit_response":"","speechkit_retries":"","speechkit_status":"","speechkit_updated_at":"","_speechkit_link":"","_speechkit_text":"","_tec_slr_enabled":"","_tec_slr_layout":""},"categories":[118],"tags":[1350,1736,191],"class_list":["post-134999","page","type-page","status-publish","has-post-thumbnail","hentry","category-soil","tag-soil","tag-suelo-es","tag-water"],"acf":[],"publishpress_future_workflow_manual_trigger":{"enabledWorkflows":[]},"distributor_meta":false,"distributor_terms":false,"distributor_media":false,"distributor_original_site_name":"ATTRA - Agricultura Sustentable","distributor_original_site_url":"https:\/\/attra.ncat.org\/es\/","push-errors":false,"ticketed":false,"_links":{"self":[{"href":"https:\/\/attra.ncat.org\/es\/wp-json\/wp\/v2\/pages\/134999","targetHints":{"allow":["GET"]}}],"collection":[{"href":"https:\/\/attra.ncat.org\/es\/wp-json\/wp\/v2\/pages"}],"about":[{"href":"https:\/\/attra.ncat.org\/es\/wp-json\/wp\/v2\/types\/page"}],"author":[{"embeddable":true,"href":"https:\/\/attra.ncat.org\/es\/wp-json\/wp\/v2\/users\/1"}],"replies":[{"embeddable":true,"href":"https:\/\/attra.ncat.org\/es\/wp-json\/wp\/v2\/comments?post=134999"}],"version-history":[{"count":20,"href":"https:\/\/attra.ncat.org\/es\/wp-json\/wp\/v2\/pages\/134999\/revisions"}],"predecessor-version":[{"id":178268,"href":"https:\/\/attra.ncat.org\/es\/wp-json\/wp\/v2\/pages\/134999\/revisions\/178268"}],"up":[{"embeddable":true,"href":"https:\/\/attra.ncat.org\/es\/wp-json\/wp\/v2\/pages\/134364"}],"wp:featuredmedia":[{"embeddable":true,"href":"https:\/\/attra.ncat.org\/es\/wp-json\/wp\/v2\/media\/126841"}],"wp:attachment":[{"href":"https:\/\/attra.ncat.org\/es\/wp-json\/wp\/v2\/media?parent=134999"}],"wp:term":[{"taxonomy":"category","embeddable":true,"href":"https:\/\/attra.ncat.org\/es\/wp-json\/wp\/v2\/categories?post=134999"},{"taxonomy":"post_tag","embeddable":true,"href":"https:\/\/attra.ncat.org\/es\/wp-json\/wp\/v2\/tags?post=134999"}],"curies":[{"name":"wp","href":"https:\/\/api.w.org\/{rel}","templated":true}]}}