

{"id":135029,"date":"2018-09-28T17:36:31","date_gmt":"2018-09-28T22:36:31","guid":{"rendered":"https:\/\/attra.ncat.org\/temas\/fibra\/"},"modified":"2023-07-10T15:02:15","modified_gmt":"2023-07-10T20:02:15","slug":"fibra","status":"publish","type":"page","link":"https:\/\/attra.ncat.org\/es\/temas\/fibra\/","title":{"rendered":"Fibra"},"content":{"rendered":"<div  class='flex_column av-1bfdwqy4-e6e7ba9dc7dde5e3766e346eace54df0 av_three_fourth  avia-builder-el-0  el_before_av_one_fourth  avia-builder-el-first  first flex_column_div  '     ><p>\n<style type=\"text\/css\" data-created_by=\"avia_inline_auto\" id=\"style-css-av-l6cj6l1g-3e2d9cec07eb5445fda0be05ed258628\">\n#top .av-special-heading.av-l6cj6l1g-3e2d9cec07eb5445fda0be05ed258628{\npadding-bottom:10px;\n}\nbody .av-special-heading.av-l6cj6l1g-3e2d9cec07eb5445fda0be05ed258628 .av-special-heading-tag .heading-char{\nfont-size:25px;\n}\n.av-special-heading.av-l6cj6l1g-3e2d9cec07eb5445fda0be05ed258628 .av-subheading{\nfont-size:15px;\n}\n<\/style>\n<div  class='av-special-heading av-l6cj6l1g-3e2d9cec07eb5445fda0be05ed258628 av-special-heading-h1 blockquote modern-quote  avia-builder-el-1  el_before_av_textblock  avia-builder-el-first '><h1 class='av-special-heading-tag '  itemprop=\"headline\"  >Fibra<\/h1><div class=\"special-heading-border\"><div class=\"special-heading-inner-border\"><\/div><\/div><\/div><br \/>\n<section  class='av_textblock_section av-l6cjdb0z-1057b185fab54c52be0ca1a2759e9fa9 '   itemscope=\"itemscope\" itemtype=\"https:\/\/schema.org\/CreativeWork\" ><div class='avia_textblock'  itemprop=\"text\" ><p><span data-contrast=\"auto\">Si bien la mayor parte de la agricultura est\u00e1 orientada a la producci\u00f3n de alimentos, tambi\u00e9n hay oportunidades crecientes en la producci\u00f3n y procesamiento de fibra natural para su uso en textiles, materiales de construcci\u00f3n, papel y fabricaci\u00f3n. Las Am\u00e9ricas representan alrededor del 50% de la producci\u00f3n mundial de fibra. Las valiosas fibras animales se pueden cosechar de manera humana y sostenible de ovejas, cabras, cam\u00e9lidos, bisontes, bueyes almizcleros, yaks, conejos e incluso mascotas dom\u00e9sticas.  <\/span><\/p>\n<p><span data-contrast=\"auto\">Los gusanos de seda se pueden cultivar, y la artesan\u00eda silvestre responsable de plantas nativas, como ortigas, dogbane y yuca, puede producir fibra para art\u00edculos artesanales de alto valor. El algod\u00f3n es el cultivo de fibra vegetal m\u00e1s conocido en los Estados Unidos, pero el c\u00e1\u00f1amo y el lino est\u00e1n recuperando popularidad a medida que los consumidores conscientes del clima se alejan de las fibras a base de petr\u00f3leo. Los artesanos nativos americanos cuidan cuidadosamente sauces, tules y varios pastos fuertes como fibra para cester\u00eda y art\u00edculos tejidos. El bamb\u00fa, los \u00e1lamos, los pinos y otras especies de \u00e1rboles de r\u00e1pido crecimiento se pueden gestionar para la producci\u00f3n sostenible de productos de papel y materiales de construcci\u00f3n y fabricaci\u00f3n. El cultivo de plantas que producen tintes naturales, como el \u00edndigo y el madder, es un nicho de mercado en crecimiento. Y esas c\u00e1scaras de nogal desordenadas debajo de sus \u00e1rboles de nueces, as\u00ed como muchas plantas de malezas en zanjas, son fuentes potentes y potencialmente rentables de tintes naturales.<\/span><span data-ccp-props=\"{\"> <\/span><\/p>\n<p><span data-contrast=\"auto\">La fibra y los cultivos relacionados pueden proporcionar un flujo de ingresos suplementario o incluso primario para los productores. La mayor\u00eda de los cultivos de fibra tambi\u00e9n producen subproductos \u00fatiles para otros fines, como alimentos o medicamentos para personas y ganado, combustible para calefacci\u00f3n o excelentes materiales de compost para desarrollar la salud y la resiliencia del suelo. Los residuos de fibra de c\u00e1\u00f1amo son una alternativa de mantillo altamente efectiva y biodegradable a las barreras pl\u00e1sticas de malezas y las cubiertas de hileras.<\/span><span data-ccp-props=\"{\"> <\/span><\/p>\n<p><span data-contrast=\"auto\">La producci\u00f3n de fibra ha sido una parte importante de la agricultura a lo largo de la historia humana, y ahora m\u00e1s que nunca, hay valor en repensar los sistemas de fibra locales y sostenibles, incluso cuando lo hacemos para los alimentos. Consulte los recursos pr\u00e1cticos de ATTRA a continuaci\u00f3n para comenzar con su empresa de fibra.<\/span><span data-ccp-props=\"{\"> <\/span><\/p>\n<\/div><\/section><\/p><\/div>\n<div  class='flex_column av-178zkrn0-99fad0b5e0f6abab1be0476249ce31f0 av_one_fourth  avia-builder-el-3  el_after_av_three_fourth  el_before_av_one_full  flex_column_div  '     ><p>\n<style type=\"text\/css\" data-created_by=\"avia_inline_auto\" id=\"style-css-av-l6cj7mj6-420c37c3d9ced9ba0aac15936e913f62\">\n#top .av-special-heading.av-l6cj7mj6-420c37c3d9ced9ba0aac15936e913f62{\npadding-bottom:10px;\n}\nbody .av-special-heading.av-l6cj7mj6-420c37c3d9ced9ba0aac15936e913f62 .av-special-heading-tag .heading-char{\nfont-size:25px;\n}\n.av-special-heading.av-l6cj7mj6-420c37c3d9ced9ba0aac15936e913f62 .av-subheading{\nfont-size:15px;\n}\n<\/style>\n<div  class='av-special-heading av-l6cj7mj6-420c37c3d9ced9ba0aac15936e913f62 av-special-heading-h2 blockquote modern-quote  avia-builder-el-4  el_before_av_image  avia-builder-el-first '><h2 class='av-special-heading-tag '  itemprop=\"headline\"  >Temas relacionados<\/h2><div class=\"special-heading-border\"><div class=\"special-heading-inner-border\"><\/div><\/div><\/div><br \/>\n\n<style type=\"text\/css\" data-created_by=\"avia_inline_auto\" id=\"style-css-av-l75aaps3-95c63385e6be66d55dbf9ddfdbb4c8f0\">\n.avia-image-container.av-l75aaps3-95c63385e6be66d55dbf9ddfdbb4c8f0 img.avia_image{\nbox-shadow:none;\n}\n.avia-image-container.av-l75aaps3-95c63385e6be66d55dbf9ddfdbb4c8f0 .av-caption-image-overlay-bg{\nopacity:0.1;\nbackground-color:#000000;\n}\n.avia-image-container.av-l75aaps3-95c63385e6be66d55dbf9ddfdbb4c8f0 .av-image-caption-overlay-center{\ncolor:#ffffff;\nfont-size:25px;\n}\n<\/style>\n<div  class='avia-image-container av-l75aaps3-95c63385e6be66d55dbf9ddfdbb4c8f0 av-styling- av-img-linked avia-align-center  avia-builder-el-5  el_after_av_heading  el_before_av_image  noHover av-overlay-hover-deactivate'   itemprop=\"image\" itemscope=\"itemscope\" itemtype=\"https:\/\/schema.org\/ImageObject\" ><div class=\"avia-image-container-inner\"><div class=\"avia-image-overlay-wrap\"><a href=\"https:\/\/attra.ncat.org\/topics\/hemp\/\" class='avia_image '  aria-label='hemp'><div class=\"av-image-caption-overlay\"><div class=\"av-caption-image-overlay-bg\"><\/div><div class=\"av-image-caption-overlay-position\"><div class=\"av-image-caption-overlay-center\"><p>HEMP<\/p>\n<\/div><\/div><\/div><img decoding=\"async\" fetchpriority=\"high\" class='wp-image-128881 avia-img-lazy-loading-not-128881 avia_image ' src=\"https:\/\/attra.ncat.org\/wp-content\/uploads\/2022\/09\/hemp.png\" alt='' title='hemp'  height=\"500\" width=\"500\"  itemprop=\"thumbnailUrl\" srcset=\"https:\/\/attra.ncat.org\/wp-content\/uploads\/2022\/09\/hemp.png 500w, https:\/\/attra.ncat.org\/wp-content\/uploads\/2022\/09\/hemp-350x350.png 350w, https:\/\/attra.ncat.org\/wp-content\/uploads\/2022\/09\/hemp-80x80.png 80w, https:\/\/attra.ncat.org\/wp-content\/uploads\/2022\/09\/hemp-36x36.png 36w, https:\/\/attra.ncat.org\/wp-content\/uploads\/2022\/09\/hemp-180x180.png 180w\" sizes=\"(max-width: 500px) 100vw, 500px\" \/><\/a><\/div><\/div><\/div><br \/>\n\n<style type=\"text\/css\" data-created_by=\"avia_inline_auto\" id=\"style-css-av-l83kuqmx-f93c0f0fa658e78a3c62913559ecac36\">\n.avia-image-container.av-l83kuqmx-f93c0f0fa658e78a3c62913559ecac36 img.avia_image{\nbox-shadow:none;\n}\n.avia-image-container.av-l83kuqmx-f93c0f0fa658e78a3c62913559ecac36 .av-caption-image-overlay-bg{\nopacity:0.1;\nbackground-color:#000000;\n}\n.avia-image-container.av-l83kuqmx-f93c0f0fa658e78a3c62913559ecac36 .av-image-caption-overlay-center{\ncolor:#ffffff;\nfont-size:25px;\n}\n<\/style>\n<div  class='avia-image-container av-l83kuqmx-f93c0f0fa658e78a3c62913559ecac36 av-styling- av-img-linked avia-align-center  avia-builder-el-6  el_after_av_image  el_before_av_heading  noHover av-overlay-hover-deactivate'   itemprop=\"image\" itemscope=\"itemscope\" itemtype=\"https:\/\/schema.org\/ImageObject\" ><div class=\"avia-image-container-inner\"><div class=\"avia-image-overlay-wrap\"><a href=\"https:\/\/attra.ncat.org\/es\/temas\/ovejas-y-cabras\/\" class='avia_image '  aria-label='Sheep'><div class=\"av-image-caption-overlay\"><div class=\"av-caption-image-overlay-bg\"><\/div><div class=\"av-image-caption-overlay-position\"><div class=\"av-image-caption-overlay-center\"><p>OVEJAS Y CABRAS<\/p>\n<\/div><\/div><\/div><img decoding=\"async\" fetchpriority=\"high\" class='wp-image-128705 avia-img-lazy-loading-not-128705 avia_image ' src=\"https:\/\/attra.ncat.org\/wp-content\/uploads\/2022\/09\/Sheep.png\" alt='Sheep walking through a wooded area' title='Sheep'  height=\"600\" width=\"600\"  itemprop=\"thumbnailUrl\" srcset=\"https:\/\/attra.ncat.org\/wp-content\/uploads\/2022\/09\/Sheep.png 600w, https:\/\/attra.ncat.org\/wp-content\/uploads\/2022\/09\/Sheep-350x350.png 350w, https:\/\/attra.ncat.org\/wp-content\/uploads\/2022\/09\/Sheep-80x80.png 80w, https:\/\/attra.ncat.org\/wp-content\/uploads\/2022\/09\/Sheep-36x36.png 36w, https:\/\/attra.ncat.org\/wp-content\/uploads\/2022\/09\/Sheep-180x180.png 180w\" sizes=\"(max-width: 600px) 100vw, 600px\" \/><\/a><\/div><\/div><\/div><br \/>\n\n<style type=\"text\/css\" data-created_by=\"avia_inline_auto\" id=\"style-css-av-5jfoxrc-657c4786b53f216a4bde1843fc50dd3b\">\n#top .av-special-heading.av-5jfoxrc-657c4786b53f216a4bde1843fc50dd3b{\npadding-bottom:10px;\n}\nbody .av-special-heading.av-5jfoxrc-657c4786b53f216a4bde1843fc50dd3b .av-special-heading-tag .heading-char{\nfont-size:25px;\n}\n.av-special-heading.av-5jfoxrc-657c4786b53f216a4bde1843fc50dd3b .av-subheading{\nfont-size:15px;\n}\n<\/style>\n<div  class='av-special-heading av-5jfoxrc-657c4786b53f216a4bde1843fc50dd3b av-special-heading-h2 blockquote modern-quote  avia-builder-el-7  el_after_av_image  el_before_av_team_member '><h2 class='av-special-heading-tag '  itemprop=\"headline\"  >Personal Expertos<\/h2><div class=\"special-heading-border\"><div class=\"special-heading-inner-border\"><\/div><\/div><\/div><br \/>\n<section  class='avia-team-member av-l83km1ye-3b6b88e69152b71251441b3a08b3f466  avia-builder-el-8  el_after_av_heading  el_before_av_team_member '  itemscope=\"itemscope\" itemtype=\"https:\/\/schema.org\/Person\" ><div class=\"team-img-container\"><img decoding=\"async\" fetchpriority=\"high\" class='wp-image-121813 avia-img-lazy-loading-not-121813 avia_image avia_image_team' src=\"https:\/\/attra.ncat.org\/wp-content\/uploads\/2020\/06\/coffey_linda_061819-350x350.png\" alt='Linda Coffey'  itemprop=\"image\"   height=\"350\" width=\"350\" srcset=\"https:\/\/attra.ncat.org\/wp-content\/uploads\/2020\/06\/coffey_linda_061819-350x350.png 350w, https:\/\/attra.ncat.org\/wp-content\/uploads\/2020\/06\/coffey_linda_061819-90x90.png 90w, https:\/\/attra.ncat.org\/wp-content\/uploads\/2020\/06\/coffey_linda_061819-36x36.png 36w, https:\/\/attra.ncat.org\/wp-content\/uploads\/2020\/06\/coffey_linda_061819-180x180.png 180w, https:\/\/attra.ncat.org\/wp-content\/uploads\/2020\/06\/coffey_linda_061819.png 500w\" sizes=\"(max-width: 350px) 100vw, 350px\" \/><div class=\"team-social\"><div class=\"team-social-inner\"><span class='hidden av_member_url_markup '  itemprop=\"url\" >https:\/\/attra.ncat.org\/es\/linda-coffey\/<\/span><a href='https:\/\/attra.ncat.org\/es\/linda-coffey\/' class='avia-team-icon av-l83kl2pd-6941452f8ddd871beaa1c3ad5e53f76b avia-iconfont avia-font-entypo-fontello' rel='v:url' data-avia-tooltip=\"Con\u00e9ctate con Linda\"  data-av_icon='\ue840' data-av_iconfont='entypo-fontello' ><\/a><\/div><\/div><\/div><h3 class='team-member-name '  itemprop=\"name\" >Linda Coffey<\/h3><span class='hidden team-member-affiliation'  itemprop=\"affiliation\" >ATTRA - Agricultura Sustentable<\/span><\/section><br \/>\n<section  class='avia-team-member av-l8c5rrif-ab35366a54ccc77104cbedaf5f33d7c5  avia-builder-el-9  el_after_av_team_member  avia-builder-el-last '  itemscope=\"itemscope\" itemtype=\"https:\/\/schema.org\/Person\" ><div class=\"team-img-container\"><img decoding=\"async\" fetchpriority=\"high\" class='wp-image-121920 avia-img-lazy-loading-not-121920 avia_image avia_image_team' src=\"https:\/\/attra.ncat.org\/wp-content\/uploads\/2021\/05\/linda-poole350x350.jpg\" alt='Linda Poole'  itemprop=\"image\"   height=\"350\" width=\"350\" srcset=\"https:\/\/attra.ncat.org\/wp-content\/uploads\/2021\/05\/linda-poole350x350.jpg 350w, https:\/\/attra.ncat.org\/wp-content\/uploads\/2021\/05\/linda-poole350x350-90x90.jpg 90w, https:\/\/attra.ncat.org\/wp-content\/uploads\/2021\/05\/linda-poole350x350-36x36.jpg 36w, https:\/\/attra.ncat.org\/wp-content\/uploads\/2021\/05\/linda-poole350x350-180x180.jpg 180w\" sizes=\"(max-width: 350px) 100vw, 350px\" \/><div class=\"team-social\"><div class=\"team-social-inner\"><span class='hidden av_member_url_markup '  itemprop=\"url\" >https:\/\/attra.ncat.org\/es\/linda-poole-2\/<\/span><a href='https:\/\/attra.ncat.org\/es\/linda-poole-2\/' class='avia-team-icon av-l8c5rqac-7defaf4cb5757966bee8244357219cd4 avia-iconfont avia-font-entypo-fontello' rel='v:url' data-avia-tooltip=\"Con\u00e9ctate con Linda\"  data-av_icon='\ue840' data-av_iconfont='entypo-fontello' ><\/a><\/div><\/div><\/div><h3 class='team-member-name '  itemprop=\"name\" >Linda Poole<\/h3><span class='hidden team-member-affiliation'  itemprop=\"affiliation\" >ATTRA - Agricultura Sustentable<\/span><\/section><\/p><\/div><div  class='flex_column av-ecje9rg-d0c95aaa013c2c934e638bbe6f10584e av_one_full  avia-builder-el-10  el_after_av_one_fourth  avia-builder-el-last  first flex_column_div  column-top-margin'     ><div  data-slideshow-options=\"{&quot;animation&quot;:&quot;fade&quot;,&quot;autoplay&quot;:false,&quot;loop_autoplay&quot;:&quot;once&quot;,&quot;interval&quot;:5,&quot;loop_manual&quot;:&quot;manual-endless&quot;,&quot;autoplay_stopper&quot;:false,&quot;noNavigation&quot;:false,&quot;show_slide_delay&quot;:90}\" class='avia-content-slider avia-content-grid-active avia-content-slider1 avia-content-slider-even  avia-builder-el-11  avia-builder-el-no-sibling  av-slideshow-ui av-control-default   av-no-slider-navigation av-slideshow-manual av-loop-once av-loop-manual-endless '  itemscope=\"itemscope\" itemtype=\"https:\/\/schema.org\/Blog\" ><div class=\"avia-content-slider-inner\"><div class=\"slide-entry-wrap\"><article class='slide-entry flex_column  post-entry post-entry-135029 slide-entry-overview slide-loop-1 slide-parity-odd  av_one_fourth first real-thumbnail posttype-page post-format-standard'  itemscope=\"itemscope\" itemtype=\"https:\/\/schema.org\/CreativeWork\" ><a href='https:\/\/attra.ncat.org\/es\/temas\/fibra\/' data-rel='slide-1' class='slide-image' title='Fibra'><img decoding=\"async\" fetchpriority=\"high\" width=\"260\" height=\"185\" src=\"https:\/\/attra.ncat.org\/wp-content\/uploads\/2022\/09\/Spools-of-Wool-260x185.png\" class=\"wp-image-129116 avia-img-lazy-loading-not-129116 attachment-portfolio_small size-portfolio_small wp-post-image\" alt=\"\" \/><\/a><div class=\"slide-content\"><header class=\"entry-content-header\" aria-label=\"Slide: Fibra\"><h3 class='slide-entry-title entry-title '  itemprop=\"headline\" ><a href='https:\/\/attra.ncat.org\/es\/temas\/fibra\/' title='Fibra'>Fibra<\/a><\/h3><span class=\"av-vertical-delimiter\"><\/span><\/header><\/div><footer class=\"entry-footer\"><\/footer><span class='hidden'>\n\t\t\t\t<span class='av-structured-data'  itemprop=\"image\" itemscope=\"itemscope\" itemtype=\"https:\/\/schema.org\/ImageObject\" >\n\t\t\t\t\t\t<span itemprop='url'>https:\/\/attra.ncat.org\/wp-content\/uploads\/2022\/09\/Spools-of-Wool.png<\/span>\n\t\t\t\t\t\t<span itemprop='height'>400<\/span>\n\t\t\t\t\t\t<span itemprop='width'>400<\/span>\n\t\t\t\t<\/span>\n\t\t\t\t<span class='av-structured-data'  itemprop=\"publisher\" itemtype=\"https:\/\/schema.org\/Organization\" itemscope=\"itemscope\" >\n\t\t\t\t\t\t<span itemprop='name'>NCAT IT<\/span>\n\t\t\t\t\t\t<span itemprop='logo' itemscope itemtype='https:\/\/schema.org\/ImageObject'>\n\t\t\t\t\t\t\t<span itemprop='url'>\/wp-content\/uploads\/2022\/12\/ATTRAlogo-RGB-espanol-lg.png<\/span>\n\t\t\t\t\t\t<\/span>\n\t\t\t\t<\/span><span class='av-structured-data'  itemprop=\"author\" itemscope=\"itemscope\" itemtype=\"https:\/\/schema.org\/Person\" ><span itemprop='name'>NCAT IT<\/span><\/span><span class='av-structured-data'  itemprop=\"datePublished\" datetime=\"2018-09-28T17:36:31-05:00\" >2018-09-28 17:36:31<\/span><span class='av-structured-data'  itemprop=\"dateModified\" itemtype=\"https:\/\/schema.org\/dateModified\" >2023-07-10 15:02:15<\/span><span class='av-structured-data'  itemprop=\"mainEntityOfPage\" itemtype=\"https:\/\/schema.org\/mainEntityOfPage\" ><span itemprop='name'>Fibra<\/span><\/span><\/span><\/article><article class='slide-entry flex_column  post-entry post-entry-134414 slide-entry-overview slide-loop-2 slide-parity-even  post-entry-last  av_one_fourth  real-thumbnail posttype-page post-format-standard'  itemscope=\"itemscope\" itemtype=\"https:\/\/schema.org\/CreativeWork\" ><a href='https:\/\/attra.ncat.org\/es\/ganado\/' data-rel='slide-1' class='slide-image' title='Ganado'><img decoding=\"async\" fetchpriority=\"high\" width=\"260\" height=\"185\" src=\"https:\/\/attra.ncat.org\/wp-content\/uploads\/2022\/09\/sheep-in-cradle-Lauren-holding-hoof-wide-shot-260x185.jpg\" class=\"wp-image-128689 avia-img-lazy-loading-not-128689 attachment-portfolio_small size-portfolio_small wp-post-image\" alt=\"Sheep in a cradle during an ATTRA training\" \/><\/a><div class=\"slide-content\"><header class=\"entry-content-header\" aria-label=\"Slide: Ganado\"><h3 class='slide-entry-title entry-title '  itemprop=\"headline\" ><a href='https:\/\/attra.ncat.org\/es\/ganado\/' title='Ganado'>Ganado<\/a><\/h3><span class=\"av-vertical-delimiter\"><\/span><\/header><\/div><footer class=\"entry-footer\"><\/footer><span class='hidden'>\n\t\t\t\t<span class='av-structured-data'  itemprop=\"image\" itemscope=\"itemscope\" itemtype=\"https:\/\/schema.org\/ImageObject\" >\n\t\t\t\t\t\t<span itemprop='url'>https:\/\/attra.ncat.org\/wp-content\/uploads\/2022\/09\/sheep-in-cradle-Lauren-holding-hoof-wide-shot-scaled.jpg<\/span>\n\t\t\t\t\t\t<span itemprop='height'>1707<\/span>\n\t\t\t\t\t\t<span itemprop='width'>2560<\/span>\n\t\t\t\t<\/span>\n\t\t\t\t<span class='av-structured-data'  itemprop=\"publisher\" itemtype=\"https:\/\/schema.org\/Organization\" itemscope=\"itemscope\" >\n\t\t\t\t\t\t<span itemprop='name'>NCAT IT<\/span>\n\t\t\t\t\t\t<span itemprop='logo' itemscope itemtype='https:\/\/schema.org\/ImageObject'>\n\t\t\t\t\t\t\t<span itemprop='url'>\/wp-content\/uploads\/2022\/12\/ATTRAlogo-RGB-espanol-lg.png<\/span>\n\t\t\t\t\t\t<\/span>\n\t\t\t\t<\/span><span class='av-structured-data'  itemprop=\"author\" itemscope=\"itemscope\" itemtype=\"https:\/\/schema.org\/Person\" ><span itemprop='name'>NCAT IT<\/span><\/span><span class='av-structured-data'  itemprop=\"datePublished\" datetime=\"2018-09-28T17:36:31-05:00\" >2018-08-25 15:24:19<\/span><span class='av-structured-data'  itemprop=\"dateModified\" itemtype=\"https:\/\/schema.org\/dateModified\" >2022-11-15 13:08:26<\/span><span class='av-structured-data'  itemprop=\"mainEntityOfPage\" itemtype=\"https:\/\/schema.org\/mainEntityOfPage\" ><span itemprop='name'>Ganado<\/span><\/span><\/span><\/article><\/div><\/div><\/div><\/div><\/p>\n","protected":false},"excerpt":{"rendered":"","protected":false},"author":1,"featured_media":129116,"parent":134364,"menu_order":0,"comment_status":"closed","ping_status":"closed","template":"","meta":{"_acf_changed":false,"_price":"","_stock":"","_tribe_ticket_header":"","_tribe_default_ticket_provider":"","_tribe_ticket_capacity":"0","_ticket_start_date":"","_ticket_end_date":"","_tribe_ticket_show_description":"","_tribe_ticket_show_not_going":false,"_tribe_ticket_use_global_stock":"","_tribe_ticket_global_stock_level":"","_global_stock_mode":"","_global_stock_cap":"","_tribe_rsvp_for_event":"","_tribe_ticket_going_count":"","_tribe_ticket_not_going_count":"","_tribe_tickets_list":"[]","_tribe_ticket_has_attendee_info_fields":false,"footnotes":"","beyondwords_generate_audio":"","beyondwords_integration_method":"","beyondwords_project_id":"","beyondwords_content_id":"","beyondwords_preview_token":"","beyondwords_player_content":"","beyondwords_player_style":"","beyondwords_language_code":"","beyondwords_language_id":"","beyondwords_title_voice_id":"","beyondwords_body_voice_id":"","beyondwords_summary_voice_id":"","beyondwords_error_message":"","beyondwords_disabled":"","beyondwords_delete_content":"","beyondwords_podcast_id":"","beyondwords_hash":"","publish_post_to_speechkit":"","speechkit_hash":"","speechkit_generate_audio":"","speechkit_project_id":"","speechkit_podcast_id":"","speechkit_error_message":"","speechkit_disabled":"","speechkit_access_key":"","speechkit_error":"","speechkit_info":"","speechkit_response":"","speechkit_retries":"","speechkit_status":"","speechkit_updated_at":"","_speechkit_link":"","_speechkit_text":"","_tec_slr_enabled":"","_tec_slr_layout":""},"categories":[58,57],"tags":[1377,1377,708,708,1522,1380],"class_list":{"0":"post-135029","1":"page","2":"type-page","3":"status-publish","4":"has-post-thumbnail","5":"hentry","6":"category-crops","7":"category-livestock","8":"tag-crops","10":"tag-fiber","12":"tag-ganado-es","13":"tag-livestock"},"acf":[],"publishpress_future_workflow_manual_trigger":{"enabledWorkflows":[]},"distributor_meta":false,"distributor_terms":false,"distributor_media":false,"distributor_original_site_name":"ATTRA - Agricultura Sustentable","distributor_original_site_url":"https:\/\/attra.ncat.org\/es\/","push-errors":false,"ticketed":false,"_links":{"self":[{"href":"https:\/\/attra.ncat.org\/es\/wp-json\/wp\/v2\/pages\/135029","targetHints":{"allow":["GET"]}}],"collection":[{"href":"https:\/\/attra.ncat.org\/es\/wp-json\/wp\/v2\/pages"}],"about":[{"href":"https:\/\/attra.ncat.org\/es\/wp-json\/wp\/v2\/types\/page"}],"author":[{"embeddable":true,"href":"https:\/\/attra.ncat.org\/es\/wp-json\/wp\/v2\/users\/1"}],"replies":[{"embeddable":true,"href":"https:\/\/attra.ncat.org\/es\/wp-json\/wp\/v2\/comments?post=135029"}],"version-history":[{"count":18,"href":"https:\/\/attra.ncat.org\/es\/wp-json\/wp\/v2\/pages\/135029\/revisions"}],"predecessor-version":[{"id":150158,"href":"https:\/\/attra.ncat.org\/es\/wp-json\/wp\/v2\/pages\/135029\/revisions\/150158"}],"up":[{"embeddable":true,"href":"https:\/\/attra.ncat.org\/es\/wp-json\/wp\/v2\/pages\/134364"}],"wp:featuredmedia":[{"embeddable":true,"href":"https:\/\/attra.ncat.org\/es\/wp-json\/wp\/v2\/media\/129116"}],"wp:attachment":[{"href":"https:\/\/attra.ncat.org\/es\/wp-json\/wp\/v2\/media?parent=135029"}],"wp:term":[{"taxonomy":"category","embeddable":true,"href":"https:\/\/attra.ncat.org\/es\/wp-json\/wp\/v2\/categories?post=135029"},{"taxonomy":"post_tag","embeddable":true,"href":"https:\/\/attra.ncat.org\/es\/wp-json\/wp\/v2\/tags?post=135029"}],"curies":[{"name":"wp","href":"https:\/\/api.w.org\/{rel}","templated":true}]}}