

{"id":135030,"date":"2018-09-28T11:37:06","date_gmt":"2018-09-28T16:37:06","guid":{"rendered":"https:\/\/attra.ncat.org\/temas\/vida-silvestre\/"},"modified":"2025-10-01T10:26:37","modified_gmt":"2025-10-01T15:26:37","slug":"vida-silvestre","status":"publish","type":"page","link":"https:\/\/attra.ncat.org\/es\/temas\/vida-silvestre\/","title":{"rendered":"Vida silvestre"},"content":{"rendered":"<div  class='flex_column av-1bfdwqy4-e6e7ba9dc7dde5e3766e346eace54df0 av_three_fourth  avia-builder-el-0  el_before_av_one_fourth  avia-builder-el-first  first flex_column_div  '     ><p>\n<style type=\"text\/css\" data-created_by=\"avia_inline_auto\" id=\"style-css-av-l6cj6l1g-d4ebfbc69769d9643e2b22e130c849e2\">\n#top .av-special-heading.av-l6cj6l1g-d4ebfbc69769d9643e2b22e130c849e2{\npadding-bottom:10px;\n}\nbody .av-special-heading.av-l6cj6l1g-d4ebfbc69769d9643e2b22e130c849e2 .av-special-heading-tag .heading-char{\nfont-size:25px;\n}\n.av-special-heading.av-l6cj6l1g-d4ebfbc69769d9643e2b22e130c849e2 .av-subheading{\nfont-size:15px;\n}\n<\/style>\n<div  class='av-special-heading av-l6cj6l1g-d4ebfbc69769d9643e2b22e130c849e2 av-special-heading-h1 blockquote modern-quote  avia-builder-el-1  el_before_av_image  avia-builder-el-first '><h1 class='av-special-heading-tag '  itemprop=\"headline\"  >Vida silvestre<\/h1><div class=\"special-heading-border\"><div class=\"special-heading-inner-border\"><\/div><\/div><\/div><br \/>\n\n<style type=\"text\/css\" data-created_by=\"avia_inline_auto\" id=\"style-css-av-l8luug6m-5113d16d467d63b3a7e913f15a067805\">\n.avia-image-container.av-l8luug6m-5113d16d467d63b3a7e913f15a067805 img.avia_image{\nbox-shadow:none;\n}\n.avia-image-container.av-l8luug6m-5113d16d467d63b3a7e913f15a067805 .av-image-caption-overlay-center{\ncolor:#ffffff;\n}\n<\/style>\n<div  class='avia-image-container av-l8luug6m-5113d16d467d63b3a7e913f15a067805 av-styling- avia-align-center  avia-builder-el-2  el_after_av_heading  el_before_av_textblock '   itemprop=\"image\" itemscope=\"itemscope\" itemtype=\"https:\/\/schema.org\/ImageObject\" ><div class=\"avia-image-container-inner\"><div class=\"avia-image-overlay-wrap\"><img decoding=\"async\" fetchpriority=\"high\" class='wp-image-130718 avia-img-lazy-loading-not-130718 avia_image ' src=\"https:\/\/attra.ncat.org\/wp-content\/uploads\/2022\/09\/Deer-in-a-field.png\" alt='Deer standing in a field' title='Deer in a field'  height=\"400\" width=\"850\"  itemprop=\"thumbnailUrl\" srcset=\"https:\/\/attra.ncat.org\/wp-content\/uploads\/2022\/09\/Deer-in-a-field.png 850w, https:\/\/attra.ncat.org\/wp-content\/uploads\/2022\/09\/Deer-in-a-field-350x165.png 350w, https:\/\/attra.ncat.org\/wp-content\/uploads\/2022\/09\/Deer-in-a-field-768x361.png 768w, https:\/\/attra.ncat.org\/wp-content\/uploads\/2022\/09\/Deer-in-a-field-705x332.png 705w\" sizes=\"(max-width: 850px) 100vw, 850px\" \/><\/div><\/div><\/div><br \/>\n<section  class='av_textblock_section av-l6cjdb0z-1057b185fab54c52be0ca1a2759e9fa9 '   itemscope=\"itemscope\" itemtype=\"https:\/\/schema.org\/CreativeWork\" ><div class='avia_textblock'  itemprop=\"text\" ><p><span data-contrast=\"auto\">Como administradores de tierras agr\u00edcolas, cultivamos rodeados de innumerables animales salvajes, con los que compartimos nuestra tierra, agua y otros recursos naturales. Algunas especies de vida silvestre son beneficiosas (como los polinizadores o las rapaces que comen saltamontes o campa\u00f1oles), la mayor\u00eda son benignas y algunas pueden ser da\u00f1inas para nuestros cultivos. \u00bfC\u00f3mo podr\u00edamos administrar mejor la tierra para que la vida silvestre pueda florecer al mismo tiempo que lo hacen nuestros negocios?<\/span><\/p>\n<p><span data-contrast=\"auto\">La conservaci\u00f3n del h\u00e1bitat de la vida silvestre puede ofrecer opciones de flujos de ingresos directos para los propietarios de las tierras. El ecoturismo, los programas de estad\u00eda en granjas y la comercializaci\u00f3n de la caza, la observaci\u00f3n de aves, las caminatas de flores silvestres o los fines de semana de artesan\u00eda silvestre son empresas que podr\u00edan generar ingresos para las personas que cultivan con la vida silvestre en mente. Los administradores de tierras pueden calificar para pagos directos por proporcionar h\u00e1bitat de vida silvestre, o puede encontrar socios de conservaci\u00f3n dispuestos a financiar la mejora de tierras que beneficien a la vida silvestre junto con sus productos agr\u00edcolas primarios, como ganado o cultivos en hileras.<\/span><\/p>\n<p><span data-contrast=\"auto\">En esta secci\u00f3n, encontrar\u00e1 recursos pr\u00e1cticos de ATTRA relacionados con el manejo de la vida silvestre en sus tierras.<\/span><\/p>\n<\/div><\/section><\/p><\/div>\n<div  class='flex_column av-178zkrn0-99fad0b5e0f6abab1be0476249ce31f0 av_one_fourth  avia-builder-el-4  el_after_av_three_fourth  el_before_av_one_full  flex_column_div  '     ><p>\n<style type=\"text\/css\" data-created_by=\"avia_inline_auto\" id=\"style-css-av-l6cj7mj6-420c37c3d9ced9ba0aac15936e913f62\">\n#top .av-special-heading.av-l6cj7mj6-420c37c3d9ced9ba0aac15936e913f62{\npadding-bottom:10px;\n}\nbody .av-special-heading.av-l6cj7mj6-420c37c3d9ced9ba0aac15936e913f62 .av-special-heading-tag .heading-char{\nfont-size:25px;\n}\n.av-special-heading.av-l6cj7mj6-420c37c3d9ced9ba0aac15936e913f62 .av-subheading{\nfont-size:15px;\n}\n<\/style>\n<div  class='av-special-heading av-l6cj7mj6-420c37c3d9ced9ba0aac15936e913f62 av-special-heading-h2 blockquote modern-quote  avia-builder-el-5  el_before_av_image  avia-builder-el-first '><h2 class='av-special-heading-tag '  itemprop=\"headline\"  >Temas relacionados<\/h2><div class=\"special-heading-border\"><div class=\"special-heading-inner-border\"><\/div><\/div><\/div><br \/>\n\n<style type=\"text\/css\" data-created_by=\"avia_inline_auto\" id=\"style-css-av-l75aaps3-47cd7247ef40ced5bf3f697f21595362\">\n.avia-image-container.av-l75aaps3-47cd7247ef40ced5bf3f697f21595362 img.avia_image{\nbox-shadow:none;\n}\n.avia-image-container.av-l75aaps3-47cd7247ef40ced5bf3f697f21595362 .av-caption-image-overlay-bg{\nopacity:0.1;\nbackground-color:#000000;\n}\n.avia-image-container.av-l75aaps3-47cd7247ef40ced5bf3f697f21595362 .av-image-caption-overlay-center{\ncolor:#ffffff;\nfont-size:25px;\n}\n<\/style>\n<div  class='avia-image-container av-l75aaps3-47cd7247ef40ced5bf3f697f21595362 av-styling- av-img-linked avia-align-center  avia-builder-el-6  el_after_av_heading  el_before_av_image  noHover av-overlay-hover-deactivate'   itemprop=\"image\" itemscope=\"itemscope\" itemtype=\"https:\/\/schema.org\/ImageObject\" ><div class=\"avia-image-container-inner\"><div class=\"avia-image-overlay-wrap\"><a href=\"https:\/\/attra.ncat.org\/es\/bienestar-del-agricultor\/\" class='avia_image '  aria-label='RS6019_20170614_NCAT_ArmedToFarm_0052'><div class=\"av-image-caption-overlay\"><div class=\"av-caption-image-overlay-bg\"><\/div><div class=\"av-image-caption-overlay-position\"><div class=\"av-image-caption-overlay-center\"><p>GANADO<\/p>\n<\/div><\/div><\/div><img decoding=\"async\" fetchpriority=\"high\" class='wp-image-128468 avia-img-lazy-loading-not-128468 avia_image ' src=\"https:\/\/attra.ncat.org\/wp-content\/uploads\/2022\/09\/RS6019_20170614_NCAT_ArmedToFarm_0052-350x239.jpg\" alt='A goat eats a plant' title='RS6019_20170614_NCAT_ArmedToFarm_0052'  height=\"239\" width=\"350\"  itemprop=\"thumbnailUrl\" srcset=\"https:\/\/attra.ncat.org\/wp-content\/uploads\/2022\/09\/RS6019_20170614_NCAT_ArmedToFarm_0052-350x239.jpg 350w, https:\/\/attra.ncat.org\/wp-content\/uploads\/2022\/09\/RS6019_20170614_NCAT_ArmedToFarm_0052-1030x703.jpg 1030w, https:\/\/attra.ncat.org\/wp-content\/uploads\/2022\/09\/RS6019_20170614_NCAT_ArmedToFarm_0052-768x524.jpg 768w, https:\/\/attra.ncat.org\/wp-content\/uploads\/2022\/09\/RS6019_20170614_NCAT_ArmedToFarm_0052-1536x1048.jpg 1536w, https:\/\/attra.ncat.org\/wp-content\/uploads\/2022\/09\/RS6019_20170614_NCAT_ArmedToFarm_0052-2048x1397.jpg 2048w, https:\/\/attra.ncat.org\/wp-content\/uploads\/2022\/09\/RS6019_20170614_NCAT_ArmedToFarm_0052-1500x1023.jpg 1500w, https:\/\/attra.ncat.org\/wp-content\/uploads\/2022\/09\/RS6019_20170614_NCAT_ArmedToFarm_0052-705x481.jpg 705w\" sizes=\"(max-width: 350px) 100vw, 350px\" \/><\/a><\/div><\/div><\/div><br \/>\n\n<style type=\"text\/css\" data-created_by=\"avia_inline_auto\" id=\"style-css-av-l8c356lj-b4293770368d33cc09e8094e1c27d9bc\">\n.avia-image-container.av-l8c356lj-b4293770368d33cc09e8094e1c27d9bc img.avia_image{\nbox-shadow:none;\n}\n.avia-image-container.av-l8c356lj-b4293770368d33cc09e8094e1c27d9bc .av-caption-image-overlay-bg{\nopacity:0.1;\nbackground-color:#000000;\n}\n.avia-image-container.av-l8c356lj-b4293770368d33cc09e8094e1c27d9bc .av-image-caption-overlay-center{\ncolor:#ffffff;\nfont-size:25px;\n}\n<\/style>\n<div  class='avia-image-container av-l8c356lj-b4293770368d33cc09e8094e1c27d9bc av-styling- av-img-linked avia-align-center  avia-builder-el-7  el_after_av_image  avia-builder-el-last  noHover av-overlay-hover-deactivate'   itemprop=\"image\" itemscope=\"itemscope\" itemtype=\"https:\/\/schema.org\/ImageObject\" ><div class=\"avia-image-container-inner\"><div class=\"avia-image-overlay-wrap\"><a href=\"https:\/\/attra.ncat.org\/topics\/cattle\/\" class='avia_image '  aria-label='Cattle SQUARE'><div class=\"av-image-caption-overlay\"><div class=\"av-caption-image-overlay-bg\"><\/div><div class=\"av-image-caption-overlay-position\"><div class=\"av-image-caption-overlay-center\"><p>CATTLE<\/p>\n<\/div><\/div><\/div><img decoding=\"async\" fetchpriority=\"high\" class='wp-image-128709 avia-img-lazy-loading-not-128709 avia_image ' src=\"https:\/\/attra.ncat.org\/wp-content\/uploads\/2022\/09\/Cattle-SQUARE-350x350.png\" alt='' title='Cattle SQUARE'  height=\"350\" width=\"350\"  itemprop=\"thumbnailUrl\" srcset=\"https:\/\/attra.ncat.org\/wp-content\/uploads\/2022\/09\/Cattle-SQUARE-350x350.png 350w, https:\/\/attra.ncat.org\/wp-content\/uploads\/2022\/09\/Cattle-SQUARE-80x80.png 80w, https:\/\/attra.ncat.org\/wp-content\/uploads\/2022\/09\/Cattle-SQUARE-36x36.png 36w, https:\/\/attra.ncat.org\/wp-content\/uploads\/2022\/09\/Cattle-SQUARE-180x180.png 180w, https:\/\/attra.ncat.org\/wp-content\/uploads\/2022\/09\/Cattle-SQUARE.png 650w\" sizes=\"(max-width: 350px) 100vw, 350px\" \/><\/a><\/div><\/div><\/div><\/p><\/div><div  class='flex_column av-ecje9rg-d0c95aaa013c2c934e638bbe6f10584e av_one_full  avia-builder-el-8  el_after_av_one_fourth  avia-builder-el-last  first flex_column_div  column-top-margin'     ><div  data-slideshow-options=\"{&quot;animation&quot;:&quot;fade&quot;,&quot;autoplay&quot;:false,&quot;loop_autoplay&quot;:&quot;once&quot;,&quot;interval&quot;:5,&quot;loop_manual&quot;:&quot;manual-endless&quot;,&quot;autoplay_stopper&quot;:false,&quot;noNavigation&quot;:false,&quot;show_slide_delay&quot;:90}\" class='avia-content-slider avia-content-grid-active avia-content-slider1 avia-content-slider-even  avia-builder-el-9  avia-builder-el-no-sibling  av-slideshow-ui av-control-default   av-no-slider-navigation av-slideshow-manual av-loop-once av-loop-manual-endless '  itemscope=\"itemscope\" itemtype=\"https:\/\/schema.org\/Blog\" ><div class=\"avia-content-slider-inner\"><div class=\"slide-entry-wrap\"><article class='slide-entry flex_column  post-entry post-entry-134994 slide-entry-overview slide-loop-1 slide-parity-odd  post-entry-last  av_one_fourth first real-thumbnail posttype-page post-format-standard'  itemscope=\"itemscope\" itemtype=\"https:\/\/schema.org\/CreativeWork\" ><a href='https:\/\/attra.ncat.org\/es\/temas\/control-de-depredadores\/' data-rel='slide-1' class='slide-image' title='Control de Depredadores'><img decoding=\"async\" fetchpriority=\"high\" width=\"260\" height=\"185\" src=\"https:\/\/attra.ncat.org\/wp-content\/uploads\/2022\/09\/fox-260x185.png\" class=\"wp-image-128612 avia-img-lazy-loading-not-128612 attachment-portfolio_small size-portfolio_small wp-post-image\" alt=\"Fox\" srcset=\"https:\/\/attra.ncat.org\/wp-content\/uploads\/2022\/09\/fox-260x185.png 260w, https:\/\/attra.ncat.org\/wp-content\/uploads\/2022\/09\/fox-450x321.png 450w\" sizes=\"(max-width: 260px) 100vw, 260px\" \/><\/a><div class=\"slide-content\"><header class=\"entry-content-header\" aria-label=\"Slide: Control de Depredadores\"><h3 class='slide-entry-title entry-title '  itemprop=\"headline\" ><a href='https:\/\/attra.ncat.org\/es\/temas\/control-de-depredadores\/' title='Control de Depredadores'>Control de Depredadores<\/a><\/h3><span class=\"av-vertical-delimiter\"><\/span><\/header><\/div><footer class=\"entry-footer\"><\/footer><span class='hidden'>\n\t\t\t\t<span class='av-structured-data'  itemprop=\"image\" itemscope=\"itemscope\" itemtype=\"https:\/\/schema.org\/ImageObject\" >\n\t\t\t\t\t\t<span itemprop='url'>https:\/\/attra.ncat.org\/wp-content\/uploads\/2022\/09\/fox.png<\/span>\n\t\t\t\t\t\t<span itemprop='height'>450<\/span>\n\t\t\t\t\t\t<span itemprop='width'>450<\/span>\n\t\t\t\t<\/span>\n\t\t\t\t<span class='av-structured-data'  itemprop=\"publisher\" itemtype=\"https:\/\/schema.org\/Organization\" itemscope=\"itemscope\" >\n\t\t\t\t\t\t<span itemprop='name'>NCAT IT<\/span>\n\t\t\t\t\t\t<span itemprop='logo' itemscope itemtype='https:\/\/schema.org\/ImageObject'>\n\t\t\t\t\t\t\t<span itemprop='url'>\/wp-content\/uploads\/2022\/12\/ATTRAlogo-RGB-espanol-lg.png<\/span>\n\t\t\t\t\t\t<\/span>\n\t\t\t\t<\/span><span class='av-structured-data'  itemprop=\"author\" itemscope=\"itemscope\" itemtype=\"https:\/\/schema.org\/Person\" ><span itemprop='name'>NCAT IT<\/span><\/span><span class='av-structured-data'  itemprop=\"datePublished\" datetime=\"2018-09-28T11:37:06-05:00\" >2018-09-26 20:32:17<\/span><span class='av-structured-data'  itemprop=\"dateModified\" itemtype=\"https:\/\/schema.org\/dateModified\" >2025-10-01 11:51:48<\/span><span class='av-structured-data'  itemprop=\"mainEntityOfPage\" itemtype=\"https:\/\/schema.org\/mainEntityOfPage\" ><span itemprop='name'>Control de Depredadores<\/span><\/span><\/span><\/article><\/div><\/div><\/div><\/div><\/p>\n","protected":false},"excerpt":{"rendered":"","protected":false},"author":1,"featured_media":130716,"parent":134364,"menu_order":0,"comment_status":"closed","ping_status":"closed","template":"","meta":{"_acf_changed":false,"_price":"","_stock":"","_tribe_ticket_header":"","_tribe_default_ticket_provider":"","_tribe_ticket_capacity":"0","_ticket_start_date":"","_ticket_end_date":"","_tribe_ticket_show_description":"","_tribe_ticket_show_not_going":false,"_tribe_ticket_use_global_stock":"","_tribe_ticket_global_stock_level":"","_global_stock_mode":"","_global_stock_cap":"","_tribe_rsvp_for_event":"","_tribe_ticket_going_count":"","_tribe_ticket_not_going_count":"","_tribe_tickets_list":"[]","_tribe_ticket_has_attendee_info_fields":false,"footnotes":"","beyondwords_generate_audio":"0","beyondwords_integration_method":"","beyondwords_project_id":"","beyondwords_content_id":"","beyondwords_preview_token":"","beyondwords_player_content":"","beyondwords_player_style":"standard","beyondwords_language_code":"en_US","beyondwords_language_id":"","beyondwords_title_voice_id":"776","beyondwords_body_voice_id":"776","beyondwords_summary_voice_id":"776","beyondwords_error_message":"","beyondwords_disabled":"","beyondwords_delete_content":"","beyondwords_podcast_id":"","beyondwords_hash":"","publish_post_to_speechkit":"","speechkit_hash":"","speechkit_generate_audio":"","speechkit_project_id":"","speechkit_podcast_id":"","speechkit_error_message":"","speechkit_disabled":"","speechkit_access_key":"","speechkit_error":"","speechkit_info":"","speechkit_response":"","speechkit_retries":"","speechkit_status":"","speechkit_updated_at":"","_speechkit_link":"","_speechkit_text":"","_tec_slr_enabled":"","_tec_slr_layout":""},"categories":[],"tags":[1380,612],"class_list":["post-135030","page","type-page","status-publish","has-post-thumbnail","hentry","tag-livestock","tag-wildlife"],"acf":[],"publishpress_future_workflow_manual_trigger":{"enabledWorkflows":[]},"distributor_meta":false,"distributor_terms":false,"distributor_media":false,"distributor_original_site_name":"ATTRA - Agricultura Sustentable","distributor_original_site_url":"https:\/\/attra.ncat.org\/es\/","push-errors":false,"ticketed":false,"_links":{"self":[{"href":"https:\/\/attra.ncat.org\/es\/wp-json\/wp\/v2\/pages\/135030","targetHints":{"allow":["GET"]}}],"collection":[{"href":"https:\/\/attra.ncat.org\/es\/wp-json\/wp\/v2\/pages"}],"about":[{"href":"https:\/\/attra.ncat.org\/es\/wp-json\/wp\/v2\/types\/page"}],"author":[{"embeddable":true,"href":"https:\/\/attra.ncat.org\/es\/wp-json\/wp\/v2\/users\/1"}],"replies":[{"embeddable":true,"href":"https:\/\/attra.ncat.org\/es\/wp-json\/wp\/v2\/comments?post=135030"}],"version-history":[{"count":19,"href":"https:\/\/attra.ncat.org\/es\/wp-json\/wp\/v2\/pages\/135030\/revisions"}],"predecessor-version":[{"id":178243,"href":"https:\/\/attra.ncat.org\/es\/wp-json\/wp\/v2\/pages\/135030\/revisions\/178243"}],"up":[{"embeddable":true,"href":"https:\/\/attra.ncat.org\/es\/wp-json\/wp\/v2\/pages\/134364"}],"wp:featuredmedia":[{"embeddable":true,"href":"https:\/\/attra.ncat.org\/es\/wp-json\/wp\/v2\/media\/130716"}],"wp:attachment":[{"href":"https:\/\/attra.ncat.org\/es\/wp-json\/wp\/v2\/media?parent=135030"}],"wp:term":[{"taxonomy":"category","embeddable":true,"href":"https:\/\/attra.ncat.org\/es\/wp-json\/wp\/v2\/categories?post=135030"},{"taxonomy":"post_tag","embeddable":true,"href":"https:\/\/attra.ncat.org\/es\/wp-json\/wp\/v2\/tags?post=135030"}],"curies":[{"name":"wp","href":"https:\/\/api.w.org\/{rel}","templated":true}]}}