

{"id":135052,"date":"2022-09-29T10:20:51","date_gmt":"2022-09-29T15:20:51","guid":{"rendered":"https:\/\/attra.ncat.org\/temas\/iniciativa-de-salud-del-suelo-subtropical\/"},"modified":"2022-11-04T16:12:40","modified_gmt":"2022-11-04T21:12:40","slug":"iniciativa-de-salud-del-suelo-subtropical","status":"publish","type":"page","link":"https:\/\/attra.ncat.org\/es\/temas\/iniciativa-de-salud-del-suelo-subtropical\/","title":{"rendered":"Iniciativa de la Salud del Suelo Subtropical"},"content":{"rendered":"<div  class='flex_column av-1bfdwqy4-e6e7ba9dc7dde5e3766e346eace54df0 av_three_fourth  avia-builder-el-0  el_before_av_one_fourth  avia-builder-el-first  first flex_column_div  '     ><p>\n<style type=\"text\/css\" data-created_by=\"avia_inline_auto\" id=\"style-css-av-l6cj6l1g-7dc724fdb1d205f3351513493fc4a4a9\">\n#top .av-special-heading.av-l6cj6l1g-7dc724fdb1d205f3351513493fc4a4a9{\npadding-bottom:10px;\n}\nbody .av-special-heading.av-l6cj6l1g-7dc724fdb1d205f3351513493fc4a4a9 .av-special-heading-tag .heading-char{\nfont-size:25px;\n}\n.av-special-heading.av-l6cj6l1g-7dc724fdb1d205f3351513493fc4a4a9 .av-subheading{\nfont-size:15px;\n}\n<\/style>\n<div  class='av-special-heading av-l6cj6l1g-7dc724fdb1d205f3351513493fc4a4a9 av-special-heading-h1 blockquote modern-quote  avia-builder-el-1  el_before_av_textblock  avia-builder-el-first '><h1 class='av-special-heading-tag '  itemprop=\"headline\"  >Iniciativa de la Salud del Suelo Subtropical <\/h1><div class=\"special-heading-border\"><div class=\"special-heading-inner-border\"><\/div><\/div><\/div><br \/>\n<section  class='av_textblock_section av-l6cjdb0z-1057b185fab54c52be0ca1a2759e9fa9 '   itemscope=\"itemscope\" itemtype=\"https:\/\/schema.org\/CreativeWork\" ><div class='avia_textblock'  itemprop=\"text\" ><p>De el 2017 a 2021, NCAT y su socio principal, la Universidad de Texas Rio Grande Valley (UTRGV), estudiaron la efectividad y practicalidad de los cultivos de cobertura y la labranza reducida en \u00e1reas subtropicales, centr\u00e1ndose en el Valle del R\u00edo Grande al sur de Texas: un \u00e1rea con m\u00e1s de 3,000 operadores agr\u00edcolas hispanos. La Iniciativa de Salud del Suelo Subtropical llev\u00f3 a cabo ensayos en las fincas para identificar cultivos de cobertura y pr\u00e1cticas de manejo apropiados a nivel local, desarrollar recomendaciones, y proporcionar asistencia t\u00e9cnica a las granjas del \u00e1rea. A continuaci\u00f3n se presentan los recursos para el uso de cultivos de cobertura en \u00e1reas subtropicales.<\/p>\n<p><em>Este trabajo fue apoyado por el programa de Subvenciones para la Innovaci\u00f3n en la Conservaci\u00f3n del Servicio de Conservaci\u00f3n de Recursos Naturales del USDA, acuerdo # 69-3A75-17-281.<\/em><\/p>\n<\/div><\/section><br \/>\n\n<style type=\"text\/css\" data-created_by=\"avia_inline_auto\" id=\"style-css-av-l8ncz7f0-65033c27118a17d95e2db99d87685c32\">\n#top .hr.hr-invisible.av-l8ncz7f0-65033c27118a17d95e2db99d87685c32{\nheight:30px;\n}\n<\/style>\n<div  class='hr av-l8ncz7f0-65033c27118a17d95e2db99d87685c32 hr-invisible  avia-builder-el-3  el_after_av_textblock  el_before_av_textblock '><span class='hr-inner '><span class=\"hr-inner-style\"><\/span><\/span><\/div><br \/>\n<section  class='av_textblock_section av-l8nb3tvu-48d54f5eceb7c482b55a7191758ea4c7 '   itemscope=\"itemscope\" itemtype=\"https:\/\/schema.org\/CreativeWork\" ><div class='avia_textblock'  itemprop=\"text\" ><h2><strong><span data-contrast=\"auto\">Hojas de consejos para cultivos de cobertura<\/span><\/strong><\/h2>\n<\/div><\/section><br \/>\n<div  class='avia-table av-2rqmyg2v-d883bc6e8fd752fcd126cce4c91e6860 main_color avia-pricing-table-container avia_pricing_default  avia-builder-el-5  el_after_av_textblock  el_before_av_hr  avia-table-1'  itemscope=\"itemscope\" itemtype=\"https:\/\/schema.org\/Table\" ><div class=\"pricing-table-wrap\"><ul class='pricing-table '><li class='avia-heading-row'><div class='first-table-item'>Ingl\u00e9s<\/div><span class='pricing-extra'><\/span><\/li><li class=''><a href=\"\/publication\/butterfly-pea-a-cover-crop-for-hot-and-humid-areas\/\" target=\"_blank\" rel=\"noopener\">Guisante Mariposa<\/a><\/li><li class=''><a href=\"\/publication\/partridge-pea-cover-crop\/\">Guisante Perdiz<\/a><br \/><\/li><li class=''><a href=\"\/publication\/pigeon-pea\/\" target=\"_blank\" rel=\"noopener\">Guand\u00fa<\/a><br \/><\/li><li class=''><a href=\"\/publication\/scarlet-runner-bean-a-cover-crop-for-hot-and-humid-areas\/\" target=\"_blank\" rel=\"noopener\">Frijol Corredor Escarlata<\/a><\/li><li class=''><a href=\"\/publication\/velvet-bean\/\" target=\"_blank\" rel=\"noopener\">Frijol terciopelo<\/a><\/li><\/ul><\/div><div class=\"pricing-table-wrap\"><ul class='pricing-table '><li class='avia-heading-row'><div class='first-table-item'>Espa\u00f1ol<\/div><span class='pricing-extra'><\/span><\/li><li class=''><a href=\"\/publication\/guisante-de-mariposa\/\" target=\"_blank\" rel=\"noopener\">Guisante de Mariposa<\/a><\/li><li class=''><a href=\"\/publication\/guisante-chamecrista\/\" target=\"_blank\" rel=\"noopener\">Guisante Chamaecrista<\/a><\/li><li class=''><a href=\"\/publication\/gandul-cajanus-cajan-un-cultivo-de-cobertura-para-areas-calidas-y-humedas\/\" target=\"_blank\" rel=\"noopener\">Gandul Cajanus Caj\u00e1n<\/a><\/li><li class=''><a href=\"\/publication\/frijol-escarlata\/\" target=\"_blank\" rel=\"noopener\">Frijol Escarlata<\/a><\/li><li class=''><a href=\"\/publication\/frijol-terciopelo-cultivo-de-cobertura-para-areas-calidas-y-humedas\/\" target=\"_blank\" rel=\"noopener\">Frijol Terciopelo Mucuna Pruriens Var Utilis<\/a><\/li><\/ul><\/div><\/div><br \/>\n\n<style type=\"text\/css\" data-created_by=\"avia_inline_auto\" id=\"style-css-av-8y6k8iv-012addb70d580aff801c6250d34e3ce3\">\n#top .hr.hr-invisible.av-8y6k8iv-012addb70d580aff801c6250d34e3ce3{\nheight:30px;\n}\n<\/style>\n<div  class='hr av-8y6k8iv-012addb70d580aff801c6250d34e3ce3 hr-invisible  avia-builder-el-6  el_after_av_table  el_before_av_textblock '><span class='hr-inner '><span class=\"hr-inner-style\"><\/span><\/span><\/div><br \/>\n<section  class='av_textblock_section av-l8nb2mvo-6a3bd166191d8bc7cdef8a492b0650a5 '   itemscope=\"itemscope\" itemtype=\"https:\/\/schema.org\/CreativeWork\" ><div class='avia_textblock'  itemprop=\"text\" ><h2><strong><span data-contrast=\"auto\">V\u00eddeos<\/span><\/strong><\/h2>\n<\/div><\/section><br \/>\n<div  class='avia-table av-ar56wpz-93b01ffc8cee45a39bac7bd2a13ced79 main_color avia-pricing-table-container avia_pricing_default  avia-builder-el-8  el_after_av_textblock  el_before_av_textblock  avia-table-2'  itemscope=\"itemscope\" itemtype=\"https:\/\/schema.org\/Table\" ><div class=\"pricing-table-wrap\"><ul class='pricing-table '><li class='avia-heading-row'><div class='first-table-item'>Ingl\u00e9s<\/div><span class='pricing-extra'><\/span><\/li><li class=''><a href=\"https:\/\/www.youtube.com\/watch?v=oIoLjjc8Wd0&amp;list=PLDu0ElBiEy9zxqmB0ZsZmd8jUXfGIb8Hh&amp;index=3&amp;t=173s\" target=\"_blank\" rel=\"noopener\">Hierro y arcilla Caup\u00ed e inoculaci\u00f3n de cultivos de cobertura<\/a><br \/><\/li><li class=''><a href=\"https:\/\/www.youtube.com\/watch?v=icuxqYF2j6g\" target=\"_blank\" rel=\"noopener\">Guand\u00fa<\/a><br \/><\/li><li class=''><a href=\"https:\/\/www.youtube.com\/watch?v=rKUWFjO4NRI\" target=\"_blank\" rel=\"noopener\">Sorgo-Sudangrass<\/a><\/li><li class=''><a href=\"https:\/\/www.youtube.com\/watch?v=aLvEXS-4w4Q&amp;list=PLDu0ElBiEy9zxqmB0ZsZmd8jUXfGIb8Hh&amp;index=2&amp;t=146s\" target=\"_blank\" rel=\"noopener\">C\u00e1\u00f1amo Sunn (Crotalaria juncea)<\/a><\/li><li class=''><a href=\"https:\/\/www.youtube.com\/watch?v=_ERXyjX0rHI&amp;t=1s\" target=\"_blank\" rel=\"noopener\">Opciones de cultivos de cobertura para zonas c\u00e1lidas y h\u00famedas<\/a><\/li><li class=''><a href=\"https:\/\/www.youtube.com\/watch?v=-aH2El_XptM\" target=\"_blank\" rel=\"noopener\">Cinco beneficios de los cultivos de cobertura <\/a><\/li><li class=''><a href=\"https:\/\/www.youtube.com\/watch?v=jNCNEbLlASA\" target=\"_blank\" rel=\"noopener\">Cultivos de cobertura de leguminosas en el sur de Texas<\/a><\/li><\/ul><\/div><div class=\"pricing-table-wrap\"><ul class='pricing-table '><li class='avia-heading-row'><div class='first-table-item'>Espa\u00f1ol<\/div><span class='pricing-extra'><\/span><\/li><li class=''><a href=\"https:\/\/www.youtube.com\/watch?v=oZryic5Aos8\" target=\"_blank\" rel=\"noopener\">Inoculaci\u00f3n de Caupi de Hierro y Arcilla<\/a><\/li><li class=''><a href=\"https:\/\/www.youtube.com\/watch?v=2cHEUU90pVI\" target=\"_blank\" rel=\"noopener\">Gandules<\/a><\/li><li class=''><a href=\"https:\/\/www.youtube.com\/watch?v=vDoZj6F9AfE\" target=\"_blank\" rel=\"noopener\">Sorgo-Sud\u00e1n<\/a><\/li><li class=''><a href=\"https:\/\/www.youtube.com\/watch?v=zqbzPmRWRok\" target=\"_blank\" rel=\"noopener\">C\u00e1\u00f1amo Sunn<\/a><\/li><li class=''><a href=\"\/transformando-y-diversificando-un-viejo-huerto-de-aguacates\/\" target=\"_blank\" rel=\"noopener\">Diversificando y Revitalizando un Huerto Viejo de Aguacates<\/a><\/li><li class=''><a href=\"\/los-cinco-principios-de-la-salud-del-suelo-version-extendida\/\" target=\"_blank\" rel=\"noopener\">Los Cinco Principios de la Salud del Suelo. Versi\u00f3n extendida<\/a><\/li><li class=' empty-table-cell'><span class='fallback-table-val'><a href=\"https:\/\/www.youtube.com\/watch?v=jNCNEbLlASA\" target=\"_blank\" rel=\"noopener\">Cultivos de cobertura de leguminosas en el sur de Texas<\/a><\/span><\/li><\/ul><\/div><\/div><br \/>\n<section  class='av_textblock_section av-l8nb30e7-8ef85550642ec895476a32dbadd30a11 '   itemscope=\"itemscope\" itemtype=\"https:\/\/schema.org\/CreativeWork\" ><div class='avia_textblock'  itemprop=\"text\" ><h2><strong><span data-contrast=\"auto\">Publicaciones<\/span><\/strong><\/h2>\n<ul>\n<li><a href=\"https:\/\/attra.ncat.org\/es\/publication\/opciones-de-cultivos-de-cobertura-para-zonas-calidas-y-humedas\/\">Opciones de cultivos de cobertura para \u00e1reas c\u00e1lidas y h\u00famedas (ATTRA)<\/a><\/li>\n<li><a href=\"\/publication\/managing-soils-for-water-esp\/\">Los Cinco Principios de la Salud del Suelo (ATTRA)<\/a><\/li>\n<li><a href=\"\/publication\/recursos-federales-de-conservacion-de-tierras-de-trabajo-para-la-agricultura-y-la-ganaderia-sostenibles\/\">Recursos Federales de Conservaci\u00f3n de Tierras de Trabajo para la Agricultura y la Ganaderia Sostenibles (ATTRA)<\/a><\/li>\n<li><a href=\"\/wp-content\/uploads\/2022\/04\/jswc.2022.00088.full_.pdf\" target=\"_blank\" rel=\"noopener\">Los cultivos de cobertura pueden exacerbar las limitaciones de humedad en las granjas de tierras secas del sur de Texas (UTRGV)<\/a><\/li>\n<li><a href=\"\/wp-content\/uploads\/2022\/02\/Insects.pdf\"><span data-contrast=\"none\">Impacto de los cultivos de cobertura en la din\u00e1mica de la comunidad de insectos en la agricultura org\u00e1nica (UTRGV)<\/span><\/a><\/li>\n<li><a href=\"\/wp-content\/uploads\/2022\/02\/AMF.pdf\">Los hongos micorr\u00edzicos arbusculares influyen en el crecimiento y la din\u00e1mica de la comunidad de insectos en sorgo-pasto sudan\u00e9s (UTRGV)<\/a><\/li>\n<li><a href=\"https:\/\/link.springer.com\/article\/10.1007\/s13165-020-00285-4\">Cultivos de cobertura para la supresi\u00f3n de malezas en sistemas de vegetales org\u00e1nicos en Texas subtropical semi\u00e1rido (UTRGV)<\/a><\/li>\n<li><a href=\"https:\/\/www.mdpi.com\/2077-0472\/9\/10\/209\">Limitaciones abi\u00f3ticas y bi\u00f3ticas a la nodulaci\u00f3n por cultivos de cobertura de leguminosas en el sur de Texas (UTRGV)<\/a><\/li>\n<\/ul>\n<h2><strong><span data-contrast=\"auto\">Podcasts<\/span><\/strong><\/h2>\n<ul>\n<li><a href=\"https:\/\/attra.ncat.org\/episode-205-inoculating-legume-cover-crops\/\"><span data-contrast=\"none\">Inoculaci\u00f3n de cultivos de cobertura de leguminosas<\/span><\/a><\/li>\n<li><a href=\"https:\/\/attra.ncat.org\/episode-222-do-cover-crops-steal-water\/\">\u00bfLos cultivos de cobertura roban agua? Parte 1<\/a><\/li>\n<li><a href=\"https:\/\/attra.ncat.org\/episode-223-do-cover-crops-steal-water-part-2\/\">\u00bfLos cultivos de cobertura roban agua? Parte 2<\/a><\/li>\n<li><a href=\"https:\/\/attra.ncat.org\/episode-213-using-drones-in-agriculture\/\">Uso de drones en la agricultura<\/a><\/li>\n<li><a href=\"\/texas-farmer-in-underserved-community\/\">Agricultor de Texas en comunidad desatendida<\/a><\/li>\n<li><a href=\"\/organic-integrated-pest-management-in-the-south\/\">Manejo Org\u00e1nico Integrado de Plagas en el Sur<\/a><\/li>\n<\/ul>\n<h2><strong><span data-contrast=\"auto\">Recursos de NRCS<\/span><\/strong><\/h2>\n<ul>\n<li><a href=\"\/wp-content\/uploads\/340_TX_OTH_Cover_Crop_Calculator_2020.xlsm\">La calculadora de cultivos de cobertura NRCS para Texas:<\/a> muestra las <em>herramientas de planificaci\u00f3n detalladas y muy \u00fatiles, incluidas las caracter\u00edsticas de las plantas y las tasas de siembra recomendadas y las fechas de siembra para todas las regiones de Texas (2020).<\/em><\/li>\n<li><a href=\"\/wp-content\/uploads\/2022\/03\/340_TX_GD_Cover_Crop-Specificaton.pdf\">Especificaci\u00f3n t\u00e9cnica: C\u00f3digo de cultivo de cobertura 340 para Texas:<\/a> <em>Descripci\u00f3n general de los beneficios de los cultivos de cobertura, m\u00e9todos de siembra y tiempo, terminaci\u00f3n, mezclas, etc. (2019).<\/em><\/li>\n<\/ul>\n<p><em>Estos documentos de orientaci\u00f3n de NRCS se actualizan regularmente. Para obtener las versiones m\u00e1s recientes, consulte la <a href=\"https:\/\/efotg.sc.egov.usda.gov\/\"><strong>Gu\u00eda t\u00e9cnica f de la oficina local de NRCS<\/strong><\/a><\/em><em>o su estado. Mira en la <\/em>Secci\u00f3n 4 (&#8220;Normas de pr\u00e1ctica y documentos de apoyo<em>&#8220;), subsecci\u00f3n &#8220;Normas de pr\u00e1cticas de conservaci\u00f3n y documentos de apoyo&#8221; y subsecciones como &#8220;Cultivo de cobertura (34<\/em> 0)&#8221; y <em>&#8220;Manejo de residuos y labranza, hasta reducida (345)&#8221;.<\/em><\/p>\n<h2><strong>Carteles<\/strong><\/h2>\n<ul>\n<li><a href=\"\/wp-content\/uploads\/2022\/02\/NCAT-SWCS-poster.pdf\">Iniciativa de Salud del Suelo Subtropical: Introducci\u00f3n de cultivos de cobertura y labranza reducida en el Valle del R\u00edo Grande de Texas<\/a><\/li>\n<li><a href=\"https:\/\/www.utrgv.edu\/agroecology\/_files\/documents\/sshi-poster-2020.pdf\"><span data-contrast=\"none\">Iniciativa de Salud del Suelo Subtropical: Un Programa de Investigaci\u00f3n Participativa de 3 a\u00f1os<\/span><\/a><\/li>\n<li><a href=\"\/wp-content\/uploads\/2022\/02\/SAES-2022-Moisture.pdf\"><span data-contrast=\"none\">El manejo de la humedad es clave para el \u00e9xito de los cultivos de cobertura en el sur de Texas<\/span><\/a><\/li>\n<li><a href=\"\/wp-content\/uploads\/2022\/02\/SAES-2022-Moisture.pdf\">Los cultivos de cobertura pueden exacerbar las limitaciones de humedad en las granjas de tierras secas del sur de Texas<\/a><\/li>\n<li><a href=\"\/wp-content\/uploads\/2022\/02\/tofga-2018-respiration.pdf\">Impactos de los cultivos de cobertura invernal en la respiraci\u00f3n del suelo en el Valle del R\u00edo Grande<\/a><\/li>\n<li><a href=\"\/wp-content\/uploads\/2022\/02\/Cover-Crop-SAES-2021-respiration.pdf\">Efecto de los cultivos de cobertura en la respiraci\u00f3n del suelo y la materia org\u00e1nica en el sur de Texas<\/a><\/li>\n<li><a href=\"\/wp-content\/uploads\/2022\/02\/Legume-Efficiency.pdf\">Maximizaci\u00f3n de la eficiencia de las legumbres en el sur de Texas<\/a><\/li>\n<\/ul>\n<h2><strong><span data-contrast=\"auto\">Otros recursos<\/span><\/strong><\/h2>\n<ul>\n<li>Informe final del <a href=\"\/wp-content\/uploads\/2022\/08\/Final-Report-for-NCAT-CIG-69-3A75-7-281-082422.pdf\">proyecto: Informe final<\/a> <em>que resume los hallazgos de la Iniciativa de Salud del Suelo Subtropical 2017-2021 de NCAT<\/em>.<\/li>\n<li><a href=\"https:\/\/southerncovercrops.org\/\">Southern Cover Crops Council:<\/a> <em>Fuente de hojas de informaci\u00f3n de cultivos de cobertura y recomendaciones espec\u00edficas del condado para el sur de los Estados Unidos.<\/em><\/li>\n<li><a href=\"https:\/\/projects.sare.org\/search-projects\/\">Sistema de Gesti\u00f3n de Subvenciones SARE:<\/a> <em>La b\u00fasqueda bajo &#8220;cultivos de cobertura&#8221; en la Regi\u00f3n Sur producir\u00e1 docenas de informes de investigaci\u00f3n \u00fatiles.<\/em><\/li>\n<li><a href=\"https:\/\/www.utrgv.edu\/agroecology\/research\/subtropical-soil-health\/nodulation-guide\/index.htm\"><span data-contrast=\"none\">Una gu\u00eda para solucionar problemas de fallas de nodulaci\u00f3n en cultivos de cobertura de leguminosas<\/span><\/a><\/li>\n<\/ul>\n<\/div><\/section><\/p><\/div>\n<div  class='flex_column av-178zkrn0-99fad0b5e0f6abab1be0476249ce31f0 av_one_fourth  avia-builder-el-10  el_after_av_three_fourth  avia-builder-el-last  flex_column_div  '     ><p>\n<style type=\"text\/css\" data-created_by=\"avia_inline_auto\" id=\"style-css-av-l6cj7mj6-420c37c3d9ced9ba0aac15936e913f62\">\n#top .av-special-heading.av-l6cj7mj6-420c37c3d9ced9ba0aac15936e913f62{\npadding-bottom:10px;\n}\nbody .av-special-heading.av-l6cj7mj6-420c37c3d9ced9ba0aac15936e913f62 .av-special-heading-tag .heading-char{\nfont-size:25px;\n}\n.av-special-heading.av-l6cj7mj6-420c37c3d9ced9ba0aac15936e913f62 .av-subheading{\nfont-size:15px;\n}\n<\/style>\n<div  class='av-special-heading av-l6cj7mj6-420c37c3d9ced9ba0aac15936e913f62 av-special-heading-h2 blockquote modern-quote  avia-builder-el-11  el_before_av_image  avia-builder-el-first '><h2 class='av-special-heading-tag '  itemprop=\"headline\"  >Temas relacionados<\/h2><div class=\"special-heading-border\"><div class=\"special-heading-inner-border\"><\/div><\/div><\/div><br \/>\n\n<style type=\"text\/css\" data-created_by=\"avia_inline_auto\" id=\"style-css-av-5irvofu-e85078944d3448658f71d1ef9728086c\">\n.avia-image-container.av-5irvofu-e85078944d3448658f71d1ef9728086c img.avia_image{\nbox-shadow:none;\n}\n.avia-image-container.av-5irvofu-e85078944d3448658f71d1ef9728086c .av-caption-image-overlay-bg{\nopacity:0.1;\nbackground-color:#000000;\n}\n.avia-image-container.av-5irvofu-e85078944d3448658f71d1ef9728086c .av-image-caption-overlay-center{\ncolor:#ffffff;\nfont-size:25px;\n}\n<\/style>\n<div  class='avia-image-container av-5irvofu-e85078944d3448658f71d1ef9728086c av-styling- av-img-linked avia-align-center  avia-builder-el-12  el_after_av_heading  el_before_av_heading  noHover av-overlay-hover-deactivate'   itemprop=\"image\" itemscope=\"itemscope\" itemtype=\"https:\/\/schema.org\/ImageObject\" ><div class=\"avia-image-container-inner\"><div class=\"avia-image-overlay-wrap\"><a href=\"https:\/\/attra.ncat.org\/es\/suelo\/\" class='avia_image '  aria-label='Healthy soil and hands, USDA Flickr'><div class=\"av-image-caption-overlay\"><div class=\"av-caption-image-overlay-bg\"><\/div><div class=\"av-image-caption-overlay-position\"><div class=\"av-image-caption-overlay-center\"><p>SUELO<\/p>\n<\/div><\/div><\/div><img decoding=\"async\" fetchpriority=\"high\" class='wp-image-123278 avia-img-lazy-loading-not-123278 avia_image ' src=\"https:\/\/attra.ncat.org\/wp-content\/uploads\/2022\/04\/48935484668_b4391f79b5_k-350x233.jpg\" alt='' title='Healthy soil and hands, USDA Flickr'  height=\"233\" width=\"350\"  itemprop=\"thumbnailUrl\" srcset=\"https:\/\/attra.ncat.org\/wp-content\/uploads\/2022\/04\/48935484668_b4391f79b5_k-350x233.jpg 350w, https:\/\/attra.ncat.org\/wp-content\/uploads\/2022\/04\/48935484668_b4391f79b5_k-1030x686.jpg 1030w, https:\/\/attra.ncat.org\/wp-content\/uploads\/2022\/04\/48935484668_b4391f79b5_k-768x512.jpg 768w, https:\/\/attra.ncat.org\/wp-content\/uploads\/2022\/04\/48935484668_b4391f79b5_k-1536x1024.jpg 1536w, https:\/\/attra.ncat.org\/wp-content\/uploads\/2022\/04\/48935484668_b4391f79b5_k-1500x1000.jpg 1500w, https:\/\/attra.ncat.org\/wp-content\/uploads\/2022\/04\/48935484668_b4391f79b5_k-705x470.jpg 705w, https:\/\/attra.ncat.org\/wp-content\/uploads\/2022\/04\/48935484668_b4391f79b5_k.jpg 2048w\" sizes=\"(max-width: 350px) 100vw, 350px\" \/><\/a><\/div><\/div><\/div><br \/>\n\n<style type=\"text\/css\" data-created_by=\"avia_inline_auto\" id=\"style-css-av-l8nde1ec-cefcec8a626acb01fe9d6756ed957d99\">\n#top .av-special-heading.av-l8nde1ec-cefcec8a626acb01fe9d6756ed957d99{\npadding-bottom:10px;\n}\nbody .av-special-heading.av-l8nde1ec-cefcec8a626acb01fe9d6756ed957d99 .av-special-heading-tag .heading-char{\nfont-size:25px;\n}\n.av-special-heading.av-l8nde1ec-cefcec8a626acb01fe9d6756ed957d99 .av-subheading{\nfont-size:15px;\n}\n<\/style>\n<div  class='av-special-heading av-l8nde1ec-cefcec8a626acb01fe9d6756ed957d99 av-special-heading-h2 blockquote modern-quote  avia-builder-el-13  el_after_av_image  el_before_av_codeblock '><h2 class='av-special-heading-tag '  itemprop=\"headline\"  >Im\u00e1genes del d\u00eda de campo<\/h2><div class=\"special-heading-border\"><div class=\"special-heading-inner-border\"><\/div><\/div><\/div><br \/>\n<\/p><\/div>\n","protected":false},"excerpt":{"rendered":"","protected":false},"author":1,"featured_media":131222,"parent":134364,"menu_order":0,"comment_status":"closed","ping_status":"closed","template":"","meta":{"_acf_changed":false,"_price":"","_stock":"","_tribe_ticket_header":"","_tribe_default_ticket_provider":"","_tribe_ticket_capacity":"0","_ticket_start_date":"","_ticket_end_date":"","_tribe_ticket_show_description":"","_tribe_ticket_show_not_going":false,"_tribe_ticket_use_global_stock":"","_tribe_ticket_global_stock_level":"","_global_stock_mode":"","_global_stock_cap":"","_tribe_rsvp_for_event":"","_tribe_ticket_going_count":"","_tribe_ticket_not_going_count":"","_tribe_tickets_list":"[]","_tribe_ticket_has_attendee_info_fields":false,"footnotes":"","beyondwords_generate_audio":"","beyondwords_integration_method":"","beyondwords_project_id":"","beyondwords_content_id":"","beyondwords_preview_token":"","beyondwords_player_content":"","beyondwords_player_style":"","beyondwords_language_code":"","beyondwords_language_id":"","beyondwords_title_voice_id":"","beyondwords_body_voice_id":"","beyondwords_summary_voice_id":"","beyondwords_error_message":"","beyondwords_disabled":"","beyondwords_delete_content":"","beyondwords_podcast_id":"","beyondwords_hash":"","publish_post_to_speechkit":"","speechkit_hash":"","speechkit_generate_audio":"","speechkit_project_id":"","speechkit_podcast_id":"","speechkit_error_message":"","speechkit_disabled":"","speechkit_access_key":"","speechkit_error":"","speechkit_info":"","speechkit_response":"","speechkit_retries":"","speechkit_status":"","speechkit_updated_at":"","_speechkit_link":"","_speechkit_text":"","_tec_slr_enabled":"","_tec_slr_layout":""},"categories":[118],"tags":[1385,1529],"class_list":["post-135052","page","type-page","status-publish","has-post-thumbnail","hentry","category-soil","tag-subtropical-soil-health-initiative","tag-suelo"],"acf":[],"publishpress_future_workflow_manual_trigger":{"enabledWorkflows":[]},"distributor_meta":false,"distributor_terms":false,"distributor_media":false,"distributor_original_site_name":"ATTRA - Agricultura Sustentable","distributor_original_site_url":"https:\/\/attra.ncat.org\/es\/","push-errors":false,"ticketed":false,"_links":{"self":[{"href":"https:\/\/attra.ncat.org\/es\/wp-json\/wp\/v2\/pages\/135052","targetHints":{"allow":["GET"]}}],"collection":[{"href":"https:\/\/attra.ncat.org\/es\/wp-json\/wp\/v2\/pages"}],"about":[{"href":"https:\/\/attra.ncat.org\/es\/wp-json\/wp\/v2\/types\/page"}],"author":[{"embeddable":true,"href":"https:\/\/attra.ncat.org\/es\/wp-json\/wp\/v2\/users\/1"}],"replies":[{"embeddable":true,"href":"https:\/\/attra.ncat.org\/es\/wp-json\/wp\/v2\/comments?post=135052"}],"version-history":[{"count":13,"href":"https:\/\/attra.ncat.org\/es\/wp-json\/wp\/v2\/pages\/135052\/revisions"}],"predecessor-version":[{"id":136729,"href":"https:\/\/attra.ncat.org\/es\/wp-json\/wp\/v2\/pages\/135052\/revisions\/136729"}],"up":[{"embeddable":true,"href":"https:\/\/attra.ncat.org\/es\/wp-json\/wp\/v2\/pages\/134364"}],"wp:featuredmedia":[{"embeddable":true,"href":"https:\/\/attra.ncat.org\/es\/wp-json\/wp\/v2\/media\/131222"}],"wp:attachment":[{"href":"https:\/\/attra.ncat.org\/es\/wp-json\/wp\/v2\/media?parent=135052"}],"wp:term":[{"taxonomy":"category","embeddable":true,"href":"https:\/\/attra.ncat.org\/es\/wp-json\/wp\/v2\/categories?post=135052"},{"taxonomy":"post_tag","embeddable":true,"href":"https:\/\/attra.ncat.org\/es\/wp-json\/wp\/v2\/tags?post=135052"}],"curies":[{"name":"wp","href":"https:\/\/api.w.org\/{rel}","templated":true}]}}