

{"id":139782,"date":"2022-12-05T16:15:54","date_gmt":"2022-12-05T22:15:54","guid":{"rendered":"https:\/\/attra.ncat.org\/programa-de-desarrollo-de-agricultores-y-ganaderos-principiantes-de-la-division-de-agricultura\/"},"modified":"2022-12-05T16:15:54","modified_gmt":"2022-12-05T22:15:54","slug":"programa-de-desarrollo-de-agricultores-y-ganaderos-principiantes-de-la-division-de-agricultura","status":"publish","type":"page","link":"https:\/\/attra.ncat.org\/es\/programa-de-desarrollo-de-agricultores-y-ganaderos-principiantes-de-la-division-de-agricultura\/","title":{"rendered":"Programa de Desarrollo de Agricultores y Ganaderos Principiantes de la Divisi\u00f3n de Agricultura"},"content":{"rendered":"<style>\n.wp-post-image {display:none !important}\n<\/style>\n<h1>Programa de Desarrollo de Agricultores y Ganaderos Principiantes de la Divisi\u00f3n de Agricultura<\/h1>\n<p><strong>Este curso tambi\u00e9n est\u00e1 <a href=\"https:\/\/espanol.ncat.org\/uofa\/\" target=\"_blank\" rel=\"noopener noreferrer\">disponible en espa\u00f1ol<\/a>.<\/strong><\/p>\n<hr class=\"hr_lists\" style=\"margin: 10px;\">\n<p><img loading=\"lazy\" decoding=\"async\" style=\"margin: 10px 15px 25px 0;\" src=\"\/db-uofa\/img\/UA-color-left_lg.png\" alt=\"Libros\" width=\"400\" height=\"57\" align=\"left\"><\/p>\n<p>A pesar de la necesidad apremiante de rejuvenecer a las poblaciones rurales en este pa\u00eds, pocos agricultores y ganaderos nuevos y principiantes tienen habilidades agr\u00edcolas adecuadas, comerciales y de comercializaci\u00f3n para iniciar y mantener operaciones agr\u00edcolas viables.<\/p>\n<p>Para abordar esta necesidad, hemos creado un programa de aprendizaje modular que proporciona informaci\u00f3n sobre aves de corral, ganado peque\u00f1o y operaciones agroforestales, as\u00ed como informaci\u00f3n sobre desarrollo comercial y seguridad agr\u00edcola.<\/p>\n<p>Hemos organizado esta informaci\u00f3n en m\u00f3dulos de aprendizaje separados que abordan diferentes aspectos de una operaci\u00f3n agr\u00edcola. Hemos dividido la informaci\u00f3n en los diferentes paquetes que se enumeran a continuaci\u00f3n.<\/p>\n<table>\n<tbody>\n<tr>\n<td valign=\"top\" width=\"50%\"><strong>Seguridad agr\u00edcola<\/strong><\/td>\n<td valign=\"top\"><strong>Desarrollo de Negocios<\/strong><\/td>\n<\/tr>\n<tr>\n<td valign=\"top\" width=\"50%\">\n<ul>\n<li><a href=\"\/db-uofa\/docs\/FarmSafetyPT1.pptx\">Primera parte: Herramientas, equipos y electricidad<\/a><\/li>\n<li><a href=\"\/db-uofa\/docs\/FarmSafetyPT2.pptx\">Segunda parte: Ganado, productos qu\u00edmicos y gases<\/a><\/li>\n<li><a href=\"\/db-uofa\/docs\/FarmSafetyPT3.pptx\">Tercera parte: Clima y fuego<\/a><\/li>\n<li><a href=\"\/db-uofa\/docs\/FarmSafetyPT4.pptx\">Cuarta parte: Miscel\u00e1nea<\/a><\/li>\n<\/ul>\n<\/td>\n<td valign=\"top\" width=\"50%\">\n<ul>\n<li><a href=\"\/db-uofa\/docs\/StartingAFarm.pptx\">Inicio de una granja de servidores<\/a><\/li>\n<li><a href=\"\/db-uofa\/docs\/DevelopingBusinessPlan.pptx\">Desarrollo de un plan de negocios<\/a><\/li>\n<li><a href=\"\/db-uofa\/docs\/DevelopingPersonalPlan.pptx\">Desarrollar un plan personal<\/a><\/li>\n<li><a href=\"\/db-uofa\/docs\/FinancialRecordKeeping.pptx\">Mantenimiento de registros financieros<\/a><\/li>\n<li><a href=\"\/db-uofa\/docs\/BalanceSheetStatements.pptx\">El balance general y el estado de flujos de efectivo<\/a><\/li>\n<li><a href=\"\/db-uofa\/docs\/Right2Farm_Arkansas.pptx\">Ley de Derecho a la Agricultura de Arkansas<\/a><\/li>\n<li><a href=\"\/db-uofa\/docs\/FoodSafety_Legal.pptx\">Cuestiones legales en materia de seguridad alimentaria<\/a><\/li>\n<li><a href=\"\/db-uofa\/docs\/Contracting_issues_in_agriculture.pptx\">Cuestiones relativas a la contrataci\u00f3n en la agricultura<\/a><\/li>\n<\/ul>\n<\/td>\n<\/tr>\n<\/tbody>\n<\/table>\n<p>&nbsp;<\/p>\n<table width=\"98%\" align=\"center\">\n<tbody>\n<tr>\n<td valign=\"top\" width=\"50%\"><strong>Producci\u00f3n av\u00edcola<\/strong><\/td>\n<td valign=\"top\"><strong>Ganado<\/strong><\/td>\n<\/tr>\n<tr>\n<td valign=\"top\">\n<ul>\n<li><a href=\"\/db-uofa\/docs\/SmallFarmChickenBreeds.pptx\">Razas de pollo para peque\u00f1as granjas<\/a><\/li>\n<li><a href=\"\/db-uofa\/docs\/SmallFarmMeatChickenBreeds.pptx\">Razas de pollo de carne para peque\u00f1as granjas<\/a><\/li>\n<li><a href=\"\/db-uofa\/docs\/SmallFarmEggLayerBreeds.pptx\">Razas de ponedoras de huevos para peque\u00f1as granjas.<\/a><\/li>\n<li><a href=\"\/db-uofa\/docs\/SafeEggHandling.pptx\">Manejo seguro de huevos<\/a><\/li>\n<li><a href=\"\/db-uofa\/docs\/HomePoultryProcessingPT1.pptx\">Inicio Procesamiento de aves de corral, primera parte<\/a><\/li>\n<li><a href=\"\/db-uofa\/docs\/HomePoultryProcessingPT2.pptx\">Procesamiento av\u00edcola casero, segunda parte<\/a><\/li>\n<li><a href=\"\/db-uofa\/docs\/PasturedPoultry.pptx\">Aves de corral de pastoreo<\/a><\/li>\n<li><a href=\"\/db-uofa\/docs\/MoltingInLayers.pptx\">Muda en capas<\/a><\/li>\n<li><a href=\"\/db-uofa\/docs\/PasturedLayers.pptx\">Capas de pastoreo<\/a><\/li>\n<li><a href=\"\/db-uofa\/docs\/Pastured_duck_production.pptx\">Producci\u00f3n de pato de pastoreo<\/a><\/li>\n<\/ul>\n<\/td>\n<td valign=\"top\">\n<ul>\n<li><a href=\"\/db-uofa\/docs\/GoatProductionBasics.pptx\">Los fundamentos de la producci\u00f3n de cabras<\/a><\/li>\n<li><a href=\"\/db-uofa\/docs\/GoatProductionPasture.pptx\">Producci\u00f3n caprina en pastizales<\/a><\/li>\n<li><a href=\"\/db-uofa\/docs\/Common_health_problems_in_small_ruminants.pptx\">Problemas comunes de salud en cabras y ovejas<\/a><\/li>\n<li><a href=\"\/db-uofa\/docs\/Sheep_production.pptx\">Producci\u00f3n ovina<\/a><\/li>\n<\/ul>\n<\/td>\n<\/tr>\n<\/tbody>\n<\/table>\n<p>&nbsp;<\/p>\n<table width=\"98%\" align=\"center\">\n<tbody>\n<tr>\n<td valign=\"top\" width=\"50%\"><strong>Agroforester\u00eda<\/strong><\/td>\n<td valign=\"top\"><strong>Agricultura sostenible<\/strong><\/td>\n<\/tr>\n<tr>\n<td valign=\"top\">\n<ul>\n<li><a href=\"\/db-uofa\/docs\/WhatIsAgroforestry.pptx\">\u00bfQu\u00e9 es la agroforester\u00eda?<\/a><\/li>\n<li><a href=\"\/db-uofa\/docs\/AgroforestryPractices.pptx\">Pr\u00e1cticas agroforestales<\/a><\/li>\n<li><a href=\"\/db-uofa\/docs\/Agroforestryiparian_buffers_and_planning.pptx\">Planificaci\u00f3n y amortiguaci\u00f3n ribere\u00f1a agroforestal<\/a><\/li>\n<\/ul>\n<\/td>\n<td valign=\"top\">\n<ul>\n<li><a href=\"\/db-uofa\/docs\/SustainableAgricultureWater.pptx\">Agua<\/a><\/li>\n<li><a href=\"\/db-uofa\/docs\/SustainableAgricultureSoil.pptx\">Suelo<\/a><\/li>\n<li><a href=\"\/db-uofa\/docs\/IntegratedPestManagementPrinciples.pptx\">Principios de Manejo Integrado de Plagas<\/a><\/li>\n<li><a href=\"\/db-uofa\/docs\/Sustainable_agriculture.pptx\">Agricultura sostenible<\/a><\/li>\n<li><a href=\"\/db-uofa\/docs\/Integrated_farms.pptx\">Granjas integradas<\/a><\/li>\n<\/ul>\n<\/td>\n<\/tr>\n<\/tbody>\n<\/table>\n<p>&nbsp;<\/p>\n<p><strong>Este proyecto es financiado por el Programa de Desarrollo de Agricultores y Ganaderos Principiantes: USDA-NIFA-BFRDP 2010-03143<\/strong><\/p>\n<p><img decoding=\"async\" style=\"float: right; margin: 15px 25px 0 0;\" src=\"\/db-uofa\/img\/usda-nifa-logo.png\" alt=\"Logotipos de NIFA USDA\" width=\"400px\"><\/p>\n<p><strong>\u00bfTiene alguna pregunta sobre este programa o materiales?<\/strong><\/p>\n<p><strong>Profesor Dan Donoghue (Director del proyecto)<\/strong><br \/>\nCentro de Excelencia para la Ciencia Av\u00edcola<br \/>\nPOSC O-408<br \/>\nUniversidad de Arkansas, Fayetteville, AR, 72701<br \/>\nddonogh@uark.edu<\/p>\n<p><strong>Continuaremos incluyendo m\u00e1s presentaciones a este programa, \u00a1as\u00ed que sigue revisando este espacio!<\/strong><\/p>\n<p>&nbsp;<\/p>\n<hr class=\"hr_lists\" style=\"margin: 10px;\">\n<p>&nbsp;<\/p>\n<h1>Retroalimentaci\u00f3n<\/h1>\n<p>Estas presentaciones son el resultado de la colaboraci\u00f3n de agricultores, grupos educativos, gubernamentales y de investigaci\u00f3n que se centran en ayudar a los agricultores y ganaderos principiantes (USDA-NIFA-2010-03143). Nuestro equipo ha creado estos m\u00f3dulos educativos para proporcionar informaci\u00f3n espec\u00edfica y aplicable para iniciar, mejorar y ejecutar operaciones agr\u00edcolas viables basadas en estrategias que son f\u00e1ciles y econ\u00f3micas de implementar, mantener y administrar, al tiempo que proporcionan rendimientos r\u00e1pidos y m\u00faltiples oportunidades de comercializaci\u00f3n (aves de corral, peque\u00f1os rumiantes y agrosilvicultura) y utilizan estrategias ecol\u00f3gica y financieramente sostenibles.<\/p>\n<p><a id=\"catch\" name=\"catch\"><\/a><\/p>\n<p><strong>Todos estos materiales est\u00e1n disponibles sin costo alguno para usted.<\/strong><\/p>\n<p><!-- <strong>Your feedback is really important to the program<\/strong> and we want to make sure that these presentations contain information that is helpful and relevant to new and beginning farmers. Please take a minute to fill out the form below and give us some feedback to help us improve these materials. Thank you.\n--><\/p>\n<fieldset class=\"shadow\">\n<!-- [wbcr_php_snippet id=\"8813\"] --><\/p>\n<table width=\"100%\">\n<tbody>\n<tr>\n<td style=\"min-width: 250px;\"><a href=\"http:\/\/www.start2farm.gov\/\"><img decoding=\"async\" src=\"\/db-uofa\/img\/s2f-logo.png\" alt=\"Logotipo de Start2Farm\"><\/a><\/td>\n<td style=\"vertical-align: middle !important;\">Para obtener m\u00e1s informaci\u00f3n sobre los materiales y programas apoyados por el USDA-NIFA-Programa de Desarrollo de Agricultores y Ganaderos Principiantes, visite <strong>Start2Farm<\/strong> (<a href=\"http:\/\/www.start2farm.gov\/\">www.start2farm.gov<\/a>). <strong>Start2Farm<\/strong> es una fuente nacional &#8220;\u00fanica&#8221; de todos los materiales e informaci\u00f3n de educaci\u00f3n y capacitaci\u00f3n para agricultores y ganaderos principiantes a los que se puede acceder en l\u00ednea.<\/td>\n<\/tr>\n<\/tbody>\n<\/table>\n<p>Este proyecto es una colaboraci\u00f3n de:<\/p>\n<ul>\n<li><a href=\"http:\/\/www.poultryscience.uark.edu\/\">Departamento de Ciencias Av\u00edcolas<\/a>, Universidad de Arkansas (Fayetteville, AR)<\/li>\n<li><a href=\"http:\/\/www.ars.usda.gov\/main\/site_main.htm?modecode=62-26-00-00\">USDA-ARS-Unidad de Investigaci\u00f3n de Producci\u00f3n Av\u00edcola y Seguridad de Productos<\/a> (Fayetteville, AR)<\/li>\n<li><a href=\"http:\/\/www.ars.usda.gov\/Main\/docs.htm?docid=2354\">USDA-ARS-Dale Bumpers Small Farms Research Center<\/a> (Booneville, AR)<\/li>\n<li><a href=\"http:\/\/agribus.uark.edu\/\">Departamento de Econom\u00eda Agr\u00edcola y Agronegocios<\/a>, Universidad de Arkansas (Fayetteville, AR)<\/li>\n<li><a href=\"http:\/\/www.centerforagroforestry.org\/\">El Centro de Agroforester\u00eda de la Universidad de Missouri<\/a> (Columbia, MO)<\/li>\n<li><a href=\"http:\/\/www.uapb.edu\/\">Departamento de Ciencia Animal<\/a>, Universidad de Arkansas en Pine Bluff (Pine Bluff, AR)<\/li>\n<li><a href=\"http:\/\/www.appstate.edu\/\">Universidad Estatal de los Apalaches<\/a> (Boone, Carolina del Norte)<\/li>\n<li><a href=\"http:\/\/www.ncat.org\">Centro Nacional de Tecnolog\u00eda Apropiada<\/a> (NCAT)<\/li>\n<li><a href=\"http:\/\/www.farmvetco.org\/\">Coalici\u00f3n de Veteranos Agricultores <\/a>(FVC)<\/li>\n<li><a href=\"http:\/\/www.arkansaswomeninag.com\/\">Mujeres de Arkansas en la agricultura (ArWIA<\/a> )<\/li>\n<\/ul>\n<p>&nbsp;<\/p>\n<p align=\"center\"><strong>\u00bfEst\u00e1s interesado en pasant\u00edas, talleres, m\u00e1s informaci\u00f3n?<br \/>\n\u00bfTienes alguna pregunta o comentario sobre este proyecto?<\/strong><\/p>\n<p align=\"center\">Por favor, p\u00f3ngase en contacto con:<br \/>\n<strong>Profesor Dan Donoghue (Director del proyecto)<\/strong><br \/>\nCentro de Excelencia para la Ciencia Av\u00edcola<br \/>\nPOSC O-408<br \/>\nUniversidad de Arkansas, Fayetteville, AR, 72701<br \/>\nddonogh@uark.edu<\/p>\n<p>&nbsp;<\/fieldset>\n","protected":false},"excerpt":{"rendered":"<p>Programa de Desarrollo de Agricultores y Ganaderos Principiantes de la Divisi\u00f3n de Agricultura Este curso tambi\u00e9n est\u00e1 disponible en espa\u00f1ol. A pesar de la necesidad apremiante de rejuvenecer a las [&hellip;]<\/p>\n","protected":false},"author":1,"featured_media":138918,"parent":0,"menu_order":0,"comment_status":"closed","ping_status":"closed","template":"","meta":{"_acf_changed":false,"_price":"","_stock":"","_tribe_ticket_header":"","_tribe_default_ticket_provider":"","_tribe_ticket_capacity":"0","_ticket_start_date":"","_ticket_end_date":"","_tribe_ticket_show_description":"","_tribe_ticket_show_not_going":false,"_tribe_ticket_use_global_stock":"","_tribe_ticket_global_stock_level":"","_global_stock_mode":"","_global_stock_cap":"","_tribe_rsvp_for_event":"","_tribe_ticket_going_count":"","_tribe_ticket_not_going_count":"","_tribe_tickets_list":"[]","_tribe_ticket_has_attendee_info_fields":false,"footnotes":"","beyondwords_generate_audio":"","beyondwords_integration_method":"","beyondwords_project_id":"","beyondwords_content_id":"","beyondwords_preview_token":"","beyondwords_player_content":"","beyondwords_player_style":"","beyondwords_language_code":"","beyondwords_language_id":"","beyondwords_title_voice_id":"","beyondwords_body_voice_id":"","beyondwords_summary_voice_id":"","beyondwords_error_message":"","beyondwords_disabled":"","beyondwords_delete_content":"","beyondwords_podcast_id":"","beyondwords_hash":"","publish_post_to_speechkit":"","speechkit_hash":"","speechkit_generate_audio":"","speechkit_project_id":"","speechkit_podcast_id":"","speechkit_error_message":"","speechkit_disabled":"","speechkit_access_key":"","speechkit_error":"","speechkit_info":"","speechkit_response":"","speechkit_retries":"","speechkit_status":"","speechkit_updated_at":"","_speechkit_link":"","_speechkit_text":"","_tec_slr_enabled":"","_tec_slr_layout":""},"categories":[1475],"tags":[1470,1515,1471,1507,1480,1461,1478,1503,1476,1506],"class_list":["post-139782","page","type-page","status-publish","has-post-thumbnail","hentry","category-ganado","tag-agricultor-principiante","tag-agrosilvicultura","tag-educacion","tag-enfermedades","tag-ganado","tag-herramientas","tag-huevos","tag-insectos","tag-ovejas-y-cabras","tag-procesamiento-de-la-carne"],"acf":[],"publishpress_future_workflow_manual_trigger":{"enabledWorkflows":[]},"distributor_meta":false,"distributor_terms":false,"distributor_media":false,"distributor_original_site_name":"ATTRA - Agricultura Sustentable","distributor_original_site_url":"https:\/\/attra.ncat.org\/es\/","push-errors":false,"ticketed":false,"_links":{"self":[{"href":"https:\/\/attra.ncat.org\/es\/wp-json\/wp\/v2\/pages\/139782","targetHints":{"allow":["GET"]}}],"collection":[{"href":"https:\/\/attra.ncat.org\/es\/wp-json\/wp\/v2\/pages"}],"about":[{"href":"https:\/\/attra.ncat.org\/es\/wp-json\/wp\/v2\/types\/page"}],"author":[{"embeddable":true,"href":"https:\/\/attra.ncat.org\/es\/wp-json\/wp\/v2\/users\/1"}],"replies":[{"embeddable":true,"href":"https:\/\/attra.ncat.org\/es\/wp-json\/wp\/v2\/comments?post=139782"}],"version-history":[{"count":0,"href":"https:\/\/attra.ncat.org\/es\/wp-json\/wp\/v2\/pages\/139782\/revisions"}],"wp:featuredmedia":[{"embeddable":true,"href":"https:\/\/attra.ncat.org\/es\/wp-json\/wp\/v2\/media\/138918"}],"wp:attachment":[{"href":"https:\/\/attra.ncat.org\/es\/wp-json\/wp\/v2\/media?parent=139782"}],"wp:term":[{"taxonomy":"category","embeddable":true,"href":"https:\/\/attra.ncat.org\/es\/wp-json\/wp\/v2\/categories?post=139782"},{"taxonomy":"post_tag","embeddable":true,"href":"https:\/\/attra.ncat.org\/es\/wp-json\/wp\/v2\/tags?post=139782"}],"curies":[{"name":"wp","href":"https:\/\/api.w.org\/{rel}","templated":true}]}}