

{"id":139794,"date":"2022-10-03T11:06:10","date_gmt":"2022-10-03T16:06:10","guid":{"rendered":"https:\/\/attra.ncat.org\/publicar-una-pasantia\/"},"modified":"2022-12-13T11:57:16","modified_gmt":"2022-12-13T17:57:16","slug":"publicar-una-pasantia","status":"publish","type":"page","link":"https:\/\/attra.ncat.org\/es\/publicar-una-pasantia\/","title":{"rendered":"Publicar una pasant\u00eda"},"content":{"rendered":"<div  class='flex_column av-mwud5wa-b44dafa6aa72ea3ca0565df5b6a2d4cb av_one_full  avia-builder-el-0  el_before_av_one_half  avia-builder-el-first  first flex_column_div  '     ><p>\n<style type=\"text\/css\" data-created_by=\"avia_inline_auto\" id=\"style-css-av-1sm7e3e-499ac0a8f6b94fe42a26f9f5ba4335c8\">\n#top .av-special-heading.av-1sm7e3e-499ac0a8f6b94fe42a26f9f5ba4335c8{\npadding-bottom:5px;\n}\nbody .av-special-heading.av-1sm7e3e-499ac0a8f6b94fe42a26f9f5ba4335c8 .av-special-heading-tag .heading-char{\nfont-size:25px;\n}\n.av-special-heading.av-1sm7e3e-499ac0a8f6b94fe42a26f9f5ba4335c8 .av-subheading{\nfont-size:15px;\n}\n<\/style>\n<div  class='av-special-heading av-1sm7e3e-499ac0a8f6b94fe42a26f9f5ba4335c8 av-special-heading-h1  avia-builder-el-1  el_before_av_buttonrow  avia-builder-el-first  av-thin-font'><h1 class='av-special-heading-tag '  itemprop=\"headline\"  >\u00bfEres un agricultor que busca <strong>publicar una pasant\u00eda<\/strong>?<\/h1><div class=\"special-heading-border\"><div class=\"special-heading-inner-border\"><\/div><\/div><\/div><br \/>\n<div  class='avia-buttonrow-wrap av-l9hido91-936b800ece4ecc514a48d06e4a18401d avia-buttonrow-center  avia-builder-el-2  el_after_av_heading  avia-builder-el-last '>\n\n<style type=\"text\/css\" data-created_by=\"avia_inline_auto\" id=\"style-css-av-l9hic7t6-e85d147951a4d8cc75bd10ac1a07404e\">\n#top #wrap_all .avia-button.av-l9hic7t6-e85d147951a4d8cc75bd10ac1a07404e{\nmargin-bottom:5px;\nmargin-right:3px;\nmargin-left:3px;\n}\n<\/style>\n<a href='http:\/\/attra.ncat.org\/login'  class='avia-button av-l9hic7t6-e85d147951a4d8cc75bd10ac1a07404e avia-icon_select-no avia-size-small avia-color-theme-color'   aria-label=\"Inicie sesi\u00f3n en su cuenta\"><span class='avia_iconbox_title' >Inicie sesi\u00f3n en su cuenta<\/span><\/a>\n\n<style type=\"text\/css\" data-created_by=\"avia_inline_auto\" id=\"style-css-av-l9hide9z-cd12d5262dadb1d8e4b6a3b1b66962b9\">\n#top #wrap_all .avia-button.av-l9hide9z-cd12d5262dadb1d8e4b6a3b1b66962b9{\nmargin-bottom:5px;\nmargin-right:3px;\nmargin-left:3px;\n}\n<\/style>\n<a href='http:\/\/attra.ncat.org\/wp-login.php?action=lostpassword'  class='avia-button av-l9hide9z-cd12d5262dadb1d8e4b6a3b1b66962b9 avia-icon_select-no avia-size-small avia-color-theme-color'   aria-label=\"\u00bfPerdi\u00f3 su contrase\u00f1a?\"><span class='avia_iconbox_title' >\u00bfPerdi\u00f3 su contrase\u00f1a?<\/span><\/a>\n<\/div><\/p><\/div><div  class='flex_column av-c3daxlm-1555b0fd86b85fb938bd9e8acdf74c03 av_one_half  avia-builder-el-3  el_after_av_one_full  el_before_av_one_half  first flex_column_div  column-top-margin'     ><p><section  class='av_textblock_section av-l8u99wu2-b7a9fbf3a41b55e592a7a320554077d0 '   itemscope=\"itemscope\" itemtype=\"https:\/\/schema.org\/CreativeWork\" ><div class='avia_textblock'  itemprop=\"text\" ><p><strong>Si ya tienes una cuenta<\/strong>, puedes publicar una nueva pasant\u00eda desde el formulario de pasant\u00edas o editar una existente en la <a href=\"..\/my-internships\/\">p\u00e1gina Mi pasant\u00eda<\/a>.<a href=\"..\/internship-form\/\"><\/a> Si necesita orientaci\u00f3n adicional, consulte las <a href=\"..\/internships\/\">preguntas frecuentes sobre pasant\u00edas en la parte inferior de la p\u00e1gina de Pasant\u00edas.<\/a><\/p>\n<p><strong>Si eres nuevo en el sitio web de ATTRA<\/strong>, deber\u00e1s <a href=\"..\/wp-login.php?action=register\">crear una cuenta<\/a> antes de poder publicar una pasant\u00eda. Si te gusta nuestro trabajo y quieres ver m\u00e1s de \u00e9l, hazte Amigo<a href=\"..\/donate\/\">de ATTRA<\/a> para ayudarnos a seguir trabajando para apoyar a los agricultores, ganaderos y otros productores.<\/p>\n<p><strong>\u00bfTodav\u00eda tienes preguntas? <\/strong> Consulte nuestras <a href=\"..\/internships\/#faq\">preguntas frecuentes sobre pasant\u00edas en la parte inferior de la p\u00e1gina Pasant\u00edas<\/a> o comun\u00edquese con nuestro equipo de soporte con el siguiente formulario.<\/p>\n<\/div><\/section><br \/>\n<form action=\"https:\/\/attra.ncat.org\/es\/publicar-una-pasantia\/\" method=\"post\" data-fields-with-error=\"Found errors in the following field(s):\" class=\"avia_ajax_form av-form-labels-visible   avia-builder-el-5  el_after_av_textblock  avia-builder-el-last   \" data-avia-form-id=\"1\" data-avia-redirect='' ><fieldset><p class='  first_form  form_element form_fullwidth' id='element_avia_1_1'><label for=\"avia_1_1\">Nombre <abbr class=\"required\" title=\"required\">*<\/abbr><\/label> <input name=\"avia_1_1\" class=\"text_input is_empty\" type=\"text\" id=\"avia_1_1\" value=\"\" \/><\/p><p class='  first_form  form_element form_fullwidth' id='element_avia_2_1'><label for=\"avia_2_1\">Correo electr\u00f3nico <abbr class=\"required\" title=\"required\">*<\/abbr><\/label> <input name=\"avia_2_1\" class=\"text_input is_email\" type=\"text\" id=\"avia_2_1\" value=\"\" \/><\/p><p class='  first_form  form_element form_fullwidth' id='element_avia_3_1'><label for=\"avia_3_1\">Asunto <abbr class=\"required\" title=\"required\">*<\/abbr><\/label> <input name=\"avia_3_1\" class=\"text_input is_empty\" type=\"text\" id=\"avia_3_1\" value=\"\" \/><\/p><p class='  first_form  form_element form_fullwidth' id='element_avia_4_1'><label for=\"avia_4_1\" class=\"textare_label hidden textare_label_avia_4_1\">Mensaje <abbr class=\"required\" title=\"required\">*<\/abbr><\/label><textarea  name=\"avia_4_1\" class=\"text_area is_empty\" cols=\"40\" rows=\"7\" id=\"avia_4_1\" ><\/textarea><\/p><p class=\"hidden\"><input type=\"text\" name=\"avia_5_1\" class=\"hidden \" id=\"avia_5_1\" value=\"\" \/><\/p><div id='avia_6_1' class='av-recaptcha-area  first_form  form_element form_fullwidth '  data-container_class=\"\" data-custom_class=\"\" data-context=\"av_contact_form\" data-token_input=\"av_recaptcha_token\" data-version=\"avia_recaptcha_v3\" data-theme=\"light\" data-size=\"normal\" data-score=\"0.5\" data-text_to_preview=\"\" data-value=\"\"><div class=\"av-google-badge-message hidden\">This site is protected by reCAPTCHA and the Google <a href=\"https:\/\/policies.google.com\/privacy\" target=\"_blank\" rel=\"noopener noreferrer\">Privacy Policy<\/a> and <a href=\"https:\/\/policies.google.com\/terms\" target=\"_blank\" rel=\"noopener noreferrer\">Terms of Service<\/a> apply.<\/div><\/div><p class=\"form_element \"><input type=\"hidden\" value=\"1\" name=\"avia_generated_form1\" \/><input type=\"submit\" value=\"Enviar\" class=\"button\"  data-sending-label=\"Sending\"\/><\/p><\/fieldset><div class=\"avia-disabled-form\">This contact form is deactivated because you refused to accept Google reCaptcha service which is necessary to validate any messages sent by the form.<\/div><\/form><div id=\"ajaxresponse_1\" class=\"ajaxresponse ajaxresponse_1 hidden\"><\/div><\/p><\/div><\/p>\n<div  class='flex_column av-6z5fi6y-33343acf12d4bac24291739a3a8798ab av_one_half  avia-builder-el-6  el_after_av_one_half  el_before_av_one_half  flex_column_div  column-top-margin'     ><p><section  class='av_textblock_section av-l8u99ij0-87f3acaa12afa07ee360a423925b3840 '   itemscope=\"itemscope\" itemtype=\"https:\/\/schema.org\/CreativeWork\" ><div class='avia_textblock'  itemprop=\"text\" ><div id=\"attachment_131699\" style=\"width: 505px\" class=\"wp-caption aligncenter\"><img loading=\"lazy\" decoding=\"async\" aria-describedby=\"caption-attachment-131699\" class=\"wp-image-131698 size-portfolio\" src=\"https:\/\/attradev.ncat.org\/wp-content\/uploads\/2022\/10\/urban-andy-022020-495x400.jpg\" alt=\"Andy Pressman\" width=\"495\" height=\"400\"><p id=\"caption-attachment-131699\" class=\"wp-caption-text\">Andy Pressman, Director del Programa de Agricultura Sustentable (SARC) de NCAT, recorre un vi\u00f1edo urbano.<\/p><\/div>\n<\/div><\/section><br \/>\n<div  class='hr av-78oym8q-6955170e06c28e57737b65fe5a3b5145 hr-default  avia-builder-el-8  el_after_av_textblock  el_before_av_textblock '><span class='hr-inner '><span class=\"hr-inner-style\"><\/span><\/span><\/div><br \/>\n<section  class='av_textblock_section av-8l5eopm-c4cf88ba30a045f3c8dce214f2e3956c '   itemscope=\"itemscope\" itemtype=\"https:\/\/schema.org\/CreativeWork\" ><div class='avia_textblock'  itemprop=\"text\" ><p><em>Tenga <strong style=\"color: red;\">en Cuenta<\/strong>. Todas las propuestas de pr\u00e1cticas se revisan antes de ser publicadas en el sitio web. Esto garantiza la claridad y la buena experiencia del usuario. Publicamos nuevos puestos de trabajo en pr\u00e1cticas todos los d\u00edas de la semana por la ma\u00f1ana. Si publica durante el fin de semana, se a\u00f1adir\u00e1 el lunes. Gracias por su paciencia y por utilizar nuestro servicio.<\/em><\/p>\n<\/div><\/section><\/p><\/div>\n<div  class='flex_column av-ykrievu-38f33c6729547d79883412d29648630b av_one_half  avia-builder-el-10  el_after_av_one_half  el_before_av_one_half  first flex_column_div  column-top-margin'     ><\/div>\n<div  class='flex_column av-bae7hqy-2ef3812eb6f76c49b6e70216a09e18ec av_one_half  avia-builder-el-11  el_after_av_one_half  avia-builder-el-last  flex_column_div  column-top-margin'     ><\/div>\n","protected":false},"excerpt":{"rendered":"","protected":false},"author":1,"featured_media":0,"parent":0,"menu_order":0,"comment_status":"closed","ping_status":"closed","template":"","meta":{"_acf_changed":false,"_price":"","_stock":"","_tribe_ticket_header":"","_tribe_default_ticket_provider":"","_tribe_ticket_capacity":"0","_ticket_start_date":"","_ticket_end_date":"","_tribe_ticket_show_description":"","_tribe_ticket_show_not_going":false,"_tribe_ticket_use_global_stock":"","_tribe_ticket_global_stock_level":"","_global_stock_mode":"","_global_stock_cap":"","_tribe_rsvp_for_event":"","_tribe_ticket_going_count":"","_tribe_ticket_not_going_count":"","_tribe_tickets_list":"[]","_tribe_ticket_has_attendee_info_fields":false,"footnotes":"","beyondwords_generate_audio":"","beyondwords_integration_method":"","beyondwords_project_id":"","beyondwords_content_id":"","beyondwords_preview_token":"","beyondwords_player_content":"","beyondwords_player_style":"","beyondwords_language_code":"","beyondwords_language_id":"","beyondwords_title_voice_id":"","beyondwords_body_voice_id":"","beyondwords_summary_voice_id":"","beyondwords_error_message":"","beyondwords_disabled":"","beyondwords_delete_content":"","beyondwords_podcast_id":"","beyondwords_hash":"","publish_post_to_speechkit":"","speechkit_hash":"","speechkit_generate_audio":"","speechkit_project_id":"","speechkit_podcast_id":"","speechkit_error_message":"","speechkit_disabled":"","speechkit_access_key":"","speechkit_error":"","speechkit_info":"","speechkit_response":"","speechkit_retries":"","speechkit_status":"","speechkit_updated_at":"","_speechkit_link":"","_speechkit_text":"","_tec_slr_enabled":"","_tec_slr_layout":""},"categories":[],"tags":[],"class_list":["post-139794","page","type-page","status-publish","hentry"],"acf":[],"publishpress_future_workflow_manual_trigger":{"enabledWorkflows":[]},"distributor_meta":false,"distributor_terms":false,"distributor_media":false,"distributor_original_site_name":"ATTRA - Agricultura Sustentable","distributor_original_site_url":"https:\/\/attra.ncat.org\/es\/","push-errors":false,"ticketed":false,"_links":{"self":[{"href":"https:\/\/attra.ncat.org\/es\/wp-json\/wp\/v2\/pages\/139794","targetHints":{"allow":["GET"]}}],"collection":[{"href":"https:\/\/attra.ncat.org\/es\/wp-json\/wp\/v2\/pages"}],"about":[{"href":"https:\/\/attra.ncat.org\/es\/wp-json\/wp\/v2\/types\/page"}],"author":[{"embeddable":true,"href":"https:\/\/attra.ncat.org\/es\/wp-json\/wp\/v2\/users\/1"}],"replies":[{"embeddable":true,"href":"https:\/\/attra.ncat.org\/es\/wp-json\/wp\/v2\/comments?post=139794"}],"version-history":[{"count":2,"href":"https:\/\/attra.ncat.org\/es\/wp-json\/wp\/v2\/pages\/139794\/revisions"}],"predecessor-version":[{"id":139796,"href":"https:\/\/attra.ncat.org\/es\/wp-json\/wp\/v2\/pages\/139794\/revisions\/139796"}],"wp:attachment":[{"href":"https:\/\/attra.ncat.org\/es\/wp-json\/wp\/v2\/media?parent=139794"}],"wp:term":[{"taxonomy":"category","embeddable":true,"href":"https:\/\/attra.ncat.org\/es\/wp-json\/wp\/v2\/categories?post=139794"},{"taxonomy":"post_tag","embeddable":true,"href":"https:\/\/attra.ncat.org\/es\/wp-json\/wp\/v2\/tags?post=139794"}],"curies":[{"name":"wp","href":"https:\/\/api.w.org\/{rel}","templated":true}]}}