

{"id":139800,"date":"2018-09-21T12:28:22","date_gmt":"2018-09-21T17:28:22","guid":{"rendered":"https:\/\/attra.ncat.org\/temas\/canamo\/"},"modified":"2023-07-10T15:02:45","modified_gmt":"2023-07-10T20:02:45","slug":"canamo","status":"publish","type":"page","link":"https:\/\/attra.ncat.org\/es\/temas\/canamo\/","title":{"rendered":"C\u00e1\u00f1amo"},"content":{"rendered":"<div  class='flex_column av-1bfdwqy4-e6e7ba9dc7dde5e3766e346eace54df0 av_three_fourth  avia-builder-el-0  el_before_av_one_fourth  avia-builder-el-first  first flex_column_div  '     ><p>\n<style type=\"text\/css\" data-created_by=\"avia_inline_auto\" id=\"style-css-av-l6cj6l1g-c0757dd2ef559791255277f15c3186f7\">\n#top .av-special-heading.av-l6cj6l1g-c0757dd2ef559791255277f15c3186f7{\npadding-bottom:10px;\n}\nbody .av-special-heading.av-l6cj6l1g-c0757dd2ef559791255277f15c3186f7 .av-special-heading-tag .heading-char{\nfont-size:25px;\n}\n.av-special-heading.av-l6cj6l1g-c0757dd2ef559791255277f15c3186f7 .av-subheading{\nfont-size:15px;\n}\n<\/style>\n<div  class='av-special-heading av-l6cj6l1g-c0757dd2ef559791255277f15c3186f7 av-special-heading-h1 blockquote modern-quote  avia-builder-el-1  el_before_av_textblock  avia-builder-el-first '><h1 class='av-special-heading-tag '  itemprop=\"headline\"  >C\u00e1\u00f1amo<\/h1><div class=\"special-heading-border\"><div class=\"special-heading-inner-border\"><\/div><\/div><\/div><br \/>\n<section  class='av_textblock_section av-l6cjdb0z-1057b185fab54c52be0ca1a2759e9fa9 '   itemscope=\"itemscope\" itemtype=\"https:\/\/schema.org\/CreativeWork\" ><div class='avia_textblock'  itemprop=\"text\" ><p><span class=\"TextRun SCXW266762865 BCX0\" lang=\"EN-US\" data-contrast=\"none\" xml:lang=\"EN-US\">El <span class=\"NormalTextRun SCXW266762865 BCX0\">c\u00e1\u00f1amo <\/span> es un <span class=\"NormalTextRun SCXW266762865 BCX0\"> anual le\u00f1oso <\/span><span class=\"NormalTextRun SCXW266762865 BCX0\">de r\u00e1pido crecimiento<\/span> que <span class=\"NormalTextRun SCXW266762865 BCX0\">se puede <\/span><span class=\"NormalTextRun SCXW266762865 BCX0\">cultivar para producir<\/span> <span class=\"NormalTextRun SCXW266762865 BCX0\">CBD,<\/span> <span class=\"NormalTextRun SCXW266762865 BCX0\">grano o fibra<\/span>. <span class=\"NormalTextRun SCXW266762865 BCX0\">El c\u00e1\u00f1amo se volvio legal a nivel federal en 2018<\/span> <span class=\"NormalTextRun SCXW266762865 BCX0\">y es un cultivo altamente regulado<\/span><span class=\"NormalTextRun SCXW266762865 BCX0\">.<\/span><span class=\"NormalTextRun SCXW266762865 BCX0\"> <\/span><span class=\"NormalTextRun SCXW266762865 BCX0\"><\/span> <\/span><\/p>\n<p><span class=\"TextRun SCXW266762865 BCX0\" lang=\"EN-US\" data-contrast=\"none\" xml:lang=\"EN-US\"><span class=\"NormalTextRun SCXW266762865 BCX0\">Hay muchas consideraciones a tener en cuenta con <\/span><span class=\"NormalTextRun SCXW266762865 BCX0\">la planificaci\u00f3n de una<\/span> <span class=\"NormalTextRun SCXW266762865 BCX0\">operaci\u00f3n<\/span><span class=\"NormalTextRun SCXW266762865 BCX0\"> de c\u00e1\u00f1amo<\/span><span class=\"NormalTextRun SCXW266762865 BCX0\">, como <\/span><span class=\"NormalTextRun SCXW266762865 BCX0\">asegurar mercados estables,<\/span><span class=\"NormalTextRun SCXW266762865 BCX0\"> incorpor<\/span><span class=\"NormalTextRun SCXW266762865 BCX0\">ar<\/span><span class=\"NormalTextRun SCXW266762865 BCX0\"> c\u00e1\u00f1amo en tu <\/span><span class=\"NormalTextRun ContextualSpellingAndGrammarErrorV2Themed SCXW266762865 BCX0\">planificaci\u00f3n<\/span><span class=\"NormalTextRun SCXW266762865 BCX0\"> de dise\u00f1o <\/span><span class=\"NormalTextRun SCXW266762865 BCX0\">completo de granja<\/span><span class=\"NormalTextRun SCXW266762865 BCX0\">,<\/span> <span class=\"NormalTextRun CommentStart SCXW266762865 BCX0\">seleccionando la gen\u00e9tica adecuada y <\/span><span class=\"NormalTextRun SCXW266762865 BCX0\">semilla <\/span><span class=\"NormalTextRun SCXW266762865 BCX0\">variedades<\/span> <span class=\"NormalTextRun SCXW266762865 BCX0\">manipulaci\u00f3n de materiales, <\/span><span class=\"NormalTextRun SCXW266762865 BCX0\">planificaci\u00f3n financiera,<\/span><span class=\"NormalTextRun SCXW266762865 BCX0\"> y<\/span><span class=\"NormalTextRun SCXW266762865 BCX0\"> planificaci\u00f3n laboral<\/span><span class=\"NormalTextRun SCXW266762865 BCX0\">.<\/span> <span class=\"NormalTextRun SCXW266762865 BCX0\">Cuando llega el momento de plantar un cultivo de c\u00e1\u00f1amo, es importante pensar en el espaciado y el dise\u00f1o adecuado<\/span><span class=\"NormalTextRun SCXW266762865 BCX0\">,<\/span><span class=\"NormalTextRun SCXW266762865 BCX0\"> dependiendo de tu <\/span><span class=\"NormalTextRun SCXW266762865 BCX0\">objetivo de <\/span><span class=\"NormalTextRun SCXW266762865 BCX0\">producci\u00f3n de <\/span><span class=\"NormalTextRun SCXW266762865 BCX0\">c\u00e1\u00f1am<\/span><span class=\"NormalTextRun SCXW266762865 BCX0\">o, <\/span><span class=\"NormalTextRun SCXW266762865 BCX0\">riego, control de malezas, fertilizaci\u00f3n, MIP, <\/span><span class=\"NormalTextRun SCXW266762865 BCX0\">y otras <\/span><span class=\"NormalTextRun SCXW266762865 BCX0\">pr\u00e1cticas agron\u00f3micas mejorada<\/span><span class=\"NormalTextRun SCXW266762865 BCX0\">s.<\/span> <\/span><\/p>\n<p><span class=\"TextRun SCXW266762865 BCX0\" lang=\"EN-US\" data-contrast=\"none\" xml:lang=\"EN-US\"><span class=\"NormalTextRun SCXW266762865 BCX0\">Hay muchas regulaciones de las cuales <\/span><span class=\"NormalTextRun SCXW266762865 BCX0\">debe ser <\/span><span class=\"NormalTextRun SCXW266762865 BCX0\">consciente<\/span><span class=\"NormalTextRun SCXW266762865 BCX0\">,<\/span><span class=\"NormalTextRun SCXW266762865 BCX0\"> como<\/span><span class=\"NormalTextRun SCXW266762865 BCX0\"> la certificaci\u00f3n<\/span><span class=\"NormalTextRun SCXW266762865 BCX0\"> de semillas,<\/span> <span class=\"NormalTextRun SCXW266762865 BCX0\">tiempo de <\/span><span class=\"NormalTextRun SCXW266762865 BCX0\">cosecha, THC <\/span><span class=\"NormalTextRun SCXW266762865 BCX0\">y <\/span><span class=\"NormalTextRun SCXW266762865 BCX0\">pruebas de normas de calidad,<\/span> <span class=\"NormalTextRun SCXW266762865 BCX0\">y <\/span><span class=\"NormalTextRun SCXW266762865 BCX0\">licenciamiento. <\/span><span class=\"NormalTextRun SCXW266762865 BCX0\">Debido a las regulaciones y los mercados inestables, el c\u00e1\u00f1amo puede ser un cultivo arriesgado, pero con una planificaci\u00f3n y gesti\u00f3n adecuadas<\/span><span class=\"NormalTextRun SCXW266762865 BCX0\">,<\/span> <span class=\"NormalTextRun SCXW266762865 BCX0\">puede<\/span><span class=\"NormalTextRun SCXW266762865 BCX0\"> ser una adici\u00f3n sostenible a una granja.<\/span><span class=\"NormalTextRun SCXW266762865 BCX0\"> Aprende m\u00e1s <\/span><span class=\"NormalTextRun SCXW266762865 BCX0\">en<\/span><span class=\"NormalTextRun SCXW266762865 BCX0\"> los recursos pr\u00e1cticos de ATTRA a continuaci\u00f3n.<\/span><\/span><\/p>\n<\/div><\/section><\/p><\/div><div  class='flex_column av-178zkrn0-99fad0b5e0f6abab1be0476249ce31f0 av_one_fourth  avia-builder-el-3  el_after_av_three_fourth  el_before_av_one_full  flex_column_div  '     ><p>\n<style type=\"text\/css\" data-created_by=\"avia_inline_auto\" id=\"style-css-av-l6cj7mj6-420c37c3d9ced9ba0aac15936e913f62\">\n#top .av-special-heading.av-l6cj7mj6-420c37c3d9ced9ba0aac15936e913f62{\npadding-bottom:10px;\n}\nbody .av-special-heading.av-l6cj7mj6-420c37c3d9ced9ba0aac15936e913f62 .av-special-heading-tag .heading-char{\nfont-size:25px;\n}\n.av-special-heading.av-l6cj7mj6-420c37c3d9ced9ba0aac15936e913f62 .av-subheading{\nfont-size:15px;\n}\n<\/style>\n<div  class='av-special-heading av-l6cj7mj6-420c37c3d9ced9ba0aac15936e913f62 av-special-heading-h2 blockquote modern-quote  avia-builder-el-4  el_before_av_image  avia-builder-el-first '><h2 class='av-special-heading-tag '  itemprop=\"headline\"  >Temas relacionados<\/h2><div class=\"special-heading-border\"><div class=\"special-heading-inner-border\"><\/div><\/div><\/div><br \/>\n\n<style type=\"text\/css\" data-created_by=\"avia_inline_auto\" id=\"style-css-av-l75aaps3-e82cdcbc098622bfc6290311713c88db\">\n.avia-image-container.av-l75aaps3-e82cdcbc098622bfc6290311713c88db img.avia_image{\nbox-shadow:none;\n}\n.avia-image-container.av-l75aaps3-e82cdcbc098622bfc6290311713c88db .av-caption-image-overlay-bg{\nopacity:0.1;\nbackground-color:#000000;\n}\n.avia-image-container.av-l75aaps3-e82cdcbc098622bfc6290311713c88db .av-image-caption-overlay-center{\ncolor:#ffffff;\nfont-size:25px;\n}\n<\/style>\n<div  class='avia-image-container av-l75aaps3-e82cdcbc098622bfc6290311713c88db av-styling- av-img-linked avia-align-center  avia-builder-el-5  el_after_av_heading  el_before_av_image  noHover av-overlay-hover-deactivate'   itemprop=\"image\" itemscope=\"itemscope\" itemtype=\"https:\/\/schema.org\/ImageObject\" ><div class=\"avia-image-container-inner\"><div class=\"avia-image-overlay-wrap\"><a href=\"https:\/\/attra.ncat.org\/es\/bienestar-del-agricultor\/\" class='avia_image '  aria-label='New farmer Leonardo Aguila checks his orchard of avocado trees on his 6.3-acre farm in Fallbrook, CA, on Nov. 11, 2018. USDA'><div class=\"av-image-caption-overlay\"><div class=\"av-caption-image-overlay-bg\"><\/div><div class=\"av-image-caption-overlay-position\"><div class=\"av-image-caption-overlay-center\"><p>CULTIVOS<\/p>\n<\/div><\/div><\/div><img decoding=\"async\" fetchpriority=\"high\" class='wp-image-128466 avia-img-lazy-loading-not-128466 avia_image ' src=\"https:\/\/attra.ncat.org\/wp-content\/uploads\/2022\/09\/New-farmer-Leonardo-Aguila-checks-his-orchard-of-avocado-trees-on-his-6.3-acre-farm-in-Fallbrook-CA-on-Nov.-11-2018.-USDA-.jpg\" alt='New farmer Leonardo Aguila checks his orchard of avocado trees on his 6.3-acre farm in Fallbrook, CA, on Nov. 11, 2018. USDA' title='New farmer Leonardo Aguila checks his orchard of avocado trees on his 6.3-acre farm in Fallbrook, CA, on Nov. 11, 2018. USDA'  height=\"1365\" width=\"2047\"  itemprop=\"thumbnailUrl\" srcset=\"https:\/\/attra.ncat.org\/wp-content\/uploads\/2022\/09\/New-farmer-Leonardo-Aguila-checks-his-orchard-of-avocado-trees-on-his-6.3-acre-farm-in-Fallbrook-CA-on-Nov.-11-2018.-USDA-.jpg 2047w, https:\/\/attra.ncat.org\/wp-content\/uploads\/2022\/09\/New-farmer-Leonardo-Aguila-checks-his-orchard-of-avocado-trees-on-his-6.3-acre-farm-in-Fallbrook-CA-on-Nov.-11-2018.-USDA--350x233.jpg 350w, https:\/\/attra.ncat.org\/wp-content\/uploads\/2022\/09\/New-farmer-Leonardo-Aguila-checks-his-orchard-of-avocado-trees-on-his-6.3-acre-farm-in-Fallbrook-CA-on-Nov.-11-2018.-USDA--1030x687.jpg 1030w, https:\/\/attra.ncat.org\/wp-content\/uploads\/2022\/09\/New-farmer-Leonardo-Aguila-checks-his-orchard-of-avocado-trees-on-his-6.3-acre-farm-in-Fallbrook-CA-on-Nov.-11-2018.-USDA--768x512.jpg 768w, https:\/\/attra.ncat.org\/wp-content\/uploads\/2022\/09\/New-farmer-Leonardo-Aguila-checks-his-orchard-of-avocado-trees-on-his-6.3-acre-farm-in-Fallbrook-CA-on-Nov.-11-2018.-USDA--1536x1024.jpg 1536w, https:\/\/attra.ncat.org\/wp-content\/uploads\/2022\/09\/New-farmer-Leonardo-Aguila-checks-his-orchard-of-avocado-trees-on-his-6.3-acre-farm-in-Fallbrook-CA-on-Nov.-11-2018.-USDA--1500x1000.jpg 1500w, https:\/\/attra.ncat.org\/wp-content\/uploads\/2022\/09\/New-farmer-Leonardo-Aguila-checks-his-orchard-of-avocado-trees-on-his-6.3-acre-farm-in-Fallbrook-CA-on-Nov.-11-2018.-USDA--705x470.jpg 705w\" sizes=\"(max-width: 2047px) 100vw, 2047px\" \/><\/a><\/div><\/div><\/div><br \/>\n\n<style type=\"text\/css\" data-created_by=\"avia_inline_auto\" id=\"style-css-av-l83kuqmx-d3a47f336ff103544e237caee7b8fb70\">\n.avia-image-container.av-l83kuqmx-d3a47f336ff103544e237caee7b8fb70 img.avia_image{\nbox-shadow:none;\n}\n.avia-image-container.av-l83kuqmx-d3a47f336ff103544e237caee7b8fb70 .av-caption-image-overlay-bg{\nopacity:0.1;\nbackground-color:#000000;\n}\n.avia-image-container.av-l83kuqmx-d3a47f336ff103544e237caee7b8fb70 .av-image-caption-overlay-center{\ncolor:#ffffff;\nfont-size:25px;\n}\n<\/style>\n<div  class='avia-image-container av-l83kuqmx-d3a47f336ff103544e237caee7b8fb70 av-styling- av-img-linked avia-align-center  avia-builder-el-6  el_after_av_image  el_before_av_heading  noHover av-overlay-hover-deactivate'   itemprop=\"image\" itemscope=\"itemscope\" itemtype=\"https:\/\/schema.org\/ImageObject\" ><div class=\"avia-image-container-inner\"><div class=\"avia-image-overlay-wrap\"><a href=\"https:\/\/attra.ncat.org\/es\/negocios-y-marketing\/\" class='avia_image '  aria-label='50988405928_d028002620_k'><div class=\"av-image-caption-overlay\"><div class=\"av-caption-image-overlay-bg\"><\/div><div class=\"av-image-caption-overlay-position\"><div class=\"av-image-caption-overlay-center\"><p>NEGOCIOS Y MARKETING<\/p>\n<\/div><\/div><\/div><img decoding=\"async\" fetchpriority=\"high\" class='wp-image-128445 avia-img-lazy-loading-not-128445 avia_image ' src=\"https:\/\/attra.ncat.org\/wp-content\/uploads\/2022\/09\/50988405928_d028002620_k.jpg\" alt='Marty Holman works the computer in his outdoor office on Holman\u2019s Harvest Farms in Loxahatchee Groves, Florida, February 25, 2021.  Holman raises chickens, cattle, vegetable, and tropical fruit on his 15 acres.     USDA\/FPAC photo by Preston Keres' title='50988405928_d028002620_k'  height=\"1365\" width=\"2048\"  itemprop=\"thumbnailUrl\" srcset=\"https:\/\/attra.ncat.org\/wp-content\/uploads\/2022\/09\/50988405928_d028002620_k.jpg 2048w, https:\/\/attra.ncat.org\/wp-content\/uploads\/2022\/09\/50988405928_d028002620_k-350x233.jpg 350w, https:\/\/attra.ncat.org\/wp-content\/uploads\/2022\/09\/50988405928_d028002620_k-1030x686.jpg 1030w, https:\/\/attra.ncat.org\/wp-content\/uploads\/2022\/09\/50988405928_d028002620_k-768x512.jpg 768w, https:\/\/attra.ncat.org\/wp-content\/uploads\/2022\/09\/50988405928_d028002620_k-1536x1024.jpg 1536w, https:\/\/attra.ncat.org\/wp-content\/uploads\/2022\/09\/50988405928_d028002620_k-1500x1000.jpg 1500w, https:\/\/attra.ncat.org\/wp-content\/uploads\/2022\/09\/50988405928_d028002620_k-705x470.jpg 705w\" sizes=\"(max-width: 2048px) 100vw, 2048px\" \/><\/a><\/div><\/div><\/div><br \/>\n\n<style type=\"text\/css\" data-created_by=\"avia_inline_auto\" id=\"style-css-av-5jfoxrc-ed5f92e85907eb08ee0247ae62f0ac76\">\n#top .av-special-heading.av-5jfoxrc-ed5f92e85907eb08ee0247ae62f0ac76{\npadding-bottom:10px;\n}\nbody .av-special-heading.av-5jfoxrc-ed5f92e85907eb08ee0247ae62f0ac76 .av-special-heading-tag .heading-char{\nfont-size:25px;\n}\n.av-special-heading.av-5jfoxrc-ed5f92e85907eb08ee0247ae62f0ac76 .av-subheading{\nfont-size:15px;\n}\n<\/style>\n<div  class='av-special-heading av-5jfoxrc-ed5f92e85907eb08ee0247ae62f0ac76 av-special-heading-h2 blockquote modern-quote  avia-builder-el-7  el_after_av_image  el_before_av_team_member '><h2 class='av-special-heading-tag '  itemprop=\"headline\"  >Personal Experto<\/h2><div class=\"special-heading-border\"><div class=\"special-heading-inner-border\"><\/div><\/div><\/div><br \/>\n<section  class='avia-team-member av-l83km1ye-2393049a9a8b6180593cc9d62b8e7c7d  avia-builder-el-8  el_after_av_heading  avia-builder-el-last '  itemscope=\"itemscope\" itemtype=\"https:\/\/schema.org\/Person\" ><div class=\"team-img-container\"><img decoding=\"async\" fetchpriority=\"high\" class='wp-image-121951 avia-img-lazy-loading-not-121951 avia_image avia_image_team' src=\"https:\/\/attra.ncat.org\/wp-content\/uploads\/2021\/05\/mike-lewis-350x350-1.jpg\" alt='Mike Lewis'  itemprop=\"image\"   height=\"350\" width=\"350\" srcset=\"https:\/\/attra.ncat.org\/wp-content\/uploads\/2021\/05\/mike-lewis-350x350-1.jpg 350w, https:\/\/attra.ncat.org\/wp-content\/uploads\/2021\/05\/mike-lewis-350x350-1-90x90.jpg 90w, https:\/\/attra.ncat.org\/wp-content\/uploads\/2021\/05\/mike-lewis-350x350-1-36x36.jpg 36w, https:\/\/attra.ncat.org\/wp-content\/uploads\/2021\/05\/mike-lewis-350x350-1-180x180.jpg 180w\" sizes=\"(max-width: 350px) 100vw, 350px\" \/><div class=\"team-social\"><div class=\"team-social-inner\"><span class='hidden av_member_url_markup '  itemprop=\"url\" >https:\/\/attra.ncat.org\/es\/mike-lewis\/<\/span><a href='https:\/\/attra.ncat.org\/es\/mike-lewis\/' class='avia-team-icon av-l83kl2pd-5265b904a86e81f9d6590e806024a3e4 avia-iconfont avia-font-entypo-fontello' rel='v:url' data-avia-tooltip=\"Con\u00e9ctate con Mike\"  data-av_icon='\ue840' data-av_iconfont='entypo-fontello' ><\/a><\/div><\/div><\/div><h3 class='team-member-name '  itemprop=\"name\" >Mike Lewis<\/h3><span class='hidden team-member-affiliation'  itemprop=\"affiliation\" >ATTRA - Agricultura Sustentable<\/span><\/section><\/p><\/div><div  class='flex_column av-ecje9rg-d0c95aaa013c2c934e638bbe6f10584e av_one_full  avia-builder-el-9  el_after_av_one_fourth  avia-builder-el-last  first flex_column_div  column-top-margin'     ><\/div><\/p>\n","protected":false},"excerpt":{"rendered":"","protected":false},"author":1,"featured_media":128881,"parent":134364,"menu_order":0,"comment_status":"closed","ping_status":"closed","template":"","meta":{"_acf_changed":false,"_price":"","_stock":"","_tribe_ticket_header":"","_tribe_default_ticket_provider":"","_tribe_ticket_capacity":"0","_ticket_start_date":"","_ticket_end_date":"","_tribe_ticket_show_description":"","_tribe_ticket_show_not_going":false,"_tribe_ticket_use_global_stock":"","_tribe_ticket_global_stock_level":"","_global_stock_mode":"","_global_stock_cap":"","_tribe_rsvp_for_event":"","_tribe_ticket_going_count":"","_tribe_ticket_not_going_count":"","_tribe_tickets_list":"[]","_tribe_ticket_has_attendee_info_fields":false,"footnotes":"","beyondwords_generate_audio":"","beyondwords_integration_method":"","beyondwords_project_id":"","beyondwords_content_id":"","beyondwords_preview_token":"","beyondwords_player_content":"","beyondwords_player_style":"","beyondwords_language_code":"","beyondwords_language_id":"","beyondwords_title_voice_id":"","beyondwords_body_voice_id":"","beyondwords_summary_voice_id":"","beyondwords_error_message":"","beyondwords_disabled":"","beyondwords_delete_content":"","beyondwords_podcast_id":"","beyondwords_hash":"","publish_post_to_speechkit":"","speechkit_hash":"","speechkit_generate_audio":"","speechkit_project_id":"","speechkit_podcast_id":"","speechkit_error_message":"","speechkit_disabled":"","speechkit_access_key":"","speechkit_error":"","speechkit_info":"","speechkit_response":"","speechkit_retries":"","speechkit_status":"","speechkit_updated_at":"","_speechkit_link":"","_speechkit_text":"","_tec_slr_enabled":"","_tec_slr_layout":""},"categories":[58],"tags":[473,145],"class_list":["post-139800","page","type-page","status-publish","has-post-thumbnail","hentry","category-crops","tag-hemp","tag-specialty-crops"],"acf":[],"publishpress_future_workflow_manual_trigger":{"enabledWorkflows":[]},"distributor_meta":false,"distributor_terms":false,"distributor_media":false,"distributor_original_site_name":"ATTRA - Agricultura Sustentable","distributor_original_site_url":"https:\/\/attra.ncat.org\/es\/","push-errors":false,"ticketed":false,"_links":{"self":[{"href":"https:\/\/attra.ncat.org\/es\/wp-json\/wp\/v2\/pages\/139800","targetHints":{"allow":["GET"]}}],"collection":[{"href":"https:\/\/attra.ncat.org\/es\/wp-json\/wp\/v2\/pages"}],"about":[{"href":"https:\/\/attra.ncat.org\/es\/wp-json\/wp\/v2\/types\/page"}],"author":[{"embeddable":true,"href":"https:\/\/attra.ncat.org\/es\/wp-json\/wp\/v2\/users\/1"}],"replies":[{"embeddable":true,"href":"https:\/\/attra.ncat.org\/es\/wp-json\/wp\/v2\/comments?post=139800"}],"version-history":[{"count":26,"href":"https:\/\/attra.ncat.org\/es\/wp-json\/wp\/v2\/pages\/139800\/revisions"}],"predecessor-version":[{"id":150187,"href":"https:\/\/attra.ncat.org\/es\/wp-json\/wp\/v2\/pages\/139800\/revisions\/150187"}],"up":[{"embeddable":true,"href":"https:\/\/attra.ncat.org\/es\/wp-json\/wp\/v2\/pages\/134364"}],"wp:featuredmedia":[{"embeddable":true,"href":"https:\/\/attra.ncat.org\/es\/wp-json\/wp\/v2\/media\/128881"}],"wp:attachment":[{"href":"https:\/\/attra.ncat.org\/es\/wp-json\/wp\/v2\/media?parent=139800"}],"wp:term":[{"taxonomy":"category","embeddable":true,"href":"https:\/\/attra.ncat.org\/es\/wp-json\/wp\/v2\/categories?post=139800"},{"taxonomy":"post_tag","embeddable":true,"href":"https:\/\/attra.ncat.org\/es\/wp-json\/wp\/v2\/tags?post=139800"}],"curies":[{"name":"wp","href":"https:\/\/api.w.org\/{rel}","templated":true}]}}