

{"id":139927,"date":"2018-09-23T10:34:11","date_gmt":"2018-09-23T15:34:11","guid":{"rendered":"https:\/\/attra.ncat.org\/temas\/cultivos-de-campo\/"},"modified":"2022-12-13T16:33:21","modified_gmt":"2022-12-13T22:33:21","slug":"cultivos-de-campo","status":"publish","type":"page","link":"https:\/\/attra.ncat.org\/es\/temas\/cultivos-de-campo\/","title":{"rendered":"Cultivos de campo"},"content":{"rendered":"<div  class='flex_column av-1bfdwqy4-e6e7ba9dc7dde5e3766e346eace54df0 av_three_fourth  avia-builder-el-0  el_before_av_one_fourth  avia-builder-el-first  first flex_column_div  '     ><p>\n<style type=\"text\/css\" data-created_by=\"avia_inline_auto\" id=\"style-css-av-l6cj6l1g-4a445f3881b308a78ab0e8997707cf45\">\n#top .av-special-heading.av-l6cj6l1g-4a445f3881b308a78ab0e8997707cf45{\npadding-bottom:10px;\n}\nbody .av-special-heading.av-l6cj6l1g-4a445f3881b308a78ab0e8997707cf45 .av-special-heading-tag .heading-char{\nfont-size:25px;\n}\n.av-special-heading.av-l6cj6l1g-4a445f3881b308a78ab0e8997707cf45 .av-subheading{\nfont-size:15px;\n}\n<\/style>\n<div  class='av-special-heading av-l6cj6l1g-4a445f3881b308a78ab0e8997707cf45 av-special-heading-h1 blockquote modern-quote  avia-builder-el-1  el_before_av_image  avia-builder-el-first '><h1 class='av-special-heading-tag '  itemprop=\"headline\"  >Cultivos de campo<\/h1><div class=\"special-heading-border\"><div class=\"special-heading-inner-border\"><\/div><\/div><\/div><br \/>\n\n<style type=\"text\/css\" data-created_by=\"avia_inline_auto\" id=\"style-css-av-l8enjwgo-f03af1a67343ab13ccbf244b69a5cfe7\">\n.avia-image-container.av-l8enjwgo-f03af1a67343ab13ccbf244b69a5cfe7 img.avia_image{\nbox-shadow:none;\n}\n.avia-image-container.av-l8enjwgo-f03af1a67343ab13ccbf244b69a5cfe7 .av-image-caption-overlay-center{\ncolor:#ffffff;\n}\n<\/style>\n<div  class='avia-image-container av-l8enjwgo-f03af1a67343ab13ccbf244b69a5cfe7 av-styling- avia-align-center  avia-builder-el-2  el_after_av_heading  el_before_av_textblock '   itemprop=\"image\" itemscope=\"itemscope\" itemtype=\"https:\/\/schema.org\/ImageObject\" ><div class=\"avia-image-container-inner\"><div class=\"avia-image-overlay-wrap\"><img decoding=\"async\" fetchpriority=\"high\" class='wp-image-129663 avia-img-lazy-loading-not-129663 avia_image ' src=\"https:\/\/attra.ncat.org\/wp-content\/uploads\/2022\/09\/Wheat-harvest.png\" alt='Harvesting wheat' title='Wheat harvest'  height=\"400\" width=\"850\"  itemprop=\"thumbnailUrl\" srcset=\"https:\/\/attra.ncat.org\/wp-content\/uploads\/2022\/09\/Wheat-harvest.png 850w, https:\/\/attra.ncat.org\/wp-content\/uploads\/2022\/09\/Wheat-harvest-350x165.png 350w, https:\/\/attra.ncat.org\/wp-content\/uploads\/2022\/09\/Wheat-harvest-768x361.png 768w, https:\/\/attra.ncat.org\/wp-content\/uploads\/2022\/09\/Wheat-harvest-705x332.png 705w\" sizes=\"(max-width: 850px) 100vw, 850px\" \/><\/div><\/div><\/div><br \/>\n<section  class='av_textblock_section av-l6cjdb0z-1057b185fab54c52be0ca1a2759e9fa9 '   itemscope=\"itemscope\" itemtype=\"https:\/\/schema.org\/CreativeWork\" ><div class='avia_textblock'  itemprop=\"text\" ><p><span data-contrast=\"none\">Los cultivos de campo son una parte importante del paisaje agr\u00edcola de los Estados Unidos, tanto en sistemas org\u00e1nicos como convencionales. Se componen ampliamente de granos (trigo, cebada, ma\u00edz, arroz, sorgo, centeno y avena), legumbres secas (legumbres como guisantes verdes \/ amarillos secos, lentejas, garbanzos y frijoles), semillas oleaginosas (canola, c\u00e1rtamo, camelina, soja y lino), cultivos de fibra (c\u00e1\u00f1amo industrial, algod\u00f3n y lino) y heno. <\/span><\/p>\n<p><span data-contrast=\"none\">En general, los cultivos de campo son cultivos anuales en lugar de cultivos perennes, y esta definici\u00f3n los distingue de los cultivos hort\u00edcolas que tambi\u00e9n se pueden cultivar a escala de campo, como frutas, verduras, nueces de \u00e1rbol, cultivos de vivero y cultivos flor\u00edcolas.<\/span><span data-ccp-props=\"{\"> <\/span><\/p>\n<p><span data-contrast=\"none\">Muchos sistemas convencionales de producci\u00f3n de cultivos de campo causan da\u00f1os ambientales y degradaci\u00f3n del suelo, incluida la filtraci\u00f3n salina, da\u00f1os en los cultivos por productos qu\u00edmicos aplicados originalmente a los cultivos listos para el glifosato y una mayor acidificaci\u00f3n del suelo. Causado en parte por monocultivos como los sistemas trigo-barbecho-trigo, este da\u00f1o puede revertirse incorporando semillas oleaginosas y legumbres en estas rotaciones de cultivos. <\/span><span data-ccp-props=\"{\"> <\/span><\/p>\n<p><span data-contrast=\"none\">Los cultivos de campo integrados con cultivos de cobertura, abonos verdes, pr\u00e1cticas de producci\u00f3n m\u00e1s sostenibles y rotaciones de cultivos m\u00e1s complejas, tienen el potencial de mejorar la salud del suelo y secuestrar m\u00e1s carbono a gran escala, debido a las superficies de cultivos que han sido cultivados. Los sistemas de cultivos org\u00e1nicos y los sistemas sostenibles m\u00e1s progresivos aprovechan plenamente los cultivos de cobertura, los abonos verdes, las semillas oleaginosas, los cultivos de legumbres (leguminosas secas) y, cuando es posible, la integraci\u00f3n del ganado para pastar cultivos de cobertura y residuos de cultivos. <\/span><span data-ccp-props=\"{\"> <\/span><\/p>\n<p><span data-contrast=\"none\">Los recursos pr\u00e1cticos de ATTRA en esta secci\u00f3n lo ayudar\u00e1n a aprender c\u00f3mo adoptar con \u00e9xito m\u00e9todos agr\u00edcolas sostenibles o estrategias de producci\u00f3n org\u00e1nica para cultivos de campo, incluidas las opciones de manejo del suelo y las malezas, y los m\u00e9todos de labranza y siembra, que pueden hacer que la producci\u00f3n tradicional de cultivos de campo sea m\u00e1s sostenible y econ\u00f3micamente viable.<\/span><span data-ccp-props=\"{\"> <\/span><\/p>\n<\/div><\/section><\/p><\/div>\n<div  class='flex_column av-178zkrn0-99fad0b5e0f6abab1be0476249ce31f0 av_one_fourth  avia-builder-el-4  el_after_av_three_fourth  el_before_av_one_full  flex_column_div  '     ><p>\n<style type=\"text\/css\" data-created_by=\"avia_inline_auto\" id=\"style-css-av-l6cj7mj6-420c37c3d9ced9ba0aac15936e913f62\">\n#top .av-special-heading.av-l6cj7mj6-420c37c3d9ced9ba0aac15936e913f62{\npadding-bottom:10px;\n}\nbody .av-special-heading.av-l6cj7mj6-420c37c3d9ced9ba0aac15936e913f62 .av-special-heading-tag .heading-char{\nfont-size:25px;\n}\n.av-special-heading.av-l6cj7mj6-420c37c3d9ced9ba0aac15936e913f62 .av-subheading{\nfont-size:15px;\n}\n<\/style>\n<div  class='av-special-heading av-l6cj7mj6-420c37c3d9ced9ba0aac15936e913f62 av-special-heading-h2 blockquote modern-quote  avia-builder-el-5  el_before_av_image  avia-builder-el-first '><h2 class='av-special-heading-tag '  itemprop=\"headline\"  >Temas relacionados<\/h2><div class=\"special-heading-border\"><div class=\"special-heading-inner-border\"><\/div><\/div><\/div><br \/>\n\n<style type=\"text\/css\" data-created_by=\"avia_inline_auto\" id=\"style-css-av-l75aaps3-71902d5f9536920e6b5903bb52514213\">\n.avia-image-container.av-l75aaps3-71902d5f9536920e6b5903bb52514213 img.avia_image{\nbox-shadow:none;\n}\n.avia-image-container.av-l75aaps3-71902d5f9536920e6b5903bb52514213 .av-caption-image-overlay-bg{\nopacity:0.1;\nbackground-color:#000000;\n}\n.avia-image-container.av-l75aaps3-71902d5f9536920e6b5903bb52514213 .av-image-caption-overlay-center{\ncolor:#ffffff;\nfont-size:25px;\n}\n<\/style>\n<div  class='avia-image-container av-l75aaps3-71902d5f9536920e6b5903bb52514213 av-styling- av-img-linked avia-align-center  avia-builder-el-6  el_after_av_heading  el_before_av_image  noHover av-overlay-hover-deactivate'   itemprop=\"image\" itemscope=\"itemscope\" itemtype=\"https:\/\/schema.org\/ImageObject\" ><div class=\"avia-image-container-inner\"><div class=\"avia-image-overlay-wrap\"><a href=\"https:\/\/attra.ncat.org\/es\/cultivos\/\" class='avia_image '  aria-label='New farmer Leonardo Aguila checks his orchard of avocado trees on his 6.3-acre farm in Fallbrook, CA, on Nov. 11, 2018. USDA'><div class=\"av-image-caption-overlay\"><div class=\"av-caption-image-overlay-bg\"><\/div><div class=\"av-image-caption-overlay-position\"><div class=\"av-image-caption-overlay-center\"><p>CULTIVOS<\/p>\n<\/div><\/div><\/div><img decoding=\"async\" fetchpriority=\"high\" class='wp-image-128466 avia-img-lazy-loading-not-128466 avia_image ' src=\"https:\/\/attra.ncat.org\/wp-content\/uploads\/2022\/09\/New-farmer-Leonardo-Aguila-checks-his-orchard-of-avocado-trees-on-his-6.3-acre-farm-in-Fallbrook-CA-on-Nov.-11-2018.-USDA--350x233.jpg\" alt='New farmer Leonardo Aguila checks his orchard of avocado trees on his 6.3-acre farm in Fallbrook, CA, on Nov. 11, 2018. USDA' title='New farmer Leonardo Aguila checks his orchard of avocado trees on his 6.3-acre farm in Fallbrook, CA, on Nov. 11, 2018. USDA'  height=\"233\" width=\"350\"  itemprop=\"thumbnailUrl\" srcset=\"https:\/\/attra.ncat.org\/wp-content\/uploads\/2022\/09\/New-farmer-Leonardo-Aguila-checks-his-orchard-of-avocado-trees-on-his-6.3-acre-farm-in-Fallbrook-CA-on-Nov.-11-2018.-USDA--350x233.jpg 350w, https:\/\/attra.ncat.org\/wp-content\/uploads\/2022\/09\/New-farmer-Leonardo-Aguila-checks-his-orchard-of-avocado-trees-on-his-6.3-acre-farm-in-Fallbrook-CA-on-Nov.-11-2018.-USDA--1030x687.jpg 1030w, https:\/\/attra.ncat.org\/wp-content\/uploads\/2022\/09\/New-farmer-Leonardo-Aguila-checks-his-orchard-of-avocado-trees-on-his-6.3-acre-farm-in-Fallbrook-CA-on-Nov.-11-2018.-USDA--768x512.jpg 768w, https:\/\/attra.ncat.org\/wp-content\/uploads\/2022\/09\/New-farmer-Leonardo-Aguila-checks-his-orchard-of-avocado-trees-on-his-6.3-acre-farm-in-Fallbrook-CA-on-Nov.-11-2018.-USDA--1536x1024.jpg 1536w, https:\/\/attra.ncat.org\/wp-content\/uploads\/2022\/09\/New-farmer-Leonardo-Aguila-checks-his-orchard-of-avocado-trees-on-his-6.3-acre-farm-in-Fallbrook-CA-on-Nov.-11-2018.-USDA--1500x1000.jpg 1500w, https:\/\/attra.ncat.org\/wp-content\/uploads\/2022\/09\/New-farmer-Leonardo-Aguila-checks-his-orchard-of-avocado-trees-on-his-6.3-acre-farm-in-Fallbrook-CA-on-Nov.-11-2018.-USDA--705x470.jpg 705w, https:\/\/attra.ncat.org\/wp-content\/uploads\/2022\/09\/New-farmer-Leonardo-Aguila-checks-his-orchard-of-avocado-trees-on-his-6.3-acre-farm-in-Fallbrook-CA-on-Nov.-11-2018.-USDA-.jpg 2047w\" sizes=\"(max-width: 350px) 100vw, 350px\" \/><\/a><\/div><\/div><\/div><br \/>\n\n<style type=\"text\/css\" data-created_by=\"avia_inline_auto\" id=\"style-css-av-l8endb0t-15475e957ba87ab46c504974487b1f70\">\n.avia-image-container.av-l8endb0t-15475e957ba87ab46c504974487b1f70 img.avia_image{\nbox-shadow:none;\n}\n.avia-image-container.av-l8endb0t-15475e957ba87ab46c504974487b1f70 .av-caption-image-overlay-bg{\nopacity:0.1;\nbackground-color:#000000;\n}\n.avia-image-container.av-l8endb0t-15475e957ba87ab46c504974487b1f70 .av-image-caption-overlay-center{\ncolor:#ffffff;\nfont-size:25px;\n}\n<\/style>\n<div  class='avia-image-container av-l8endb0t-15475e957ba87ab46c504974487b1f70 av-styling- av-img-linked avia-align-center  avia-builder-el-7  el_after_av_image  el_before_av_heading  noHover av-overlay-hover-deactivate'   itemprop=\"image\" itemscope=\"itemscope\" itemtype=\"https:\/\/schema.org\/ImageObject\" ><div class=\"avia-image-container-inner\"><div class=\"avia-image-overlay-wrap\"><a href=\"https:\/\/attra.ncat.org\/topics\/pulse-crops\/\" class='avia_image '  aria-label='Lentils'><div class=\"av-image-caption-overlay\"><div class=\"av-caption-image-overlay-bg\"><\/div><div class=\"av-image-caption-overlay-position\"><div class=\"av-image-caption-overlay-center\"><p>CULTIVOS DE PULSO<\/p>\n<\/div><\/div><\/div><img decoding=\"async\" fetchpriority=\"high\" class='wp-image-128973 avia-img-lazy-loading-not-128973 avia_image ' src=\"https:\/\/attra.ncat.org\/wp-content\/uploads\/2022\/09\/Lentils-350x350.png\" alt='A variety of lentils' title='Lentils'  height=\"350\" width=\"350\"  itemprop=\"thumbnailUrl\" srcset=\"https:\/\/attra.ncat.org\/wp-content\/uploads\/2022\/09\/Lentils-350x350.png 350w, https:\/\/attra.ncat.org\/wp-content\/uploads\/2022\/09\/Lentils-80x80.png 80w, https:\/\/attra.ncat.org\/wp-content\/uploads\/2022\/09\/Lentils-36x36.png 36w, https:\/\/attra.ncat.org\/wp-content\/uploads\/2022\/09\/Lentils-180x180.png 180w, https:\/\/attra.ncat.org\/wp-content\/uploads\/2022\/09\/Lentils.png 500w\" sizes=\"(max-width: 350px) 100vw, 350px\" \/><\/a><\/div><\/div><\/div><br \/>\n\n<style type=\"text\/css\" data-created_by=\"avia_inline_auto\" id=\"style-css-av-5jfoxrc-ed5f92e85907eb08ee0247ae62f0ac76\">\n#top .av-special-heading.av-5jfoxrc-ed5f92e85907eb08ee0247ae62f0ac76{\npadding-bottom:10px;\n}\nbody .av-special-heading.av-5jfoxrc-ed5f92e85907eb08ee0247ae62f0ac76 .av-special-heading-tag .heading-char{\nfont-size:25px;\n}\n.av-special-heading.av-5jfoxrc-ed5f92e85907eb08ee0247ae62f0ac76 .av-subheading{\nfont-size:15px;\n}\n<\/style>\n<div  class='av-special-heading av-5jfoxrc-ed5f92e85907eb08ee0247ae62f0ac76 av-special-heading-h2 blockquote modern-quote  avia-builder-el-8  el_after_av_image  el_before_av_team_member '><h2 class='av-special-heading-tag '  itemprop=\"headline\"  >Personal Experto<\/h2><div class=\"special-heading-border\"><div class=\"special-heading-inner-border\"><\/div><\/div><\/div><br \/>\n<section  class='avia-team-member av-l83lo2v5-7e906064d1afdd3ddef8e3441ba7751d  avia-builder-el-9  el_after_av_heading  avia-builder-el-last '  itemscope=\"itemscope\" itemtype=\"https:\/\/schema.org\/Person\" ><div class=\"team-img-container\"><img decoding=\"async\" fetchpriority=\"high\" class='wp-image-121943 avia-img-lazy-loading-not-121943 avia_image avia_image_team' src=\"https:\/\/attra.ncat.org\/wp-content\/uploads\/2021\/05\/andrew-coggins-350x350-1.jpg\" alt='Andr\u00e9s Coggins'  itemprop=\"image\"   height=\"350\" width=\"350\" srcset=\"https:\/\/attra.ncat.org\/wp-content\/uploads\/2021\/05\/andrew-coggins-350x350-1.jpg 350w, https:\/\/attra.ncat.org\/wp-content\/uploads\/2021\/05\/andrew-coggins-350x350-1-90x90.jpg 90w, https:\/\/attra.ncat.org\/wp-content\/uploads\/2021\/05\/andrew-coggins-350x350-1-36x36.jpg 36w, https:\/\/attra.ncat.org\/wp-content\/uploads\/2021\/05\/andrew-coggins-350x350-1-180x180.jpg 180w\" sizes=\"(max-width: 350px) 100vw, 350px\" \/><div class=\"team-social\"><div class=\"team-social-inner\"><span class='hidden av_member_url_markup '  itemprop=\"url\" >http:\/\/attra.ncat.org\/andrew-coggins<\/span><a href='http:\/\/attra.ncat.org\/andrew-coggins' class='avia-team-icon av-l83lo1iv-01aa68b4a8752d3cb154f426bbd4ec25 avia-iconfont avia-font-entypo-fontello' rel='v:url' data-avia-tooltip=\"Con\u00e9ctate con Andrew\"  data-av_icon='\ue840' data-av_iconfont='entypo-fontello' ><\/a><\/div><\/div><\/div><h3 class='team-member-name '  itemprop=\"name\" >Andr\u00e9s Coggins<\/h3><span class='hidden team-member-affiliation'  itemprop=\"affiliation\" >ATTRA - Agricultura Sustentable<\/span><\/section><\/p><\/div><div  class='flex_column av-ecje9rg-d0c95aaa013c2c934e638bbe6f10584e av_one_full  avia-builder-el-10  el_after_av_one_fourth  avia-builder-el-last  first flex_column_div  column-top-margin'     ><div  data-slideshow-options=\"{&quot;animation&quot;:&quot;fade&quot;,&quot;autoplay&quot;:false,&quot;loop_autoplay&quot;:&quot;once&quot;,&quot;interval&quot;:5,&quot;loop_manual&quot;:&quot;manual-endless&quot;,&quot;autoplay_stopper&quot;:false,&quot;noNavigation&quot;:false,&quot;show_slide_delay&quot;:90}\" class='avia-content-slider avia-content-grid-active avia-content-slider1 avia-content-slider-even  avia-builder-el-11  avia-builder-el-no-sibling  av-slideshow-ui av-control-default   av-no-slider-navigation av-slideshow-manual av-loop-once av-loop-manual-endless '  itemscope=\"itemscope\" itemtype=\"https:\/\/schema.org\/Blog\" ><div class=\"avia-content-slider-inner\"><div class=\"slide-entry-wrap\"><article class='slide-entry flex_column  post-entry post-entry-139927 slide-entry-overview slide-loop-1 slide-parity-odd  post-entry-last  av_one_fourth first real-thumbnail posttype-page post-format-standard'  itemscope=\"itemscope\" itemtype=\"https:\/\/schema.org\/CreativeWork\" ><a href='https:\/\/attra.ncat.org\/es\/temas\/cultivos-de-campo\/' data-rel='slide-1' class='slide-image' title='Cultivos de campo'><img decoding=\"async\" fetchpriority=\"high\" width=\"260\" height=\"185\" src=\"https:\/\/attra.ncat.org\/wp-content\/uploads\/2022\/09\/Wheat-harvest-1-260x185.png\" class=\"wp-image-129665 avia-img-lazy-loading-not-129665 attachment-portfolio_small size-portfolio_small wp-post-image\" alt=\"\" \/><\/a><div class=\"slide-content\"><header class=\"entry-content-header\" aria-label=\"Slide: Cultivos de campo\"><h3 class='slide-entry-title entry-title '  itemprop=\"headline\" ><a href='https:\/\/attra.ncat.org\/es\/temas\/cultivos-de-campo\/' title='Cultivos de campo'>Cultivos de campo<\/a><\/h3><span class=\"av-vertical-delimiter\"><\/span><\/header><div class='slide-entry-excerpt entry-content'  itemprop=\"text\" ><div class=\"read-more-link\"><a href=\"https:\/\/attra.ncat.org\/es\/temas\/cultivos-de-campo\/\" class=\"more-link\">Leer m\u00e1s<span class='more-link-arrow avia-svg-icon avia-font-svg_entypo-fontello' data-av_svg_icon='right-open-big' data-av_iconset='svg_entypo-fontello'><svg version=\"1.1\" xmlns=\"http:\/\/www.w3.org\/2000\/svg\" width=\"15\" height=\"32\" viewBox=\"0 0 15 32\" preserveAspectRatio=\"xMidYMid meet\" role=\"graphics-symbol\" aria-hidden=\"true\">\n<path d=\"M0.416 27.84l11.456-11.84-11.456-11.904q-0.832-0.832 0-1.536 0.832-0.832 1.536 0l12.544 12.608q0.768 0.832 0 1.6l-12.544 12.608q-0.704 0.832-1.536 0-0.832-0.704 0-1.536z\"><\/path>\n<\/svg><\/span><\/a><\/div><\/div><\/div><footer class=\"entry-footer\"><\/footer><span class='hidden'>\n\t\t\t\t<span class='av-structured-data'  itemprop=\"image\" itemscope=\"itemscope\" itemtype=\"https:\/\/schema.org\/ImageObject\" >\n\t\t\t\t\t\t<span itemprop='url'>https:\/\/attra.ncat.org\/wp-content\/uploads\/2022\/09\/Wheat-harvest-1.png<\/span>\n\t\t\t\t\t\t<span itemprop='height'>500<\/span>\n\t\t\t\t\t\t<span itemprop='width'>500<\/span>\n\t\t\t\t<\/span>\n\t\t\t\t<span class='av-structured-data'  itemprop=\"publisher\" itemtype=\"https:\/\/schema.org\/Organization\" itemscope=\"itemscope\" >\n\t\t\t\t\t\t<span itemprop='name'>NCAT IT<\/span>\n\t\t\t\t\t\t<span itemprop='logo' itemscope itemtype='https:\/\/schema.org\/ImageObject'>\n\t\t\t\t\t\t\t<span itemprop='url'>\/wp-content\/uploads\/2022\/12\/ATTRAlogo-RGB-espanol-lg.png<\/span>\n\t\t\t\t\t\t<\/span>\n\t\t\t\t<\/span><span class='av-structured-data'  itemprop=\"author\" itemscope=\"itemscope\" itemtype=\"https:\/\/schema.org\/Person\" ><span itemprop='name'>NCAT IT<\/span><\/span><span class='av-structured-data'  itemprop=\"datePublished\" datetime=\"2018-09-23T10:34:11-05:00\" >2018-09-23 10:34:11<\/span><span class='av-structured-data'  itemprop=\"dateModified\" itemtype=\"https:\/\/schema.org\/dateModified\" >2022-12-13 16:33:21<\/span><span class='av-structured-data'  itemprop=\"mainEntityOfPage\" itemtype=\"https:\/\/schema.org\/mainEntityOfPage\" ><span itemprop='name'>Cultivos de campo<\/span><\/span><\/span><\/article><\/div><\/div><\/div><\/div><\/p>\n","protected":false},"excerpt":{"rendered":"","protected":false},"author":1,"featured_media":129665,"parent":134364,"menu_order":0,"comment_status":"closed","ping_status":"closed","template":"","meta":{"_acf_changed":false,"_price":"","_stock":"","_tribe_ticket_header":"","_tribe_default_ticket_provider":"","_tribe_ticket_capacity":"0","_ticket_start_date":"","_ticket_end_date":"","_tribe_ticket_show_description":"","_tribe_ticket_show_not_going":false,"_tribe_ticket_use_global_stock":"","_tribe_ticket_global_stock_level":"","_global_stock_mode":"","_global_stock_cap":"","_tribe_rsvp_for_event":"","_tribe_ticket_going_count":"","_tribe_ticket_not_going_count":"","_tribe_tickets_list":"[]","_tribe_ticket_has_attendee_info_fields":false,"footnotes":"","beyondwords_generate_audio":"","beyondwords_integration_method":"","beyondwords_project_id":"","beyondwords_content_id":"","beyondwords_preview_token":"","beyondwords_player_content":"","beyondwords_player_style":"","beyondwords_language_code":"","beyondwords_language_id":"","beyondwords_title_voice_id":"","beyondwords_body_voice_id":"","beyondwords_summary_voice_id":"","beyondwords_error_message":"","beyondwords_disabled":"","beyondwords_delete_content":"","beyondwords_podcast_id":"","beyondwords_hash":"","publish_post_to_speechkit":"","speechkit_hash":"","speechkit_generate_audio":"","speechkit_project_id":"","speechkit_podcast_id":"","speechkit_error_message":"","speechkit_disabled":"","speechkit_access_key":"","speechkit_error":"","speechkit_info":"","speechkit_response":"","speechkit_retries":"","speechkit_status":"","speechkit_updated_at":"","_speechkit_link":"","_speechkit_text":"","_tec_slr_enabled":"","_tec_slr_layout":""},"categories":[58],"tags":[1377,1395],"class_list":["post-139927","page","type-page","status-publish","has-post-thumbnail","hentry","category-crops","tag-crops","tag-field-crops"],"acf":[],"publishpress_future_workflow_manual_trigger":{"enabledWorkflows":[]},"distributor_meta":false,"distributor_terms":false,"distributor_media":false,"distributor_original_site_name":"ATTRA - Agricultura Sustentable","distributor_original_site_url":"https:\/\/attra.ncat.org\/es\/","push-errors":false,"ticketed":false,"_links":{"self":[{"href":"https:\/\/attra.ncat.org\/es\/wp-json\/wp\/v2\/pages\/139927","targetHints":{"allow":["GET"]}}],"collection":[{"href":"https:\/\/attra.ncat.org\/es\/wp-json\/wp\/v2\/pages"}],"about":[{"href":"https:\/\/attra.ncat.org\/es\/wp-json\/wp\/v2\/types\/page"}],"author":[{"embeddable":true,"href":"https:\/\/attra.ncat.org\/es\/wp-json\/wp\/v2\/users\/1"}],"replies":[{"embeddable":true,"href":"https:\/\/attra.ncat.org\/es\/wp-json\/wp\/v2\/comments?post=139927"}],"version-history":[{"count":3,"href":"https:\/\/attra.ncat.org\/es\/wp-json\/wp\/v2\/pages\/139927\/revisions"}],"predecessor-version":[{"id":139930,"href":"https:\/\/attra.ncat.org\/es\/wp-json\/wp\/v2\/pages\/139927\/revisions\/139930"}],"up":[{"embeddable":true,"href":"https:\/\/attra.ncat.org\/es\/wp-json\/wp\/v2\/pages\/134364"}],"wp:featuredmedia":[{"embeddable":true,"href":"https:\/\/attra.ncat.org\/es\/wp-json\/wp\/v2\/media\/129665"}],"wp:attachment":[{"href":"https:\/\/attra.ncat.org\/es\/wp-json\/wp\/v2\/media?parent=139927"}],"wp:term":[{"taxonomy":"category","embeddable":true,"href":"https:\/\/attra.ncat.org\/es\/wp-json\/wp\/v2\/categories?post=139927"},{"taxonomy":"post_tag","embeddable":true,"href":"https:\/\/attra.ncat.org\/es\/wp-json\/wp\/v2\/tags?post=139927"}],"curies":[{"name":"wp","href":"https:\/\/api.w.org\/{rel}","templated":true}]}}