

{"id":139931,"date":"2018-09-22T17:29:54","date_gmt":"2018-09-22T22:29:54","guid":{"rendered":"https:\/\/attra.ncat.org\/temas\/equidad-del-agricultor\/"},"modified":"2022-12-13T16:34:03","modified_gmt":"2022-12-13T22:34:03","slug":"equidad-del-agricultor","status":"publish","type":"page","link":"https:\/\/attra.ncat.org\/es\/temas\/equidad-del-agricultor\/","title":{"rendered":"Equidad del agricultor"},"content":{"rendered":"<div  class='flex_column av-1bfdwqy4-e6e7ba9dc7dde5e3766e346eace54df0 av_three_fourth  avia-builder-el-0  el_before_av_one_fourth  avia-builder-el-first  first flex_column_div  '     ><p>\n<style type=\"text\/css\" data-created_by=\"avia_inline_auto\" id=\"style-css-av-l6cj6l1g-b22546c9b381d4e5dd8179377518815b\">\n#top .av-special-heading.av-l6cj6l1g-b22546c9b381d4e5dd8179377518815b{\npadding-bottom:10px;\n}\nbody .av-special-heading.av-l6cj6l1g-b22546c9b381d4e5dd8179377518815b .av-special-heading-tag .heading-char{\nfont-size:25px;\n}\n.av-special-heading.av-l6cj6l1g-b22546c9b381d4e5dd8179377518815b .av-subheading{\nfont-size:15px;\n}\n<\/style>\n<div  class='av-special-heading av-l6cj6l1g-b22546c9b381d4e5dd8179377518815b av-special-heading-h1 blockquote modern-quote  avia-builder-el-1  el_before_av_textblock  avia-builder-el-first '><h1 class='av-special-heading-tag '  itemprop=\"headline\"  >Equidad del agricultor<\/h1><div class=\"special-heading-border\"><div class=\"special-heading-inner-border\"><\/div><\/div><\/div><br \/>\n<section  class='av_textblock_section av-l6cjdb0z-1057b185fab54c52be0ca1a2759e9fa9 '   itemscope=\"itemscope\" itemtype=\"https:\/\/schema.org\/CreativeWork\" ><div class='avia_textblock'  itemprop=\"text\" ><p><span data-contrast=\"none\">El Departamento de Agricultura de EE.UU. (USDA) define a los agricultores y ganaderos socialmente desfavorecidos (SDFR) como aquellos que pertenecen a grupos que han sido objeto de prejuicios raciales o \u00e9tnicos. Los SDFR incluyen agricultores que son negros o afroamericanos, indios americanos o nativos de Alaska, hispanos o latinos y asi\u00e1ticos o isle\u00f1os del Pac\u00edfico. La categor\u00eda SDFR incluye mujeres para algunos, pero no todos, los programas del USDA.<\/span><span data-ccp-props=\"{\"> <\/span><\/p>\n<p><span data-contrast=\"none\">Hoy, solo<\/span> el 1,4% de los agricultores se identifican como negros o mestizos,<span data-contrast=\"none\">en comparaci\u00f3n con alrededor del 14% hace un siglo. Estos agricultores representan menos del 0,5% de las ventas agr\u00edcolas totales de EE. UU., seg\u00fan McKinsey &amp; Company.<\/span><\/p>\n<p><span data-contrast=\"none\">Esta secci\u00f3n comparte recursos pr\u00e1cticos de ATTRA para ayudar a los agricultores minoritarios y destaca las oficinas regionales que trabajan con agricultores minoritarios a diario para mantener sus granjas viables y sostenibles. <\/span><span data-ccp-props=\"{\"> <\/span><\/p>\n<\/div><\/section><\/p><\/div><div  class='flex_column av-178zkrn0-99fad0b5e0f6abab1be0476249ce31f0 av_one_fourth  avia-builder-el-3  el_after_av_three_fourth  el_before_av_one_full  flex_column_div  '     ><p>\n<style type=\"text\/css\" data-created_by=\"avia_inline_auto\" id=\"style-css-av-l6cj7mj6-420c37c3d9ced9ba0aac15936e913f62\">\n#top .av-special-heading.av-l6cj7mj6-420c37c3d9ced9ba0aac15936e913f62{\npadding-bottom:10px;\n}\nbody .av-special-heading.av-l6cj7mj6-420c37c3d9ced9ba0aac15936e913f62 .av-special-heading-tag .heading-char{\nfont-size:25px;\n}\n.av-special-heading.av-l6cj7mj6-420c37c3d9ced9ba0aac15936e913f62 .av-subheading{\nfont-size:15px;\n}\n<\/style>\n<div  class='av-special-heading av-l6cj7mj6-420c37c3d9ced9ba0aac15936e913f62 av-special-heading-h2 blockquote modern-quote  avia-builder-el-4  el_before_av_image  avia-builder-el-first '><h2 class='av-special-heading-tag '  itemprop=\"headline\"  >Temas relacionados<\/h2><div class=\"special-heading-border\"><div class=\"special-heading-inner-border\"><\/div><\/div><\/div><br \/>\n\n<style type=\"text\/css\" data-created_by=\"avia_inline_auto\" id=\"style-css-av-l75aaps3-a4d7f2a85b8a745ba07fcf066064659f\">\n.avia-image-container.av-l75aaps3-a4d7f2a85b8a745ba07fcf066064659f img.avia_image{\nbox-shadow:none;\n}\n.avia-image-container.av-l75aaps3-a4d7f2a85b8a745ba07fcf066064659f .av-caption-image-overlay-bg{\nopacity:0.1;\nbackground-color:#000000;\n}\n.avia-image-container.av-l75aaps3-a4d7f2a85b8a745ba07fcf066064659f .av-image-caption-overlay-center{\ncolor:#ffffff;\nfont-size:25px;\n}\n<\/style>\n<div  class='avia-image-container av-l75aaps3-a4d7f2a85b8a745ba07fcf066064659f av-styling- av-img-linked avia-align-center  avia-builder-el-5  el_after_av_heading  avia-builder-el-last  noHover av-overlay-hover-deactivate'   itemprop=\"image\" itemscope=\"itemscope\" itemtype=\"https:\/\/schema.org\/ImageObject\" ><div class=\"avia-image-container-inner\"><div class=\"avia-image-overlay-wrap\"><a href=\"https:\/\/attra.ncat.org\/es\/bienestar-del-agricultor\/\" class='avia_image '  aria-label='A man looks at his plants'><div class=\"av-image-caption-overlay\"><div class=\"av-caption-image-overlay-bg\"><\/div><div class=\"av-image-caption-overlay-position\"><div class=\"av-image-caption-overlay-center\"><p>BIENESTAR DEL AGRICULTOR<\/p>\n<\/div><\/div><\/div><img decoding=\"async\" fetchpriority=\"high\" class='wp-image-129570 avia-img-lazy-loading-not-129570 avia_image ' src=\"https:\/\/attra.ncat.org\/wp-content\/uploads\/2022\/09\/A-man-looks-at-his-plants.png\" alt='' title='A man looks at his plants'  height=\"500\" width=\"500\"  itemprop=\"thumbnailUrl\" srcset=\"https:\/\/attra.ncat.org\/wp-content\/uploads\/2022\/09\/A-man-looks-at-his-plants.png 500w, https:\/\/attra.ncat.org\/wp-content\/uploads\/2022\/09\/A-man-looks-at-his-plants-350x350.png 350w, https:\/\/attra.ncat.org\/wp-content\/uploads\/2022\/09\/A-man-looks-at-his-plants-80x80.png 80w, https:\/\/attra.ncat.org\/wp-content\/uploads\/2022\/09\/A-man-looks-at-his-plants-36x36.png 36w, https:\/\/attra.ncat.org\/wp-content\/uploads\/2022\/09\/A-man-looks-at-his-plants-180x180.png 180w\" sizes=\"(max-width: 500px) 100vw, 500px\" \/><\/a><\/div><\/div><\/div><\/p><\/div><\/p>\n<div  class='flex_column av-ecje9rg-d0c95aaa013c2c934e638bbe6f10584e av_one_full  avia-builder-el-6  el_after_av_one_fourth  avia-builder-el-last  first flex_column_div  column-top-margin'     ><\/div>\n","protected":false},"excerpt":{"rendered":"","protected":false},"author":1,"featured_media":124820,"parent":134364,"menu_order":0,"comment_status":"closed","ping_status":"closed","template":"","meta":{"_acf_changed":false,"_price":"","_stock":"","_tribe_ticket_header":"","_tribe_default_ticket_provider":"","_tribe_ticket_capacity":"0","_ticket_start_date":"","_ticket_end_date":"","_tribe_ticket_show_description":"","_tribe_ticket_show_not_going":false,"_tribe_ticket_use_global_stock":"","_tribe_ticket_global_stock_level":"","_global_stock_mode":"","_global_stock_cap":"","_tribe_rsvp_for_event":"","_tribe_ticket_going_count":"","_tribe_ticket_not_going_count":"","_tribe_tickets_list":"[]","_tribe_ticket_has_attendee_info_fields":false,"footnotes":"","beyondwords_generate_audio":"","beyondwords_integration_method":"","beyondwords_project_id":"","beyondwords_content_id":"","beyondwords_preview_token":"","beyondwords_player_content":"","beyondwords_player_style":"","beyondwords_language_code":"","beyondwords_language_id":"","beyondwords_title_voice_id":"","beyondwords_body_voice_id":"","beyondwords_summary_voice_id":"","beyondwords_error_message":"","beyondwords_disabled":"","beyondwords_delete_content":"","beyondwords_podcast_id":"","beyondwords_hash":"","publish_post_to_speechkit":"","speechkit_hash":"","speechkit_generate_audio":"","speechkit_project_id":"","speechkit_podcast_id":"","speechkit_error_message":"","speechkit_disabled":"","speechkit_access_key":"","speechkit_error":"","speechkit_info":"","speechkit_response":"","speechkit_retries":"","speechkit_status":"","speechkit_updated_at":"","_speechkit_link":"","_speechkit_text":"","_tec_slr_enabled":"","_tec_slr_layout":""},"categories":[1472],"tags":[1473],"class_list":["post-139931","page","type-page","status-publish","has-post-thumbnail","hentry","category-bienestar-del-agricultor","tag-agricultores-minoritarios"],"acf":[],"publishpress_future_workflow_manual_trigger":{"enabledWorkflows":[]},"distributor_meta":false,"distributor_terms":false,"distributor_media":false,"distributor_original_site_name":"ATTRA - Agricultura Sustentable","distributor_original_site_url":"https:\/\/attra.ncat.org\/es\/","push-errors":false,"ticketed":false,"_links":{"self":[{"href":"https:\/\/attra.ncat.org\/es\/wp-json\/wp\/v2\/pages\/139931","targetHints":{"allow":["GET"]}}],"collection":[{"href":"https:\/\/attra.ncat.org\/es\/wp-json\/wp\/v2\/pages"}],"about":[{"href":"https:\/\/attra.ncat.org\/es\/wp-json\/wp\/v2\/types\/page"}],"author":[{"embeddable":true,"href":"https:\/\/attra.ncat.org\/es\/wp-json\/wp\/v2\/users\/1"}],"replies":[{"embeddable":true,"href":"https:\/\/attra.ncat.org\/es\/wp-json\/wp\/v2\/comments?post=139931"}],"version-history":[{"count":5,"href":"https:\/\/attra.ncat.org\/es\/wp-json\/wp\/v2\/pages\/139931\/revisions"}],"predecessor-version":[{"id":139936,"href":"https:\/\/attra.ncat.org\/es\/wp-json\/wp\/v2\/pages\/139931\/revisions\/139936"}],"up":[{"embeddable":true,"href":"https:\/\/attra.ncat.org\/es\/wp-json\/wp\/v2\/pages\/134364"}],"wp:featuredmedia":[{"embeddable":true,"href":"https:\/\/attra.ncat.org\/es\/wp-json\/wp\/v2\/media\/124820"}],"wp:attachment":[{"href":"https:\/\/attra.ncat.org\/es\/wp-json\/wp\/v2\/media?parent=139931"}],"wp:term":[{"taxonomy":"category","embeddable":true,"href":"https:\/\/attra.ncat.org\/es\/wp-json\/wp\/v2\/categories?post=139931"},{"taxonomy":"post_tag","embeddable":true,"href":"https:\/\/attra.ncat.org\/es\/wp-json\/wp\/v2\/tags?post=139931"}],"curies":[{"name":"wp","href":"https:\/\/api.w.org\/{rel}","templated":true}]}}