

{"id":139956,"date":"2018-09-21T16:37:28","date_gmt":"2018-09-21T21:37:28","guid":{"rendered":"https:\/\/attra.ncat.org\/temas\/conejos\/"},"modified":"2022-12-13T17:23:36","modified_gmt":"2022-12-13T23:23:36","slug":"conejos","status":"publish","type":"page","link":"https:\/\/attra.ncat.org\/es\/temas\/conejos\/","title":{"rendered":"Conejos"},"content":{"rendered":"<div  class='flex_column av-1bfdwqy4-e6e7ba9dc7dde5e3766e346eace54df0 av_three_fourth  avia-builder-el-0  el_before_av_one_fourth  avia-builder-el-first  first flex_column_div  '     ><p>\n<style type=\"text\/css\" data-created_by=\"avia_inline_auto\" id=\"style-css-av-l6cj6l1g-ef77b1f8bb5924f8f4591ce406ed2aef\">\n#top .av-special-heading.av-l6cj6l1g-ef77b1f8bb5924f8f4591ce406ed2aef{\npadding-bottom:10px;\n}\nbody .av-special-heading.av-l6cj6l1g-ef77b1f8bb5924f8f4591ce406ed2aef .av-special-heading-tag .heading-char{\nfont-size:25px;\n}\n.av-special-heading.av-l6cj6l1g-ef77b1f8bb5924f8f4591ce406ed2aef .av-subheading{\nfont-size:15px;\n}\n<\/style>\n<div  class='av-special-heading av-l6cj6l1g-ef77b1f8bb5924f8f4591ce406ed2aef av-special-heading-h1 blockquote modern-quote  avia-builder-el-1  el_before_av_textblock  avia-builder-el-first '><h1 class='av-special-heading-tag '  itemprop=\"headline\"  >Conejos<\/h1><div class=\"special-heading-border\"><div class=\"special-heading-inner-border\"><\/div><\/div><\/div><br \/>\n<section  class='av_textblock_section av-l6cjdb0z-1057b185fab54c52be0ca1a2759e9fa9 '   itemscope=\"itemscope\" itemtype=\"https:\/\/schema.org\/CreativeWork\" ><div class='avia_textblock'  itemprop=\"text\" ><p><span data-contrast=\"auto\">Los conejos son una especie de ganado alternativa que vale la pena considerar, particularmente para peque\u00f1os agricultores o principiantes. La cr\u00eda de conejos requiere una inversi\u00f3n inicial comparativamente peque\u00f1a y solo una peque\u00f1a cantidad de tierra. Puede ser una operaci\u00f3n estacional, puede utilizar pastos y puede generar rendimientos m\u00e1s r\u00e1pidos que otras empresas ganaderas. <\/span><\/p>\n<p><span data-contrast=\"auto\">Sin embargo, los productores potenciales de conejos deben ser conscientes de que las regulaciones para procesar y vender conejos var\u00edan significativamente seg\u00fan el estado y que la infraestructura y los mercados de procesamiento no est\u00e1n bien desarrollados en muchos lugares.<\/span><span data-ccp-props=\"{\"> <\/span><\/p>\n<p><span data-ccp-props=\"{\"> <\/span><\/p>\n<\/div><\/section><br \/>\n\n<style type=\"text\/css\" data-created_by=\"avia_inline_auto\" id=\"style-css-av-l8emo87z-6a419a5916ba787efb5b71fe13eaac06\">\n.avia-image-container.av-l8emo87z-6a419a5916ba787efb5b71fe13eaac06 img.avia_image{\nbox-shadow:none;\n}\n.avia-image-container.av-l8emo87z-6a419a5916ba787efb5b71fe13eaac06 .av-image-caption-overlay-center{\ncolor:#ffffff;\n}\n<\/style>\n<div  class='avia-image-container av-l8emo87z-6a419a5916ba787efb5b71fe13eaac06 av-styling- avia-align-center  avia-builder-el-3  el_after_av_textblock  avia-builder-el-last '   itemprop=\"image\" itemscope=\"itemscope\" itemtype=\"https:\/\/schema.org\/ImageObject\" ><div class=\"avia-image-container-inner\"><div class=\"avia-image-overlay-wrap\"><img decoding=\"async\" fetchpriority=\"high\" class='wp-image-129656 avia-img-lazy-loading-not-129656 avia_image ' src=\"https:\/\/attra.ncat.org\/wp-content\/uploads\/2022\/09\/Rabbits-in-a-cage.png\" alt='' title='Rabbits in a cage'  height=\"400\" width=\"850\"  itemprop=\"thumbnailUrl\" srcset=\"https:\/\/attra.ncat.org\/wp-content\/uploads\/2022\/09\/Rabbits-in-a-cage.png 850w, https:\/\/attra.ncat.org\/wp-content\/uploads\/2022\/09\/Rabbits-in-a-cage-350x165.png 350w, https:\/\/attra.ncat.org\/wp-content\/uploads\/2022\/09\/Rabbits-in-a-cage-768x361.png 768w, https:\/\/attra.ncat.org\/wp-content\/uploads\/2022\/09\/Rabbits-in-a-cage-705x332.png 705w\" sizes=\"(max-width: 850px) 100vw, 850px\" \/><\/div><\/div><\/div><\/p><\/div>\n<div  class='flex_column av-178zkrn0-99fad0b5e0f6abab1be0476249ce31f0 av_one_fourth  avia-builder-el-4  el_after_av_three_fourth  el_before_av_one_full  flex_column_div  '     ><p>\n<style type=\"text\/css\" data-created_by=\"avia_inline_auto\" id=\"style-css-av-l6cj7mj6-420c37c3d9ced9ba0aac15936e913f62\">\n#top .av-special-heading.av-l6cj7mj6-420c37c3d9ced9ba0aac15936e913f62{\npadding-bottom:10px;\n}\nbody .av-special-heading.av-l6cj7mj6-420c37c3d9ced9ba0aac15936e913f62 .av-special-heading-tag .heading-char{\nfont-size:25px;\n}\n.av-special-heading.av-l6cj7mj6-420c37c3d9ced9ba0aac15936e913f62 .av-subheading{\nfont-size:15px;\n}\n<\/style>\n<div  class='av-special-heading av-l6cj7mj6-420c37c3d9ced9ba0aac15936e913f62 av-special-heading-h2 blockquote modern-quote  avia-builder-el-5  el_before_av_image  avia-builder-el-first '><h2 class='av-special-heading-tag '  itemprop=\"headline\"  >Temas relacionados<\/h2><div class=\"special-heading-border\"><div class=\"special-heading-inner-border\"><\/div><\/div><\/div><br \/>\n\n<style type=\"text\/css\" data-created_by=\"avia_inline_auto\" id=\"style-css-av-l75aaps3-311477ada2a83ab27ff6f477873013f6\">\n.avia-image-container.av-l75aaps3-311477ada2a83ab27ff6f477873013f6 img.avia_image{\nbox-shadow:none;\n}\n.avia-image-container.av-l75aaps3-311477ada2a83ab27ff6f477873013f6 .av-caption-image-overlay-bg{\nopacity:0.1;\nbackground-color:#000000;\n}\n.avia-image-container.av-l75aaps3-311477ada2a83ab27ff6f477873013f6 .av-image-caption-overlay-center{\ncolor:#ffffff;\nfont-size:25px;\n}\n<\/style>\n<div  class='avia-image-container av-l75aaps3-311477ada2a83ab27ff6f477873013f6 av-styling- av-img-linked avia-align-center  avia-builder-el-6  el_after_av_heading  el_before_av_heading  noHover av-overlay-hover-deactivate'   itemprop=\"image\" itemscope=\"itemscope\" itemtype=\"https:\/\/schema.org\/ImageObject\" ><div class=\"avia-image-container-inner\"><div class=\"avia-image-overlay-wrap\"><a href=\"https:\/\/attra.ncat.org\/es\/ganado\/\" class='avia_image '  aria-label='RS6019_20170614_NCAT_ArmedToFarm_0052'><div class=\"av-image-caption-overlay\"><div class=\"av-caption-image-overlay-bg\"><\/div><div class=\"av-image-caption-overlay-position\"><div class=\"av-image-caption-overlay-center\"><p>GANADO<\/p>\n<\/div><\/div><\/div><img decoding=\"async\" fetchpriority=\"high\" class='wp-image-128468 avia-img-lazy-loading-not-128468 avia_image ' src=\"https:\/\/attra.ncat.org\/wp-content\/uploads\/2022\/09\/RS6019_20170614_NCAT_ArmedToFarm_0052-350x239.jpg\" alt='A goat eats a plant' title='RS6019_20170614_NCAT_ArmedToFarm_0052'  height=\"239\" width=\"350\"  itemprop=\"thumbnailUrl\" srcset=\"https:\/\/attra.ncat.org\/wp-content\/uploads\/2022\/09\/RS6019_20170614_NCAT_ArmedToFarm_0052-350x239.jpg 350w, https:\/\/attra.ncat.org\/wp-content\/uploads\/2022\/09\/RS6019_20170614_NCAT_ArmedToFarm_0052-1030x703.jpg 1030w, https:\/\/attra.ncat.org\/wp-content\/uploads\/2022\/09\/RS6019_20170614_NCAT_ArmedToFarm_0052-768x524.jpg 768w, https:\/\/attra.ncat.org\/wp-content\/uploads\/2022\/09\/RS6019_20170614_NCAT_ArmedToFarm_0052-1536x1048.jpg 1536w, https:\/\/attra.ncat.org\/wp-content\/uploads\/2022\/09\/RS6019_20170614_NCAT_ArmedToFarm_0052-2048x1397.jpg 2048w, https:\/\/attra.ncat.org\/wp-content\/uploads\/2022\/09\/RS6019_20170614_NCAT_ArmedToFarm_0052-1500x1023.jpg 1500w, https:\/\/attra.ncat.org\/wp-content\/uploads\/2022\/09\/RS6019_20170614_NCAT_ArmedToFarm_0052-705x481.jpg 705w\" sizes=\"(max-width: 350px) 100vw, 350px\" \/><\/a><\/div><\/div><\/div><br \/>\n\n<style type=\"text\/css\" data-created_by=\"avia_inline_auto\" id=\"style-css-av-5jfoxrc-657c4786b53f216a4bde1843fc50dd3b\">\n#top .av-special-heading.av-5jfoxrc-657c4786b53f216a4bde1843fc50dd3b{\npadding-bottom:10px;\n}\nbody .av-special-heading.av-5jfoxrc-657c4786b53f216a4bde1843fc50dd3b .av-special-heading-tag .heading-char{\nfont-size:25px;\n}\n.av-special-heading.av-5jfoxrc-657c4786b53f216a4bde1843fc50dd3b .av-subheading{\nfont-size:15px;\n}\n<\/style>\n<div  class='av-special-heading av-5jfoxrc-657c4786b53f216a4bde1843fc50dd3b av-special-heading-h2 blockquote modern-quote  avia-builder-el-7  el_after_av_image  el_before_av_team_member '><h2 class='av-special-heading-tag '  itemprop=\"headline\"  >Personal Expertos<\/h2><div class=\"special-heading-border\"><div class=\"special-heading-inner-border\"><\/div><\/div><\/div><br \/>\n<section  class='avia-team-member av-l83lo2v5-27911bf7eeb715ad27728abb33adcb15  avia-builder-el-8  el_after_av_heading  avia-builder-el-last '  itemscope=\"itemscope\" itemtype=\"https:\/\/schema.org\/Person\" ><div class=\"team-img-container\"><img decoding=\"async\" fetchpriority=\"high\" class='wp-image-121911 avia-img-lazy-loading-not-121911 avia_image avia_image_team' src=\"https:\/\/attra.ncat.org\/wp-content\/uploads\/2021\/05\/tracy-mumma2-500x500-1.jpg\" alt='Tracy Mumma'  itemprop=\"image\"   height=\"500\" width=\"500\" srcset=\"https:\/\/attra.ncat.org\/wp-content\/uploads\/2021\/05\/tracy-mumma2-500x500-1.jpg 500w, https:\/\/attra.ncat.org\/wp-content\/uploads\/2021\/05\/tracy-mumma2-500x500-1-350x350.jpg 350w, https:\/\/attra.ncat.org\/wp-content\/uploads\/2021\/05\/tracy-mumma2-500x500-1-90x90.jpg 90w, https:\/\/attra.ncat.org\/wp-content\/uploads\/2021\/05\/tracy-mumma2-500x500-1-36x36.jpg 36w, https:\/\/attra.ncat.org\/wp-content\/uploads\/2021\/05\/tracy-mumma2-500x500-1-180x180.jpg 180w\" sizes=\"(max-width: 500px) 100vw, 500px\" \/><div class=\"team-social\"><div class=\"team-social-inner\"><span class='hidden av_member_url_markup '  itemprop=\"url\" >http:\/\/attra.ncat.org\/tracy-mumma<\/span><a href='http:\/\/attra.ncat.org\/tracy-mumma' class='avia-team-icon av-l83lo1iv-274ccfda7d638ebb34b595d268e533fa avia-iconfont avia-font-entypo-fontello' rel='v:url' data-avia-tooltip=\"Con\u00e9ctate con Tracy\"  data-av_icon='\ue840' data-av_iconfont='entypo-fontello' ><\/a><\/div><\/div><\/div><h3 class='team-member-name '  itemprop=\"name\" >Tracy Mumma<\/h3><span class='hidden team-member-affiliation'  itemprop=\"affiliation\" >ATTRA - Agricultura Sustentable<\/span><\/section><\/p><\/div><div  class='flex_column av-ecje9rg-d0c95aaa013c2c934e638bbe6f10584e av_one_full  avia-builder-el-9  el_after_av_one_fourth  avia-builder-el-last  first flex_column_div  column-top-margin'     ><div  data-slideshow-options=\"{&quot;animation&quot;:&quot;fade&quot;,&quot;autoplay&quot;:false,&quot;loop_autoplay&quot;:&quot;once&quot;,&quot;interval&quot;:5,&quot;loop_manual&quot;:&quot;manual-endless&quot;,&quot;autoplay_stopper&quot;:false,&quot;noNavigation&quot;:false,&quot;show_slide_delay&quot;:90}\" class='avia-content-slider avia-content-grid-active avia-content-slider1 avia-content-slider-even  avia-builder-el-10  avia-builder-el-no-sibling  av-slideshow-ui av-control-default   av-no-slider-navigation av-slideshow-manual av-loop-once av-loop-manual-endless '  itemscope=\"itemscope\" itemtype=\"https:\/\/schema.org\/Blog\" ><div class=\"avia-content-slider-inner\"><div class=\"slide-entry-wrap\"><article class='slide-entry flex_column  post-entry post-entry-139956 slide-entry-overview slide-loop-1 slide-parity-odd  post-entry-last  av_one_fourth first real-thumbnail posttype-page post-format-standard'  itemscope=\"itemscope\" itemtype=\"https:\/\/schema.org\/CreativeWork\" ><a href='https:\/\/attra.ncat.org\/es\/temas\/conejos\/' data-rel='slide-1' class='slide-image' title='Conejos'><img decoding=\"async\" fetchpriority=\"high\" width=\"260\" height=\"185\" src=\"https:\/\/attra.ncat.org\/wp-content\/uploads\/2022\/09\/Rabbit-260x185.png\" class=\"wp-image-128703 avia-img-lazy-loading-not-128703 attachment-portfolio_small size-portfolio_small wp-post-image\" alt=\"A red rabbit sits in a field\" srcset=\"https:\/\/attra.ncat.org\/wp-content\/uploads\/2022\/09\/Rabbit-260x185.png 260w, https:\/\/attra.ncat.org\/wp-content\/uploads\/2022\/09\/Rabbit-600x430.png 600w\" sizes=\"(max-width: 260px) 100vw, 260px\" \/><\/a><div class=\"slide-content\"><header class=\"entry-content-header\" aria-label=\"Slide: Conejos\"><h3 class='slide-entry-title entry-title '  itemprop=\"headline\" ><a href='https:\/\/attra.ncat.org\/es\/temas\/conejos\/' title='Conejos'>Conejos<\/a><\/h3><span class=\"av-vertical-delimiter\"><\/span><\/header><div class='slide-entry-excerpt entry-content'  itemprop=\"text\" ><div class=\"read-more-link\"><a href=\"https:\/\/attra.ncat.org\/es\/temas\/conejos\/\" class=\"more-link\">Leer m\u00e1s<span class='more-link-arrow avia-svg-icon avia-font-svg_entypo-fontello' data-av_svg_icon='right-open-big' data-av_iconset='svg_entypo-fontello'><svg version=\"1.1\" xmlns=\"http:\/\/www.w3.org\/2000\/svg\" width=\"15\" height=\"32\" viewBox=\"0 0 15 32\" preserveAspectRatio=\"xMidYMid meet\" role=\"graphics-symbol\" aria-hidden=\"true\">\n<path d=\"M0.416 27.84l11.456-11.84-11.456-11.904q-0.832-0.832 0-1.536 0.832-0.832 1.536 0l12.544 12.608q0.768 0.832 0 1.6l-12.544 12.608q-0.704 0.832-1.536 0-0.832-0.704 0-1.536z\"><\/path>\n<\/svg><\/span><\/a><\/div><\/div><\/div><footer class=\"entry-footer\"><\/footer><span class='hidden'>\n\t\t\t\t<span class='av-structured-data'  itemprop=\"image\" itemscope=\"itemscope\" itemtype=\"https:\/\/schema.org\/ImageObject\" >\n\t\t\t\t\t\t<span itemprop='url'>https:\/\/attra.ncat.org\/wp-content\/uploads\/2022\/09\/Rabbit.png<\/span>\n\t\t\t\t\t\t<span itemprop='height'>600<\/span>\n\t\t\t\t\t\t<span itemprop='width'>600<\/span>\n\t\t\t\t<\/span>\n\t\t\t\t<span class='av-structured-data'  itemprop=\"publisher\" itemtype=\"https:\/\/schema.org\/Organization\" itemscope=\"itemscope\" >\n\t\t\t\t\t\t<span itemprop='name'>NCAT IT<\/span>\n\t\t\t\t\t\t<span itemprop='logo' itemscope itemtype='https:\/\/schema.org\/ImageObject'>\n\t\t\t\t\t\t\t<span itemprop='url'>\/wp-content\/uploads\/2022\/12\/ATTRAlogo-RGB-espanol-lg.png<\/span>\n\t\t\t\t\t\t<\/span>\n\t\t\t\t<\/span><span class='av-structured-data'  itemprop=\"author\" itemscope=\"itemscope\" itemtype=\"https:\/\/schema.org\/Person\" ><span itemprop='name'>NCAT IT<\/span><\/span><span class='av-structured-data'  itemprop=\"datePublished\" datetime=\"2018-09-21T16:37:28-05:00\" >2018-09-21 16:37:28<\/span><span class='av-structured-data'  itemprop=\"dateModified\" itemtype=\"https:\/\/schema.org\/dateModified\" >2022-12-13 17:23:36<\/span><span class='av-structured-data'  itemprop=\"mainEntityOfPage\" itemtype=\"https:\/\/schema.org\/mainEntityOfPage\" ><span itemprop='name'>Conejos<\/span><\/span><\/span><\/article><\/div><\/div><\/div><\/div><\/p>\n","protected":false},"excerpt":{"rendered":"","protected":false},"author":1,"featured_media":128703,"parent":134364,"menu_order":0,"comment_status":"closed","ping_status":"closed","template":"","meta":{"_acf_changed":false,"_price":"","_stock":"","_tribe_ticket_header":"","_tribe_default_ticket_provider":"","_tribe_ticket_capacity":"0","_ticket_start_date":"","_ticket_end_date":"","_tribe_ticket_show_description":"","_tribe_ticket_show_not_going":false,"_tribe_ticket_use_global_stock":"","_tribe_ticket_global_stock_level":"","_global_stock_mode":"","_global_stock_cap":"","_tribe_rsvp_for_event":"","_tribe_ticket_going_count":"","_tribe_ticket_not_going_count":"","_tribe_tickets_list":"[]","_tribe_ticket_has_attendee_info_fields":false,"footnotes":"","beyondwords_generate_audio":"","beyondwords_integration_method":"","beyondwords_project_id":"","beyondwords_content_id":"","beyondwords_preview_token":"","beyondwords_player_content":"","beyondwords_player_style":"","beyondwords_language_code":"","beyondwords_language_id":"","beyondwords_title_voice_id":"","beyondwords_body_voice_id":"","beyondwords_summary_voice_id":"","beyondwords_error_message":"","beyondwords_disabled":"","beyondwords_delete_content":"","beyondwords_podcast_id":"","beyondwords_hash":"","publish_post_to_speechkit":"","speechkit_hash":"","speechkit_generate_audio":"","speechkit_project_id":"","speechkit_podcast_id":"","speechkit_error_message":"","speechkit_disabled":"","speechkit_access_key":"","speechkit_error":"","speechkit_info":"","speechkit_response":"","speechkit_retries":"","speechkit_status":"","speechkit_updated_at":"","_speechkit_link":"","_speechkit_text":"","_tec_slr_enabled":"","_tec_slr_layout":""},"categories":[57],"tags":[1369,169,1522],"class_list":["post-139956","page","type-page","status-publish","has-post-thumbnail","hentry","category-livestock","tag-rabbits","tag-predator-control","tag-ganado-es"],"acf":[],"publishpress_future_workflow_manual_trigger":{"enabledWorkflows":[]},"distributor_meta":false,"distributor_terms":false,"distributor_media":false,"distributor_original_site_name":"ATTRA - Agricultura Sustentable","distributor_original_site_url":"https:\/\/attra.ncat.org\/es\/","push-errors":false,"ticketed":false,"_links":{"self":[{"href":"https:\/\/attra.ncat.org\/es\/wp-json\/wp\/v2\/pages\/139956","targetHints":{"allow":["GET"]}}],"collection":[{"href":"https:\/\/attra.ncat.org\/es\/wp-json\/wp\/v2\/pages"}],"about":[{"href":"https:\/\/attra.ncat.org\/es\/wp-json\/wp\/v2\/types\/page"}],"author":[{"embeddable":true,"href":"https:\/\/attra.ncat.org\/es\/wp-json\/wp\/v2\/users\/1"}],"replies":[{"embeddable":true,"href":"https:\/\/attra.ncat.org\/es\/wp-json\/wp\/v2\/comments?post=139956"}],"version-history":[{"count":7,"href":"https:\/\/attra.ncat.org\/es\/wp-json\/wp\/v2\/pages\/139956\/revisions"}],"predecessor-version":[{"id":139963,"href":"https:\/\/attra.ncat.org\/es\/wp-json\/wp\/v2\/pages\/139956\/revisions\/139963"}],"up":[{"embeddable":true,"href":"https:\/\/attra.ncat.org\/es\/wp-json\/wp\/v2\/pages\/134364"}],"wp:featuredmedia":[{"embeddable":true,"href":"https:\/\/attra.ncat.org\/es\/wp-json\/wp\/v2\/media\/128703"}],"wp:attachment":[{"href":"https:\/\/attra.ncat.org\/es\/wp-json\/wp\/v2\/media?parent=139956"}],"wp:term":[{"taxonomy":"category","embeddable":true,"href":"https:\/\/attra.ncat.org\/es\/wp-json\/wp\/v2\/categories?post=139956"},{"taxonomy":"post_tag","embeddable":true,"href":"https:\/\/attra.ncat.org\/es\/wp-json\/wp\/v2\/tags?post=139956"}],"curies":[{"name":"wp","href":"https:\/\/api.w.org\/{rel}","templated":true}]}}