

{"id":140205,"date":"2022-05-18T16:09:52","date_gmt":"2022-05-18T21:09:52","guid":{"rendered":"https:\/\/attra.ncat.org\/acerca-de\/nuestro-personal\/"},"modified":"2022-05-18T16:09:52","modified_gmt":"2022-05-18T21:09:52","slug":"nuestro-personal","status":"publish","type":"page","link":"https:\/\/attra.ncat.org\/es\/acerca-de\/nuestro-personal\/","title":{"rendered":"Nuestro personal"},"content":{"rendered":"<h1>Especialistas en Agricultura Sostenible de ATTRA<\/h1>\n<h2>Regi\u00f3n Occidental<\/h2>\n<div id=\"awsm-team-92269\" class=\"awsm-grid-wrapper\">\n\t\t\n\t\t<input type=\"hidden\" name=\"shortcode\" id=\"atb-shortcode\" value=92269 >\n\n<\/div>\n\n<h2>Regi\u00f3n oeste de las Monta\u00f1as Rocosas<\/h2>\n<div id=\"awsm-team-92273\" class=\"awsm-grid-wrapper\">\n\t\t\n\t\t<input type=\"hidden\" name=\"shortcode\" id=\"atb-shortcode\" value=92273 >\n\n<\/div>\n\n<h2>Regi\u00f3n Suroeste<\/h2>\n<div id=\"awsm-team-92275\" class=\"awsm-grid-wrapper\">\n\t\t\n\t\t<input type=\"hidden\" name=\"shortcode\" id=\"atb-shortcode\" value=92275 >\n\n<\/div>\n\n<h2>Regi\u00f3n de los Estados del Golfo<\/h2>\n<div id=\"awsm-team-92277\" class=\"awsm-grid-wrapper\">\n\t\t\n\t\t<input type=\"hidden\" name=\"shortcode\" id=\"atb-shortcode\" value=92277 >\n\n<\/div>\n\n<h2>Regi\u00f3n Sureste<\/h2>\n<div id=\"awsm-team-92279\" class=\"awsm-grid-wrapper\">\n\t\t\n\t\t<input type=\"hidden\" name=\"shortcode\" id=\"atb-shortcode\" value=92279 >\n\n<\/div>\n\n<h2>Regi\u00f3n Nordeste<\/h2>\n<div id=\"awsm-team-92280\" class=\"awsm-grid-wrapper\">\n\t\t\n\t\t<input type=\"hidden\" name=\"shortcode\" id=\"atb-shortcode\" value=92280 >\n\n<\/div>\n\n<h2>Liderazgo<\/h2>\n<div id=\"awsm-team-92505\" class=\"awsm-grid-wrapper\">\n\t\t\n\t\t<input type=\"hidden\" name=\"shortcode\" id=\"atb-shortcode\" value=92505 >\n\n<\/div>\n\n<p><!-- The whole of the ATTRA team can be displayed by un-commenting the shortcode below. See custom CSS below for JJE 051622 --><br \/>\n<!-- [awsmteam id=\"76354\"] --><\/p>\n","protected":false},"excerpt":{"rendered":"<p>Especialistas en Agricultura Sostenible de ATTRA Regi\u00f3n Occidental Regi\u00f3n oeste de las Monta\u00f1as Rocosas Regi\u00f3n Suroeste Regi\u00f3n de los Estados del Golfo Regi\u00f3n Sureste Regi\u00f3n Nordeste Liderazgo<\/p>\n","protected":false},"author":1,"featured_media":0,"parent":133833,"menu_order":0,"comment_status":"closed","ping_status":"closed","template":"","meta":{"_acf_changed":false,"_price":"","_stock":"","_tribe_ticket_header":"","_tribe_default_ticket_provider":"","_tribe_ticket_capacity":"0","_ticket_start_date":"","_ticket_end_date":"","_tribe_ticket_show_description":"","_tribe_ticket_show_not_going":false,"_tribe_ticket_use_global_stock":"","_tribe_ticket_global_stock_level":"","_global_stock_mode":"","_global_stock_cap":"","_tribe_rsvp_for_event":"","_tribe_ticket_going_count":"","_tribe_ticket_not_going_count":"","_tribe_tickets_list":"[]","_tribe_ticket_has_attendee_info_fields":false,"footnotes":"","beyondwords_generate_audio":"","beyondwords_integration_method":"","beyondwords_project_id":"","beyondwords_content_id":"","beyondwords_preview_token":"","beyondwords_player_content":"","beyondwords_player_style":"","beyondwords_language_code":"","beyondwords_language_id":"","beyondwords_title_voice_id":"","beyondwords_body_voice_id":"","beyondwords_summary_voice_id":"","beyondwords_error_message":"","beyondwords_disabled":"","beyondwords_delete_content":"","beyondwords_podcast_id":"","beyondwords_hash":"","publish_post_to_speechkit":"","speechkit_hash":"","speechkit_generate_audio":"","speechkit_project_id":"","speechkit_podcast_id":"","speechkit_error_message":"","speechkit_disabled":"","speechkit_access_key":"","speechkit_error":"","speechkit_info":"","speechkit_response":"","speechkit_retries":"","speechkit_status":"","speechkit_updated_at":"","_speechkit_link":"","_speechkit_text":"","_tec_slr_enabled":"","_tec_slr_layout":""},"categories":[],"tags":[],"class_list":["post-140205","page","type-page","status-publish","hentry"],"acf":[],"publishpress_future_workflow_manual_trigger":{"enabledWorkflows":[]},"distributor_meta":false,"distributor_terms":false,"distributor_media":false,"distributor_original_site_name":"ATTRA - Agricultura Sustentable","distributor_original_site_url":"https:\/\/attra.ncat.org\/es\/","push-errors":false,"ticketed":false,"_links":{"self":[{"href":"https:\/\/attra.ncat.org\/es\/wp-json\/wp\/v2\/pages\/140205","targetHints":{"allow":["GET"]}}],"collection":[{"href":"https:\/\/attra.ncat.org\/es\/wp-json\/wp\/v2\/pages"}],"about":[{"href":"https:\/\/attra.ncat.org\/es\/wp-json\/wp\/v2\/types\/page"}],"author":[{"embeddable":true,"href":"https:\/\/attra.ncat.org\/es\/wp-json\/wp\/v2\/users\/1"}],"replies":[{"embeddable":true,"href":"https:\/\/attra.ncat.org\/es\/wp-json\/wp\/v2\/comments?post=140205"}],"version-history":[{"count":0,"href":"https:\/\/attra.ncat.org\/es\/wp-json\/wp\/v2\/pages\/140205\/revisions"}],"up":[{"embeddable":true,"href":"https:\/\/attra.ncat.org\/es\/wp-json\/wp\/v2\/pages\/133833"}],"wp:attachment":[{"href":"https:\/\/attra.ncat.org\/es\/wp-json\/wp\/v2\/media?parent=140205"}],"wp:term":[{"taxonomy":"category","embeddable":true,"href":"https:\/\/attra.ncat.org\/es\/wp-json\/wp\/v2\/categories?post=140205"},{"taxonomy":"post_tag","embeddable":true,"href":"https:\/\/attra.ncat.org\/es\/wp-json\/wp\/v2\/tags?post=140205"}],"curies":[{"name":"wp","href":"https:\/\/api.w.org\/{rel}","templated":true}]}}