

{"id":140238,"date":"2018-08-18T17:13:31","date_gmt":"2018-08-18T22:13:31","guid":{"rendered":"https:\/\/attra.ncat.org\/temas\/granja-de-demostracion-de-la-ncat\/"},"modified":"2024-08-12T09:51:35","modified_gmt":"2024-08-12T14:51:35","slug":"granja-de-demostracion-de-la-ncat","status":"publish","type":"page","link":"https:\/\/attra.ncat.org\/es\/temas\/granja-de-demostracion-de-la-ncat\/","title":{"rendered":"Granja de demostraci\u00f3n de la NCAT"},"content":{"rendered":"<div  class='flex_column av-1bfdwqy4-e6e7ba9dc7dde5e3766e346eace54df0 av_three_fourth  avia-builder-el-0  el_before_av_one_fourth  avia-builder-el-first  first flex_column_div  '     ><p>\n<style type=\"text\/css\" data-created_by=\"avia_inline_auto\" id=\"style-css-av-l6cj6l1g-f0c5b81ca5540da4ae5c7119502a042a\">\n#top .av-special-heading.av-l6cj6l1g-f0c5b81ca5540da4ae5c7119502a042a{\npadding-bottom:10px;\n}\nbody .av-special-heading.av-l6cj6l1g-f0c5b81ca5540da4ae5c7119502a042a .av-special-heading-tag .heading-char{\nfont-size:25px;\n}\n.av-special-heading.av-l6cj6l1g-f0c5b81ca5540da4ae5c7119502a042a .av-subheading{\nfont-size:15px;\n}\n<\/style>\n<div  class='av-special-heading av-l6cj6l1g-f0c5b81ca5540da4ae5c7119502a042a av-special-heading-h1 blockquote modern-quote  avia-builder-el-1  el_before_av_image  avia-builder-el-first '><h1 class='av-special-heading-tag '  itemprop=\"headline\"  >Granja de demostraci\u00f3n de la NCAT<\/h1><div class=\"special-heading-border\"><div class=\"special-heading-inner-border\"><\/div><\/div><\/div><br \/>\n\n<style type=\"text\/css\" data-created_by=\"avia_inline_auto\" id=\"style-css-av-l6cj99ji-0fb787c4cdbc8043aeb0763e5be120ab\">\n.avia-image-container.av-l6cj99ji-0fb787c4cdbc8043aeb0763e5be120ab img.avia_image{\nbox-shadow:none;\n}\n.avia-image-container.av-l6cj99ji-0fb787c4cdbc8043aeb0763e5be120ab .av-image-caption-overlay-center{\ncolor:#ffffff;\n}\n<\/style>\n<div  class='avia-image-container av-l6cj99ji-0fb787c4cdbc8043aeb0763e5be120ab av-styling- avia-align-center  avia-builder-el-2  el_after_av_heading  el_before_av_textblock '   itemprop=\"image\" itemscope=\"itemscope\" itemtype=\"https:\/\/schema.org\/ImageObject\" ><div class=\"avia-image-container-inner\"><div class=\"avia-image-overlay-wrap\"><img decoding=\"async\" fetchpriority=\"high\" class='wp-image-123547 avia-img-lazy-loading-not-123547 avia_image ' src=\"https:\/\/attra.ncat.org\/wp-content\/uploads\/2022\/06\/SIFT-farm-stand-800x430.jpeg\" alt='NCAT Demonstration Farm, SIFT farm stand' title='SIFT farm stand'  height=\"430\" width=\"800\"  itemprop=\"thumbnailUrl\"  \/><\/div><\/div><\/div><br \/>\n<section  class='av_textblock_section av-l6cjdb0z-1057b185fab54c52be0ca1a2759e9fa9 '   itemscope=\"itemscope\" itemtype=\"https:\/\/schema.org\/CreativeWork\" ><div class='avia_textblock'  itemprop=\"text\" ><p>El SIFT del Centro Nacional de Tecnolog\u00eda Apropiada, o programa de capacitaci\u00f3n agr\u00edcola intensiva a peque\u00f1a escala, tiene como objetivo ayudar a las comunidades a aumentar su seguridad alimentaria mediante la producci\u00f3n de sus propios alimentos saludables.<\/p>\n<p>El SIFT de NCAT es una granja de demostraci\u00f3n en funcionamiento, gestionada de forma sostenible, que ocupa cinco acres en nuestra sede de Butte (Montana).<\/p>\n<p>Esta granja es el centro de un programa que ense\u00f1a a los agricultores y futuros agricultores, a los productores urbanos de alimentos, a los l\u00edderes de la comunidad y a los ciudadanos c\u00f3mo producir alimentos de alto valor y ricos en nutrientes en peque\u00f1as parcelas. Y en el caso de Butte, en un clima desafiante.<\/p>\n<p>Obtenga m\u00e1s informaci\u00f3n sobre SIFT en los recursos a continuaci\u00f3n.<\/p>\n<\/div><\/section><\/p><\/div>\n<div  class='flex_column av-178zkrn0-99fad0b5e0f6abab1be0476249ce31f0 av_one_fourth  avia-builder-el-4  el_after_av_three_fourth  el_before_av_one_full  flex_column_div  '     ><p>\n<style type=\"text\/css\" data-created_by=\"avia_inline_auto\" id=\"style-css-av-l6cj7mj6-e675620affffc520f3e49c532b9b8303\">\n#top .av-special-heading.av-l6cj7mj6-e675620affffc520f3e49c532b9b8303{\npadding-bottom:10px;\n}\nbody .av-special-heading.av-l6cj7mj6-e675620affffc520f3e49c532b9b8303 .av-special-heading-tag .heading-char{\nfont-size:25px;\n}\n.av-special-heading.av-l6cj7mj6-e675620affffc520f3e49c532b9b8303 .av-subheading{\nfont-size:15px;\n}\n<\/style>\n<div  class='av-special-heading av-l6cj7mj6-e675620affffc520f3e49c532b9b8303 av-special-heading-h2 blockquote modern-quote  avia-builder-el-5  el_before_av_team_member  avia-builder-el-first '><h2 class='av-special-heading-tag '  itemprop=\"headline\"  >Personal Experto<\/h2><div class=\"special-heading-border\"><div class=\"special-heading-inner-border\"><\/div><\/div><\/div><br \/>\n<section  class='avia-team-member av-l759hb3z-9a48b2cc6c582c3675c4ab0a992de24a  avia-builder-el-6  el_after_av_heading  avia-builder-el-last '  itemscope=\"itemscope\" itemtype=\"https:\/\/schema.org\/Person\" ><div class=\"team-img-container\"><img decoding=\"async\" fetchpriority=\"high\" class='wp-image-121943 avia-img-lazy-loading-not-121943 avia_image avia_image_team' src=\"https:\/\/attra.ncat.org\/wp-content\/uploads\/2021\/05\/andrew-coggins-350x350-1-350x350.jpg\" alt='Andrew Coggins'  itemprop=\"image\"   height=\"350\" width=\"350\" srcset=\"https:\/\/attra.ncat.org\/wp-content\/uploads\/2021\/05\/andrew-coggins-350x350-1.jpg 350w, https:\/\/attra.ncat.org\/wp-content\/uploads\/2021\/05\/andrew-coggins-350x350-1-90x90.jpg 90w, https:\/\/attra.ncat.org\/wp-content\/uploads\/2021\/05\/andrew-coggins-350x350-1-36x36.jpg 36w, https:\/\/attra.ncat.org\/wp-content\/uploads\/2021\/05\/andrew-coggins-350x350-1-180x180.jpg 180w\" sizes=\"(max-width: 350px) 100vw, 350px\" \/><div class=\"team-social\"><div class=\"team-social-inner\"><span class='hidden av_member_url_markup '  itemprop=\"url\" >https:\/\/attra.ncat.org\/es\/john-wallace-2\/<\/span><a href='https:\/\/attra.ncat.org\/es\/john-wallace-2\/' class='avia-team-icon av-l759h9iv-03b785ac73b025831318109d658d9efd avia-iconfont avia-font-entypo-fontello' rel='v:url' data-avia-tooltip=\"Con\u00e9ctate con John\"  data-av_icon='\ue840' data-av_iconfont='entypo-fontello' ><\/a><\/div><\/div><\/div><h3 class='team-member-name '  itemprop=\"name\" >Andrew Coggins<\/h3><span class='hidden team-member-affiliation'  itemprop=\"affiliation\" >ATTRA - Agricultura Sustentable<\/span><\/section><\/p><\/div><div  class='flex_column av-ecje9rg-d0c95aaa013c2c934e638bbe6f10584e av_one_full  avia-builder-el-7  el_after_av_one_fourth  avia-builder-el-last  first flex_column_div  column-top-margin'     ><div  data-slideshow-options=\"{&quot;animation&quot;:&quot;fade&quot;,&quot;autoplay&quot;:false,&quot;loop_autoplay&quot;:&quot;once&quot;,&quot;interval&quot;:5,&quot;loop_manual&quot;:&quot;manual-endless&quot;,&quot;autoplay_stopper&quot;:false,&quot;noNavigation&quot;:false,&quot;show_slide_delay&quot;:90}\" class='avia-content-slider avia-content-grid-active avia-content-slider1 avia-content-slider-odd  avia-builder-el-8  avia-builder-el-no-sibling  av-slideshow-ui av-control-default   av-no-slider-navigation av-slideshow-manual av-loop-once av-loop-manual-endless '  itemscope=\"itemscope\" itemtype=\"https:\/\/schema.org\/Blog\" ><div class=\"avia-content-slider-inner\"><div class=\"slide-entry-wrap\"><article class='slide-entry flex_column  post-entry post-entry-140238 slide-entry-overview slide-loop-1 slide-parity-odd  post-entry-last  av_one_third first real-thumbnail posttype-page post-format-standard'  itemscope=\"itemscope\" itemtype=\"https:\/\/schema.org\/CreativeWork\" ><a href='https:\/\/attra.ncat.org\/es\/temas\/granja-de-demostracion-de-la-ncat\/' data-rel='slide-1' class='slide-image' title='Granja de demostraci\u00f3n de la NCAT'><img decoding=\"async\" fetchpriority=\"high\" width=\"495\" height=\"400\" src=\"https:\/\/attra.ncat.org\/wp-content\/uploads\/2022\/05\/RS9539_DSCN04901-scaled-1-495x400.jpg\" class=\"wp-image-123523 avia-img-lazy-loading-not-123523 attachment-portfolio size-portfolio wp-post-image\" alt=\"\" srcset=\"https:\/\/attra.ncat.org\/wp-content\/uploads\/2022\/05\/RS9539_DSCN04901-scaled-1-495x400.jpg 495w, https:\/\/attra.ncat.org\/wp-content\/uploads\/2022\/05\/RS9539_DSCN04901-scaled-1-845x684.jpg 845w\" sizes=\"(max-width: 495px) 100vw, 495px\" \/><\/a><div class=\"slide-content\"><header class=\"entry-content-header\" aria-label=\"Slide: Granja de demostraci\u00f3n de la NCAT\"><h3 class='slide-entry-title entry-title '  itemprop=\"headline\" ><a href='https:\/\/attra.ncat.org\/es\/temas\/granja-de-demostracion-de-la-ncat\/' title='Granja de demostraci\u00f3n de la NCAT'>Granja de demostraci\u00f3n de la NCAT<\/a><\/h3><span class=\"av-vertical-delimiter\"><\/span><\/header><div class='slide-entry-excerpt entry-content'  itemprop=\"text\" ><div class=\"read-more-link\"><a href=\"https:\/\/attra.ncat.org\/es\/temas\/granja-de-demostracion-de-la-ncat\/\" class=\"more-link\">Leer m\u00e1s<span class='more-link-arrow avia-svg-icon avia-font-svg_entypo-fontello' data-av_svg_icon='right-open-big' data-av_iconset='svg_entypo-fontello'><svg version=\"1.1\" xmlns=\"http:\/\/www.w3.org\/2000\/svg\" width=\"15\" height=\"32\" viewBox=\"0 0 15 32\" preserveAspectRatio=\"xMidYMid meet\" role=\"graphics-symbol\" aria-hidden=\"true\">\n<path d=\"M0.416 27.84l11.456-11.84-11.456-11.904q-0.832-0.832 0-1.536 0.832-0.832 1.536 0l12.544 12.608q0.768 0.832 0 1.6l-12.544 12.608q-0.704 0.832-1.536 0-0.832-0.704 0-1.536z\"><\/path>\n<\/svg><\/span><\/a><\/div><\/div><\/div><footer class=\"entry-footer\"><\/footer><span class='hidden'>\n\t\t\t\t<span class='av-structured-data'  itemprop=\"image\" itemscope=\"itemscope\" itemtype=\"https:\/\/schema.org\/ImageObject\" >\n\t\t\t\t\t\t<span itemprop='url'>https:\/\/attra.ncat.org\/wp-content\/uploads\/2022\/05\/RS9539_DSCN04901-scaled-1.jpg<\/span>\n\t\t\t\t\t\t<span itemprop='height'>1920<\/span>\n\t\t\t\t\t\t<span itemprop='width'>2560<\/span>\n\t\t\t\t<\/span>\n\t\t\t\t<span class='av-structured-data'  itemprop=\"publisher\" itemtype=\"https:\/\/schema.org\/Organization\" itemscope=\"itemscope\" >\n\t\t\t\t\t\t<span itemprop='name'>NCAT IT<\/span>\n\t\t\t\t\t\t<span itemprop='logo' itemscope itemtype='https:\/\/schema.org\/ImageObject'>\n\t\t\t\t\t\t\t<span itemprop='url'>\/wp-content\/uploads\/2022\/12\/ATTRAlogo-RGB-espanol-lg.png<\/span>\n\t\t\t\t\t\t<\/span>\n\t\t\t\t<\/span><span class='av-structured-data'  itemprop=\"author\" itemscope=\"itemscope\" itemtype=\"https:\/\/schema.org\/Person\" ><span itemprop='name'>NCAT IT<\/span><\/span><span class='av-structured-data'  itemprop=\"datePublished\" datetime=\"2018-08-18T17:13:31-05:00\" >2018-08-18 17:13:31<\/span><span class='av-structured-data'  itemprop=\"dateModified\" itemtype=\"https:\/\/schema.org\/dateModified\" >2024-08-12 09:51:35<\/span><span class='av-structured-data'  itemprop=\"mainEntityOfPage\" itemtype=\"https:\/\/schema.org\/mainEntityOfPage\" ><span itemprop='name'>Granja de demostraci\u00f3n de la NCAT<\/span><\/span><\/span><\/article><\/div><\/div><\/div><\/div><\/p>\n","protected":false},"excerpt":{"rendered":"","protected":false},"author":1,"featured_media":123523,"parent":134364,"menu_order":0,"comment_status":"closed","ping_status":"closed","template":"","meta":{"_acf_changed":false,"_price":"","_stock":"","_tribe_ticket_header":"","_tribe_default_ticket_provider":"","_tribe_ticket_capacity":"0","_ticket_start_date":"","_ticket_end_date":"","_tribe_ticket_show_description":"","_tribe_ticket_show_not_going":false,"_tribe_ticket_use_global_stock":"","_tribe_ticket_global_stock_level":"","_global_stock_mode":"","_global_stock_cap":"","_tribe_rsvp_for_event":"","_tribe_ticket_going_count":"","_tribe_ticket_not_going_count":"","_tribe_tickets_list":"[]","_tribe_ticket_has_attendee_info_fields":false,"footnotes":"","beyondwords_generate_audio":"0","beyondwords_integration_method":"","beyondwords_project_id":"","beyondwords_content_id":"","beyondwords_preview_token":"","beyondwords_player_content":"","beyondwords_player_style":"","beyondwords_language_code":"","beyondwords_language_id":"","beyondwords_title_voice_id":"","beyondwords_body_voice_id":"","beyondwords_summary_voice_id":"","beyondwords_error_message":"","beyondwords_disabled":"","beyondwords_delete_content":"","beyondwords_podcast_id":"","beyondwords_hash":"","publish_post_to_speechkit":"","speechkit_hash":"","speechkit_generate_audio":"","speechkit_project_id":"","speechkit_podcast_id":"","speechkit_error_message":"","speechkit_disabled":"","speechkit_access_key":"","speechkit_error":"","speechkit_info":"","speechkit_response":"","speechkit_retries":"","speechkit_status":"","speechkit_updated_at":"","_speechkit_link":"","_speechkit_text":"","_tec_slr_enabled":"","_tec_slr_layout":""},"categories":[58],"tags":[241],"class_list":["post-140238","page","type-page","status-publish","has-post-thumbnail","hentry","category-crops","tag-ncat-demonstration-farm"],"acf":[],"publishpress_future_workflow_manual_trigger":{"enabledWorkflows":[]},"distributor_meta":false,"distributor_terms":false,"distributor_media":false,"distributor_original_site_name":"ATTRA - Agricultura Sustentable","distributor_original_site_url":"https:\/\/attra.ncat.org\/es\/","push-errors":false,"ticketed":false,"_links":{"self":[{"href":"https:\/\/attra.ncat.org\/es\/wp-json\/wp\/v2\/pages\/140238","targetHints":{"allow":["GET"]}}],"collection":[{"href":"https:\/\/attra.ncat.org\/es\/wp-json\/wp\/v2\/pages"}],"about":[{"href":"https:\/\/attra.ncat.org\/es\/wp-json\/wp\/v2\/types\/page"}],"author":[{"embeddable":true,"href":"https:\/\/attra.ncat.org\/es\/wp-json\/wp\/v2\/users\/1"}],"replies":[{"embeddable":true,"href":"https:\/\/attra.ncat.org\/es\/wp-json\/wp\/v2\/comments?post=140238"}],"version-history":[{"count":8,"href":"https:\/\/attra.ncat.org\/es\/wp-json\/wp\/v2\/pages\/140238\/revisions"}],"predecessor-version":[{"id":167463,"href":"https:\/\/attra.ncat.org\/es\/wp-json\/wp\/v2\/pages\/140238\/revisions\/167463"}],"up":[{"embeddable":true,"href":"https:\/\/attra.ncat.org\/es\/wp-json\/wp\/v2\/pages\/134364"}],"wp:featuredmedia":[{"embeddable":true,"href":"https:\/\/attra.ncat.org\/es\/wp-json\/wp\/v2\/media\/123523"}],"wp:attachment":[{"href":"https:\/\/attra.ncat.org\/es\/wp-json\/wp\/v2\/media?parent=140238"}],"wp:term":[{"taxonomy":"category","embeddable":true,"href":"https:\/\/attra.ncat.org\/es\/wp-json\/wp\/v2\/categories?post=140238"},{"taxonomy":"post_tag","embeddable":true,"href":"https:\/\/attra.ncat.org\/es\/wp-json\/wp\/v2\/tags?post=140238"}],"curies":[{"name":"wp","href":"https:\/\/api.w.org\/{rel}","templated":true}]}}