

{"id":140239,"date":"2018-08-22T16:44:55","date_gmt":"2018-08-22T21:44:55","guid":{"rendered":"https:\/\/attra.ncat.org\/temas\/grano\/"},"modified":"2025-10-01T10:07:04","modified_gmt":"2025-10-01T15:07:04","slug":"grano","status":"publish","type":"page","link":"https:\/\/attra.ncat.org\/es\/temas\/grano\/","title":{"rendered":"Grano"},"content":{"rendered":"<div  class='flex_column av-1bfdwqy4-e6e7ba9dc7dde5e3766e346eace54df0 av_three_fourth  avia-builder-el-0  el_before_av_one_fourth  avia-builder-el-first  first flex_column_div  '     ><p>\n<style type=\"text\/css\" data-created_by=\"avia_inline_auto\" id=\"style-css-av-l6cj6l1g-c3d84557a98b7b60c7400b06aa34cad6\">\n#top .av-special-heading.av-l6cj6l1g-c3d84557a98b7b60c7400b06aa34cad6{\npadding-bottom:10px;\n}\nbody .av-special-heading.av-l6cj6l1g-c3d84557a98b7b60c7400b06aa34cad6 .av-special-heading-tag .heading-char{\nfont-size:25px;\n}\n.av-special-heading.av-l6cj6l1g-c3d84557a98b7b60c7400b06aa34cad6 .av-subheading{\nfont-size:15px;\n}\n<\/style>\n<div  class='av-special-heading av-l6cj6l1g-c3d84557a98b7b60c7400b06aa34cad6 av-special-heading-h1 blockquote modern-quote  avia-builder-el-1  el_before_av_image  avia-builder-el-first '><h1 class='av-special-heading-tag '  itemprop=\"headline\"  >Grano<\/h1><div class=\"special-heading-border\"><div class=\"special-heading-inner-border\"><\/div><\/div><\/div><br \/>\n\n<style type=\"text\/css\" data-created_by=\"avia_inline_auto\" id=\"style-css-av-l6cj99ji-43c80bf3b98d60dc8a2ce3beb118a3ce\">\n.avia-image-container.av-l6cj99ji-43c80bf3b98d60dc8a2ce3beb118a3ce img.avia_image{\nbox-shadow:none;\n}\n.avia-image-container.av-l6cj99ji-43c80bf3b98d60dc8a2ce3beb118a3ce .av-image-caption-overlay-center{\ncolor:#ffffff;\n}\n<\/style>\n<div  class='avia-image-container av-l6cj99ji-43c80bf3b98d60dc8a2ce3beb118a3ce av-styling- avia-align-center  avia-builder-el-2  el_after_av_heading  el_before_av_textblock '   itemprop=\"image\" itemscope=\"itemscope\" itemtype=\"https:\/\/schema.org\/ImageObject\" ><div class=\"avia-image-container-inner\"><div class=\"avia-image-overlay-wrap\"><img decoding=\"async\" fetchpriority=\"high\" class='wp-image-126763 avia-img-lazy-loading-not-126763 avia_image ' src=\"https:\/\/attra.ncat.org\/wp-content\/uploads\/2022\/08\/Wheat-Sunset.png\" alt='A field of wheat at sunset' title='Wheat Sunset'  height=\"350\" width=\"1500\"  itemprop=\"thumbnailUrl\" srcset=\"https:\/\/attra.ncat.org\/wp-content\/uploads\/2022\/08\/Wheat-Sunset.png 1500w, https:\/\/attra.ncat.org\/wp-content\/uploads\/2022\/08\/Wheat-Sunset-350x82.png 350w, https:\/\/attra.ncat.org\/wp-content\/uploads\/2022\/08\/Wheat-Sunset-1030x240.png 1030w, https:\/\/attra.ncat.org\/wp-content\/uploads\/2022\/08\/Wheat-Sunset-768x179.png 768w, https:\/\/attra.ncat.org\/wp-content\/uploads\/2022\/08\/Wheat-Sunset-705x165.png 705w\" sizes=\"(max-width: 1500px) 100vw, 1500px\" \/><\/div><\/div><\/div><br \/>\n<section  class='av_textblock_section av-l6cjdb0z-1057b185fab54c52be0ca1a2759e9fa9 '   itemscope=\"itemscope\" itemtype=\"https:\/\/schema.org\/CreativeWork\" ><div class='avia_textblock'  itemprop=\"text\" ><p><span class=\"TextRun SCXW126110810 BCX0\" lang=\"EN-US\" xml:lang=\"EN-US\" data-contrast=\"auto\"><span class=\"NormalTextRun SCXW126110810 BCX0\">Si cultiva<\/span> <span class=\"NormalTextRun SCXW126110810 BCX0\">granos<\/span>, <span class=\"NormalTextRun SCXW126110810 BCX0\"> como trigo<\/span>, <span class=\"NormalTextRun SCXW126110810 BCX0\"> ma\u00edz<\/span><span class=\"NormalTextRun SCXW126110810 BCX0\">, arroz<\/span><span class=\"NormalTextRun SCXW126110810 BCX0\"> o semillas oleaginosas,<\/span><span class=\"NormalTextRun SCXW126110810 BCX0\"> es posible que desee aprender c\u00f3mo adoptar con \u00e9xito <\/span> m\u00e9todos <span class=\"NormalTextRun SCXW126110810 BCX0\">de agricultura org\u00e1nica sostenibles y regenerativos <\/span><span class=\"NormalTextRun SCXW126110810 BCX0\">para estos cultivos. <\/span> <\/span><\/p>\n<p><span class=\"TextRun SCXW126110810 BCX0\" lang=\"EN-US\" xml:lang=\"EN-US\" data-contrast=\"auto\"><span class=\"NormalTextRun SCXW126110810 BCX0\">Los<\/span><span class=\"NormalTextRun SCXW126110810 BCX0\">recursos en esta secci\u00f3n discuten <\/span> algunas de las opciones de manejo de <span class=\"NormalTextRun SCXW126110810 BCX0\">suelos<\/span>, <span class=\"NormalTextRun SCXW126110810 BCX0\">plagas<\/span> y <span class=\"NormalTextRun SCXW126110810 BCX0\"> malezas, as\u00ed como <\/span><span class=\"NormalTextRun SCXW126110810 BCX0\">varios <\/span><span class=\"NormalTextRun SCXW126110810 BCX0\">m\u00e9todos de labranza y siembra, que pueden hacer que <\/span> la <span class=\"NormalTextRun SCXW126110810 BCX0\">producci\u00f3n <\/span> tradicional de <span class=\"NormalTextRun SCXW126110810 BCX0\">granos <\/span><span class=\"NormalTextRun SCXW126110810 BCX0\">sea m\u00e1s sostenible y econ\u00f3micamente viable. <\/span> <\/span><\/p>\n<\/div><\/section><\/p><\/div>\n<div  class='flex_column av-178zkrn0-99fad0b5e0f6abab1be0476249ce31f0 av_one_fourth  avia-builder-el-4  el_after_av_three_fourth  el_before_av_one_full  flex_column_div  '     ><p>\n<style type=\"text\/css\" data-created_by=\"avia_inline_auto\" id=\"style-css-av-l6cj7mj6-420c37c3d9ced9ba0aac15936e913f62\">\n#top .av-special-heading.av-l6cj7mj6-420c37c3d9ced9ba0aac15936e913f62{\npadding-bottom:10px;\n}\nbody .av-special-heading.av-l6cj7mj6-420c37c3d9ced9ba0aac15936e913f62 .av-special-heading-tag .heading-char{\nfont-size:25px;\n}\n.av-special-heading.av-l6cj7mj6-420c37c3d9ced9ba0aac15936e913f62 .av-subheading{\nfont-size:15px;\n}\n<\/style>\n<div  class='av-special-heading av-l6cj7mj6-420c37c3d9ced9ba0aac15936e913f62 av-special-heading-h2 blockquote modern-quote  avia-builder-el-5  el_before_av_image  avia-builder-el-first '><h2 class='av-special-heading-tag '  itemprop=\"headline\"  >Temas relacionados<\/h2><div class=\"special-heading-border\"><div class=\"special-heading-inner-border\"><\/div><\/div><\/div><br \/>\n\n<style type=\"text\/css\" data-created_by=\"avia_inline_auto\" id=\"style-css-av-l75aaps3-dc86ea38c063e2a75e7a0e8dd41e9b21\">\n.avia-image-container.av-l75aaps3-dc86ea38c063e2a75e7a0e8dd41e9b21 img.avia_image{\nbox-shadow:none;\n}\n.avia-image-container.av-l75aaps3-dc86ea38c063e2a75e7a0e8dd41e9b21 .av-caption-image-overlay-bg{\nopacity:0.1;\nbackground-color:#000000;\n}\n.avia-image-container.av-l75aaps3-dc86ea38c063e2a75e7a0e8dd41e9b21 .av-image-caption-overlay-center{\ncolor:#ffffff;\nfont-size:25px;\n}\n<\/style>\n<div  class='avia-image-container av-l75aaps3-dc86ea38c063e2a75e7a0e8dd41e9b21 av-styling- avia-align-center  avia-builder-el-6  el_after_av_heading  avia-builder-el-last  noHover av-overlay-hover-deactivate'   itemprop=\"image\" itemscope=\"itemscope\" itemtype=\"https:\/\/schema.org\/ImageObject\" ><div class=\"avia-image-container-inner\"><div class=\"avia-image-overlay-wrap\"><div class=\"av-image-caption-overlay\"><div class=\"av-caption-image-overlay-bg\"><\/div><div class=\"av-image-caption-overlay-position\"><div class=\"av-image-caption-overlay-center\"><p>ORG\u00c1NICO<\/p>\n<\/div><\/div><\/div><img decoding=\"async\" fetchpriority=\"high\" class='wp-image-126766 avia-img-lazy-loading-not-126766 avia_image ' src=\"https:\/\/attra.ncat.org\/wp-content\/uploads\/2022\/08\/Wheat-Close-Up-350x245.png\" alt='Wheat Close Up' title='Wheat Close Up'  height=\"245\" width=\"350\"  itemprop=\"thumbnailUrl\" srcset=\"https:\/\/attra.ncat.org\/wp-content\/uploads\/2022\/08\/Wheat-Close-Up-350x245.png 350w, https:\/\/attra.ncat.org\/wp-content\/uploads\/2022\/08\/Wheat-Close-Up.png 500w\" sizes=\"(max-width: 350px) 100vw, 350px\" \/><\/div><\/div><\/div><\/p><\/div><div  class='flex_column av-ecje9rg-d0c95aaa013c2c934e638bbe6f10584e av_one_full  avia-builder-el-7  el_after_av_one_fourth  avia-builder-el-last  first flex_column_div  column-top-margin'     ><div  data-slideshow-options=\"{&quot;animation&quot;:&quot;fade&quot;,&quot;autoplay&quot;:false,&quot;loop_autoplay&quot;:&quot;once&quot;,&quot;interval&quot;:5,&quot;loop_manual&quot;:&quot;manual-endless&quot;,&quot;autoplay_stopper&quot;:false,&quot;noNavigation&quot;:false,&quot;show_slide_delay&quot;:90}\" class='avia-content-slider avia-content-grid-active avia-content-slider1 avia-content-slider-odd  avia-builder-el-8  avia-builder-el-no-sibling  av-slideshow-ui av-control-default   av-no-slider-navigation av-slideshow-manual av-loop-once av-loop-manual-endless '  itemscope=\"itemscope\" itemtype=\"https:\/\/schema.org\/Blog\" ><div class=\"avia-content-slider-inner\"><div class=\"slide-entry-wrap\"><article class='slide-entry flex_column  post-entry post-entry-134832 slide-entry-overview slide-loop-1 slide-parity-odd  av_one_third first real-thumbnail posttype-attrapub post-format-standard'  itemscope=\"itemscope\" itemtype=\"https:\/\/schema.org\/CreativeWork\" ><a href='https:\/\/attra.ncat.org\/es\/publication\/manejo-de-enfermedades-e-insectos-en-granos-pequenos-organicos\/' data-rel='slide-1' class='slide-image' title='Manejo de enfermedades e insectos en granos peque\u00f1os org\u00e1nicos'><img decoding=\"async\" fetchpriority=\"high\" width=\"495\" height=\"400\" src=\"https:\/\/attra.ncat.org\/wp-content\/uploads\/2022\/04\/crimper-495x400.jpg\" class=\"wp-image-123298 avia-img-lazy-loading-not-123298 attachment-portfolio size-portfolio wp-post-image\" alt=\"\" srcset=\"https:\/\/attra.ncat.org\/wp-content\/uploads\/2022\/04\/crimper-495x400.jpg 495w, https:\/\/attra.ncat.org\/wp-content\/uploads\/2022\/04\/crimper-845x684.jpg 845w\" sizes=\"(max-width: 495px) 100vw, 495px\" \/><\/a><div class=\"slide-content\"><header class=\"entry-content-header\" aria-label=\"Slide: Manejo de enfermedades e insectos en granos peque\u00f1os org\u00e1nicos\"><h3 class='slide-entry-title entry-title '  itemprop=\"headline\" ><a href='https:\/\/attra.ncat.org\/es\/publication\/manejo-de-enfermedades-e-insectos-en-granos-pequenos-organicos\/' title='Manejo de enfermedades e insectos en granos peque\u00f1os org\u00e1nicos'>Manejo de enfermedades e insectos en granos peque\u00f1os org\u00e1nicos<\/a><\/h3><span class=\"av-vertical-delimiter\"><\/span><\/header><div class='slide-entry-excerpt entry-content'  itemprop=\"text\" ><div class=\"read-more-link\"><a href=\"https:\/\/attra.ncat.org\/es\/publication\/manejo-de-enfermedades-e-insectos-en-granos-pequenos-organicos\/\" class=\"more-link\">Leer m\u00e1s<span class='more-link-arrow avia-svg-icon avia-font-svg_entypo-fontello' data-av_svg_icon='right-open-big' data-av_iconset='svg_entypo-fontello'><svg version=\"1.1\" xmlns=\"http:\/\/www.w3.org\/2000\/svg\" width=\"15\" height=\"32\" viewBox=\"0 0 15 32\" preserveAspectRatio=\"xMidYMid meet\" role=\"graphics-symbol\" aria-hidden=\"true\">\n<path d=\"M0.416 27.84l11.456-11.84-11.456-11.904q-0.832-0.832 0-1.536 0.832-0.832 1.536 0l12.544 12.608q0.768 0.832 0 1.6l-12.544 12.608q-0.704 0.832-1.536 0-0.832-0.704 0-1.536z\"><\/path>\n<\/svg><\/span><\/a><\/div><\/div><\/div><footer class=\"entry-footer\"><\/footer><span class='hidden'>\n\t\t\t\t<span class='av-structured-data'  itemprop=\"image\" itemscope=\"itemscope\" itemtype=\"https:\/\/schema.org\/ImageObject\" >\n\t\t\t\t\t\t<span itemprop='url'>https:\/\/attra.ncat.org\/wp-content\/uploads\/2022\/04\/crimper.jpg<\/span>\n\t\t\t\t\t\t<span itemprop='height'>690<\/span>\n\t\t\t\t\t\t<span itemprop='width'>920<\/span>\n\t\t\t\t<\/span>\n\t\t\t\t<span class='av-structured-data'  itemprop=\"publisher\" itemtype=\"https:\/\/schema.org\/Organization\" itemscope=\"itemscope\" >\n\t\t\t\t\t\t<span itemprop='name'>NCAT IT<\/span>\n\t\t\t\t\t\t<span itemprop='logo' itemscope itemtype='https:\/\/schema.org\/ImageObject'>\n\t\t\t\t\t\t\t<span itemprop='url'>\/wp-content\/uploads\/2022\/12\/ATTRAlogo-RGB-espanol-lg.png<\/span>\n\t\t\t\t\t\t<\/span>\n\t\t\t\t<\/span><span class='av-structured-data'  itemprop=\"author\" itemscope=\"itemscope\" itemtype=\"https:\/\/schema.org\/Person\" ><span itemprop='name'>NCAT IT<\/span><\/span><span class='av-structured-data'  itemprop=\"datePublished\" datetime=\"2018-08-22T16:44:55-05:00\" >2022-10-03 12:48:15<\/span><span class='av-structured-data'  itemprop=\"dateModified\" itemtype=\"https:\/\/schema.org\/dateModified\" >2022-12-16 16:58:59<\/span><span class='av-structured-data'  itemprop=\"mainEntityOfPage\" itemtype=\"https:\/\/schema.org\/mainEntityOfPage\" ><span itemprop='name'>Manejo de enfermedades e insectos en granos peque\u00f1os org\u00e1nicos<\/span><\/span><\/span><\/article><article class='slide-entry flex_column  post-entry post-entry-134734 slide-entry-overview slide-loop-2 slide-parity-even  av_one_third  real-thumbnail posttype-attrapub post-format-standard'  itemscope=\"itemscope\" itemtype=\"https:\/\/schema.org\/CreativeWork\" ><a href='https:\/\/attra.ncat.org\/es\/publication\/tipsheet-rotacion-de-cultivos-en-sistemas-de-agricultura-ecologica\/' data-rel='slide-1' class='slide-image' title='Hoja de consejos: Rotaci\u00f3n de cultivos en sistemas de agricultura ecol\u00f3gica'><img decoding=\"async\" fetchpriority=\"high\" width=\"495\" height=\"400\" src=\"https:\/\/attra.ncat.org\/wp-content\/uploads\/2022\/09\/tipsheet-crop-rotation-495x400.jpg\" class=\"wp-image-130637 avia-img-lazy-loading-not-130637 attachment-portfolio size-portfolio wp-post-image\" alt=\"five photos comparing various stages of crop rotation.\" srcset=\"https:\/\/attra.ncat.org\/wp-content\/uploads\/2022\/09\/tipsheet-crop-rotation-495x400.jpg 495w, https:\/\/attra.ncat.org\/wp-content\/uploads\/2022\/09\/tipsheet-crop-rotation-845x684.jpg 845w\" sizes=\"(max-width: 495px) 100vw, 495px\" \/><\/a><div class=\"slide-content\"><header class=\"entry-content-header\" aria-label=\"Slide: Hoja de consejos: Rotaci\u00f3n de cultivos en sistemas de agricultura ecol\u00f3gica\"><h3 class='slide-entry-title entry-title '  itemprop=\"headline\" ><a href='https:\/\/attra.ncat.org\/es\/publication\/tipsheet-rotacion-de-cultivos-en-sistemas-de-agricultura-ecologica\/' title='Hoja de consejos: Rotaci\u00f3n de cultivos en sistemas de agricultura ecol\u00f3gica'>Hoja de consejos: Rotaci\u00f3n de cultivos en sistemas de agricultura ecol\u00f3gica<\/a><\/h3><span class=\"av-vertical-delimiter\"><\/span><\/header><div class='slide-entry-excerpt entry-content'  itemprop=\"text\" ><div class=\"read-more-link\"><a href=\"https:\/\/attra.ncat.org\/es\/publication\/tipsheet-rotacion-de-cultivos-en-sistemas-de-agricultura-ecologica\/\" class=\"more-link\">Leer m\u00e1s<span class='more-link-arrow avia-svg-icon avia-font-svg_entypo-fontello' data-av_svg_icon='right-open-big' data-av_iconset='svg_entypo-fontello'><svg version=\"1.1\" xmlns=\"http:\/\/www.w3.org\/2000\/svg\" width=\"15\" height=\"32\" viewBox=\"0 0 15 32\" preserveAspectRatio=\"xMidYMid meet\" role=\"graphics-symbol\" aria-hidden=\"true\">\n<path d=\"M0.416 27.84l11.456-11.84-11.456-11.904q-0.832-0.832 0-1.536 0.832-0.832 1.536 0l12.544 12.608q0.768 0.832 0 1.6l-12.544 12.608q-0.704 0.832-1.536 0-0.832-0.704 0-1.536z\"><\/path>\n<\/svg><\/span><\/a><\/div><\/div><\/div><footer class=\"entry-footer\"><\/footer><span class='hidden'>\n\t\t\t\t<span class='av-structured-data'  itemprop=\"image\" itemscope=\"itemscope\" itemtype=\"https:\/\/schema.org\/ImageObject\" >\n\t\t\t\t\t\t<span itemprop='url'>https:\/\/attra.ncat.org\/wp-content\/uploads\/2022\/09\/tipsheet-crop-rotation.jpg<\/span>\n\t\t\t\t\t\t<span itemprop='height'>1116<\/span>\n\t\t\t\t\t\t<span itemprop='width'>2247<\/span>\n\t\t\t\t<\/span>\n\t\t\t\t<span class='av-structured-data'  itemprop=\"publisher\" itemtype=\"https:\/\/schema.org\/Organization\" itemscope=\"itemscope\" >\n\t\t\t\t\t\t<span itemprop='name'>Amy Smith<\/span>\n\t\t\t\t\t\t<span itemprop='logo' itemscope itemtype='https:\/\/schema.org\/ImageObject'>\n\t\t\t\t\t\t\t<span itemprop='url'>\/wp-content\/uploads\/2022\/12\/ATTRAlogo-RGB-espanol-lg.png<\/span>\n\t\t\t\t\t\t<\/span>\n\t\t\t\t<\/span><span class='av-structured-data'  itemprop=\"author\" itemscope=\"itemscope\" itemtype=\"https:\/\/schema.org\/Person\" ><span itemprop='name'>Amy Smith<\/span><\/span><span class='av-structured-data'  itemprop=\"datePublished\" datetime=\"2018-08-22T16:44:55-05:00\" >2022-09-28 09:33:29<\/span><span class='av-structured-data'  itemprop=\"dateModified\" itemtype=\"https:\/\/schema.org\/dateModified\" >2022-12-12 13:57:49<\/span><span class='av-structured-data'  itemprop=\"mainEntityOfPage\" itemtype=\"https:\/\/schema.org\/mainEntityOfPage\" ><span itemprop='name'>Hoja de consejos: Rotaci\u00f3n de cultivos en sistemas de agricultura ecol\u00f3gica<\/span><\/span><\/span><\/article><article class='slide-entry flex_column  post-entry post-entry-156669 slide-entry-overview slide-loop-3 slide-parity-odd  post-entry-last  av_one_third  real-thumbnail posttype-attrapub post-format-standard'  itemscope=\"itemscope\" itemtype=\"https:\/\/schema.org\/CreativeWork\" ><a href='https:\/\/attra.ncat.org\/es\/publication\/manejo-de-malezas-en-granos-pequenos-organicos\/' data-rel='slide-1' class='slide-image' title='Manejo de malezas en granos peque\u00f1os org\u00e1nicos'><img decoding=\"async\" fetchpriority=\"high\" width=\"495\" height=\"400\" src=\"https:\/\/attra.ncat.org\/wp-content\/uploads\/2022\/04\/crimper-495x400.jpg\" class=\"wp-image-123298 avia-img-lazy-loading-not-123298 attachment-portfolio size-portfolio wp-post-image\" alt=\"\" srcset=\"https:\/\/attra.ncat.org\/wp-content\/uploads\/2022\/04\/crimper-495x400.jpg 495w, https:\/\/attra.ncat.org\/wp-content\/uploads\/2022\/04\/crimper-845x684.jpg 845w\" sizes=\"(max-width: 495px) 100vw, 495px\" \/><\/a><div class=\"slide-content\"><header class=\"entry-content-header\" aria-label=\"Slide: Manejo de malezas en granos peque\u00f1os org\u00e1nicos\"><h3 class='slide-entry-title entry-title '  itemprop=\"headline\" ><a href='https:\/\/attra.ncat.org\/es\/publication\/manejo-de-malezas-en-granos-pequenos-organicos\/' title='Manejo de malezas en granos peque\u00f1os org\u00e1nicos'>Manejo de malezas en granos peque\u00f1os org\u00e1nicos<\/a><\/h3><span class=\"av-vertical-delimiter\"><\/span><\/header><div class='slide-entry-excerpt entry-content'  itemprop=\"text\" ><div class=\"read-more-link\"><a href=\"https:\/\/attra.ncat.org\/es\/publication\/manejo-de-malezas-en-granos-pequenos-organicos\/\" class=\"more-link\">Leer m\u00e1s<span class='more-link-arrow avia-svg-icon avia-font-svg_entypo-fontello' data-av_svg_icon='right-open-big' data-av_iconset='svg_entypo-fontello'><svg version=\"1.1\" xmlns=\"http:\/\/www.w3.org\/2000\/svg\" width=\"15\" height=\"32\" viewBox=\"0 0 15 32\" preserveAspectRatio=\"xMidYMid meet\" role=\"graphics-symbol\" aria-hidden=\"true\">\n<path d=\"M0.416 27.84l11.456-11.84-11.456-11.904q-0.832-0.832 0-1.536 0.832-0.832 1.536 0l12.544 12.608q0.768 0.832 0 1.6l-12.544 12.608q-0.704 0.832-1.536 0-0.832-0.704 0-1.536z\"><\/path>\n<\/svg><\/span><\/a><\/div><\/div><\/div><footer class=\"entry-footer\"><\/footer><span class='hidden'>\n\t\t\t\t<span class='av-structured-data'  itemprop=\"image\" itemscope=\"itemscope\" itemtype=\"https:\/\/schema.org\/ImageObject\" >\n\t\t\t\t\t\t<span itemprop='url'>https:\/\/attra.ncat.org\/wp-content\/uploads\/2022\/04\/crimper.jpg<\/span>\n\t\t\t\t\t\t<span itemprop='height'>690<\/span>\n\t\t\t\t\t\t<span itemprop='width'>920<\/span>\n\t\t\t\t<\/span>\n\t\t\t\t<span class='av-structured-data'  itemprop=\"publisher\" itemtype=\"https:\/\/schema.org\/Organization\" itemscope=\"itemscope\" >\n\t\t\t\t\t\t<span itemprop='name'>NCAT IT<\/span>\n\t\t\t\t\t\t<span itemprop='logo' itemscope itemtype='https:\/\/schema.org\/ImageObject'>\n\t\t\t\t\t\t\t<span itemprop='url'>\/wp-content\/uploads\/2022\/12\/ATTRAlogo-RGB-espanol-lg.png<\/span>\n\t\t\t\t\t\t<\/span>\n\t\t\t\t<\/span><span class='av-structured-data'  itemprop=\"author\" itemscope=\"itemscope\" itemtype=\"https:\/\/schema.org\/Person\" ><span itemprop='name'>NCAT IT<\/span><\/span><span class='av-structured-data'  itemprop=\"datePublished\" datetime=\"2018-08-22T16:44:55-05:00\" >2022-08-02 17:18:42<\/span><span class='av-structured-data'  itemprop=\"dateModified\" itemtype=\"https:\/\/schema.org\/dateModified\" >2024-01-09 14:42:06<\/span><span class='av-structured-data'  itemprop=\"mainEntityOfPage\" itemtype=\"https:\/\/schema.org\/mainEntityOfPage\" ><span itemprop='name'>Manejo de malezas en granos peque\u00f1os org\u00e1nicos<\/span><\/span><\/span><\/article><\/div><\/div><div class='pagination-wrap pagination-slider'><nav class='pagination'><span class='pagination-meta'>Page 1 of 2<\/span><span class='current'>1<\/span><a href='https:\/\/attra.ncat.org\/es\/wp-json\/wp\/v2\/pages\/140239\/?avia-element-paging=2' class='inactive next_page' >2<\/a><\/nav>\n<\/div><\/div><\/div><\/p>\n","protected":false},"excerpt":{"rendered":"","protected":false},"author":1,"featured_media":126766,"parent":134364,"menu_order":0,"comment_status":"closed","ping_status":"closed","template":"","meta":{"_acf_changed":false,"_price":"","_stock":"","_tribe_ticket_header":"","_tribe_default_ticket_provider":"","_tribe_ticket_capacity":"0","_ticket_start_date":"","_ticket_end_date":"","_tribe_ticket_show_description":"","_tribe_ticket_show_not_going":false,"_tribe_ticket_use_global_stock":"","_tribe_ticket_global_stock_level":"","_global_stock_mode":"","_global_stock_cap":"","_tribe_rsvp_for_event":"","_tribe_ticket_going_count":"","_tribe_ticket_not_going_count":"","_tribe_tickets_list":"[]","_tribe_ticket_has_attendee_info_fields":false,"footnotes":"","beyondwords_generate_audio":"0","beyondwords_integration_method":"","beyondwords_project_id":"","beyondwords_content_id":"","beyondwords_preview_token":"","beyondwords_player_content":"","beyondwords_player_style":"standard","beyondwords_language_code":"en_US","beyondwords_language_id":"","beyondwords_title_voice_id":"776","beyondwords_body_voice_id":"776","beyondwords_summary_voice_id":"776","beyondwords_error_message":"","beyondwords_disabled":"","beyondwords_delete_content":"","beyondwords_podcast_id":"","beyondwords_hash":"","publish_post_to_speechkit":"","speechkit_hash":"","speechkit_generate_audio":"","speechkit_project_id":"","speechkit_podcast_id":"","speechkit_error_message":"","speechkit_disabled":"","speechkit_access_key":"","speechkit_error":"","speechkit_info":"","speechkit_response":"","speechkit_retries":"","speechkit_status":"","speechkit_updated_at":"","_speechkit_link":"","_speechkit_text":"","_tec_slr_enabled":"","_tec_slr_layout":""},"categories":[58],"tags":[140,145],"class_list":["post-140239","page","type-page","status-publish","has-post-thumbnail","hentry","category-crops","tag-grain","tag-specialty-crops"],"acf":[],"publishpress_future_workflow_manual_trigger":{"enabledWorkflows":[]},"distributor_meta":false,"distributor_terms":false,"distributor_media":false,"distributor_original_site_name":"ATTRA - Agricultura Sustentable","distributor_original_site_url":"https:\/\/attra.ncat.org\/es\/","push-errors":false,"ticketed":false,"_links":{"self":[{"href":"https:\/\/attra.ncat.org\/es\/wp-json\/wp\/v2\/pages\/140239","targetHints":{"allow":["GET"]}}],"collection":[{"href":"https:\/\/attra.ncat.org\/es\/wp-json\/wp\/v2\/pages"}],"about":[{"href":"https:\/\/attra.ncat.org\/es\/wp-json\/wp\/v2\/types\/page"}],"author":[{"embeddable":true,"href":"https:\/\/attra.ncat.org\/es\/wp-json\/wp\/v2\/users\/1"}],"replies":[{"embeddable":true,"href":"https:\/\/attra.ncat.org\/es\/wp-json\/wp\/v2\/comments?post=140239"}],"version-history":[{"count":8,"href":"https:\/\/attra.ncat.org\/es\/wp-json\/wp\/v2\/pages\/140239\/revisions"}],"predecessor-version":[{"id":178223,"href":"https:\/\/attra.ncat.org\/es\/wp-json\/wp\/v2\/pages\/140239\/revisions\/178223"}],"up":[{"embeddable":true,"href":"https:\/\/attra.ncat.org\/es\/wp-json\/wp\/v2\/pages\/134364"}],"wp:featuredmedia":[{"embeddable":true,"href":"https:\/\/attra.ncat.org\/es\/wp-json\/wp\/v2\/media\/126766"}],"wp:attachment":[{"href":"https:\/\/attra.ncat.org\/es\/wp-json\/wp\/v2\/media?parent=140239"}],"wp:term":[{"taxonomy":"category","embeddable":true,"href":"https:\/\/attra.ncat.org\/es\/wp-json\/wp\/v2\/categories?post=140239"},{"taxonomy":"post_tag","embeddable":true,"href":"https:\/\/attra.ncat.org\/es\/wp-json\/wp\/v2\/tags?post=140239"}],"curies":[{"name":"wp","href":"https:\/\/api.w.org\/{rel}","templated":true}]}}