

{"id":140258,"date":"2018-09-15T16:52:54","date_gmt":"2018-09-15T21:52:54","guid":{"rendered":"https:\/\/attra.ncat.org\/temas\/acuicultura\/"},"modified":"2023-10-26T14:23:26","modified_gmt":"2023-10-26T19:23:26","slug":"acuicultura","status":"publish","type":"page","link":"https:\/\/attra.ncat.org\/es\/temas\/acuicultura\/","title":{"rendered":"Acuicultura"},"content":{"rendered":"<div  class='flex_column av-1bfdwqy4-e6e7ba9dc7dde5e3766e346eace54df0 av_three_fourth  avia-builder-el-0  el_before_av_one_fourth  avia-builder-el-first  first flex_column_div  '     ><p>\n<style type=\"text\/css\" data-created_by=\"avia_inline_auto\" id=\"style-css-av-l6cj6l1g-a5ad5a9fad1baeef491f18a7ef891c45\">\n#top .av-special-heading.av-l6cj6l1g-a5ad5a9fad1baeef491f18a7ef891c45{\npadding-bottom:10px;\n}\nbody .av-special-heading.av-l6cj6l1g-a5ad5a9fad1baeef491f18a7ef891c45 .av-special-heading-tag .heading-char{\nfont-size:25px;\n}\n.av-special-heading.av-l6cj6l1g-a5ad5a9fad1baeef491f18a7ef891c45 .av-subheading{\nfont-size:15px;\n}\n<\/style>\n<div  class='av-special-heading av-l6cj6l1g-a5ad5a9fad1baeef491f18a7ef891c45 av-special-heading-h1 blockquote modern-quote  avia-builder-el-1  el_before_av_textblock  avia-builder-el-first '><h1 class='av-special-heading-tag '  itemprop=\"headline\"  >Acuicultura<\/h1><div class=\"special-heading-border\"><div class=\"special-heading-inner-border\"><\/div><\/div><\/div><br \/>\n<section  class='av_textblock_section av-l6cjdb0z-1057b185fab54c52be0ca1a2759e9fa9 '   itemscope=\"itemscope\" itemtype=\"https:\/\/schema.org\/CreativeWork\" ><div class='avia_textblock'  itemprop=\"text\" ><p><span data-contrast=\"auto\">La producci\u00f3n de mariscos ofrece oportunidades para que los peque\u00f1os y medianos empresarios marquen la diferencia en el sistema alimentario local e incluso global.  <\/span><\/p>\n<p><span data-contrast=\"auto\">La acuicultura marina y terrestre sostenible puede hacer que nuestro sistema alimentario mundial sea m\u00e1s neutral en carbono, al tiempo que proporciona oportunidades econ\u00f3micas y de productos del mar a las comunidades costeras y del interior. En la acuicultura marina multiespecie, los mariscos y las algas marinas son autosuficientes, no requieren alimento ni fertilizante en ning\u00fan punto del ciclo de producci\u00f3n.  <\/span><\/p>\n<p><span data-contrast=\"auto\">Adem\u00e1s, las granjas marinas costeras multiespecies son zonas de diversidad ecol\u00f3gica, que atraen a cientos de especies oce\u00e1nicas y proporcionan h\u00e1bitat para organismos marinos j\u00f3venes, lo que aumenta la capacidad del h\u00e1bitat estuarial para sustentar la vida. Y al igual que la acuicultura marina, los sistemas terrestres como la acuaponia pueden ser igual de beneficiosos para el medio ambiente. La integraci\u00f3n de los peces con la producci\u00f3n de plantas da como resultado un policultivo multitr\u00f3fico que produce m\u00faltiples productos y recicla nutrientes, donde los productos de desecho de un sistema biol\u00f3gico, a trav\u00e9s de la actividad microbiana, sirven como nutrientes para un segundo sistema biol\u00f3gico.<\/span><span data-ccp-props=\"{\"> <\/span><\/p>\n<p><span data-contrast=\"auto\">Aqu\u00ed encontrar\u00e1 recursos pr\u00e1cticos de ATTRA que ayudar\u00e1n a los futuros agricultores a aprender m\u00e1s sobre estos tipos de producci\u00f3n.  <\/span><span data-ccp-props=\"{\"> <\/span><\/p>\n<\/div><\/section><br \/>\n\n<style type=\"text\/css\" data-created_by=\"avia_inline_auto\" id=\"style-css-av-l83l73mw-cb114d10b1d0fb6fffff45efe8eb6910\">\n.avia-image-container.av-l83l73mw-cb114d10b1d0fb6fffff45efe8eb6910 img.avia_image{\nbox-shadow:none;\n}\n.avia-image-container.av-l83l73mw-cb114d10b1d0fb6fffff45efe8eb6910 .av-image-caption-overlay-center{\ncolor:#ffffff;\n}\n<\/style>\n<div  class='avia-image-container av-l83l73mw-cb114d10b1d0fb6fffff45efe8eb6910 av-styling- avia-align-center  avia-builder-el-3  el_after_av_textblock  avia-builder-el-last '   itemprop=\"image\" itemscope=\"itemscope\" itemtype=\"https:\/\/schema.org\/ImageObject\" ><div class=\"avia-image-container-inner\"><div class=\"avia-image-overlay-wrap\"><img decoding=\"async\" fetchpriority=\"high\" class='wp-image-128475 avia-img-lazy-loading-not-128475 avia_image ' src=\"https:\/\/attra.ncat.org\/wp-content\/uploads\/2022\/09\/Aquaculture.png\" alt='' title='Aquaculture'  height=\"650\" width=\"850\"  itemprop=\"thumbnailUrl\" srcset=\"https:\/\/attra.ncat.org\/wp-content\/uploads\/2022\/09\/Aquaculture.png 850w, https:\/\/attra.ncat.org\/wp-content\/uploads\/2022\/09\/Aquaculture-350x268.png 350w, https:\/\/attra.ncat.org\/wp-content\/uploads\/2022\/09\/Aquaculture-768x587.png 768w, https:\/\/attra.ncat.org\/wp-content\/uploads\/2022\/09\/Aquaculture-705x539.png 705w\" sizes=\"(max-width: 850px) 100vw, 850px\" \/><\/div><\/div><\/div><\/p><\/div>\n<div  class='flex_column av-178zkrn0-99fad0b5e0f6abab1be0476249ce31f0 av_one_fourth  avia-builder-el-4  el_after_av_three_fourth  el_before_av_one_full  flex_column_div  '     ><p>\n<style type=\"text\/css\" data-created_by=\"avia_inline_auto\" id=\"style-css-av-l6cj7mj6-420c37c3d9ced9ba0aac15936e913f62\">\n#top .av-special-heading.av-l6cj7mj6-420c37c3d9ced9ba0aac15936e913f62{\npadding-bottom:10px;\n}\nbody .av-special-heading.av-l6cj7mj6-420c37c3d9ced9ba0aac15936e913f62 .av-special-heading-tag .heading-char{\nfont-size:25px;\n}\n.av-special-heading.av-l6cj7mj6-420c37c3d9ced9ba0aac15936e913f62 .av-subheading{\nfont-size:15px;\n}\n<\/style>\n<div  class='av-special-heading av-l6cj7mj6-420c37c3d9ced9ba0aac15936e913f62 av-special-heading-h2 blockquote modern-quote  avia-builder-el-5  el_before_av_image  avia-builder-el-first '><h2 class='av-special-heading-tag '  itemprop=\"headline\"  >Temas relacionados<\/h2><div class=\"special-heading-border\"><div class=\"special-heading-inner-border\"><\/div><\/div><\/div><br \/>\n\n<style type=\"text\/css\" data-created_by=\"avia_inline_auto\" id=\"style-css-av-l75aaps3-e82cdcbc098622bfc6290311713c88db\">\n.avia-image-container.av-l75aaps3-e82cdcbc098622bfc6290311713c88db img.avia_image{\nbox-shadow:none;\n}\n.avia-image-container.av-l75aaps3-e82cdcbc098622bfc6290311713c88db .av-caption-image-overlay-bg{\nopacity:0.1;\nbackground-color:#000000;\n}\n.avia-image-container.av-l75aaps3-e82cdcbc098622bfc6290311713c88db .av-image-caption-overlay-center{\ncolor:#ffffff;\nfont-size:25px;\n}\n<\/style>\n<div  class='avia-image-container av-l75aaps3-e82cdcbc098622bfc6290311713c88db av-styling- av-img-linked avia-align-center  avia-builder-el-6  el_after_av_heading  el_before_av_image  noHover av-overlay-hover-deactivate'   itemprop=\"image\" itemscope=\"itemscope\" itemtype=\"https:\/\/schema.org\/ImageObject\" ><div class=\"avia-image-container-inner\"><div class=\"avia-image-overlay-wrap\"><a href=\"https:\/\/attra.ncat.org\/es\/bienestar-del-agricultor\/\" class='avia_image '  aria-label='New farmer Leonardo Aguila checks his orchard of avocado trees on his 6.3-acre farm in Fallbrook, CA, on Nov. 11, 2018. USDA'><div class=\"av-image-caption-overlay\"><div class=\"av-caption-image-overlay-bg\"><\/div><div class=\"av-image-caption-overlay-position\"><div class=\"av-image-caption-overlay-center\"><p>CULTIVOS<\/p>\n<\/div><\/div><\/div><img decoding=\"async\" fetchpriority=\"high\" class='wp-image-128466 avia-img-lazy-loading-not-128466 avia_image ' src=\"https:\/\/attra.ncat.org\/wp-content\/uploads\/2022\/09\/New-farmer-Leonardo-Aguila-checks-his-orchard-of-avocado-trees-on-his-6.3-acre-farm-in-Fallbrook-CA-on-Nov.-11-2018.-USDA-.jpg\" alt='New farmer Leonardo Aguila checks his orchard of avocado trees on his 6.3-acre farm in Fallbrook, CA, on Nov. 11, 2018. USDA' title='New farmer Leonardo Aguila checks his orchard of avocado trees on his 6.3-acre farm in Fallbrook, CA, on Nov. 11, 2018. USDA'  height=\"1365\" width=\"2047\"  itemprop=\"thumbnailUrl\" srcset=\"https:\/\/attra.ncat.org\/wp-content\/uploads\/2022\/09\/New-farmer-Leonardo-Aguila-checks-his-orchard-of-avocado-trees-on-his-6.3-acre-farm-in-Fallbrook-CA-on-Nov.-11-2018.-USDA-.jpg 2047w, https:\/\/attra.ncat.org\/wp-content\/uploads\/2022\/09\/New-farmer-Leonardo-Aguila-checks-his-orchard-of-avocado-trees-on-his-6.3-acre-farm-in-Fallbrook-CA-on-Nov.-11-2018.-USDA--350x233.jpg 350w, https:\/\/attra.ncat.org\/wp-content\/uploads\/2022\/09\/New-farmer-Leonardo-Aguila-checks-his-orchard-of-avocado-trees-on-his-6.3-acre-farm-in-Fallbrook-CA-on-Nov.-11-2018.-USDA--1030x687.jpg 1030w, https:\/\/attra.ncat.org\/wp-content\/uploads\/2022\/09\/New-farmer-Leonardo-Aguila-checks-his-orchard-of-avocado-trees-on-his-6.3-acre-farm-in-Fallbrook-CA-on-Nov.-11-2018.-USDA--768x512.jpg 768w, https:\/\/attra.ncat.org\/wp-content\/uploads\/2022\/09\/New-farmer-Leonardo-Aguila-checks-his-orchard-of-avocado-trees-on-his-6.3-acre-farm-in-Fallbrook-CA-on-Nov.-11-2018.-USDA--1536x1024.jpg 1536w, https:\/\/attra.ncat.org\/wp-content\/uploads\/2022\/09\/New-farmer-Leonardo-Aguila-checks-his-orchard-of-avocado-trees-on-his-6.3-acre-farm-in-Fallbrook-CA-on-Nov.-11-2018.-USDA--1500x1000.jpg 1500w, https:\/\/attra.ncat.org\/wp-content\/uploads\/2022\/09\/New-farmer-Leonardo-Aguila-checks-his-orchard-of-avocado-trees-on-his-6.3-acre-farm-in-Fallbrook-CA-on-Nov.-11-2018.-USDA--705x470.jpg 705w\" sizes=\"(max-width: 2047px) 100vw, 2047px\" \/><\/a><\/div><\/div><\/div><br \/>\n\n<style type=\"text\/css\" data-created_by=\"avia_inline_auto\" id=\"style-css-av-l83kuqmx-3cdb6476a964157a8381985af652539d\">\n.avia-image-container.av-l83kuqmx-3cdb6476a964157a8381985af652539d img.avia_image{\nbox-shadow:none;\n}\n.avia-image-container.av-l83kuqmx-3cdb6476a964157a8381985af652539d .av-caption-image-overlay-bg{\nopacity:0.1;\nbackground-color:#000000;\n}\n.avia-image-container.av-l83kuqmx-3cdb6476a964157a8381985af652539d .av-image-caption-overlay-center{\ncolor:#ffffff;\nfont-size:25px;\n}\n<\/style>\n<div  class='avia-image-container av-l83kuqmx-3cdb6476a964157a8381985af652539d av-styling- av-img-linked avia-align-center  avia-builder-el-7  el_after_av_image  el_before_av_heading  noHover av-overlay-hover-deactivate'   itemprop=\"image\" itemscope=\"itemscope\" itemtype=\"https:\/\/schema.org\/ImageObject\" ><div class=\"avia-image-container-inner\"><div class=\"avia-image-overlay-wrap\"><a href=\"https:\/\/attra.ncat.org\/es\/bienestar-del-agricultor\/\" class='avia_image '  aria-label='RS6019_20170614_NCAT_ArmedToFarm_0052'><div class=\"av-image-caption-overlay\"><div class=\"av-caption-image-overlay-bg\"><\/div><div class=\"av-image-caption-overlay-position\"><div class=\"av-image-caption-overlay-center\"><p>GANADO<\/p>\n<\/div><\/div><\/div><img decoding=\"async\" fetchpriority=\"high\" class='wp-image-128468 avia-img-lazy-loading-not-128468 avia_image ' src=\"https:\/\/attra.ncat.org\/wp-content\/uploads\/2022\/09\/RS6019_20170614_NCAT_ArmedToFarm_0052-scaled.jpg\" alt='A goat eats a plant' title='RS6019_20170614_NCAT_ArmedToFarm_0052'  height=\"1746\" width=\"2560\"  itemprop=\"thumbnailUrl\" srcset=\"https:\/\/attra.ncat.org\/wp-content\/uploads\/2022\/09\/RS6019_20170614_NCAT_ArmedToFarm_0052-scaled.jpg 2560w, https:\/\/attra.ncat.org\/wp-content\/uploads\/2022\/09\/RS6019_20170614_NCAT_ArmedToFarm_0052-350x239.jpg 350w, https:\/\/attra.ncat.org\/wp-content\/uploads\/2022\/09\/RS6019_20170614_NCAT_ArmedToFarm_0052-1030x703.jpg 1030w, https:\/\/attra.ncat.org\/wp-content\/uploads\/2022\/09\/RS6019_20170614_NCAT_ArmedToFarm_0052-768x524.jpg 768w, https:\/\/attra.ncat.org\/wp-content\/uploads\/2022\/09\/RS6019_20170614_NCAT_ArmedToFarm_0052-1536x1048.jpg 1536w, https:\/\/attra.ncat.org\/wp-content\/uploads\/2022\/09\/RS6019_20170614_NCAT_ArmedToFarm_0052-2048x1397.jpg 2048w, https:\/\/attra.ncat.org\/wp-content\/uploads\/2022\/09\/RS6019_20170614_NCAT_ArmedToFarm_0052-1500x1023.jpg 1500w, https:\/\/attra.ncat.org\/wp-content\/uploads\/2022\/09\/RS6019_20170614_NCAT_ArmedToFarm_0052-705x481.jpg 705w\" sizes=\"(max-width: 2560px) 100vw, 2560px\" \/><\/a><\/div><\/div><\/div><br \/>\n\n<style type=\"text\/css\" data-created_by=\"avia_inline_auto\" id=\"style-css-av-5jfoxrc-ed5f92e85907eb08ee0247ae62f0ac76\">\n#top .av-special-heading.av-5jfoxrc-ed5f92e85907eb08ee0247ae62f0ac76{\npadding-bottom:10px;\n}\nbody .av-special-heading.av-5jfoxrc-ed5f92e85907eb08ee0247ae62f0ac76 .av-special-heading-tag .heading-char{\nfont-size:25px;\n}\n.av-special-heading.av-5jfoxrc-ed5f92e85907eb08ee0247ae62f0ac76 .av-subheading{\nfont-size:15px;\n}\n<\/style>\n<div  class='av-special-heading av-5jfoxrc-ed5f92e85907eb08ee0247ae62f0ac76 av-special-heading-h2 blockquote modern-quote  avia-builder-el-8  el_after_av_image  el_before_av_team_member '><h2 class='av-special-heading-tag '  itemprop=\"headline\"  >Personal Experto<\/h2><div class=\"special-heading-border\"><div class=\"special-heading-inner-border\"><\/div><\/div><\/div><br \/>\n<section  class='avia-team-member av-l83km1ye-7f9df96d693c886c1d223d971be57592  avia-builder-el-9  el_after_av_heading  avia-builder-el-last '  itemscope=\"itemscope\" itemtype=\"https:\/\/schema.org\/Person\" ><div class=\"team-img-container\"><img decoding=\"async\" fetchpriority=\"high\" class='wp-image-121077 avia-img-lazy-loading-not-121077 avia_image avia_image_team' src=\"https:\/\/attra.ncat.org\/wp-content\/uploads\/2020\/03\/rinehart_lee_061819.png\" alt='Lee Rinehart'  itemprop=\"image\"   height=\"500\" width=\"500\" srcset=\"https:\/\/attra.ncat.org\/wp-content\/uploads\/2020\/03\/rinehart_lee_061819.png 500w, https:\/\/attra.ncat.org\/wp-content\/uploads\/2020\/03\/rinehart_lee_061819-350x350.png 350w, https:\/\/attra.ncat.org\/wp-content\/uploads\/2020\/03\/rinehart_lee_061819-90x90.png 90w, https:\/\/attra.ncat.org\/wp-content\/uploads\/2020\/03\/rinehart_lee_061819-36x36.png 36w, https:\/\/attra.ncat.org\/wp-content\/uploads\/2020\/03\/rinehart_lee_061819-180x180.png 180w\" sizes=\"(max-width: 500px) 100vw, 500px\" \/><div class=\"team-social\"><div class=\"team-social-inner\"><span class='hidden av_member_url_markup '  itemprop=\"url\" >https:\/\/attra.ncat.org\/es\/lee-rinehart\/<\/span><a href='https:\/\/attra.ncat.org\/es\/lee-rinehart\/' class='avia-team-icon av-l83kl2pd-ae95e89f78b304c3739c1f729a9316c6 avia-iconfont avia-font-entypo-fontello' rel='v:url' data-avia-tooltip=\"Con\u00e9ctate con Lee\"  data-av_icon='\ue840' data-av_iconfont='entypo-fontello' ><\/a><\/div><\/div><\/div><h3 class='team-member-name '  itemprop=\"name\" >Lee Rinehart<\/h3><span class='hidden team-member-affiliation'  itemprop=\"affiliation\" >ATTRA - Agricultura Sustentable<\/span><\/section><\/p><\/div>\n<div  class='flex_column av-ecje9rg-d0c95aaa013c2c934e638bbe6f10584e av_one_full  avia-builder-el-10  el_after_av_one_fourth  avia-builder-el-last  first flex_column_div  column-top-margin'     ><\/div>\n","protected":false},"excerpt":{"rendered":"","protected":false},"author":1,"featured_media":128473,"parent":134364,"menu_order":0,"comment_status":"closed","ping_status":"closed","template":"","meta":{"_acf_changed":false,"_price":"","_stock":"","_tribe_ticket_header":"","_tribe_default_ticket_provider":"","_tribe_ticket_capacity":"0","_ticket_start_date":"","_ticket_end_date":"","_tribe_ticket_show_description":"","_tribe_ticket_show_not_going":false,"_tribe_ticket_use_global_stock":"","_tribe_ticket_global_stock_level":"","_global_stock_mode":"","_global_stock_cap":"","_tribe_rsvp_for_event":"","_tribe_ticket_going_count":"","_tribe_ticket_not_going_count":"","_tribe_tickets_list":"[]","_tribe_ticket_has_attendee_info_fields":false,"footnotes":"","beyondwords_generate_audio":"0","beyondwords_integration_method":"","beyondwords_project_id":"","beyondwords_content_id":"","beyondwords_preview_token":"","beyondwords_player_content":"","beyondwords_player_style":"","beyondwords_language_code":"","beyondwords_language_id":"","beyondwords_title_voice_id":"","beyondwords_body_voice_id":"","beyondwords_summary_voice_id":"","beyondwords_error_message":"","beyondwords_disabled":"","beyondwords_delete_content":"","beyondwords_podcast_id":"","beyondwords_hash":"","publish_post_to_speechkit":"","speechkit_hash":"","speechkit_generate_audio":"","speechkit_project_id":"","speechkit_podcast_id":"","speechkit_error_message":"","speechkit_disabled":"","speechkit_access_key":"","speechkit_error":"","speechkit_info":"","speechkit_response":"","speechkit_retries":"","speechkit_status":"","speechkit_updated_at":"","_speechkit_link":"","_speechkit_text":"","_tec_slr_enabled":"","_tec_slr_layout":""},"categories":[58],"tags":[],"class_list":["post-140258","page","type-page","status-publish","has-post-thumbnail","hentry","category-crops"],"acf":[],"publishpress_future_workflow_manual_trigger":{"enabledWorkflows":[]},"distributor_meta":false,"distributor_terms":false,"distributor_media":false,"distributor_original_site_name":"ATTRA - Agricultura Sustentable","distributor_original_site_url":"https:\/\/attra.ncat.org\/es\/","push-errors":false,"ticketed":false,"_links":{"self":[{"href":"https:\/\/attra.ncat.org\/es\/wp-json\/wp\/v2\/pages\/140258","targetHints":{"allow":["GET"]}}],"collection":[{"href":"https:\/\/attra.ncat.org\/es\/wp-json\/wp\/v2\/pages"}],"about":[{"href":"https:\/\/attra.ncat.org\/es\/wp-json\/wp\/v2\/types\/page"}],"author":[{"embeddable":true,"href":"https:\/\/attra.ncat.org\/es\/wp-json\/wp\/v2\/users\/1"}],"replies":[{"embeddable":true,"href":"https:\/\/attra.ncat.org\/es\/wp-json\/wp\/v2\/comments?post=140258"}],"version-history":[{"count":9,"href":"https:\/\/attra.ncat.org\/es\/wp-json\/wp\/v2\/pages\/140258\/revisions"}],"predecessor-version":[{"id":155337,"href":"https:\/\/attra.ncat.org\/es\/wp-json\/wp\/v2\/pages\/140258\/revisions\/155337"}],"up":[{"embeddable":true,"href":"https:\/\/attra.ncat.org\/es\/wp-json\/wp\/v2\/pages\/134364"}],"wp:featuredmedia":[{"embeddable":true,"href":"https:\/\/attra.ncat.org\/es\/wp-json\/wp\/v2\/media\/128473"}],"wp:attachment":[{"href":"https:\/\/attra.ncat.org\/es\/wp-json\/wp\/v2\/media?parent=140258"}],"wp:term":[{"taxonomy":"category","embeddable":true,"href":"https:\/\/attra.ncat.org\/es\/wp-json\/wp\/v2\/categories?post=140258"},{"taxonomy":"post_tag","embeddable":true,"href":"https:\/\/attra.ncat.org\/es\/wp-json\/wp\/v2\/tags?post=140258"}],"curies":[{"name":"wp","href":"https:\/\/api.w.org\/{rel}","templated":true}]}}