

{"id":140259,"date":"2018-09-20T16:16:41","date_gmt":"2018-09-20T21:16:41","guid":{"rendered":"https:\/\/attra.ncat.org\/temas\/polinizadores\/"},"modified":"2025-10-01T10:35:19","modified_gmt":"2025-10-01T15:35:19","slug":"polinizadores","status":"publish","type":"page","link":"https:\/\/attra.ncat.org\/es\/temas\/polinizadores\/","title":{"rendered":"Polinizadores"},"content":{"rendered":"<div  class='flex_column av-1bfdwqy4-e6e7ba9dc7dde5e3766e346eace54df0 av_three_fourth  avia-builder-el-0  el_before_av_one_fourth  avia-builder-el-first  first flex_column_div  '     ><p>\n<style type=\"text\/css\" data-created_by=\"avia_inline_auto\" id=\"style-css-av-l6cj6l1g-b3c4b8c6596135d57c36e7b7e8507799\">\n#top .av-special-heading.av-l6cj6l1g-b3c4b8c6596135d57c36e7b7e8507799{\npadding-bottom:10px;\n}\nbody .av-special-heading.av-l6cj6l1g-b3c4b8c6596135d57c36e7b7e8507799 .av-special-heading-tag .heading-char{\nfont-size:25px;\n}\n.av-special-heading.av-l6cj6l1g-b3c4b8c6596135d57c36e7b7e8507799 .av-subheading{\nfont-size:15px;\n}\n<\/style>\n<div  class='av-special-heading av-l6cj6l1g-b3c4b8c6596135d57c36e7b7e8507799 av-special-heading-h1 blockquote modern-quote  avia-builder-el-1  el_before_av_textblock  avia-builder-el-first '><h1 class='av-special-heading-tag '  itemprop=\"headline\"  >Polinizadores<\/h1><div class=\"special-heading-border\"><div class=\"special-heading-inner-border\"><\/div><\/div><\/div><br \/>\n<section  class='av_textblock_section av-l6cjdb0z-1057b185fab54c52be0ca1a2759e9fa9 '   itemscope=\"itemscope\" itemtype=\"https:\/\/schema.org\/CreativeWork\" ><div class='avia_textblock'  itemprop=\"text\" ><p><img loading=\"lazy\" decoding=\"async\" class=\"size-featured wp-image-80992 aligncenter\" src=\"https:\/\/attradev.ncat.org\/wp-content\/uploads\/2020\/09\/honeybee-on-clover-USDA-photo-by-Lance-Cheung-800x430.jpg\" alt=\"\" width=\"800\" height=\"430\" \/><\/p>\n<p><span class=\"TextRun SCXW137182964 BCX0\" lang=\"EN-US\" xml:lang=\"EN-US\" data-contrast=\"auto\"><span class=\"NormalTextRun CommentStart CommentHighlightPipeRest CommentHighlightRest SCXW137182964 BCX0\">El ion polinizador<\/span><span class=\"NormalTextRun CommentHighlightRest SCXW137182964 BCX0\">y los polinizadores son de importancia cr\u00edtica para nuestro suministro de alimentos. <\/span> <span class=\"NormalTextRun CommentHighlightRest SCXW137182964 BCX0\">La mayor\u00eda de nuestras verduras y frutas dependen de los polinizadores para producir un cultivo. <\/span> <\/span><\/p>\n<p><span class=\"TextRun SCXW137182964 BCX0\" lang=\"EN-US\" xml:lang=\"EN-US\" data-contrast=\"auto\"><span class=\"NormalTextRun CommentHighlightRest SCXW137182964 BCX0\">Ochenta por ciento<\/span><span class=\"NormalTextRun CommentHighlightRest SCXW137182964 BCX0\"> de las plantas con flores utilizan polinizadores para transferir polen,<\/span><span class=\"NormalTextRun CommentHighlightRest SCXW137182964 BCX0\"> y un tercio<\/span><span class=\"NormalTextRun CommentHighlightRest SCXW137182964 BCX0\"> de nuestros alimentos se derivan de cultivos que requieren polinizaci\u00f3n animal<\/span><span class=\"NormalTextRun CommentHighlightRest SCXW137182964 BCX0\"> por <\/span><span class=\"NormalTextRun CommentHighlightRest SCXW137182964 BCX0\">abejas, avispas, moscas, mariposas, polillas, <\/span><span class=\"NormalTextRun CommentHighlightRest SCXW137182964 BCX0\">aves, murci\u00e9lagos, <\/span><span class=\"NormalTextRun CommentHighlightRest SCXW137182964 BCX0\">e incluso escarabajos. <\/span><span class=\"NormalTextRun ContextualSpellingAndGrammarErrorV2Themed CommentHighlightRest SCXW137182964 BCX0\">Abeja<\/span><span class=\"NormalTextRun CommentHighlightRest SCXW137182964 BCX0\"> La polinizaci\u00f3n es ampliamente utilizada en los EE.UU. en <\/span><span class=\"NormalTextRun CommentHighlightRest SCXW137182964 BCX0\">c\u00edtricos, manzanas, <\/span><span class=\"NormalTextRun SpellingErrorV2Themed CommentHighlightRest SCXW137182964 BCX0\">fruta de hueso<\/span><span class=\"NormalTextRun CommentHighlightRest SCXW137182964 BCX0\">, <\/span><span class=\"NormalTextRun CommentHighlightRest SCXW137182964 BCX0\">girasol<\/span><span class=\"NormalTextRun CommentHighlightRest SCXW137182964 BCX0\">s y almendras por nombrar algunos.<\/span> <\/span><\/p>\n<p><span class=\"TextRun SCXW137182964 BCX0\" lang=\"EN-US\" xml:lang=\"EN-US\" data-contrast=\"auto\"><span class=\"NormalTextRun SCXW137182964 BCX0\">Aqu\u00ed encontrar\u00e1 informaci\u00f3n pr\u00e1ctica de ATTRA sobre polinizadores<\/span><span class=\"NormalTextRun SCXW137182964 BCX0\"> y h\u00e1bitat de polinizadores. <\/span><span class=\"NormalTextRun SCXW137182964 BCX0\">Encontrar\u00e1 informaci\u00f3n sobre<\/span> <span class=\"NormalTextRun ContextualSpellingAndGrammarErrorV2Themed SCXW137182964 BCX0\">Abejas<\/span><span class=\"NormalTextRun SCXW137182964 BCX0\">, abejas nativas<\/span><span class=\"NormalTextRun SCXW137182964 BCX0\">,<\/span><span class=\"NormalTextRun SCXW137182964 BCX0\"> y otros polinizadores.<\/span><span class=\"NormalTextRun SCXW137182964 BCX0\"> La creaci\u00f3n de h\u00e1bitat para polinizadores tambi\u00e9n proporciona h\u00e1bitat para otros insectos beneficiosos, como depredadores como la crisopa verde<\/span><span class=\"NormalTextRun SCXW137182964 BCX0\"> y<\/span><span class=\"NormalTextRun SCXW137182964 BCX0\"> Escarabajos p\u00e1jaro lady<\/span><span class=\"NormalTextRun SCXW137182964 BCX0\">,<\/span><span class=\"NormalTextRun SCXW137182964 BCX0\"> as\u00ed como avispas y moscas par\u00e1sitas, que parasitan una amplia gama de huevos de insectos, larvas e insectos adultos.<\/span><\/span><\/p>\n<\/div><\/section><\/p><\/div>\n<div  class='flex_column av-178zkrn0-99fad0b5e0f6abab1be0476249ce31f0 av_one_fourth  avia-builder-el-3  el_after_av_three_fourth  el_before_av_one_full  flex_column_div  '     ><p>\n<style type=\"text\/css\" data-created_by=\"avia_inline_auto\" id=\"style-css-av-l6cj7mj6-420c37c3d9ced9ba0aac15936e913f62\">\n#top .av-special-heading.av-l6cj7mj6-420c37c3d9ced9ba0aac15936e913f62{\npadding-bottom:10px;\n}\nbody .av-special-heading.av-l6cj7mj6-420c37c3d9ced9ba0aac15936e913f62 .av-special-heading-tag .heading-char{\nfont-size:25px;\n}\n.av-special-heading.av-l6cj7mj6-420c37c3d9ced9ba0aac15936e913f62 .av-subheading{\nfont-size:15px;\n}\n<\/style>\n<div  class='av-special-heading av-l6cj7mj6-420c37c3d9ced9ba0aac15936e913f62 av-special-heading-h2 blockquote modern-quote  avia-builder-el-4  el_before_av_image  avia-builder-el-first '><h2 class='av-special-heading-tag '  itemprop=\"headline\"  >Temas relacionados<\/h2><div class=\"special-heading-border\"><div class=\"special-heading-inner-border\"><\/div><\/div><\/div><br \/>\n\n<style type=\"text\/css\" data-created_by=\"avia_inline_auto\" id=\"style-css-av-l75aaps3-e82cdcbc098622bfc6290311713c88db\">\n.avia-image-container.av-l75aaps3-e82cdcbc098622bfc6290311713c88db img.avia_image{\nbox-shadow:none;\n}\n.avia-image-container.av-l75aaps3-e82cdcbc098622bfc6290311713c88db .av-caption-image-overlay-bg{\nopacity:0.1;\nbackground-color:#000000;\n}\n.avia-image-container.av-l75aaps3-e82cdcbc098622bfc6290311713c88db .av-image-caption-overlay-center{\ncolor:#ffffff;\nfont-size:25px;\n}\n<\/style>\n<div  class='avia-image-container av-l75aaps3-e82cdcbc098622bfc6290311713c88db av-styling- av-img-linked avia-align-center  avia-builder-el-5  el_after_av_heading  el_before_av_image  noHover av-overlay-hover-deactivate'   itemprop=\"image\" itemscope=\"itemscope\" itemtype=\"https:\/\/schema.org\/ImageObject\" ><div class=\"avia-image-container-inner\"><div class=\"avia-image-overlay-wrap\"><a href=\"https:\/\/attra.ncat.org\/es\/bienestar-del-agricultor\/\" class='avia_image '  aria-label='New farmer Leonardo Aguila checks his orchard of avocado trees on his 6.3-acre farm in Fallbrook, CA, on Nov. 11, 2018. USDA'><div class=\"av-image-caption-overlay\"><div class=\"av-caption-image-overlay-bg\"><\/div><div class=\"av-image-caption-overlay-position\"><div class=\"av-image-caption-overlay-center\"><p>CULTIVOS<\/p>\n<\/div><\/div><\/div><img decoding=\"async\" fetchpriority=\"high\" class='wp-image-128466 avia-img-lazy-loading-not-128466 avia_image ' src=\"https:\/\/attra.ncat.org\/wp-content\/uploads\/2022\/09\/New-farmer-Leonardo-Aguila-checks-his-orchard-of-avocado-trees-on-his-6.3-acre-farm-in-Fallbrook-CA-on-Nov.-11-2018.-USDA-.jpg\" alt='New farmer Leonardo Aguila checks his orchard of avocado trees on his 6.3-acre farm in Fallbrook, CA, on Nov. 11, 2018. USDA' title='New farmer Leonardo Aguila checks his orchard of avocado trees on his 6.3-acre farm in Fallbrook, CA, on Nov. 11, 2018. USDA'  height=\"1365\" width=\"2047\"  itemprop=\"thumbnailUrl\" srcset=\"https:\/\/attra.ncat.org\/wp-content\/uploads\/2022\/09\/New-farmer-Leonardo-Aguila-checks-his-orchard-of-avocado-trees-on-his-6.3-acre-farm-in-Fallbrook-CA-on-Nov.-11-2018.-USDA-.jpg 2047w, https:\/\/attra.ncat.org\/wp-content\/uploads\/2022\/09\/New-farmer-Leonardo-Aguila-checks-his-orchard-of-avocado-trees-on-his-6.3-acre-farm-in-Fallbrook-CA-on-Nov.-11-2018.-USDA--350x233.jpg 350w, https:\/\/attra.ncat.org\/wp-content\/uploads\/2022\/09\/New-farmer-Leonardo-Aguila-checks-his-orchard-of-avocado-trees-on-his-6.3-acre-farm-in-Fallbrook-CA-on-Nov.-11-2018.-USDA--1030x687.jpg 1030w, https:\/\/attra.ncat.org\/wp-content\/uploads\/2022\/09\/New-farmer-Leonardo-Aguila-checks-his-orchard-of-avocado-trees-on-his-6.3-acre-farm-in-Fallbrook-CA-on-Nov.-11-2018.-USDA--768x512.jpg 768w, https:\/\/attra.ncat.org\/wp-content\/uploads\/2022\/09\/New-farmer-Leonardo-Aguila-checks-his-orchard-of-avocado-trees-on-his-6.3-acre-farm-in-Fallbrook-CA-on-Nov.-11-2018.-USDA--1536x1024.jpg 1536w, https:\/\/attra.ncat.org\/wp-content\/uploads\/2022\/09\/New-farmer-Leonardo-Aguila-checks-his-orchard-of-avocado-trees-on-his-6.3-acre-farm-in-Fallbrook-CA-on-Nov.-11-2018.-USDA--1500x1000.jpg 1500w, https:\/\/attra.ncat.org\/wp-content\/uploads\/2022\/09\/New-farmer-Leonardo-Aguila-checks-his-orchard-of-avocado-trees-on-his-6.3-acre-farm-in-Fallbrook-CA-on-Nov.-11-2018.-USDA--705x470.jpg 705w\" sizes=\"(max-width: 2047px) 100vw, 2047px\" \/><\/a><\/div><\/div><\/div><br \/>\n\n<style type=\"text\/css\" data-created_by=\"avia_inline_auto\" id=\"style-css-av-l83kuqmx-79d69315146e6ce3023c4f4a42d6e2f8\">\n.avia-image-container.av-l83kuqmx-79d69315146e6ce3023c4f4a42d6e2f8 img.avia_image{\nbox-shadow:none;\n}\n.avia-image-container.av-l83kuqmx-79d69315146e6ce3023c4f4a42d6e2f8 .av-caption-image-overlay-bg{\nopacity:0.1;\nbackground-color:#000000;\n}\n.avia-image-container.av-l83kuqmx-79d69315146e6ce3023c4f4a42d6e2f8 .av-image-caption-overlay-center{\ncolor:#ffffff;\nfont-size:25px;\n}\n<\/style>\n<div  class='avia-image-container av-l83kuqmx-79d69315146e6ce3023c4f4a42d6e2f8 av-styling- av-img-linked avia-align-center  avia-builder-el-6  el_after_av_image  el_before_av_heading  noHover av-overlay-hover-deactivate'   itemprop=\"image\" itemscope=\"itemscope\" itemtype=\"https:\/\/schema.org\/ImageObject\" ><div class=\"avia-image-container-inner\"><div class=\"avia-image-overlay-wrap\"><a href=\"https:\/\/attra.ncat.org\/es\/temas\/flores-y-hierbas\/\" class='avia_image '  aria-label='30644853367_7b4515c4bb_k'><div class=\"av-image-caption-overlay\"><div class=\"av-caption-image-overlay-bg\"><\/div><div class=\"av-image-caption-overlay-position\"><div class=\"av-image-caption-overlay-center\"><p>FLORES Y HIERBAS<\/p>\n<\/div><\/div><\/div><img decoding=\"async\" fetchpriority=\"high\" class='wp-image-128733 avia-img-lazy-loading-not-128733 avia_image ' src=\"https:\/\/attra.ncat.org\/wp-content\/uploads\/2022\/09\/30644853367_7b4515c4bb_k.jpg\" alt='A butterfly drinks from a flower' title='30644853367_7b4515c4bb_k'  height=\"1363\" width=\"2048\"  itemprop=\"thumbnailUrl\" srcset=\"https:\/\/attra.ncat.org\/wp-content\/uploads\/2022\/09\/30644853367_7b4515c4bb_k.jpg 2048w, https:\/\/attra.ncat.org\/wp-content\/uploads\/2022\/09\/30644853367_7b4515c4bb_k-350x233.jpg 350w, https:\/\/attra.ncat.org\/wp-content\/uploads\/2022\/09\/30644853367_7b4515c4bb_k-1030x685.jpg 1030w, https:\/\/attra.ncat.org\/wp-content\/uploads\/2022\/09\/30644853367_7b4515c4bb_k-768x511.jpg 768w, https:\/\/attra.ncat.org\/wp-content\/uploads\/2022\/09\/30644853367_7b4515c4bb_k-1536x1022.jpg 1536w, https:\/\/attra.ncat.org\/wp-content\/uploads\/2022\/09\/30644853367_7b4515c4bb_k-1500x998.jpg 1500w, https:\/\/attra.ncat.org\/wp-content\/uploads\/2022\/09\/30644853367_7b4515c4bb_k-705x469.jpg 705w\" sizes=\"(max-width: 2048px) 100vw, 2048px\" \/><\/a><\/div><\/div><\/div><br \/>\n\n<style type=\"text\/css\" data-created_by=\"avia_inline_auto\" id=\"style-css-av-5jfoxrc-657c4786b53f216a4bde1843fc50dd3b\">\n#top .av-special-heading.av-5jfoxrc-657c4786b53f216a4bde1843fc50dd3b{\npadding-bottom:10px;\n}\nbody .av-special-heading.av-5jfoxrc-657c4786b53f216a4bde1843fc50dd3b .av-special-heading-tag .heading-char{\nfont-size:25px;\n}\n.av-special-heading.av-5jfoxrc-657c4786b53f216a4bde1843fc50dd3b .av-subheading{\nfont-size:15px;\n}\n<\/style>\n<div  class='av-special-heading av-5jfoxrc-657c4786b53f216a4bde1843fc50dd3b av-special-heading-h2 blockquote modern-quote  avia-builder-el-7  el_after_av_image  el_before_av_team_member '><h2 class='av-special-heading-tag '  itemprop=\"headline\"  >Personal Expertos<\/h2><div class=\"special-heading-border\"><div class=\"special-heading-inner-border\"><\/div><\/div><\/div><br \/>\n<section  class='avia-team-member av-l83km1ye-b21091be1639b837b6cfd3a52639ea64  avia-builder-el-8  el_after_av_heading  avia-builder-el-last '  itemscope=\"itemscope\" itemtype=\"https:\/\/schema.org\/Person\" ><div class=\"team-img-container\"><img decoding=\"async\" fetchpriority=\"high\" class='wp-image-121814 avia-img-lazy-loading-not-121814 avia_image avia_image_team' src=\"https:\/\/attra.ncat.org\/wp-content\/uploads\/2020\/06\/dufour_rex_061819.png\" alt='Rex DuFour'  itemprop=\"image\"   height=\"500\" width=\"500\" srcset=\"https:\/\/attra.ncat.org\/wp-content\/uploads\/2020\/06\/dufour_rex_061819.png 500w, https:\/\/attra.ncat.org\/wp-content\/uploads\/2020\/06\/dufour_rex_061819-350x350.png 350w, https:\/\/attra.ncat.org\/wp-content\/uploads\/2020\/06\/dufour_rex_061819-90x90.png 90w, https:\/\/attra.ncat.org\/wp-content\/uploads\/2020\/06\/dufour_rex_061819-36x36.png 36w, https:\/\/attra.ncat.org\/wp-content\/uploads\/2020\/06\/dufour_rex_061819-180x180.png 180w\" sizes=\"(max-width: 500px) 100vw, 500px\" \/><div class=\"team-social\"><div class=\"team-social-inner\"><span class='hidden av_member_url_markup '  itemprop=\"url\" >https:\/\/attra.ncat.org\/es\/rex-dufour-2\/<\/span><a href='https:\/\/attra.ncat.org\/es\/rex-dufour-2\/' class='avia-team-icon av-l83kl2pd-adfff0f1b5ea4b158f49f3d6ed6cd6e1 avia-iconfont avia-font-entypo-fontello' rel='v:url' data-avia-tooltip=\"Con\u00e9ctate con Rex\"  data-av_icon='\ue840' data-av_iconfont='entypo-fontello' ><\/a><\/div><\/div><\/div><h3 class='team-member-name '  itemprop=\"name\" >Rex DuFour<\/h3><span class='hidden team-member-affiliation'  itemprop=\"affiliation\" >ATTRA - Agricultura Sustentable<\/span><\/section><\/p><\/div><div  class='flex_column av-ecje9rg-d0c95aaa013c2c934e638bbe6f10584e av_one_full  avia-builder-el-9  el_after_av_one_fourth  avia-builder-el-last  first flex_column_div  column-top-margin'     ><div  data-slideshow-options=\"{&quot;animation&quot;:&quot;fade&quot;,&quot;autoplay&quot;:false,&quot;loop_autoplay&quot;:&quot;once&quot;,&quot;interval&quot;:5,&quot;loop_manual&quot;:&quot;manual-endless&quot;,&quot;autoplay_stopper&quot;:false,&quot;noNavigation&quot;:false,&quot;show_slide_delay&quot;:90}\" class='avia-content-slider avia-content-grid-active avia-content-slider1 avia-content-slider-even  avia-builder-el-10  avia-builder-el-no-sibling  av-slideshow-ui av-control-default   av-no-slider-navigation av-slideshow-manual av-loop-once av-loop-manual-endless '  itemscope=\"itemscope\" itemtype=\"https:\/\/schema.org\/Blog\" ><div class=\"avia-content-slider-inner\"><div class=\"slide-entry-wrap\"><article class='slide-entry flex_column  post-entry post-entry-140259 slide-entry-overview slide-loop-1 slide-parity-odd  post-entry-last  av_one_fourth first real-thumbnail posttype-page post-format-standard'  itemscope=\"itemscope\" itemtype=\"https:\/\/schema.org\/CreativeWork\" ><a href='https:\/\/attra.ncat.org\/es\/temas\/polinizadores\/' data-rel='slide-1' class='slide-image' title='Polinizadores'><img decoding=\"async\" fetchpriority=\"high\" width=\"260\" height=\"185\" src=\"https:\/\/attra.ncat.org\/wp-content\/uploads\/2022\/08\/Bee-Pollinator-Flickr-CC-Jessica-Lucia-VERT-260x185.jpg\" class=\"wp-image-125358 avia-img-lazy-loading-not-125358 attachment-portfolio_small size-portfolio_small wp-post-image\" alt=\"A bee sits on lavender\" \/><\/a><div class=\"slide-content\"><header class=\"entry-content-header\" aria-label=\"Slide: Polinizadores\"><h3 class='slide-entry-title entry-title '  itemprop=\"headline\" ><a href='https:\/\/attra.ncat.org\/es\/temas\/polinizadores\/' title='Polinizadores'>Polinizadores<\/a><\/h3><span class=\"av-vertical-delimiter\"><\/span><\/header><\/div><footer class=\"entry-footer\"><\/footer><span class='hidden'>\n\t\t\t\t<span class='av-structured-data'  itemprop=\"image\" itemscope=\"itemscope\" itemtype=\"https:\/\/schema.org\/ImageObject\" >\n\t\t\t\t\t\t<span itemprop='url'>https:\/\/attra.ncat.org\/wp-content\/uploads\/2022\/08\/Bee-Pollinator-Flickr-CC-Jessica-Lucia-VERT-rotated.jpg<\/span>\n\t\t\t\t\t\t<span itemprop='height'>1000<\/span>\n\t\t\t\t\t\t<span itemprop='width'>1000<\/span>\n\t\t\t\t<\/span>\n\t\t\t\t<span class='av-structured-data'  itemprop=\"publisher\" itemtype=\"https:\/\/schema.org\/Organization\" itemscope=\"itemscope\" >\n\t\t\t\t\t\t<span itemprop='name'>NCAT IT<\/span>\n\t\t\t\t\t\t<span itemprop='logo' itemscope itemtype='https:\/\/schema.org\/ImageObject'>\n\t\t\t\t\t\t\t<span itemprop='url'>\/wp-content\/uploads\/2022\/12\/ATTRAlogo-RGB-espanol-lg.png<\/span>\n\t\t\t\t\t\t<\/span>\n\t\t\t\t<\/span><span class='av-structured-data'  itemprop=\"author\" itemscope=\"itemscope\" itemtype=\"https:\/\/schema.org\/Person\" ><span itemprop='name'>NCAT IT<\/span><\/span><span class='av-structured-data'  itemprop=\"datePublished\" datetime=\"2018-09-20T16:16:41-05:00\" >2018-09-20 16:16:41<\/span><span class='av-structured-data'  itemprop=\"dateModified\" itemtype=\"https:\/\/schema.org\/dateModified\" >2025-10-01 10:35:19<\/span><span class='av-structured-data'  itemprop=\"mainEntityOfPage\" itemtype=\"https:\/\/schema.org\/mainEntityOfPage\" ><span itemprop='name'>Polinizadores<\/span><\/span><\/span><\/article><\/div><\/div><\/div><\/div><\/p>\n","protected":false},"excerpt":{"rendered":"","protected":false},"author":1,"featured_media":125358,"parent":134364,"menu_order":0,"comment_status":"closed","ping_status":"closed","template":"","meta":{"_acf_changed":false,"_price":"","_stock":"","_tribe_ticket_header":"","_tribe_default_ticket_provider":"","_tribe_ticket_capacity":"0","_ticket_start_date":"","_ticket_end_date":"","_tribe_ticket_show_description":"","_tribe_ticket_show_not_going":false,"_tribe_ticket_use_global_stock":"","_tribe_ticket_global_stock_level":"","_global_stock_mode":"","_global_stock_cap":"","_tribe_rsvp_for_event":"","_tribe_ticket_going_count":"","_tribe_ticket_not_going_count":"","_tribe_tickets_list":"[]","_tribe_ticket_has_attendee_info_fields":false,"footnotes":"","beyondwords_generate_audio":"0","beyondwords_integration_method":"","beyondwords_project_id":"","beyondwords_content_id":"","beyondwords_preview_token":"","beyondwords_player_content":"","beyondwords_player_style":"standard","beyondwords_language_code":"en_US","beyondwords_language_id":"","beyondwords_title_voice_id":"776","beyondwords_body_voice_id":"776","beyondwords_summary_voice_id":"776","beyondwords_error_message":"","beyondwords_disabled":"","beyondwords_delete_content":"","beyondwords_podcast_id":"","beyondwords_hash":"","publish_post_to_speechkit":"","speechkit_hash":"","speechkit_generate_audio":"","speechkit_project_id":"","speechkit_podcast_id":"","speechkit_error_message":"","speechkit_disabled":"","speechkit_access_key":"","speechkit_error":"","speechkit_info":"","speechkit_response":"","speechkit_retries":"","speechkit_status":"","speechkit_updated_at":"","_speechkit_link":"","_speechkit_text":"","_tec_slr_enabled":"","_tec_slr_layout":""},"categories":[58],"tags":[503],"class_list":["post-140259","page","type-page","status-publish","has-post-thumbnail","hentry","category-crops","tag-pollinators"],"acf":[],"publishpress_future_workflow_manual_trigger":{"enabledWorkflows":[]},"distributor_meta":false,"distributor_terms":false,"distributor_media":false,"distributor_original_site_name":"ATTRA - Agricultura Sustentable","distributor_original_site_url":"https:\/\/attra.ncat.org\/es\/","push-errors":false,"ticketed":false,"_links":{"self":[{"href":"https:\/\/attra.ncat.org\/es\/wp-json\/wp\/v2\/pages\/140259","targetHints":{"allow":["GET"]}}],"collection":[{"href":"https:\/\/attra.ncat.org\/es\/wp-json\/wp\/v2\/pages"}],"about":[{"href":"https:\/\/attra.ncat.org\/es\/wp-json\/wp\/v2\/types\/page"}],"author":[{"embeddable":true,"href":"https:\/\/attra.ncat.org\/es\/wp-json\/wp\/v2\/users\/1"}],"replies":[{"embeddable":true,"href":"https:\/\/attra.ncat.org\/es\/wp-json\/wp\/v2\/comments?post=140259"}],"version-history":[{"count":9,"href":"https:\/\/attra.ncat.org\/es\/wp-json\/wp\/v2\/pages\/140259\/revisions"}],"predecessor-version":[{"id":178244,"href":"https:\/\/attra.ncat.org\/es\/wp-json\/wp\/v2\/pages\/140259\/revisions\/178244"}],"up":[{"embeddable":true,"href":"https:\/\/attra.ncat.org\/es\/wp-json\/wp\/v2\/pages\/134364"}],"wp:featuredmedia":[{"embeddable":true,"href":"https:\/\/attra.ncat.org\/es\/wp-json\/wp\/v2\/media\/125358"}],"wp:attachment":[{"href":"https:\/\/attra.ncat.org\/es\/wp-json\/wp\/v2\/media?parent=140259"}],"wp:term":[{"taxonomy":"category","embeddable":true,"href":"https:\/\/attra.ncat.org\/es\/wp-json\/wp\/v2\/categories?post=140259"},{"taxonomy":"post_tag","embeddable":true,"href":"https:\/\/attra.ncat.org\/es\/wp-json\/wp\/v2\/tags?post=140259"}],"curies":[{"name":"wp","href":"https:\/\/api.w.org\/{rel}","templated":true}]}}