

{"id":140273,"date":"2018-08-25T15:46:09","date_gmt":"2018-08-25T20:46:09","guid":{"rendered":"https:\/\/attra.ncat.org\/temas\/seguro-de-cosechas\/"},"modified":"2023-07-10T15:02:37","modified_gmt":"2023-07-10T20:02:37","slug":"seguro-de-cosechas","status":"publish","type":"page","link":"https:\/\/attra.ncat.org\/es\/temas\/seguro-de-cosechas\/","title":{"rendered":"Seguro de cosechas"},"content":{"rendered":"<div  class='flex_column av-1bfdwqy4-e6e7ba9dc7dde5e3766e346eace54df0 av_three_fourth  avia-builder-el-0  el_before_av_one_fourth  avia-builder-el-first  first flex_column_div  '     ><p>\n<style type=\"text\/css\" data-created_by=\"avia_inline_auto\" id=\"style-css-av-l6cj6l1g-c5774494d09b7a4fb6cd9f0602d558ba\">\n#top .av-special-heading.av-l6cj6l1g-c5774494d09b7a4fb6cd9f0602d558ba{\npadding-bottom:10px;\n}\nbody .av-special-heading.av-l6cj6l1g-c5774494d09b7a4fb6cd9f0602d558ba .av-special-heading-tag .heading-char{\nfont-size:25px;\n}\n.av-special-heading.av-l6cj6l1g-c5774494d09b7a4fb6cd9f0602d558ba .av-subheading{\nfont-size:15px;\n}\n<\/style>\n<div  class='av-special-heading av-l6cj6l1g-c5774494d09b7a4fb6cd9f0602d558ba av-special-heading-h1 blockquote modern-quote  avia-builder-el-1  el_before_av_image  avia-builder-el-first '><h1 class='av-special-heading-tag '  itemprop=\"headline\"  >Seguro de cosechas<\/h1><div class=\"special-heading-border\"><div class=\"special-heading-inner-border\"><\/div><\/div><\/div><br \/>\n\n<style type=\"text\/css\" data-created_by=\"avia_inline_auto\" id=\"style-css-av-l6cj99ji-c78853a6b5cb5946562744c9164e716c\">\n.avia-image-container.av-l6cj99ji-c78853a6b5cb5946562744c9164e716c img.avia_image{\nbox-shadow:none;\n}\n.avia-image-container.av-l6cj99ji-c78853a6b5cb5946562744c9164e716c .av-image-caption-overlay-center{\ncolor:#ffffff;\n}\n<\/style>\n<div  class='avia-image-container av-l6cj99ji-c78853a6b5cb5946562744c9164e716c av-styling- avia-align-center  avia-builder-el-2  el_after_av_heading  el_before_av_textblock '   itemprop=\"image\" itemscope=\"itemscope\" itemtype=\"https:\/\/schema.org\/ImageObject\" ><div class=\"avia-image-container-inner\"><div class=\"avia-image-overlay-wrap\"><img decoding=\"async\" fetchpriority=\"high\" class='wp-image-127363 avia-img-lazy-loading-not-127363 avia_image ' src=\"https:\/\/attra.ncat.org\/wp-content\/uploads\/2022\/08\/50679883232_d5acf9db4d_k.jpg\" alt='Close up of a Montana farm field' title='50679883232_d5acf9db4d_k'  height=\"1366\" width=\"2048\"  itemprop=\"thumbnailUrl\" srcset=\"https:\/\/attra.ncat.org\/wp-content\/uploads\/2022\/08\/50679883232_d5acf9db4d_k.jpg 2048w, https:\/\/attra.ncat.org\/wp-content\/uploads\/2022\/08\/50679883232_d5acf9db4d_k-350x233.jpg 350w, https:\/\/attra.ncat.org\/wp-content\/uploads\/2022\/08\/50679883232_d5acf9db4d_k-1030x687.jpg 1030w, https:\/\/attra.ncat.org\/wp-content\/uploads\/2022\/08\/50679883232_d5acf9db4d_k-768x512.jpg 768w, https:\/\/attra.ncat.org\/wp-content\/uploads\/2022\/08\/50679883232_d5acf9db4d_k-1536x1025.jpg 1536w, https:\/\/attra.ncat.org\/wp-content\/uploads\/2022\/08\/50679883232_d5acf9db4d_k-1500x1000.jpg 1500w, https:\/\/attra.ncat.org\/wp-content\/uploads\/2022\/08\/50679883232_d5acf9db4d_k-705x470.jpg 705w\" sizes=\"(max-width: 2048px) 100vw, 2048px\" \/><\/div><\/div><\/div><br \/>\n<section  class='av_textblock_section av-l6cjdb0z-1057b185fab54c52be0ca1a2759e9fa9 '   itemscope=\"itemscope\" itemtype=\"https:\/\/schema.org\/CreativeWork\" ><div class='avia_textblock'  itemprop=\"text\" ><p><span class=\"TextRun SCXW154269225 BCX0\" lang=\"EN-US\" data-contrast=\"auto\" xml:lang=\"EN-US\"><span class=\"NormalTextRun SCXW154269225 BCX0\">El programa federal de seguro de cosechas se ha utilizado tradicionalmente  <\/span><span class=\"NormalTextRun SCXW154269225 BCX0\">por granjas que cultivan ma\u00edz, trigo, soja, arroz, algod\u00f3n y algunos otros cultivos b\u00e1sicos. En los \u00faltimos a\u00f1os,  <\/span><span class=\"NormalTextRun SCXW154269225 BCX0\">nuevas opciones de seguro de cosechas como Whole-Farm Revenue Protection est\u00e1n disponibles, mejorando en gran medida <\/span><span class=\"NormalTextRun SCXW154269225 BCX0\">las oportunidades para aquellos que est\u00e1n diversificados, cultivan frutas y verduras o cultivan con m\u00e9todos org\u00e1nicos. <\/span> <\/span><\/p>\n<p><span class=\"TextRun SCXW154269225 BCX0\" lang=\"EN-US\" data-contrast=\"auto\" xml:lang=\"EN-US\"><span class=\"NormalTextRun SCXW154269225 BCX0\">Incluso si nunca ha considerado el seguro de cosechas<\/span><span class=\"NormalTextRun SCXW154269225 BCX0\"> y no sabe nada al respecto, los recursos en esta p\u00e1gina lo ayudar\u00e1n a decidir si estos nuevos productos pueden ser adecuados para su negocio.<\/span><\/span><\/p>\n<\/div><\/section><\/p><\/div>\n<div  class='flex_column av-178zkrn0-99fad0b5e0f6abab1be0476249ce31f0 av_one_fourth  avia-builder-el-4  el_after_av_three_fourth  el_before_av_one_full  flex_column_div  '     ><p>\n<style type=\"text\/css\" data-created_by=\"avia_inline_auto\" id=\"style-css-av-l6cj7mj6-420c37c3d9ced9ba0aac15936e913f62\">\n#top .av-special-heading.av-l6cj7mj6-420c37c3d9ced9ba0aac15936e913f62{\npadding-bottom:10px;\n}\nbody .av-special-heading.av-l6cj7mj6-420c37c3d9ced9ba0aac15936e913f62 .av-special-heading-tag .heading-char{\nfont-size:25px;\n}\n.av-special-heading.av-l6cj7mj6-420c37c3d9ced9ba0aac15936e913f62 .av-subheading{\nfont-size:15px;\n}\n<\/style>\n<div  class='av-special-heading av-l6cj7mj6-420c37c3d9ced9ba0aac15936e913f62 av-special-heading-h2 blockquote modern-quote  avia-builder-el-5  el_before_av_image  avia-builder-el-first '><h2 class='av-special-heading-tag '  itemprop=\"headline\"  >Temas relacionados<\/h2><div class=\"special-heading-border\"><div class=\"special-heading-inner-border\"><\/div><\/div><\/div><br \/>\n\n<style type=\"text\/css\" data-created_by=\"avia_inline_auto\" id=\"style-css-av-l75aaps3-dac86fc8044d5854f2ab26e7ee0932e9\">\n.avia-image-container.av-l75aaps3-dac86fc8044d5854f2ab26e7ee0932e9 img.avia_image{\nbox-shadow:none;\n}\n.avia-image-container.av-l75aaps3-dac86fc8044d5854f2ab26e7ee0932e9 .av-caption-image-overlay-bg{\nopacity:0.1;\nbackground-color:#000000;\n}\n.avia-image-container.av-l75aaps3-dac86fc8044d5854f2ab26e7ee0932e9 .av-image-caption-overlay-center{\ncolor:#ffffff;\nfont-size:25px;\n}\n<\/style>\n<div  class='avia-image-container av-l75aaps3-dac86fc8044d5854f2ab26e7ee0932e9 av-styling- av-img-linked avia-align-center  avia-builder-el-6  el_after_av_heading  el_before_av_heading  noHover av-overlay-hover-deactivate'   itemprop=\"image\" itemscope=\"itemscope\" itemtype=\"https:\/\/schema.org\/ImageObject\" ><div class=\"avia-image-container-inner\"><div class=\"avia-image-overlay-wrap\"><a href=\"https:\/\/attra.ncat.org\/es\/ganado\/\" class='avia_image '  aria-label='Lady with Grapes'><div class=\"av-image-caption-overlay\"><div class=\"av-caption-image-overlay-bg\"><\/div><div class=\"av-image-caption-overlay-position\"><div class=\"av-image-caption-overlay-center\"><p>NEGOCIOS Y MARKETING<\/p>\n<\/div><\/div><\/div><img decoding=\"async\" fetchpriority=\"high\" class='wp-image-127335 avia-img-lazy-loading-not-127335 avia_image ' src=\"https:\/\/attra.ncat.org\/wp-content\/uploads\/2022\/08\/Lady-with-Grapes-350x350.png\" alt='' title='Lady with Grapes'  height=\"350\" width=\"350\"  itemprop=\"thumbnailUrl\" srcset=\"https:\/\/attra.ncat.org\/wp-content\/uploads\/2022\/08\/Lady-with-Grapes.png 350w, https:\/\/attra.ncat.org\/wp-content\/uploads\/2022\/08\/Lady-with-Grapes-80x80.png 80w, https:\/\/attra.ncat.org\/wp-content\/uploads\/2022\/08\/Lady-with-Grapes-36x36.png 36w, https:\/\/attra.ncat.org\/wp-content\/uploads\/2022\/08\/Lady-with-Grapes-180x180.png 180w\" sizes=\"(max-width: 350px) 100vw, 350px\" \/><\/a><\/div><\/div><\/div><br \/>\n\n<style type=\"text\/css\" data-created_by=\"avia_inline_auto\" id=\"style-css-av-5jfoxrc-ed5f92e85907eb08ee0247ae62f0ac76\">\n#top .av-special-heading.av-5jfoxrc-ed5f92e85907eb08ee0247ae62f0ac76{\npadding-bottom:10px;\n}\nbody .av-special-heading.av-5jfoxrc-ed5f92e85907eb08ee0247ae62f0ac76 .av-special-heading-tag .heading-char{\nfont-size:25px;\n}\n.av-special-heading.av-5jfoxrc-ed5f92e85907eb08ee0247ae62f0ac76 .av-subheading{\nfont-size:15px;\n}\n<\/style>\n<div  class='av-special-heading av-5jfoxrc-ed5f92e85907eb08ee0247ae62f0ac76 av-special-heading-h2 blockquote modern-quote  avia-builder-el-7  el_after_av_image  el_before_av_team_member '><h2 class='av-special-heading-tag '  itemprop=\"headline\"  >Personal Experto<\/h2><div class=\"special-heading-border\"><div class=\"special-heading-inner-border\"><\/div><\/div><\/div><br \/>\n<section  class='avia-team-member av-l759hb3z-c8f3d757bce76e8f65d4b2dcb0717365  avia-builder-el-8  el_after_av_heading  avia-builder-el-last '  itemscope=\"itemscope\" itemtype=\"https:\/\/schema.org\/Person\" ><div class=\"team-img-container\"><img decoding=\"async\" fetchpriority=\"high\" class='wp-image-121990 avia-img-lazy-loading-not-121990 avia_image avia_image_team' src=\"https:\/\/attra.ncat.org\/wp-content\/uploads\/2021\/06\/jeff-s350x350.jpg\" alt='Jeff Schahczenski'  itemprop=\"image\"   height=\"350\" width=\"350\" srcset=\"https:\/\/attra.ncat.org\/wp-content\/uploads\/2021\/06\/jeff-s350x350.jpg 350w, https:\/\/attra.ncat.org\/wp-content\/uploads\/2021\/06\/jeff-s350x350-90x90.jpg 90w, https:\/\/attra.ncat.org\/wp-content\/uploads\/2021\/06\/jeff-s350x350-36x36.jpg 36w, https:\/\/attra.ncat.org\/wp-content\/uploads\/2021\/06\/jeff-s350x350-180x180.jpg 180w\" sizes=\"(max-width: 350px) 100vw, 350px\" \/><div class=\"team-social\"><div class=\"team-social-inner\"><span class='hidden av_member_url_markup '  itemprop=\"url\" >https:\/\/attra.ncat.org\/es\/jeff-schahczenski-2\/<\/span><a href='https:\/\/attra.ncat.org\/es\/jeff-schahczenski-2\/' class='avia-team-icon av-l759h9iv-6a911810b24f9bad2d1ef8a34c846663 avia-iconfont avia-font-entypo-fontello' rel='v:url' data-avia-tooltip=\"Con\u00e9ctate con Jeff\"  data-av_icon='\ue840' data-av_iconfont='entypo-fontello' ><\/a><\/div><\/div><\/div><h3 class='team-member-name '  itemprop=\"name\" >Jeff Schahczenski<\/h3><span class='hidden team-member-affiliation'  itemprop=\"affiliation\" >ATTRA - Agricultura Sustentable<\/span><\/section><\/p><\/div>\n<div  class='flex_column av-ecje9rg-d0c95aaa013c2c934e638bbe6f10584e av_one_full  avia-builder-el-9  el_after_av_one_fourth  avia-builder-el-last  first flex_column_div  column-top-margin'     ><div  data-slideshow-options=\"{&quot;animation&quot;:&quot;fade&quot;,&quot;autoplay&quot;:false,&quot;loop_autoplay&quot;:&quot;once&quot;,&quot;interval&quot;:5,&quot;loop_manual&quot;:&quot;manual-endless&quot;,&quot;autoplay_stopper&quot;:false,&quot;noNavigation&quot;:false,&quot;show_slide_delay&quot;:90}\" class='avia-content-slider avia-content-grid-active avia-content-slider1 avia-content-slider-odd  avia-builder-el-10  avia-builder-el-no-sibling  av-slideshow-ui av-control-default   av-no-slider-navigation av-slideshow-manual av-loop-once av-loop-manual-endless '  itemscope=\"itemscope\" itemtype=\"https:\/\/schema.org\/Blog\" ><div class=\"avia-content-slider-inner\"><div class=\"slide-entry-wrap\"><article class='slide-entry flex_column  post-entry post-entry-134813 slide-entry-overview slide-loop-1 slide-parity-odd  av_one_third first real-thumbnail posttype-attrapub post-format-standard'  itemscope=\"itemscope\" itemtype=\"https:\/\/schema.org\/CreativeWork\" ><a href='https:\/\/attra.ncat.org\/es\/publication\/es-arriesgada-la-agricultura-ecologica-mejora-del-seguro-de-cosechas-para-granjas-organicas\/' data-rel='slide-1' class='slide-image' title='\u00bfEs arriesgada la agricultura ecol\u00f3gica? Mejora del seguro de cosechas para granjas org\u00e1nicas'><img decoding=\"async\" fetchpriority=\"high\" width=\"495\" height=\"300\" src=\"https:\/\/attra.ncat.org\/wp-content\/uploads\/2022\/09\/Organic-Farming-495x300.png\" class=\"wp-image-129479 avia-img-lazy-loading-not-129479 attachment-portfolio size-portfolio wp-post-image\" alt=\"Organic farming\" \/><\/a><div class=\"slide-content\"><header class=\"entry-content-header\" aria-label=\"Slide: \u00bfEs arriesgada la agricultura ecol\u00f3gica? Mejora del seguro de cosechas para granjas org\u00e1nicas\"><h3 class='slide-entry-title entry-title '  itemprop=\"headline\" ><a href='https:\/\/attra.ncat.org\/es\/publication\/es-arriesgada-la-agricultura-ecologica-mejora-del-seguro-de-cosechas-para-granjas-organicas\/' title='\u00bfEs arriesgada la agricultura ecol\u00f3gica? Mejora del seguro de cosechas para granjas org\u00e1nicas'>\u00bfEs arriesgada la agricultura ecol\u00f3gica? Mejora del seguro de cosechas para granjas org\u00e1nicas<\/a><\/h3><span class=\"av-vertical-delimiter\"><\/span><\/header><div class='slide-entry-excerpt entry-content'  itemprop=\"text\" ><div class=\"read-more-link\"><a href=\"https:\/\/attra.ncat.org\/es\/publication\/es-arriesgada-la-agricultura-ecologica-mejora-del-seguro-de-cosechas-para-granjas-organicas\/\" class=\"more-link\">Leer m\u00e1s<span class='more-link-arrow avia-svg-icon avia-font-svg_entypo-fontello' data-av_svg_icon='right-open-big' data-av_iconset='svg_entypo-fontello'><svg version=\"1.1\" xmlns=\"http:\/\/www.w3.org\/2000\/svg\" width=\"15\" height=\"32\" viewBox=\"0 0 15 32\" preserveAspectRatio=\"xMidYMid meet\" role=\"graphics-symbol\" aria-hidden=\"true\">\n<path d=\"M0.416 27.84l11.456-11.84-11.456-11.904q-0.832-0.832 0-1.536 0.832-0.832 1.536 0l12.544 12.608q0.768 0.832 0 1.6l-12.544 12.608q-0.704 0.832-1.536 0-0.832-0.704 0-1.536z\"><\/path>\n<\/svg><\/span><\/a><\/div><\/div><\/div><footer class=\"entry-footer\"><\/footer><span class='hidden'>\n\t\t\t\t<span class='av-structured-data'  itemprop=\"image\" itemscope=\"itemscope\" itemtype=\"https:\/\/schema.org\/ImageObject\" >\n\t\t\t\t\t\t<span itemprop='url'>https:\/\/attra.ncat.org\/wp-content\/uploads\/2022\/09\/Organic-Farming.png<\/span>\n\t\t\t\t\t\t<span itemprop='height'>300<\/span>\n\t\t\t\t\t\t<span itemprop='width'>850<\/span>\n\t\t\t\t<\/span>\n\t\t\t\t<span class='av-structured-data'  itemprop=\"publisher\" itemtype=\"https:\/\/schema.org\/Organization\" itemscope=\"itemscope\" >\n\t\t\t\t\t\t<span itemprop='name'>NCAT IT<\/span>\n\t\t\t\t\t\t<span itemprop='logo' itemscope itemtype='https:\/\/schema.org\/ImageObject'>\n\t\t\t\t\t\t\t<span itemprop='url'>\/wp-content\/uploads\/2022\/12\/ATTRAlogo-RGB-espanol-lg.png<\/span>\n\t\t\t\t\t\t<\/span>\n\t\t\t\t<\/span><span class='av-structured-data'  itemprop=\"author\" itemscope=\"itemscope\" itemtype=\"https:\/\/schema.org\/Person\" ><span itemprop='name'>NCAT IT<\/span><\/span><span class='av-structured-data'  itemprop=\"datePublished\" datetime=\"2018-08-25T15:46:09-05:00\" >2022-09-28 12:17:33<\/span><span class='av-structured-data'  itemprop=\"dateModified\" itemtype=\"https:\/\/schema.org\/dateModified\" >2023-12-14 15:21:38<\/span><span class='av-structured-data'  itemprop=\"mainEntityOfPage\" itemtype=\"https:\/\/schema.org\/mainEntityOfPage\" ><span itemprop='name'>\u00bfEs arriesgada la agricultura ecol\u00f3gica? Mejora del seguro de cosechas para granjas org\u00e1nicas<\/span><\/span><\/span><\/article><article class='slide-entry flex_column  post-entry post-entry-134344 slide-entry-overview slide-loop-2 slide-parity-even  av_one_third  real-thumbnail posttype-page post-format-standard'  itemscope=\"itemscope\" itemtype=\"https:\/\/schema.org\/CreativeWork\" ><a href='https:\/\/attra.ncat.org\/es\/cultivos\/' data-rel='slide-1' class='slide-image' title='Cultivos'><img decoding=\"async\" fetchpriority=\"high\" width=\"495\" height=\"400\" src=\"https:\/\/attra.ncat.org\/wp-content\/uploads\/2022\/09\/Farmer-harvesting-grapes-495x400.png\" class=\"wp-image-128806 avia-img-lazy-loading-not-128806 attachment-portfolio size-portfolio wp-post-image\" alt=\"A farmer harvests grapes\" \/><\/a><div class=\"slide-content\"><header class=\"entry-content-header\" aria-label=\"Slide: Cultivos\"><h3 class='slide-entry-title entry-title '  itemprop=\"headline\" ><a href='https:\/\/attra.ncat.org\/es\/cultivos\/' title='Cultivos'>Cultivos<\/a><\/h3><span class=\"av-vertical-delimiter\"><\/span><\/header><div class='slide-entry-excerpt entry-content'  itemprop=\"text\" ><div class=\"read-more-link\"><a href=\"https:\/\/attra.ncat.org\/es\/cultivos\/\" class=\"more-link\">Leer m\u00e1s<span class='more-link-arrow avia-svg-icon avia-font-svg_entypo-fontello' data-av_svg_icon='right-open-big' data-av_iconset='svg_entypo-fontello'><svg version=\"1.1\" xmlns=\"http:\/\/www.w3.org\/2000\/svg\" width=\"15\" height=\"32\" viewBox=\"0 0 15 32\" preserveAspectRatio=\"xMidYMid meet\" role=\"graphics-symbol\" aria-hidden=\"true\">\n<path d=\"M0.416 27.84l11.456-11.84-11.456-11.904q-0.832-0.832 0-1.536 0.832-0.832 1.536 0l12.544 12.608q0.768 0.832 0 1.6l-12.544 12.608q-0.704 0.832-1.536 0-0.832-0.704 0-1.536z\"><\/path>\n<\/svg><\/span><\/a><\/div><\/div><\/div><footer class=\"entry-footer\"><\/footer><span class='hidden'>\n\t\t\t\t<span class='av-structured-data'  itemprop=\"image\" itemscope=\"itemscope\" itemtype=\"https:\/\/schema.org\/ImageObject\" >\n\t\t\t\t\t\t<span itemprop='url'>https:\/\/attra.ncat.org\/wp-content\/uploads\/2022\/09\/Farmer-harvesting-grapes.png<\/span>\n\t\t\t\t\t\t<span itemprop='height'>400<\/span>\n\t\t\t\t\t\t<span itemprop='width'>850<\/span>\n\t\t\t\t<\/span>\n\t\t\t\t<span class='av-structured-data'  itemprop=\"publisher\" itemtype=\"https:\/\/schema.org\/Organization\" itemscope=\"itemscope\" >\n\t\t\t\t\t\t<span itemprop='name'>NCAT IT<\/span>\n\t\t\t\t\t\t<span itemprop='logo' itemscope itemtype='https:\/\/schema.org\/ImageObject'>\n\t\t\t\t\t\t\t<span itemprop='url'>\/wp-content\/uploads\/2022\/12\/ATTRAlogo-RGB-espanol-lg.png<\/span>\n\t\t\t\t\t\t<\/span>\n\t\t\t\t<\/span><span class='av-structured-data'  itemprop=\"author\" itemscope=\"itemscope\" itemtype=\"https:\/\/schema.org\/Person\" ><span itemprop='name'>NCAT IT<\/span><\/span><span class='av-structured-data'  itemprop=\"datePublished\" datetime=\"2018-08-25T15:46:09-05:00\" >2018-09-20 18:07:44<\/span><span class='av-structured-data'  itemprop=\"dateModified\" itemtype=\"https:\/\/schema.org\/dateModified\" >2022-11-14 11:03:54<\/span><span class='av-structured-data'  itemprop=\"mainEntityOfPage\" itemtype=\"https:\/\/schema.org\/mainEntityOfPage\" ><span itemprop='name'>Cultivos<\/span><\/span><\/span><\/article><article class='slide-entry flex_column  post-entry post-entry-133866 slide-entry-overview slide-loop-3 slide-parity-odd  post-entry-last  av_one_third  real-thumbnail posttype-page post-format-standard'  itemscope=\"itemscope\" itemtype=\"https:\/\/schema.org\/CreativeWork\" ><a href='https:\/\/attra.ncat.org\/es\/negocios-y-marketing\/' data-rel='slide-1' class='slide-image' title='Negocios y Marketing'><img decoding=\"async\" fetchpriority=\"high\" width=\"495\" height=\"400\" src=\"https:\/\/attra.ncat.org\/wp-content\/uploads\/2022\/09\/50988405928_d028002620_k-495x400.jpg\" class=\"wp-image-128445 avia-img-lazy-loading-not-128445 attachment-portfolio size-portfolio wp-post-image\" alt=\"Marty Holman works the computer in his outdoor office on Holman\u2019s Harvest Farms in Loxahatchee Groves, Florida, February 25, 2021.  Holman raises chickens, cattle, vegetable, and tropical fruit on his 15 acres.     USDA\/FPAC photo by Preston Keres\" srcset=\"https:\/\/attra.ncat.org\/wp-content\/uploads\/2022\/09\/50988405928_d028002620_k-495x400.jpg 495w, https:\/\/attra.ncat.org\/wp-content\/uploads\/2022\/09\/50988405928_d028002620_k-845x684.jpg 845w\" sizes=\"(max-width: 495px) 100vw, 495px\" \/><\/a><div class=\"slide-content\"><header class=\"entry-content-header\" aria-label=\"Slide: Negocios y Marketing\"><h3 class='slide-entry-title entry-title '  itemprop=\"headline\" ><a href='https:\/\/attra.ncat.org\/es\/negocios-y-marketing\/' title='Negocios y Marketing'>Negocios y Marketing<\/a><\/h3><span class=\"av-vertical-delimiter\"><\/span><\/header><div class='slide-entry-excerpt entry-content'  itemprop=\"text\" ><div class=\"read-more-link\"><a href=\"https:\/\/attra.ncat.org\/es\/negocios-y-marketing\/\" class=\"more-link\">Leer m\u00e1s<span class='more-link-arrow avia-svg-icon avia-font-svg_entypo-fontello' data-av_svg_icon='right-open-big' data-av_iconset='svg_entypo-fontello'><svg version=\"1.1\" xmlns=\"http:\/\/www.w3.org\/2000\/svg\" width=\"15\" height=\"32\" viewBox=\"0 0 15 32\" preserveAspectRatio=\"xMidYMid meet\" role=\"graphics-symbol\" aria-hidden=\"true\">\n<path d=\"M0.416 27.84l11.456-11.84-11.456-11.904q-0.832-0.832 0-1.536 0.832-0.832 1.536 0l12.544 12.608q0.768 0.832 0 1.6l-12.544 12.608q-0.704 0.832-1.536 0-0.832-0.704 0-1.536z\"><\/path>\n<\/svg><\/span><\/a><\/div><\/div><\/div><footer class=\"entry-footer\"><\/footer><span class='hidden'>\n\t\t\t\t<span class='av-structured-data'  itemprop=\"image\" itemscope=\"itemscope\" itemtype=\"https:\/\/schema.org\/ImageObject\" >\n\t\t\t\t\t\t<span itemprop='url'>https:\/\/attra.ncat.org\/wp-content\/uploads\/2022\/09\/50988405928_d028002620_k.jpg<\/span>\n\t\t\t\t\t\t<span itemprop='height'>1365<\/span>\n\t\t\t\t\t\t<span itemprop='width'>2048<\/span>\n\t\t\t\t<\/span>\n\t\t\t\t<span class='av-structured-data'  itemprop=\"publisher\" itemtype=\"https:\/\/schema.org\/Organization\" itemscope=\"itemscope\" >\n\t\t\t\t\t\t<span itemprop='name'>NCAT IT<\/span>\n\t\t\t\t\t\t<span itemprop='logo' itemscope itemtype='https:\/\/schema.org\/ImageObject'>\n\t\t\t\t\t\t\t<span itemprop='url'>\/wp-content\/uploads\/2022\/12\/ATTRAlogo-RGB-espanol-lg.png<\/span>\n\t\t\t\t\t\t<\/span>\n\t\t\t\t<\/span><span class='av-structured-data'  itemprop=\"author\" itemscope=\"itemscope\" itemtype=\"https:\/\/schema.org\/Person\" ><span itemprop='name'>NCAT IT<\/span><\/span><span class='av-structured-data'  itemprop=\"datePublished\" datetime=\"2018-08-25T15:46:09-05:00\" >2018-09-15 15:28:25<\/span><span class='av-structured-data'  itemprop=\"dateModified\" itemtype=\"https:\/\/schema.org\/dateModified\" >2022-11-14 14:49:57<\/span><span class='av-structured-data'  itemprop=\"mainEntityOfPage\" itemtype=\"https:\/\/schema.org\/mainEntityOfPage\" ><span itemprop='name'>Negocios y Marketing<\/span><\/span><\/span><\/article><\/div><\/div><\/div><\/div>\n","protected":false},"excerpt":{"rendered":"","protected":false},"author":1,"featured_media":127363,"parent":134364,"menu_order":0,"comment_status":"closed","ping_status":"closed","template":"","meta":{"_acf_changed":false,"_price":"","_stock":"","_tribe_ticket_header":"","_tribe_default_ticket_provider":"","_tribe_ticket_capacity":"0","_ticket_start_date":"","_ticket_end_date":"","_tribe_ticket_show_description":"","_tribe_ticket_show_not_going":false,"_tribe_ticket_use_global_stock":"","_tribe_ticket_global_stock_level":"","_global_stock_mode":"","_global_stock_cap":"","_tribe_rsvp_for_event":"","_tribe_ticket_going_count":"","_tribe_ticket_not_going_count":"","_tribe_tickets_list":"[]","_tribe_ticket_has_attendee_info_fields":false,"footnotes":"","beyondwords_generate_audio":"","beyondwords_integration_method":"","beyondwords_project_id":"","beyondwords_content_id":"","beyondwords_preview_token":"","beyondwords_player_content":"","beyondwords_player_style":"","beyondwords_language_code":"","beyondwords_language_id":"","beyondwords_title_voice_id":"","beyondwords_body_voice_id":"","beyondwords_summary_voice_id":"","beyondwords_error_message":"","beyondwords_disabled":"","beyondwords_delete_content":"","beyondwords_podcast_id":"","beyondwords_hash":"","publish_post_to_speechkit":"","speechkit_hash":"","speechkit_generate_audio":"","speechkit_project_id":"","speechkit_podcast_id":"","speechkit_error_message":"","speechkit_disabled":"","speechkit_access_key":"","speechkit_error":"","speechkit_info":"","speechkit_response":"","speechkit_retries":"","speechkit_status":"","speechkit_updated_at":"","_speechkit_link":"","_speechkit_text":"","_tec_slr_enabled":"","_tec_slr_layout":""},"categories":[122],"tags":[1378,149,1377,1377,1378],"class_list":["post-140273","page","type-page","status-publish","has-post-thumbnail","hentry","category-business-and-marketing","tag-business-and-marketing","tag-crop-insurance","tag-crops"],"acf":[],"publishpress_future_workflow_manual_trigger":{"enabledWorkflows":[]},"distributor_meta":false,"distributor_terms":false,"distributor_media":false,"distributor_original_site_name":"ATTRA - Agricultura Sustentable","distributor_original_site_url":"https:\/\/attra.ncat.org\/es\/","push-errors":false,"ticketed":false,"_links":{"self":[{"href":"https:\/\/attra.ncat.org\/es\/wp-json\/wp\/v2\/pages\/140273","targetHints":{"allow":["GET"]}}],"collection":[{"href":"https:\/\/attra.ncat.org\/es\/wp-json\/wp\/v2\/pages"}],"about":[{"href":"https:\/\/attra.ncat.org\/es\/wp-json\/wp\/v2\/types\/page"}],"author":[{"embeddable":true,"href":"https:\/\/attra.ncat.org\/es\/wp-json\/wp\/v2\/users\/1"}],"replies":[{"embeddable":true,"href":"https:\/\/attra.ncat.org\/es\/wp-json\/wp\/v2\/comments?post=140273"}],"version-history":[{"count":4,"href":"https:\/\/attra.ncat.org\/es\/wp-json\/wp\/v2\/pages\/140273\/revisions"}],"predecessor-version":[{"id":150169,"href":"https:\/\/attra.ncat.org\/es\/wp-json\/wp\/v2\/pages\/140273\/revisions\/150169"}],"up":[{"embeddable":true,"href":"https:\/\/attra.ncat.org\/es\/wp-json\/wp\/v2\/pages\/134364"}],"wp:featuredmedia":[{"embeddable":true,"href":"https:\/\/attra.ncat.org\/es\/wp-json\/wp\/v2\/media\/127363"}],"wp:attachment":[{"href":"https:\/\/attra.ncat.org\/es\/wp-json\/wp\/v2\/media?parent=140273"}],"wp:term":[{"taxonomy":"category","embeddable":true,"href":"https:\/\/attra.ncat.org\/es\/wp-json\/wp\/v2\/categories?post=140273"},{"taxonomy":"post_tag","embeddable":true,"href":"https:\/\/attra.ncat.org\/es\/wp-json\/wp\/v2\/tags?post=140273"}],"curies":[{"name":"wp","href":"https:\/\/api.w.org\/{rel}","templated":true}]}}