

{"id":140305,"date":"2018-09-21T12:36:31","date_gmt":"2018-09-21T17:36:31","guid":{"rendered":"https:\/\/attra.ncat.org\/temas\/fruta\/"},"modified":"2025-10-01T09:54:56","modified_gmt":"2025-10-01T14:54:56","slug":"fruta","status":"publish","type":"page","link":"https:\/\/attra.ncat.org\/es\/temas\/fruta\/","title":{"rendered":"Fruta"},"content":{"rendered":"<div  class='flex_column av-1bfdwqy4-e6e7ba9dc7dde5e3766e346eace54df0 av_three_fourth  avia-builder-el-0  el_before_av_one_fourth  avia-builder-el-first  first flex_column_div  '     ><p>\n<style type=\"text\/css\" data-created_by=\"avia_inline_auto\" id=\"style-css-av-l6cj6l1g-0e3e085ebb1fb50b1b80d2ef9340bd6b\">\n#top .av-special-heading.av-l6cj6l1g-0e3e085ebb1fb50b1b80d2ef9340bd6b{\npadding-bottom:10px;\n}\nbody .av-special-heading.av-l6cj6l1g-0e3e085ebb1fb50b1b80d2ef9340bd6b .av-special-heading-tag .heading-char{\nfont-size:25px;\n}\n.av-special-heading.av-l6cj6l1g-0e3e085ebb1fb50b1b80d2ef9340bd6b .av-subheading{\nfont-size:15px;\n}\n<\/style>\n<div  class='av-special-heading av-l6cj6l1g-0e3e085ebb1fb50b1b80d2ef9340bd6b av-special-heading-h1 blockquote modern-quote  avia-builder-el-1  el_before_av_image  avia-builder-el-first '><h1 class='av-special-heading-tag '  itemprop=\"headline\"  >Fruta<\/h1><div class=\"special-heading-border\"><div class=\"special-heading-inner-border\"><\/div><\/div><\/div><br \/>\n\n<style type=\"text\/css\" data-created_by=\"avia_inline_auto\" id=\"style-css-av-l83llv96-486bb4a86448f7eaa94f0770ec6c5a8b\">\n.avia-image-container.av-l83llv96-486bb4a86448f7eaa94f0770ec6c5a8b img.avia_image{\nbox-shadow:none;\n}\n.avia-image-container.av-l83llv96-486bb4a86448f7eaa94f0770ec6c5a8b .av-image-caption-overlay-center{\ncolor:#ffffff;\n}\n<\/style>\n<div  class='avia-image-container av-l83llv96-486bb4a86448f7eaa94f0770ec6c5a8b av-styling- avia-align-center  avia-builder-el-2  el_after_av_heading  el_before_av_textblock '   itemprop=\"image\" itemscope=\"itemscope\" itemtype=\"https:\/\/schema.org\/ImageObject\" ><div class=\"avia-image-container-inner\"><div class=\"avia-image-overlay-wrap\"><img decoding=\"async\" fetchpriority=\"high\" class='wp-image-128889 avia-img-lazy-loading-not-128889 avia_image ' src=\"https:\/\/attra.ncat.org\/wp-content\/uploads\/2022\/09\/Untitled-design-5.png\" alt='Fruits and berries on a farm stand' title='Untitled design (5)'  height=\"400\" width=\"1600\"  itemprop=\"thumbnailUrl\" srcset=\"https:\/\/attra.ncat.org\/wp-content\/uploads\/2022\/09\/Untitled-design-5.png 1600w, https:\/\/attra.ncat.org\/wp-content\/uploads\/2022\/09\/Untitled-design-5-350x88.png 350w, https:\/\/attra.ncat.org\/wp-content\/uploads\/2022\/09\/Untitled-design-5-1030x258.png 1030w, https:\/\/attra.ncat.org\/wp-content\/uploads\/2022\/09\/Untitled-design-5-768x192.png 768w, https:\/\/attra.ncat.org\/wp-content\/uploads\/2022\/09\/Untitled-design-5-1536x384.png 1536w, https:\/\/attra.ncat.org\/wp-content\/uploads\/2022\/09\/Untitled-design-5-1500x375.png 1500w, https:\/\/attra.ncat.org\/wp-content\/uploads\/2022\/09\/Untitled-design-5-705x176.png 705w\" sizes=\"(max-width: 1600px) 100vw, 1600px\" \/><\/div><\/div><\/div><br \/>\n<section  class='av_textblock_section av-l6cjdb0z-1057b185fab54c52be0ca1a2759e9fa9 '   itemscope=\"itemscope\" itemtype=\"https:\/\/schema.org\/CreativeWork\" ><div class='avia_textblock'  itemprop=\"text\" ><p><span data-contrast=\"auto\">La producci\u00f3n org\u00e1nica y sostenible de frutas y bayas proporciona beneficios y desaf\u00edos potenciales. La naturaleza perenne de estos cultivos requiere menos perturbaci\u00f3n del suelo, y los \u00e1rboles proporcionan otros servicios ambientales como el secuestro de carbono, el h\u00e1bitat y los alimentos para organismos beneficiosos y la belleza esc\u00e9nica. Adem\u00e1s, para el agricultor, las frutas de los \u00e1rboles y las bayas a menudo proporcionan algunos de los mejores rendimientos monetarios por unidad de tierra. <\/span><\/p>\n<p><span data-contrast=\"auto\">Los desaf\u00edos incluyen est\u00e1ndares cosm\u00e9ticos muy altos en el mercado, mayor tiempo entre la inversi\u00f3n y los rendimientos, y la necesidad de conocimientos y equipos especializados. En los Estados Unidos, la mayor\u00eda de las frutas y bayas se producen en el oeste semi\u00e1rido, donde las enfermedades y la presi\u00f3n de los insectos son m\u00e1s bajas que en el este. La producci\u00f3n org\u00e1nica de frutas y bayas en el Este se complica por enfermedades e insectos. Obtenga m\u00e1s informaci\u00f3n en los recursos pr\u00e1cticos de ATTRA a continuaci\u00f3n.<\/span><\/p>\n<\/div><\/section><\/p><\/div>\n<div  class='flex_column av-178zkrn0-99fad0b5e0f6abab1be0476249ce31f0 av_one_fourth  avia-builder-el-4  el_after_av_three_fourth  el_before_av_one_full  flex_column_div  '     ><p>\n<style type=\"text\/css\" data-created_by=\"avia_inline_auto\" id=\"style-css-av-l6cj7mj6-420c37c3d9ced9ba0aac15936e913f62\">\n#top .av-special-heading.av-l6cj7mj6-420c37c3d9ced9ba0aac15936e913f62{\npadding-bottom:10px;\n}\nbody .av-special-heading.av-l6cj7mj6-420c37c3d9ced9ba0aac15936e913f62 .av-special-heading-tag .heading-char{\nfont-size:25px;\n}\n.av-special-heading.av-l6cj7mj6-420c37c3d9ced9ba0aac15936e913f62 .av-subheading{\nfont-size:15px;\n}\n<\/style>\n<div  class='av-special-heading av-l6cj7mj6-420c37c3d9ced9ba0aac15936e913f62 av-special-heading-h2 blockquote modern-quote  avia-builder-el-5  el_before_av_image  avia-builder-el-first '><h2 class='av-special-heading-tag '  itemprop=\"headline\"  >Temas relacionados<\/h2><div class=\"special-heading-border\"><div class=\"special-heading-inner-border\"><\/div><\/div><\/div><br \/>\n\n<style type=\"text\/css\" data-created_by=\"avia_inline_auto\" id=\"style-css-av-l75aaps3-933bbcbfc39c030365f0f51d453b36b4\">\n.avia-image-container.av-l75aaps3-933bbcbfc39c030365f0f51d453b36b4 img.avia_image{\nbox-shadow:none;\n}\n.avia-image-container.av-l75aaps3-933bbcbfc39c030365f0f51d453b36b4 .av-caption-image-overlay-bg{\nopacity:0.1;\nbackground-color:#000000;\n}\n.avia-image-container.av-l75aaps3-933bbcbfc39c030365f0f51d453b36b4 .av-image-caption-overlay-center{\ncolor:#ffffff;\nfont-size:25px;\n}\n<\/style>\n<div  class='avia-image-container av-l75aaps3-933bbcbfc39c030365f0f51d453b36b4 av-styling- av-img-linked avia-align-center  avia-builder-el-6  el_after_av_heading  avia-builder-el-last  noHover av-overlay-hover-deactivate'   itemprop=\"image\" itemscope=\"itemscope\" itemtype=\"https:\/\/schema.org\/ImageObject\" ><div class=\"avia-image-container-inner\"><div class=\"avia-image-overlay-wrap\"><a href=\"https:\/\/attra.ncat.org\/es\/cultivos\/\" class='avia_image '  aria-label='Farmer harvesting grapes square'><div class=\"av-image-caption-overlay\"><div class=\"av-caption-image-overlay-bg\"><\/div><div class=\"av-image-caption-overlay-position\"><div class=\"av-image-caption-overlay-center\"><p>CULTIVOS<\/p>\n<\/div><\/div><\/div><img decoding=\"async\" fetchpriority=\"high\" class='wp-image-128844 avia-img-lazy-loading-not-128844 avia_image ' src=\"https:\/\/attra.ncat.org\/wp-content\/uploads\/2022\/09\/Farmer-harvesting-grapes-square-350x348.png\" alt='A farmer harvests grapes' title='Farmer harvesting grapes square'  height=\"348\" width=\"350\"  itemprop=\"thumbnailUrl\" srcset=\"https:\/\/attra.ncat.org\/wp-content\/uploads\/2022\/09\/Farmer-harvesting-grapes-square-350x348.png 350w, https:\/\/attra.ncat.org\/wp-content\/uploads\/2022\/09\/Farmer-harvesting-grapes-square-80x80.png 80w, https:\/\/attra.ncat.org\/wp-content\/uploads\/2022\/09\/Farmer-harvesting-grapes-square-36x36.png 36w, https:\/\/attra.ncat.org\/wp-content\/uploads\/2022\/09\/Farmer-harvesting-grapes-square-180x180.png 180w, https:\/\/attra.ncat.org\/wp-content\/uploads\/2022\/09\/Farmer-harvesting-grapes-square.png 402w\" sizes=\"(max-width: 350px) 100vw, 350px\" \/><\/a><\/div><\/div><\/div><\/p><\/div><div  class='flex_column av-ecje9rg-d0c95aaa013c2c934e638bbe6f10584e av_one_full  avia-builder-el-7  el_after_av_one_fourth  avia-builder-el-last  first flex_column_div  column-top-margin'     ><\/div><\/p>\n","protected":false},"excerpt":{"rendered":"","protected":false},"author":1,"featured_media":128819,"parent":134364,"menu_order":0,"comment_status":"closed","ping_status":"closed","template":"","meta":{"_acf_changed":false,"_price":"","_stock":"","_tribe_ticket_header":"","_tribe_default_ticket_provider":"","_tribe_ticket_capacity":"0","_ticket_start_date":"","_ticket_end_date":"","_tribe_ticket_show_description":"","_tribe_ticket_show_not_going":false,"_tribe_ticket_use_global_stock":"","_tribe_ticket_global_stock_level":"","_global_stock_mode":"","_global_stock_cap":"","_tribe_rsvp_for_event":"","_tribe_ticket_going_count":"","_tribe_ticket_not_going_count":"","_tribe_tickets_list":"[]","_tribe_ticket_has_attendee_info_fields":false,"footnotes":"","beyondwords_generate_audio":"0","beyondwords_integration_method":"","beyondwords_project_id":"","beyondwords_content_id":"","beyondwords_preview_token":"","beyondwords_player_content":"","beyondwords_player_style":"standard","beyondwords_language_code":"en_US","beyondwords_language_id":"","beyondwords_title_voice_id":"776","beyondwords_body_voice_id":"776","beyondwords_summary_voice_id":"776","beyondwords_error_message":"","beyondwords_disabled":"","beyondwords_delete_content":"","beyondwords_podcast_id":"","beyondwords_hash":"","publish_post_to_speechkit":"","speechkit_hash":"","speechkit_generate_audio":"","speechkit_project_id":"","speechkit_podcast_id":"","speechkit_error_message":"","speechkit_disabled":"","speechkit_access_key":"","speechkit_error":"","speechkit_info":"","speechkit_response":"","speechkit_retries":"","speechkit_status":"","speechkit_updated_at":"","_speechkit_link":"","_speechkit_text":"","_tec_slr_enabled":"","_tec_slr_layout":""},"categories":[1443],"tags":[1730],"class_list":["post-140305","page","type-page","status-publish","has-post-thumbnail","hentry","category-cultivos","tag-fruit-es"],"acf":[],"publishpress_future_workflow_manual_trigger":{"enabledWorkflows":[]},"distributor_meta":false,"distributor_terms":false,"distributor_media":false,"distributor_original_site_name":"ATTRA - Agricultura Sustentable","distributor_original_site_url":"https:\/\/attra.ncat.org\/es\/","push-errors":false,"ticketed":false,"_links":{"self":[{"href":"https:\/\/attra.ncat.org\/es\/wp-json\/wp\/v2\/pages\/140305","targetHints":{"allow":["GET"]}}],"collection":[{"href":"https:\/\/attra.ncat.org\/es\/wp-json\/wp\/v2\/pages"}],"about":[{"href":"https:\/\/attra.ncat.org\/es\/wp-json\/wp\/v2\/types\/page"}],"author":[{"embeddable":true,"href":"https:\/\/attra.ncat.org\/es\/wp-json\/wp\/v2\/users\/1"}],"replies":[{"embeddable":true,"href":"https:\/\/attra.ncat.org\/es\/wp-json\/wp\/v2\/comments?post=140305"}],"version-history":[{"count":5,"href":"https:\/\/attra.ncat.org\/es\/wp-json\/wp\/v2\/pages\/140305\/revisions"}],"predecessor-version":[{"id":178217,"href":"https:\/\/attra.ncat.org\/es\/wp-json\/wp\/v2\/pages\/140305\/revisions\/178217"}],"up":[{"embeddable":true,"href":"https:\/\/attra.ncat.org\/es\/wp-json\/wp\/v2\/pages\/134364"}],"wp:featuredmedia":[{"embeddable":true,"href":"https:\/\/attra.ncat.org\/es\/wp-json\/wp\/v2\/media\/128819"}],"wp:attachment":[{"href":"https:\/\/attra.ncat.org\/es\/wp-json\/wp\/v2\/media?parent=140305"}],"wp:term":[{"taxonomy":"category","embeddable":true,"href":"https:\/\/attra.ncat.org\/es\/wp-json\/wp\/v2\/categories?post=140305"},{"taxonomy":"post_tag","embeddable":true,"href":"https:\/\/attra.ncat.org\/es\/wp-json\/wp\/v2\/tags?post=140305"}],"curies":[{"name":"wp","href":"https:\/\/api.w.org\/{rel}","templated":true}]}}