

{"id":140319,"date":"2018-09-21T14:25:24","date_gmt":"2018-09-21T19:25:24","guid":{"rendered":"https:\/\/attra.ncat.org\/temas\/nueces\/"},"modified":"2023-07-10T15:02:45","modified_gmt":"2023-07-10T20:02:45","slug":"nueces","status":"publish","type":"page","link":"https:\/\/attra.ncat.org\/es\/temas\/nueces\/","title":{"rendered":"Nueces"},"content":{"rendered":"<div  class='flex_column av-1bfdwqy4-e6e7ba9dc7dde5e3766e346eace54df0 av_three_fourth  avia-builder-el-0  el_before_av_one_fourth  avia-builder-el-first  first flex_column_div  '     ><p>\n<style type=\"text\/css\" data-created_by=\"avia_inline_auto\" id=\"style-css-av-l6cj6l1g-eb6b30e2d0ffc65f983f15ff2d3dc08e\">\n#top .av-special-heading.av-l6cj6l1g-eb6b30e2d0ffc65f983f15ff2d3dc08e{\npadding-bottom:10px;\n}\nbody .av-special-heading.av-l6cj6l1g-eb6b30e2d0ffc65f983f15ff2d3dc08e .av-special-heading-tag .heading-char{\nfont-size:25px;\n}\n.av-special-heading.av-l6cj6l1g-eb6b30e2d0ffc65f983f15ff2d3dc08e .av-subheading{\nfont-size:15px;\n}\n<\/style>\n<div  class='av-special-heading av-l6cj6l1g-eb6b30e2d0ffc65f983f15ff2d3dc08e av-special-heading-h1 blockquote modern-quote  avia-builder-el-1  el_before_av_textblock  avia-builder-el-first '><h1 class='av-special-heading-tag '  itemprop=\"headline\"  >Nueces<\/h1><div class=\"special-heading-border\"><div class=\"special-heading-inner-border\"><\/div><\/div><\/div><br \/>\n<section  class='av_textblock_section av-l6cjdb0z-1057b185fab54c52be0ca1a2759e9fa9 '   itemscope=\"itemscope\" itemtype=\"https:\/\/schema.org\/CreativeWork\" ><div class='avia_textblock'  itemprop=\"text\" ><p><span data-contrast=\"auto\">La mayor parte de la producci\u00f3n comercial de nueces en los Estados Unidos se limita a California, que cultiva almendras, nueces y pistachos para una superficie combinada de m\u00e1s de 2.5 millones de acres, y tiene una superficie menor de nueces pecanas (6,000 acres en 2020). M\u00e1s del 75% de las nueces pec\u00e1n cultivadas en los Estados Unidos provienen de Nuevo M\u00e9xico, Georgia, Texas y Arizona. Oregon cultiva el 99% de las avellanas en los Estados Unidos.  <\/span><span data-ccp-props=\"{\"><\/p>\n<p><\/span><span data-contrast=\"auto\">Los cultivos de nueces en California (y las nueces pecanas en el suroeste) usan 2-4 acres-pies de agua por a\u00f1o, dependiendo de la ubicaci\u00f3n de cultivo. ATTRA se enfoca en proporcionar informaci\u00f3n pr\u00e1ctica para ayudarlo a obtener sus suelos m\u00e1s saludables y funcionales para que puedan soportar mejor el estr\u00e9s del calor, la sequ\u00eda y las inundaciones que parecen estar ocurriendo con mayor frecuencia.  <\/span><\/p>\n<p><span data-contrast=\"auto\">Alentamos a los productores a invertir en su suelo plantando cultivos de cobertura. Esta pr\u00e1ctica puede proporcionar muchos beneficios: aumentar la salud y fertilidad del suelo, aumentar la infiltraci\u00f3n de agua y proporcionar h\u00e1bitat para insectos beneficiosos. Tenemos una cartera peque\u00f1a pero creciente de informaci\u00f3n sobre c\u00f3mo los productores est\u00e1n manejando los cultivos de cobertura en el contexto del manejo del suelo del huerto, especialmente para almendras y nueces, que se cosechan del suelo del huerto. Consulte los recursos de esta secci\u00f3n para obtener m\u00e1s informaci\u00f3n.<\/span><span data-ccp-props=\"{\"> <\/span><\/p>\n<\/div><\/section><\/p><\/div>\n<div  class='flex_column av-178zkrn0-99fad0b5e0f6abab1be0476249ce31f0 av_one_fourth  avia-builder-el-3  el_after_av_three_fourth  el_before_av_one_full  flex_column_div  '     ><p>\n<style type=\"text\/css\" data-created_by=\"avia_inline_auto\" id=\"style-css-av-l6cj7mj6-420c37c3d9ced9ba0aac15936e913f62\">\n#top .av-special-heading.av-l6cj7mj6-420c37c3d9ced9ba0aac15936e913f62{\npadding-bottom:10px;\n}\nbody .av-special-heading.av-l6cj7mj6-420c37c3d9ced9ba0aac15936e913f62 .av-special-heading-tag .heading-char{\nfont-size:25px;\n}\n.av-special-heading.av-l6cj7mj6-420c37c3d9ced9ba0aac15936e913f62 .av-subheading{\nfont-size:15px;\n}\n<\/style>\n<div  class='av-special-heading av-l6cj7mj6-420c37c3d9ced9ba0aac15936e913f62 av-special-heading-h2 blockquote modern-quote  avia-builder-el-4  el_before_av_image  avia-builder-el-first '><h2 class='av-special-heading-tag '  itemprop=\"headline\"  >Temas relacionados<\/h2><div class=\"special-heading-border\"><div class=\"special-heading-inner-border\"><\/div><\/div><\/div><br \/>\n\n<style type=\"text\/css\" data-created_by=\"avia_inline_auto\" id=\"style-css-av-l75aaps3-f4661b5157e74119e1cb4e0e5fef1798\">\n.avia-image-container.av-l75aaps3-f4661b5157e74119e1cb4e0e5fef1798 img.avia_image{\nbox-shadow:none;\n}\n.avia-image-container.av-l75aaps3-f4661b5157e74119e1cb4e0e5fef1798 .av-caption-image-overlay-bg{\nopacity:0.1;\nbackground-color:#000000;\n}\n.avia-image-container.av-l75aaps3-f4661b5157e74119e1cb4e0e5fef1798 .av-image-caption-overlay-center{\ncolor:#ffffff;\nfont-size:25px;\n}\n<\/style>\n<div  class='avia-image-container av-l75aaps3-f4661b5157e74119e1cb4e0e5fef1798 av-styling- av-img-linked avia-align-center  avia-builder-el-5  el_after_av_heading  el_before_av_image  noHover av-overlay-hover-deactivate'   itemprop=\"image\" itemscope=\"itemscope\" itemtype=\"https:\/\/schema.org\/ImageObject\" ><div class=\"avia-image-container-inner\"><div class=\"avia-image-overlay-wrap\"><a href=\"https:\/\/attra.ncat.org\/es\/cultivos\/\" class='avia_image '  aria-label='New farmer Leonardo Aguila checks his orchard of avocado trees on his 6.3-acre farm in Fallbrook, CA, on Nov. 11, 2018. USDA'><div class=\"av-image-caption-overlay\"><div class=\"av-caption-image-overlay-bg\"><\/div><div class=\"av-image-caption-overlay-position\"><div class=\"av-image-caption-overlay-center\"><p>CULTIVOS<\/p>\n<\/div><\/div><\/div><img decoding=\"async\" fetchpriority=\"high\" class='wp-image-128466 avia-img-lazy-loading-not-128466 avia_image ' src=\"https:\/\/attra.ncat.org\/wp-content\/uploads\/2022\/09\/New-farmer-Leonardo-Aguila-checks-his-orchard-of-avocado-trees-on-his-6.3-acre-farm-in-Fallbrook-CA-on-Nov.-11-2018.-USDA-.jpg\" alt='New farmer Leonardo Aguila checks his orchard of avocado trees on his 6.3-acre farm in Fallbrook, CA, on Nov. 11, 2018. USDA' title='New farmer Leonardo Aguila checks his orchard of avocado trees on his 6.3-acre farm in Fallbrook, CA, on Nov. 11, 2018. USDA'  height=\"1365\" width=\"2047\"  itemprop=\"thumbnailUrl\" srcset=\"https:\/\/attra.ncat.org\/wp-content\/uploads\/2022\/09\/New-farmer-Leonardo-Aguila-checks-his-orchard-of-avocado-trees-on-his-6.3-acre-farm-in-Fallbrook-CA-on-Nov.-11-2018.-USDA-.jpg 2047w, https:\/\/attra.ncat.org\/wp-content\/uploads\/2022\/09\/New-farmer-Leonardo-Aguila-checks-his-orchard-of-avocado-trees-on-his-6.3-acre-farm-in-Fallbrook-CA-on-Nov.-11-2018.-USDA--350x233.jpg 350w, https:\/\/attra.ncat.org\/wp-content\/uploads\/2022\/09\/New-farmer-Leonardo-Aguila-checks-his-orchard-of-avocado-trees-on-his-6.3-acre-farm-in-Fallbrook-CA-on-Nov.-11-2018.-USDA--1030x687.jpg 1030w, https:\/\/attra.ncat.org\/wp-content\/uploads\/2022\/09\/New-farmer-Leonardo-Aguila-checks-his-orchard-of-avocado-trees-on-his-6.3-acre-farm-in-Fallbrook-CA-on-Nov.-11-2018.-USDA--768x512.jpg 768w, https:\/\/attra.ncat.org\/wp-content\/uploads\/2022\/09\/New-farmer-Leonardo-Aguila-checks-his-orchard-of-avocado-trees-on-his-6.3-acre-farm-in-Fallbrook-CA-on-Nov.-11-2018.-USDA--1536x1024.jpg 1536w, https:\/\/attra.ncat.org\/wp-content\/uploads\/2022\/09\/New-farmer-Leonardo-Aguila-checks-his-orchard-of-avocado-trees-on-his-6.3-acre-farm-in-Fallbrook-CA-on-Nov.-11-2018.-USDA--1500x1000.jpg 1500w, https:\/\/attra.ncat.org\/wp-content\/uploads\/2022\/09\/New-farmer-Leonardo-Aguila-checks-his-orchard-of-avocado-trees-on-his-6.3-acre-farm-in-Fallbrook-CA-on-Nov.-11-2018.-USDA--705x470.jpg 705w\" sizes=\"(max-width: 2047px) 100vw, 2047px\" \/><\/a><\/div><\/div><\/div><br \/>\n\n<style type=\"text\/css\" data-created_by=\"avia_inline_auto\" id=\"style-css-av-l83kuqmx-8e221b8f45d71877152275f36944c155\">\n.avia-image-container.av-l83kuqmx-8e221b8f45d71877152275f36944c155 img.avia_image{\nbox-shadow:none;\n}\n.avia-image-container.av-l83kuqmx-8e221b8f45d71877152275f36944c155 .av-caption-image-overlay-bg{\nopacity:0.1;\nbackground-color:#000000;\n}\n.avia-image-container.av-l83kuqmx-8e221b8f45d71877152275f36944c155 .av-image-caption-overlay-center{\ncolor:#ffffff;\nfont-size:25px;\n}\n<\/style>\n<div  class='avia-image-container av-l83kuqmx-8e221b8f45d71877152275f36944c155 av-styling- av-img-linked avia-align-center  avia-builder-el-6  el_after_av_image  el_before_av_heading  noHover av-overlay-hover-deactivate'   itemprop=\"image\" itemscope=\"itemscope\" itemtype=\"https:\/\/schema.org\/ImageObject\" ><div class=\"avia-image-container-inner\"><div class=\"avia-image-overlay-wrap\"><a href=\"https:\/\/attra.ncat.org\/es\/suelo\/\" class='avia_image '  aria-label='Hands in the Soil'><div class=\"av-image-caption-overlay\"><div class=\"av-caption-image-overlay-bg\"><\/div><div class=\"av-image-caption-overlay-position\"><div class=\"av-image-caption-overlay-center\"><p>SUELO<\/p>\n<\/div><\/div><\/div><img decoding=\"async\" fetchpriority=\"high\" class='wp-image-125962 avia-img-lazy-loading-not-125962 avia_image ' src=\"https:\/\/attra.ncat.org\/wp-content\/uploads\/2022\/08\/Hands-in-the-Soil.png\" alt='hands holding soil in crop field' title='Hands in the Soil'  height=\"1100\" width=\"1600\"  itemprop=\"thumbnailUrl\" srcset=\"https:\/\/attra.ncat.org\/wp-content\/uploads\/2022\/08\/Hands-in-the-Soil.png 1600w, https:\/\/attra.ncat.org\/wp-content\/uploads\/2022\/08\/Hands-in-the-Soil-350x241.png 350w, https:\/\/attra.ncat.org\/wp-content\/uploads\/2022\/08\/Hands-in-the-Soil-1030x708.png 1030w, https:\/\/attra.ncat.org\/wp-content\/uploads\/2022\/08\/Hands-in-the-Soil-768x528.png 768w, https:\/\/attra.ncat.org\/wp-content\/uploads\/2022\/08\/Hands-in-the-Soil-1536x1056.png 1536w, https:\/\/attra.ncat.org\/wp-content\/uploads\/2022\/08\/Hands-in-the-Soil-1500x1031.png 1500w, https:\/\/attra.ncat.org\/wp-content\/uploads\/2022\/08\/Hands-in-the-Soil-705x485.png 705w\" sizes=\"(max-width: 1600px) 100vw, 1600px\" \/><\/a><\/div><\/div><\/div><br \/>\n\n<style type=\"text\/css\" data-created_by=\"avia_inline_auto\" id=\"style-css-av-5jfoxrc-ed5f92e85907eb08ee0247ae62f0ac76\">\n#top .av-special-heading.av-5jfoxrc-ed5f92e85907eb08ee0247ae62f0ac76{\npadding-bottom:10px;\n}\nbody .av-special-heading.av-5jfoxrc-ed5f92e85907eb08ee0247ae62f0ac76 .av-special-heading-tag .heading-char{\nfont-size:25px;\n}\n.av-special-heading.av-5jfoxrc-ed5f92e85907eb08ee0247ae62f0ac76 .av-subheading{\nfont-size:15px;\n}\n<\/style>\n<div  class='av-special-heading av-5jfoxrc-ed5f92e85907eb08ee0247ae62f0ac76 av-special-heading-h2 blockquote modern-quote  avia-builder-el-7  el_after_av_image  el_before_av_team_member '><h2 class='av-special-heading-tag '  itemprop=\"headline\"  >Personal Experto<\/h2><div class=\"special-heading-border\"><div class=\"special-heading-inner-border\"><\/div><\/div><\/div><br \/>\n<section  class='avia-team-member av-l83km1ye-d0561efee89f48ebf008b46ca25477ba  avia-builder-el-8  el_after_av_heading  avia-builder-el-last '  itemscope=\"itemscope\" itemtype=\"https:\/\/schema.org\/Person\" ><div class=\"team-img-container\"><img decoding=\"async\" fetchpriority=\"high\" class='wp-image-121182 avia-img-lazy-loading-not-121182 avia_image avia_image_team' src=\"https:\/\/attra.ncat.org\/wp-content\/uploads\/2020\/06\/dufour_rex_061819.jpg\" alt='Rex DuFour'  itemprop=\"image\"   height=\"342\" width=\"250\" \/><div class=\"team-social\"><div class=\"team-social-inner\"><span class='hidden av_member_url_markup '  itemprop=\"url\" >https:\/\/attra.ncat.org\/es\/rex-dufour-2\/<\/span><a href='https:\/\/attra.ncat.org\/es\/rex-dufour-2\/' class='avia-team-icon av-l83kl2pd-adfff0f1b5ea4b158f49f3d6ed6cd6e1 avia-iconfont avia-font-entypo-fontello' rel='v:url' data-avia-tooltip=\"Con\u00e9ctate con Rex\"  data-av_icon='\ue840' data-av_iconfont='entypo-fontello' ><\/a><\/div><\/div><\/div><h3 class='team-member-name '  itemprop=\"name\" >Rex DuFour<\/h3><span class='hidden team-member-affiliation'  itemprop=\"affiliation\" >ATTRA - Agricultura Sustentable<\/span><\/section><\/p><\/div><div  class='flex_column av-ecje9rg-d0c95aaa013c2c934e638bbe6f10584e av_one_full  avia-builder-el-9  el_after_av_one_fourth  avia-builder-el-last  first flex_column_div  column-top-margin'     ><div  data-slideshow-options=\"{&quot;animation&quot;:&quot;fade&quot;,&quot;autoplay&quot;:false,&quot;loop_autoplay&quot;:&quot;once&quot;,&quot;interval&quot;:5,&quot;loop_manual&quot;:&quot;manual-endless&quot;,&quot;autoplay_stopper&quot;:false,&quot;noNavigation&quot;:false,&quot;show_slide_delay&quot;:90}\" class='avia-content-slider avia-content-grid-active avia-content-slider1 avia-content-slider-even  avia-builder-el-10  avia-builder-el-no-sibling  av-slideshow-ui av-control-default   av-no-slider-navigation av-slideshow-manual av-loop-once av-loop-manual-endless '  itemscope=\"itemscope\" itemtype=\"https:\/\/schema.org\/Blog\" ><div class=\"avia-content-slider-inner\"><div class=\"slide-entry-wrap\"><article class='slide-entry flex_column  post-entry post-entry-134344 slide-entry-overview slide-loop-1 slide-parity-odd  post-entry-last  av_one_fourth first real-thumbnail posttype-page post-format-standard'  itemscope=\"itemscope\" itemtype=\"https:\/\/schema.org\/CreativeWork\" ><a href='https:\/\/attra.ncat.org\/es\/cultivos\/' data-rel='slide-1' class='slide-image' title='Cultivos'><img decoding=\"async\" fetchpriority=\"high\" width=\"260\" height=\"185\" src=\"https:\/\/attra.ncat.org\/wp-content\/uploads\/2022\/09\/Farmer-harvesting-grapes-260x185.png\" class=\"wp-image-128806 avia-img-lazy-loading-not-128806 attachment-portfolio_small size-portfolio_small wp-post-image\" alt=\"A farmer harvests grapes\" \/><\/a><div class=\"slide-content\"><header class=\"entry-content-header\" aria-label=\"Slide: Cultivos\"><h3 class='slide-entry-title entry-title '  itemprop=\"headline\" ><a href='https:\/\/attra.ncat.org\/es\/cultivos\/' title='Cultivos'>Cultivos<\/a><\/h3><span class=\"av-vertical-delimiter\"><\/span><\/header><\/div><footer class=\"entry-footer\"><\/footer><span class='hidden'>\n\t\t\t\t<span class='av-structured-data'  itemprop=\"image\" itemscope=\"itemscope\" itemtype=\"https:\/\/schema.org\/ImageObject\" >\n\t\t\t\t\t\t<span itemprop='url'>https:\/\/attra.ncat.org\/wp-content\/uploads\/2022\/09\/Farmer-harvesting-grapes.png<\/span>\n\t\t\t\t\t\t<span itemprop='height'>400<\/span>\n\t\t\t\t\t\t<span itemprop='width'>850<\/span>\n\t\t\t\t<\/span>\n\t\t\t\t<span class='av-structured-data'  itemprop=\"publisher\" itemtype=\"https:\/\/schema.org\/Organization\" itemscope=\"itemscope\" >\n\t\t\t\t\t\t<span itemprop='name'>NCAT IT<\/span>\n\t\t\t\t\t\t<span itemprop='logo' itemscope itemtype='https:\/\/schema.org\/ImageObject'>\n\t\t\t\t\t\t\t<span itemprop='url'>\/wp-content\/uploads\/2022\/12\/ATTRAlogo-RGB-espanol-lg.png<\/span>\n\t\t\t\t\t\t<\/span>\n\t\t\t\t<\/span><span class='av-structured-data'  itemprop=\"author\" itemscope=\"itemscope\" itemtype=\"https:\/\/schema.org\/Person\" ><span itemprop='name'>NCAT IT<\/span><\/span><span class='av-structured-data'  itemprop=\"datePublished\" datetime=\"2018-09-21T14:25:24-05:00\" >2018-09-20 18:07:44<\/span><span class='av-structured-data'  itemprop=\"dateModified\" itemtype=\"https:\/\/schema.org\/dateModified\" >2022-11-14 11:03:54<\/span><span class='av-structured-data'  itemprop=\"mainEntityOfPage\" itemtype=\"https:\/\/schema.org\/mainEntityOfPage\" ><span itemprop='name'>Cultivos<\/span><\/span><\/span><\/article><\/div><\/div><\/div><\/div><\/p>\n","protected":false},"excerpt":{"rendered":"","protected":false},"author":1,"featured_media":128954,"parent":134364,"menu_order":0,"comment_status":"closed","ping_status":"closed","template":"","meta":{"_acf_changed":false,"_price":"","_stock":"","_tribe_ticket_header":"","_tribe_default_ticket_provider":"","_tribe_ticket_capacity":"0","_ticket_start_date":"","_ticket_end_date":"","_tribe_ticket_show_description":"","_tribe_ticket_show_not_going":false,"_tribe_ticket_use_global_stock":"","_tribe_ticket_global_stock_level":"","_global_stock_mode":"","_global_stock_cap":"","_tribe_rsvp_for_event":"","_tribe_ticket_going_count":"","_tribe_ticket_not_going_count":"","_tribe_tickets_list":"[]","_tribe_ticket_has_attendee_info_fields":false,"footnotes":"","beyondwords_generate_audio":"","beyondwords_integration_method":"","beyondwords_project_id":"","beyondwords_content_id":"","beyondwords_preview_token":"","beyondwords_player_content":"","beyondwords_player_style":"","beyondwords_language_code":"","beyondwords_language_id":"","beyondwords_title_voice_id":"","beyondwords_body_voice_id":"","beyondwords_summary_voice_id":"","beyondwords_error_message":"","beyondwords_disabled":"","beyondwords_delete_content":"","beyondwords_podcast_id":"","beyondwords_hash":"","publish_post_to_speechkit":"","speechkit_hash":"","speechkit_generate_audio":"","speechkit_project_id":"","speechkit_podcast_id":"","speechkit_error_message":"","speechkit_disabled":"","speechkit_access_key":"","speechkit_error":"","speechkit_info":"","speechkit_response":"","speechkit_retries":"","speechkit_status":"","speechkit_updated_at":"","_speechkit_link":"","_speechkit_text":"","_tec_slr_enabled":"","_tec_slr_layout":""},"categories":[58],"tags":[143],"class_list":["post-140319","page","type-page","status-publish","has-post-thumbnail","hentry","category-crops","tag-nuts"],"acf":[],"publishpress_future_workflow_manual_trigger":{"enabledWorkflows":[]},"distributor_meta":false,"distributor_terms":false,"distributor_media":false,"distributor_original_site_name":"ATTRA - Agricultura Sustentable","distributor_original_site_url":"https:\/\/attra.ncat.org\/es\/","push-errors":false,"ticketed":false,"_links":{"self":[{"href":"https:\/\/attra.ncat.org\/es\/wp-json\/wp\/v2\/pages\/140319","targetHints":{"allow":["GET"]}}],"collection":[{"href":"https:\/\/attra.ncat.org\/es\/wp-json\/wp\/v2\/pages"}],"about":[{"href":"https:\/\/attra.ncat.org\/es\/wp-json\/wp\/v2\/types\/page"}],"author":[{"embeddable":true,"href":"https:\/\/attra.ncat.org\/es\/wp-json\/wp\/v2\/users\/1"}],"replies":[{"embeddable":true,"href":"https:\/\/attra.ncat.org\/es\/wp-json\/wp\/v2\/comments?post=140319"}],"version-history":[{"count":8,"href":"https:\/\/attra.ncat.org\/es\/wp-json\/wp\/v2\/pages\/140319\/revisions"}],"predecessor-version":[{"id":150186,"href":"https:\/\/attra.ncat.org\/es\/wp-json\/wp\/v2\/pages\/140319\/revisions\/150186"}],"up":[{"embeddable":true,"href":"https:\/\/attra.ncat.org\/es\/wp-json\/wp\/v2\/pages\/134364"}],"wp:featuredmedia":[{"embeddable":true,"href":"https:\/\/attra.ncat.org\/es\/wp-json\/wp\/v2\/media\/128954"}],"wp:attachment":[{"href":"https:\/\/attra.ncat.org\/es\/wp-json\/wp\/v2\/media?parent=140319"}],"wp:term":[{"taxonomy":"category","embeddable":true,"href":"https:\/\/attra.ncat.org\/es\/wp-json\/wp\/v2\/categories?post=140319"},{"taxonomy":"post_tag","embeddable":true,"href":"https:\/\/attra.ncat.org\/es\/wp-json\/wp\/v2\/tags?post=140319"}],"curies":[{"name":"wp","href":"https:\/\/api.w.org\/{rel}","templated":true}]}}