

{"id":140322,"date":"2018-09-21T14:39:41","date_gmt":"2018-09-21T19:39:41","guid":{"rendered":"https:\/\/attra.ncat.org\/temas\/cultivos-de-legumbres\/"},"modified":"2025-10-01T10:10:22","modified_gmt":"2025-10-01T15:10:22","slug":"cultivos-de-legumbres","status":"publish","type":"page","link":"https:\/\/attra.ncat.org\/es\/temas\/cultivos-de-legumbres\/","title":{"rendered":"Cultivos de legumbres"},"content":{"rendered":"<div  class='flex_column av-1bfdwqy4-e6e7ba9dc7dde5e3766e346eace54df0 av_three_fourth  avia-builder-el-0  el_before_av_one_fourth  avia-builder-el-first  first flex_column_div  '     ><p>\n<style type=\"text\/css\" data-created_by=\"avia_inline_auto\" id=\"style-css-av-l6cj6l1g-0292dc96b452c57885d5851a1ee64b03\">\n#top .av-special-heading.av-l6cj6l1g-0292dc96b452c57885d5851a1ee64b03{\npadding-bottom:10px;\n}\nbody .av-special-heading.av-l6cj6l1g-0292dc96b452c57885d5851a1ee64b03 .av-special-heading-tag .heading-char{\nfont-size:25px;\n}\n.av-special-heading.av-l6cj6l1g-0292dc96b452c57885d5851a1ee64b03 .av-subheading{\nfont-size:15px;\n}\n<\/style>\n<div  class='av-special-heading av-l6cj6l1g-0292dc96b452c57885d5851a1ee64b03 av-special-heading-h1 blockquote modern-quote  avia-builder-el-1  el_before_av_image  avia-builder-el-first '><h1 class='av-special-heading-tag '  itemprop=\"headline\"  >Cultivos de legumbres<\/h1><div class=\"special-heading-border\"><div class=\"special-heading-inner-border\"><\/div><\/div><\/div><br \/>\n\n<style type=\"text\/css\" data-created_by=\"avia_inline_auto\" id=\"style-css-av-l8c146dy-79046e5d4e1a51ff682ca9674411edbd\">\n.avia-image-container.av-l8c146dy-79046e5d4e1a51ff682ca9674411edbd img.avia_image{\nbox-shadow:none;\n}\n.avia-image-container.av-l8c146dy-79046e5d4e1a51ff682ca9674411edbd .av-image-caption-overlay-center{\ncolor:#ffffff;\n}\n<\/style>\n<div  class='avia-image-container av-l8c146dy-79046e5d4e1a51ff682ca9674411edbd av-styling- avia-align-center  avia-builder-el-2  el_after_av_heading  el_before_av_textblock '   itemprop=\"image\" itemscope=\"itemscope\" itemtype=\"https:\/\/schema.org\/ImageObject\" ><div class=\"avia-image-container-inner\"><div class=\"avia-image-overlay-wrap\"><img decoding=\"async\" fetchpriority=\"high\" class='wp-image-128969 avia-img-lazy-loading-not-128969 avia_image ' src=\"https:\/\/attra.ncat.org\/wp-content\/uploads\/2022\/09\/Lentils.jpg\" alt='A variety of lentils in bowls' title='Lentils'  height=\"300\" width=\"850\"  itemprop=\"thumbnailUrl\" srcset=\"https:\/\/attra.ncat.org\/wp-content\/uploads\/2022\/09\/Lentils.jpg 850w, https:\/\/attra.ncat.org\/wp-content\/uploads\/2022\/09\/Lentils-350x124.jpg 350w, https:\/\/attra.ncat.org\/wp-content\/uploads\/2022\/09\/Lentils-768x271.jpg 768w, https:\/\/attra.ncat.org\/wp-content\/uploads\/2022\/09\/Lentils-705x249.jpg 705w\" sizes=\"(max-width: 850px) 100vw, 850px\" \/><\/div><\/div><\/div><br \/>\n<section  class='av_textblock_section av-l6cjdb0z-1057b185fab54c52be0ca1a2759e9fa9 '   itemscope=\"itemscope\" itemtype=\"https:\/\/schema.org\/CreativeWork\" ><div class='avia_textblock'  itemprop=\"text\" ><p><span class=\"TextRun SCXW252278030 BCX0\" lang=\"EN-US\" xml:lang=\"EN-US\" data-contrast=\"auto\">Los cultivos de <span class=\"NormalTextRun SCXW252278030 BCX0\" data-ccp-charstyle=\"hgkelc\" data-ccp-charstyle-defn=\"{\">legumbres<\/span><span class=\"NormalTextRun SCXW252278030 BCX0\" data-ccp-charstyle=\"hgkelc\"> son cultivos de leguminosas <\/span><span class=\"NormalTextRun SCXW252278030 BCX0\" data-ccp-charstyle=\"hgkelc\"><span class=\"NormalTextRun SCXW252278030 BCX0\" data-ccp-charstyle=\"hgkelc\"> que se cosechan \u00fanicamente para semillas secas <\/span><\/span><span class=\"NormalTextRun SCXW252278030 BCX0\" data-ccp-charstyle=\"hgkelc\">. Frijoles secos, lentejas, garbanzos (garbanzos), y<\/span> <span class=\"NormalTextRun SCXW252278030 BCX0\" data-ccp-charstyle=\"hgkelc\"> Otros<\/span><span class=\"NormalTextRun SCXW252278030 BCX0\" data-ccp-charstyle=\"hgkelc\"> guisantes secos son las <\/span><span class=\"NormalTextRun SCXW252278030 BCX0\" data-ccp-charstyle=\"hgkelc\"><span class=\"NormalTextRun SCXW252278030 BCX0\" data-ccp-charstyle=\"hgkelc\">legumbres<\/span> m\u00e1s <span class=\"NormalTextRun SCXW252278030 BCX0\" data-ccp-charstyle=\"hgkelc\">conocidas y consumidas<\/span><span class=\"NormalTextRun SCXW252278030 BCX0\" data-ccp-charstyle=\"hgkelc\">. <\/span><\/span> <\/span><\/p>\n<p><span class=\"TextRun SCXW252278030 BCX0\" lang=\"EN-US\" xml:lang=\"EN-US\" data-contrast=\"auto\"><span class=\"NormalTextRun SCXW252278030 BCX0\">Pr<\/span><span class=\"NormalTextRun SCXW252278030 BCX0\">La oducci\u00f3n difiere<\/span><span class=\"NormalTextRun SCXW252278030 BCX0\"> de manera importante<\/span><span class=\"NormalTextRun SCXW252278030 BCX0\"> entre los org\u00e1nicos certificados y <\/span><span class=\"NormalTextRun SCXW252278030 BCX0\">no org\u00e1nico <\/span><span class=\"NormalTextRun SCXW252278030 BCX0\">Sistemas<\/span><span class=\"NormalTextRun SCXW252278030 BCX0\">, y las legumbres org\u00e1nicas en general son de mayor valor.<\/span> <span class=\"NormalTextRun SCXW252278030 BCX0\">P<\/span><span class=\"NormalTextRun SCXW252278030 BCX0\">u<\/span><span class=\"NormalTextRun SCXW252278030 BCX0\">l<\/span><span class=\"NormalTextRun SCXW252278030 BCX0\">Ses <\/span><span class=\"NormalTextRun SCXW252278030 BCX0\">son<\/span><span class=\"NormalTextRun SCXW252278030 BCX0\"> un crecimiento<\/span><span class=\"NormalTextRun SCXW252278030 BCX0\"> mercado<\/span> <span class=\"NormalTextRun ContextualSpellingAndGrammarErrorV2Themed SCXW252278030 BCX0\">y <\/span><span class=\"NormalTextRun ContextualSpellingAndGrammarErrorV2Themed SCXW252278030 BCX0\">limitado<\/span> <span class=\"NormalTextRun SCXW252278030 BCX0\">La evidencia disponible sugiere que la producci\u00f3n de legumbres org\u00e1nicas <\/span><span class=\"NormalTextRun SCXW252278030 BCX0\">es<\/span><span class=\"NormalTextRun SCXW252278030 BCX0\"> significativamente<\/span><span class=\"NormalTextRun SCXW252278030 BCX0\"> m\u00e1s<\/span><span class=\"NormalTextRun SCXW252278030 BCX0\"> rentable<\/span><span class=\"NormalTextRun SCXW252278030 BCX0\"> que no org\u00e1nico<\/span><span class=\"NormalTextRun SCXW252278030 BCX0\"> Pulsos.<\/span> <\/span><\/p>\n<p><span class=\"TextRun SCXW252278030 BCX0\" lang=\"EN-US\" xml:lang=\"EN-US\" data-contrast=\"auto\"><span class=\"NormalTextRun SCXW252278030 BCX0\">Los recursos pr\u00e1cticos de ATTRA en esta secci\u00f3n discuten <\/span><\/span><span class=\"TextRun SCXW252278030 BCX0\" lang=\"EN-US\" xml:lang=\"EN-US\" data-contrast=\"none\"><span class=\"NormalTextRun SCXW252278030 BCX0\">Producci\u00f3n de pulsos, econom\u00eda y marketing. No incluimos soja aqu\u00ed, <\/span><\/span><span class=\"TextRun SCXW252278030 BCX0\" lang=\"EN-US\" xml:lang=\"EN-US\" data-contrast=\"auto\"><span class=\"NormalTextRun SCXW252278030 BCX0\">ya que son un cultivo de leguminosas \u00fanico, del cual alrededor del 30 por ciento se convierte en biodiesel.<\/span><\/span><\/p>\n<\/div><\/section><\/p><\/div>\n<div  class='flex_column av-178zkrn0-99fad0b5e0f6abab1be0476249ce31f0 av_one_fourth  avia-builder-el-4  el_after_av_three_fourth  el_before_av_one_full  flex_column_div  '     ><p>\n<style type=\"text\/css\" data-created_by=\"avia_inline_auto\" id=\"style-css-av-l6cj7mj6-420c37c3d9ced9ba0aac15936e913f62\">\n#top .av-special-heading.av-l6cj7mj6-420c37c3d9ced9ba0aac15936e913f62{\npadding-bottom:10px;\n}\nbody .av-special-heading.av-l6cj7mj6-420c37c3d9ced9ba0aac15936e913f62 .av-special-heading-tag .heading-char{\nfont-size:25px;\n}\n.av-special-heading.av-l6cj7mj6-420c37c3d9ced9ba0aac15936e913f62 .av-subheading{\nfont-size:15px;\n}\n<\/style>\n<div  class='av-special-heading av-l6cj7mj6-420c37c3d9ced9ba0aac15936e913f62 av-special-heading-h2 blockquote modern-quote  avia-builder-el-5  el_before_av_image  avia-builder-el-first '><h2 class='av-special-heading-tag '  itemprop=\"headline\"  >Temas relacionados<\/h2><div class=\"special-heading-border\"><div class=\"special-heading-inner-border\"><\/div><\/div><\/div><br \/>\n\n<style type=\"text\/css\" data-created_by=\"avia_inline_auto\" id=\"style-css-av-l75aaps3-e82cdcbc098622bfc6290311713c88db\">\n.avia-image-container.av-l75aaps3-e82cdcbc098622bfc6290311713c88db img.avia_image{\nbox-shadow:none;\n}\n.avia-image-container.av-l75aaps3-e82cdcbc098622bfc6290311713c88db .av-caption-image-overlay-bg{\nopacity:0.1;\nbackground-color:#000000;\n}\n.avia-image-container.av-l75aaps3-e82cdcbc098622bfc6290311713c88db .av-image-caption-overlay-center{\ncolor:#ffffff;\nfont-size:25px;\n}\n<\/style>\n<div  class='avia-image-container av-l75aaps3-e82cdcbc098622bfc6290311713c88db av-styling- av-img-linked avia-align-center  avia-builder-el-6  el_after_av_heading  el_before_av_image  noHover av-overlay-hover-deactivate'   itemprop=\"image\" itemscope=\"itemscope\" itemtype=\"https:\/\/schema.org\/ImageObject\" ><div class=\"avia-image-container-inner\"><div class=\"avia-image-overlay-wrap\"><a href=\"https:\/\/attra.ncat.org\/es\/bienestar-del-agricultor\/\" class='avia_image '  aria-label='New farmer Leonardo Aguila checks his orchard of avocado trees on his 6.3-acre farm in Fallbrook, CA, on Nov. 11, 2018. USDA'><div class=\"av-image-caption-overlay\"><div class=\"av-caption-image-overlay-bg\"><\/div><div class=\"av-image-caption-overlay-position\"><div class=\"av-image-caption-overlay-center\"><p>CULTIVOS<\/p>\n<\/div><\/div><\/div><img decoding=\"async\" fetchpriority=\"high\" class='wp-image-128466 avia-img-lazy-loading-not-128466 avia_image ' src=\"https:\/\/attra.ncat.org\/wp-content\/uploads\/2022\/09\/New-farmer-Leonardo-Aguila-checks-his-orchard-of-avocado-trees-on-his-6.3-acre-farm-in-Fallbrook-CA-on-Nov.-11-2018.-USDA-.jpg\" alt='New farmer Leonardo Aguila checks his orchard of avocado trees on his 6.3-acre farm in Fallbrook, CA, on Nov. 11, 2018. USDA' title='New farmer Leonardo Aguila checks his orchard of avocado trees on his 6.3-acre farm in Fallbrook, CA, on Nov. 11, 2018. USDA'  height=\"1365\" width=\"2047\"  itemprop=\"thumbnailUrl\" srcset=\"https:\/\/attra.ncat.org\/wp-content\/uploads\/2022\/09\/New-farmer-Leonardo-Aguila-checks-his-orchard-of-avocado-trees-on-his-6.3-acre-farm-in-Fallbrook-CA-on-Nov.-11-2018.-USDA-.jpg 2047w, https:\/\/attra.ncat.org\/wp-content\/uploads\/2022\/09\/New-farmer-Leonardo-Aguila-checks-his-orchard-of-avocado-trees-on-his-6.3-acre-farm-in-Fallbrook-CA-on-Nov.-11-2018.-USDA--350x233.jpg 350w, https:\/\/attra.ncat.org\/wp-content\/uploads\/2022\/09\/New-farmer-Leonardo-Aguila-checks-his-orchard-of-avocado-trees-on-his-6.3-acre-farm-in-Fallbrook-CA-on-Nov.-11-2018.-USDA--1030x687.jpg 1030w, https:\/\/attra.ncat.org\/wp-content\/uploads\/2022\/09\/New-farmer-Leonardo-Aguila-checks-his-orchard-of-avocado-trees-on-his-6.3-acre-farm-in-Fallbrook-CA-on-Nov.-11-2018.-USDA--768x512.jpg 768w, https:\/\/attra.ncat.org\/wp-content\/uploads\/2022\/09\/New-farmer-Leonardo-Aguila-checks-his-orchard-of-avocado-trees-on-his-6.3-acre-farm-in-Fallbrook-CA-on-Nov.-11-2018.-USDA--1536x1024.jpg 1536w, https:\/\/attra.ncat.org\/wp-content\/uploads\/2022\/09\/New-farmer-Leonardo-Aguila-checks-his-orchard-of-avocado-trees-on-his-6.3-acre-farm-in-Fallbrook-CA-on-Nov.-11-2018.-USDA--1500x1000.jpg 1500w, https:\/\/attra.ncat.org\/wp-content\/uploads\/2022\/09\/New-farmer-Leonardo-Aguila-checks-his-orchard-of-avocado-trees-on-his-6.3-acre-farm-in-Fallbrook-CA-on-Nov.-11-2018.-USDA--705x470.jpg 705w\" sizes=\"(max-width: 2047px) 100vw, 2047px\" \/><\/a><\/div><\/div><\/div><br \/>\n\n<style type=\"text\/css\" data-created_by=\"avia_inline_auto\" id=\"style-css-av-l83kuqmx-2a1055d67cea760feeb67c1a15ee36be\">\n.avia-image-container.av-l83kuqmx-2a1055d67cea760feeb67c1a15ee36be img.avia_image{\nbox-shadow:none;\n}\n.avia-image-container.av-l83kuqmx-2a1055d67cea760feeb67c1a15ee36be .av-caption-image-overlay-bg{\nopacity:0.1;\nbackground-color:#000000;\n}\n.avia-image-container.av-l83kuqmx-2a1055d67cea760feeb67c1a15ee36be .av-image-caption-overlay-center{\ncolor:#ffffff;\nfont-size:25px;\n}\n<\/style>\n<div  class='avia-image-container av-l83kuqmx-2a1055d67cea760feeb67c1a15ee36be av-styling- av-img-linked avia-align-center  avia-builder-el-7  el_after_av_image  avia-builder-el-last  noHover av-overlay-hover-deactivate'   itemprop=\"image\" itemscope=\"itemscope\" itemtype=\"https:\/\/schema.org\/ImageObject\" ><div class=\"avia-image-container-inner\"><div class=\"avia-image-overlay-wrap\"><a href=\"https:\/\/attra.ncat.org\/es\/temas\/grano\/\" class='avia_image '  aria-label='Wheat Close Up square'><div class=\"av-image-caption-overlay\"><div class=\"av-caption-image-overlay-bg\"><\/div><div class=\"av-image-caption-overlay-position\"><div class=\"av-image-caption-overlay-center\"><p>GRANO<\/p>\n<\/div><\/div><\/div><img decoding=\"async\" fetchpriority=\"high\" class='wp-image-128832 avia-img-lazy-loading-not-128832 avia_image ' src=\"https:\/\/attra.ncat.org\/wp-content\/uploads\/2022\/09\/Wheat-Close-Up-square.png\" alt='' title='Wheat Close Up square'  height=\"350\" width=\"351\"  itemprop=\"thumbnailUrl\" srcset=\"https:\/\/attra.ncat.org\/wp-content\/uploads\/2022\/09\/Wheat-Close-Up-square.png 351w, https:\/\/attra.ncat.org\/wp-content\/uploads\/2022\/09\/Wheat-Close-Up-square-80x80.png 80w, https:\/\/attra.ncat.org\/wp-content\/uploads\/2022\/09\/Wheat-Close-Up-square-36x36.png 36w, https:\/\/attra.ncat.org\/wp-content\/uploads\/2022\/09\/Wheat-Close-Up-square-180x180.png 180w\" sizes=\"(max-width: 351px) 100vw, 351px\" \/><\/a><\/div><\/div><\/div><\/p><\/div><div  class='flex_column av-ecje9rg-d0c95aaa013c2c934e638bbe6f10584e av_one_full  avia-builder-el-8  el_after_av_one_fourth  avia-builder-el-last  first flex_column_div  column-top-margin'     ><div  data-slideshow-options=\"{&quot;animation&quot;:&quot;fade&quot;,&quot;autoplay&quot;:false,&quot;loop_autoplay&quot;:&quot;once&quot;,&quot;interval&quot;:5,&quot;loop_manual&quot;:&quot;manual-endless&quot;,&quot;autoplay_stopper&quot;:false,&quot;noNavigation&quot;:false,&quot;show_slide_delay&quot;:90}\" class='avia-content-slider avia-content-grid-active avia-content-slider1 avia-content-slider-even  avia-builder-el-9  avia-builder-el-no-sibling  av-slideshow-ui av-control-default   av-no-slider-navigation av-slideshow-manual av-loop-once av-loop-manual-endless '  itemscope=\"itemscope\" itemtype=\"https:\/\/schema.org\/Blog\" ><div class=\"avia-content-slider-inner\"><div class=\"slide-entry-wrap\"><article class='slide-entry flex_column  post-entry post-entry-134734 slide-entry-overview slide-loop-1 slide-parity-odd  av_one_fourth first real-thumbnail posttype-attrapub post-format-standard'  itemscope=\"itemscope\" itemtype=\"https:\/\/schema.org\/CreativeWork\" ><a href='https:\/\/attra.ncat.org\/es\/publication\/tipsheet-rotacion-de-cultivos-en-sistemas-de-agricultura-ecologica\/' data-rel='slide-1' class='slide-image' title='Hoja de consejos: Rotaci\u00f3n de cultivos en sistemas de agricultura ecol\u00f3gica'><img decoding=\"async\" fetchpriority=\"high\" width=\"260\" height=\"185\" src=\"https:\/\/attra.ncat.org\/wp-content\/uploads\/2022\/09\/tipsheet-crop-rotation-260x185.jpg\" class=\"wp-image-130637 avia-img-lazy-loading-not-130637 attachment-portfolio_small size-portfolio_small wp-post-image\" alt=\"five photos comparing various stages of crop rotation.\" \/><\/a><div class=\"slide-content\"><header class=\"entry-content-header\" aria-label=\"Slide: Hoja de consejos: Rotaci\u00f3n de cultivos en sistemas de agricultura ecol\u00f3gica\"><h3 class='slide-entry-title entry-title '  itemprop=\"headline\" ><a href='https:\/\/attra.ncat.org\/es\/publication\/tipsheet-rotacion-de-cultivos-en-sistemas-de-agricultura-ecologica\/' title='Hoja de consejos: Rotaci\u00f3n de cultivos en sistemas de agricultura ecol\u00f3gica'>Hoja de consejos: Rotaci\u00f3n de cultivos en sistemas de agricultura ecol\u00f3gica<\/a><\/h3><span class=\"av-vertical-delimiter\"><\/span><\/header><\/div><footer class=\"entry-footer\"><\/footer><span class='hidden'>\n\t\t\t\t<span class='av-structured-data'  itemprop=\"image\" itemscope=\"itemscope\" itemtype=\"https:\/\/schema.org\/ImageObject\" >\n\t\t\t\t\t\t<span itemprop='url'>https:\/\/attra.ncat.org\/wp-content\/uploads\/2022\/09\/tipsheet-crop-rotation.jpg<\/span>\n\t\t\t\t\t\t<span itemprop='height'>1116<\/span>\n\t\t\t\t\t\t<span itemprop='width'>2247<\/span>\n\t\t\t\t<\/span>\n\t\t\t\t<span class='av-structured-data'  itemprop=\"publisher\" itemtype=\"https:\/\/schema.org\/Organization\" itemscope=\"itemscope\" >\n\t\t\t\t\t\t<span itemprop='name'>Amy Smith<\/span>\n\t\t\t\t\t\t<span itemprop='logo' itemscope itemtype='https:\/\/schema.org\/ImageObject'>\n\t\t\t\t\t\t\t<span itemprop='url'>\/wp-content\/uploads\/2022\/12\/ATTRAlogo-RGB-espanol-lg.png<\/span>\n\t\t\t\t\t\t<\/span>\n\t\t\t\t<\/span><span class='av-structured-data'  itemprop=\"author\" itemscope=\"itemscope\" itemtype=\"https:\/\/schema.org\/Person\" ><span itemprop='name'>Amy Smith<\/span><\/span><span class='av-structured-data'  itemprop=\"datePublished\" datetime=\"2018-09-21T14:39:41-05:00\" >2022-09-28 09:33:29<\/span><span class='av-structured-data'  itemprop=\"dateModified\" itemtype=\"https:\/\/schema.org\/dateModified\" >2022-12-12 13:57:49<\/span><span class='av-structured-data'  itemprop=\"mainEntityOfPage\" itemtype=\"https:\/\/schema.org\/mainEntityOfPage\" ><span itemprop='name'>Hoja de consejos: Rotaci\u00f3n de cultivos en sistemas de agricultura ecol\u00f3gica<\/span><\/span><\/span><\/article><article class='slide-entry flex_column  post-entry post-entry-181077 slide-entry-overview slide-loop-2 slide-parity-even  av_one_fourth  real-thumbnail posttype-attrapub post-format-standard'  itemscope=\"itemscope\" itemtype=\"https:\/\/schema.org\/CreativeWork\" ><a href='https:\/\/attra.ncat.org\/es\/publication\/produccion-de-legumbres-organicas-economia-y-marketing\/' data-rel='slide-1' class='slide-image' title='Producci\u00f3n de legumbres org\u00e1nicas, econom\u00eda y marketing'><img decoding=\"async\" fetchpriority=\"high\" width=\"260\" height=\"185\" src=\"https:\/\/attra.ncat.org\/wp-content\/uploads\/2022\/01\/organic-lentils-260x185.jpg\" class=\"wp-image-122549 avia-img-lazy-loading-not-122549 attachment-portfolio_small size-portfolio_small wp-post-image\" alt=\"\" \/><\/a><div class=\"slide-content\"><header class=\"entry-content-header\" aria-label=\"Slide: Producci\u00f3n de legumbres org\u00e1nicas, econom\u00eda y marketing\"><h3 class='slide-entry-title entry-title '  itemprop=\"headline\" ><a href='https:\/\/attra.ncat.org\/es\/publication\/produccion-de-legumbres-organicas-economia-y-marketing\/' title='Producci\u00f3n de legumbres org\u00e1nicas, econom\u00eda y marketing'>Producci\u00f3n de legumbres org\u00e1nicas, econom\u00eda y marketing<\/a><\/h3><span class=\"av-vertical-delimiter\"><\/span><\/header><\/div><footer class=\"entry-footer\"><\/footer><span class='hidden'>\n\t\t\t\t<span class='av-structured-data'  itemprop=\"image\" itemscope=\"itemscope\" itemtype=\"https:\/\/schema.org\/ImageObject\" >\n\t\t\t\t\t\t<span itemprop='url'>https:\/\/attra.ncat.org\/wp-content\/uploads\/2022\/01\/organic-lentils.jpg<\/span>\n\t\t\t\t\t\t<span itemprop='height'>1365<\/span>\n\t\t\t\t\t\t<span itemprop='width'>2048<\/span>\n\t\t\t\t<\/span>\n\t\t\t\t<span class='av-structured-data'  itemprop=\"publisher\" itemtype=\"https:\/\/schema.org\/Organization\" itemscope=\"itemscope\" >\n\t\t\t\t\t\t<span itemprop='name'>NCAT IT<\/span>\n\t\t\t\t\t\t<span itemprop='logo' itemscope itemtype='https:\/\/schema.org\/ImageObject'>\n\t\t\t\t\t\t\t<span itemprop='url'>\/wp-content\/uploads\/2022\/12\/ATTRAlogo-RGB-espanol-lg.png<\/span>\n\t\t\t\t\t\t<\/span>\n\t\t\t\t<\/span><span class='av-structured-data'  itemprop=\"author\" itemscope=\"itemscope\" itemtype=\"https:\/\/schema.org\/Person\" ><span itemprop='name'>NCAT IT<\/span><\/span><span class='av-structured-data'  itemprop=\"datePublished\" datetime=\"2018-09-21T14:39:41-05:00\" >2022-07-27 14:26:34<\/span><span class='av-structured-data'  itemprop=\"dateModified\" itemtype=\"https:\/\/schema.org\/dateModified\" >2026-01-16 16:19:57<\/span><span class='av-structured-data'  itemprop=\"mainEntityOfPage\" itemtype=\"https:\/\/schema.org\/mainEntityOfPage\" ><span itemprop='name'>Producci\u00f3n de legumbres org\u00e1nicas, econom\u00eda y marketing<\/span><\/span><\/span><\/article><article class='slide-entry flex_column  post-entry post-entry-134344 slide-entry-overview slide-loop-3 slide-parity-odd  post-entry-last  av_one_fourth  real-thumbnail posttype-page post-format-standard'  itemscope=\"itemscope\" itemtype=\"https:\/\/schema.org\/CreativeWork\" ><a href='https:\/\/attra.ncat.org\/es\/cultivos\/' data-rel='slide-1' class='slide-image' title='Cultivos'><img decoding=\"async\" fetchpriority=\"high\" width=\"260\" height=\"185\" src=\"https:\/\/attra.ncat.org\/wp-content\/uploads\/2022\/09\/Farmer-harvesting-grapes-260x185.png\" class=\"wp-image-128806 avia-img-lazy-loading-not-128806 attachment-portfolio_small size-portfolio_small wp-post-image\" alt=\"A farmer harvests grapes\" \/><\/a><div class=\"slide-content\"><header class=\"entry-content-header\" aria-label=\"Slide: Cultivos\"><h3 class='slide-entry-title entry-title '  itemprop=\"headline\" ><a href='https:\/\/attra.ncat.org\/es\/cultivos\/' title='Cultivos'>Cultivos<\/a><\/h3><span class=\"av-vertical-delimiter\"><\/span><\/header><\/div><footer class=\"entry-footer\"><\/footer><span class='hidden'>\n\t\t\t\t<span class='av-structured-data'  itemprop=\"image\" itemscope=\"itemscope\" itemtype=\"https:\/\/schema.org\/ImageObject\" >\n\t\t\t\t\t\t<span itemprop='url'>https:\/\/attra.ncat.org\/wp-content\/uploads\/2022\/09\/Farmer-harvesting-grapes.png<\/span>\n\t\t\t\t\t\t<span itemprop='height'>400<\/span>\n\t\t\t\t\t\t<span itemprop='width'>850<\/span>\n\t\t\t\t<\/span>\n\t\t\t\t<span class='av-structured-data'  itemprop=\"publisher\" itemtype=\"https:\/\/schema.org\/Organization\" itemscope=\"itemscope\" >\n\t\t\t\t\t\t<span itemprop='name'>NCAT IT<\/span>\n\t\t\t\t\t\t<span itemprop='logo' itemscope itemtype='https:\/\/schema.org\/ImageObject'>\n\t\t\t\t\t\t\t<span itemprop='url'>\/wp-content\/uploads\/2022\/12\/ATTRAlogo-RGB-espanol-lg.png<\/span>\n\t\t\t\t\t\t<\/span>\n\t\t\t\t<\/span><span class='av-structured-data'  itemprop=\"author\" itemscope=\"itemscope\" itemtype=\"https:\/\/schema.org\/Person\" ><span itemprop='name'>NCAT IT<\/span><\/span><span class='av-structured-data'  itemprop=\"datePublished\" datetime=\"2018-09-21T14:39:41-05:00\" >2018-09-20 18:07:44<\/span><span class='av-structured-data'  itemprop=\"dateModified\" itemtype=\"https:\/\/schema.org\/dateModified\" >2022-11-14 11:03:54<\/span><span class='av-structured-data'  itemprop=\"mainEntityOfPage\" itemtype=\"https:\/\/schema.org\/mainEntityOfPage\" ><span itemprop='name'>Cultivos<\/span><\/span><\/span><\/article><\/div><\/div><\/div><\/div><\/p>\n","protected":false},"excerpt":{"rendered":"","protected":false},"author":1,"featured_media":128973,"parent":134364,"menu_order":0,"comment_status":"closed","ping_status":"closed","template":"","meta":{"_acf_changed":false,"_price":"","_stock":"","_tribe_ticket_header":"","_tribe_default_ticket_provider":"","_tribe_ticket_capacity":"0","_ticket_start_date":"","_ticket_end_date":"","_tribe_ticket_show_description":"","_tribe_ticket_show_not_going":false,"_tribe_ticket_use_global_stock":"","_tribe_ticket_global_stock_level":"","_global_stock_mode":"","_global_stock_cap":"","_tribe_rsvp_for_event":"","_tribe_ticket_going_count":"","_tribe_ticket_not_going_count":"","_tribe_tickets_list":"[]","_tribe_ticket_has_attendee_info_fields":false,"footnotes":"","beyondwords_generate_audio":"0","beyondwords_integration_method":"","beyondwords_project_id":"","beyondwords_content_id":"","beyondwords_preview_token":"","beyondwords_player_content":"","beyondwords_player_style":"standard","beyondwords_language_code":"en_US","beyondwords_language_id":"","beyondwords_title_voice_id":"776","beyondwords_body_voice_id":"776","beyondwords_summary_voice_id":"776","beyondwords_error_message":"","beyondwords_disabled":"","beyondwords_delete_content":"","beyondwords_podcast_id":"","beyondwords_hash":"","publish_post_to_speechkit":"","speechkit_hash":"","speechkit_generate_audio":"","speechkit_project_id":"","speechkit_podcast_id":"","speechkit_error_message":"","speechkit_disabled":"","speechkit_access_key":"","speechkit_error":"","speechkit_info":"","speechkit_response":"","speechkit_retries":"","speechkit_status":"","speechkit_updated_at":"","_speechkit_link":"","_speechkit_text":"","_tec_slr_enabled":"","_tec_slr_layout":""},"categories":[58],"tags":[574],"class_list":["post-140322","page","type-page","status-publish","has-post-thumbnail","hentry","category-crops","tag-pulse-crops"],"acf":[],"publishpress_future_workflow_manual_trigger":{"enabledWorkflows":[]},"distributor_meta":false,"distributor_terms":false,"distributor_media":false,"distributor_original_site_name":"ATTRA - Agricultura Sustentable","distributor_original_site_url":"https:\/\/attra.ncat.org\/es\/","push-errors":false,"ticketed":false,"_links":{"self":[{"href":"https:\/\/attra.ncat.org\/es\/wp-json\/wp\/v2\/pages\/140322","targetHints":{"allow":["GET"]}}],"collection":[{"href":"https:\/\/attra.ncat.org\/es\/wp-json\/wp\/v2\/pages"}],"about":[{"href":"https:\/\/attra.ncat.org\/es\/wp-json\/wp\/v2\/types\/page"}],"author":[{"embeddable":true,"href":"https:\/\/attra.ncat.org\/es\/wp-json\/wp\/v2\/users\/1"}],"replies":[{"embeddable":true,"href":"https:\/\/attra.ncat.org\/es\/wp-json\/wp\/v2\/comments?post=140322"}],"version-history":[{"count":7,"href":"https:\/\/attra.ncat.org\/es\/wp-json\/wp\/v2\/pages\/140322\/revisions"}],"predecessor-version":[{"id":178228,"href":"https:\/\/attra.ncat.org\/es\/wp-json\/wp\/v2\/pages\/140322\/revisions\/178228"}],"up":[{"embeddable":true,"href":"https:\/\/attra.ncat.org\/es\/wp-json\/wp\/v2\/pages\/134364"}],"wp:featuredmedia":[{"embeddable":true,"href":"https:\/\/attra.ncat.org\/es\/wp-json\/wp\/v2\/media\/128973"}],"wp:attachment":[{"href":"https:\/\/attra.ncat.org\/es\/wp-json\/wp\/v2\/media?parent=140322"}],"wp:term":[{"taxonomy":"category","embeddable":true,"href":"https:\/\/attra.ncat.org\/es\/wp-json\/wp\/v2\/categories?post=140322"},{"taxonomy":"post_tag","embeddable":true,"href":"https:\/\/attra.ncat.org\/es\/wp-json\/wp\/v2\/tags?post=140322"}],"curies":[{"name":"wp","href":"https:\/\/api.w.org\/{rel}","templated":true}]}}