

{"id":140350,"date":"2022-07-01T08:15:23","date_gmt":"2022-07-01T13:15:23","guid":{"rendered":"https:\/\/attra.ncat.org\/base-de-datos-de-control-sostenible-de-plagas-y-malezas\/"},"modified":"2022-12-14T09:57:05","modified_gmt":"2022-12-14T15:57:05","slug":"base-de-datos-de-control-sostenible-de-plagas-y-malezas","status":"publish","type":"page","link":"https:\/\/attra.ncat.org\/es\/base-de-datos-de-control-sostenible-de-plagas-y-malezas\/","title":{"rendered":"Base de datos de control sostenible de plagas y malezas"},"content":{"rendered":"<div  class='flex_column av-c4krcdb-0ac1a72217369ff6e9db49f77211136d av_one_full  avia-builder-el-0  el_before_av_textblock  avia-builder-el-first  first flex_column_div  '     ><p>\n<style type=\"text\/css\" data-created_by=\"avia_inline_auto\" id=\"style-css-av-l52h6juh-9fdf8fa56a06e81c81604fad2dbbf0b9\">\n#top .av-special-heading.av-l52h6juh-9fdf8fa56a06e81c81604fad2dbbf0b9{\npadding-bottom:10px;\n}\nbody .av-special-heading.av-l52h6juh-9fdf8fa56a06e81c81604fad2dbbf0b9 .av-special-heading-tag .heading-char{\nfont-size:25px;\n}\n.av-special-heading.av-l52h6juh-9fdf8fa56a06e81c81604fad2dbbf0b9 .av-subheading{\nfont-size:15px;\n}\n<\/style>\n<div  class='av-special-heading av-l52h6juh-9fdf8fa56a06e81c81604fad2dbbf0b9 av-special-heading-h1  avia-builder-el-1  el_before_av_textblock  avia-builder-el-first  av-thin-font'><h1 class='av-special-heading-tag '  itemprop=\"headline\"  ><strong>Base de datos<\/strong> de control sostenible de plagas y malezas<\/h1><div class=\"special-heading-border\"><div class=\"special-heading-inner-border\"><\/div><\/div><\/div><br \/>\n<section  class='av_textblock_section av-l52h844w-bf4410965f58716fbd1ff1299562a559 '   itemscope=\"itemscope\" itemtype=\"https:\/\/schema.org\/CreativeWork\" ><div class='avia_textblock'  itemprop=\"text\" ><p>La base de datos sobre control sostenible de plagas y malezas es una herramienta de f\u00e1cil manejo para los agricultores que buscan opciones de control de plagas que, en general, son m\u00e1s suaves para el medio ambiente y los organismos beneficiosos. Los usuarios pueden buscar por los nombres comunes o cient\u00edficos de la plaga, y obtendr\u00e1n un listado e informaci\u00f3n sobre todos los productos en la base de datos registrados para su uso contra esa plaga en particular. Para algunas de las plagas m\u00e1s comunes, se ofrece informaci\u00f3n sobre prevenci\u00f3n de plagas. Es importante identificar correctamente la plaga para poder utilizar el producto adecuado.<\/p>\n<p>La mayor\u00eda de los productos incluidos en la lista pertenecen a tres categor\u00edas generales: pesticida microbianos (formulaciones de virus, bacterias, hongos o nematodos que tienen un bajo impacto no objetivo); pesticida derivados de plantas que tienen un bajo impacto no objetivo; y varios tipos nuevos de pesticida, como barreras de pel\u00edcula de part\u00edculas, feromonas y compuestos que tienen un bajo impacto no objetivo. La base de datos indica qu\u00e9 materiales figuran en la lista del OMRI (Organic Materials Review Institute) y su uso permitido en las granjas org\u00e1nicas. Los productores org\u00e1nicos siempre deben consultar con sus certificadores antes de aplicar cualquier material a sus cultivos o ganado.<\/p>\n<\/div><\/section><br \/>\n<\/p><\/div><section  class='av_textblock_section av-l52j3tcl-d2af2af730872766505b70e429cf3558 '   itemscope=\"itemscope\" itemtype=\"https:\/\/schema.org\/CreativeWork\" ><div class='avia_textblock'  itemprop=\"text\" ><p><a name=\"whatare\"><\/a><br \/>\n<strong>\u00bfQu\u00e9 son los biorracionales?<\/strong><br \/>\nAunque no existe una definici\u00f3n universalmente aceptada, en el contexto de esta base de datos, &#8220;biorracional&#8221; se refiere a los pesticida de una de las siguientes categor\u00edas:<\/p>\n<ul>\n<li style=\"list-style-type: none;\">\n<ul>\n<li>pesticida microbianos: formulaciones de virus, bacterias, hongos o nematodos que tienen un bajo impacto no objetivo;<\/li>\n<li>pesticidas derivados de plantas que tienen un bajo impacto no objetivo y se degradan en componentes no t\u00f3xicos; y\/o<\/li>\n<li>varios tipos nuevos de pesticidas, como barreras de pel\u00edcula de part\u00edculas, feromonas y compuestos como Spinosad, que tienen un bajo impacto no objetivo y se degradan en componentes no t\u00f3xicos.\n<ul>\n<li style=\"list-style-type: none;\">\n<ul>\n<li style=\"list-style-type: none;\">\n<ul>\n<\/div><\/section><\/p>\n<div  class='hr av-7sgfdr3-8c8866c24d2d2b986e06d8f20a5de789 hr-default  avia-builder-el-5  el_after_av_textblock  el_before_av_textblock '><span class='hr-inner '><span class=\"hr-inner-style\"><\/span><\/span><\/div>\n<section  class='av_textblock_section av-l52j87ro-be4acd086348cdad567701e59d8019d1 '   itemscope=\"itemscope\" itemtype=\"https:\/\/schema.org\/CreativeWork\" ><div class='avia_textblock'  itemprop=\"text\" ><p><a name=\"howto\"><\/a><strong>C\u00f3mo utilizar esta base de datos:<\/strong><br \/>\nExisten cuatro men\u00fas desplegables diferentes.<\/p>\n<p><strong>Si desea buscar materiales para controlar una plaga espec\u00edfica:<\/strong><\/p>\n<p><strong>1. Tipo de plaga<\/strong> &#8212; (Opcional) Elegir una selecci\u00f3n de Tipo de plaga puede ayudarle a restringir las selecciones disponibles en Nombre de plaga, Ingredientes activos\/Organismo beneficioso y Nombres comerciales. Opcionalmente, puede buscar resultados s\u00f3lo con el tipo de plaga eligiendo su tipo y haciendo clic en el bot\u00f3n de b\u00fasqueda.<\/p>\n<p><strong>2. Nombre de la plaga<\/strong> &#8212; (Opcional) Se indican tanto el nombre com\u00fan como el cient\u00edfico. Es posible buscar utilizando s\u00f3lo el nombre de la plaga, seleccionando un nombre de plaga y haciendo clic en el bot\u00f3n &#8220;Enviar b\u00fasqueda&#8221;. Si elige primero un tipo de plaga, podr\u00e1 reducir el campo de nombres de plagas disponibles. La selecci\u00f3n de un nombre de plaga tambi\u00e9n reducir\u00e1 las selecciones disponibles en las opciones Ingredientes activos\/Organismos beneficiosos y Nombres comerciales.<\/p>\n<p>Adem\u00e1s, puede seleccionar el <strong>nombre comercial del pesticida<\/strong> o el <strong>ingrediente activo\/organismo beneficioso<\/strong> para afinar la b\u00fasqueda. A continuaci\u00f3n, haga clic en el bot\u00f3n &#8220;Buscar opciones de tratamiento&#8221; para recibir m\u00e1s informaci\u00f3n espec\u00edfica.<\/p>\n<p><strong>3. Nombre comercial del pesticida<\/strong> &#8212; (Opcional) Haga clic en el &#8220;Nombre comercial del pesticida&#8221; para proporcionar informaci\u00f3n espec\u00edfica sobre ese material. Puede limitar las entradas disponibles eligiendo entre Tipo de plaga o Nombre de plaga o una combinaci\u00f3n de ambos. Al seleccionar una opci\u00f3n de este desplegable, se desactivar\u00e1 el desplegable Ingrediente activo\/Organismo beneficioso. Para reactivar el men\u00fa desplegable Ingrediente activo\/Organismo beneficioso, basta con elegir la opci\u00f3n &#8220;&#8221;.<\/p>\n<p><strong>4. Ingrediente activo\/organismo beneficioso<\/strong> &#8212; (Opcional) Haga clic en &#8220;Ingrediente activo\/organismo beneficioso&#8221; para obtener una segunda lista de todas las dem\u00e1s formulaciones de la base de datos que contienen ese ingrediente activo u organismo beneficioso. Puede limitar las entradas disponibles eligiendo entre Tipo de plaga o Nombre de plaga o una combinaci\u00f3n de ambos. Al seleccionar una opci\u00f3n de este desplegable, se desactivar\u00e1 el desplegable Nombre comercial del pesticida. Para reactivar el men\u00fa desplegable Nombre comercial del pesticida, basta con elegir la opci\u00f3n &#8220;&#8221;.<\/p>\n<p><strong>Si s\u00f3lo desea informaci\u00f3n sobre un material\/formulaci\u00f3n,<\/strong> puede buscar en los men\u00fas desplegables &#8220;Nombre comercial del pesticida&#8221; (el nombre con el que se vende el producto) o &#8221; Ingredientes activos\/Organismo beneficioso&#8221;. No se puede hacer una b\u00fasqueda en ambos simult\u00e1neamente y la elecci\u00f3n de uno desactivar\u00e1 el otro. Puede activar ambos seleccionando en ambas casillas. Tambi\u00e9n puede ver todas las soluciones simplemente no haciendo ninguna selecci\u00f3n en ninguna de las casillas y pulsando el bot\u00f3n &#8220;Enviar b\u00fasqueda&#8221;.<\/p>\n<p>Para realizar una nueva b\u00fasqueda, basta con hacer clic en &#8220;Restablecer b\u00fasqueda&#8221;.<\/p>\n<p>Siempre estamos interesados \u200b\u200ben recibir comentarios. Cualquier comentario o sugerencia debe enviarse a <a href=\"https:\/\/attra.ncat.org\/es\/acerca-de\/nuestro-personal\/\">Rex Dufour<\/a>, especialista en agricultura de NCAT.<\/p>\n<\/div><\/section>\n","protected":false},"excerpt":{"rendered":"","protected":false},"author":1,"featured_media":0,"parent":0,"menu_order":0,"comment_status":"closed","ping_status":"closed","template":"","meta":{"_acf_changed":false,"_price":"","_stock":"","_tribe_ticket_header":"","_tribe_default_ticket_provider":"","_tribe_ticket_capacity":"0","_ticket_start_date":"","_ticket_end_date":"","_tribe_ticket_show_description":"","_tribe_ticket_show_not_going":false,"_tribe_ticket_use_global_stock":"","_tribe_ticket_global_stock_level":"","_global_stock_mode":"","_global_stock_cap":"","_tribe_rsvp_for_event":"","_tribe_ticket_going_count":"","_tribe_ticket_not_going_count":"","_tribe_tickets_list":"[]","_tribe_ticket_has_attendee_info_fields":false,"footnotes":"","beyondwords_generate_audio":"","beyondwords_integration_method":"","beyondwords_project_id":"","beyondwords_content_id":"","beyondwords_preview_token":"","beyondwords_player_content":"","beyondwords_player_style":"","beyondwords_language_code":"","beyondwords_language_id":"","beyondwords_title_voice_id":"","beyondwords_body_voice_id":"","beyondwords_summary_voice_id":"","beyondwords_error_message":"","beyondwords_disabled":"","beyondwords_delete_content":"","beyondwords_podcast_id":"","beyondwords_hash":"","publish_post_to_speechkit":"","speechkit_hash":"","speechkit_generate_audio":"","speechkit_project_id":"","speechkit_podcast_id":"","speechkit_error_message":"","speechkit_disabled":"","speechkit_access_key":"","speechkit_error":"","speechkit_info":"","speechkit_response":"","speechkit_retries":"","speechkit_status":"","speechkit_updated_at":"","_speechkit_link":"","_speechkit_text":"","_tec_slr_enabled":"","_tec_slr_layout":""},"categories":[119],"tags":[],"class_list":["post-140350","page","type-page","status-publish","hentry","category-pest-management"],"acf":[],"publishpress_future_workflow_manual_trigger":{"enabledWorkflows":[]},"distributor_meta":false,"distributor_terms":false,"distributor_media":false,"distributor_original_site_name":"ATTRA - Agricultura Sustentable","distributor_original_site_url":"https:\/\/attra.ncat.org\/es\/","push-errors":false,"ticketed":false,"_links":{"self":[{"href":"https:\/\/attra.ncat.org\/es\/wp-json\/wp\/v2\/pages\/140350","targetHints":{"allow":["GET"]}}],"collection":[{"href":"https:\/\/attra.ncat.org\/es\/wp-json\/wp\/v2\/pages"}],"about":[{"href":"https:\/\/attra.ncat.org\/es\/wp-json\/wp\/v2\/types\/page"}],"author":[{"embeddable":true,"href":"https:\/\/attra.ncat.org\/es\/wp-json\/wp\/v2\/users\/1"}],"replies":[{"embeddable":true,"href":"https:\/\/attra.ncat.org\/es\/wp-json\/wp\/v2\/comments?post=140350"}],"version-history":[{"count":2,"href":"https:\/\/attra.ncat.org\/es\/wp-json\/wp\/v2\/pages\/140350\/revisions"}],"predecessor-version":[{"id":140352,"href":"https:\/\/attra.ncat.org\/es\/wp-json\/wp\/v2\/pages\/140350\/revisions\/140352"}],"wp:attachment":[{"href":"https:\/\/attra.ncat.org\/es\/wp-json\/wp\/v2\/media?parent=140350"}],"wp:term":[{"taxonomy":"category","embeddable":true,"href":"https:\/\/attra.ncat.org\/es\/wp-json\/wp\/v2\/categories?post=140350"},{"taxonomy":"post_tag","embeddable":true,"href":"https:\/\/attra.ncat.org\/es\/wp-json\/wp\/v2\/tags?post=140350"}],"curies":[{"name":"wp","href":"https:\/\/api.w.org\/{rel}","templated":true}]}}