

{"id":140359,"date":"2022-05-19T12:38:30","date_gmt":"2022-05-19T17:38:30","guid":{"rendered":"https:\/\/attra.ncat.org\/christopher-lent\/"},"modified":"2022-05-19T12:38:30","modified_gmt":"2022-05-19T17:38:30","slug":"christopher-lent","status":"publish","type":"page","link":"https:\/\/attra.ncat.org\/es\/christopher-lent\/","title":{"rendered":"Christopher Lent"},"content":{"rendered":"<h3><img loading=\"lazy\" decoding=\"async\" class=\"size-full wp-image-94179 alignright\" src=\"https:\/\/attra.ncat.org\/wp-content\/uploads\/2021\/08\/chris-lent300x300.png\" alt=\"\" width=\"300\" height=\"300\" srcset=\"https:\/\/attra.ncat.org\/wp-content\/uploads\/2021\/08\/chris-lent300x300.png 300w, https:\/\/attra.ncat.org\/wp-content\/uploads\/2021\/08\/chris-lent300x300-90x90.png 90w, https:\/\/attra.ncat.org\/wp-content\/uploads\/2021\/08\/chris-lent300x300-36x36.png 36w, https:\/\/attra.ncat.org\/wp-content\/uploads\/2021\/08\/chris-lent300x300-180x180.png 180w\" sizes=\"auto, (max-width: 300px) 100vw, 300px\" \/>Especialista en Agricultura Sostenible<br \/>\nOficina Regional Occidental<\/h3>\n<p><strong>\u00c1reas tem\u00e1ticas:<\/strong> Planificaci\u00f3n empresarial, Eficiencia energ\u00e9tica, Cultivos, Energ\u00eda agr\u00edcola, Energ\u00eda e\u00f3lica a peque\u00f1a escala, Alimentos locales, Energ\u00eda, Solar, Auditor\u00eda energ\u00e9tica, Salud del suelo<\/p>\n<p><strong>\u00c1reas espec\u00edficas de especializaci\u00f3n:<\/strong> Producci\u00f3n de hortalizas, planificaci\u00f3n empresarial, certificaci\u00f3n de cultivos org\u00e1nicos, producci\u00f3n en t\u00faneles altos, energ\u00eda solar a peque\u00f1a escala, energ\u00eda agr\u00edcola, sistemas alimentarios locales, salud del suelo<\/p>\n<p>Chris Lent es un especialista agr\u00edcola que trabaja en la oficina regional del noreste del Centro Nacional de Tecnolog\u00eda Apropiada (NCAT). Oper\u00f3 una granja de vegetales org\u00e1nicos durante diez a\u00f1os y tambi\u00e9n trabaj\u00f3 en los campos de eficiencia energ\u00e9tica, instalaci\u00f3n solar e inspecci\u00f3n de granjas org\u00e1nicas. Su trabajo en NCAT se ha centrado en la energ\u00eda agr\u00edcola, la producci\u00f3n de vegetales org\u00e1nicos, los sistemas alimentarios locales, la alta gesti\u00f3n de t\u00faneles y la agricultura urbana. Chris disfruta ayudar a los agricultores a encontrar soluciones pr\u00e1cticas que puedan ayudar a desarrollar la resiliencia en sus granjas. Vive con su esposa y su hijo en una casa de pacas de paja construida por \u00e9l mismo en Pensilvania.<\/p>\n<p><strong>Educaci\u00f3n:<\/strong><br \/>\nLicenciatura en Ciencias en Administraci\u00f3n de Empresas, Universidad de Susquehanna<\/p>\n<p><strong>Experiencia previa:<\/strong><br \/>\nEspecialista Agr\u00f3nomo, 2012 &#8211; 2016. Centro<br \/>\nNacional de Tecnolog\u00eda Apropiada, Butte MT<br \/>\nProporcionar asistencia t\u00e9cnica a los agricultores y ganaderos.<\/p>\n<p>Gerente de Renovables y Eficiencia, 2008 &#8211; 2016<br \/>\nSolair Energy Inc., Ralston, PA<br \/>\nDise\u00f1o e instalaci\u00f3n de sistemas de energ\u00eda solar y e\u00f3lica, auditor\u00edas de energ\u00eda en el hogar<br \/>\ny modernizaciones.<\/p>\n<p><strong>Afiliaciones y comit\u00e9s profesionales actuales:<\/strong><br \/>\nMiembro de PASA Agricultura Sostenible<\/p>\n<p><strong>Publicaciones y presentaciones destacadas<\/strong><\/p>\n<p><a href=\"https:\/\/attra.ncat.org\/product\/food-hubs-a-producer-guide\/\">Centros de alimentos: una gu\u00eda para productores<\/a><\/p>\n<p><a href=\"https:\/\/attra.ncat.org\/product\/high-tunnel-winter-growing-using-heat-recovery-ventilation\/\">Cultivo de invierno de t\u00fanel alto utilizando ventilaci\u00f3n de recuperaci\u00f3n de calor<\/a><\/p>\n<p><a href=\"https:\/\/attra.ncat.org\/product\/high-tunnels-in-urban-agriculture\/\">T\u00faneles altos en la agricultura urbana<\/a><\/p>\n<p><a href=\"https:\/\/www.youtube.com\/watch?v=_H9p7SSAqbg\">Webinar- Manejo del suelo en la producci\u00f3n de t\u00faneles altos durante todo el a\u00f1o: Primeros pasos<\/a><\/p>\n<p><a class=\"qbutton\" href=\"https:\/\/attra.ncat.org\/es\/acerca-de\/nuestro-personal\/\">Volver a la p\u00e1gina del personal<\/a><\/p>\n<p>&nbsp;<\/p>\n","protected":false},"excerpt":{"rendered":"<p>Especialista en Agricultura Sostenible Oficina Regional Occidental \u00c1reas tem\u00e1ticas: Planificaci\u00f3n empresarial, Eficiencia energ\u00e9tica, Cultivos, Energ\u00eda agr\u00edcola, Energ\u00eda e\u00f3lica a peque\u00f1a escala, Alimentos locales, Energ\u00eda, Solar, Auditor\u00eda energ\u00e9tica, Salud del suelo [&hellip;]<\/p>\n","protected":false},"author":1,"featured_media":0,"parent":0,"menu_order":0,"comment_status":"closed","ping_status":"closed","template":"","meta":{"_acf_changed":false,"_price":"","_stock":"","_tribe_ticket_header":"","_tribe_default_ticket_provider":"","_tribe_ticket_capacity":"0","_ticket_start_date":"","_ticket_end_date":"","_tribe_ticket_show_description":"","_tribe_ticket_show_not_going":false,"_tribe_ticket_use_global_stock":"","_tribe_ticket_global_stock_level":"","_global_stock_mode":"","_global_stock_cap":"","_tribe_rsvp_for_event":"","_tribe_ticket_going_count":"","_tribe_ticket_not_going_count":"","_tribe_tickets_list":"[]","_tribe_ticket_has_attendee_info_fields":false,"footnotes":"","beyondwords_generate_audio":"","beyondwords_integration_method":"","beyondwords_project_id":"","beyondwords_content_id":"","beyondwords_preview_token":"","beyondwords_player_content":"","beyondwords_player_style":"","beyondwords_language_code":"","beyondwords_language_id":"","beyondwords_title_voice_id":"","beyondwords_body_voice_id":"","beyondwords_summary_voice_id":"","beyondwords_error_message":"","beyondwords_disabled":"","beyondwords_delete_content":"","beyondwords_podcast_id":"","beyondwords_hash":"","publish_post_to_speechkit":"","speechkit_hash":"","speechkit_generate_audio":"","speechkit_project_id":"","speechkit_podcast_id":"","speechkit_error_message":"","speechkit_disabled":"","speechkit_access_key":"","speechkit_error":"","speechkit_info":"","speechkit_response":"","speechkit_retries":"","speechkit_status":"","speechkit_updated_at":"","_speechkit_link":"","_speechkit_text":"","_tec_slr_enabled":"","_tec_slr_layout":""},"categories":[],"tags":[],"class_list":["post-140359","page","type-page","status-publish","hentry"],"acf":[],"publishpress_future_workflow_manual_trigger":{"enabledWorkflows":[]},"distributor_meta":false,"distributor_terms":false,"distributor_media":false,"distributor_original_site_name":"ATTRA - Agricultura Sustentable","distributor_original_site_url":"https:\/\/attra.ncat.org\/es\/","push-errors":false,"ticketed":false,"_links":{"self":[{"href":"https:\/\/attra.ncat.org\/es\/wp-json\/wp\/v2\/pages\/140359","targetHints":{"allow":["GET"]}}],"collection":[{"href":"https:\/\/attra.ncat.org\/es\/wp-json\/wp\/v2\/pages"}],"about":[{"href":"https:\/\/attra.ncat.org\/es\/wp-json\/wp\/v2\/types\/page"}],"author":[{"embeddable":true,"href":"https:\/\/attra.ncat.org\/es\/wp-json\/wp\/v2\/users\/1"}],"replies":[{"embeddable":true,"href":"https:\/\/attra.ncat.org\/es\/wp-json\/wp\/v2\/comments?post=140359"}],"version-history":[{"count":0,"href":"https:\/\/attra.ncat.org\/es\/wp-json\/wp\/v2\/pages\/140359\/revisions"}],"wp:attachment":[{"href":"https:\/\/attra.ncat.org\/es\/wp-json\/wp\/v2\/media?parent=140359"}],"wp:term":[{"taxonomy":"category","embeddable":true,"href":"https:\/\/attra.ncat.org\/es\/wp-json\/wp\/v2\/categories?post=140359"},{"taxonomy":"post_tag","embeddable":true,"href":"https:\/\/attra.ncat.org\/es\/wp-json\/wp\/v2\/tags?post=140359"}],"curies":[{"name":"wp","href":"https:\/\/api.w.org\/{rel}","templated":true}]}}