

{"id":140360,"date":"2022-05-19T12:36:12","date_gmt":"2022-05-19T17:36:12","guid":{"rendered":"https:\/\/attra.ncat.org\/mike-lewis\/"},"modified":"2022-05-19T12:36:12","modified_gmt":"2022-05-19T17:36:12","slug":"mike-lewis","status":"publish","type":"page","link":"https:\/\/attra.ncat.org\/es\/mike-lewis\/","title":{"rendered":"Mike Lewis"},"content":{"rendered":"<h3><img loading=\"lazy\" decoding=\"async\" class=\"alignright size-full wp-image-91891\" src=\"\/wp-content\/uploads\/2021\/05\/mike-lewis-350x350-1.jpg\" alt=\"Mike Lewis\" width=\"350\" height=\"350\" srcset=\"https:\/\/attra.ncat.org\/wp-content\/uploads\/2021\/05\/mike-lewis-350x350-1.jpg 350w, https:\/\/attra.ncat.org\/wp-content\/uploads\/2021\/05\/mike-lewis-350x350-1-90x90.jpg 90w, https:\/\/attra.ncat.org\/wp-content\/uploads\/2021\/05\/mike-lewis-350x350-1-36x36.jpg 36w, https:\/\/attra.ncat.org\/wp-content\/uploads\/2021\/05\/mike-lewis-350x350-1-180x180.jpg 180w\" sizes=\"auto, (max-width: 350px) 100vw, 350px\" \/>Especialista en Agricultura Sostenible<br \/>\nOficina Regional Noreste<\/h3>\n<p><strong>\u00c1reas tem\u00e1ticas:<\/strong><br \/>\nPlanificaci\u00f3n y comercializaci\u00f3n de negocios, Cultivos, Cultivos org\u00e1nicos, Equidad alimentaria, Ganado, Ganado org\u00e1nico, Alimentos locales, Manejo de plagas, Salud del suelo<\/p>\n<p><strong>\u00c1reas espec\u00edficas de especializaci\u00f3n:<\/strong><br \/>\nRotaci\u00f3n de cultivos y ganado, pr\u00e1cticas regenerativas, silvopastoreo, cooperativas<\/p>\n<p>La agricultura est\u00e1 en el ADN de Mike Lewis. Nacido en la acertadamente llamada ciudad de Farmington, Maine, Mike sigue los pasos de su bisabuelo como el primer miembro de la familia en dos generaciones en continuar el legado agr\u00edcola. Criado en todo Maine, las granjas verdes y los acres ondulados acentuaron la infancia de Lewis y cimentaron en \u00e9l el amor por el proceso natural de la agricultura.<\/p>\n<p>Despu\u00e9s de servir en el ej\u00e9rcito, Mike aterriz\u00f3 en Kentucky y se dio cuenta de que era la agricultura la que lo llamaba. En 2009, realiz\u00f3 una pasant\u00eda en una granja org\u00e1nica en Gravel Switch, Kentucky y fund\u00f3 Growing Warriors, el primer proyecto de seguridad alimentaria orientado a veteranos con la misi\u00f3n de equipar, movilizar y capacitar a veteranos militares en agricultura de producci\u00f3n para alimentarse a s\u00ed mismos, a sus familias y a sus comunidades. Hasta la fecha, la organizaci\u00f3n ha proporcionado recursos de educaci\u00f3n y capacitaci\u00f3n a cientos de veteranos y sus familias.<\/p>\n<p>En 2014, Mike comenz\u00f3 a cultivar c\u00e1\u00f1amo como parte del Programa Piloto de Kentucky. Con el apoyo de Fibershed y Patagonia, se convirti\u00f3 en el primer agricultor de c\u00e1\u00f1amo permitido por el gobierno federal en los Estados Unidos desde la Prohibici\u00f3n. Ha ganado numerosos premios por su trabajo en agricultura y ganader\u00eda, incluyendo el premio Local Food Hero 2013 y 2014, el premio Wendell Berry New Agrarian Kentucky Colonel 2015, el premio Yahoo People That Made the World a Better Place 2014 y el premio GRIST 50.<\/p>\n<p>Hoy en d\u00eda, Lewis es un orador regularmente solicitado que educa al p\u00fablico sobre el agrarismo, la agricultura regenerativa, la seguridad agr\u00edcola, los veteranos en la agricultura y la econom\u00eda local. Ha sido reconocido como un h\u00e9roe de Farm Aid por su trabajo con los veteranos y la agricultura sostenible.<br \/>\nMike actualmente reside en Kentucky con su esposa, hija e hijo. Cuando no est\u00e1 en la granja o trabajando en los campos, le gusta leer y debatir las relaciones entre religi\u00f3n y ecolog\u00eda.<\/p>\n<p><strong>Educaci\u00f3n:<\/strong><br \/>\nLicenciatura en Agricultura y Agrarismo Ecol\u00f3gico, Programa de Agricultura de Berry, St. Catherine College<\/p>\n<p><strong>Profesionales actuales y afiliaciones y comit\u00e9s:<\/strong><br \/>\nVicepresidente, Asociaci\u00f3n de Industrias del C\u00e1\u00f1amo<\/p>\n<p><strong>Publicaciones y presentaciones selectas<\/strong>:<br \/>\n<a href=\"https:\/\/vimeo.com\/121209789\" target=\"_blank\" rel=\"noopener\">Proyecto de tela de Kentucky<\/a><br \/>\n<a href=\"https:\/\/attra.ncat.org\/episode-206-attra-staff-getting-to-know-mike-lewis\/\">Conozca NCAT: El veterano agricultor Mike Lewis aporta experiencia diversa a nuestro equipo<\/a><\/p>\n<p>&nbsp;<\/p>\n<p><a class=\"qbutton\" href=\"https:\/\/attra.ncat.org\/es\/acerca-de\/nuestro-personal\/\">Volver a la p\u00e1gina del personal<\/a><\/p>\n<p>&nbsp;<\/p>\n","protected":false},"excerpt":{"rendered":"<p>Especialista en Agricultura Sostenible Oficina Regional Noreste \u00c1reas tem\u00e1ticas: Planificaci\u00f3n y comercializaci\u00f3n de negocios, Cultivos, Cultivos org\u00e1nicos, Equidad alimentaria, Ganado, Ganado org\u00e1nico, Alimentos locales, Manejo de plagas, Salud del suelo [&hellip;]<\/p>\n","protected":false},"author":1,"featured_media":0,"parent":0,"menu_order":0,"comment_status":"closed","ping_status":"closed","template":"","meta":{"_acf_changed":false,"_price":"","_stock":"","_tribe_ticket_header":"","_tribe_default_ticket_provider":"","_tribe_ticket_capacity":"0","_ticket_start_date":"","_ticket_end_date":"","_tribe_ticket_show_description":"","_tribe_ticket_show_not_going":false,"_tribe_ticket_use_global_stock":"","_tribe_ticket_global_stock_level":"","_global_stock_mode":"","_global_stock_cap":"","_tribe_rsvp_for_event":"","_tribe_ticket_going_count":"","_tribe_ticket_not_going_count":"","_tribe_tickets_list":"[]","_tribe_ticket_has_attendee_info_fields":false,"footnotes":"","beyondwords_generate_audio":"","beyondwords_integration_method":"","beyondwords_project_id":"","beyondwords_content_id":"","beyondwords_preview_token":"","beyondwords_player_content":"","beyondwords_player_style":"","beyondwords_language_code":"","beyondwords_language_id":"","beyondwords_title_voice_id":"","beyondwords_body_voice_id":"","beyondwords_summary_voice_id":"","beyondwords_error_message":"","beyondwords_disabled":"","beyondwords_delete_content":"","beyondwords_podcast_id":"","beyondwords_hash":"","publish_post_to_speechkit":"","speechkit_hash":"","speechkit_generate_audio":"","speechkit_project_id":"","speechkit_podcast_id":"","speechkit_error_message":"","speechkit_disabled":"","speechkit_access_key":"","speechkit_error":"","speechkit_info":"","speechkit_response":"","speechkit_retries":"","speechkit_status":"","speechkit_updated_at":"","_speechkit_link":"","_speechkit_text":"","_tec_slr_enabled":"","_tec_slr_layout":""},"categories":[],"tags":[],"class_list":["post-140360","page","type-page","status-publish","hentry"],"acf":[],"publishpress_future_workflow_manual_trigger":{"enabledWorkflows":[]},"distributor_meta":false,"distributor_terms":false,"distributor_media":false,"distributor_original_site_name":"ATTRA - Agricultura Sustentable","distributor_original_site_url":"https:\/\/attra.ncat.org\/es\/","push-errors":false,"ticketed":false,"_links":{"self":[{"href":"https:\/\/attra.ncat.org\/es\/wp-json\/wp\/v2\/pages\/140360","targetHints":{"allow":["GET"]}}],"collection":[{"href":"https:\/\/attra.ncat.org\/es\/wp-json\/wp\/v2\/pages"}],"about":[{"href":"https:\/\/attra.ncat.org\/es\/wp-json\/wp\/v2\/types\/page"}],"author":[{"embeddable":true,"href":"https:\/\/attra.ncat.org\/es\/wp-json\/wp\/v2\/users\/1"}],"replies":[{"embeddable":true,"href":"https:\/\/attra.ncat.org\/es\/wp-json\/wp\/v2\/comments?post=140360"}],"version-history":[{"count":0,"href":"https:\/\/attra.ncat.org\/es\/wp-json\/wp\/v2\/pages\/140360\/revisions"}],"wp:attachment":[{"href":"https:\/\/attra.ncat.org\/es\/wp-json\/wp\/v2\/media?parent=140360"}],"wp:term":[{"taxonomy":"category","embeddable":true,"href":"https:\/\/attra.ncat.org\/es\/wp-json\/wp\/v2\/categories?post=140360"},{"taxonomy":"post_tag","embeddable":true,"href":"https:\/\/attra.ncat.org\/es\/wp-json\/wp\/v2\/tags?post=140360"}],"curies":[{"name":"wp","href":"https:\/\/api.w.org\/{rel}","templated":true}]}}