

{"id":140362,"date":"2022-05-19T12:35:10","date_gmt":"2022-05-19T17:35:10","guid":{"rendered":"https:\/\/attra.ncat.org\/lee-rinehart\/"},"modified":"2022-05-19T12:35:10","modified_gmt":"2022-05-19T17:35:10","slug":"lee-rinehart","status":"publish","type":"page","link":"https:\/\/attra.ncat.org\/es\/lee-rinehart\/","title":{"rendered":"Lee Rinehart"},"content":{"rendered":"<h3><img loading=\"lazy\" decoding=\"async\" class=\"alignright wp-image-119850 size-medium\" src=\"https:\/\/attra.ncat.org\/wp-content\/uploads\/2020\/03\/Lee-Rinehart-350x350.jpg\" alt=\"\" width=\"350\" height=\"350\" srcset=\"https:\/\/attra.ncat.org\/wp-content\/uploads\/2020\/03\/Lee-Rinehart-350x350.jpg 350w, https:\/\/attra.ncat.org\/wp-content\/uploads\/2020\/03\/Lee-Rinehart-1030x1030.jpg 1030w, https:\/\/attra.ncat.org\/wp-content\/uploads\/2020\/03\/Lee-Rinehart-90x90.jpg 90w, https:\/\/attra.ncat.org\/wp-content\/uploads\/2020\/03\/Lee-Rinehart-768x768.jpg 768w, https:\/\/attra.ncat.org\/wp-content\/uploads\/2020\/03\/Lee-Rinehart.jpg 1536w, https:\/\/attra.ncat.org\/wp-content\/uploads\/2020\/03\/Lee-Rinehart-36x36.jpg 36w, https:\/\/attra.ncat.org\/wp-content\/uploads\/2020\/03\/Lee-Rinehart-180x180.jpg 180w, https:\/\/attra.ncat.org\/wp-content\/uploads\/2020\/03\/Lee-Rinehart-1500x1500.jpg 1500w, https:\/\/attra.ncat.org\/wp-content\/uploads\/2020\/03\/Lee-Rinehart-705x705.jpg 705w\" sizes=\"auto, (max-width: 350px) 100vw, 350px\" \/>Especialista en Agricultura Sostenible<br \/>\nOficina Regional Noreste<\/h3>\n<p><strong>\u00c1reas tem\u00e1ticas:<\/strong><br \/>\nGanader\u00eda, Ganader\u00eda org\u00e1nica, Salud del suelo<\/p>\n<p><strong>\u00c1reas espec\u00edficas de especializaci\u00f3n:<\/strong><br \/>\nPastoreo y ecolog\u00eda de pastos<\/p>\n<p>Lee Rinehart se gradu\u00f3 de la Universidad de Texas A&amp;M, donde estudi\u00f3 ciencias animales y educaci\u00f3n agr\u00edcola. Actualmente trabaja como especialista en agricultura en la Oficina Regional Noreste del Centro Nacional de Tecnolog\u00eda Apropiada, donde se enfoca en la ecolog\u00eda de pastizales y pastizales y sistemas de pastoreo. Se ha desempe\u00f1ado como agente de extensi\u00f3n del condado en Texas y Montana, educador de granjas org\u00e1nicas en Pensilvania y administrador de ranchos de ganado en el centro de Texas. Su especialidad es desarrollar planes de pastoreo y ayudar a los productores a utilizar animales para renovar los pastizales. Lee es un suboficial jefe en la Reserva de la Marina y pasa su tiempo libre en bicicleta, navegando y renovando su casa de Cape Cod de 1925 en el noreste de Pensilvania.<\/p>\n<p><strong>Educaci\u00f3n:<\/strong><br \/>\nLicenciatura en Ciencias en Ciencia Animal, Universidad de Texas A&amp;M<br \/>\nMaestr\u00eda en Educaci\u00f3n en Educaci\u00f3n Agr\u00edcola, Texas A&amp;M University<\/p>\n<h4>Experiencia previa:<\/h4>\n<p><strong>Directora de Educaci\u00f3n y Divulgaci\u00f3n, julio de 2011 a octubre de 2015<br \/>\nPCO, Spring Mills, PA<\/strong><br \/>\nAsistencia t\u00e9cnica en agricultura org\u00e1nica, incluyendo regulaciones org\u00e1nicas, pastos, ganader\u00eda y manejo de cultivos. Planificaci\u00f3n y entrega de programas educativos, redacci\u00f3n de subvenciones, edici\u00f3n, redacci\u00f3n t\u00e9cnica, marketing y planificaci\u00f3n estrat\u00e9gica. PA NRCS Presidente del Subcomit\u00e9 Org\u00e1nico del Comit\u00e9 T\u00e9cnico Estatal. Inspecciones de explotaciones ganaderas ecol\u00f3gicas.<\/p>\n<p><strong>Director Regional Noreste, enero de 2007 a abril de 2011<br \/>\nCentro Nacional de Tecnolog\u00eda Apropiada, Shavertown, PA<\/strong><br \/>\nDesarrollo de programas educativos, redacci\u00f3n t\u00e9cnica y gesti\u00f3n de proyectos. Gesti\u00f3n de oficinas regionales y administraci\u00f3n de proyectos. Planificar y llevar a cabo asistencia t\u00e9cnica en agricultura a agricultores, ganaderos y grupos comunitarios. Autor de publicaciones de orientaci\u00f3n del Programa Nacional Org\u00e1nico del USDA en ganader\u00eda org\u00e1nica y manejo de pastos.<\/p>\n<p><strong>Especialista en Agricultura Sostenible, junio de 2005 a diciembre de 2006<br \/>\nCentro Nacional de Tecnolog\u00eda Apropiada, Butte, MT<\/strong><br \/>\nDesarrollo de programas educativos y redacci\u00f3n t\u00e9cnica en ecolog\u00eda ganadera y de pastos.<\/p>\n<p><strong>Educador de Extensi\u00f3n del Condado, enero de 2004 a junio de 2005<\/strong><br \/>\nExtensi\u00f3n de la Universidad Estatal de Montana, Condado de Powell, MT<\/p>\n<p><strong>Publicaciones destacadas:<\/strong><br \/>\n<a href=\"https:\/\/attra.ncat.org\/publication\/pasture-rangeland-and-adaptive-grazing\/\" target=\"_blank\" rel=\"noopener\">Pastos, pastizales y pastoreo adaptativo<\/a><\/p>\n<p><a href=\"https:\/\/attra.ncat.org\/publication\/aquaponics-multitrophic-systems\/\" target=\"_blank\" rel=\"noopener\">Acuaponia \u2013 Sistemas multitr\u00f3ficos para la producci\u00f3n sostenible de alimentos<\/a><\/p>\n<p><a href=\"\/product\/multispecies-grazing-a-primer-on-diversity\/\" target=\"_blank\" rel=\"noopener\">Pastoreo multiespecie: una introducci\u00f3n a la diversidad<\/a><\/p>\n<p><a href=\"\/product\/building-healthy-pasture-soils\/\" target=\"_blank\" rel=\"noopener\">Construyendo suelos de pastos saludables<\/a><\/p>\n<p>&nbsp;<\/p>\n<p><a class=\"qbutton\" href=\"https:\/\/attra.ncat.org\/es\/acerca-de\/nuestro-personal\/\">Volver a la p\u00e1gina del personal<\/a><\/p>\n<p>&nbsp;<\/p>\n","protected":false},"excerpt":{"rendered":"<p>Especialista en Agricultura Sostenible Oficina Regional Noreste \u00c1reas tem\u00e1ticas: Ganader\u00eda, Ganader\u00eda org\u00e1nica, Salud del suelo \u00c1reas espec\u00edficas de especializaci\u00f3n: Pastoreo y ecolog\u00eda de pastos Lee Rinehart se gradu\u00f3 de la [&hellip;]<\/p>\n","protected":false},"author":1,"featured_media":0,"parent":0,"menu_order":0,"comment_status":"closed","ping_status":"closed","template":"","meta":{"_acf_changed":false,"_price":"","_stock":"","_tribe_ticket_header":"","_tribe_default_ticket_provider":"","_tribe_ticket_capacity":"0","_ticket_start_date":"","_ticket_end_date":"","_tribe_ticket_show_description":"","_tribe_ticket_show_not_going":false,"_tribe_ticket_use_global_stock":"","_tribe_ticket_global_stock_level":"","_global_stock_mode":"","_global_stock_cap":"","_tribe_rsvp_for_event":"","_tribe_ticket_going_count":"","_tribe_ticket_not_going_count":"","_tribe_tickets_list":"[]","_tribe_ticket_has_attendee_info_fields":false,"footnotes":"","beyondwords_generate_audio":"","beyondwords_integration_method":"","beyondwords_project_id":"","beyondwords_content_id":"","beyondwords_preview_token":"","beyondwords_player_content":"","beyondwords_player_style":"","beyondwords_language_code":"","beyondwords_language_id":"","beyondwords_title_voice_id":"","beyondwords_body_voice_id":"","beyondwords_summary_voice_id":"","beyondwords_error_message":"","beyondwords_disabled":"","beyondwords_delete_content":"","beyondwords_podcast_id":"","beyondwords_hash":"","publish_post_to_speechkit":"","speechkit_hash":"","speechkit_generate_audio":"","speechkit_project_id":"","speechkit_podcast_id":"","speechkit_error_message":"","speechkit_disabled":"","speechkit_access_key":"","speechkit_error":"","speechkit_info":"","speechkit_response":"","speechkit_retries":"","speechkit_status":"","speechkit_updated_at":"","_speechkit_link":"","_speechkit_text":"","_tec_slr_enabled":"","_tec_slr_layout":""},"categories":[],"tags":[],"class_list":["post-140362","page","type-page","status-publish","hentry"],"acf":[],"publishpress_future_workflow_manual_trigger":{"enabledWorkflows":[]},"distributor_meta":false,"distributor_terms":false,"distributor_media":false,"distributor_original_site_name":"ATTRA - Agricultura Sustentable","distributor_original_site_url":"https:\/\/attra.ncat.org\/es\/","push-errors":false,"ticketed":false,"_links":{"self":[{"href":"https:\/\/attra.ncat.org\/es\/wp-json\/wp\/v2\/pages\/140362","targetHints":{"allow":["GET"]}}],"collection":[{"href":"https:\/\/attra.ncat.org\/es\/wp-json\/wp\/v2\/pages"}],"about":[{"href":"https:\/\/attra.ncat.org\/es\/wp-json\/wp\/v2\/types\/page"}],"author":[{"embeddable":true,"href":"https:\/\/attra.ncat.org\/es\/wp-json\/wp\/v2\/users\/1"}],"replies":[{"embeddable":true,"href":"https:\/\/attra.ncat.org\/es\/wp-json\/wp\/v2\/comments?post=140362"}],"version-history":[{"count":0,"href":"https:\/\/attra.ncat.org\/es\/wp-json\/wp\/v2\/pages\/140362\/revisions"}],"wp:attachment":[{"href":"https:\/\/attra.ncat.org\/es\/wp-json\/wp\/v2\/media?parent=140362"}],"wp:term":[{"taxonomy":"category","embeddable":true,"href":"https:\/\/attra.ncat.org\/es\/wp-json\/wp\/v2\/categories?post=140362"},{"taxonomy":"post_tag","embeddable":true,"href":"https:\/\/attra.ncat.org\/es\/wp-json\/wp\/v2\/tags?post=140362"}],"curies":[{"name":"wp","href":"https:\/\/api.w.org\/{rel}","templated":true}]}}