

{"id":140376,"date":"2022-05-19T12:49:34","date_gmt":"2022-05-19T17:49:34","guid":{"rendered":"https:\/\/attra.ncat.org\/dra-stacie-peterson\/"},"modified":"2022-05-19T12:49:34","modified_gmt":"2022-05-19T17:49:34","slug":"dra-stacie-peterson","status":"publish","type":"page","link":"https:\/\/attra.ncat.org\/es\/dra-stacie-peterson\/","title":{"rendered":"Dra. Stacie Peterson"},"content":{"rendered":"<h3><img loading=\"lazy\" decoding=\"async\" class=\"alignright size-full wp-image-91798\" src=\"\/wp-content\/uploads\/2021\/07\/stacie-peterson-small.jpg\" alt=\"Dra. Stacie Peterson\" width=\"275\" height=\"424\">Directora del Programa de Energ\u00eda<\/h3>\n<p><strong>\u00c1reas espec\u00edficas de especializaci\u00f3n: Eficiencia energ\u00e9tica, ingenier\u00eda energ\u00e9tica, agrovoltaica, auditor\u00eda energ\u00e9tica, dise\u00f1o de investigaciones, apoyo en litigios, garant\u00eda de calidad, planificaci\u00f3n de la sostenibilidad, gesti\u00f3n de programas, dise\u00f1o de iluminaci\u00f3n, historia ambiental y salud ambiental.<\/strong><\/p>\n<p>Stacie Peterson se incorpor\u00f3 al Centro Nacional de Tecnolog\u00eda Apropiada (NCAT) en 2008. Supervisa el Programa de Energ\u00eda Sostenible de NCAT, que incluye el Centro de Intercambio de Informaci\u00f3n Agrosolar, el Programa de Eficiencia Energ\u00e9tica, los Servicios Energ\u00e9ticos, los Socios Comerciales, el Centro de Intercambio de Informaci\u00f3n del Programa de Asistencia Energ\u00e9tica para Hogares de Bajos Ingresos (LIHEAP), el Programa Nacional de Referencia de Asistencia Energ\u00e9tica (NEAR), Energ\u00eda Residencial y C\u00f3digos Energ\u00e9ticos. Tiene una licenciatura y un posgrado en ingenier\u00eda medioambiental y un doctorado interdisciplinar. Su programa de doctorado integr\u00f3 ciencias medioambientales, historia del medio ambiente, salud p\u00fablica, comunicaciones t\u00e9cnicas, literatura y antropolog\u00eda. Le gusta desarrollar proyectos interdisciplinares con equipos diversos, como su trabajo conectando los programas de Energ\u00eda Sostenible y Agricultura del NCAT en el Agri-Solar Clearinghouse. En su trabajo de conservaci\u00f3n de la energ\u00eda, ha ayudado a ahorrar energ\u00eda suficiente para ir a la luna y volver 2.586 veces.<\/p>\n<p><strong>Educaci\u00f3n:<\/strong><\/p>\n<ul>\n<li>Licenciatura en Ingenier\u00eda Medioambiental, Montana Tech<\/li>\n<li>Maestr\u00eda en Ciencias en Ingenier\u00eda Ambiental, Opci\u00f3n de Residuos Mineros, Montana Tech<\/li>\n<li>Doctorado, Estudios Interdisciplinarios, \u00e9nfasis en Ingenier\u00eda Ambiental, Ciencias Ambientales, Historia Ambiental, Salud P\u00fablica, Antropolog\u00eda, Literatura y Comunicaciones, Universidad de Montana<\/li>\n<\/ul>\n<h4>Afiliaciones y comit\u00e9s profesionales actuales:<\/h4>\n<p><strong>Directora, Programas de Energ\u00eda NCAT, 2018-Presente<\/strong><br \/>\nGesti\u00f3n de programas energ\u00e9ticos en NCAT, incluyendo el Agri-Solar Clearinghouse, Business Partners Program, Montana Resource Efficiency Program, Energy Efficiency Program, Energy Services, Residential Energy, Energy Codes, Low Income Energy Assistance Clearinghouse, y National Energy Assistance Referral (NEAR) Program.<\/p>\n<p><strong>Directora, Servicios de Energ\u00eda, 2008 \u2013 Presente<\/strong><br \/>\nNational Center for Appropriate Technology, Butte, MT<br \/>\nGesti\u00f3n diaria de m\u00e1s de 3,000 proyectos de conservaci\u00f3n de energ\u00eda; as\u00ed como la prestaci\u00f3n de servicios de eficiencia energ\u00e9tica comercial e industrial dentro del territorio de servicio de NorthWestern Energy, incluyendo auditor\u00edas energ\u00e9ticas de instalaciones, an\u00e1lisis de ingenier\u00eda, an\u00e1lisis econ\u00f3micos y planificaci\u00f3n de la conservaci\u00f3n de energ\u00eda.<\/p>\n<p><strong>Investigadora medioambiental, 1997-2006, Consultora 2015-actualidad<\/strong><br \/>\nHeritage Research Center, Missoula, MT<br \/>\nApoyo en litigios medioambientales y gesti\u00f3n de recursos culturales, incluidas evaluaciones medioambientales de emplazamientos regulados por la RCRA, la CERCLA y el Superfondo. Dise\u00f1o y ejecuci\u00f3n de investigaciones en archivos, bibliotecas y dep\u00f3sitos nacionales, federales, corporativos, locales y privados. Cartograf\u00eda y an\u00e1lisis SIG, redacci\u00f3n\/edici\u00f3n t\u00e9cnica y supervisi\u00f3n de proyectos.<\/p>\n<p><strong>Gerente de Proyectos\/Gerente de Control de Calidad, 2006-2008<\/strong><br \/>\nPrograma de Tecnolog\u00eda de Desechos Mineros de la EPA, Montana Tech, Butte, MT<br \/>\nGesti\u00f3n de proyectos del Programa de Tecnolog\u00eda de Residuos Mineros financiado por la EPA; preparaci\u00f3n y ejecuci\u00f3n de planes de trabajo y planes de proyectos de garant\u00eda de calidad. Particip\u00f3 en la clasificaci\u00f3n y selecci\u00f3n de las solicitudes de subvenci\u00f3n. Coordin\u00f3 la recopilaci\u00f3n y el an\u00e1lisis de datos, y redact\u00f3 y edit\u00f3 el informe final de investigaci\u00f3n. Proporcion\u00f3 informes de investigaci\u00f3n a entidades acad\u00e9micas, federales y locales y esfuerzos de divulgaci\u00f3n ciudadana. Desarroll\u00f3 contenido y present\u00e9 material de transferencia t\u00e9cnica y trabaj\u00e9 en proyectos de Asistencia T\u00e9cnica a Brownfields (TOSC\/TAB). Realizaci\u00f3n de auditor\u00edas internas y revisi\u00f3n del programa de investigaci\u00f3n, y cumplimiento y presentaci\u00f3n de informes de la auditor\u00eda de sistemas t\u00e9cnicos de la EPA. Elaboraci\u00f3n de material t\u00e9cnico de divulgaci\u00f3n para comunidades Brownfields. Miembro del Consejo de la Conferencia anual sobre dise\u00f1o y cierre de minas. Miembro de la Junta Directiva de la Cumbre Nacional de Comunidades Mineras. Imparti\u00f3 formaci\u00f3n y talleres contractuales, entre otros para el Blackfeet Community College y el Departamento de Calidad Medioambiental de Montana.<\/p>\n<p><strong>Consultora, 2008 \u2013 2012<\/strong><br \/>\nButte-Silver Bow Health Department, Butte, MT<br \/>\nDesarroll\u00f3 una serie de informes de toxicolog\u00eda ambiental y epidemiolog\u00eda, bases de datos e informaci\u00f3n de asistencia t\u00e9cnica para el sitio Butte Superfund. Desarrollo e interpretaci\u00f3n de la historia del medio ambiente y de los factores que influyen en \u00e9l (por ejemplo, culturales, econ\u00f3micos, medioambientales, normativos).<\/p>\n<p><strong>Western Universities Fellow, 1993-1995 <\/strong><br \/>\nMSE Inc., Mine Waste Technology Program, Butte, MT<br \/>\nCaracterizaci\u00f3n y limpieza de yacimientos mineros abandonados, incluidos an\u00e1lisis medioambientales sobre el terreno y toma de muestras, redacci\u00f3n\/edici\u00f3n de la Declaraci\u00f3n de Impacto Ambiental, e investigaci\u00f3n y elaboraci\u00f3n de informes de laboratorio.<\/p>\n<h4>Publicaciones y presentaciones destacadas:<\/h4>\n<p><a href=\"https:\/\/attra.ncat.org\/es\/tutorial-eficiencia-energetica-agricola\/\">Eficiencia energ\u00e9tica agr\u00edcola<\/a><\/p>\n<p><a href=\"https:\/\/scholarworks.umt.edu\/etd\/210\/\" target=\"_blank\" rel=\"noopener\">Saliendo a la superficie: Medio ambiente, salud y cultura en Butte, Montana.<\/a> Tesis doctoral<\/p>\n<p><a href=\"https:\/\/www.amazon.com\/DOMESTIC-PETS-BIOINDICATORS-MINING-RELATED-CONTAMINANTS\/dp\/3838327578\" target=\"_blank\" rel=\"noopener\">Mascotas dom\u00e9sticas como bioindicadores de contaminantes relacionados con la miner\u00eda: una investigaci\u00f3n de especies centinela para evaluar y monitorear la contaminaci\u00f3n y la remediaci\u00f3n.<\/a> Tesis de maestr\u00eda.<\/p>\n<p>&nbsp;<\/p>\n<p><a class=\"qbutton\" href=\"https:\/\/attra.ncat.org\/es\/acerca-de\/nuestro-personal\/\">Volver a la p\u00e1gina del personal<\/a><\/p>\n<p>&nbsp;<\/p>\n","protected":false},"excerpt":{"rendered":"<p>Directora del Programa de Energ\u00eda \u00c1reas espec\u00edficas de especializaci\u00f3n: Eficiencia energ\u00e9tica, ingenier\u00eda energ\u00e9tica, agrovoltaica, auditor\u00eda energ\u00e9tica, dise\u00f1o de investigaciones, apoyo en litigios, garant\u00eda de calidad, planificaci\u00f3n de la sostenibilidad, gesti\u00f3n [&hellip;]<\/p>\n","protected":false},"author":1,"featured_media":0,"parent":0,"menu_order":0,"comment_status":"closed","ping_status":"closed","template":"","meta":{"_acf_changed":false,"_price":"","_stock":"","_tribe_ticket_header":"","_tribe_default_ticket_provider":"","_tribe_ticket_capacity":"0","_ticket_start_date":"","_ticket_end_date":"","_tribe_ticket_show_description":"","_tribe_ticket_show_not_going":false,"_tribe_ticket_use_global_stock":"","_tribe_ticket_global_stock_level":"","_global_stock_mode":"","_global_stock_cap":"","_tribe_rsvp_for_event":"","_tribe_ticket_going_count":"","_tribe_ticket_not_going_count":"","_tribe_tickets_list":"[]","_tribe_ticket_has_attendee_info_fields":false,"footnotes":"","beyondwords_generate_audio":"","beyondwords_integration_method":"","beyondwords_project_id":"","beyondwords_content_id":"","beyondwords_preview_token":"","beyondwords_player_content":"","beyondwords_player_style":"","beyondwords_language_code":"","beyondwords_language_id":"","beyondwords_title_voice_id":"","beyondwords_body_voice_id":"","beyondwords_summary_voice_id":"","beyondwords_error_message":"","beyondwords_disabled":"","beyondwords_delete_content":"","beyondwords_podcast_id":"","beyondwords_hash":"","publish_post_to_speechkit":"","speechkit_hash":"","speechkit_generate_audio":"","speechkit_project_id":"","speechkit_podcast_id":"","speechkit_error_message":"","speechkit_disabled":"","speechkit_access_key":"","speechkit_error":"","speechkit_info":"","speechkit_response":"","speechkit_retries":"","speechkit_status":"","speechkit_updated_at":"","_speechkit_link":"","_speechkit_text":"","_tec_slr_enabled":"","_tec_slr_layout":""},"categories":[],"tags":[],"class_list":["post-140376","page","type-page","status-publish","hentry"],"acf":[],"publishpress_future_workflow_manual_trigger":{"enabledWorkflows":[]},"distributor_meta":false,"distributor_terms":false,"distributor_media":false,"distributor_original_site_name":"ATTRA - Agricultura Sustentable","distributor_original_site_url":"https:\/\/attra.ncat.org\/es\/","push-errors":false,"ticketed":false,"_links":{"self":[{"href":"https:\/\/attra.ncat.org\/es\/wp-json\/wp\/v2\/pages\/140376","targetHints":{"allow":["GET"]}}],"collection":[{"href":"https:\/\/attra.ncat.org\/es\/wp-json\/wp\/v2\/pages"}],"about":[{"href":"https:\/\/attra.ncat.org\/es\/wp-json\/wp\/v2\/types\/page"}],"author":[{"embeddable":true,"href":"https:\/\/attra.ncat.org\/es\/wp-json\/wp\/v2\/users\/1"}],"replies":[{"embeddable":true,"href":"https:\/\/attra.ncat.org\/es\/wp-json\/wp\/v2\/comments?post=140376"}],"version-history":[{"count":0,"href":"https:\/\/attra.ncat.org\/es\/wp-json\/wp\/v2\/pages\/140376\/revisions"}],"wp:attachment":[{"href":"https:\/\/attra.ncat.org\/es\/wp-json\/wp\/v2\/media?parent=140376"}],"wp:term":[{"taxonomy":"category","embeddable":true,"href":"https:\/\/attra.ncat.org\/es\/wp-json\/wp\/v2\/categories?post=140376"},{"taxonomy":"post_tag","embeddable":true,"href":"https:\/\/attra.ncat.org\/es\/wp-json\/wp\/v2\/tags?post=140376"}],"curies":[{"name":"wp","href":"https:\/\/api.w.org\/{rel}","templated":true}]}}