

{"id":140381,"date":"2022-05-19T12:19:40","date_gmt":"2022-05-19T17:19:40","guid":{"rendered":"https:\/\/attra.ncat.org\/robyn-metzger\/"},"modified":"2022-05-19T12:19:40","modified_gmt":"2022-05-19T17:19:40","slug":"robyn-metzger","status":"publish","type":"page","link":"https:\/\/attra.ncat.org\/es\/robyn-metzger\/","title":{"rendered":"Robyn Metzger"},"content":{"rendered":"<h3><img loading=\"lazy\" decoding=\"async\" class=\"alignright size-full wp-image-91001\" src=\"\/wp-content\/uploads\/2020\/06\/metzger_robyn.png\" alt=\"Robyn Metzger\" width=\"350\" height=\"350\" srcset=\"https:\/\/attra.ncat.org\/wp-content\/uploads\/2020\/06\/metzger_robyn.png 500w, https:\/\/attra.ncat.org\/wp-content\/uploads\/2020\/06\/metzger_robyn-350x350.png 350w, https:\/\/attra.ncat.org\/wp-content\/uploads\/2020\/06\/metzger_robyn-90x90.png 90w, https:\/\/attra.ncat.org\/wp-content\/uploads\/2020\/06\/metzger_robyn-36x36.png 36w, https:\/\/attra.ncat.org\/wp-content\/uploads\/2020\/06\/metzger_robyn-180x180.png 180w\" sizes=\"auto, (max-width: 350px) 100vw, 350px\" \/><br \/>\nCoordinadora\/Especialista del programa De Militar a Cultivar<br \/>\nOficina Regional Sureste<\/h3>\n<p><strong>\u00c1reas tem\u00e1ticas:<\/strong><br \/>\nPlanificaci\u00f3n de Negocios y Marketing<\/p>\n<p><strong>\u00c1reas espec\u00edficas de especializaci\u00f3n:<\/strong><br \/>\nCapacitaci\u00f3n inicial de agricultores, capacitaci\u00f3n de veteranos militares, marca\/comunicaciones para granjas<\/p>\n<p>Robyn Metzger se uni\u00f3 al Centro Nacional de Tecnolog\u00eda Apropiada (NCAT) en 2004 y es especialista de programas en la Oficina Regional del Sureste. Como coordinadora del programa De Militar a Cultivar, facilita la planificaci\u00f3n, implementaci\u00f3n y evaluaci\u00f3n de los m\u00faltiples eventos de capacitaci\u00f3n De Militara Cultivar de NCAT cada a\u00f1o. Tambi\u00e9n responde a las solicitudes de informaci\u00f3n de los clientes sobre programas para veteranos en la agricultura. Robyn tambi\u00e9n proporciona apoyo de planificaci\u00f3n, divulgaci\u00f3n y comunicaciones para las actividades regionales de NCAT Suroeste. Sus 20 a\u00f1os de experiencia en comunicaciones incluyen escribir, editar y dise\u00f1ar comunicados de prensa, campa\u00f1as de correo electr\u00f3nico, publicaciones y boletines para distribuci\u00f3n impresa y digital; producir contenido para sitios web; y gesti\u00f3n de redes sociales. Hija de un granjero-veterano, Robyn creci\u00f3 en una granja de cabras lecheras en el norte de Arkansas. Actualmente se enfoca en reemplazar el c\u00e9sped urbano de su familia con verduras, flores cortadas y plantas nativas amigables con los polinizadores.<\/p>\n<p><strong>Educaci\u00f3n:<\/strong><br \/>\nLicenciatura en Ingl\u00e9s, Lyon College. Magna cum laude.<\/p>\n<p>&nbsp;<\/p>\n<p><a class=\"qbutton\" href=\"https:\/\/attra.ncat.org\/es\/acerca-de\/nuestro-personal\/\">Volver a la p\u00e1gina del personal<\/a><\/p>\n<p>&nbsp;<\/p>\n","protected":false},"excerpt":{"rendered":"<p>Coordinadora\/Especialista del programa De Militar a Cultivar Oficina Regional Sureste \u00c1reas tem\u00e1ticas: Planificaci\u00f3n de Negocios y Marketing \u00c1reas espec\u00edficas de especializaci\u00f3n: Capacitaci\u00f3n inicial de agricultores, capacitaci\u00f3n de veteranos militares, marca\/comunicaciones [&hellip;]<\/p>\n","protected":false},"author":1,"featured_media":0,"parent":0,"menu_order":0,"comment_status":"closed","ping_status":"closed","template":"","meta":{"_acf_changed":false,"_price":"","_stock":"","_tribe_ticket_header":"","_tribe_default_ticket_provider":"","_tribe_ticket_capacity":"0","_ticket_start_date":"","_ticket_end_date":"","_tribe_ticket_show_description":"","_tribe_ticket_show_not_going":false,"_tribe_ticket_use_global_stock":"","_tribe_ticket_global_stock_level":"","_global_stock_mode":"","_global_stock_cap":"","_tribe_rsvp_for_event":"","_tribe_ticket_going_count":"","_tribe_ticket_not_going_count":"","_tribe_tickets_list":"[]","_tribe_ticket_has_attendee_info_fields":false,"footnotes":"","beyondwords_generate_audio":"","beyondwords_integration_method":"","beyondwords_project_id":"","beyondwords_content_id":"","beyondwords_preview_token":"","beyondwords_player_content":"","beyondwords_player_style":"","beyondwords_language_code":"","beyondwords_language_id":"","beyondwords_title_voice_id":"","beyondwords_body_voice_id":"","beyondwords_summary_voice_id":"","beyondwords_error_message":"","beyondwords_disabled":"","beyondwords_delete_content":"","beyondwords_podcast_id":"","beyondwords_hash":"","publish_post_to_speechkit":"","speechkit_hash":"","speechkit_generate_audio":"","speechkit_project_id":"","speechkit_podcast_id":"","speechkit_error_message":"","speechkit_disabled":"","speechkit_access_key":"","speechkit_error":"","speechkit_info":"","speechkit_response":"","speechkit_retries":"","speechkit_status":"","speechkit_updated_at":"","_speechkit_link":"","_speechkit_text":"","_tec_slr_enabled":"","_tec_slr_layout":""},"categories":[],"tags":[],"class_list":["post-140381","page","type-page","status-publish","hentry"],"acf":[],"publishpress_future_workflow_manual_trigger":{"enabledWorkflows":[]},"distributor_meta":false,"distributor_terms":false,"distributor_media":false,"distributor_original_site_name":"ATTRA - Agricultura Sustentable","distributor_original_site_url":"https:\/\/attra.ncat.org\/es\/","push-errors":false,"ticketed":false,"_links":{"self":[{"href":"https:\/\/attra.ncat.org\/es\/wp-json\/wp\/v2\/pages\/140381","targetHints":{"allow":["GET"]}}],"collection":[{"href":"https:\/\/attra.ncat.org\/es\/wp-json\/wp\/v2\/pages"}],"about":[{"href":"https:\/\/attra.ncat.org\/es\/wp-json\/wp\/v2\/types\/page"}],"author":[{"embeddable":true,"href":"https:\/\/attra.ncat.org\/es\/wp-json\/wp\/v2\/users\/1"}],"replies":[{"embeddable":true,"href":"https:\/\/attra.ncat.org\/es\/wp-json\/wp\/v2\/comments?post=140381"}],"version-history":[{"count":0,"href":"https:\/\/attra.ncat.org\/es\/wp-json\/wp\/v2\/pages\/140381\/revisions"}],"wp:attachment":[{"href":"https:\/\/attra.ncat.org\/es\/wp-json\/wp\/v2\/media?parent=140381"}],"wp:term":[{"taxonomy":"category","embeddable":true,"href":"https:\/\/attra.ncat.org\/es\/wp-json\/wp\/v2\/categories?post=140381"},{"taxonomy":"post_tag","embeddable":true,"href":"https:\/\/attra.ncat.org\/es\/wp-json\/wp\/v2\/tags?post=140381"}],"curies":[{"name":"wp","href":"https:\/\/api.w.org\/{rel}","templated":true}]}}