

{"id":140382,"date":"2022-05-19T12:15:55","date_gmt":"2022-05-19T17:15:55","guid":{"rendered":"https:\/\/attra.ncat.org\/margo-hale\/"},"modified":"2022-05-19T12:15:55","modified_gmt":"2022-05-19T17:15:55","slug":"margo-hale","status":"publish","type":"page","link":"https:\/\/attra.ncat.org\/es\/margo-hale\/","title":{"rendered":"Margo Hale"},"content":{"rendered":"<h3><img loading=\"lazy\" decoding=\"async\" class=\"alignright size-full wp-image-90999\" src=\"\/wp-content\/uploads\/2020\/06\/hale_margo.png\" alt=\"Margo Hale\" width=\"350\" height=\"350\" srcset=\"https:\/\/attra.ncat.org\/wp-content\/uploads\/2020\/06\/hale_margo.png 500w, https:\/\/attra.ncat.org\/wp-content\/uploads\/2020\/06\/hale_margo-350x350.png 350w, https:\/\/attra.ncat.org\/wp-content\/uploads\/2020\/06\/hale_margo-90x90.png 90w, https:\/\/attra.ncat.org\/wp-content\/uploads\/2020\/06\/hale_margo-36x36.png 36w, https:\/\/attra.ncat.org\/wp-content\/uploads\/2020\/06\/hale_margo-180x180.png 180w\" sizes=\"auto, (max-width: 350px) 100vw, 350px\" \/>Director Regional Sureste, Especialista en Ganader\u00eda<br \/>\nOficina Regional Sureste<\/h3>\n<p><strong>\u00c1reas tem\u00e1ticas:<\/strong><br \/>\nPlanificaci\u00f3n y Marketing Empresarial, Ganader\u00eda, Ganader\u00eda Ecol\u00f3gica<\/p>\n<p><strong>\u00c1reas espec\u00edficas de especializaci\u00f3n:<\/strong><br \/>\nManejo de par\u00e1sitos internos de peque\u00f1os rumiantes, ganado, agricultores principiantes, agricultores veteranos militares<\/p>\n<p>Margo Hale es la Directora Regional del Sudeste del Centro Nacional de Tecnolog\u00eda Apropiada (NCAT) y se desempe\u00f1a como Especialista en Ganader\u00eda Sostenible para el programa ATTRA Sustainable Agriculture de NCAT. Desde 2011, Margo ha liderado esfuerzos para capacitar a veteranos militares interesados en la agricultura a trav\u00e9s del programa De Militar a Cultivar de NCAT. Ha trabajado en los campos de la producci\u00f3n ganadera sostenible, la capacitaci\u00f3n inicial de agricultores, la divulgaci\u00f3n y educaci\u00f3n de los agricultores y el alcance regional de la agricultura sostenible. Margo tiene una amplia experiencia en el desarrollo e implementaci\u00f3n de capacitaciones para agricultores, ha escrito docenas de publicaciones de producci\u00f3n ganadera sostenible, administra los esfuerzos de la granja a la escuela a trav\u00e9s de FoodCorps Arkansas y ha dado muchas presentaciones y talleres en todo el pa\u00eds. Con su esposo, Josh, y sus dos hijas, tambi\u00e9n cr\u00eda ganado y crece verduras en una peque\u00f1a granja en el noroeste de Arkansas.<\/p>\n<p><strong>Educaci\u00f3n:<\/strong><br \/>\nLicenciatura en Ciencias en Ciencia Animal, Universidad de Arkansas<br \/>\nMaestr\u00eda en Ciencias en Educaci\u00f3n Agr\u00edcola y de Extensi\u00f3n, Universidad de Arkansas<\/p>\n<p><strong>Afiliaciones y comit\u00e9s profesionales:<\/strong><br \/>\nMiembro de la Junta, Coalici\u00f3n de Veteranos Granjeros de Arkansas<br \/>\nMiembro de la Junta Asesora, Programa de Desarrollo Profesional de Investigaci\u00f3n y Educaci\u00f3n de Agricultura Sostenible de Arkansas (SARE)<br \/>\nMiembro del Consorcio Americano para el Control de Par\u00e1sitos de Peque\u00f1os Rumiantes<\/p>\n<p><strong>Publicaciones y presentaciones destacadas:<\/strong><\/p>\n<p><a href=\"\/product\/small-scale-livestock-production\/\">Producci\u00f3n ganadera a peque\u00f1a escala<\/a><\/p>\n<p><a href=\"https:\/\/attra.ncat.org\/blog-41-getting-started-with-livestock\/\">Primeros pasos con el ganado<\/a><\/p>\n<p><a href=\"https:\/\/attra.ncat.org\/blog-34-usda-programs-can-help-farmers-succeed\/\">Los programas del USDA pueden ayudar a los agricultores a tener \u00e9xito<\/a><\/p>\n<p><a href=\"https:\/\/attra.ncat.org\/episode-159-small-ruminants-all-about-health\/\">Podcast Peque\u00f1os rumiantes: Todo sobre la salud<\/a><\/p>\n<p>&nbsp;<\/p>\n<p><a class=\"qbutton\" href=\"https:\/\/attra.ncat.org\/es\/acerca-de\/nuestro-personal\/\">Volver a la p\u00e1gina del personal<\/a><\/p>\n<p>&nbsp;<\/p>\n","protected":false},"excerpt":{"rendered":"<p>Director Regional Sureste, Especialista en Ganader\u00eda Oficina Regional Sureste \u00c1reas tem\u00e1ticas: Planificaci\u00f3n y Marketing Empresarial, Ganader\u00eda, Ganader\u00eda Ecol\u00f3gica \u00c1reas espec\u00edficas de especializaci\u00f3n: Manejo de par\u00e1sitos internos de peque\u00f1os rumiantes, ganado, [&hellip;]<\/p>\n","protected":false},"author":1,"featured_media":0,"parent":0,"menu_order":0,"comment_status":"closed","ping_status":"closed","template":"","meta":{"_acf_changed":false,"_price":"","_stock":"","_tribe_ticket_header":"","_tribe_default_ticket_provider":"","_tribe_ticket_capacity":"0","_ticket_start_date":"","_ticket_end_date":"","_tribe_ticket_show_description":"","_tribe_ticket_show_not_going":false,"_tribe_ticket_use_global_stock":"","_tribe_ticket_global_stock_level":"","_global_stock_mode":"","_global_stock_cap":"","_tribe_rsvp_for_event":"","_tribe_ticket_going_count":"","_tribe_ticket_not_going_count":"","_tribe_tickets_list":"[]","_tribe_ticket_has_attendee_info_fields":false,"footnotes":"","beyondwords_generate_audio":"","beyondwords_integration_method":"","beyondwords_project_id":"","beyondwords_content_id":"","beyondwords_preview_token":"","beyondwords_player_content":"","beyondwords_player_style":"","beyondwords_language_code":"","beyondwords_language_id":"","beyondwords_title_voice_id":"","beyondwords_body_voice_id":"","beyondwords_summary_voice_id":"","beyondwords_error_message":"","beyondwords_disabled":"","beyondwords_delete_content":"","beyondwords_podcast_id":"","beyondwords_hash":"","publish_post_to_speechkit":"","speechkit_hash":"","speechkit_generate_audio":"","speechkit_project_id":"","speechkit_podcast_id":"","speechkit_error_message":"","speechkit_disabled":"","speechkit_access_key":"","speechkit_error":"","speechkit_info":"","speechkit_response":"","speechkit_retries":"","speechkit_status":"","speechkit_updated_at":"","_speechkit_link":"","_speechkit_text":"","_tec_slr_enabled":"","_tec_slr_layout":""},"categories":[],"tags":[],"class_list":["post-140382","page","type-page","status-publish","hentry"],"acf":[],"publishpress_future_workflow_manual_trigger":{"enabledWorkflows":[]},"distributor_meta":false,"distributor_terms":false,"distributor_media":false,"distributor_original_site_name":"ATTRA - Agricultura Sustentable","distributor_original_site_url":"https:\/\/attra.ncat.org\/es\/","push-errors":false,"ticketed":false,"_links":{"self":[{"href":"https:\/\/attra.ncat.org\/es\/wp-json\/wp\/v2\/pages\/140382","targetHints":{"allow":["GET"]}}],"collection":[{"href":"https:\/\/attra.ncat.org\/es\/wp-json\/wp\/v2\/pages"}],"about":[{"href":"https:\/\/attra.ncat.org\/es\/wp-json\/wp\/v2\/types\/page"}],"author":[{"embeddable":true,"href":"https:\/\/attra.ncat.org\/es\/wp-json\/wp\/v2\/users\/1"}],"replies":[{"embeddable":true,"href":"https:\/\/attra.ncat.org\/es\/wp-json\/wp\/v2\/comments?post=140382"}],"version-history":[{"count":0,"href":"https:\/\/attra.ncat.org\/es\/wp-json\/wp\/v2\/pages\/140382\/revisions"}],"wp:attachment":[{"href":"https:\/\/attra.ncat.org\/es\/wp-json\/wp\/v2\/media?parent=140382"}],"wp:term":[{"taxonomy":"category","embeddable":true,"href":"https:\/\/attra.ncat.org\/es\/wp-json\/wp\/v2\/categories?post=140382"},{"taxonomy":"post_tag","embeddable":true,"href":"https:\/\/attra.ncat.org\/es\/wp-json\/wp\/v2\/tags?post=140382"}],"curies":[{"name":"wp","href":"https:\/\/api.w.org\/{rel}","templated":true}]}}