

{"id":140383,"date":"2022-05-19T12:33:41","date_gmt":"2022-05-19T17:33:41","guid":{"rendered":"https:\/\/attra.ncat.org\/andy-pressman\/"},"modified":"2022-05-19T12:33:41","modified_gmt":"2022-05-19T17:33:41","slug":"andy-pressman","status":"publish","type":"page","link":"https:\/\/attra.ncat.org\/es\/andy-pressman\/","title":{"rendered":"Andy Pressman"},"content":{"rendered":"<h3>Director del Programa de Agricultura Sostenible<\/h3>\n<p><strong>\u00c1reas tem\u00e1ticas:<\/strong><br \/>\nPlanificaci\u00f3n y comercializaci\u00f3n de negocios, Cultivos, Cultivos org\u00e1nicos, Procesamiento org\u00e1nico, Energ\u00eda agr\u00edcola, Equidad alimentaria, Ganado, Alimentos locales, Manejo de plagas, Pol\u00edza, Salud del suelo.<\/p>\n<p><strong>\u00c1reas espec\u00edficas de especializaci\u00f3n:<\/strong><br \/>\nPlanificaci\u00f3n de toda la granja y negocios, salud del suelo, producci\u00f3n de vegetales, herramientas y equipos agr\u00edcolas, certificaci\u00f3n de cultivos org\u00e1nicos, agricultura urbana, sistemas alimentarios comunitarios<\/p>\n<p>Despu\u00e9s de varios a\u00f1os de trabajar y administrar granjas diversificadas en todo el pa\u00eds, Andy se uni\u00f3 al Centro Nacional de Tecnolog\u00eda Apropiada (NCAT) en 2007. Despu\u00e9s de graduarse de la universidad, Andy sigui\u00f3 su inter\u00e9s en la agricultura cultivando y cosechando hierbas medicinales. Su pasi\u00f3n por los suelos y las plantas lo dirigi\u00f3 r\u00e1pidamente al cultivo de frutas y verduras y al desarrollo de una pasi\u00f3n por las filosof\u00edas agrarias y la administraci\u00f3n de la tierra. Al reconocer la importancia que los animales tienen en los sistemas agr\u00edcolas, luego se sumergi\u00f3 en el aprendizaje de la cr\u00eda de animales, desde abejas, pollos y conejos, hasta ovejas, cabras y ganado. Andy est\u00e1 certificado en Dise\u00f1o de Permacultura y recibi\u00f3 una maestr\u00eda en Dise\u00f1o de Sistemas Sostenibles de la Universidad de Slippery Rock, un programa \u00fanico que se centr\u00f3 en la integraci\u00f3n de la agroecolog\u00eda, la energ\u00eda y el dise\u00f1o sostenibles y la gesti\u00f3n de los recursos naturales. Como especialista en agricultura sostenible con NCAT, Andy trabaja en los campos de planificaci\u00f3n de granjas completas, producci\u00f3n intensiva de cultivos, certificaci\u00f3n org\u00e1nica, herramientas y equipos para la peque\u00f1a granja, agricultura urbana y sistemas alimentarios comunitarios. \u00c9l y su familia tambi\u00e9n operan Foggy Hill Farm, una peque\u00f1a granja y CSA ubicada en el sur de New Hampshire, donde contin\u00faa criando abejas y persigue su inter\u00e9s en tecnolog\u00edas apropiadas para administrar peque\u00f1as granjas.<\/p>\n<p><strong>Educaci\u00f3n:<\/strong><br \/>\nLicenciatura en Ciencias en Geograf\u00eda Ambiental, Universidad de Ohio<br \/>\nMaestr\u00eda en Ciencias en Dise\u00f1o de Sistemas Sostenibles, pista de Argroecolog\u00eda, Universidad de Slippery Rock<\/p>\n<p><strong>Certificados:<\/strong><br \/>\nHMI Whole-Farm Planning, Produce Safety Alliance Food Safety Trainer Certificate, UVM Ground Work Tractor Skills and Farm Mechanization, IOIA Organic Processing Inspector Training, Grow Biointensive, Farm Energy Audit Training, SPIN-Farming Trainer Certificate, IOIA Organic Crop Inspector Training, Permaculture Design Certificate<\/p>\n<p><strong>Otra experiencia:<\/strong><\/p>\n<p><strong>Propietario\/operador de la granja, enero de 2013 \u2013 presente <\/strong><br \/>\nFoggy Hill Farm, Jaffrey, NH<br \/>\nCo-administra una granja familiar diversificada con ventas a trav\u00e9s de canales de mercado directos e intermediados.<\/p>\n<p><strong>Afiliaciones y comit\u00e9s profesionales actuales:<\/strong><br \/>\nPresidente de la Junta, Distrito de Conservaci\u00f3n del Condado de Cheshire<br \/>\nMiembro de la Asociaci\u00f3n de Agricultura Org\u00e1nica del Noreste<\/p>\n<p><strong>Publicaciones y presentaciones destacadas:<\/strong><\/p>\n<p>Los desaf\u00edos de nuestros tiempos: cambio clim\u00e1tico, COVID y viabilidad de las granjas org\u00e1nicas. 14 de enero de 2021. Conferencia Org\u00e1nica de Minnesota. Virtual.<\/p>\n<p>Pressman, Andy, Thea Rittenhouse, Rebecca Lemos-Otero, Amy Smith y Willa Pohlman. 2019. <a href=\"https:\/\/www.usbg.gov\/sites\/default\/files\/usbg-greenhouse_manual.pdf\">Manual de invernadero: una gu\u00eda introductoria para educadores<\/a>. Publicaci\u00f3n NCAT y USBG. Washington, D.C.: Jard\u00edn Bot\u00e1nico de los Estados Unidos.<\/p>\n<p>Pressman, Andy. Diciembre 2018\/Enero 2019. Gesti\u00f3n de herramientas y equipos agr\u00edcolas en la producci\u00f3n org\u00e1nica. Agricultor org\u00e1nico. Vol. 1, N\u00famero 4.<\/p>\n<p>Dimitri, C. L. Oberholtzer, A. Pressman y R. Welsh. Febrero 2019. Apoyo a los sistemas alimentarios locales y regionales a trav\u00e9s de mercados intermediados. Revista de Agricultura Renovable y Sistemas Alimentarios. Nueva York, NY. Vol. 34, N\u00famero 3.<\/p>\n<p>Entrenamiento armado para cultivar 2.0 para veteranos militares. 25 de febrero \u2013 1 de marzo de 2019. Fayetteville, AR<\/p>\n<p>&nbsp;<\/p>\n<p><a class=\"qbutton\" href=\"https:\/\/attra.ncat.org\/es\/acerca-de\/nuestro-personal\/\">Volver a la p\u00e1gina del personal<\/a><\/p>\n<p>&nbsp;<\/p>\n","protected":false},"excerpt":{"rendered":"<p>Director del Programa de Agricultura Sostenible \u00c1reas tem\u00e1ticas: Planificaci\u00f3n y comercializaci\u00f3n de negocios, Cultivos, Cultivos org\u00e1nicos, Procesamiento org\u00e1nico, Energ\u00eda agr\u00edcola, Equidad alimentaria, Ganado, Alimentos locales, Manejo de plagas, Pol\u00edza, Salud [&hellip;]<\/p>\n","protected":false},"author":1,"featured_media":0,"parent":0,"menu_order":0,"comment_status":"closed","ping_status":"closed","template":"","meta":{"_acf_changed":false,"_price":"","_stock":"","_tribe_ticket_header":"","_tribe_default_ticket_provider":"","_tribe_ticket_capacity":"0","_ticket_start_date":"","_ticket_end_date":"","_tribe_ticket_show_description":"","_tribe_ticket_show_not_going":false,"_tribe_ticket_use_global_stock":"","_tribe_ticket_global_stock_level":"","_global_stock_mode":"","_global_stock_cap":"","_tribe_rsvp_for_event":"","_tribe_ticket_going_count":"","_tribe_ticket_not_going_count":"","_tribe_tickets_list":"[]","_tribe_ticket_has_attendee_info_fields":false,"footnotes":"","beyondwords_generate_audio":"","beyondwords_integration_method":"","beyondwords_project_id":"","beyondwords_content_id":"","beyondwords_preview_token":"","beyondwords_player_content":"","beyondwords_player_style":"","beyondwords_language_code":"","beyondwords_language_id":"","beyondwords_title_voice_id":"","beyondwords_body_voice_id":"","beyondwords_summary_voice_id":"","beyondwords_error_message":"","beyondwords_disabled":"","beyondwords_delete_content":"","beyondwords_podcast_id":"","beyondwords_hash":"","publish_post_to_speechkit":"","speechkit_hash":"","speechkit_generate_audio":"","speechkit_project_id":"","speechkit_podcast_id":"","speechkit_error_message":"","speechkit_disabled":"","speechkit_access_key":"","speechkit_error":"","speechkit_info":"","speechkit_response":"","speechkit_retries":"","speechkit_status":"","speechkit_updated_at":"","_speechkit_link":"","_speechkit_text":"","_tec_slr_enabled":"","_tec_slr_layout":""},"categories":[],"tags":[],"class_list":["post-140383","page","type-page","status-publish","hentry"],"acf":[],"publishpress_future_workflow_manual_trigger":{"enabledWorkflows":[]},"distributor_meta":false,"distributor_terms":false,"distributor_media":false,"distributor_original_site_name":"ATTRA - Agricultura Sustentable","distributor_original_site_url":"https:\/\/attra.ncat.org\/es\/","push-errors":false,"ticketed":false,"_links":{"self":[{"href":"https:\/\/attra.ncat.org\/es\/wp-json\/wp\/v2\/pages\/140383","targetHints":{"allow":["GET"]}}],"collection":[{"href":"https:\/\/attra.ncat.org\/es\/wp-json\/wp\/v2\/pages"}],"about":[{"href":"https:\/\/attra.ncat.org\/es\/wp-json\/wp\/v2\/types\/page"}],"author":[{"embeddable":true,"href":"https:\/\/attra.ncat.org\/es\/wp-json\/wp\/v2\/users\/1"}],"replies":[{"embeddable":true,"href":"https:\/\/attra.ncat.org\/es\/wp-json\/wp\/v2\/comments?post=140383"}],"version-history":[{"count":0,"href":"https:\/\/attra.ncat.org\/es\/wp-json\/wp\/v2\/pages\/140383\/revisions"}],"wp:attachment":[{"href":"https:\/\/attra.ncat.org\/es\/wp-json\/wp\/v2\/media?parent=140383"}],"wp:term":[{"taxonomy":"category","embeddable":true,"href":"https:\/\/attra.ncat.org\/es\/wp-json\/wp\/v2\/categories?post=140383"},{"taxonomy":"post_tag","embeddable":true,"href":"https:\/\/attra.ncat.org\/es\/wp-json\/wp\/v2\/tags?post=140383"}],"curies":[{"name":"wp","href":"https:\/\/api.w.org\/{rel}","templated":true}]}}