

{"id":140384,"date":"2022-05-19T12:13:51","date_gmt":"2022-05-19T17:13:51","guid":{"rendered":"https:\/\/attra.ncat.org\/liz-broussard\/"},"modified":"2022-05-19T12:13:51","modified_gmt":"2022-05-19T17:13:51","slug":"liz-broussard","status":"publish","type":"page","link":"https:\/\/attra.ncat.org\/es\/liz-broussard\/","title":{"rendered":"Liz Broussard"},"content":{"rendered":"<h3><img loading=\"lazy\" decoding=\"async\" class=\"alignright size-full wp-image-91643\" src=\"\/wp-content\/uploads\/2020\/03\/liz-broussard.jpg\" alt=\"Liz Broussard\" width=\"350\" height=\"350\" srcset=\"https:\/\/attra.ncat.org\/wp-content\/uploads\/2020\/03\/liz-broussard.jpg 500w, https:\/\/attra.ncat.org\/wp-content\/uploads\/2020\/03\/liz-broussard-350x350.jpg 350w, https:\/\/attra.ncat.org\/wp-content\/uploads\/2020\/03\/liz-broussard-90x90.jpg 90w, https:\/\/attra.ncat.org\/wp-content\/uploads\/2020\/03\/liz-broussard-36x36.jpg 36w, https:\/\/attra.ncat.org\/wp-content\/uploads\/2020\/03\/liz-broussard-180x180.jpg 180w\" sizes=\"auto, (max-width: 350px) 100vw, 350px\" \/><br \/>\nCoordinador del Proyecto de Justicia Alimentaria<br \/>\nOficina Regional del Sureste<\/h3>\n<p><strong>\u00c1reas tem\u00e1ticas:<\/strong> Equidad alimentaria, alimentos locales<\/p>\n<p>Liz Broussard es una trasplantada de Concord, New Hampshire, que ha hecho de Jackson, Mississippi, su hogar. En su papel en el Centro Nacional de Tecnolog\u00eda Apropiada (NCAT), apoya a la colaborativa de Justicia Alimentaria de Mississippi, una red de organizaciones que trabajan para mejorar el acceso a alimentos saludables y transformar los sistemas alimentarios de Mississippi a trav\u00e9s del trabajo colaborativo e impulsado por valores. El trabajo de Liz se centra en la creaci\u00f3n de capacidad, conexion y el cambio de sistemas. Antes de unirse a NCAT, Liz se desempe\u00f1\u00f3 como becaria estatal para el programa FoodCorps Mississippi, conectando a los ni\u00f1os con alimentos saludables en las escuelas y apoyando a un equipo de miembros del servicio de AmeriCorps en todo el estado.<\/p>\n<p><strong>Educaci\u00f3n:<\/strong><br \/>\nLicenciatura en Artes, doble especializaci\u00f3n en Estudios Ambientales de Alimentos y M\u00fasica, Cornell College<br \/>\nGraduada del programa de Liderazgo en Pol\u00edtica Alimentaria y Sostenibilidad de la Universidad Estatal de Arizona<\/p>\n<p><strong>Publicaciones y presentaciones destacadas:<\/strong><br \/>\n<a href=\"https:\/\/www.youtube.com\/watch?v=7-uGoF0obA4\" target=\"_blank\" rel=\"noopener\">La comida local saludable construye comunidades locales saludables<\/a> [YouTube]<\/p>\n<p><a href=\"https:\/\/www.youtube.com\/watch?v=wVCtjjXt858\" target=\"_blank\" rel=\"noopener\">La comida local saludable apoya las econom\u00edas locales<\/a> [YouTube]<\/p>\n<p><a href=\"https:\/\/www.youtube.com\/watch?v=yDgU0fC6OSE\" target=\"_blank\" rel=\"noopener\">El conocimiento de la comida local saludable es poder<\/a> [YouTube]<\/p>\n<p>&nbsp;<\/p>\n<p><a class=\"qbutton\" href=\"https:\/\/attra.ncat.org\/es\/acerca-de\/nuestro-personal\/\">Volver a la p\u00e1gina del personal<\/a><\/p>\n<p>&nbsp;<\/p>\n","protected":false},"excerpt":{"rendered":"<p>Coordinador del Proyecto de Justicia Alimentaria Oficina Regional del Sureste \u00c1reas tem\u00e1ticas: Equidad alimentaria, alimentos locales Liz Broussard es una trasplantada de Concord, New Hampshire, que ha hecho de Jackson, [&hellip;]<\/p>\n","protected":false},"author":1,"featured_media":0,"parent":0,"menu_order":0,"comment_status":"closed","ping_status":"closed","template":"","meta":{"_acf_changed":false,"_price":"","_stock":"","_tribe_ticket_header":"","_tribe_default_ticket_provider":"","_tribe_ticket_capacity":"0","_ticket_start_date":"","_ticket_end_date":"","_tribe_ticket_show_description":"","_tribe_ticket_show_not_going":false,"_tribe_ticket_use_global_stock":"","_tribe_ticket_global_stock_level":"","_global_stock_mode":"","_global_stock_cap":"","_tribe_rsvp_for_event":"","_tribe_ticket_going_count":"","_tribe_ticket_not_going_count":"","_tribe_tickets_list":"[]","_tribe_ticket_has_attendee_info_fields":false,"footnotes":"","beyondwords_generate_audio":"","beyondwords_integration_method":"","beyondwords_project_id":"","beyondwords_content_id":"","beyondwords_preview_token":"","beyondwords_player_content":"","beyondwords_player_style":"","beyondwords_language_code":"","beyondwords_language_id":"","beyondwords_title_voice_id":"","beyondwords_body_voice_id":"","beyondwords_summary_voice_id":"","beyondwords_error_message":"","beyondwords_disabled":"","beyondwords_delete_content":"","beyondwords_podcast_id":"","beyondwords_hash":"","publish_post_to_speechkit":"","speechkit_hash":"","speechkit_generate_audio":"","speechkit_project_id":"","speechkit_podcast_id":"","speechkit_error_message":"","speechkit_disabled":"","speechkit_access_key":"","speechkit_error":"","speechkit_info":"","speechkit_response":"","speechkit_retries":"","speechkit_status":"","speechkit_updated_at":"","_speechkit_link":"","_speechkit_text":"","_tec_slr_enabled":"","_tec_slr_layout":""},"categories":[],"tags":[],"class_list":["post-140384","page","type-page","status-publish","hentry"],"acf":[],"publishpress_future_workflow_manual_trigger":{"enabledWorkflows":[]},"distributor_meta":false,"distributor_terms":false,"distributor_media":false,"distributor_original_site_name":"ATTRA - Agricultura Sustentable","distributor_original_site_url":"https:\/\/attra.ncat.org\/es\/","push-errors":false,"ticketed":false,"_links":{"self":[{"href":"https:\/\/attra.ncat.org\/es\/wp-json\/wp\/v2\/pages\/140384","targetHints":{"allow":["GET"]}}],"collection":[{"href":"https:\/\/attra.ncat.org\/es\/wp-json\/wp\/v2\/pages"}],"about":[{"href":"https:\/\/attra.ncat.org\/es\/wp-json\/wp\/v2\/types\/page"}],"author":[{"embeddable":true,"href":"https:\/\/attra.ncat.org\/es\/wp-json\/wp\/v2\/users\/1"}],"replies":[{"embeddable":true,"href":"https:\/\/attra.ncat.org\/es\/wp-json\/wp\/v2\/comments?post=140384"}],"version-history":[{"count":0,"href":"https:\/\/attra.ncat.org\/es\/wp-json\/wp\/v2\/pages\/140384\/revisions"}],"wp:attachment":[{"href":"https:\/\/attra.ncat.org\/es\/wp-json\/wp\/v2\/media?parent=140384"}],"wp:term":[{"taxonomy":"category","embeddable":true,"href":"https:\/\/attra.ncat.org\/es\/wp-json\/wp\/v2\/categories?post=140384"},{"taxonomy":"post_tag","embeddable":true,"href":"https:\/\/attra.ncat.org\/es\/wp-json\/wp\/v2\/tags?post=140384"}],"curies":[{"name":"wp","href":"https:\/\/api.w.org\/{rel}","templated":true}]}}