

{"id":140385,"date":"2022-05-19T12:22:49","date_gmt":"2022-05-19T17:22:49","guid":{"rendered":"https:\/\/attra.ncat.org\/linda-coffey\/"},"modified":"2022-05-19T12:22:49","modified_gmt":"2022-05-19T17:22:49","slug":"linda-coffey","status":"publish","type":"page","link":"https:\/\/attra.ncat.org\/es\/linda-coffey\/","title":{"rendered":"Linda Coffey"},"content":{"rendered":"<h3><img loading=\"lazy\" decoding=\"async\" class=\"alignright size-full wp-image-90996\" src=\"\/wp-content\/uploads\/2020\/06\/coffey_linda_061819.png\" alt=\"Linda Coffey\" width=\"350\" height=\"350\" srcset=\"https:\/\/attra.ncat.org\/wp-content\/uploads\/2020\/06\/coffey_linda_061819.png 500w, https:\/\/attra.ncat.org\/wp-content\/uploads\/2020\/06\/coffey_linda_061819-350x350.png 350w, https:\/\/attra.ncat.org\/wp-content\/uploads\/2020\/06\/coffey_linda_061819-90x90.png 90w, https:\/\/attra.ncat.org\/wp-content\/uploads\/2020\/06\/coffey_linda_061819-36x36.png 36w, https:\/\/attra.ncat.org\/wp-content\/uploads\/2020\/06\/coffey_linda_061819-180x180.png 180w\" sizes=\"auto, (max-width: 350px) 100vw, 350px\" \/>Especialista en ganader\u00eda<br \/>\nOficina Regional del Sureste<\/h3>\n<p><strong>\u00c1reas tem\u00e1ticas:<\/strong><br \/>\nGanader\u00eda, Ganader\u00eda Org\u00e1nica<\/p>\n<p><strong>\u00c1reas espec\u00edficas de especializaci\u00f3n:<\/strong><br \/>\nPastoreo, gesti\u00f3n de par\u00e1sitos internos en ovinos y caprinos, peque\u00f1os rumiantes, perros guardianes de ganado, pastoreo multiespecie<\/p>\n<p>Linda Coffey naci\u00f3 y se cri\u00f3 cerca de Westphalia, Missouri, en una Century Farm donde su familia cr\u00eda ganado desde 1861. Crecer en la granja y ayudar a cultivar alimentos y explorar los bosques, los pastos y el arroyo foment\u00f3 un amor por la naturaleza y la agricultura que a\u00fan perdura. La especializaci\u00f3n en Ciencias Animales de la Universidad de Missouri le permiti\u00f3 a Linda conocer al Dr. Ron Morrow y al Dr. Jim Gerrish, y aprender sobre el manejo del pastoreo de dos de los mejores. Una pasant\u00eda en la Estaci\u00f3n Experimental de Ovejas de EE. UU. en Dubois, Idaho, fue una experiencia \u00fanica y placentera y le dio a Linda una idea de c\u00f3mo se cr\u00edan las ovejas en el Oeste. Desde que se fue de casa, Linda y su marido e hijos han criado ovejas en Kansas (10 a\u00f1os) y en Arkansas (desde 1996). Las cabras lecheras se a\u00f1adieron en 2001 y siguen siendo una pasi\u00f3n de Linda. Los cerdos, terneros y pollos a veces tambi\u00e9n forman parte de la granja. Ha sido un privilegio y una bendici\u00f3n dedicarme personalmente a la agricultura y ayudar a los clientes con sus preguntas sobre el ganado ovino y caprino. Ese trabajo ha mejorado mucho con la participaci\u00f3n de Linda en el Consorcio Americano para el Control de Par\u00e1sitos de Peque\u00f1os Rumiantes (ver wormx.info) y los cient\u00edficos, veterinarios y educadores en el grupo que generosamente comparten su conocimiento de esta \u00e1rea vital para los productores de ovejas y cabras. El manejo del pastoreo y la salud del suelo son \u00e1reas a\u00fan m\u00e1s importantes para quienes cr\u00edan ganado, y a Linda tambi\u00e9n le apasiona aprender y ense\u00f1ar sobre esos temas. Linda est\u00e1 agradecida por sus compa\u00f1eros de trabajo de NCAT, que son maestros sobresalientes, inteligentes, pr\u00e1cticos y bien informados, accesibles y amigables.<\/p>\n<p><strong>Publicaciones y presentaciones destacadas:<\/strong><br \/>\n<a href=\"\/product\/hogs-pastured-or-forested-production\/\" target=\"_blank\" rel=\"noopener\">Porcinos: Producci\u00f3n Pastoral y Forestal<\/a><\/p>\n<p><a href=\"https:\/\/attra.ncat.org\/episode-169-livestock-guardian-dogs\/\" target=\"_blank\" rel=\"noopener\">Perros guardianes de ganado<\/a>, con Janet Vorwald Dohner<\/p>\n<p><a href=\"https:\/\/attra.ncat.org\/episode-172-small-ruminant-talk-internal-parasites\/\" target=\"_blank\" rel=\"noopener\">Peque\u00f1a charla (sobre rumiantes): par\u00e1sitos internos, con Margo Hale<\/a><\/p>\n<p><a href=\"https:\/\/attra.ncat.org\/episode-159-small-ruminants-all-about-health\/\" target=\"_blank\" rel=\"noopener\">Peque\u00f1a charla (sobre rumiante): todo sobre la salud<\/a>, con Margo Hale 8 de julio de 2020. Episodio 159.]<\/p>\n<p><a href=\"https:\/\/attra.ncat.org\/small-ruminant-talk-springtime\/\" target=\"_blank\" rel=\"noopener\">Peque\u00f1a charla (sobre rumiante): primavera , con Margo Hale<\/a> 22 de abril de 2020. Podcast de ATTRA Voces del campo. Episodio 148.<\/p>\n<p>&nbsp;<\/p>\n<p><a class=\"qbutton\" href=\"https:\/\/attra.ncat.org\/es\/acerca-de\/nuestro-personal\/\">Volver a la p\u00e1gina del personal<\/a><\/p>\n<p>&nbsp;<\/p>\n","protected":false},"excerpt":{"rendered":"<p>Especialista en ganader\u00eda Oficina Regional del Sureste \u00c1reas tem\u00e1ticas: Ganader\u00eda, Ganader\u00eda Org\u00e1nica \u00c1reas espec\u00edficas de especializaci\u00f3n: Pastoreo, gesti\u00f3n de par\u00e1sitos internos en ovinos y caprinos, peque\u00f1os rumiantes, perros guardianes de [&hellip;]<\/p>\n","protected":false},"author":1,"featured_media":0,"parent":0,"menu_order":0,"comment_status":"closed","ping_status":"closed","template":"","meta":{"_acf_changed":false,"_price":"","_stock":"","_tribe_ticket_header":"","_tribe_default_ticket_provider":"","_tribe_ticket_capacity":"0","_ticket_start_date":"","_ticket_end_date":"","_tribe_ticket_show_description":"","_tribe_ticket_show_not_going":false,"_tribe_ticket_use_global_stock":"","_tribe_ticket_global_stock_level":"","_global_stock_mode":"","_global_stock_cap":"","_tribe_rsvp_for_event":"","_tribe_ticket_going_count":"","_tribe_ticket_not_going_count":"","_tribe_tickets_list":"[]","_tribe_ticket_has_attendee_info_fields":false,"footnotes":"","beyondwords_generate_audio":"","beyondwords_integration_method":"","beyondwords_project_id":"","beyondwords_content_id":"","beyondwords_preview_token":"","beyondwords_player_content":"","beyondwords_player_style":"","beyondwords_language_code":"","beyondwords_language_id":"","beyondwords_title_voice_id":"","beyondwords_body_voice_id":"","beyondwords_summary_voice_id":"","beyondwords_error_message":"","beyondwords_disabled":"","beyondwords_delete_content":"","beyondwords_podcast_id":"","beyondwords_hash":"","publish_post_to_speechkit":"","speechkit_hash":"","speechkit_generate_audio":"","speechkit_project_id":"","speechkit_podcast_id":"","speechkit_error_message":"","speechkit_disabled":"","speechkit_access_key":"","speechkit_error":"","speechkit_info":"","speechkit_response":"","speechkit_retries":"","speechkit_status":"","speechkit_updated_at":"","_speechkit_link":"","_speechkit_text":"","_tec_slr_enabled":"","_tec_slr_layout":""},"categories":[],"tags":[],"class_list":["post-140385","page","type-page","status-publish","hentry"],"acf":[],"publishpress_future_workflow_manual_trigger":{"enabledWorkflows":[]},"distributor_meta":false,"distributor_terms":false,"distributor_media":false,"distributor_original_site_name":"ATTRA - Agricultura Sustentable","distributor_original_site_url":"https:\/\/attra.ncat.org\/es\/","push-errors":false,"ticketed":false,"_links":{"self":[{"href":"https:\/\/attra.ncat.org\/es\/wp-json\/wp\/v2\/pages\/140385","targetHints":{"allow":["GET"]}}],"collection":[{"href":"https:\/\/attra.ncat.org\/es\/wp-json\/wp\/v2\/pages"}],"about":[{"href":"https:\/\/attra.ncat.org\/es\/wp-json\/wp\/v2\/types\/page"}],"author":[{"embeddable":true,"href":"https:\/\/attra.ncat.org\/es\/wp-json\/wp\/v2\/users\/1"}],"replies":[{"embeddable":true,"href":"https:\/\/attra.ncat.org\/es\/wp-json\/wp\/v2\/comments?post=140385"}],"version-history":[{"count":0,"href":"https:\/\/attra.ncat.org\/es\/wp-json\/wp\/v2\/pages\/140385\/revisions"}],"wp:attachment":[{"href":"https:\/\/attra.ncat.org\/es\/wp-json\/wp\/v2\/media?parent=140385"}],"wp:term":[{"taxonomy":"category","embeddable":true,"href":"https:\/\/attra.ncat.org\/es\/wp-json\/wp\/v2\/categories?post=140385"},{"taxonomy":"post_tag","embeddable":true,"href":"https:\/\/attra.ncat.org\/es\/wp-json\/wp\/v2\/tags?post=140385"}],"curies":[{"name":"wp","href":"https:\/\/api.w.org\/{rel}","templated":true}]}}