

{"id":140390,"date":"2022-05-19T12:10:15","date_gmt":"2022-05-19T17:10:15","guid":{"rendered":"https:\/\/attra.ncat.org\/felicia-bell\/"},"modified":"2022-05-19T12:10:15","modified_gmt":"2022-05-19T17:10:15","slug":"felicia-bell","status":"publish","type":"page","link":"https:\/\/attra.ncat.org\/es\/felicia-bell\/","title":{"rendered":"Felicia Bell"},"content":{"rendered":"<h3><img loading=\"lazy\" decoding=\"async\" class=\"alignright size-full wp-image-76517\" src=\"\/wp-content\/uploads\/2020\/03\/bell_felicia_061819.png\" alt=\"Felicia Bell\" width=\"350\" height=\"350\" srcset=\"https:\/\/attra.ncat.org\/wp-content\/uploads\/2020\/03\/bell_felicia_061819.png 500w, https:\/\/attra.ncat.org\/wp-content\/uploads\/2020\/03\/bell_felicia_061819-350x350.png 350w, https:\/\/attra.ncat.org\/wp-content\/uploads\/2020\/03\/bell_felicia_061819-90x90.png 90w, https:\/\/attra.ncat.org\/wp-content\/uploads\/2020\/03\/bell_felicia_061819-36x36.png 36w, https:\/\/attra.ncat.org\/wp-content\/uploads\/2020\/03\/bell_felicia_061819-180x180.png 180w\" sizes=\"auto, (max-width: 350px) 100vw, 350px\" \/>Directora Regional<br \/>\nOficina Regional de los Estados del Golfo<\/h3>\n<p><strong>\u00c1reas tem\u00e1ticas:<\/strong> Planificaci\u00f3n y Marketing de Negocios, Equidad Alimentaria, Ganader\u00eda, Ganader\u00eda Org\u00e1nica<\/p>\n<p><strong>\u00c1reas espec\u00edficas de especializaci\u00f3n:<\/strong> Servicio de alimentos, gesti\u00f3n de tierras de pastoreo, animales de raza patrimonial, remedios herbales para el ganado<\/p>\n<p>Felicia Bell ha trabajado como especialista en agricultura sostenible en la oficina regional de los Estados del Golfo del Centro Nacional de Tecnolog\u00eda Apropiada en Jackson, Mississippi, desde 2013. Felicia, agricultora de cuarta generaci\u00f3n y miembro fundadora de RD&amp;S Farm, LLC, est\u00e1 fascinada por las estrategias agr\u00edcolas tradicionales de todas las culturas, especialmente los m\u00e9todos y t\u00e9cnicas agr\u00edcolas africanas. Ella naci\u00f3 en el rubro de la agricultura y lo que la mayor\u00eda de la gente hoy en d\u00eda se referir\u00eda como agricultura en propiedad familiar. Los valores profundamente arraigados de Felicia para ayudar a los dem\u00e1s como productora han sido la fuerza impulsora en su asistencia a las comunidades. Durante muchos a\u00f1os, ha aprendido varios m\u00e9todos y pr\u00e1cticas apropiados que ayudan a los peque\u00f1os productores con soluciones ingeniosas y econ\u00f3micas para disminuir las cargas de costos y aumentar la viabilidad de las empresas agr\u00edcolas. Felicia cree que todos merecen el derecho a acceder a alimentos saludables, y con el esfuerzo colectivo de peque\u00f1os agricultores sostenibles en todo el pa\u00eds, esto puede convertirse en una realidad.<\/p>\n<p><strong>Educaci\u00f3n:<\/strong><br \/>\nLicenciatura en Ciencias en Biolog\u00eda, Universidad Estatal de Jackson<br \/>\nEstudios adicionales en Manejo de Tierras de Pastoreo, en la Universidad de Georgia<br \/>\nCertificado en Administraci\u00f3n de Hospitalidad y Turismo, Florida Atlantic University<\/p>\n<p><strong>Afiliaciones y comit\u00e9s profesionales actuales:<\/strong><br \/>\nMiembro de la Junta Directiva de la Asociaci\u00f3n de Productores de Frutas y Verduras de Mississippi<br \/>\nMiembro de la Junta Directiva, de la Cooperativa Rainbow Natural Grocery<br \/>\nMiembro de la Junta Directiva y Tesorera del Consejo de Pol\u00edtica Alimentaria de Mississippi<\/p>\n<p><strong>Publicaciones y presentaciones destacadas:<\/strong><br \/>\nAgricultor y vendedor de alimentos como una opci\u00f3n sostenible<\/p>\n<p>La juventud en la agricultura &#8211; Carolyn Jones<\/p>\n<p>Sistema alimentario local &#8211; Mercado de agricultores del centro de la ciudad &#8211; Otis Wright<\/p>\n<p>Involucrar a los miembros agricultores durante tiempos dif\u00edciles &#8211; Fenton Pope<\/p>\n<p>Sostenibilidad de Generation Farm &#8211; Cotton Family Farm<\/p>\n<p>&nbsp;<\/p>\n<p><a class=\"qbutton\" href=\"https:\/\/attra.ncat.org\/es\/acerca-de\/nuestro-personal\/\">Volver a la p\u00e1gina del personal<\/a><\/p>\n<p>&nbsp;<\/p>\n","protected":false},"excerpt":{"rendered":"<p>Directora Regional Oficina Regional de los Estados del Golfo \u00c1reas tem\u00e1ticas: Planificaci\u00f3n y Marketing de Negocios, Equidad Alimentaria, Ganader\u00eda, Ganader\u00eda Org\u00e1nica \u00c1reas espec\u00edficas de especializaci\u00f3n: Servicio de alimentos, gesti\u00f3n de [&hellip;]<\/p>\n","protected":false},"author":1,"featured_media":0,"parent":0,"menu_order":0,"comment_status":"closed","ping_status":"closed","template":"","meta":{"_acf_changed":false,"_price":"","_stock":"","_tribe_ticket_header":"","_tribe_default_ticket_provider":"","_tribe_ticket_capacity":"0","_ticket_start_date":"","_ticket_end_date":"","_tribe_ticket_show_description":"","_tribe_ticket_show_not_going":false,"_tribe_ticket_use_global_stock":"","_tribe_ticket_global_stock_level":"","_global_stock_mode":"","_global_stock_cap":"","_tribe_rsvp_for_event":"","_tribe_ticket_going_count":"","_tribe_ticket_not_going_count":"","_tribe_tickets_list":"[]","_tribe_ticket_has_attendee_info_fields":false,"footnotes":"","beyondwords_generate_audio":"","beyondwords_integration_method":"","beyondwords_project_id":"","beyondwords_content_id":"","beyondwords_preview_token":"","beyondwords_player_content":"","beyondwords_player_style":"","beyondwords_language_code":"","beyondwords_language_id":"","beyondwords_title_voice_id":"","beyondwords_body_voice_id":"","beyondwords_summary_voice_id":"","beyondwords_error_message":"","beyondwords_disabled":"","beyondwords_delete_content":"","beyondwords_podcast_id":"","beyondwords_hash":"","publish_post_to_speechkit":"","speechkit_hash":"","speechkit_generate_audio":"","speechkit_project_id":"","speechkit_podcast_id":"","speechkit_error_message":"","speechkit_disabled":"","speechkit_access_key":"","speechkit_error":"","speechkit_info":"","speechkit_response":"","speechkit_retries":"","speechkit_status":"","speechkit_updated_at":"","_speechkit_link":"","_speechkit_text":"","_tec_slr_enabled":"","_tec_slr_layout":""},"categories":[],"tags":[],"class_list":["post-140390","page","type-page","status-publish","hentry"],"acf":[],"publishpress_future_workflow_manual_trigger":{"enabledWorkflows":[]},"distributor_meta":false,"distributor_terms":false,"distributor_media":false,"distributor_original_site_name":"ATTRA - Agricultura Sustentable","distributor_original_site_url":"https:\/\/attra.ncat.org\/es\/","push-errors":false,"ticketed":false,"_links":{"self":[{"href":"https:\/\/attra.ncat.org\/es\/wp-json\/wp\/v2\/pages\/140390","targetHints":{"allow":["GET"]}}],"collection":[{"href":"https:\/\/attra.ncat.org\/es\/wp-json\/wp\/v2\/pages"}],"about":[{"href":"https:\/\/attra.ncat.org\/es\/wp-json\/wp\/v2\/types\/page"}],"author":[{"embeddable":true,"href":"https:\/\/attra.ncat.org\/es\/wp-json\/wp\/v2\/users\/1"}],"replies":[{"embeddable":true,"href":"https:\/\/attra.ncat.org\/es\/wp-json\/wp\/v2\/comments?post=140390"}],"version-history":[{"count":0,"href":"https:\/\/attra.ncat.org\/es\/wp-json\/wp\/v2\/pages\/140390\/revisions"}],"wp:attachment":[{"href":"https:\/\/attra.ncat.org\/es\/wp-json\/wp\/v2\/media?parent=140390"}],"wp:term":[{"taxonomy":"category","embeddable":true,"href":"https:\/\/attra.ncat.org\/es\/wp-json\/wp\/v2\/categories?post=140390"},{"taxonomy":"post_tag","embeddable":true,"href":"https:\/\/attra.ncat.org\/es\/wp-json\/wp\/v2\/tags?post=140390"}],"curies":[{"name":"wp","href":"https:\/\/api.w.org\/{rel}","templated":true}]}}