

{"id":140396,"date":"2022-05-19T12:06:49","date_gmt":"2022-05-19T17:06:49","guid":{"rendered":"https:\/\/attra.ncat.org\/luzyannet-ballesteros-gonzalez\/"},"modified":"2022-05-19T12:06:49","modified_gmt":"2022-05-19T17:06:49","slug":"luzyannet-ballesteros-gonzalez","status":"publish","type":"page","link":"https:\/\/attra.ncat.org\/es\/luzyannet-ballesteros-gonzalez\/","title":{"rendered":"Luzyannet Ballesteros Gonz\u00e1lez"},"content":{"rendered":"<h3><img loading=\"lazy\" decoding=\"async\" class=\"size-full wp-image-117479 alignright\" src=\"https:\/\/attra.ncat.org\/wp-content\/uploads\/2022\/04\/luz-gonzalez350x350.jpg\" alt=\"\" width=\"350\" height=\"350\" srcset=\"https:\/\/attra.ncat.org\/wp-content\/uploads\/2022\/04\/luz-gonzalez350x350.jpg 350w, https:\/\/attra.ncat.org\/wp-content\/uploads\/2022\/04\/luz-gonzalez350x350-90x90.jpg 90w, https:\/\/attra.ncat.org\/wp-content\/uploads\/2022\/04\/luz-gonzalez350x350-36x36.jpg 36w, https:\/\/attra.ncat.org\/wp-content\/uploads\/2022\/04\/luz-gonzalez350x350-180x180.jpg 180w\" sizes=\"auto, (max-width: 350px) 100vw, 350px\" \/>Especialista en Agricultura Sostenible<br \/>\nOficina Regional del Suroeste<\/h3>\n<p><strong>\u00c1reas tem\u00e1ticas:<\/strong> Pol\u00edtica, Salud del suelo, Comunicaciones<\/p>\n<p><strong>\u00c1reas espec\u00edficas de especializaci\u00f3n:<\/strong> Salud del suelo, carbono y nitr\u00f3geno del suelo, colaboraci\u00f3n entre agencias, divulgaci\u00f3n<\/p>\n<p>Luz Ballesteros Gonz\u00e1lez actualmente est\u00e1 terminando su Maestr\u00eda en Ciencias Agr\u00edcolas, Ambientales y de Sostenibilidad en la Universidad de Texas Rio Grande Valley, y anteriormente obtuvo una Licenciatura en Ciencias Ambientales en UTRGV y un t\u00edtulo de Asociado en Ciencias en Qu\u00edmica en South Texas College. Ha sido asistente graduada de investigaci\u00f3n en la Facultad de Biolog\u00eda de UTRGV, donde realiz\u00f3 muestras de suelo y recopilaci\u00f3n de datos para el proyecto del NRCS Dynamic Soil Properties. Tambi\u00e9n ha trabajado como especialista en alcance de inundaciones del sur de Texas para la Junta de Desarrollo del Agua de Texas y como t\u00e9cnica de laboratorio en el Laboratorio de Plantas y Suelos de Texas.<\/p>\n<p><strong>Educaci\u00f3n:<\/strong><br \/>\nLicenciatura en Ciencias Ambientales, Medio Ambiente y Sociedad, con especializaci\u00f3n en Qu\u00edmica, Universidad de Texas Rio Grande Valley<br \/>\nGrado Asociado en Qu\u00edmica, Universidad de Texas Rio Grande Valley<\/p>\n<p><strong>Experiencia previa:<\/strong><\/p>\n<p><strong>Asistente graduada de investigaci\u00f3n, agosto de 2020-presente<br \/>\nUniversidad de Texas Rio Grande Valley, Edinburg, TX<\/strong><br \/>\nRealizo investigaciones para ayudar a recopilar datos relacionados con las propiedades din\u00e1micas del suelo (DSPS) como parte del proyecto del NRCS DSPS. Concentracion en la respuesta del carbono y el nitr\u00f3geno del suelo a la labranza en tiras.<\/p>\n<p><strong>Asistente de investigaci\u00f3n, enero 2020-julio 2020<br \/>\nUniversidad de Texas Rio Grande Valley, Edinburg, TX<\/strong><br \/>\nProcesando muestras de suelo, realizando an\u00e1lisis de metales pesados y traducir encuestas, transcripciones y datos generales del ingl\u00e9s al espa\u00f1ol.<\/p>\n<p><strong>Afiliaciones y comit\u00e9s profesionales actuales:<\/strong><\/p>\n<p>Asociaci\u00f3n de Manejo de Llanuras Aluviales de Texas<br \/>\nUTRGV Laboratorio de Agroecolog\u00eda<\/p>\n<p>&nbsp;<\/p>\n<p><a class=\"qbutton\" href=\"https:\/\/attra.ncat.org\/es\/acerca-de\/nuestro-personal\/\">Volver a la p\u00e1gina del personal<\/a><\/p>\n<p>&nbsp;<\/p>\n","protected":false},"excerpt":{"rendered":"<p>Especialista en Agricultura Sostenible Oficina Regional del Suroeste \u00c1reas tem\u00e1ticas: Pol\u00edtica, Salud del suelo, Comunicaciones \u00c1reas espec\u00edficas de especializaci\u00f3n: Salud del suelo, carbono y nitr\u00f3geno del suelo, colaboraci\u00f3n entre agencias, [&hellip;]<\/p>\n","protected":false},"author":1,"featured_media":0,"parent":0,"menu_order":0,"comment_status":"closed","ping_status":"closed","template":"","meta":{"_acf_changed":false,"_price":"","_stock":"","_tribe_ticket_header":"","_tribe_default_ticket_provider":"","_tribe_ticket_capacity":"0","_ticket_start_date":"","_ticket_end_date":"","_tribe_ticket_show_description":"","_tribe_ticket_show_not_going":false,"_tribe_ticket_use_global_stock":"","_tribe_ticket_global_stock_level":"","_global_stock_mode":"","_global_stock_cap":"","_tribe_rsvp_for_event":"","_tribe_ticket_going_count":"","_tribe_ticket_not_going_count":"","_tribe_tickets_list":"[]","_tribe_ticket_has_attendee_info_fields":false,"footnotes":"","beyondwords_generate_audio":"","beyondwords_integration_method":"","beyondwords_project_id":"","beyondwords_content_id":"","beyondwords_preview_token":"","beyondwords_player_content":"","beyondwords_player_style":"","beyondwords_language_code":"","beyondwords_language_id":"","beyondwords_title_voice_id":"","beyondwords_body_voice_id":"","beyondwords_summary_voice_id":"","beyondwords_error_message":"","beyondwords_disabled":"","beyondwords_delete_content":"","beyondwords_podcast_id":"","beyondwords_hash":"","publish_post_to_speechkit":"","speechkit_hash":"","speechkit_generate_audio":"","speechkit_project_id":"","speechkit_podcast_id":"","speechkit_error_message":"","speechkit_disabled":"","speechkit_access_key":"","speechkit_error":"","speechkit_info":"","speechkit_response":"","speechkit_retries":"","speechkit_status":"","speechkit_updated_at":"","_speechkit_link":"","_speechkit_text":"","_tec_slr_enabled":"","_tec_slr_layout":""},"categories":[],"tags":[],"class_list":["post-140396","page","type-page","status-publish","hentry"],"acf":[],"publishpress_future_workflow_manual_trigger":{"enabledWorkflows":[]},"distributor_meta":false,"distributor_terms":false,"distributor_media":false,"distributor_original_site_name":"ATTRA - Agricultura Sustentable","distributor_original_site_url":"https:\/\/attra.ncat.org\/es\/","push-errors":false,"ticketed":false,"_links":{"self":[{"href":"https:\/\/attra.ncat.org\/es\/wp-json\/wp\/v2\/pages\/140396","targetHints":{"allow":["GET"]}}],"collection":[{"href":"https:\/\/attra.ncat.org\/es\/wp-json\/wp\/v2\/pages"}],"about":[{"href":"https:\/\/attra.ncat.org\/es\/wp-json\/wp\/v2\/types\/page"}],"author":[{"embeddable":true,"href":"https:\/\/attra.ncat.org\/es\/wp-json\/wp\/v2\/users\/1"}],"replies":[{"embeddable":true,"href":"https:\/\/attra.ncat.org\/es\/wp-json\/wp\/v2\/comments?post=140396"}],"version-history":[{"count":0,"href":"https:\/\/attra.ncat.org\/es\/wp-json\/wp\/v2\/pages\/140396\/revisions"}],"wp:attachment":[{"href":"https:\/\/attra.ncat.org\/es\/wp-json\/wp\/v2\/media?parent=140396"}],"wp:term":[{"taxonomy":"category","embeddable":true,"href":"https:\/\/attra.ncat.org\/es\/wp-json\/wp\/v2\/categories?post=140396"},{"taxonomy":"post_tag","embeddable":true,"href":"https:\/\/attra.ncat.org\/es\/wp-json\/wp\/v2\/tags?post=140396"}],"curies":[{"name":"wp","href":"https:\/\/api.w.org\/{rel}","templated":true}]}}