

{"id":140400,"date":"2022-05-19T12:05:09","date_gmt":"2022-05-19T17:05:09","guid":{"rendered":"https:\/\/attra.ncat.org\/elise-haschke\/"},"modified":"2025-07-21T12:41:47","modified_gmt":"2025-07-21T17:41:47","slug":"elise-haschke","status":"publish","type":"page","link":"https:\/\/attra.ncat.org\/es\/elise-haschke\/","title":{"rendered":"Elise Haschke"},"content":{"rendered":"<h3><img loading=\"lazy\" decoding=\"async\" class=\"size-medium wp-image-115007 alignright\" src=\"https:\/\/attra.ncat.org\/wp-content\/uploads\/2022\/03\/haschke-headshot350x350-300x300.jpg\" alt=\"\" width=\"300\" height=\"300\">Coordinador de Agricultura Clim\u00e1ticamente Inteligente<br \/>\nOficina Regional del Suroeste<\/h3>\n<p><strong>\u00c1reas tem\u00e1ticas:<\/strong> Equidad alimentaria, alimentos locales, pol\u00edticas, salud del suelo<\/p>\n<p><strong>\u00c1reas espec\u00edficas de especializaci\u00f3n:<\/strong> Cient\u00edfico de plantas, ciencia del suelo, horticultura<\/p>\n<p>Elise Haschke se dedica a rehabilitar el sistema alimentario como punto de entrada a una red m\u00e1s amplia de transformaciones econ\u00f3micas y sociales necesarias para regenerar toda la vida en la Tierra, para restaurar la salud ecol\u00f3gica y la biodiversidad, fortalecer las granjas familiares y las comunidades rurales, mitigar el cambio clim\u00e1tico y promover la salud y la vitalidad humanas. Los antecedentes de Elise combinan experiencia en nutrici\u00f3n humana, programas de Servicio de Alimentos y Nutrici\u00f3n del USDA, cadenas de suministro locales de la granja al mercado, producci\u00f3n en la granja y desarrollo de pol\u00edticas de sistemas alimentarios. Elise se puede encontrar viajando fuera, y una vez tuvo una experiencia transformadora montando a caballo en un rancho administrado hol\u00edsticamente en el Valle Centenario de Montana. <\/p>\n<p><strong>Educaci\u00f3n:<\/strong><br \/>\nMaestr\u00eda en Ciencias en Nutrici\u00f3n, Escuela Friedman de Ciencias y Pol\u00edticas de Nutrici\u00f3n, Universidad de Tufts<br \/>\nLicenciatura en Ciencias en Neurobiolog\u00eda y Diet\u00e9tica, Universidad de Texas<\/p>\n<p><strong>Experiencia previa:<\/strong><br \/>\n<strong>Directora, Farm Direct Program, septiembre de 2016 \u2013 octubre de 2019<br \/>\nSustinable Food Center, Austin, TX<\/strong><br \/>\nDesarrollo y superviso la programaci\u00f3n departamental y liderio a un equipo de seis personas que administraba los canales de ventas, incluyendo dos mercados de agricultores y servicios agr\u00edcolas que generan mas de $ 2M en ingresos anuales para granjas y ranchos sostenibles en Texas.<\/p>\n<p><strong>Workshare, abril de 2014 \u2013 julio de 2016<br \/>\nGreen Gate Farm, Bastrop, TX<\/strong><br \/>\nComprometida con un turno semanal de trabajo de campo estacional en una granja org\u00e1nica certificada a peque\u00f1a escala. Cuid\u00f3 los campos y el ganado, construy\u00f3 estructuras en la granja y cosech\u00f3 productos para venderlos a los mercados del \u00e1rea de Austin, incluidos los mercados de agricultores, los miembros de CSA y los restaurantes.<\/p>\n<p><strong>Afiliaciones y comit\u00e9s profesionales actuales:<\/strong><br \/>\nDietista registrada<\/p>\n<p>&nbsp;<\/p>\n<p><a class=\"qbutton\" href=\"https:\/\/attra.ncat.org\/es\/acerca-de\/nuestro-personal\/\">Volver a la p\u00e1gina del personal<\/a><\/p>\n<p>&nbsp;<\/p>\n","protected":false},"excerpt":{"rendered":"<p>Coordinador de Agricultura Clim\u00e1ticamente Inteligente Oficina Regional del Suroeste \u00c1reas tem\u00e1ticas: Equidad alimentaria, alimentos locales, pol\u00edticas, salud del suelo \u00c1reas espec\u00edficas de especializaci\u00f3n: Cient\u00edfico de plantas, ciencia del suelo, horticultura [&hellip;]<\/p>\n","protected":false},"author":1,"featured_media":0,"parent":0,"menu_order":0,"comment_status":"closed","ping_status":"closed","template":"","meta":{"_acf_changed":false,"_price":"","_stock":"","_tribe_ticket_header":"","_tribe_default_ticket_provider":"","_tribe_ticket_capacity":"0","_ticket_start_date":"","_ticket_end_date":"","_tribe_ticket_show_description":"","_tribe_ticket_show_not_going":false,"_tribe_ticket_use_global_stock":"","_tribe_ticket_global_stock_level":"","_global_stock_mode":"","_global_stock_cap":"","_tribe_rsvp_for_event":"","_tribe_ticket_going_count":"","_tribe_ticket_not_going_count":"","_tribe_tickets_list":"[]","_tribe_ticket_has_attendee_info_fields":false,"footnotes":"","beyondwords_generate_audio":"0","beyondwords_integration_method":"","beyondwords_project_id":"","beyondwords_content_id":"","beyondwords_preview_token":"","beyondwords_player_content":"","beyondwords_player_style":"standard","beyondwords_language_code":"en_US","beyondwords_language_id":"","beyondwords_title_voice_id":"776","beyondwords_body_voice_id":"776","beyondwords_summary_voice_id":"776","beyondwords_error_message":"","beyondwords_disabled":"","beyondwords_delete_content":"","beyondwords_podcast_id":"","beyondwords_hash":"","publish_post_to_speechkit":"","speechkit_hash":"","speechkit_generate_audio":"","speechkit_project_id":"","speechkit_podcast_id":"","speechkit_error_message":"","speechkit_disabled":"","speechkit_access_key":"","speechkit_error":"","speechkit_info":"","speechkit_response":"","speechkit_retries":"","speechkit_status":"","speechkit_updated_at":"","_speechkit_link":"","_speechkit_text":"","_tec_slr_enabled":"","_tec_slr_layout":""},"categories":[],"tags":[],"class_list":["post-140400","page","type-page","status-publish","hentry"],"acf":[],"publishpress_future_workflow_manual_trigger":{"enabledWorkflows":[]},"distributor_meta":false,"distributor_terms":false,"distributor_media":false,"distributor_original_site_name":"ATTRA - Agricultura Sustentable","distributor_original_site_url":"https:\/\/attra.ncat.org\/es\/","push-errors":false,"ticketed":false,"_links":{"self":[{"href":"https:\/\/attra.ncat.org\/es\/wp-json\/wp\/v2\/pages\/140400","targetHints":{"allow":["GET"]}}],"collection":[{"href":"https:\/\/attra.ncat.org\/es\/wp-json\/wp\/v2\/pages"}],"about":[{"href":"https:\/\/attra.ncat.org\/es\/wp-json\/wp\/v2\/types\/page"}],"author":[{"embeddable":true,"href":"https:\/\/attra.ncat.org\/es\/wp-json\/wp\/v2\/users\/1"}],"replies":[{"embeddable":true,"href":"https:\/\/attra.ncat.org\/es\/wp-json\/wp\/v2\/comments?post=140400"}],"version-history":[{"count":2,"href":"https:\/\/attra.ncat.org\/es\/wp-json\/wp\/v2\/pages\/140400\/revisions"}],"predecessor-version":[{"id":177004,"href":"https:\/\/attra.ncat.org\/es\/wp-json\/wp\/v2\/pages\/140400\/revisions\/177004"}],"wp:attachment":[{"href":"https:\/\/attra.ncat.org\/es\/wp-json\/wp\/v2\/media?parent=140400"}],"wp:term":[{"taxonomy":"category","embeddable":true,"href":"https:\/\/attra.ncat.org\/es\/wp-json\/wp\/v2\/categories?post=140400"},{"taxonomy":"post_tag","embeddable":true,"href":"https:\/\/attra.ncat.org\/es\/wp-json\/wp\/v2\/tags?post=140400"}],"curies":[{"name":"wp","href":"https:\/\/api.w.org\/{rel}","templated":true}]}}