

{"id":140402,"date":"2022-05-19T12:01:48","date_gmt":"2022-05-19T17:01:48","guid":{"rendered":"https:\/\/attra.ncat.org\/darron-gaus-2\/"},"modified":"2022-12-14T13:44:15","modified_gmt":"2022-12-14T19:44:15","slug":"darron-gaus-2","status":"publish","type":"page","link":"https:\/\/attra.ncat.org\/es\/darron-gaus-2\/","title":{"rendered":"Darron Gaus"},"content":{"rendered":"<h3><img loading=\"lazy\" decoding=\"async\" class=\"size-medium wp-image-114776 alignright\" src=\"https:\/\/attra.ncat.org\/wp-content\/uploads\/2022\/03\/darron-gaus-headshot350x350-300x300.jpg\" alt=\"\" width=\"300\" height=\"300\">Especialista en Agricultura Sostenible<br \/>\nOficina Regional del Suroeste<\/h3>\n<p><strong>\u00c1reas tem\u00e1ticas:<\/strong> Cultivos, ganado, alimentos locales, salud del suelo<\/p>\n<p><strong>\u00c1reas espec\u00edficas de especializaci\u00f3n:<\/strong> Cient\u00edfico de plantas, ciencia del suelo, horticultura<\/p>\n<p>Darron Gaus creci\u00f3 en Yoakum, Texas, un peque\u00f1o pueblo basado en la agricultura. Despu\u00e9s de trabajar en una operaci\u00f3n de vacas y terneros a gran escala, Darron recibi\u00f3 su t\u00edtulo en Agricultura con especializaci\u00f3n en Ciencias de Plantas y Suelos y Horticultura. Darron ha sido productor de frutas y verduras para una organizaci\u00f3n sin fines de lucro durante siete a\u00f1os.<\/p>\n<p><strong>Educaci\u00f3n:<\/strong><br \/>\nLicenciatura en Ciencias en Agricultura, Universidad Estatal de Texas<\/p>\n<p><strong>Experiencia previa:<\/strong><br \/>\n<strong>Gerente de granja, 2017 \u2013 2022<br \/>\nSan Antonio Food Bank, San Antonio, Texas<\/strong><br \/>\nRealizo todas las tareas relacionadas con la producci\u00f3n de frutas y verduras en la granja del Banco de Alimentos de San Antonio.<\/p>\n<p><strong>Ranchero, 2012 \u2013 2013<br \/>\nBorcher&#8217;s Cattle Company, Yoakum, Texas<\/strong><br \/>\nRealiz\u00f3 todas las tareas del rancho, incluido el monitoreo del reba\u00f1o y el manejo del pastizal.<\/p>\n<p>&nbsp;<\/p>\n<p><a class=\"qbutton\" href=\"https:\/\/attra.ncat.org\/es\/acerca-de\/nuestro-personal\/\">Volver a la p\u00e1gina del personal<\/a><\/p>\n<p>&nbsp;<\/p>\n","protected":false},"excerpt":{"rendered":"<p>Especialista en Agricultura Sostenible Oficina Regional del Suroeste \u00c1reas tem\u00e1ticas: Cultivos, ganado, alimentos locales, salud del suelo \u00c1reas espec\u00edficas de especializaci\u00f3n: Cient\u00edfico de plantas, ciencia del suelo, horticultura Darron Gaus [&hellip;]<\/p>\n","protected":false},"author":1,"featured_media":0,"parent":0,"menu_order":0,"comment_status":"closed","ping_status":"closed","template":"","meta":{"_acf_changed":false,"_price":"","_stock":"","_tribe_ticket_header":"","_tribe_default_ticket_provider":"","_tribe_ticket_capacity":"0","_ticket_start_date":"","_ticket_end_date":"","_tribe_ticket_show_description":"","_tribe_ticket_show_not_going":false,"_tribe_ticket_use_global_stock":"","_tribe_ticket_global_stock_level":"","_global_stock_mode":"","_global_stock_cap":"","_tribe_rsvp_for_event":"","_tribe_ticket_going_count":"","_tribe_ticket_not_going_count":"","_tribe_tickets_list":"[]","_tribe_ticket_has_attendee_info_fields":false,"footnotes":"","beyondwords_generate_audio":"","beyondwords_integration_method":"","beyondwords_project_id":"","beyondwords_content_id":"","beyondwords_preview_token":"","beyondwords_player_content":"","beyondwords_player_style":"","beyondwords_language_code":"","beyondwords_language_id":"","beyondwords_title_voice_id":"","beyondwords_body_voice_id":"","beyondwords_summary_voice_id":"","beyondwords_error_message":"","beyondwords_disabled":"","beyondwords_delete_content":"","beyondwords_podcast_id":"","beyondwords_hash":"","publish_post_to_speechkit":"","speechkit_hash":"","speechkit_generate_audio":"","speechkit_project_id":"","speechkit_podcast_id":"","speechkit_error_message":"","speechkit_disabled":"","speechkit_access_key":"","speechkit_error":"","speechkit_info":"","speechkit_response":"","speechkit_retries":"","speechkit_status":"","speechkit_updated_at":"","_speechkit_link":"","_speechkit_text":"","_tec_slr_enabled":"","_tec_slr_layout":""},"categories":[],"tags":[],"class_list":["post-140402","page","type-page","status-publish","hentry"],"acf":[],"publishpress_future_workflow_manual_trigger":{"enabledWorkflows":[]},"distributor_meta":false,"distributor_terms":false,"distributor_media":false,"distributor_original_site_name":"ATTRA - Agricultura Sustentable","distributor_original_site_url":"https:\/\/attra.ncat.org\/es\/","push-errors":false,"ticketed":false,"_links":{"self":[{"href":"https:\/\/attra.ncat.org\/es\/wp-json\/wp\/v2\/pages\/140402","targetHints":{"allow":["GET"]}}],"collection":[{"href":"https:\/\/attra.ncat.org\/es\/wp-json\/wp\/v2\/pages"}],"about":[{"href":"https:\/\/attra.ncat.org\/es\/wp-json\/wp\/v2\/types\/page"}],"author":[{"embeddable":true,"href":"https:\/\/attra.ncat.org\/es\/wp-json\/wp\/v2\/users\/1"}],"replies":[{"embeddable":true,"href":"https:\/\/attra.ncat.org\/es\/wp-json\/wp\/v2\/comments?post=140402"}],"version-history":[{"count":1,"href":"https:\/\/attra.ncat.org\/es\/wp-json\/wp\/v2\/pages\/140402\/revisions"}],"predecessor-version":[{"id":140403,"href":"https:\/\/attra.ncat.org\/es\/wp-json\/wp\/v2\/pages\/140402\/revisions\/140403"}],"wp:attachment":[{"href":"https:\/\/attra.ncat.org\/es\/wp-json\/wp\/v2\/media?parent=140402"}],"wp:term":[{"taxonomy":"category","embeddable":true,"href":"https:\/\/attra.ncat.org\/es\/wp-json\/wp\/v2\/categories?post=140402"},{"taxonomy":"post_tag","embeddable":true,"href":"https:\/\/attra.ncat.org\/es\/wp-json\/wp\/v2\/tags?post=140402"}],"curies":[{"name":"wp","href":"https:\/\/api.w.org\/{rel}","templated":true}]}}