

{"id":140404,"date":"2022-05-19T11:59:23","date_gmt":"2022-05-19T16:59:23","guid":{"rendered":"https:\/\/attra.ncat.org\/roberto-maggiani\/"},"modified":"2022-05-19T11:59:23","modified_gmt":"2022-05-19T16:59:23","slug":"roberto-maggiani","status":"publish","type":"page","link":"https:\/\/attra.ncat.org\/es\/roberto-maggiani\/","title":{"rendered":"Roberto Maggiani"},"content":{"rendered":"<h3><img loading=\"lazy\" decoding=\"async\" class=\"alignright size-full wp-image-91686\" src=\"https:\/\/attra.ncat.org\/wp-content\/uploads\/2021\/05\/maggiani_robert500x500.jpg\" alt=\"\" width=\"350\" height=\"350\" srcset=\"https:\/\/attra.ncat.org\/wp-content\/uploads\/2021\/05\/maggiani_robert500x500.jpg 500w, https:\/\/attra.ncat.org\/wp-content\/uploads\/2021\/05\/maggiani_robert500x500-350x350.jpg 350w, https:\/\/attra.ncat.org\/wp-content\/uploads\/2021\/05\/maggiani_robert500x500-90x90.jpg 90w, https:\/\/attra.ncat.org\/wp-content\/uploads\/2021\/05\/maggiani_robert500x500-36x36.jpg 36w, https:\/\/attra.ncat.org\/wp-content\/uploads\/2021\/05\/maggiani_robert500x500-180x180.jpg 180w\" sizes=\"auto, (max-width: 350px) 100vw, 350px\" \/>Especialista en Agricultura Sostenible<br \/>\nOficina Regional del Suroeste<\/h3>\n<p><strong>\u00c1reas tem\u00e1ticas:<\/strong> Planificaci\u00f3n y comercializaci\u00f3n de negocios, Cultivos, Cultivos org\u00e1nicos, Equidad alimentaria, Alimentos locales, Pol\u00edtica<\/p>\n<p><strong>\u00c1reas espec\u00edficas de especializaci\u00f3n:<\/strong> Centros de alimentos, planificaci\u00f3n empresarial, presupuesto empresarial, investigaci\u00f3n de precios de productos frescos<\/p>\n<p>Robert Maggiani era un productor de vegetales org\u00e1nicos en Texas y M\u00e9xico. Ha dado presentaciones en cientos de talleres y conferencias sobre la producci\u00f3n y comercializaci\u00f3n de productos agr\u00edcolas en Texas, otros estados de Estados Unidos y M\u00e9xico. En el Centro Nacional de Tecnolog\u00eda Apropiada, su trabajo se centra en el desarrollo de sistemas alimentarios, capacitando a agricultores y ganaderos para que est\u00e9n listos para vender al por mayor a restaurantes, escuelas y otras instituciones.<\/p>\n<p><strong>Educaci\u00f3n:<\/strong><br \/>\nLicenciatura en Administraci\u00f3n de Empresas, Universidad de Texas en Austin<br \/>\nMaestr\u00eda en Ciencias, Administraci\u00f3n de Empresas, Universidad de Texas en Austin<\/p>\n<p>&nbsp;<\/p>\n<p><a class=\"qbutton\" href=\"https:\/\/attra.ncat.org\/es\/acerca-de\/nuestro-personal\/\">Volver a la p\u00e1gina del personal<\/a><\/p>\n<p>&nbsp;<\/p>\n","protected":false},"excerpt":{"rendered":"<p>Especialista en Agricultura Sostenible Oficina Regional del Suroeste \u00c1reas tem\u00e1ticas: Planificaci\u00f3n y comercializaci\u00f3n de negocios, Cultivos, Cultivos org\u00e1nicos, Equidad alimentaria, Alimentos locales, Pol\u00edtica \u00c1reas espec\u00edficas de especializaci\u00f3n: Centros de alimentos, [&hellip;]<\/p>\n","protected":false},"author":1,"featured_media":0,"parent":0,"menu_order":0,"comment_status":"closed","ping_status":"closed","template":"","meta":{"_acf_changed":false,"_price":"","_stock":"","_tribe_ticket_header":"","_tribe_default_ticket_provider":"","_tribe_ticket_capacity":"0","_ticket_start_date":"","_ticket_end_date":"","_tribe_ticket_show_description":"","_tribe_ticket_show_not_going":false,"_tribe_ticket_use_global_stock":"","_tribe_ticket_global_stock_level":"","_global_stock_mode":"","_global_stock_cap":"","_tribe_rsvp_for_event":"","_tribe_ticket_going_count":"","_tribe_ticket_not_going_count":"","_tribe_tickets_list":"[]","_tribe_ticket_has_attendee_info_fields":false,"footnotes":"","beyondwords_generate_audio":"","beyondwords_integration_method":"","beyondwords_project_id":"","beyondwords_content_id":"","beyondwords_preview_token":"","beyondwords_player_content":"","beyondwords_player_style":"","beyondwords_language_code":"","beyondwords_language_id":"","beyondwords_title_voice_id":"","beyondwords_body_voice_id":"","beyondwords_summary_voice_id":"","beyondwords_error_message":"","beyondwords_disabled":"","beyondwords_delete_content":"","beyondwords_podcast_id":"","beyondwords_hash":"","publish_post_to_speechkit":"","speechkit_hash":"","speechkit_generate_audio":"","speechkit_project_id":"","speechkit_podcast_id":"","speechkit_error_message":"","speechkit_disabled":"","speechkit_access_key":"","speechkit_error":"","speechkit_info":"","speechkit_response":"","speechkit_retries":"","speechkit_status":"","speechkit_updated_at":"","_speechkit_link":"","_speechkit_text":"","_tec_slr_enabled":"","_tec_slr_layout":""},"categories":[],"tags":[],"class_list":["post-140404","page","type-page","status-publish","hentry"],"acf":[],"publishpress_future_workflow_manual_trigger":{"enabledWorkflows":[]},"distributor_meta":false,"distributor_terms":false,"distributor_media":false,"distributor_original_site_name":"ATTRA - Agricultura Sustentable","distributor_original_site_url":"https:\/\/attra.ncat.org\/es\/","push-errors":false,"ticketed":false,"_links":{"self":[{"href":"https:\/\/attra.ncat.org\/es\/wp-json\/wp\/v2\/pages\/140404","targetHints":{"allow":["GET"]}}],"collection":[{"href":"https:\/\/attra.ncat.org\/es\/wp-json\/wp\/v2\/pages"}],"about":[{"href":"https:\/\/attra.ncat.org\/es\/wp-json\/wp\/v2\/types\/page"}],"author":[{"embeddable":true,"href":"https:\/\/attra.ncat.org\/es\/wp-json\/wp\/v2\/users\/1"}],"replies":[{"embeddable":true,"href":"https:\/\/attra.ncat.org\/es\/wp-json\/wp\/v2\/comments?post=140404"}],"version-history":[{"count":0,"href":"https:\/\/attra.ncat.org\/es\/wp-json\/wp\/v2\/pages\/140404\/revisions"}],"wp:attachment":[{"href":"https:\/\/attra.ncat.org\/es\/wp-json\/wp\/v2\/media?parent=140404"}],"wp:term":[{"taxonomy":"category","embeddable":true,"href":"https:\/\/attra.ncat.org\/es\/wp-json\/wp\/v2\/categories?post=140404"},{"taxonomy":"post_tag","embeddable":true,"href":"https:\/\/attra.ncat.org\/es\/wp-json\/wp\/v2\/tags?post=140404"}],"curies":[{"name":"wp","href":"https:\/\/api.w.org\/{rel}","templated":true}]}}