

{"id":140432,"date":"2022-05-19T12:08:43","date_gmt":"2022-05-19T17:08:43","guid":{"rendered":"https:\/\/attra.ncat.org\/rock-woods-2\/"},"modified":"2022-05-19T12:08:43","modified_gmt":"2022-05-19T17:08:43","slug":"rock-woods-2","status":"publish","type":"page","link":"https:\/\/attra.ncat.org\/es\/rock-woods-2\/","title":{"rendered":"Rock Woods"},"content":{"rendered":"<h3><img loading=\"lazy\" decoding=\"async\" class=\"size-medium wp-image-93741 alignright\" src=\"https:\/\/attra.ncat.org\/wp-content\/uploads\/2021\/07\/woods_rock-300x300.png\" alt=\"\" width=\"300\" height=\"300\">Director Regional de los Estados del Golfo<br \/>\nOficina Regional de los Estados del Golfo<\/h3>\n<p><strong>\u00c1reas tem\u00e1ticas:<\/strong><br \/>\nPlanificaci\u00f3n empresarial, Cultivos, Equidad alimentaria, Alimentos locales<\/p>\n<p><strong>\u00c1reas espec\u00edficas de especializaci\u00f3n:<\/strong><br \/>\nProducci\u00f3n de cultivos hort\u00edcolas, solicitudes de pr\u00e9stamos de la FSA, gesti\u00f3n y planificaci\u00f3n empresarial, gesti\u00f3n de riesgos<\/p>\n<p>Rock Woods se desempe\u00f1\u00f3 como coordinador de extensi\u00f3n regional en el Delta del Mississippi para la Universidad Estatal de Alcorn antes de unirse a NCAT. Facilit\u00f3 una colaboraci\u00f3n entre la Universidad Estatal de Alcorn y United Health Care para desarrollar el programa Farm to Fork, para proporcionar verduras frescas cultivadas localmente a los clientes asegurados de United Health Care. Tambi\u00e9n colabor\u00f3 \u200b\u200bcon otras agencias para obtener fondos para sitios fuera del campus, desarrollar e implementar programas educativos, eventos y actividades para educadores agr\u00edcolas; y proporcionar liderazgo y administraci\u00f3n para los sitios fuera del campus mediante la planificaci\u00f3n de d\u00edas de campo y conferencias para brindar a las audiencias de recursos limitados conocimientos sobre extensi\u00f3n y otros programas. Rock es agricultor de soya de cuarta generaci\u00f3n en el delta del Mississippi.<\/p>\n<p><strong>Educaci\u00f3n:<\/strong><br \/>\nLicenciatura en Ciencias en Gesti\u00f3n de Agronegocios, Alcorn State University<br \/>\nMaestr\u00eda en Ciencias Econom\u00eda Agr\u00edcola, Alcorn State University<\/p>\n<p><strong>Publicaciones y presentaciones destacadas:<\/strong><br \/>\n<a href=\"https:\/\/attra.ncat.org\/episode-152-starting-a-farm\/\">Podcast Episodio 152. Iniciar una granja<\/a><\/p>\n<p><a href=\"https:\/\/attra.ncat.org\/episode-162-starting-a-farm-soil-considerations\/\">Podcast Episodio 162. Iniciar una granja: consideraciones sobre el suelo<\/a><\/p>\n<p><a href=\"https:\/\/attra.ncat.org\/episode-176-starting-a-farm-water-issues\/\">Podcast Episodio 176. Iniciar una granja: problemas relacionados con el agua<\/a><\/p>\n<p><a href=\"https:\/\/attra.ncat.org\/episode-181-pandemics-and-the-farm\/\">Podcast Episodio 181. Las pandemias y la granja<\/a><\/p>\n<p>&nbsp;<\/p>\n<p><a class=\"qbutton\" href=\"https:\/\/attra.ncat.org\/es\/acerca-de\/nuestro-personal\/\">Volver a la p\u00e1gina del personal<\/a><\/p>\n<p>&nbsp;<\/p>\n","protected":false},"excerpt":{"rendered":"<p>Director Regional de los Estados del Golfo Oficina Regional de los Estados del Golfo \u00c1reas tem\u00e1ticas: Planificaci\u00f3n empresarial, Cultivos, Equidad alimentaria, Alimentos locales \u00c1reas espec\u00edficas de especializaci\u00f3n: Producci\u00f3n de cultivos [&hellip;]<\/p>\n","protected":false},"author":1,"featured_media":0,"parent":0,"menu_order":0,"comment_status":"closed","ping_status":"closed","template":"","meta":{"_acf_changed":false,"_price":"","_stock":"","_tribe_ticket_header":"","_tribe_default_ticket_provider":"","_tribe_ticket_capacity":"0","_ticket_start_date":"","_ticket_end_date":"","_tribe_ticket_show_description":"","_tribe_ticket_show_not_going":false,"_tribe_ticket_use_global_stock":"","_tribe_ticket_global_stock_level":"","_global_stock_mode":"","_global_stock_cap":"","_tribe_rsvp_for_event":"","_tribe_ticket_going_count":"","_tribe_ticket_not_going_count":"","_tribe_tickets_list":"[]","_tribe_ticket_has_attendee_info_fields":false,"footnotes":"","beyondwords_generate_audio":"","beyondwords_integration_method":"","beyondwords_project_id":"","beyondwords_content_id":"","beyondwords_preview_token":"","beyondwords_player_content":"","beyondwords_player_style":"","beyondwords_language_code":"","beyondwords_language_id":"","beyondwords_title_voice_id":"","beyondwords_body_voice_id":"","beyondwords_summary_voice_id":"","beyondwords_error_message":"","beyondwords_disabled":"","beyondwords_delete_content":"","beyondwords_podcast_id":"","beyondwords_hash":"","publish_post_to_speechkit":"","speechkit_hash":"","speechkit_generate_audio":"","speechkit_project_id":"","speechkit_podcast_id":"","speechkit_error_message":"","speechkit_disabled":"","speechkit_access_key":"","speechkit_error":"","speechkit_info":"","speechkit_response":"","speechkit_retries":"","speechkit_status":"","speechkit_updated_at":"","_speechkit_link":"","_speechkit_text":"","_tec_slr_enabled":"","_tec_slr_layout":""},"categories":[],"tags":[],"class_list":["post-140432","page","type-page","status-publish","hentry"],"acf":[],"publishpress_future_workflow_manual_trigger":{"enabledWorkflows":[]},"distributor_meta":false,"distributor_terms":false,"distributor_media":false,"distributor_original_site_name":"ATTRA - Agricultura Sustentable","distributor_original_site_url":"https:\/\/attra.ncat.org\/es\/","push-errors":false,"ticketed":false,"_links":{"self":[{"href":"https:\/\/attra.ncat.org\/es\/wp-json\/wp\/v2\/pages\/140432","targetHints":{"allow":["GET"]}}],"collection":[{"href":"https:\/\/attra.ncat.org\/es\/wp-json\/wp\/v2\/pages"}],"about":[{"href":"https:\/\/attra.ncat.org\/es\/wp-json\/wp\/v2\/types\/page"}],"author":[{"embeddable":true,"href":"https:\/\/attra.ncat.org\/es\/wp-json\/wp\/v2\/users\/1"}],"replies":[{"embeddable":true,"href":"https:\/\/attra.ncat.org\/es\/wp-json\/wp\/v2\/comments?post=140432"}],"version-history":[{"count":0,"href":"https:\/\/attra.ncat.org\/es\/wp-json\/wp\/v2\/pages\/140432\/revisions"}],"wp:attachment":[{"href":"https:\/\/attra.ncat.org\/es\/wp-json\/wp\/v2\/media?parent=140432"}],"wp:term":[{"taxonomy":"category","embeddable":true,"href":"https:\/\/attra.ncat.org\/es\/wp-json\/wp\/v2\/categories?post=140432"},{"taxonomy":"post_tag","embeddable":true,"href":"https:\/\/attra.ncat.org\/es\/wp-json\/wp\/v2\/tags?post=140432"}],"curies":[{"name":"wp","href":"https:\/\/api.w.org\/{rel}","templated":true}]}}